{"id":8200,"date":"1970-01-01T00:00:00","date_gmt":"1970-01-01T00:00:00","guid":{"rendered":"https:\/\/elfsight.com\/pt\/?page_id=8200"},"modified":"2024-11-12T15:27:54","modified_gmt":"2024-11-12T15:27:54","slug":"jimdo","status":"publish","type":"page","link":"https:\/\/elfsight.com\/pt\/team-showcase-widget\/jimdo\/","title":{"rendered":"Team Showcase &#8211; Jimdo"},"content":{"rendered":"<div class=\"application-platform-content-item-description application-platform-content-item\" id=\"description\" data-nav-section=\"description\"><h2>Descri\u00e7\u00e3o<\/h2> <p>Este widget se tornar\u00e1 a maneira mais f\u00e1cil de usar para exibir sua equipe em seu site. Nosso widget ajudar\u00e1 a apresentar as fotos e fun\u00e7\u00f5es de qualquer tipo de equipe: parceiros de neg\u00f3cios, membros de equipes esportivas, professores, funcion\u00e1rios de empresas e qualquer outro. Mostre uma foto, adicione dados de contato e um texto impressionante sobre cada pessoa. Os usu\u00e1rios ter\u00e3o a oportunidade de entrar em contato com eles em um momento por meio de links ativos ou \u00edcones de m\u00eddia social. Voc\u00ea tem liberdade para estabelecer categorias e mostrar o enquadramento da sua equipe, escolher layout, cores e muito mais. Aumente a credibilidade do seu neg\u00f3cio, mostrando a sua face humana! <\/p> <p><b>Torne seu site mais eficaz para alvos de com\u00e9rcio eletr\u00f4nico com o Team Showcase.<\/b><\/p> <\/div> <div class=\"application-platform-content-item-features application-platform-content-item\" id=\"features\" data-nav-section=\"features\"> <h2>O widget principal os recursos incluem<\/h2> <ul><li>Mostrar a cada membro da equipe informa\u00e7\u00f5es de contato, texto detalhado, posi\u00e7\u00e3o e foto<\/li><li>Op\u00e7\u00e3o para adicionar membros ilimitados \u00e0 equipe<\/li><li>\u00cdcones clic\u00e1veis das m\u00eddias sociais para acessar o perfil de uma pessoa<\/li><li>Endere\u00e7o de e-mail clic\u00e1vel e link do site<\/li><li>O endere\u00e7o do local abre no Google Maps ao clicar<\/li><li>O pop-up abre ao clicar com texto completo detalhes sobre uma pessoa<\/li><li>Op\u00e7\u00e3o para adicionar uma cota\u00e7\u00e3o para cada pessoa atrav\u00e9s de um campo de texto com op\u00e7\u00f5es de formata\u00e7\u00e3o<\/li><li>Enviar uma foto em todos os formatos populares<\/li><\/ul><p><a href=\"#demo\">Basta verificar esta demonstra\u00e7\u00e3o para entender a funcionalidade do widget<\/a><\/p> <\/div> <div class=\"application-platform-content-item-installation application-platform-content-item\" id=\"installation\" data-nav-section=\"installation\"> <h2>Como posso incorporar o Team Showcase no meu site Jimdo? <\/h2> <p>Basta seguir os passos abaixo para ativar o widget. <\/p> <ol><li><b>Abra nosso editor gratuito e comece a moldar seu widget personalizado. <\/b><br> Especifique o design personalizado e os par\u00e2metros do widget e salve as modifica\u00e7\u00f5es. <\/li> <li><b>Copie o seu c\u00f3digo exclusivo que aparece na caixa nas aplica\u00e7\u00f5es Elfsight. <\/b><br> Logo ap\u00f3s a gera\u00e7\u00e3o do seu widget pessoal, copie o c\u00f3digo exclusivo na janela e salve-o para futuras necessidades. <\/li> <li><b>Comece a usar a ferramenta no seu site Jimdo. <\/b><br> Insira o c\u00f3digo que voc\u00ea copiou recentemente em sua p\u00e1gina web e salve as melhorias. <\/li> <li><b>A configura\u00e7\u00e3o foi totalmente executada. <\/b><br> Visite seu site para examinar o funcionamento do widget. <\/li><\/ol> <p>Caso tenha d\u00favidas ou encontre algum obst\u00e1culo, n\u00e3o hesite em entrar em contato com nossa equipe de atendimento ao cliente. Nossos consultores est\u00e3o ansiosos para ajud\u00e1-lo com todas as d\u00favidas que voc\u00ea possa ter sobre o widget. <\/p> <div class=\"faq\" data-component=\"FAQ\"><div class=\"faq-item\">\r\n\t\t\t\t\t<div class=\"faq-item-question\">\r\n\t\t\t\t\t\t<h3 class=\"faq-item-question-text\">De que maneira posso adicionar o Team Showcase \u00e0 minha p\u00e1gina Jimdo sem conhecimentos de codifica\u00e7\u00e3o?<\/h3>\r\n\r\n\t\t\t\t\t\t<div class=\"faq-item-question-icon\"><\/div>\r\n\t\t\t\t\t<\/div>\r\n\r\n\t\t\t\t\t<div class=\"faq-item-answer\">\r\n\t\t\t\t\t\t<div class=\"faq-item-answer-text\"> <p>A empresa Elfsight fornece uma solu\u00e7\u00e3o SaaS que permite que as pessoas criem voc\u00ea mesmo um aplicativo Team Showcase, verifique como o processo \u00e9 f\u00e1cil: Trabalhe no Editor on-line para estabelecer uma se\u00e7\u00e3o Team Showcase que voc\u00ea gostaria de integrar na p\u00e1gina inicial do Jimdo. Clique em um de nossos modelos pr\u00e9-fabricados e modifique as configura\u00e7\u00f5es do Team Showcase, inclua seu conte\u00fado, transforme o layout e as cores sem qualquer experi\u00eancia em codifica\u00e7\u00e3o. Clique para salvar o Team Showcase e obter seu c\u00f3digo de instala\u00e7\u00e3o, que voc\u00ea pode adicionar facilmente a qualquer p\u00e1gina do Jimdo sem a necessidade de adquirir um plano pago. Com a ajuda do configurador f\u00e1cil de usar, qualquer usu\u00e1rio da web pode criar um aplicativo Team Showcase online e adicion\u00e1-lo facilmente ao site Jimdo. N\u00e3o \u00e9 necess\u00e1rio pagar ou enviar as credenciais do seu cart\u00e3o para acessar nosso Editor. Se voc\u00ea enfrentar qualquer problema em qualquer etapa, n\u00e3o hesite em entrar em contato com nosso suporte ao cliente.<\/p> <\/div>\r\n\t\t\t\t\t<\/div>\r\n\t\t\t\t<\/div> <\/div><\/div>","protected":false},"excerpt":{"rendered":"","protected":false},"author":9,"featured_media":0,"parent":855,"menu_order":0,"comment_status":"closed","ping_status":"closed","template":"templates\/template-application-platform.php","meta":{"publish_to_discourse":"","publish_post_category":"","wpdc_auto_publish_overridden":"","wpdc_topic_tags":"","wpdc_pin_topic":"","wpdc_pin_until":"","discourse_post_id":"","discourse_permalink":"","wpdc_publishing_response":"","wpdc_publishing_error":"","footnotes":""},"class_list":["post-8200","page","type-page","status-publish","hentry"],"yoast_head":"<!-- This site is optimized with the Yoast SEO plugin v25.3.1 - https:\/\/yoast.com\/wordpress\/plugins\/seo\/ -->\n<title>Adicionar widget Team Showcase ao site Jimdo (r\u00e1pido e gratuito)<\/title>\n<meta name=\"description\" content=\"\u00c9 perfeitamente simples projetar seu widget Team Showcase e coloc\u00e1-lo no site Jimdo. O atendimento ao cliente da Elfsight \u00e9 gratuito.\" \/>\n<meta name=\"robots\" content=\"index, follow, max-snippet:-1, max-image-preview:large, max-video-preview:-1\" \/>\n<link rel=\"canonical\" href=\"https:\/\/elfsight.com\/pt\/team-showcase-widget\/jimdo\/\" \/>\n<meta property=\"og:locale\" content=\"pt_PT\" \/>\n<meta property=\"og:type\" content=\"article\" \/>\n<meta property=\"og:title\" content=\"Adicionar widget Team Showcase ao site Jimdo (r\u00e1pido e gratuito)\" \/>\n<meta property=\"og:description\" content=\"\u00c9 perfeitamente simples projetar seu widget Team Showcase e coloc\u00e1-lo no site Jimdo. O atendimento ao cliente da Elfsight \u00e9 gratuito.\" \/>\n<meta property=\"og:url\" content=\"https:\/\/elfsight.com\/pt\/team-showcase-widget\/jimdo\/\" \/>\n<meta property=\"og:site_name\" content=\"Elfsight PT\" \/>\n<meta property=\"article:modified_time\" content=\"2024-11-12T15:27:54+00:00\" \/>\n<meta name=\"twitter:card\" content=\"summary_large_image\" \/>\n<meta name=\"twitter:label1\" content=\"Tempo estimado de leitura\" \/>\n\t<meta name=\"twitter:data1\" content=\"3 minutos\" \/>\n<!-- \/ Yoast SEO plugin. -->","yoast_head_json":{"title":"Adicionar widget Team Showcase ao site Jimdo (r\u00e1pido e gratuito)","description":"\u00c9 perfeitamente simples projetar seu widget Team Showcase e coloc\u00e1-lo no site Jimdo. O atendimento ao cliente da Elfsight \u00e9 gratuito.","robots":{"index":"index","follow":"follow","max-snippet":"max-snippet:-1","max-image-preview":"max-image-preview:large","max-video-preview":"max-video-preview:-1"},"canonical":"https:\/\/elfsight.com\/pt\/team-showcase-widget\/jimdo\/","og_locale":"pt_PT","og_type":"article","og_title":"Adicionar widget Team Showcase ao site Jimdo (r\u00e1pido e gratuito)","og_description":"\u00c9 perfeitamente simples projetar seu widget Team Showcase e coloc\u00e1-lo no site Jimdo. O atendimento ao cliente da Elfsight \u00e9 gratuito.","og_url":"https:\/\/elfsight.com\/pt\/team-showcase-widget\/jimdo\/","og_site_name":"Elfsight PT","article_modified_time":"2024-11-12T15:27:54+00:00","twitter_card":"summary_large_image","twitter_misc":{"Tempo estimado de leitura":"3 minutos"},"schema":{"@context":"https:\/\/schema.org","@graph":[{"@type":"WebPage","@id":"https:\/\/elfsight.com\/pt\/team-showcase-widget\/jimdo\/","url":"https:\/\/elfsight.com\/pt\/team-showcase-widget\/jimdo\/","name":"Adicionar widget Team Showcase ao site Jimdo (r\u00e1pido e gratuito)","isPartOf":{"@id":"https:\/\/elfsight.com\/pt\/#website"},"datePublished":"1970-01-01T00:00:00+00:00","dateModified":"2024-11-12T15:27:54+00:00","description":"\u00c9 perfeitamente simples projetar seu widget Team Showcase e coloc\u00e1-lo no site Jimdo. O atendimento ao cliente da Elfsight \u00e9 gratuito.","breadcrumb":{"@id":"https:\/\/elfsight.com\/pt\/team-showcase-widget\/jimdo\/#breadcrumb"},"inLanguage":"pt-PT","potentialAction":[{"@type":"ReadAction","target":["https:\/\/elfsight.com\/pt\/team-showcase-widget\/jimdo\/"]}]},{"@type":"BreadcrumbList","@id":"https:\/\/elfsight.com\/pt\/team-showcase-widget\/jimdo\/#breadcrumb","itemListElement":[{"@type":"ListItem","position":1,"name":"Home","item":"https:\/\/elfsight.com\/pt\/"},{"@type":"ListItem","position":2,"name":"Team Showcase","item":"https:\/\/elfsight.com\/pt\/team-showcase-widget\/"},{"@type":"ListItem","position":3,"name":"Team Showcase &#8211; Jimdo"}]},{"@type":"WebSite","@id":"https:\/\/elfsight.com\/pt\/#website","url":"https:\/\/elfsight.com\/pt\/","name":"Elfsight PT","description":"Just another Elfsight Sites site","potentialAction":[{"@type":"SearchAction","target":{"@type":"EntryPoint","urlTemplate":"https:\/\/elfsight.com\/pt\/?s={search_term_string}"},"query-input":{"@type":"PropertyValueSpecification","valueRequired":true,"valueName":"search_term_string"}}],"inLanguage":"pt-PT"}]}},"meta_box":{"industry":"","seo_heading":"","heading":"","description":"","cta_heading":"","cta_description":"","application":"854","h1":"Widget Jimdo Team Showcase","h1_caption":"Mostre \u00e0 sua equipe detalhes importantes por meio de um widget flex\u00edvel","application_category":[],"applications_title":"","applications_request_title":"","applications_request_button_text":"","hero_text":"","hero_video":"","hero_video_schema_markup":"","selling_points_title":"","selling_points_caption":"","selling_points":[],"selling_points_cta_text":"","features_title":"","features":"","ed_cta_examples_text":"","ed_cta_examples_hidden":"","ed_cta_demo_text":"","ed_cta_demo_hidden":"","why_caption":"","why_editor_title":"","why_editor_text":"","why_team_title":"","why_team_text":"","why_service_title":"","why_service_text":"","template_catalog_visible":"","template_catalog_title":"","template_catalog_text":"","template_catalog_categories_visible":"","demo_title":"Crie seu widget de demonstra\u00e7\u00e3o de equipe","demo_caption":"Configure seu Team Showcase e adicione-o ao seu site Jimdo gratuitamente!","default_faq_hidden":"","app_template_category":[],"platform":"5393","template_public_id":"","codecanyon_url":"","codecanyon_item_id":"","codecanyon_price":"","pricing_caption":"","pricing_elfsight_apps_hide_column":"","pricing_elfsight_apps_url":"","pricing_codecanyon_price_caption":"","integration_category":[],"integration_request_title":"","integration_request_cta":"","integration_platform":"","integrations":[],"platform_category":[],"video_schema_markup":"","price":"a partir de US$ 0\/m\u00eas","trial":"","benefits":[{"text":"Ajuda de instala\u00e7\u00e3o gratuita"},{"text":"Suporte excepcional"},{"text":"Garantia de reembolso de 14 dias"},{"text":"Futuras melhorias gratuitas"}],"button_url":"#demo","button_target_blank":"","button_nofollow":"","attributes":[{"name":"Instala\u00e7\u00f5es","content":"10,000 - 100,000"},{"name":"Responsivo","content":"Sim"},{"name":"Navegadores compat\u00edveis","content":" Firefox, Safari, Opera, Chrome, Edge"}],"tags":[],"tags_disable_links":"","hide_more_platforms":"","video_object":"","demo_hide_cta":"","demo_hide_cloud_options":"","pricing_title":"","pricing":[{"pricing_icon":"platform","pricing_title":"Elfsight Apps","pricing_title_caption":"Solu\u00e7\u00e3o independente de plataforma","pricing_price":"a partir de US$ 0\/m\u00eas","pricing_price_caption":"comece com um plano gratuito","pricing_benefits":[{"text":"Sites ilimitados"},{"text":"Suporte gratuito"},{"text":"Suporte gratuito"},{"text":"Totalmente personaliz\u00e1vel"}],"pricing_button_text":"Adicionar ao site","pricing_button_url":"#demo"}],"related_apps_title":"","related_apps_hidden":"","author":"","image":[],"title":"","job":"","social_networks":[]},"_links":{"self":[{"href":"https:\/\/elfsight.com\/pt\/wp-json\/wp\/v2\/pages\/8200","targetHints":{"allow":["GET"]}}],"collection":[{"href":"https:\/\/elfsight.com\/pt\/wp-json\/wp\/v2\/pages"}],"about":[{"href":"https:\/\/elfsight.com\/pt\/wp-json\/wp\/v2\/types\/page"}],"author":[{"embeddable":true,"href":"https:\/\/elfsight.com\/pt\/wp-json\/wp\/v2\/users\/9"}],"replies":[{"embeddable":true,"href":"https:\/\/elfsight.com\/pt\/wp-json\/wp\/v2\/comments?post=8200"}],"version-history":[{"count":1,"href":"https:\/\/elfsight.com\/pt\/wp-json\/wp\/v2\/pages\/8200\/revisions"}],"predecessor-version":[{"id":8204,"href":"https:\/\/elfsight.com\/pt\/wp-json\/wp\/v2\/pages\/8200\/revisions\/8204"}],"up":[{"embeddable":true,"href":"https:\/\/elfsight.com\/pt\/wp-json\/wp\/v2\/pages\/855"}],"wp:attachment":[{"href":"https:\/\/elfsight.com\/pt\/wp-json\/wp\/v2\/media?parent=8200"}],"curies":[{"name":"wp","href":"https:\/\/api.w.org\/{rel}","templated":true}]}}