{"id":8194,"date":"1970-01-01T00:00:00","date_gmt":"1970-01-01T00:00:00","guid":{"rendered":"https:\/\/elfsight.com\/pt\/?page_id=8194"},"modified":"2025-03-04T05:52:02","modified_gmt":"2025-03-04T05:52:02","slug":"bigcommerce","status":"publish","type":"page","link":"https:\/\/elfsight.com\/pt\/subscription-form-widget\/bigcommerce\/","title":{"rendered":"Subscription Form &#8211; BigCommerce"},"content":{"rendered":"\n<div class=\"application-platform-content-item-description application-platform-content-item\" id=\"description\" data-nav-section=\"description\"> <h2>Descri\u00e7\u00e3o<\/h2> <p>O Formul\u00e1rio de Inscri\u00e7\u00e3o para BigCommerce \u00e9 um aplicativo \u00fatil que oferece a oportunidade de coletar e-mails. Nossa ferramenta lhe d\u00e1 a oportunidade n\u00e3o apenas de construir sua lista de e-mail, mas de faz\u00ea-lo de forma eficiente &#8211; voc\u00ea \u00e9 livre para adicionar uma legenda informativa \u00e0 se\u00e7\u00e3o principal, solicitar o nome, sobrenome, endere\u00e7o de e-mail ou simplific\u00e1-lo e manter apenas um campo de e-mail e acompanhe-o com um r\u00f3tulo explicativo e um espa\u00e7o reservado. Voc\u00ea tamb\u00e9m ter\u00e1 a oportunidade de conectar seu aplicativo Formul\u00e1rio de Assinatura ao servi\u00e7o Mailchimp. E com a ajuda de um dos quatro layouts prontos para uso oferecidos, voc\u00ea criar\u00e1 o aplicativo que funciona exatamente para voc\u00ea. <\/p> <p><b>Exiba seu formul\u00e1rio de inscri\u00e7\u00e3o para o p\u00fablico-alvo nas p\u00e1ginas adequadas do seu site e evite que eles saiam do site! <\/b><\/p> <\/div> <div class=\"application-platform-content-item-features application-platform-content-item\" id=\"features\" data-nav-section=\"features\"> <h2>Encontre abaixo os recursos fundamentais do widget:<\/h2> <ul><li>Junte uma se\u00e7\u00e3o principal com uma legenda informativa. <\/li><li>Conecte seu formul\u00e1rio ao servi\u00e7o Mailchimp.<\/li><li>Baixe sua lista de e-mail em formato CSV. <\/li><li>Campos de formul\u00e1rio personaliz\u00e1veis. <\/li><li>4 modelos de layout para selecionar: Painel, Pop-up, Side-in, Incorporado. <\/li><\/ul><p><a href=\"#demo\">Experimente todos os recursos de personaliza\u00e7\u00e3o na demonstra\u00e7\u00e3o completa<\/a><\/p> <\/div> <div class=\"application-platform-content-item-installation application-platform-content-item\" id=\"installation\" data-nav-section=\"installation\"> <h2>Como adiciono o formul\u00e1rio de inscri\u00e7\u00e3o ao meu site BigCommerce? <\/h2> <p>Basta seguir as instru\u00e7\u00f5es abaixo para come\u00e7ar a usar a ferramenta. <\/p> <ol><li><b>Gerencie nossa demonstra\u00e7\u00e3o gratuita e comece a criar seu aplicativo personalizado. <\/b><br> Encontre a interface personalizada e os par\u00e2metros do aplicativo e aplique as edi\u00e7\u00f5es. <\/li> <li><b>Copie o seu c\u00f3digo individual que aparece na caixa nas aplica\u00e7\u00f5es Elfsight. <\/b><br> Quando a cria\u00e7\u00e3o do seu aplicativo pessoal for conclu\u00edda, copie o c\u00f3digo individual na janela exibida e guarde-o para uso posterior. <\/li> <li><b>Inicie a utiliza\u00e7\u00e3o da ferramenta em seu site BigCommerce. <\/b><br> Implemente o c\u00f3digo salvo recentemente em seu site e salve as melhorias. <\/li> <li><b>A instala\u00e7\u00e3o foi totalmente realizada. <\/b><br> Visite sua p\u00e1gina para examinar o desempenho do aplicativo. <\/li><\/ol> <p>Caso tenha d\u00favidas ou encontre alguma dificuldade, n\u00e3o hesite em recorrer \u00e0 nossa equipe de atendimento ao cliente. Nossos especialistas desejam ajud\u00e1-lo com todos os problemas que voc\u00ea possa ter com o plugin. <\/p> <div class=\"faq\" data-component=\"FAQ\"> <div class=\"faq-item\">\r\n\t\t\t\t\t<div class=\"faq-item-question\">\r\n\t\t\t\t\t\t<h3 class=\"faq-item-question-text\">Como posso adicionar o Form Builder ao meu site BigCommerce sem habilidades de codifica\u00e7\u00e3o?<\/h3>\r\n\r\n\t\t\t\t\t\t<div class=\"faq-item-question-icon\"><\/div>\r\n\t\t\t\t\t<\/div>\r\n\r\n\t\t\t\t\t<div class=\"faq-item-answer\">\r\n\t\t\t\t\t\t<div class=\"faq-item-answer-text\"> <p>A Elfsight fornece uma solu\u00e7\u00e3o SaaS que permite que voc\u00ea mesmo crie um widget Form Builder, veja como \u00e9 f\u00e1cil O processo \u00e9: Trabalhe diretamente no Editor online para criar um widget Form Builder que voc\u00ea gostaria de ver em seu site BigCommerce. Escolha um dos modelos predefinidos e ajuste as configura\u00e7\u00f5es do Form Builder, adicione seu conte\u00fado, altere o layout e as cores sem nenhuma habilidade de codifica\u00e7\u00e3o. Salve o Form Builder e copie seu c\u00f3digo de instala\u00e7\u00e3o, que voc\u00ea pode colar facilmente no seu site BigCommerce sem comprar um plano pago. Com nosso editor intuitivo, qualquer usu\u00e1rio da Internet pode criar um widget Form Builder online e incorpor\u00e1-lo facilmente ao seu site BigCommerce. N\u00e3o h\u00e1 necessidade de pagar ou inserir as credenciais do seu cart\u00e3o para acessar o servi\u00e7o. Se voc\u00ea enfrentar qualquer problema em qualquer etapa, n\u00e3o hesite em entrar em contato com nossa equipe de suporte t\u00e9cnico.<\/p> <\/div>\r\n\t\t\t\t\t<\/div>\r\n\t\t\t\t<\/div> <div class=\"faq-item\">\r\n\t\t\t\t\t<div class=\"faq-item-question\">\r\n\t\t\t\t\t\t<h3 class=\"faq-item-question-text\">Voc\u00eas fornecem modelos de formul\u00e1rio de assinatura para o site BigCommerce?<\/h3>\r\n\r\n\t\t\t\t\t\t<div class=\"faq-item-question-icon\"><\/div>\r\n\t\t\t\t\t<\/div>\r\n\r\n\t\t\t\t\t<div class=\"faq-item-answer\">\r\n\t\t\t\t\t\t<div class=\"faq-item-answer-text\"><p>Sim, existem mais de 300 modelos prontos para usar para voc\u00ea escolher. Experimente os <a href=\"https:\/\/elfsight.com\/online-form-builder\/templates\/subscription-forms\/\">modelos de formul\u00e1rio de inscri\u00e7\u00e3o<\/a> e diga-nos qual voc\u00ea mais gosta.<\/p><\/div>\r\n\t\t\t\t\t<\/div>\r\n\t\t\t\t<\/div><\/div> <\/div>\n","protected":false},"excerpt":{"rendered":"","protected":false},"author":9,"featured_media":0,"parent":1437,"menu_order":0,"comment_status":"closed","ping_status":"closed","template":"templates\/template-application-platform.php","meta":{"publish_to_discourse":"","publish_post_category":"","wpdc_auto_publish_overridden":"","wpdc_topic_tags":"","wpdc_pin_topic":"","wpdc_pin_until":"","discourse_post_id":"","discourse_permalink":"","wpdc_publishing_response":"","wpdc_publishing_error":"","footnotes":""},"class_list":["post-8194","page","type-page","status-publish","hentry"],"yoast_head":"<!-- This site is optimized with the Yoast SEO plugin v25.3.1 - https:\/\/yoast.com\/wordpress\/plugins\/seo\/ -->\n<title>Adicionar widget de formul\u00e1rio de assinatura ao site BigCommerce (r\u00e1pido e gratuito)<\/title>\n<meta name=\"description\" content=\"Adicione o widget Formul\u00e1rio de assinatura do BigCommerce ao seu site. Projete todos os campos, selecione um dos 4 modelos de layout prontos e muito mais.\" \/>\n<meta name=\"robots\" content=\"index, follow, max-snippet:-1, max-image-preview:large, max-video-preview:-1\" \/>\n<link rel=\"canonical\" href=\"https:\/\/elfsight.com\/pt\/subscription-form-widget\/bigcommerce\/\" \/>\n<meta property=\"og:locale\" content=\"pt_PT\" \/>\n<meta property=\"og:type\" content=\"article\" \/>\n<meta property=\"og:title\" content=\"Adicionar widget de formul\u00e1rio de assinatura ao site BigCommerce (r\u00e1pido e gratuito)\" \/>\n<meta property=\"og:description\" content=\"Adicione o widget Formul\u00e1rio de assinatura do BigCommerce ao seu site. Projete todos os campos, selecione um dos 4 modelos de layout prontos e muito mais.\" \/>\n<meta property=\"og:url\" content=\"https:\/\/elfsight.com\/pt\/subscription-form-widget\/bigcommerce\/\" \/>\n<meta property=\"og:site_name\" content=\"Elfsight PT\" \/>\n<meta property=\"article:modified_time\" content=\"2025-03-04T05:52:02+00:00\" \/>\n<meta name=\"twitter:card\" content=\"summary_large_image\" \/>\n<meta name=\"twitter:label1\" content=\"Tempo estimado de leitura\" \/>\n\t<meta name=\"twitter:data1\" content=\"4 minutos\" \/>\n<!-- \/ Yoast SEO plugin. -->","yoast_head_json":{"title":"Adicionar widget de formul\u00e1rio de assinatura ao site BigCommerce (r\u00e1pido e gratuito)","description":"Adicione o widget Formul\u00e1rio de assinatura do BigCommerce ao seu site. Projete todos os campos, selecione um dos 4 modelos de layout prontos e muito mais.","robots":{"index":"index","follow":"follow","max-snippet":"max-snippet:-1","max-image-preview":"max-image-preview:large","max-video-preview":"max-video-preview:-1"},"canonical":"https:\/\/elfsight.com\/pt\/subscription-form-widget\/bigcommerce\/","og_locale":"pt_PT","og_type":"article","og_title":"Adicionar widget de formul\u00e1rio de assinatura ao site BigCommerce (r\u00e1pido e gratuito)","og_description":"Adicione o widget Formul\u00e1rio de assinatura do BigCommerce ao seu site. Projete todos os campos, selecione um dos 4 modelos de layout prontos e muito mais.","og_url":"https:\/\/elfsight.com\/pt\/subscription-form-widget\/bigcommerce\/","og_site_name":"Elfsight PT","article_modified_time":"2025-03-04T05:52:02+00:00","twitter_card":"summary_large_image","twitter_misc":{"Tempo estimado de leitura":"4 minutos"},"schema":{"@context":"https:\/\/schema.org","@graph":[{"@type":"WebPage","@id":"https:\/\/elfsight.com\/pt\/subscription-form-widget\/bigcommerce\/","url":"https:\/\/elfsight.com\/pt\/subscription-form-widget\/bigcommerce\/","name":"Adicionar widget de formul\u00e1rio de assinatura ao site BigCommerce (r\u00e1pido e gratuito)","isPartOf":{"@id":"https:\/\/elfsight.com\/pt\/#website"},"datePublished":"1970-01-01T00:00:00+00:00","dateModified":"2025-03-04T05:52:02+00:00","description":"Adicione o widget Formul\u00e1rio de assinatura do BigCommerce ao seu site. Projete todos os campos, selecione um dos 4 modelos de layout prontos e muito mais.","breadcrumb":{"@id":"https:\/\/elfsight.com\/pt\/subscription-form-widget\/bigcommerce\/#breadcrumb"},"inLanguage":"pt-PT","potentialAction":[{"@type":"ReadAction","target":["https:\/\/elfsight.com\/pt\/subscription-form-widget\/bigcommerce\/"]}]},{"@type":"BreadcrumbList","@id":"https:\/\/elfsight.com\/pt\/subscription-form-widget\/bigcommerce\/#breadcrumb","itemListElement":[{"@type":"ListItem","position":1,"name":"Home","item":"https:\/\/elfsight.com\/pt\/"},{"@type":"ListItem","position":2,"name":"Subscription Form","item":"https:\/\/elfsight.com\/pt\/subscription-form-widget\/"},{"@type":"ListItem","position":3,"name":"Subscription Form &#8211; BigCommerce"}]},{"@type":"WebSite","@id":"https:\/\/elfsight.com\/pt\/#website","url":"https:\/\/elfsight.com\/pt\/","name":"Elfsight PT","description":"Just another Elfsight Sites site","potentialAction":[{"@type":"SearchAction","target":{"@type":"EntryPoint","urlTemplate":"https:\/\/elfsight.com\/pt\/?s={search_term_string}"},"query-input":{"@type":"PropertyValueSpecification","valueRequired":true,"valueName":"search_term_string"}}],"inLanguage":"pt-PT"}]}},"meta_box":{"industry":"","seo_heading":"","heading":"","description":"","cta_heading":"","cta_description":"","application":"1436","h1":"Aplicativo Formul\u00e1rio de Assinatura BigCommerce","h1_caption":"Receba e-mails em seu site e transforme visitantes em f\u00e3s fi\u00e9is","application_category":[],"applications_title":"","applications_request_title":"","applications_request_button_text":"","hero_text":"","hero_video":"","hero_video_schema_markup":"","selling_points_title":"","selling_points_caption":"","selling_points":[],"selling_points_cta_text":"","features_title":"","features":"","ed_cta_examples_text":"","ed_cta_examples_hidden":"","ed_cta_demo_text":"","ed_cta_demo_hidden":"","why_caption":"","why_editor_title":"","why_editor_text":"","why_team_title":"","why_team_text":"","why_service_title":"","why_service_text":"","template_catalog_visible":"0","template_catalog_title":"","template_catalog_text":"","template_catalog_categories_visible":"","demo_title":"Crie seu aplicativo de formul\u00e1rio de inscri\u00e7\u00e3o","demo_caption":"Configure seu Formul\u00e1rio de Inscri\u00e7\u00e3o e adicione-o ao seu site BigCommerce gratuitamente!","default_faq_hidden":"","app_template_category":[],"platform":"43","template_public_id":"","codecanyon_url":"","codecanyon_item_id":"","codecanyon_price":"","pricing_caption":"","pricing_elfsight_apps_hide_column":"","pricing_elfsight_apps_url":"","pricing_codecanyon_price_caption":"","integration_category":[],"integration_request_title":"","integration_request_cta":"","integration_platform":"","integrations":[],"platform_category":[],"video_schema_markup":"","price":"a partir de US$ 0\/m\u00eas","trial":"","benefits":[{"text":"Servi\u00e7o de instala\u00e7\u00e3o gratuito"},{"text":"Suporte ao cliente experiente"},{"text":"Garantia de reembolso de 14 dias"},{"text":"Desenvolvimento cont\u00ednuo"}],"button_url":"#demo","button_target_blank":"0","button_nofollow":"0","attributes":[{"name":"Instala\u00e7\u00f5es","content":"10,000 - 100,000"},{"name":"Responsivo","content":"Sim"},{"name":"Navegadores compat\u00edveis","content":"Firefox, Safari, Opera, Chrome, Edge"}],"tags":[],"tags_disable_links":"0","hide_more_platforms":"0","video_object":"","demo_hide_cta":"0","demo_hide_cloud_options":"0","pricing_title":"","pricing":[{"pricing_icon":"platform","pricing_title":"Elfsight Apps","pricing_title_caption":"Software independente de plataforma","pricing_price":"a partir de US$ 0\/m\u00eas","pricing_price_caption":"comece com um plano gratuito","pricing_benefits":[{"text":"Sites ilimitados"},{"text":"Suporte dedicado"},{"text":"Suporte dedicado"},{"text":"100% personaliz\u00e1vel"}],"pricing_button_text":"Adicionar ao site","pricing_button_url":"#demo"}],"related_apps_title":"","related_apps_hidden":"0","author":"","image":[],"title":"","job":"","social_networks":[]},"_links":{"self":[{"href":"https:\/\/elfsight.com\/pt\/wp-json\/wp\/v2\/pages\/8194","targetHints":{"allow":["GET"]}}],"collection":[{"href":"https:\/\/elfsight.com\/pt\/wp-json\/wp\/v2\/pages"}],"about":[{"href":"https:\/\/elfsight.com\/pt\/wp-json\/wp\/v2\/types\/page"}],"author":[{"embeddable":true,"href":"https:\/\/elfsight.com\/pt\/wp-json\/wp\/v2\/users\/9"}],"replies":[{"embeddable":true,"href":"https:\/\/elfsight.com\/pt\/wp-json\/wp\/v2\/comments?post=8194"}],"version-history":[{"count":2,"href":"https:\/\/elfsight.com\/pt\/wp-json\/wp\/v2\/pages\/8194\/revisions"}],"predecessor-version":[{"id":14223,"href":"https:\/\/elfsight.com\/pt\/wp-json\/wp\/v2\/pages\/8194\/revisions\/14223"}],"up":[{"embeddable":true,"href":"https:\/\/elfsight.com\/pt\/wp-json\/wp\/v2\/pages\/1437"}],"wp:attachment":[{"href":"https:\/\/elfsight.com\/pt\/wp-json\/wp\/v2\/media?parent=8194"}],"curies":[{"name":"wp","href":"https:\/\/api.w.org\/{rel}","templated":true}]}}