{"id":8167,"date":"1970-01-01T00:00:00","date_gmt":"1970-01-01T00:00:00","guid":{"rendered":"https:\/\/elfsight.com\/pt\/?page_id=8167"},"modified":"2025-03-04T06:06:44","modified_gmt":"2025-03-04T06:06:44","slug":"webflow","status":"publish","type":"page","link":"https:\/\/elfsight.com\/pt\/subscription-form-widget\/webflow\/","title":{"rendered":"Subscription Form &#8211; Webflow"},"content":{"rendered":"\n<div class=\"application-platform-content-item-description application-platform-content-item\" id=\"description\" data-nav-section=\"description\"> <h2>Incorporar formul\u00e1rio de inscri\u00e7\u00e3o no Webflow com o widget Elfsight<\/h2> <p>O formul\u00e1rio de inscri\u00e7\u00e3o Elfsight para Webflow \u00e9 um widget \u00fatil que oferece a possibilidade para coletar e-mails. O plugin oferece a op\u00e7\u00e3o n\u00e3o apenas de aumentar sua lista de e-mail, mas de faz\u00ea-lo com facilidade &#8211; voc\u00ea pode anexar o cabe\u00e7alho com uma legenda informativa ao formul\u00e1rio, solicitar o primeiro nome do e-mail ou simplific\u00e1-lo e manter apenas um e-mail campo e acompanh\u00e1-lo com uma etiqueta informativa e um espa\u00e7o reservado. Tamb\u00e9m existe a oportunidade de conectar o widget Formul\u00e1rio de assinatura ao Mailchimp. E aplicando um dos quatro layouts prontos para uso oferecidos, voc\u00ea criar\u00e1 o widget que funciona exatamente do jeito que voc\u00ea precisa. <\/p> <p><b>Exiba o formul\u00e1rio de assinatura do seu boletim informativo para o p\u00fablico-alvo nas p\u00e1ginas certas do seu site e evite que eles saiam do seu site! <\/b><\/p> <\/div> <div class=\"application-platform-content-item-features application-platform-content-item\" id=\"features\" data-nav-section=\"features\"> <h2>Aqui est\u00e1 a lista dos recursos mais \u00fateis: <\/h2> <ul><li>Junte um cabe\u00e7alho com uma legenda atraente. <\/li><li>Conecte o formul\u00e1rio de inscri\u00e7\u00e3o ao Mailchimp.<\/li><li>Obtenha seu banco de dados de e-mail em formato CSV. <\/li><li>Partes de formul\u00e1rio personaliz\u00e1veis. <\/li><li>4 layouts para selecionar: Side-in, Popup, Embedded, Pane. <\/li><\/ul><p><a href=\"#demo\">Voc\u00ea pode testar o que o widget oferece usando a demonstra\u00e7\u00e3o<\/a><\/p> <\/div> <div class=\"application-platform-content-item-installation application-platform-content-item\" id=\"installation\" data-nav-section=\"installation\"> <h2>Como adicionar o Formul\u00e1rio de Inscri\u00e7\u00e3o no meu site Webflow? <\/h2> <p>Basta aplicar as instru\u00e7\u00f5es abaixo para inserir a ferramenta. <\/p> <ol><li><b>Utilize nosso editor gratuito e comece a criar seu widget personalizado. <\/b><br> Encontre o formul\u00e1rio personalizado e as op\u00e7\u00f5es do widget e salve as modifica\u00e7\u00f5es. <\/li> <li><b>Obtenha o c\u00f3digo individual exposto na caixa dos aplicativos Elfsight. <\/b><br> Ap\u00f3s a configura\u00e7\u00e3o do seu widget pessoal, copie o c\u00f3digo individual na janela que aparece e salve-o para uso posterior. <\/li> <li><b>Comece a usar o widget no site Webflow. <\/b><br> Insira o c\u00f3digo copiado recentemente em sua p\u00e1gina e aplique as edi\u00e7\u00f5es. <\/li> <li><b>Conclu\u00eddo! A integra\u00e7\u00e3o \u00e9 totalmente realizada. <\/b><br> Acesse seu site para verificar o funcionamento do widget. <\/li><\/ol> <p>Caso tenha d\u00favidas ou encontre alguma dificuldade, n\u00e3o hesite em recorrer ao nosso pessoal de atendimento ao cliente. Nosso pessoal deseja ajud\u00e1-lo com todos os problemas que voc\u00ea possa ter com o widget. <\/p> <div class=\"faq\" data-component=\"FAQ\"> <div class=\"faq-item\">\r\n\t\t\t\t\t<div class=\"faq-item-question\">\r\n\t\t\t\t\t\t<h3 class=\"faq-item-question-text\">Como posso adicionar o Form Builder ao meu site Webflow sem conhecimentos de codifica\u00e7\u00e3o?<\/h3>\r\n\r\n\t\t\t\t\t\t<div class=\"faq-item-question-icon\"><\/div>\r\n\t\t\t\t\t<\/div>\r\n\r\n\t\t\t\t\t<div class=\"faq-item-answer\">\r\n\t\t\t\t\t\t<div class=\"faq-item-answer-text\"> <p>A Elfsight fornece uma solu\u00e7\u00e3o SaaS que lhe permite criar voc\u00ea mesmo um widget Form Builder, veja como \u00e9 f\u00e1cil O processo \u00e9: Trabalhe diretamente no Editor online para criar um widget Form Builder que voc\u00ea gostaria de ver em seu site Webflow. Escolha um dos modelos predefinidos e ajuste as configura\u00e7\u00f5es do Form Builder, adicione seu conte\u00fado, altere o layout e as cores sem habilidades de codifica\u00e7\u00e3o. Salve o Form Builder e copie seu c\u00f3digo de instala\u00e7\u00e3o, que voc\u00ea pode colar em seu site Webflow sem comprar uma assinatura paga. Com nosso editor intuitivo, qualquer usu\u00e1rio da Internet pode criar um widget Form Builder online e incorpor\u00e1-lo facilmente em seu site Webflow. N\u00e3o h\u00e1 necessidade de pagar ou inserir as credenciais do seu cart\u00e3o para acessar o servi\u00e7o. Se voc\u00ea enfrentar qualquer problema em qualquer etapa, n\u00e3o hesite em entrar em contato com nossa equipe de suporte t\u00e9cnico.<\/p> <\/div>\r\n\t\t\t\t\t<\/div>\r\n\t\t\t\t<\/div><div class=\"faq-item\">\r\n\t\t\t\t\t<div class=\"faq-item-question\">\r\n\t\t\t\t\t\t<h3 class=\"faq-item-question-text\">Voc\u00ea tem algum modelo de formul\u00e1rio de inscri\u00e7\u00e3o pr\u00e9-fabricado para o site Webflow?<\/h3>\r\n\r\n\t\t\t\t\t\t<div class=\"faq-item-question-icon\"><\/div>\r\n\t\t\t\t\t<\/div>\r\n\r\n\t\t\t\t\t<div class=\"faq-item-answer\">\r\n\t\t\t\t\t\t<div class=\"faq-item-answer-text\"><p>Sim, a Elfsight oferece uma enorme biblioteca com mais de 300 modelos para qualquer caso. Percorra os <a href=\"https:\/\/elfsight.com\/online-form-builder\/templates\/subscription-forms\/\">modelos de formul\u00e1rio de inscri\u00e7\u00e3o<\/a> e decida qual deles funciona melhor para voc\u00ea.<\/p> <\/div>\r\n\t\t\t\t\t<\/div>\r\n\t\t\t\t<\/div> <\/div> <\/div>\n","protected":false},"excerpt":{"rendered":"","protected":false},"author":9,"featured_media":0,"parent":1437,"menu_order":0,"comment_status":"closed","ping_status":"closed","template":"templates\/template-application-platform.php","meta":{"publish_to_discourse":"","publish_post_category":"","wpdc_auto_publish_overridden":"","wpdc_topic_tags":"","wpdc_pin_topic":"","wpdc_pin_until":"","discourse_post_id":"","discourse_permalink":"","wpdc_publishing_response":"","wpdc_publishing_error":"","footnotes":""},"class_list":["post-8167","page","type-page","status-publish","hentry"],"yoast_head":"<!-- This site is optimized with the Yoast SEO plugin v25.3.1 - https:\/\/yoast.com\/wordpress\/plugins\/seo\/ -->\n<title>Adicionar widget de formul\u00e1rio de inscri\u00e7\u00e3o ao site Webflow (r\u00e1pido e gratuito)<\/title>\n<meta name=\"description\" content=\"Incorpore um widget de formul\u00e1rio de inscri\u00e7\u00e3o do Webflow responsivo ao seu site. Modifique todos os campos, selecione um dos 4 layouts prontos e muito mais.\" \/>\n<meta name=\"robots\" content=\"index, follow, max-snippet:-1, max-image-preview:large, max-video-preview:-1\" \/>\n<link rel=\"canonical\" href=\"https:\/\/elfsight.com\/pt\/subscription-form-widget\/webflow\/\" \/>\n<meta property=\"og:locale\" content=\"pt_PT\" \/>\n<meta property=\"og:type\" content=\"article\" \/>\n<meta property=\"og:title\" content=\"Adicionar widget de formul\u00e1rio de inscri\u00e7\u00e3o ao site Webflow (r\u00e1pido e gratuito)\" \/>\n<meta property=\"og:description\" content=\"Incorpore um widget de formul\u00e1rio de inscri\u00e7\u00e3o do Webflow responsivo ao seu site. Modifique todos os campos, selecione um dos 4 layouts prontos e muito mais.\" \/>\n<meta property=\"og:url\" content=\"https:\/\/elfsight.com\/pt\/subscription-form-widget\/webflow\/\" \/>\n<meta property=\"og:site_name\" content=\"Elfsight PT\" \/>\n<meta property=\"article:modified_time\" content=\"2025-03-04T06:06:44+00:00\" \/>\n<meta name=\"twitter:card\" content=\"summary_large_image\" \/>\n<meta name=\"twitter:label1\" content=\"Tempo estimado de leitura\" \/>\n\t<meta name=\"twitter:data1\" content=\"4 minutos\" \/>\n<!-- \/ Yoast SEO plugin. -->","yoast_head_json":{"title":"Adicionar widget de formul\u00e1rio de inscri\u00e7\u00e3o ao site Webflow (r\u00e1pido e gratuito)","description":"Incorpore um widget de formul\u00e1rio de inscri\u00e7\u00e3o do Webflow responsivo ao seu site. Modifique todos os campos, selecione um dos 4 layouts prontos e muito mais.","robots":{"index":"index","follow":"follow","max-snippet":"max-snippet:-1","max-image-preview":"max-image-preview:large","max-video-preview":"max-video-preview:-1"},"canonical":"https:\/\/elfsight.com\/pt\/subscription-form-widget\/webflow\/","og_locale":"pt_PT","og_type":"article","og_title":"Adicionar widget de formul\u00e1rio de inscri\u00e7\u00e3o ao site Webflow (r\u00e1pido e gratuito)","og_description":"Incorpore um widget de formul\u00e1rio de inscri\u00e7\u00e3o do Webflow responsivo ao seu site. Modifique todos os campos, selecione um dos 4 layouts prontos e muito mais.","og_url":"https:\/\/elfsight.com\/pt\/subscription-form-widget\/webflow\/","og_site_name":"Elfsight PT","article_modified_time":"2025-03-04T06:06:44+00:00","twitter_card":"summary_large_image","twitter_misc":{"Tempo estimado de leitura":"4 minutos"},"schema":{"@context":"https:\/\/schema.org","@graph":[{"@type":"WebPage","@id":"https:\/\/elfsight.com\/pt\/subscription-form-widget\/webflow\/","url":"https:\/\/elfsight.com\/pt\/subscription-form-widget\/webflow\/","name":"Adicionar widget de formul\u00e1rio de inscri\u00e7\u00e3o ao site Webflow (r\u00e1pido e gratuito)","isPartOf":{"@id":"https:\/\/elfsight.com\/pt\/#website"},"datePublished":"1970-01-01T00:00:00+00:00","dateModified":"2025-03-04T06:06:44+00:00","description":"Incorpore um widget de formul\u00e1rio de inscri\u00e7\u00e3o do Webflow responsivo ao seu site. Modifique todos os campos, selecione um dos 4 layouts prontos e muito mais.","breadcrumb":{"@id":"https:\/\/elfsight.com\/pt\/subscription-form-widget\/webflow\/#breadcrumb"},"inLanguage":"pt-PT","potentialAction":[{"@type":"ReadAction","target":["https:\/\/elfsight.com\/pt\/subscription-form-widget\/webflow\/"]}]},{"@type":"BreadcrumbList","@id":"https:\/\/elfsight.com\/pt\/subscription-form-widget\/webflow\/#breadcrumb","itemListElement":[{"@type":"ListItem","position":1,"name":"Home","item":"https:\/\/elfsight.com\/pt\/"},{"@type":"ListItem","position":2,"name":"Subscription Form","item":"https:\/\/elfsight.com\/pt\/subscription-form-widget\/"},{"@type":"ListItem","position":3,"name":"Subscription Form &#8211; Webflow"}]},{"@type":"WebSite","@id":"https:\/\/elfsight.com\/pt\/#website","url":"https:\/\/elfsight.com\/pt\/","name":"Elfsight PT","description":"Just another Elfsight Sites site","potentialAction":[{"@type":"SearchAction","target":{"@type":"EntryPoint","urlTemplate":"https:\/\/elfsight.com\/pt\/?s={search_term_string}"},"query-input":{"@type":"PropertyValueSpecification","valueRequired":true,"valueName":"search_term_string"}}],"inLanguage":"pt-PT"}]}},"meta_box":{"industry":"","seo_heading":"","heading":"","description":"","cta_heading":"","cta_description":"","application":"1436","h1":"Widget Formul\u00e1rio de inscri\u00e7\u00e3o do Webflow","h1_caption":"Colete e-mails em seu site e transforme visitantes em f\u00e3s","application_category":[],"applications_title":"","applications_request_title":"","applications_request_button_text":"","hero_text":"","hero_video":"","hero_video_schema_markup":"","selling_points_title":"","selling_points_caption":"","selling_points":[],"selling_points_cta_text":"","features_title":"","features":"","ed_cta_examples_text":"","ed_cta_examples_hidden":"","ed_cta_demo_text":"","ed_cta_demo_hidden":"","why_caption":"","why_editor_title":"","why_editor_text":"","why_team_title":"","why_team_text":"","why_service_title":"","why_service_text":"","template_catalog_visible":"0","template_catalog_title":"","template_catalog_text":"","template_catalog_categories_visible":"","demo_title":"Crie seu widget de formul\u00e1rio de inscri\u00e7\u00e3o","demo_caption":"Configure seu Formul\u00e1rio de Inscri\u00e7\u00e3o e adicione-o ao seu site Webflow gratuitamente!","default_faq_hidden":"","app_template_category":[],"platform":"70","template_public_id":"","codecanyon_url":"","codecanyon_item_id":"","codecanyon_price":"","pricing_caption":"","pricing_elfsight_apps_hide_column":"","pricing_elfsight_apps_url":"","pricing_codecanyon_price_caption":"","integration_category":[],"integration_request_title":"","integration_request_cta":"","integration_platform":"","integrations":[],"platform_category":[],"video_schema_markup":"","price":"a partir de US$ 0\/m\u00eas","trial":"","benefits":[{"text":"Ajuda de instala\u00e7\u00e3o gratuita"},{"text":"Suporte premium"},{"text":"Garantia de devolu\u00e7\u00e3o do dinheiro em 14 dias"},{"text":"Desenvolvimento cont\u00ednuo"}],"button_url":"#demo","button_target_blank":"0","button_nofollow":"0","attributes":[{"name":"Instala\u00e7\u00f5es","content":"10,000 - 100,000"},{"name":"Responsivo","content":"Sim"},{"name":"Navegadores compat\u00edveis","content":"Firefox, Safari, Opera, Chrome, Edge"}],"tags":[],"tags_disable_links":"0","hide_more_platforms":"0","video_object":"","demo_hide_cta":"0","demo_hide_cloud_options":"0","pricing_title":"","pricing":[{"pricing_icon":"platform","pricing_title":"Elfsight Apps","pricing_title_caption":"Vers\u00e3o multiplataforma","pricing_price":"a partir de US$ 0\/m\u00eas","pricing_price_caption":"comece com um plano gratuito","pricing_benefits":[{"text":"Sites ilimitados"},{"text":"Suporte r\u00e1pido e pontual"},{"text":"Suporte r\u00e1pido e pontual"},{"text":"100% personaliz\u00e1vel"}],"pricing_button_text":"Adicionar ao site","pricing_button_url":"#demo"}],"related_apps_title":"","related_apps_hidden":"0","author":"","image":[],"title":"","job":"","social_networks":[]},"_links":{"self":[{"href":"https:\/\/elfsight.com\/pt\/wp-json\/wp\/v2\/pages\/8167","targetHints":{"allow":["GET"]}}],"collection":[{"href":"https:\/\/elfsight.com\/pt\/wp-json\/wp\/v2\/pages"}],"about":[{"href":"https:\/\/elfsight.com\/pt\/wp-json\/wp\/v2\/types\/page"}],"author":[{"embeddable":true,"href":"https:\/\/elfsight.com\/pt\/wp-json\/wp\/v2\/users\/9"}],"replies":[{"embeddable":true,"href":"https:\/\/elfsight.com\/pt\/wp-json\/wp\/v2\/comments?post=8167"}],"version-history":[{"count":2,"href":"https:\/\/elfsight.com\/pt\/wp-json\/wp\/v2\/pages\/8167\/revisions"}],"predecessor-version":[{"id":14238,"href":"https:\/\/elfsight.com\/pt\/wp-json\/wp\/v2\/pages\/8167\/revisions\/14238"}],"up":[{"embeddable":true,"href":"https:\/\/elfsight.com\/pt\/wp-json\/wp\/v2\/pages\/1437"}],"wp:attachment":[{"href":"https:\/\/elfsight.com\/pt\/wp-json\/wp\/v2\/media?parent=8167"}],"curies":[{"name":"wp","href":"https:\/\/api.w.org\/{rel}","templated":true}]}}