{"id":8161,"date":"1970-01-01T00:00:00","date_gmt":"1970-01-01T00:00:00","guid":{"rendered":"https:\/\/elfsight.com\/pt\/?page_id=8161"},"modified":"2025-03-04T06:09:57","modified_gmt":"2025-03-04T06:09:57","slug":"weebly","status":"publish","type":"page","link":"https:\/\/elfsight.com\/pt\/subscription-form-widget\/weebly\/","title":{"rendered":"Subscription Form &#8211; Weebly"},"content":{"rendered":"\n<div class=\"application-platform-content-item-description application-platform-content-item\" id=\"description\" data-nav-section=\"description\"> <h2>Descri\u00e7\u00e3o<\/h2> <p>O Formul\u00e1rio de Inscri\u00e7\u00e3o do Weebly \u00e9 um aplicativo poderoso que permite coletar e-mails. A ferramenta oferece a op\u00e7\u00e3o n\u00e3o apenas de aumentar seu banco de dados de e-mail, mas tamb\u00e9m de faz\u00ea-lo com facilidade &#8211; voc\u00ea pode adicionar o cabe\u00e7alho com uma legenda informativa ao formul\u00e1rio, solicitar o nome, sobrenome, endere\u00e7o de e-mail ou mant\u00ea-lo simples e manter apenas um campo de e-mail e adicione um r\u00f3tulo informativo e um espa\u00e7o reservado. Voc\u00ea tamb\u00e9m tem a oportunidade de conectar seu aplicativo Formul\u00e1rio de Assinatura ao servi\u00e7o Mailchimp. E com um dos quatro modelos de layout predefinidos, voc\u00ea criar\u00e1 a ferramenta que funciona exatamente do jeito que voc\u00ea precisa. <\/p> <p><b>Mostre o formul\u00e1rio de inscri\u00e7\u00e3o do seu boletim informativo ao p\u00fablico-alvo nas p\u00e1ginas apropriadas do seu site e evite que eles saiam do site! <\/b><\/p> <\/div> <div class=\"application-platform-content-item-features application-platform-content-item\" id=\"features\" data-nav-section=\"features\"> <h2>Oferecemos recursos poderosos e descomplicados, veja alguns deles: <\/h2> <ul><li>Anexe um cabe\u00e7alho com um legenda envolvente. <\/li><li>Integre seu formul\u00e1rio com Mailchimp.<\/li><li>Obtenha seu banco de dados de e-mail em formato CSV. <\/li><li>Partes de formul\u00e1rio personaliz\u00e1veis. <\/li><li>4 layouts para voc\u00ea escolher: Incorporado, Lateral, Painel, Pop-up. <\/li><\/ul><p><a href=\"#demo\">Experimente esta demonstra\u00e7\u00e3o para ter uma ideia completa<\/a><\/p> <\/div> <div class=\"application-platform-content-item-installation application-platform-content-item\" id=\"installation\" data-nav-section=\"installation\"> <h2>Como posso incorporar o formul\u00e1rio de inscri\u00e7\u00e3o no meu site do Weebly? <\/h2> <p>Basta aplicar as instru\u00e7\u00f5es abaixo para come\u00e7ar a trabalhar com a ferramenta. <\/p> <ol><li><b>Utilize nosso configurador gratuito e comece a criar seu pr\u00f3prio aplicativo. <\/b><br> Determine a interface e as especifica\u00e7\u00f5es desej\u00e1veis \u200b\u200bdo widget e salve as corre\u00e7\u00f5es. <\/li> <li><b>Adquira o c\u00f3digo individual que aparece na janela dos aplicativos Elfsight. <\/b><br> Quando a configura\u00e7\u00e3o do seu aplicativo estiver conclu\u00edda, copie o c\u00f3digo individual na janela que aparece e salve-o para futuras ocasi\u00f5es. <\/li> <li><b>Comece a aplicar o aplicativo na sua p\u00e1gina inicial do Weebly. <\/b><br> Coloque o c\u00f3digo salvo recentemente em seu site e salve as modifica\u00e7\u00f5es. <\/li> <li><b>Pronto! A configura\u00e7\u00e3o foi finalizada com sucesso. <\/b><br> Acesse seu site para ver como a ferramenta funciona. <\/li><\/ol> <p>Caso tenha d\u00favidas ou enfrente quaisquer complica\u00e7\u00f5es, n\u00e3o hesite em entrar em contato com nossa equipe de atendimento ao cliente. Nossos consultores ter\u00e3o prazer em ajud\u00e1-lo com todos os problemas que voc\u00ea possa ter com o produto. <\/p> <div class=\"faq\" data-component=\"FAQ\"> <div class=\"faq-item\">\r\n\t\t\t\t\t<div class=\"faq-item-question\">\r\n\t\t\t\t\t\t<h3 class=\"faq-item-question-text\">Como posso adicionar o Form Builder ao meu site Weebly sem conhecimentos de codifica\u00e7\u00e3o?<\/h3>\r\n\r\n\t\t\t\t\t\t<div class=\"faq-item-question-icon\"><\/div>\r\n\t\t\t\t\t<\/div>\r\n\r\n\t\t\t\t\t<div class=\"faq-item-answer\">\r\n\t\t\t\t\t\t<div class=\"faq-item-answer-text\"> <p>A Elfsight fornece uma solu\u00e7\u00e3o SaaS que lhe permite criar voc\u00ea mesmo um widget Form Builder, veja como \u00e9 f\u00e1cil O processo \u00e9: Trabalhe diretamente no Editor online para criar um widget Form Builder que voc\u00ea gostaria de ver em seu site do Weebly. Escolha um dos modelos predefinidos e ajuste as configura\u00e7\u00f5es do Form Builder, adicione seu conte\u00fado, altere o layout e as cores sem habilidades de codifica\u00e7\u00e3o. Salve o Form Builder e copie seu c\u00f3digo de instala\u00e7\u00e3o, que voc\u00ea pode simplesmente colar no seu site do Weebly sem a necessidade de comprar uma vers\u00e3o paga. Com nosso editor intuitivo, qualquer usu\u00e1rio da Internet pode criar um widget Form Builder online e incorpor\u00e1-lo facilmente em seu site do Weebly. N\u00e3o h\u00e1 necessidade de pagar ou inserir as credenciais do seu cart\u00e3o para acessar o servi\u00e7o. Se voc\u00ea enfrentar algum problema em qualquer etapa, n\u00e3o hesite em entrar em contato com nossa equipe de suporte t\u00e9cnico.<\/p> <\/div>\r\n\t\t\t\t\t<\/div>\r\n\t\t\t\t<\/div><div class=\"faq-item\">\r\n\t\t\t\t\t<div class=\"faq-item-question\">\r\n\t\t\t\t\t\t<h3 class=\"faq-item-question-text\">Existe algum modelo de formul\u00e1rio de inscri\u00e7\u00e3o para usar no site do Weebly?<\/h3>\r\n\r\n\t\t\t\t\t\t<div class=\"faq-item-question-icon\"><\/div>\r\n\t\t\t\t\t<\/div>\r\n\r\n\t\t\t\t\t<div class=\"faq-item-answer\">\r\n\t\t\t\t\t\t<div class=\"faq-item-answer-text\"><p> Sim, claro! A Elfsight reuniu uma vasta sele\u00e7\u00e3o de mais de 300 modelos pr\u00e9-fabricados. Confira os <a href=\"https:\/\/elfsight.com\/online-form-builder\/templates\/subscription-forms\/\">Modelos de formul\u00e1rio de inscri\u00e7\u00e3o<\/a> para encontrar a melhor op\u00e7\u00e3o para o seu site.<\/p> <\/div>\r\n\t\t\t\t\t<\/div>\r\n\t\t\t\t<\/div> <\/div> <\/div>\n","protected":false},"excerpt":{"rendered":"","protected":false},"author":9,"featured_media":0,"parent":1437,"menu_order":0,"comment_status":"closed","ping_status":"closed","template":"templates\/template-application-platform.php","meta":{"publish_to_discourse":"","publish_post_category":"","wpdc_auto_publish_overridden":"","wpdc_topic_tags":"","wpdc_pin_topic":"","wpdc_pin_until":"","discourse_post_id":"","discourse_permalink":"","wpdc_publishing_response":"","wpdc_publishing_error":"","footnotes":""},"class_list":["post-8161","page","type-page","status-publish","hentry"],"yoast_head":"<!-- This site is optimized with the Yoast SEO plugin v25.3.1 - https:\/\/yoast.com\/wordpress\/plugins\/seo\/ -->\n<title>Adicionar widget de formul\u00e1rio de inscri\u00e7\u00e3o ao site do Weebly (r\u00e1pido e gratuito)<\/title>\n<meta name=\"description\" content=\"Integre um aplicativo de formul\u00e1rio de assinatura do Weebly responsivo ao seu site. Projete todos os campos, selecione um dos 4 modelos de layout e muito mais.\" \/>\n<meta name=\"robots\" content=\"index, follow, max-snippet:-1, max-image-preview:large, max-video-preview:-1\" \/>\n<link rel=\"canonical\" href=\"https:\/\/elfsight.com\/pt\/subscription-form-widget\/weebly\/\" \/>\n<meta property=\"og:locale\" content=\"pt_PT\" \/>\n<meta property=\"og:type\" content=\"article\" \/>\n<meta property=\"og:title\" content=\"Adicionar widget de formul\u00e1rio de inscri\u00e7\u00e3o ao site do Weebly (r\u00e1pido e gratuito)\" \/>\n<meta property=\"og:description\" content=\"Integre um aplicativo de formul\u00e1rio de assinatura do Weebly responsivo ao seu site. Projete todos os campos, selecione um dos 4 modelos de layout e muito mais.\" \/>\n<meta property=\"og:url\" content=\"https:\/\/elfsight.com\/pt\/subscription-form-widget\/weebly\/\" \/>\n<meta property=\"og:site_name\" content=\"Elfsight PT\" \/>\n<meta property=\"article:modified_time\" content=\"2025-03-04T06:09:57+00:00\" \/>\n<meta name=\"twitter:card\" content=\"summary_large_image\" \/>\n<meta name=\"twitter:label1\" content=\"Tempo estimado de leitura\" \/>\n\t<meta name=\"twitter:data1\" content=\"4 minutos\" \/>\n<!-- \/ Yoast SEO plugin. -->","yoast_head_json":{"title":"Adicionar widget de formul\u00e1rio de inscri\u00e7\u00e3o ao site do Weebly (r\u00e1pido e gratuito)","description":"Integre um aplicativo de formul\u00e1rio de assinatura do Weebly responsivo ao seu site. Projete todos os campos, selecione um dos 4 modelos de layout e muito mais.","robots":{"index":"index","follow":"follow","max-snippet":"max-snippet:-1","max-image-preview":"max-image-preview:large","max-video-preview":"max-video-preview:-1"},"canonical":"https:\/\/elfsight.com\/pt\/subscription-form-widget\/weebly\/","og_locale":"pt_PT","og_type":"article","og_title":"Adicionar widget de formul\u00e1rio de inscri\u00e7\u00e3o ao site do Weebly (r\u00e1pido e gratuito)","og_description":"Integre um aplicativo de formul\u00e1rio de assinatura do Weebly responsivo ao seu site. Projete todos os campos, selecione um dos 4 modelos de layout e muito mais.","og_url":"https:\/\/elfsight.com\/pt\/subscription-form-widget\/weebly\/","og_site_name":"Elfsight PT","article_modified_time":"2025-03-04T06:09:57+00:00","twitter_card":"summary_large_image","twitter_misc":{"Tempo estimado de leitura":"4 minutos"},"schema":{"@context":"https:\/\/schema.org","@graph":[{"@type":"WebPage","@id":"https:\/\/elfsight.com\/pt\/subscription-form-widget\/weebly\/","url":"https:\/\/elfsight.com\/pt\/subscription-form-widget\/weebly\/","name":"Adicionar widget de formul\u00e1rio de inscri\u00e7\u00e3o ao site do Weebly (r\u00e1pido e gratuito)","isPartOf":{"@id":"https:\/\/elfsight.com\/pt\/#website"},"datePublished":"1970-01-01T00:00:00+00:00","dateModified":"2025-03-04T06:09:57+00:00","description":"Integre um aplicativo de formul\u00e1rio de assinatura do Weebly responsivo ao seu site. Projete todos os campos, selecione um dos 4 modelos de layout e muito mais.","breadcrumb":{"@id":"https:\/\/elfsight.com\/pt\/subscription-form-widget\/weebly\/#breadcrumb"},"inLanguage":"pt-PT","potentialAction":[{"@type":"ReadAction","target":["https:\/\/elfsight.com\/pt\/subscription-form-widget\/weebly\/"]}]},{"@type":"BreadcrumbList","@id":"https:\/\/elfsight.com\/pt\/subscription-form-widget\/weebly\/#breadcrumb","itemListElement":[{"@type":"ListItem","position":1,"name":"Home","item":"https:\/\/elfsight.com\/pt\/"},{"@type":"ListItem","position":2,"name":"Subscription Form","item":"https:\/\/elfsight.com\/pt\/subscription-form-widget\/"},{"@type":"ListItem","position":3,"name":"Subscription Form &#8211; Weebly"}]},{"@type":"WebSite","@id":"https:\/\/elfsight.com\/pt\/#website","url":"https:\/\/elfsight.com\/pt\/","name":"Elfsight PT","description":"Just another Elfsight Sites site","potentialAction":[{"@type":"SearchAction","target":{"@type":"EntryPoint","urlTemplate":"https:\/\/elfsight.com\/pt\/?s={search_term_string}"},"query-input":{"@type":"PropertyValueSpecification","valueRequired":true,"valueName":"search_term_string"}}],"inLanguage":"pt-PT"}]}},"meta_box":{"industry":"","seo_heading":"","heading":"","description":"","cta_heading":"","cta_description":"","application":"1436","h1":"Aplicativo de formul\u00e1rio de inscri\u00e7\u00e3o do Weebly","h1_caption":"Receba e-mails em seu site e transforme visitantes em f\u00e3s fi\u00e9is","application_category":[],"applications_title":"","applications_request_title":"","applications_request_button_text":"","hero_text":"","hero_video":"","hero_video_schema_markup":"","selling_points_title":"","selling_points_caption":"","selling_points":[],"selling_points_cta_text":"","features_title":"","features":"","ed_cta_examples_text":"","ed_cta_examples_hidden":"","ed_cta_demo_text":"","ed_cta_demo_hidden":"","why_caption":"","why_editor_title":"","why_editor_text":"","why_team_title":"","why_team_text":"","why_service_title":"","why_service_text":"","template_catalog_visible":"0","template_catalog_title":"","template_catalog_text":"","template_catalog_categories_visible":"","demo_title":"Crie seu aplicativo de formul\u00e1rio de inscri\u00e7\u00e3o","demo_caption":"Configure seu Formul\u00e1rio de Inscri\u00e7\u00e3o e adicione-o ao seu site do Weebly gratuitamente!","default_faq_hidden":"","app_template_category":[],"platform":"73","template_public_id":"","codecanyon_url":"","codecanyon_item_id":"","codecanyon_price":"","pricing_caption":"","pricing_elfsight_apps_hide_column":"","pricing_elfsight_apps_url":"","pricing_codecanyon_price_caption":"","integration_category":[],"integration_request_title":"","integration_request_cta":"","integration_platform":"","integrations":[],"platform_category":[],"video_schema_markup":"","price":"a partir de US$ 0\/m\u00eas","trial":"","benefits":[{"text":"Ajuda de instala\u00e7\u00e3o gratuita"},{"text":"Atendimento ao cliente profissional"},{"text":"Garantia de reembolso de 14 dias"},{"text":"Melhorias ao longo da vida"}],"button_url":"#demo","button_target_blank":"0","button_nofollow":"0","attributes":[{"name":"Instala\u00e7\u00f5es","content":"10,000 - 100,000"},{"name":"Responsivo","content":"Sim"},{"name":"Navegadores compat\u00edveis","content":"Firefox, Safari, Opera, Chrome, Edge"}],"tags":[],"tags_disable_links":"0","hide_more_platforms":"0","video_object":"","demo_hide_cta":"0","demo_hide_cloud_options":"0","pricing_title":"","pricing":[{"pricing_icon":"platform","pricing_title":"Elfsight Apps","pricing_title_caption":"Solu\u00e7\u00e3o digital independente de plataforma","pricing_price":"a partir de US$ 0\/m\u00eas","pricing_price_caption":"comece com um plano gratuito","pricing_benefits":[{"text":"Dom\u00ednios ilimitados"},{"text":"Suporte r\u00e1pido ao cliente"},{"text":"Suporte r\u00e1pido ao cliente"},{"text":"Totalmente personaliz\u00e1vel"}],"pricing_button_text":"Adicionar ao site","pricing_button_url":"#demo"}],"related_apps_title":"","related_apps_hidden":"0","author":"","image":[],"title":"","job":"","social_networks":[]},"_links":{"self":[{"href":"https:\/\/elfsight.com\/pt\/wp-json\/wp\/v2\/pages\/8161","targetHints":{"allow":["GET"]}}],"collection":[{"href":"https:\/\/elfsight.com\/pt\/wp-json\/wp\/v2\/pages"}],"about":[{"href":"https:\/\/elfsight.com\/pt\/wp-json\/wp\/v2\/types\/page"}],"author":[{"embeddable":true,"href":"https:\/\/elfsight.com\/pt\/wp-json\/wp\/v2\/users\/9"}],"replies":[{"embeddable":true,"href":"https:\/\/elfsight.com\/pt\/wp-json\/wp\/v2\/comments?post=8161"}],"version-history":[{"count":2,"href":"https:\/\/elfsight.com\/pt\/wp-json\/wp\/v2\/pages\/8161\/revisions"}],"predecessor-version":[{"id":14240,"href":"https:\/\/elfsight.com\/pt\/wp-json\/wp\/v2\/pages\/8161\/revisions\/14240"}],"up":[{"embeddable":true,"href":"https:\/\/elfsight.com\/pt\/wp-json\/wp\/v2\/pages\/1437"}],"wp:attachment":[{"href":"https:\/\/elfsight.com\/pt\/wp-json\/wp\/v2\/media?parent=8161"}],"curies":[{"name":"wp","href":"https:\/\/api.w.org\/{rel}","templated":true}]}}