{"id":8160,"date":"1970-01-01T00:00:00","date_gmt":"1970-01-01T00:00:00","guid":{"rendered":"https:\/\/elfsight.com\/pt\/?page_id=8160"},"modified":"2025-03-04T06:10:41","modified_gmt":"2025-03-04T06:10:41","slug":"wix","status":"publish","type":"page","link":"https:\/\/elfsight.com\/pt\/subscription-form-widget\/wix\/","title":{"rendered":"Subscription Form &#8211; Wix"},"content":{"rendered":"\n<div class=\"application-platform-content-item-description application-platform-content-item\" id=\"description\" data-nav-section=\"description\"> <h2>Descri\u00e7\u00e3o<\/h2> <p>O Formul\u00e1rio de Assinatura da Elfsight para Wix \u00e9 um aplicativo eficiente que oferece a possibilidade de receber e-mails. A ferramenta oferece a op\u00e7\u00e3o n\u00e3o apenas de multiplicar sua lista de e-mail, mas de faz\u00ea-lo com efici\u00eancia &#8211; voc\u00ea pode adicionar uma legenda informativa ao cabe\u00e7alho, solicitar o primeiro nome e endere\u00e7o de e-mail ou mant\u00ea-lo simples e colocar apenas um campo de e-mail e adicionar um r\u00f3tulo explicativo e um espa\u00e7o reservado. Voc\u00ea tamb\u00e9m ter\u00e1 a oportunidade de conectar seu widget Formul\u00e1rio de assinatura ao Mailchimp. E com um dos quatro modelos de layout prontos para uso, voc\u00ea poder\u00e1 criar a ferramenta que funciona exatamente do jeito que voc\u00ea precisa. <\/p> <p><b>Revele seus formul\u00e1rios de inscri\u00e7\u00e3o para as pessoas certas nas p\u00e1ginas certas do seu site e impe\u00e7a que elas saiam do seu site! <\/b><\/p> <\/div> <div class=\"application-platform-content-item-features application-platform-content-item\" id=\"features\" data-nav-section=\"features\"> <h2>Oferecemos recursos \u00fateis e r\u00e1pidos, confira alguns deles: <\/h2> <ul><li>Anexar um cabe\u00e7alho com um legenda atraente. <\/li><li>Integre o formul\u00e1rio ao servi\u00e7o Mailchimp.<\/li><li>Baixe sua lista de e-mail em formato CSV. <\/li><li>Campos de formul\u00e1rio gerenci\u00e1veis. <\/li><li>4 modelos de layout para voc\u00ea selecionar: Painel, Incorporado, Pop-up, Side-in. <\/li><\/ul><p><a href=\"#demo\">Teste todas as op\u00e7\u00f5es de personaliza\u00e7\u00e3o em uma demonstra\u00e7\u00e3o completa<\/a><\/p> <\/div> <div class=\"application-platform-content-item-installation application-platform-content-item\" id=\"installation\" data-nav-section=\"installation\"> <h2>Como incorporar o Formul\u00e1rio de Inscri\u00e7\u00e3o em meu site Wix? <\/h2> <p>Basta seguir algumas etapas descritas abaixo para adicionar o aplicativo. <\/p> <ol><li><b>Execute nosso configurador gratuito e comece a criar seu aplicativo exclusivo. <\/b><br> Escolha o design e as especifica\u00e7\u00f5es desejadas do aplicativo e salve as corre\u00e7\u00f5es. <\/li> <li><b>Obtenha o c\u00f3digo pessoal mostrado no formul\u00e1rio especial nas aplica\u00e7\u00f5es Elfsight. <\/b><br> Quando a configura\u00e7\u00e3o da sua ferramenta estiver conclu\u00edda, copie o c\u00f3digo individual da caixa exibida e guarde-o para uso futuro. <\/li> <li><b>Comece a usar o aplicativo na plataforma Wix. <\/b><br> Cole o c\u00f3digo salvo recentemente em seu site e salve as corre\u00e7\u00f5es. <\/li> <li><b>A instala\u00e7\u00e3o foi realizada com sucesso. <\/b><br> Acesse seu site para inspecionar o desempenho do aplicativo. <\/li><\/ol> <p>Na condi\u00e7\u00e3o de lidar com d\u00favidas ou encontrar alguma complica\u00e7\u00e3o, n\u00e3o hesite em recorrer \u00e0 nossa equipe de atendimento ao cliente. Nossos especialistas ter\u00e3o prazer em resolver todas as d\u00favidas que voc\u00ea possa ter com o plugin. <\/p> <div class=\"faq\" data-component=\"FAQ\"> <div class=\"faq-item\">\r\n\t\t\t\t\t<div class=\"faq-item-question\">\r\n\t\t\t\t\t\t<h3 class=\"faq-item-question-text\">Como adicionar o Form Builder ao meu site Wix sem habilidades de codifica\u00e7\u00e3o?<\/h3>\r\n\r\n\t\t\t\t\t\t<div class=\"faq-item-question-icon\"><\/div>\r\n\t\t\t\t\t<\/div>\r\n\r\n\t\t\t\t\t<div class=\"faq-item-answer\">\r\n\t\t\t\t\t\t<div class=\"faq-item-answer-text\"> <p>A Elfsight fornece uma solu\u00e7\u00e3o SaaS que permite que voc\u00ea mesmo crie um widget Form Builder, veja como \u00e9 f\u00e1cil o processo \u00e9: Trabalhe diretamente no Editor online para criar um widget Form Builder que voc\u00ea gostaria de ver em seu site Wix. Escolha um dos modelos predefinidos e ajuste as configura\u00e7\u00f5es do Form Builder, adicione seu conte\u00fado, altere o layout e as cores sem nenhuma habilidade de codifica\u00e7\u00e3o. Salve o Form Builder e copie seu c\u00f3digo de instala\u00e7\u00e3o, que voc\u00ea pode incluir em seu site Wix sem a necessidade de adquirir uma assinatura paga. Com nosso editor intuitivo, qualquer usu\u00e1rio da Internet pode criar um widget Form Builder online e incorpor\u00e1-lo facilmente ao seu site Wix. N\u00e3o h\u00e1 necessidade de pagar ou inserir as credenciais do seu cart\u00e3o para acessar o servi\u00e7o. Se voc\u00ea enfrentar qualquer problema em qualquer etapa, sinta-se \u00e0 vontade para entrar em contato com nossa equipe de suporte t\u00e9cnico.<\/p> <\/div>\r\n\t\t\t\t\t<\/div>\r\n\t\t\t\t<\/div><div class=\"faq-item\">\r\n\t\t\t\t\t<div class=\"faq-item-question\">\r\n\t\t\t\t\t\t<h3 class=\"faq-item-question-text\">Voc\u00ea tem algum modelo de formul\u00e1rio de inscri\u00e7\u00e3o pr\u00e9-fabricado para o site Wix?<\/h3>\r\n\r\n\t\t\t\t\t\t<div class=\"faq-item-question-icon\"><\/div>\r\n\t\t\t\t\t<\/div>\r\n\r\n\t\t\t\t\t<div class=\"faq-item-answer\">\r\n\t\t\t\t\t\t<div class=\"faq-item-answer-text\"><p>Sim, a Elfsight oferece uma enorme biblioteca com mais de 300 modelos para qualquer caso. Percorra os <a href=\"https:\/\/elfsight.com\/online-form-builder\/templates\/subscription-forms\/\">modelos de formul\u00e1rio de inscri\u00e7\u00e3o<\/a> e decida qual deles funciona melhor para voc\u00ea.<\/p> <\/div>\r\n\t\t\t\t\t<\/div>\r\n\t\t\t\t<\/div> <\/div> <\/div>\n","protected":false},"excerpt":{"rendered":"","protected":false},"author":9,"featured_media":0,"parent":1437,"menu_order":0,"comment_status":"closed","ping_status":"closed","template":"templates\/template-application-platform.php","meta":{"publish_to_discourse":"","publish_post_category":"","wpdc_auto_publish_overridden":"","wpdc_topic_tags":"","wpdc_pin_topic":"","wpdc_pin_until":"","discourse_post_id":"","discourse_permalink":"","wpdc_publishing_response":"","wpdc_publishing_error":"","footnotes":""},"class_list":["post-8160","page","type-page","status-publish","hentry"],"yoast_head":"<!-- This site is optimized with the Yoast SEO plugin v25.3.1 - https:\/\/yoast.com\/wordpress\/plugins\/seo\/ -->\n<title>Adicione o aplicativo Formul\u00e1rio de Inscri\u00e7\u00e3o ao site Wix (r\u00e1pido e gratuito)<\/title>\n<meta name=\"description\" content=\"Implemente um aplicativo de formul\u00e1rio de assinatura Wix responsivo em seu site. Ajuste todos os campos, escolha um dos 4 modelos de layout e muito mais.\" \/>\n<meta name=\"robots\" content=\"index, follow, max-snippet:-1, max-image-preview:large, max-video-preview:-1\" \/>\n<link rel=\"canonical\" href=\"https:\/\/elfsight.com\/pt\/subscription-form-widget\/wix\/\" \/>\n<meta property=\"og:locale\" content=\"pt_PT\" \/>\n<meta property=\"og:type\" content=\"article\" \/>\n<meta property=\"og:title\" content=\"Adicione o aplicativo Formul\u00e1rio de Inscri\u00e7\u00e3o ao site Wix (r\u00e1pido e gratuito)\" \/>\n<meta property=\"og:description\" content=\"Implemente um aplicativo de formul\u00e1rio de assinatura Wix responsivo em seu site. Ajuste todos os campos, escolha um dos 4 modelos de layout e muito mais.\" \/>\n<meta property=\"og:url\" content=\"https:\/\/elfsight.com\/pt\/subscription-form-widget\/wix\/\" \/>\n<meta property=\"og:site_name\" content=\"Elfsight PT\" \/>\n<meta property=\"article:modified_time\" content=\"2025-03-04T06:10:41+00:00\" \/>\n<meta name=\"twitter:card\" content=\"summary_large_image\" \/>\n<meta name=\"twitter:label1\" content=\"Tempo estimado de leitura\" \/>\n\t<meta name=\"twitter:data1\" content=\"4 minutos\" \/>\n<!-- \/ Yoast SEO plugin. -->","yoast_head_json":{"title":"Adicione o aplicativo Formul\u00e1rio de Inscri\u00e7\u00e3o ao site Wix (r\u00e1pido e gratuito)","description":"Implemente um aplicativo de formul\u00e1rio de assinatura Wix responsivo em seu site. Ajuste todos os campos, escolha um dos 4 modelos de layout e muito mais.","robots":{"index":"index","follow":"follow","max-snippet":"max-snippet:-1","max-image-preview":"max-image-preview:large","max-video-preview":"max-video-preview:-1"},"canonical":"https:\/\/elfsight.com\/pt\/subscription-form-widget\/wix\/","og_locale":"pt_PT","og_type":"article","og_title":"Adicione o aplicativo Formul\u00e1rio de Inscri\u00e7\u00e3o ao site Wix (r\u00e1pido e gratuito)","og_description":"Implemente um aplicativo de formul\u00e1rio de assinatura Wix responsivo em seu site. Ajuste todos os campos, escolha um dos 4 modelos de layout e muito mais.","og_url":"https:\/\/elfsight.com\/pt\/subscription-form-widget\/wix\/","og_site_name":"Elfsight PT","article_modified_time":"2025-03-04T06:10:41+00:00","twitter_card":"summary_large_image","twitter_misc":{"Tempo estimado de leitura":"4 minutos"},"schema":{"@context":"https:\/\/schema.org","@graph":[{"@type":"WebPage","@id":"https:\/\/elfsight.com\/pt\/subscription-form-widget\/wix\/","url":"https:\/\/elfsight.com\/pt\/subscription-form-widget\/wix\/","name":"Adicione o aplicativo Formul\u00e1rio de Inscri\u00e7\u00e3o ao site Wix (r\u00e1pido e gratuito)","isPartOf":{"@id":"https:\/\/elfsight.com\/pt\/#website"},"datePublished":"1970-01-01T00:00:00+00:00","dateModified":"2025-03-04T06:10:41+00:00","description":"Implemente um aplicativo de formul\u00e1rio de assinatura Wix responsivo em seu site. Ajuste todos os campos, escolha um dos 4 modelos de layout e muito mais.","breadcrumb":{"@id":"https:\/\/elfsight.com\/pt\/subscription-form-widget\/wix\/#breadcrumb"},"inLanguage":"pt-PT","potentialAction":[{"@type":"ReadAction","target":["https:\/\/elfsight.com\/pt\/subscription-form-widget\/wix\/"]}]},{"@type":"BreadcrumbList","@id":"https:\/\/elfsight.com\/pt\/subscription-form-widget\/wix\/#breadcrumb","itemListElement":[{"@type":"ListItem","position":1,"name":"Home","item":"https:\/\/elfsight.com\/pt\/"},{"@type":"ListItem","position":2,"name":"Subscription Form","item":"https:\/\/elfsight.com\/pt\/subscription-form-widget\/"},{"@type":"ListItem","position":3,"name":"Subscription Form &#8211; Wix"}]},{"@type":"WebSite","@id":"https:\/\/elfsight.com\/pt\/#website","url":"https:\/\/elfsight.com\/pt\/","name":"Elfsight PT","description":"Just another Elfsight Sites site","potentialAction":[{"@type":"SearchAction","target":{"@type":"EntryPoint","urlTemplate":"https:\/\/elfsight.com\/pt\/?s={search_term_string}"},"query-input":{"@type":"PropertyValueSpecification","valueRequired":true,"valueName":"search_term_string"}}],"inLanguage":"pt-PT"}]}},"meta_box":{"industry":"","seo_heading":"","heading":"","description":"","cta_heading":"","cta_description":"","application":"1436","h1":"Aplicativo Formul\u00e1rio de Assinatura Wix","h1_caption":"Colete e-mails em seu site e transforme visitantes em f\u00e3s fi\u00e9is","application_category":[],"applications_title":"","applications_request_title":"","applications_request_button_text":"","hero_text":"","hero_video":"","hero_video_schema_markup":"","selling_points_title":"","selling_points_caption":"","selling_points":[],"selling_points_cta_text":"","features_title":"","features":"","ed_cta_examples_text":"","ed_cta_examples_hidden":"","ed_cta_demo_text":"","ed_cta_demo_hidden":"","why_caption":"","why_editor_title":"","why_editor_text":"","why_team_title":"","why_team_text":"","why_service_title":"","why_service_text":"","template_catalog_visible":"0","template_catalog_title":"","template_catalog_text":"","template_catalog_categories_visible":"","demo_title":"Crie seu aplicativo de formul\u00e1rio de inscri\u00e7\u00e3o","demo_caption":"Configure seu Formul\u00e1rio de Inscri\u00e7\u00e3o e adicione-o ao seu site Wix gratuitamente!","default_faq_hidden":"","app_template_category":[],"platform":"37","template_public_id":"","codecanyon_url":"","codecanyon_item_id":"","codecanyon_price":"","pricing_caption":"","pricing_elfsight_apps_hide_column":"","pricing_elfsight_apps_url":"","pricing_codecanyon_price_caption":"","integration_category":[],"integration_request_title":"","integration_request_cta":"","integration_platform":"","integrations":[],"platform_category":[],"video_schema_markup":"","price":"a partir de US$ 0\/m\u00eas","trial":"","benefits":[{"text":"Ajuda de instala\u00e7\u00e3o gratuita"},{"text":"Suporte ao cliente experiente"},{"text":"Garantia de reembolso de 14 dias"},{"text":"Melhorias gratuitas cont\u00ednuas"}],"button_url":"#demo","button_target_blank":"0","button_nofollow":"0","attributes":[{"name":"Instala\u00e7\u00f5es","content":"10,000 - 100,000"},{"name":"Responsivo","content":"Sim"},{"name":"Navegadores compat\u00edveis","content":"Firefox, Safari, Opera, Chrome, Edge"}],"tags":[],"tags_disable_links":"0","hide_more_platforms":"0","video_object":"","demo_hide_cta":"0","demo_hide_cloud_options":"0","pricing_title":"","pricing":[{"pricing_icon":"platform","pricing_title":"Elfsight Apps","pricing_title_caption":"Solu\u00e7\u00e3o digital multiplataforma que funciona em qualquer site","pricing_price":"a partir de US$ 0\/m\u00eas","pricing_price_caption":"comece com um plano gratuito","pricing_benefits":[{"text":"Sites ilimitados"},{"text":"Suporte profissional ao cliente"},{"text":"Suporte profissional ao cliente"},{"text":"Totalmente personaliz\u00e1vel"}],"pricing_button_text":"Adicionar ao site","pricing_button_url":"#demo"}],"related_apps_title":"","related_apps_hidden":"0","author":"","image":[],"title":"","job":"","social_networks":[]},"_links":{"self":[{"href":"https:\/\/elfsight.com\/pt\/wp-json\/wp\/v2\/pages\/8160","targetHints":{"allow":["GET"]}}],"collection":[{"href":"https:\/\/elfsight.com\/pt\/wp-json\/wp\/v2\/pages"}],"about":[{"href":"https:\/\/elfsight.com\/pt\/wp-json\/wp\/v2\/types\/page"}],"author":[{"embeddable":true,"href":"https:\/\/elfsight.com\/pt\/wp-json\/wp\/v2\/users\/9"}],"replies":[{"embeddable":true,"href":"https:\/\/elfsight.com\/pt\/wp-json\/wp\/v2\/comments?post=8160"}],"version-history":[{"count":2,"href":"https:\/\/elfsight.com\/pt\/wp-json\/wp\/v2\/pages\/8160\/revisions"}],"predecessor-version":[{"id":14241,"href":"https:\/\/elfsight.com\/pt\/wp-json\/wp\/v2\/pages\/8160\/revisions\/14241"}],"up":[{"embeddable":true,"href":"https:\/\/elfsight.com\/pt\/wp-json\/wp\/v2\/pages\/1437"}],"wp:attachment":[{"href":"https:\/\/elfsight.com\/pt\/wp-json\/wp\/v2\/media?parent=8160"}],"curies":[{"name":"wp","href":"https:\/\/api.w.org\/{rel}","templated":true}]}}