{"id":8152,"date":"1970-01-01T00:00:00","date_gmt":"1970-01-01T00:00:00","guid":{"rendered":"https:\/\/elfsight.com\/pt\/?page_id=8152"},"modified":"2025-03-04T06:14:02","modified_gmt":"2025-03-04T06:14:02","slug":"godaddy","status":"publish","type":"page","link":"https:\/\/elfsight.com\/pt\/subscription-form-widget\/godaddy\/","title":{"rendered":"Subscription Form &#8211; GoDaddy"},"content":{"rendered":"\n<div class=\"application-platform-content-item-description application-platform-content-item\" id=\"description\" data-nav-section=\"description\"> <h2>Incorpore o formul\u00e1rio de assinatura no GoDaddy com o widget Elfsight<\/h2> <p>O Elfsight Subscription Form \u00e9 um plugin eficiente para GoDaddy que permite coletar e-mails. Nossa ferramenta lhe d\u00e1 a oportunidade n\u00e3o apenas de construir sua lista de e-mail, mas tamb\u00e9m de faz\u00ea-lo com facilidade &#8211; voc\u00ea pode anexar a se\u00e7\u00e3o principal com legenda, pedir o nome, sobrenome, e-mail ou simplific\u00e1-lo e colocar apenas um campo de e-mail e acompanh\u00e1-lo com uma etiqueta explicativa e um espa\u00e7o reservado. Voc\u00ea tamb\u00e9m ter\u00e1 a oportunidade de conectar sua ferramenta Formul\u00e1rio de Assinatura ao servi\u00e7o Mailchimp. E aplicando um dos quatro layouts predefinidos, voc\u00ea criar\u00e1 a ferramenta que funciona especialmente para voc\u00ea. <\/p> <p><b>Apresente seu formul\u00e1rio de inscri\u00e7\u00e3o para as pessoas certas nas p\u00e1ginas certas do seu site e evite que elas saiam do site! <\/b><\/p> <\/div> <div class=\"application-platform-content-item-features application-platform-content-item\" id=\"features\" data-nav-section=\"features\"> <h2>O plugin possui recursos pr\u00e1ticos e descomplicados, veja alguns deles: <\/h2> <ul><li>Juntar um cabe\u00e7alho com uma legenda informativa. <\/li><li>Integre seu formul\u00e1rio com Mailchimp.<\/li><li>Obtenha seu banco de dados de e-mail em formato CSV. <\/li><li>Campos de formul\u00e1rio personaliz\u00e1veis. <\/li><li>Quatro layouts para selecionar: Incorporado, Lateral, Pop-up, Painel,. <\/li><\/ul><p><a href=\"#demo\">Basta experimentar esta demonstra\u00e7\u00e3o para ver quanto vale o plugin<\/a><\/p> <\/div> <div class=\"application-platform-content-item-installation  application-platform-content-item\" id=\"installation \" data-nav-section=\"installation \"> <h2>Como adicionar o Formul\u00e1rio de Inscri\u00e7\u00e3o no meu site GoDaddy? <\/h2> <p>Basta seguir as orienta\u00e7\u00f5es abaixo para inserir a ferramenta. <\/p> <ol><li><b>Use nossa demonstra\u00e7\u00e3o gratuita e comece a criar seu pr\u00f3prio plugin. <\/b><br> Determine o design personalizado e as caracter\u00edsticas do plugin e aplique as edi\u00e7\u00f5es. <\/li> <li><b>Obtenha seu c\u00f3digo exclusivo que \u00e9 mostrado na janela dos aplicativos Elfsight. <\/b><br> Logo ap\u00f3s a conclus\u00e3o da cria\u00e7\u00e3o da sua ferramenta, copie o c\u00f3digo individual na janela que aparece e guarde-o para uso posterior. <\/li> <li><b>Comece a usar a ferramenta no site da GoDaddy. <\/b><br> Insira o c\u00f3digo que voc\u00ea copiou anteriormente em seu site e salve as melhorias. <\/li> <li><b>Conclu\u00eddo! A configura\u00e7\u00e3o est\u00e1 totalmente conclu\u00edda. <\/b><br> Visite sua p\u00e1gina para dar uma olhada no funcionamento da ferramenta. <\/li><\/ol> <p>Se voc\u00ea tiver alguma dificuldade, sinta-se \u00e0 vontade para entrar em contato com nossa equipe de suporte. Nossos consultores ter\u00e3o prazer em ajud\u00e1-lo com todos os problemas que voc\u00ea possa ter com a ferramenta. <\/p> <div class=\"faq\" data-component=\"FAQ\"> <div class=\"faq-item\">\r\n\t\t\t\t\t<div class=\"faq-item-question\">\r\n\t\t\t\t\t\t<h3 class=\"faq-item-question-text\">Como adicionar o Form Builder ao meu site GoDaddy sem habilidades de codifica\u00e7\u00e3o?<\/h3>\r\n\r\n\t\t\t\t\t\t<div class=\"faq-item-question-icon\"><\/div>\r\n\t\t\t\t\t<\/div>\r\n\r\n\t\t\t\t\t<div class=\"faq-item-answer\">\r\n\t\t\t\t\t\t<div class=\"faq-item-answer-text\"> <p>A Elfsight fornece uma solu\u00e7\u00e3o SaaS que permite que voc\u00ea mesmo crie um widget Form Builder, veja como \u00e9 f\u00e1cil o processo \u00e9: Trabalhe diretamente no Editor on-line para criar um widget Form Builder que voc\u00ea gostaria de ver em seu site GoDaddy. Escolha um dos modelos predefinidos e ajuste as configura\u00e7\u00f5es do Form Builder, adicione seu conte\u00fado, altere o layout e as cores sem nenhuma habilidade de codifica\u00e7\u00e3o. Salve o Form Builder e copie seu c\u00f3digo de instala\u00e7\u00e3o para que voc\u00ea possa adicion\u00e1-lo facilmente ao seu site GoDaddy sem comprar uma assinatura paga. Com nosso editor intuitivo, qualquer usu\u00e1rio da Internet pode criar um widget Form Builder on-line e incorpor\u00e1-lo facilmente ao site GoDaddy. N\u00e3o h\u00e1 necessidade de pagar ou inserir as credenciais do seu cart\u00e3o para acessar o servi\u00e7o. Se voc\u00ea enfrentar algum problema em qualquer etapa, n\u00e3o hesite em entrar em contato com nossa equipe de suporte t\u00e9cnico.<\/p> <\/div>\r\n\t\t\t\t\t<\/div>\r\n\t\t\t\t<\/div><div class=\"faq-item\">\r\n\t\t\t\t\t<div class=\"faq-item-question\">\r\n\t\t\t\t\t\t<h3 class=\"faq-item-question-text\">Voc\u00eas fornecem modelos de formul\u00e1rio de inscri\u00e7\u00e3o para o site GoDaddy?<\/h3>\r\n\r\n\t\t\t\t\t\t<div class=\"faq-item-question-icon\"><\/div>\r\n\t\t\t\t\t<\/div>\r\n\r\n\t\t\t\t\t<div class=\"faq-item-answer\">\r\n\t\t\t\t\t\t<div class=\"faq-item-answer-text\"><p>Sim, existem mais de 300 modelos prontos para usar para voc\u00ea escolher. Experimente os <a href=\"https:\/\/elfsight.com\/online-form-builder\/templates\/subscription-forms\/\">modelos de formul\u00e1rio de inscri\u00e7\u00e3o<\/a> e diga-nos qual voc\u00ea mais gosta.<\/p><\/div>\r\n\t\t\t\t\t<\/div>\r\n\t\t\t\t<\/div> <\/div> <\/div>\n","protected":false},"excerpt":{"rendered":"","protected":false},"author":9,"featured_media":0,"parent":1437,"menu_order":0,"comment_status":"closed","ping_status":"closed","template":"templates\/template-application-platform.php","meta":{"publish_to_discourse":"","publish_post_category":"","wpdc_auto_publish_overridden":"","wpdc_topic_tags":"","wpdc_pin_topic":"","wpdc_pin_until":"","discourse_post_id":"","discourse_permalink":"","wpdc_publishing_response":"","wpdc_publishing_error":"","footnotes":""},"class_list":["post-8152","page","type-page","status-publish","hentry"],"yoast_head":"<!-- This site is optimized with the Yoast SEO plugin v25.3.1 - https:\/\/yoast.com\/wordpress\/plugins\/seo\/ -->\n<title>Formul\u00e1rio de Assinatura - Adicione o plugin do Formul\u00e1rio de Assinatura ao site GoDaddy!<\/title>\n<meta name=\"description\" content=\"Adicione o plugin GoDaddy Subscription Form ao seu site. Projete todos os campos, selecione um dos quatro layouts prontos e muito mais!\" \/>\n<meta name=\"robots\" content=\"index, follow, max-snippet:-1, max-image-preview:large, max-video-preview:-1\" \/>\n<link rel=\"canonical\" href=\"https:\/\/elfsight.com\/pt\/subscription-form-widget\/godaddy\/\" \/>\n<meta property=\"og:locale\" content=\"pt_PT\" \/>\n<meta property=\"og:type\" content=\"article\" \/>\n<meta property=\"og:title\" content=\"Formul\u00e1rio de Assinatura - Adicione o plugin do Formul\u00e1rio de Assinatura ao site GoDaddy!\" \/>\n<meta property=\"og:description\" content=\"Adicione o plugin GoDaddy Subscription Form ao seu site. Projete todos os campos, selecione um dos quatro layouts prontos e muito mais!\" \/>\n<meta property=\"og:url\" content=\"https:\/\/elfsight.com\/pt\/subscription-form-widget\/godaddy\/\" \/>\n<meta property=\"og:site_name\" content=\"Elfsight PT\" \/>\n<meta property=\"article:modified_time\" content=\"2025-03-04T06:14:02+00:00\" \/>\n<meta name=\"twitter:card\" content=\"summary_large_image\" \/>\n<meta name=\"twitter:label1\" content=\"Tempo estimado de leitura\" \/>\n\t<meta name=\"twitter:data1\" content=\"4 minutos\" \/>\n<!-- \/ Yoast SEO plugin. -->","yoast_head_json":{"title":"Formul\u00e1rio de Assinatura - Adicione o plugin do Formul\u00e1rio de Assinatura ao site GoDaddy!","description":"Adicione o plugin GoDaddy Subscription Form ao seu site. Projete todos os campos, selecione um dos quatro layouts prontos e muito mais!","robots":{"index":"index","follow":"follow","max-snippet":"max-snippet:-1","max-image-preview":"max-image-preview:large","max-video-preview":"max-video-preview:-1"},"canonical":"https:\/\/elfsight.com\/pt\/subscription-form-widget\/godaddy\/","og_locale":"pt_PT","og_type":"article","og_title":"Formul\u00e1rio de Assinatura - Adicione o plugin do Formul\u00e1rio de Assinatura ao site GoDaddy!","og_description":"Adicione o plugin GoDaddy Subscription Form ao seu site. Projete todos os campos, selecione um dos quatro layouts prontos e muito mais!","og_url":"https:\/\/elfsight.com\/pt\/subscription-form-widget\/godaddy\/","og_site_name":"Elfsight PT","article_modified_time":"2025-03-04T06:14:02+00:00","twitter_card":"summary_large_image","twitter_misc":{"Tempo estimado de leitura":"4 minutos"},"schema":{"@context":"https:\/\/schema.org","@graph":[{"@type":"WebPage","@id":"https:\/\/elfsight.com\/pt\/subscription-form-widget\/godaddy\/","url":"https:\/\/elfsight.com\/pt\/subscription-form-widget\/godaddy\/","name":"Formul\u00e1rio de Assinatura - Adicione o plugin do Formul\u00e1rio de Assinatura ao site GoDaddy!","isPartOf":{"@id":"https:\/\/elfsight.com\/pt\/#website"},"datePublished":"1970-01-01T00:00:00+00:00","dateModified":"2025-03-04T06:14:02+00:00","description":"Adicione o plugin GoDaddy Subscription Form ao seu site. Projete todos os campos, selecione um dos quatro layouts prontos e muito mais!","breadcrumb":{"@id":"https:\/\/elfsight.com\/pt\/subscription-form-widget\/godaddy\/#breadcrumb"},"inLanguage":"pt-PT","potentialAction":[{"@type":"ReadAction","target":["https:\/\/elfsight.com\/pt\/subscription-form-widget\/godaddy\/"]}]},{"@type":"BreadcrumbList","@id":"https:\/\/elfsight.com\/pt\/subscription-form-widget\/godaddy\/#breadcrumb","itemListElement":[{"@type":"ListItem","position":1,"name":"Home","item":"https:\/\/elfsight.com\/pt\/"},{"@type":"ListItem","position":2,"name":"Subscription Form","item":"https:\/\/elfsight.com\/pt\/subscription-form-widget\/"},{"@type":"ListItem","position":3,"name":"Subscription Form &#8211; GoDaddy"}]},{"@type":"WebSite","@id":"https:\/\/elfsight.com\/pt\/#website","url":"https:\/\/elfsight.com\/pt\/","name":"Elfsight PT","description":"Just another Elfsight Sites site","potentialAction":[{"@type":"SearchAction","target":{"@type":"EntryPoint","urlTemplate":"https:\/\/elfsight.com\/pt\/?s={search_term_string}"},"query-input":{"@type":"PropertyValueSpecification","valueRequired":true,"valueName":"search_term_string"}}],"inLanguage":"pt-PT"}]}},"meta_box":{"industry":"","seo_heading":"","heading":"","description":"","cta_heading":"","cta_description":"","application":"1436","h1":"Plug-in de formul\u00e1rio de assinatura GoDaddy","h1_caption":"Receba e-mails em seu site e transforme visitantes em f\u00e3s","application_category":[],"applications_title":"","applications_request_title":"","applications_request_button_text":"","hero_text":"","hero_video":"","hero_video_schema_markup":"","selling_points_title":"","selling_points_caption":"","selling_points":[],"selling_points_cta_text":"","features_title":"","features":"","ed_cta_examples_text":"","ed_cta_examples_hidden":"","ed_cta_demo_text":"","ed_cta_demo_hidden":"","why_caption":"","why_editor_title":"","why_editor_text":"","why_team_title":"","why_team_text":"","why_service_title":"","why_service_text":"","template_catalog_visible":"0","template_catalog_title":"","template_catalog_text":"","template_catalog_categories_visible":"","demo_title":"Crie seu plugin de formul\u00e1rio de inscri\u00e7\u00e3o","demo_caption":"Configure seu Formul\u00e1rio de Inscri\u00e7\u00e3o e adicione-o ao site GoDaddy gratuitamente!","default_faq_hidden":"","app_template_category":[],"platform":"4908","template_public_id":"","codecanyon_url":"","codecanyon_item_id":"","codecanyon_price":"","pricing_caption":"","pricing_elfsight_apps_hide_column":"","pricing_elfsight_apps_url":"","pricing_codecanyon_price_caption":"","integration_category":[],"integration_request_title":"","integration_request_cta":"","integration_platform":"","integrations":[],"platform_category":[],"video_schema_markup":"","price":"a partir de US$ 0\/m\u00eas","trial":"","benefits":[{"text":"Servi\u00e7o de instala\u00e7\u00e3o gratuito"},{"text":"Suporte premium"},{"text":"Garantia de reembolso de 14 dias"},{"text":"Melhorias gratuitas cont\u00ednuas"}],"button_url":"#demo","button_target_blank":"0","button_nofollow":"0","attributes":[{"name":"Instala\u00e7\u00f5es","content":"10,000 - 100,000"},{"name":"Responsivo","content":"Sim"},{"name":"Navegadores compat\u00edveis","content":"IE11, Firefox, Safari, Opera, Chrome, Edge"}],"tags":[],"tags_disable_links":"0","hide_more_platforms":"0","video_object":"","demo_hide_cta":"0","demo_hide_cloud_options":"0","pricing_title":"","pricing":[{"pricing_icon":"platform","pricing_title":"Elfsight Apps","pricing_title_caption":"Solu\u00e7\u00e3o multiplataforma adequada para qualquer site","pricing_price":"a partir de US$ 0\/m\u00eas","pricing_price_caption":"comece com plano gratuito","pricing_benefits":[{"text":"Dom\u00ednios ilimitados"},{"text":"Suporte dedicado ao cliente"},{"text":"Suporte dedicado ao cliente"},{"text":"Totalmente personaliz\u00e1vel"}],"pricing_button_text":"Adicionar ao site","pricing_button_url":"#demo"}],"related_apps_title":"","related_apps_hidden":"0","author":"","image":[],"title":"","job":"","social_networks":[]},"_links":{"self":[{"href":"https:\/\/elfsight.com\/pt\/wp-json\/wp\/v2\/pages\/8152","targetHints":{"allow":["GET"]}}],"collection":[{"href":"https:\/\/elfsight.com\/pt\/wp-json\/wp\/v2\/pages"}],"about":[{"href":"https:\/\/elfsight.com\/pt\/wp-json\/wp\/v2\/types\/page"}],"author":[{"embeddable":true,"href":"https:\/\/elfsight.com\/pt\/wp-json\/wp\/v2\/users\/9"}],"replies":[{"embeddable":true,"href":"https:\/\/elfsight.com\/pt\/wp-json\/wp\/v2\/comments?post=8152"}],"version-history":[{"count":2,"href":"https:\/\/elfsight.com\/pt\/wp-json\/wp\/v2\/pages\/8152\/revisions"}],"predecessor-version":[{"id":14245,"href":"https:\/\/elfsight.com\/pt\/wp-json\/wp\/v2\/pages\/8152\/revisions\/14245"}],"up":[{"embeddable":true,"href":"https:\/\/elfsight.com\/pt\/wp-json\/wp\/v2\/pages\/1437"}],"wp:attachment":[{"href":"https:\/\/elfsight.com\/pt\/wp-json\/wp\/v2\/media?parent=8152"}],"curies":[{"name":"wp","href":"https:\/\/api.w.org\/{rel}","templated":true}]}}