{"id":8151,"date":"1970-01-01T00:00:00","date_gmt":"1970-01-01T00:00:00","guid":{"rendered":"https:\/\/elfsight.com\/pt\/?page_id=8151"},"modified":"2025-03-04T06:15:35","modified_gmt":"2025-03-04T06:15:35","slug":"prestashop","status":"publish","type":"page","link":"https:\/\/elfsight.com\/pt\/subscription-form-widget\/prestashop\/","title":{"rendered":"Subscription Form &#8211; PrestaShop"},"content":{"rendered":"\n<div class=\"application-platform-content-item-description application-platform-content-item\" id=\"description\" data-nav-section=\"description\"> <h2>Descri\u00e7\u00e3o<\/h2> <p>O Formul\u00e1rio de Assinatura da Elfsight \u00e9 uma ferramenta \u00fatil que lhe d\u00e1 a possibilidade de coletar e-mails. O plugin oferece a op\u00e7\u00e3o n\u00e3o apenas de construir sua lista de e-mail, mas de faz\u00ea-lo de forma eficiente &#8211; voc\u00ea \u00e9 livre para adicionar o cabe\u00e7alho com legenda ao formul\u00e1rio, pedir o primeiro nome e endere\u00e7o de e-mail ou mant\u00ea-lo simples e colocar apenas um campo de e-mail e acompanhe-o com uma etiqueta explicativa e um espa\u00e7o reservado. Tamb\u00e9m existe a op\u00e7\u00e3o de conectar o widget Formul\u00e1rio de Assinatura ao Mailchimp. E aplicando um dos 4 modelos de layout pr\u00e9-fabricados oferecidos, voc\u00ea poder\u00e1 projetar a ferramenta que funciona especialmente para voc\u00ea. <\/p><p><b>Apresente seu formul\u00e1rio de inscri\u00e7\u00e3o para as pessoas certas nas p\u00e1ginas certas do seu site e evite que elas saiam do lugar!<\/b><\/p><\/div> <div class=\"application-platform-content-item-features  application-platform-content-item\" id=\"features \" data-nav-section=\"features \"> <h2>Aqui est\u00e3o os recursos centrais do widget: <\/h2> <ul><li>Anexe uma se\u00e7\u00e3o de cabe\u00e7alho com uma legenda envolvente. <\/li><li>Vincule seu formul\u00e1rio de inscri\u00e7\u00e3o ao Mailchimp.<\/li><li>Obtenha seu banco de dados de e-mail em formato CSV. <\/li><li>Campos de formul\u00e1rio personaliz\u00e1veis. <\/li><li>Quatro layouts para escolher: Lateral, Painel, Incorporado, Pop-up. <\/li><\/ul><p><a href=\"#demo\">Experimente todas as configura\u00e7\u00f5es na demonstra\u00e7\u00e3o completa<\/a><\/p> <\/div> <div class=\"application-platform-content-item-installation application-platform-content-item\" id=\"installation\" data-nav-section=\"installation\"> <h2>Como incorporar o formul\u00e1rio de inscri\u00e7\u00e3o no meu site PrestaShop? <\/h2> <p>Basta seguir as orienta\u00e7\u00f5es abaixo para adicionar o widget. <\/p> <ol><li><b>Utilize nosso configurador gratuito e comece a criar seu instrumento personalizado.<\/b><br> Encontre a apar\u00eancia e a funcionalidade desejadas do widget e salve as edi\u00e7\u00f5es.<\/li> <li><b>Receba o seu c\u00f3digo individual mostrado na caixa nas aplica\u00e7\u00f5es Elfsight.<\/b><br> Assim que a personaliza\u00e7\u00e3o do seu widget estiver conclu\u00edda, copie o c\u00f3digo individual na caixa que aparece e guarde-o para uso futuro. precisa.<\/li> <li><b>Inicie a utiliza\u00e7\u00e3o do addon na p\u00e1gina inicial do PrestaShop.<\/b><br> Adicione o c\u00f3digo que voc\u00ea copiou anteriormente em seu site e aplique as corre\u00e7\u00f5es.<\/li> &lt;li <b>Conclu\u00eddo! A integra\u00e7\u00e3o \u00e9 totalmente realizada.<\/b><br> Visite seu site para observar como funciona a ferramenta. <\/li><\/ol> <p>Caso voc\u00ea tenha d\u00favidas ou tenha alguma complica\u00e7\u00e3o, n\u00e3o tenha medo de recorrer \u00e0 nossa equipe de suporte. Nossos especialistas est\u00e3o ansiosos para ajud\u00e1-lo com todas as dificuldades que voc\u00ea possa ter com o produto. <\/p> <div class=\"faq\" data-component=\"FAQ\"> <div class=\"faq-item\">\r\n\t\t\t\t\t<div class=\"faq-item-question\">\r\n\t\t\t\t\t\t<h3 class=\"faq-item-question-text\">Como posso adicionar o Form Builder ao meu site PrestaShop sem habilidades de codifica\u00e7\u00e3o?<\/h3>\r\n\r\n\t\t\t\t\t\t<div class=\"faq-item-question-icon\"><\/div>\r\n\t\t\t\t\t<\/div>\r\n\r\n\t\t\t\t\t<div class=\"faq-item-answer\">\r\n\t\t\t\t\t\t<div class=\"faq-item-answer-text\"> <p>A Elfsight fornece uma solu\u00e7\u00e3o SaaS que permite que voc\u00ea mesmo crie um widget Form Builder, veja como \u00e9 f\u00e1cil O processo \u00e9: Trabalhe diretamente no Editor on-line para criar um widget Form Builder que voc\u00ea gostaria de ver no seu site PrestaShop. Escolha um dos modelos predefinidos e ajuste as configura\u00e7\u00f5es do Form Builder, adicione seu conte\u00fado, altere o layout e o esquema de cores sem habilidades de codifica\u00e7\u00e3o. Salve o Form Builder e copie seu c\u00f3digo de instala\u00e7\u00e3o, para que voc\u00ea possa adicion\u00e1-lo facilmente ao seu site PrestaShop, sem a necessidade de comprar uma vers\u00e3o paga. Com nosso editor intuitivo, qualquer usu\u00e1rio da Internet pode criar um widget Form Builder on-line e incorpor\u00e1-lo facilmente ao site PrestaShop. N\u00e3o h\u00e1 necessidade de pagar ou inserir as credenciais do seu cart\u00e3o para acessar o servi\u00e7o. Se voc\u00ea enfrentar qualquer problema em qualquer etapa, n\u00e3o hesite em entrar em contato com nossa equipe de suporte t\u00e9cnico.<\/p> <\/div>\r\n\t\t\t\t\t<\/div>\r\n\t\t\t\t<\/div><div class=\"faq-item\">\r\n\t\t\t\t\t<div class=\"faq-item-question\">\r\n\t\t\t\t\t\t<h3 class=\"faq-item-question-text\">Voc\u00ea tem algum modelo de formul\u00e1rio de inscri\u00e7\u00e3o pr\u00e9-fabricado para o site PrestaShop?<\/h3>\r\n\r\n\t\t\t\t\t\t<div class=\"faq-item-question-icon\"><\/div>\r\n\t\t\t\t\t<\/div>\r\n\r\n\t\t\t\t\t<div class=\"faq-item-answer\">\r\n\t\t\t\t\t\t<div class=\"faq-item-answer-text\"><p>Sim, a Elfsight oferece uma enorme biblioteca com mais de 300 modelos para qualquer caso. Percorra os <a href=\"https:\/\/elfsight.com\/online-form-builder\/templates\/subscription-forms\/\">modelos de formul\u00e1rio de inscri\u00e7\u00e3o<\/a> e decida qual deles funciona melhor para voc\u00ea.<\/p> <\/div>\r\n\t\t\t\t\t<\/div>\r\n\t\t\t\t<\/div> <\/div> <\/div>\n","protected":false},"excerpt":{"rendered":"","protected":false},"author":9,"featured_media":0,"parent":1437,"menu_order":0,"comment_status":"closed","ping_status":"closed","template":"templates\/template-application-platform.php","meta":{"publish_to_discourse":"","publish_post_category":"","wpdc_auto_publish_overridden":"","wpdc_topic_tags":"","wpdc_pin_topic":"","wpdc_pin_until":"","discourse_post_id":"","discourse_permalink":"","wpdc_publishing_response":"","wpdc_publishing_error":"","footnotes":""},"class_list":["post-8151","page","type-page","status-publish","hentry"],"yoast_head":"<!-- This site is optimized with the Yoast SEO plugin v25.3.1 - https:\/\/yoast.com\/wordpress\/plugins\/seo\/ -->\n<title>Adicione o plugin Formul\u00e1rio de Assinatura ao site PrestaShop (r\u00e1pido e gratuito)<\/title>\n<meta name=\"description\" content=\"Integre um complemento de formul\u00e1rio de assinatura PrestaShop ao seu site. Ajuste todos os campos, escolha um dos 4 modelos de layout e muito mais.\" \/>\n<meta name=\"robots\" content=\"index, follow, max-snippet:-1, max-image-preview:large, max-video-preview:-1\" \/>\n<link rel=\"canonical\" href=\"https:\/\/elfsight.com\/pt\/subscription-form-widget\/prestashop\/\" \/>\n<meta property=\"og:locale\" content=\"pt_PT\" \/>\n<meta property=\"og:type\" content=\"article\" \/>\n<meta property=\"og:title\" content=\"Adicione o plugin Formul\u00e1rio de Assinatura ao site PrestaShop (r\u00e1pido e gratuito)\" \/>\n<meta property=\"og:description\" content=\"Integre um complemento de formul\u00e1rio de assinatura PrestaShop ao seu site. Ajuste todos os campos, escolha um dos 4 modelos de layout e muito mais.\" \/>\n<meta property=\"og:url\" content=\"https:\/\/elfsight.com\/pt\/subscription-form-widget\/prestashop\/\" \/>\n<meta property=\"og:site_name\" content=\"Elfsight PT\" \/>\n<meta property=\"article:modified_time\" content=\"2025-03-04T06:15:35+00:00\" \/>\n<meta name=\"twitter:card\" content=\"summary_large_image\" \/>\n<meta name=\"twitter:label1\" content=\"Tempo estimado de leitura\" \/>\n\t<meta name=\"twitter:data1\" content=\"4 minutos\" \/>\n<!-- \/ Yoast SEO plugin. -->","yoast_head_json":{"title":"Adicione o plugin Formul\u00e1rio de Assinatura ao site PrestaShop (r\u00e1pido e gratuito)","description":"Integre um complemento de formul\u00e1rio de assinatura PrestaShop ao seu site. Ajuste todos os campos, escolha um dos 4 modelos de layout e muito mais.","robots":{"index":"index","follow":"follow","max-snippet":"max-snippet:-1","max-image-preview":"max-image-preview:large","max-video-preview":"max-video-preview:-1"},"canonical":"https:\/\/elfsight.com\/pt\/subscription-form-widget\/prestashop\/","og_locale":"pt_PT","og_type":"article","og_title":"Adicione o plugin Formul\u00e1rio de Assinatura ao site PrestaShop (r\u00e1pido e gratuito)","og_description":"Integre um complemento de formul\u00e1rio de assinatura PrestaShop ao seu site. Ajuste todos os campos, escolha um dos 4 modelos de layout e muito mais.","og_url":"https:\/\/elfsight.com\/pt\/subscription-form-widget\/prestashop\/","og_site_name":"Elfsight PT","article_modified_time":"2025-03-04T06:15:35+00:00","twitter_card":"summary_large_image","twitter_misc":{"Tempo estimado de leitura":"4 minutos"},"schema":{"@context":"https:\/\/schema.org","@graph":[{"@type":"WebPage","@id":"https:\/\/elfsight.com\/pt\/subscription-form-widget\/prestashop\/","url":"https:\/\/elfsight.com\/pt\/subscription-form-widget\/prestashop\/","name":"Adicione o plugin Formul\u00e1rio de Assinatura ao site PrestaShop (r\u00e1pido e gratuito)","isPartOf":{"@id":"https:\/\/elfsight.com\/pt\/#website"},"datePublished":"1970-01-01T00:00:00+00:00","dateModified":"2025-03-04T06:15:35+00:00","description":"Integre um complemento de formul\u00e1rio de assinatura PrestaShop ao seu site. Ajuste todos os campos, escolha um dos 4 modelos de layout e muito mais.","breadcrumb":{"@id":"https:\/\/elfsight.com\/pt\/subscription-form-widget\/prestashop\/#breadcrumb"},"inLanguage":"pt-PT","potentialAction":[{"@type":"ReadAction","target":["https:\/\/elfsight.com\/pt\/subscription-form-widget\/prestashop\/"]}]},{"@type":"BreadcrumbList","@id":"https:\/\/elfsight.com\/pt\/subscription-form-widget\/prestashop\/#breadcrumb","itemListElement":[{"@type":"ListItem","position":1,"name":"Home","item":"https:\/\/elfsight.com\/pt\/"},{"@type":"ListItem","position":2,"name":"Subscription Form","item":"https:\/\/elfsight.com\/pt\/subscription-form-widget\/"},{"@type":"ListItem","position":3,"name":"Subscription Form &#8211; PrestaShop"}]},{"@type":"WebSite","@id":"https:\/\/elfsight.com\/pt\/#website","url":"https:\/\/elfsight.com\/pt\/","name":"Elfsight PT","description":"Just another Elfsight Sites site","potentialAction":[{"@type":"SearchAction","target":{"@type":"EntryPoint","urlTemplate":"https:\/\/elfsight.com\/pt\/?s={search_term_string}"},"query-input":{"@type":"PropertyValueSpecification","valueRequired":true,"valueName":"search_term_string"}}],"inLanguage":"pt-PT"}]}},"meta_box":{"industry":"","seo_heading":"","heading":"","description":"","cta_heading":"","cta_description":"","application":"1436","h1":"Complemento de formul\u00e1rio de assinatura PrestaShop","h1_caption":"Receba e-mails em seu site e transforme visitantes em f\u00e3s fi\u00e9is","application_category":[],"applications_title":"","applications_request_title":"","applications_request_button_text":"","hero_text":"","hero_video":"","hero_video_schema_markup":"","selling_points_title":"","selling_points_caption":"","selling_points":[],"selling_points_cta_text":"","features_title":"","features":"","ed_cta_examples_text":"","ed_cta_examples_hidden":"","ed_cta_demo_text":"","ed_cta_demo_hidden":"","why_caption":"","why_editor_title":"","why_editor_text":"","why_team_title":"","why_team_text":"","why_service_title":"","why_service_text":"","template_catalog_visible":"0","template_catalog_title":"","template_catalog_text":"","template_catalog_categories_visible":"","demo_title":"Crie seu complemento de formul\u00e1rio de inscri\u00e7\u00e3o","demo_caption":"Configure seu Formul\u00e1rio de Inscri\u00e7\u00e3o e adicione-o gratuitamente ao seu site PrestaShop!","default_faq_hidden":"","app_template_category":[],"platform":"5343","template_public_id":"","codecanyon_url":"","codecanyon_item_id":"","codecanyon_price":"","pricing_caption":"","pricing_elfsight_apps_hide_column":"","pricing_elfsight_apps_url":"","pricing_codecanyon_price_caption":"","integration_category":[],"integration_request_title":"","integration_request_cta":"","integration_platform":"","integrations":[],"platform_category":[],"video_schema_markup":"","price":"a partir de US$ 0\/m\u00eas","trial":"","benefits":[{"text":"Servi\u00e7o de instala\u00e7\u00e3o gratuito"},{"text":"Suporte excepcional"},{"text":"Garantia de devolu\u00e7\u00e3o do dinheiro em 14 dias"},{"text":"Atualizando constantemente"}],"button_url":"#demo","button_target_blank":"0","button_nofollow":"0","attributes":[{"name":"Instala\u00e7\u00f5es","content":"10,000 - 100,000"},{"name":"Responsivo","content":"Sim"},{"name":"Navegadores compat\u00edveis","content":"Firefox, Safari, Opera, Chrome, Edge"}],"tags":[],"tags_disable_links":"0","hide_more_platforms":"0","video_object":"","demo_hide_cta":"0","demo_hide_cloud_options":"0","pricing_title":"","pricing":[{"pricing_icon":"platform","pricing_title":"Elfsight Apps","pricing_title_caption":"Solu\u00e7\u00e3o multiplataforma","pricing_price":"a partir de US$ 0\/m\u00eas","pricing_price_caption":"comece com um plano gratuito","pricing_benefits":[{"text":"Dom\u00ednios ilimitados"},{"text":"Suporte ao cliente premium"},{"text":"Suporte ao cliente premium"},{"text":"Design flex\u00edvel"}],"pricing_button_text":"Adicionar ao site","pricing_button_url":"#demo"}],"related_apps_title":"","related_apps_hidden":"0","author":"","image":[],"title":"","job":"","social_networks":[]},"_links":{"self":[{"href":"https:\/\/elfsight.com\/pt\/wp-json\/wp\/v2\/pages\/8151","targetHints":{"allow":["GET"]}}],"collection":[{"href":"https:\/\/elfsight.com\/pt\/wp-json\/wp\/v2\/pages"}],"about":[{"href":"https:\/\/elfsight.com\/pt\/wp-json\/wp\/v2\/types\/page"}],"author":[{"embeddable":true,"href":"https:\/\/elfsight.com\/pt\/wp-json\/wp\/v2\/users\/9"}],"replies":[{"embeddable":true,"href":"https:\/\/elfsight.com\/pt\/wp-json\/wp\/v2\/comments?post=8151"}],"version-history":[{"count":2,"href":"https:\/\/elfsight.com\/pt\/wp-json\/wp\/v2\/pages\/8151\/revisions"}],"predecessor-version":[{"id":14247,"href":"https:\/\/elfsight.com\/pt\/wp-json\/wp\/v2\/pages\/8151\/revisions\/14247"}],"up":[{"embeddable":true,"href":"https:\/\/elfsight.com\/pt\/wp-json\/wp\/v2\/pages\/1437"}],"wp:attachment":[{"href":"https:\/\/elfsight.com\/pt\/wp-json\/wp\/v2\/media?parent=8151"}],"curies":[{"name":"wp","href":"https:\/\/api.w.org\/{rel}","templated":true}]}}