{"id":8145,"date":"1970-01-01T00:00:00","date_gmt":"1970-01-01T00:00:00","guid":{"rendered":"https:\/\/elfsight.com\/pt\/?page_id=8145"},"modified":"2025-03-07T08:57:27","modified_gmt":"2025-03-07T08:57:27","slug":"squarespace","status":"publish","type":"page","link":"https:\/\/elfsight.com\/pt\/store-locator-widget\/squarespace\/","title":{"rendered":"Store Locator &#8211; Squarespace"},"content":{"rendered":"\n<div class=\"application-platform-content-item-description application-platform-content-item\" id=\"description\" data-nav-section=\"description\"> <h2>Incorpore o Store Locator no Squarespace com um plugin Elfsight<\/h2> <p>O Elfsight Store Locator para Squarespace \u00e9 um widget poderoso e personaliz\u00e1vel projetado para melhorar a usabilidade do seu site e a satisfa\u00e7\u00e3o do cliente, tornando mais f\u00e1cil do que nunca para os seus clientes visitarem o seu endere\u00e7o comercial. Com um conjunto de recursos poderosos adaptados para versatilidade e desempenho, este widget \u00e9 a solu\u00e7\u00e3o perfeita para demonstrar a localiza\u00e7\u00e3o f\u00edsica de sua empresa de maneira interativa e f\u00e1cil de usar. Incorpore-o agora mesmo e observe como ele transforma seu site em um localizador de lojas orientado ao usu\u00e1rio! <\/p> <p>Ao incorporar o widget, voc\u00ea aumentar\u00e1 sua credibilidade junto aos clientes, fornecendo informa\u00e7\u00f5es detalhadas sobre a localiza\u00e7\u00e3o f\u00edsica de sua empresa, assegurando-lhes sua presen\u00e7a estabelecida. Isso pode resultar em uma tomada de decis\u00e3o mais r\u00e1pida e em uma melhor experi\u00eancia de compra entre os visitantes. <\/p><p><b>Experimente o extraordin\u00e1rio localizador de lojas para apresentar sua localiza\u00e7\u00e3o e detalhes significativos da opera\u00e7\u00e3o. Forne\u00e7a seu endere\u00e7o real e informa\u00e7\u00f5es relevantes para receber clientes adicionais na loja.<\/b><\/p><\/div> <div class=\"application-platform-content-item-features application-platform-content-item\" id=\"features\" data-nav-section=\"features\"> <h2>Conhe\u00e7a a lista dos recursos mais \u00fateis:<\/h2> <ul><li>Sele\u00e7\u00e3o de localiza\u00e7\u00e3o f\u00e1cil<\/li><li>Recursos de mapa intuitivos<\/li><li>Bot\u00f5es CTA de localiza\u00e7\u00e3o com integra\u00e7\u00f5es <\/li><li>Cart\u00e3o de localiza\u00e7\u00e3o simples na sele\u00e7\u00e3o do marcador<\/li> <li>Localiza\u00e7\u00e3o, hor\u00e1rio de trabalho e hor\u00e1rio de trabalho, status da atividade<\/li><\/ul><p><a href=\"#demo\">Voc\u00ea pode descobrir o que o widget oferece com a ajuda da demonstra\u00e7\u00e3o<\/a><\/p><\/div> <div class=\"application-platform-content-item-instala\u00e7\u00e3o application-platform-content-item\" id=\"instala\u00e7\u00e3o\" data-nav-section=\"instala\u00e7\u00e3o\"> <h2>Como posso integrar o Store Locator \u00e0 minha p\u00e1gina do Squarespace?<\/h2> <p>Basta seguir as diretrizes abaixo para integrar a ferramenta.<\/p> <ol><li><b> Utilize nosso configurador gratuito e comece a formar seu widget exclusivo. <\/b><br> Determine a interface personalizada e as especifica\u00e7\u00f5es do widget e salve as modifica\u00e7\u00f5es. <\/li> <li><b>Adquira o seu c\u00f3digo pessoal exposto na caixa das Apps da Elfsight. <\/b><br> Quando a cria\u00e7\u00e3o da sua ferramenta pessoal estiver conclu\u00edda, copie o c\u00f3digo pessoal na caixa que surgiu e guarde-o para futuras ocasi\u00f5es. <\/li> <li><b>Iniciar a utiliza\u00e7\u00e3o da ferramenta na p\u00e1gina do Squarespace. <\/b><br> Implemente o c\u00f3digo que voc\u00ea copiou anteriormente em sua p\u00e1gina e salve os ajustes. <\/li> <li><b>A instala\u00e7\u00e3o est\u00e1 totalmente conclu\u00edda. <\/b><br> Visite seu site para verificar o funcionamento do widget. <\/li><\/ol> <p>Na condi\u00e7\u00e3o de lidar com d\u00favidas ou enfrentar alguns problemas, entre em contato com nossa equipe de suporte. Nossos consultores est\u00e3o ansiosos para resolver todas as d\u00favidas que voc\u00ea possa ter com a ferramenta. <\/p><\/div>\n","protected":false},"excerpt":{"rendered":"","protected":false},"author":9,"featured_media":0,"parent":5164,"menu_order":0,"comment_status":"closed","ping_status":"closed","template":"templates\/template-application-platform.php","meta":{"publish_to_discourse":"","publish_post_category":"","wpdc_auto_publish_overridden":"","wpdc_topic_tags":"","wpdc_pin_topic":"","wpdc_pin_until":"","discourse_post_id":"","discourse_permalink":"","wpdc_publishing_response":"","wpdc_publishing_error":"","footnotes":""},"class_list":["post-8145","page","type-page","status-publish","hentry"],"yoast_head":"<!-- This site is optimized with the Yoast SEO plugin v25.3.1 - https:\/\/yoast.com\/wordpress\/plugins\/seo\/ -->\n<title>Adicionar localizador de lojas ao Squarespace - incorporar mapa com localiza\u00e7\u00e3o<\/title>\n<meta name=\"description\" content=\"Adicione o Store Locator ao seu site do Squarespace para ganhar mais confian\u00e7a. Experimente uma demonstra\u00e7\u00e3o conveniente da Elfsight para criar o widget em poucos minutos.\" \/>\n<meta name=\"robots\" content=\"index, follow, max-snippet:-1, max-image-preview:large, max-video-preview:-1\" \/>\n<link rel=\"canonical\" href=\"https:\/\/elfsight.com\/pt\/store-locator-widget\/squarespace\/\" \/>\n<meta property=\"og:locale\" content=\"pt_PT\" \/>\n<meta property=\"og:type\" content=\"article\" \/>\n<meta property=\"og:title\" content=\"Adicionar localizador de lojas ao Squarespace - incorporar mapa com localiza\u00e7\u00e3o\" \/>\n<meta property=\"og:description\" content=\"Adicione o Store Locator ao seu site do Squarespace para ganhar mais confian\u00e7a. Experimente uma demonstra\u00e7\u00e3o conveniente da Elfsight para criar o widget em poucos minutos.\" \/>\n<meta property=\"og:url\" content=\"https:\/\/elfsight.com\/pt\/store-locator-widget\/squarespace\/\" \/>\n<meta property=\"og:site_name\" content=\"Elfsight PT\" \/>\n<meta property=\"article:modified_time\" content=\"2025-03-07T08:57:27+00:00\" \/>\n<meta name=\"twitter:card\" content=\"summary_large_image\" \/>\n<meta name=\"twitter:label1\" content=\"Tempo estimado de leitura\" \/>\n\t<meta name=\"twitter:data1\" content=\"3 minutos\" \/>\n<!-- \/ Yoast SEO plugin. -->","yoast_head_json":{"title":"Adicionar localizador de lojas ao Squarespace - incorporar mapa com localiza\u00e7\u00e3o","description":"Adicione o Store Locator ao seu site do Squarespace para ganhar mais confian\u00e7a. Experimente uma demonstra\u00e7\u00e3o conveniente da Elfsight para criar o widget em poucos minutos.","robots":{"index":"index","follow":"follow","max-snippet":"max-snippet:-1","max-image-preview":"max-image-preview:large","max-video-preview":"max-video-preview:-1"},"canonical":"https:\/\/elfsight.com\/pt\/store-locator-widget\/squarespace\/","og_locale":"pt_PT","og_type":"article","og_title":"Adicionar localizador de lojas ao Squarespace - incorporar mapa com localiza\u00e7\u00e3o","og_description":"Adicione o Store Locator ao seu site do Squarespace para ganhar mais confian\u00e7a. Experimente uma demonstra\u00e7\u00e3o conveniente da Elfsight para criar o widget em poucos minutos.","og_url":"https:\/\/elfsight.com\/pt\/store-locator-widget\/squarespace\/","og_site_name":"Elfsight PT","article_modified_time":"2025-03-07T08:57:27+00:00","twitter_card":"summary_large_image","twitter_misc":{"Tempo estimado de leitura":"3 minutos"},"schema":{"@context":"https:\/\/schema.org","@graph":[{"@type":"WebPage","@id":"https:\/\/elfsight.com\/pt\/store-locator-widget\/squarespace\/","url":"https:\/\/elfsight.com\/pt\/store-locator-widget\/squarespace\/","name":"Adicionar localizador de lojas ao Squarespace - incorporar mapa com localiza\u00e7\u00e3o","isPartOf":{"@id":"https:\/\/elfsight.com\/pt\/#website"},"datePublished":"1970-01-01T00:00:00+00:00","dateModified":"2025-03-07T08:57:27+00:00","description":"Adicione o Store Locator ao seu site do Squarespace para ganhar mais confian\u00e7a. Experimente uma demonstra\u00e7\u00e3o conveniente da Elfsight para criar o widget em poucos minutos.","breadcrumb":{"@id":"https:\/\/elfsight.com\/pt\/store-locator-widget\/squarespace\/#breadcrumb"},"inLanguage":"pt-PT","potentialAction":[{"@type":"ReadAction","target":["https:\/\/elfsight.com\/pt\/store-locator-widget\/squarespace\/"]}]},{"@type":"BreadcrumbList","@id":"https:\/\/elfsight.com\/pt\/store-locator-widget\/squarespace\/#breadcrumb","itemListElement":[{"@type":"ListItem","position":1,"name":"Home","item":"https:\/\/elfsight.com\/pt\/"},{"@type":"ListItem","position":2,"name":"Store Locator","item":"https:\/\/elfsight.com\/pt\/store-locator-widget\/"},{"@type":"ListItem","position":3,"name":"Store Locator &#8211; Squarespace"}]},{"@type":"WebSite","@id":"https:\/\/elfsight.com\/pt\/#website","url":"https:\/\/elfsight.com\/pt\/","name":"Elfsight PT","description":"Just another Elfsight Sites site","potentialAction":[{"@type":"SearchAction","target":{"@type":"EntryPoint","urlTemplate":"https:\/\/elfsight.com\/pt\/?s={search_term_string}"},"query-input":{"@type":"PropertyValueSpecification","valueRequired":true,"valueName":"search_term_string"}}],"inLanguage":"pt-PT"}]}},"meta_box":{"industry":"","seo_heading":"","heading":"","description":"","cta_heading":"","cta_description":"","application":"5160","h1":"Plug-in Localizador de Lojas Squarespace","h1_caption":"Anuncie sua programa\u00e7\u00e3o e compartilhe contatos com os clientes","application_category":[],"applications_title":"","applications_request_title":"","applications_request_button_text":"","hero_text":"","hero_video":"","hero_video_schema_markup":"","selling_points_title":"","selling_points_caption":"","selling_points":[],"selling_points_cta_text":"","features_title":"","features":"","ed_cta_examples_text":"","ed_cta_examples_hidden":"","ed_cta_demo_text":"","ed_cta_demo_hidden":"","why_caption":"","why_editor_title":"","why_editor_text":"","why_team_title":"","why_team_text":"","why_service_title":"","why_service_text":"","template_catalog_visible":"0","template_catalog_title":"","template_catalog_text":"","template_catalog_categories_visible":"","demo_title":"Crie seu plugin Store Locator","demo_caption":"Configure seu Localizador de Lojas e adicione-o ao seu site do Squarespace gratuitamente!","default_faq_hidden":"","app_template_category":[],"platform":"67","template_public_id":"","codecanyon_url":"","codecanyon_item_id":"","codecanyon_price":"","pricing_caption":"","pricing_elfsight_apps_hide_column":"","pricing_elfsight_apps_url":"","pricing_codecanyon_price_caption":"","integration_category":[],"integration_request_title":"","integration_request_cta":"","integration_platform":"","integrations":[],"platform_category":[],"video_schema_markup":"","price":"a partir de US$ 0\/m\u00eas","trial":"","benefits":[{"text":"Servi\u00e7o de instala\u00e7\u00e3o gratuito"},{"text":"Atendimento ao cliente competente"},{"text":"Garantia de reembolso de 14 dias"},{"text":"Atualiza\u00e7\u00f5es gratuitas cont\u00ednuas"}],"button_url":"#demo","button_target_blank":"0","button_nofollow":"0","attributes":[{"name":"Instala\u00e7\u00f5es","content":"10,000 - 100,000"},{"name":"Responsivo","content":"Sim"},{"name":"Navegadores compat\u00edveis","content":"Firefox, Safari, Opera, Chrome, Edge"}],"tags":[],"tags_disable_links":"0","hide_more_platforms":"0","video_object":"","demo_hide_cta":"0","demo_hide_cloud_options":"0","pricing_title":"","pricing":[{"pricing_icon":"platform","pricing_title":"Elfsight Apps","pricing_title_caption":"Solu\u00e7\u00e3o digital independente de plataforma","pricing_price":"a partir de US$ 0\/m\u00eas","pricing_price_caption":"comece com um plano gratuito","pricing_benefits":[{"text":"Sites ilimitados"},{"text":"Suporte gratuito, pontual e bem documentado"},{"text":"Suporte gratuito, pontual e bem documentado"},{"text":"Totalmente personaliz\u00e1vel"}],"pricing_button_text":"Adicionar ao site","pricing_button_url":"#demo"}],"related_apps_title":"","related_apps_hidden":"0","author":"","image":[],"title":"","job":"","social_networks":[]},"_links":{"self":[{"href":"https:\/\/elfsight.com\/pt\/wp-json\/wp\/v2\/pages\/8145","targetHints":{"allow":["GET"]}}],"collection":[{"href":"https:\/\/elfsight.com\/pt\/wp-json\/wp\/v2\/pages"}],"about":[{"href":"https:\/\/elfsight.com\/pt\/wp-json\/wp\/v2\/types\/page"}],"author":[{"embeddable":true,"href":"https:\/\/elfsight.com\/pt\/wp-json\/wp\/v2\/users\/9"}],"replies":[{"embeddable":true,"href":"https:\/\/elfsight.com\/pt\/wp-json\/wp\/v2\/comments?post=8145"}],"version-history":[{"count":2,"href":"https:\/\/elfsight.com\/pt\/wp-json\/wp\/v2\/pages\/8145\/revisions"}],"predecessor-version":[{"id":14591,"href":"https:\/\/elfsight.com\/pt\/wp-json\/wp\/v2\/pages\/8145\/revisions\/14591"}],"up":[{"embeddable":true,"href":"https:\/\/elfsight.com\/pt\/wp-json\/wp\/v2\/pages\/5164"}],"wp:attachment":[{"href":"https:\/\/elfsight.com\/pt\/wp-json\/wp\/v2\/media?parent=8145"}],"curies":[{"name":"wp","href":"https:\/\/api.w.org\/{rel}","templated":true}]}}