{"id":8144,"date":"1970-01-01T00:00:00","date_gmt":"1970-01-01T00:00:00","guid":{"rendered":"https:\/\/elfsight.com\/pt\/?page_id=8144"},"modified":"2024-11-12T15:25:14","modified_gmt":"2024-11-12T15:25:14","slug":"blogger","status":"publish","type":"page","link":"https:\/\/elfsight.com\/pt\/store-locator-widget\/blogger\/","title":{"rendered":"Store Locator &#8211; Blogger"},"content":{"rendered":"<div class=\"application-platform-content-item-description application-platform-content-item\" id=\"description\" data-nav-section=\"description\"> <h2>Incorpore o Store Locator no Blogger com um widget Elfsight<\/h2> <p>O Elfsight Store Locator para Blogger \u00e9 um widget poderoso e ajust\u00e1vel projetado para aumentar a usabilidade do seu site e a satisfa\u00e7\u00e3o do cliente, tornando mais f\u00e1cil do que nunca para seus clientes encontrarem um caminho para suas lojas. Com um conjunto de recursos \u00fateis adaptados para efici\u00eancia e desempenho, este widget \u00e9 a solu\u00e7\u00e3o perfeita para apresentar a localiza\u00e7\u00e3o de suas lojas f\u00edsicas de maneira compreens\u00edvel e conveniente. Adicione-o agora e observe como ele transforma seu site em um \u00fatil localizador de lojas!<\/p> <p>Ao incorporar o widget, voc\u00ea aumentar\u00e1 sua confiabilidade entre os clientes, compartilhando informa\u00e7\u00f5es detalhadas sobre a localiza\u00e7\u00e3o f\u00edsica de sua empresa, tranquilizando-os sobre sua localiza\u00e7\u00e3o estabelecida. presen\u00e7a. Isso pode resultar em uma tomada de decis\u00e3o mais r\u00e1pida e uma experi\u00eancia de compra s\u00f3lida entre os clientes. <\/p><p><b>Use o extraordin\u00e1rio localizador de lojas para compartilhar sua localiza\u00e7\u00e3o e detalhes \u00fateis da opera\u00e7\u00e3o. Mostre seu endere\u00e7o atual e as informa\u00e7\u00f5es necess\u00e1rias para receber novos visitantes na loja. <\/b><\/p> <\/div> <div class=\"application-platform-content-item-features application-platform-content-item\" id=\"features\" data-nav-section=\"features\"> <h2>Oferecemos recursos poderosos e f\u00e1ceis, confira alguns deles:<\/h2> <ul><li>Indica\u00e7\u00e3o clara de endere\u00e7o<\/li><li>Caracter\u00edsticas do mapa interativo<\/li><li>Bot\u00f5es de CTA de localiza\u00e7\u00e3o com integra\u00e7\u00f5es <\/li><li>Pop-up de localiza\u00e7\u00e3o simples ao clicar no marcador<\/li><li>Tempo de trabalho e localiza\u00e7\u00e3o do local status atual<\/li><\/ul><p><a href=\"#demo\">Basta experimentar esta demonstra\u00e7\u00e3o para ver como funciona<\/a><\/p> <\/div> <div class=\"application-platform-content-item-installation application-platform-content-item\" id=\"installation\" data-nav-section=\"installation\"> <h2>Como incorporar o Localizador de Lojas no meu site do Blogger?<\/h2> <p>Basta seguir as orienta\u00e7\u00f5es abaixo para inserir a ferramenta. <\/p> <ol><li><b>Abra nosso editor gratuito e comece a criar seu plugin personalizado. <\/b><br> Encontre a interface personalizada e as especifica\u00e7\u00f5es do widget e aplique as modifica\u00e7\u00f5es. <\/li> <li><b>Copie o seu c\u00f3digo exclusivo mostrado na janela dos aplicativos Elfsight. <\/b><br> Terminada a customiza\u00e7\u00e3o da sua ferramenta pessoal, copie o c\u00f3digo exclusivo no popup que aparece e guarde-o para futuras necessidades. <\/li> <li><b>Comece a aplicar a ferramenta em seu site do Blogger. <\/b><br> Adicione o c\u00f3digo que voc\u00ea copiou recentemente ao seu site e aplique as melhorias. <\/li> <li><b>Conclu\u00eddo! A incorpora\u00e7\u00e3o foi realizada com sucesso. <\/b><br> Visite sua p\u00e1gina para ver o desempenho da ferramenta. <\/li><\/ol> <p>Caso tenha d\u00favidas ou enfrente quaisquer obst\u00e1culos, entre em contato com nossa equipe de suporte. Nossos especialistas est\u00e3o ansiosos para resolver todas as dificuldades que voc\u00ea possa ter com o plugin. <\/p><\/div>","protected":false},"excerpt":{"rendered":"","protected":false},"author":9,"featured_media":0,"parent":5164,"menu_order":0,"comment_status":"closed","ping_status":"closed","template":"templates\/template-application-platform.php","meta":{"publish_to_discourse":"","publish_post_category":"","wpdc_auto_publish_overridden":"","wpdc_topic_tags":"","wpdc_pin_topic":"","wpdc_pin_until":"","discourse_post_id":"","discourse_permalink":"","wpdc_publishing_response":"","wpdc_publishing_error":"","footnotes":""},"class_list":["post-8144","page","type-page","status-publish","hentry"],"yoast_head":"<!-- This site is optimized with the Yoast SEO plugin v25.3.1 - https:\/\/yoast.com\/wordpress\/plugins\/seo\/ -->\n<title>Incorpore o localizador de lojas do Blogger para exibir sua localiza\u00e7\u00e3o no mapa<\/title>\n<meta name=\"description\" content=\"Integre o Store Locator ao site do Blogger para uma melhor experi\u00eancia de compra. Explore a demonstra\u00e7\u00e3o clara da Elfsight para gerar o poderoso widget.\" \/>\n<meta name=\"robots\" content=\"index, follow, max-snippet:-1, max-image-preview:large, max-video-preview:-1\" \/>\n<link rel=\"canonical\" href=\"https:\/\/elfsight.com\/pt\/store-locator-widget\/blogger\/\" \/>\n<meta property=\"og:locale\" content=\"pt_PT\" \/>\n<meta property=\"og:type\" content=\"article\" \/>\n<meta property=\"og:title\" content=\"Incorpore o localizador de lojas do Blogger para exibir sua localiza\u00e7\u00e3o no mapa\" \/>\n<meta property=\"og:description\" content=\"Integre o Store Locator ao site do Blogger para uma melhor experi\u00eancia de compra. Explore a demonstra\u00e7\u00e3o clara da Elfsight para gerar o poderoso widget.\" \/>\n<meta property=\"og:url\" content=\"https:\/\/elfsight.com\/pt\/store-locator-widget\/blogger\/\" \/>\n<meta property=\"og:site_name\" content=\"Elfsight PT\" \/>\n<meta property=\"article:modified_time\" content=\"2024-11-12T15:25:14+00:00\" \/>\n<meta name=\"twitter:card\" content=\"summary_large_image\" \/>\n<meta name=\"twitter:label1\" content=\"Tempo estimado de leitura\" \/>\n\t<meta name=\"twitter:data1\" content=\"2 minutos\" \/>\n<!-- \/ Yoast SEO plugin. -->","yoast_head_json":{"title":"Incorpore o localizador de lojas do Blogger para exibir sua localiza\u00e7\u00e3o no mapa","description":"Integre o Store Locator ao site do Blogger para uma melhor experi\u00eancia de compra. Explore a demonstra\u00e7\u00e3o clara da Elfsight para gerar o poderoso widget.","robots":{"index":"index","follow":"follow","max-snippet":"max-snippet:-1","max-image-preview":"max-image-preview:large","max-video-preview":"max-video-preview:-1"},"canonical":"https:\/\/elfsight.com\/pt\/store-locator-widget\/blogger\/","og_locale":"pt_PT","og_type":"article","og_title":"Incorpore o localizador de lojas do Blogger para exibir sua localiza\u00e7\u00e3o no mapa","og_description":"Integre o Store Locator ao site do Blogger para uma melhor experi\u00eancia de compra. Explore a demonstra\u00e7\u00e3o clara da Elfsight para gerar o poderoso widget.","og_url":"https:\/\/elfsight.com\/pt\/store-locator-widget\/blogger\/","og_site_name":"Elfsight PT","article_modified_time":"2024-11-12T15:25:14+00:00","twitter_card":"summary_large_image","twitter_misc":{"Tempo estimado de leitura":"2 minutos"},"schema":{"@context":"https:\/\/schema.org","@graph":[{"@type":"WebPage","@id":"https:\/\/elfsight.com\/pt\/store-locator-widget\/blogger\/","url":"https:\/\/elfsight.com\/pt\/store-locator-widget\/blogger\/","name":"Incorpore o localizador de lojas do Blogger para exibir sua localiza\u00e7\u00e3o no mapa","isPartOf":{"@id":"https:\/\/elfsight.com\/pt\/#website"},"datePublished":"1970-01-01T00:00:00+00:00","dateModified":"2024-11-12T15:25:14+00:00","description":"Integre o Store Locator ao site do Blogger para uma melhor experi\u00eancia de compra. Explore a demonstra\u00e7\u00e3o clara da Elfsight para gerar o poderoso widget.","breadcrumb":{"@id":"https:\/\/elfsight.com\/pt\/store-locator-widget\/blogger\/#breadcrumb"},"inLanguage":"pt-PT","potentialAction":[{"@type":"ReadAction","target":["https:\/\/elfsight.com\/pt\/store-locator-widget\/blogger\/"]}]},{"@type":"BreadcrumbList","@id":"https:\/\/elfsight.com\/pt\/store-locator-widget\/blogger\/#breadcrumb","itemListElement":[{"@type":"ListItem","position":1,"name":"Home","item":"https:\/\/elfsight.com\/pt\/"},{"@type":"ListItem","position":2,"name":"Store Locator","item":"https:\/\/elfsight.com\/pt\/store-locator-widget\/"},{"@type":"ListItem","position":3,"name":"Store Locator &#8211; Blogger"}]},{"@type":"WebSite","@id":"https:\/\/elfsight.com\/pt\/#website","url":"https:\/\/elfsight.com\/pt\/","name":"Elfsight PT","description":"Just another Elfsight Sites site","potentialAction":[{"@type":"SearchAction","target":{"@type":"EntryPoint","urlTemplate":"https:\/\/elfsight.com\/pt\/?s={search_term_string}"},"query-input":{"@type":"PropertyValueSpecification","valueRequired":true,"valueName":"search_term_string"}}],"inLanguage":"pt-PT"}]}},"meta_box":{"industry":"","seo_heading":"","heading":"","description":"","cta_heading":"","cta_description":"","application":"5160","h1":"Widget localizador de lojas BigCommerce","h1_caption":"Obtenha melhor credibilidade com uma navega\u00e7\u00e3o s\u00f3lida do cliente","application_category":[],"applications_title":"","applications_request_title":"","applications_request_button_text":"","hero_text":"","hero_video":"","hero_video_schema_markup":"","selling_points_title":"","selling_points_caption":"","selling_points":[],"selling_points_cta_text":"","features_title":"","features":"","ed_cta_examples_text":"","ed_cta_examples_hidden":"","ed_cta_demo_text":"","ed_cta_demo_hidden":"","why_caption":"","why_editor_title":"","why_editor_text":"","why_team_title":"","why_team_text":"","why_service_title":"","why_service_text":"","template_catalog_visible":"","template_catalog_title":"","template_catalog_text":"","template_catalog_categories_visible":"","demo_title":"Crie seu widget Localizador de Lojas","demo_caption":"Configure seu Localizador de Lojas e adicione-o ao site do Blogger gratuitamente!","default_faq_hidden":"","app_template_category":[],"platform":"46","template_public_id":"","codecanyon_url":"","codecanyon_item_id":"","codecanyon_price":"","pricing_caption":"","pricing_elfsight_apps_hide_column":"","pricing_elfsight_apps_url":"","pricing_codecanyon_price_caption":"","integration_category":[],"integration_request_title":"","integration_request_cta":"","integration_platform":"","integrations":[],"platform_category":[],"video_schema_markup":"","price":"a partir de US$ 0\/m\u00eas","trial":"","benefits":[{"text":"Sites ilimitados"},{"text":"Suporte dedicado ao cliente"},{"text":"Servi\u00e7o de instala\u00e7\u00e3o gratuito"},{"text":"Design flex\u00edvel"}],"button_url":"#demo","button_target_blank":"","button_nofollow":"","attributes":[{"name":"Instala\u00e7\u00f5es","content":"10,000 - 100,000"},{"name":"Responsivo","content":"Sim"},{"name":"Navegadores compat\u00edveis","content":"Firefox, Safari, Opera, Chrome, Edge"}],"tags":[],"tags_disable_links":"","hide_more_platforms":"","video_object":"","demo_hide_cta":"","demo_hide_cloud_options":"","pricing_title":"","pricing":[{"pricing_icon":"platform","pricing_title":"Elfsight Apps","pricing_title_caption":"Solu\u00e7\u00e3o digital multiplataforma","pricing_price":"a partir de US$ 0\/m\u00eas","pricing_price_caption":"comece com um plano gratuito","pricing_benefits":[{"text":"Sites ilimitados"},{"text":"Suporte dedicado ao cliente"},{"text":"Suporte dedicado ao cliente"},{"text":"Design flex\u00edvel"}],"pricing_button_text":"Adicionar ao site","pricing_button_url":"#demo"}],"related_apps_title":"","related_apps_hidden":"","author":"","image":[],"title":"","job":"","social_networks":[]},"_links":{"self":[{"href":"https:\/\/elfsight.com\/pt\/wp-json\/wp\/v2\/pages\/8144","targetHints":{"allow":["GET"]}}],"collection":[{"href":"https:\/\/elfsight.com\/pt\/wp-json\/wp\/v2\/pages"}],"about":[{"href":"https:\/\/elfsight.com\/pt\/wp-json\/wp\/v2\/types\/page"}],"author":[{"embeddable":true,"href":"https:\/\/elfsight.com\/pt\/wp-json\/wp\/v2\/users\/9"}],"replies":[{"embeddable":true,"href":"https:\/\/elfsight.com\/pt\/wp-json\/wp\/v2\/comments?post=8144"}],"version-history":[{"count":1,"href":"https:\/\/elfsight.com\/pt\/wp-json\/wp\/v2\/pages\/8144\/revisions"}],"predecessor-version":[{"id":8148,"href":"https:\/\/elfsight.com\/pt\/wp-json\/wp\/v2\/pages\/8144\/revisions\/8148"}],"up":[{"embeddable":true,"href":"https:\/\/elfsight.com\/pt\/wp-json\/wp\/v2\/pages\/5164"}],"wp:attachment":[{"href":"https:\/\/elfsight.com\/pt\/wp-json\/wp\/v2\/media?parent=8144"}],"curies":[{"name":"wp","href":"https:\/\/api.w.org\/{rel}","templated":true}]}}