{"id":8138,"date":"1970-01-01T00:00:00","date_gmt":"1970-01-01T00:00:00","guid":{"rendered":"https:\/\/elfsight.com\/pt\/?page_id=8138"},"modified":"2025-03-07T08:38:40","modified_gmt":"2025-03-07T08:38:40","slug":"bigcommerce","status":"publish","type":"page","link":"https:\/\/elfsight.com\/pt\/store-locator-widget\/bigcommerce\/","title":{"rendered":"Store Locator &#8211; BigCommerce"},"content":{"rendered":"\n<div class=\"application-platform-content-item-description application-platform-content-item\" id=\"description\" data-nav-section=\"description\"> <h2>Incorpore o Store Locator no BigCommerce com um aplicativo Elfsight<\/h2> <p>O Elfsight Store Locator para BigCommerce \u00e9 um widget poderoso e flex\u00edvel projetado para aprimorar a usabilidade do seu site e o envolvimento do cliente, tornando mais f\u00e1cil do que nunca para seus clientes encontrarem um caminho para o endere\u00e7o comercial. Com uma s\u00e9rie de recursos \u00fateis inventados para utilidade e desempenho, este widget \u00e9 a melhor solu\u00e7\u00e3o para demonstrar a localiza\u00e7\u00e3o de sua loja f\u00edsica de maneira clara e conveniente. Adicione-o agora mesmo e observe como ele transforma seu site em um maravilhoso localizador de lojas!<\/p> <p>Ao incorporar o widget, voc\u00ea aumentar\u00e1 sua credibilidade junto aos clientes, fornecendo informa\u00e7\u00f5es detalhadas sobre a localiza\u00e7\u00e3o f\u00edsica de sua empresa, tranquilizando todos sobre sua presen\u00e7a s\u00f3lida. Isso pode resultar em uma tomada de decis\u00e3o mais r\u00e1pida e em uma melhor experi\u00eancia de compra entre os visitantes. <\/p><p><b>Aproveite o excelente localizador de lojas para apresentar sua localiza\u00e7\u00e3o e dados importantes da empresa. Mostre seu endere\u00e7o f\u00edsico e informa\u00e7\u00f5es necess\u00e1rias atraindo mais visitantes na loja. <\/b><\/p><\/div> <div class=\"application-platform-content-item-features application-platform-content-item\" id=\"features\" data-nav-section=\"features\"> <h2>Aqui est\u00e3o os recursos centrais do widget:<\/h2> <ul><li>Escolha de endere\u00e7o sem esfor\u00e7o<\/li><li>Caracter\u00edsticas do mapa interativo<\/li><li>Bot\u00f5es de CTA de localiza\u00e7\u00e3o habilitados com integra\u00e7\u00f5es <\/li><li>Pop-up de localiza\u00e7\u00e3o detalhado ao clicar no marcador<\/li><li>Tempo de opera\u00e7\u00e3o de localiza\u00e7\u00e3o e status atual de opera\u00e7\u00e3o.<\/li><\/ul><p><a href=\"#demo\">Voc\u00ea pode testar todos os recursos do widget na demonstra\u00e7\u00e3o aqui<\/a><\/p><\/div> <div class=\"application-platform-content-item-installation application-platform-content-item\" id=\"installation\" data-nav-section=\"installation\"> <h2>Como posso incorporar o Store Locator em minhas p\u00e1ginas do BigCommerce?<\/h2> <p>Basta seguir as instru\u00e7\u00f5es abaixo para inserir o plugin. <\/p> <ol><li><b>Inicie nosso configurador gratuito e comece a moldar seu widget personalizado. <\/b><br> Escolha a forma e aspectos preferidos do widget e aplique as corre\u00e7\u00f5es. <\/li> <li><b>Receba o c\u00f3digo exclusivo que aparece na caixa dos aplicativos Elfsight. <\/b><br> Logo ap\u00f3s a cria\u00e7\u00e3o do seu widget pessoal, copie o c\u00f3digo pessoal no pop-up que aparece e salve-o para uso posterior. <\/li> <li><b>Comece a usar o plugin no site BigCommerce. <\/b><br> Cole o c\u00f3digo que voc\u00ea copiou recentemente em seu site e aplique os ajustes. <\/li> <li><b>A configura\u00e7\u00e3o foi executada com sucesso. <\/b><br> Acesse sua p\u00e1gina da web para revisar o funcionamento do plugin. <\/li><\/ol> <p>Se voc\u00ea tiver alguma dificuldade, n\u00e3o hesite em entrar em contato com nossa equipe de atendimento ao cliente. Nosso pessoal deseja resolver todas as d\u00favidas que voc\u00ea possa ter com o produto. <\/p> <\/div>\n","protected":false},"excerpt":{"rendered":"","protected":false},"author":9,"featured_media":0,"parent":5164,"menu_order":0,"comment_status":"closed","ping_status":"closed","template":"templates\/template-application-platform.php","meta":{"publish_to_discourse":"","publish_post_category":"","wpdc_auto_publish_overridden":"","wpdc_topic_tags":"","wpdc_pin_topic":"","wpdc_pin_until":"","discourse_post_id":"","discourse_permalink":"","wpdc_publishing_response":"","wpdc_publishing_error":"","footnotes":""},"class_list":["post-8138","page","type-page","status-publish","hentry"],"yoast_head":"<!-- This site is optimized with the Yoast SEO plugin v25.3.1 - https:\/\/yoast.com\/wordpress\/plugins\/seo\/ -->\n<title>Adicionar BigCommerce Store Locator - Incorporar indicador de loja sem c\u00f3digo<\/title>\n<meta name=\"description\" content=\"Incorpore o Store Locator de f\u00e1cil utiliza\u00e7\u00e3o no site BigCommerce para aumentar a credibilidade. Explore a demonstra\u00e7\u00e3o conveniente da Elfsight para criar widgets rapidamente.\" \/>\n<meta name=\"robots\" content=\"index, follow, max-snippet:-1, max-image-preview:large, max-video-preview:-1\" \/>\n<link rel=\"canonical\" href=\"https:\/\/elfsight.com\/pt\/store-locator-widget\/bigcommerce\/\" \/>\n<meta property=\"og:locale\" content=\"pt_PT\" \/>\n<meta property=\"og:type\" content=\"article\" \/>\n<meta property=\"og:title\" content=\"Adicionar BigCommerce Store Locator - Incorporar indicador de loja sem c\u00f3digo\" \/>\n<meta property=\"og:description\" content=\"Incorpore o Store Locator de f\u00e1cil utiliza\u00e7\u00e3o no site BigCommerce para aumentar a credibilidade. Explore a demonstra\u00e7\u00e3o conveniente da Elfsight para criar widgets rapidamente.\" \/>\n<meta property=\"og:url\" content=\"https:\/\/elfsight.com\/pt\/store-locator-widget\/bigcommerce\/\" \/>\n<meta property=\"og:site_name\" content=\"Elfsight PT\" \/>\n<meta property=\"article:modified_time\" content=\"2025-03-07T08:38:40+00:00\" \/>\n<meta name=\"twitter:card\" content=\"summary_large_image\" \/>\n<meta name=\"twitter:label1\" content=\"Tempo estimado de leitura\" \/>\n\t<meta name=\"twitter:data1\" content=\"3 minutos\" \/>\n<!-- \/ Yoast SEO plugin. -->","yoast_head_json":{"title":"Adicionar BigCommerce Store Locator - Incorporar indicador de loja sem c\u00f3digo","description":"Incorpore o Store Locator de f\u00e1cil utiliza\u00e7\u00e3o no site BigCommerce para aumentar a credibilidade. Explore a demonstra\u00e7\u00e3o conveniente da Elfsight para criar widgets rapidamente.","robots":{"index":"index","follow":"follow","max-snippet":"max-snippet:-1","max-image-preview":"max-image-preview:large","max-video-preview":"max-video-preview:-1"},"canonical":"https:\/\/elfsight.com\/pt\/store-locator-widget\/bigcommerce\/","og_locale":"pt_PT","og_type":"article","og_title":"Adicionar BigCommerce Store Locator - Incorporar indicador de loja sem c\u00f3digo","og_description":"Incorpore o Store Locator de f\u00e1cil utiliza\u00e7\u00e3o no site BigCommerce para aumentar a credibilidade. Explore a demonstra\u00e7\u00e3o conveniente da Elfsight para criar widgets rapidamente.","og_url":"https:\/\/elfsight.com\/pt\/store-locator-widget\/bigcommerce\/","og_site_name":"Elfsight PT","article_modified_time":"2025-03-07T08:38:40+00:00","twitter_card":"summary_large_image","twitter_misc":{"Tempo estimado de leitura":"3 minutos"},"schema":{"@context":"https:\/\/schema.org","@graph":[{"@type":"WebPage","@id":"https:\/\/elfsight.com\/pt\/store-locator-widget\/bigcommerce\/","url":"https:\/\/elfsight.com\/pt\/store-locator-widget\/bigcommerce\/","name":"Adicionar BigCommerce Store Locator - Incorporar indicador de loja sem c\u00f3digo","isPartOf":{"@id":"https:\/\/elfsight.com\/pt\/#website"},"datePublished":"1970-01-01T00:00:00+00:00","dateModified":"2025-03-07T08:38:40+00:00","description":"Incorpore o Store Locator de f\u00e1cil utiliza\u00e7\u00e3o no site BigCommerce para aumentar a credibilidade. Explore a demonstra\u00e7\u00e3o conveniente da Elfsight para criar widgets rapidamente.","breadcrumb":{"@id":"https:\/\/elfsight.com\/pt\/store-locator-widget\/bigcommerce\/#breadcrumb"},"inLanguage":"pt-PT","potentialAction":[{"@type":"ReadAction","target":["https:\/\/elfsight.com\/pt\/store-locator-widget\/bigcommerce\/"]}]},{"@type":"BreadcrumbList","@id":"https:\/\/elfsight.com\/pt\/store-locator-widget\/bigcommerce\/#breadcrumb","itemListElement":[{"@type":"ListItem","position":1,"name":"Home","item":"https:\/\/elfsight.com\/pt\/"},{"@type":"ListItem","position":2,"name":"Store Locator","item":"https:\/\/elfsight.com\/pt\/store-locator-widget\/"},{"@type":"ListItem","position":3,"name":"Store Locator &#8211; BigCommerce"}]},{"@type":"WebSite","@id":"https:\/\/elfsight.com\/pt\/#website","url":"https:\/\/elfsight.com\/pt\/","name":"Elfsight PT","description":"Just another Elfsight Sites site","potentialAction":[{"@type":"SearchAction","target":{"@type":"EntryPoint","urlTemplate":"https:\/\/elfsight.com\/pt\/?s={search_term_string}"},"query-input":{"@type":"PropertyValueSpecification","valueRequired":true,"valueName":"search_term_string"}}],"inLanguage":"pt-PT"}]}},"meta_box":{"industry":"","seo_heading":"","heading":"","description":"","cta_heading":"","cta_description":"","application":"5160","h1":"Aplicativo localizador de lojas BigCommerce","h1_caption":"Aumente a credibilidade e atraia mais clientes na loja","application_category":[],"applications_title":"","applications_request_title":"","applications_request_button_text":"","hero_text":"","hero_video":"","hero_video_schema_markup":"","selling_points_title":"","selling_points_caption":"","selling_points":[],"selling_points_cta_text":"","features_title":"","features":"","ed_cta_examples_text":"","ed_cta_examples_hidden":"","ed_cta_demo_text":"","ed_cta_demo_hidden":"","why_caption":"","why_editor_title":"","why_editor_text":"","why_team_title":"","why_team_text":"","why_service_title":"","why_service_text":"","template_catalog_visible":"0","template_catalog_title":"","template_catalog_text":"","template_catalog_categories_visible":"","demo_title":"Crie seu aplicativo Localizador de Lojas","demo_caption":"Configure seu Localizador de Lojas e adicione-o ao seu site BigCommerce gratuitamente!","default_faq_hidden":"","app_template_category":[],"platform":"43","template_public_id":"","codecanyon_url":"","codecanyon_item_id":"","codecanyon_price":"","pricing_caption":"","pricing_elfsight_apps_hide_column":"","pricing_elfsight_apps_url":"","pricing_codecanyon_price_caption":"","integration_category":[],"integration_request_title":"","integration_request_cta":"","integration_platform":"","integrations":[],"platform_category":[],"video_schema_markup":"","price":"a partir de US$ 0\/m\u00eas","trial":"","benefits":[{"text":"Assist\u00eancia de instala\u00e7\u00e3o gratuita"},{"text":"Suporte premium"},{"text":"Garantia de devolu\u00e7\u00e3o do dinheiro em 14 dias"},{"text":"Atualiza\u00e7\u00f5es vital\u00edcias"}],"button_url":"#demo","button_target_blank":"0","button_nofollow":"0","attributes":[{"name":"Instala\u00e7\u00f5es","content":"10,000 - 100,000"},{"name":"Responsivo","content":"Sim"},{"name":"Navegadores compat\u00edveis","content":"Firefox, Safari, Opera, Chrome, Edge"}],"tags":[],"tags_disable_links":"0","hide_more_platforms":"0","video_object":"","demo_hide_cta":"0","demo_hide_cloud_options":"0","pricing_title":"","pricing":[{"pricing_icon":"platform","pricing_title":"Elfsight Apps","pricing_title_caption":"Vers\u00e3o multiplataforma que funciona em qualquer site","pricing_price":"a partir de US$ 0\/m\u00eas","pricing_price_caption":"comece com um plano gratuito","pricing_benefits":[{"text":"Sites ilimitados"},{"text":"Suporte premium e pontual"},{"text":"Suporte premium e pontual"},{"text":"Design flex\u00edvel"}],"pricing_button_text":"Adicionar ao site","pricing_button_url":"#demo"}],"related_apps_title":"","related_apps_hidden":"0","author":"","image":[],"title":"","job":"","social_networks":[]},"_links":{"self":[{"href":"https:\/\/elfsight.com\/pt\/wp-json\/wp\/v2\/pages\/8138","targetHints":{"allow":["GET"]}}],"collection":[{"href":"https:\/\/elfsight.com\/pt\/wp-json\/wp\/v2\/pages"}],"about":[{"href":"https:\/\/elfsight.com\/pt\/wp-json\/wp\/v2\/types\/page"}],"author":[{"embeddable":true,"href":"https:\/\/elfsight.com\/pt\/wp-json\/wp\/v2\/users\/9"}],"replies":[{"embeddable":true,"href":"https:\/\/elfsight.com\/pt\/wp-json\/wp\/v2\/comments?post=8138"}],"version-history":[{"count":2,"href":"https:\/\/elfsight.com\/pt\/wp-json\/wp\/v2\/pages\/8138\/revisions"}],"predecessor-version":[{"id":14583,"href":"https:\/\/elfsight.com\/pt\/wp-json\/wp\/v2\/pages\/8138\/revisions\/14583"}],"up":[{"embeddable":true,"href":"https:\/\/elfsight.com\/pt\/wp-json\/wp\/v2\/pages\/5164"}],"wp:attachment":[{"href":"https:\/\/elfsight.com\/pt\/wp-json\/wp\/v2\/media?parent=8138"}],"curies":[{"name":"wp","href":"https:\/\/api.w.org\/{rel}","templated":true}]}}