{"id":8136,"date":"1970-01-01T00:00:00","date_gmt":"1970-01-01T00:00:00","guid":{"rendered":"https:\/\/elfsight.com\/pt\/?page_id=8136"},"modified":"2025-03-07T08:44:12","modified_gmt":"2025-03-07T08:44:12","slug":"elementor","status":"publish","type":"page","link":"https:\/\/elfsight.com\/pt\/store-locator-widget\/elementor\/","title":{"rendered":"Store Locator &#8211; Elementor"},"content":{"rendered":"\n<div class=\"application-platform-content-item-description application-platform-content-item\" id=\"description\" data-nav-section=\"description\"> <h2>Incorpore o Store Locator no Elementor com um widget Elfsight<\/h2> <p>O Elfsight Store Locator para Elementor \u00e9 um widget din\u00e2mico e flex\u00edvel projetado para aumentar a utilidade do seu site e o envolvimento do cliente, tornando mais f\u00e1cil do que nunca para seus clientes encontrarem suas lojas. Com um conjunto de excelentes recursos adaptados para utilidade e desempenho, este widget \u00e9 a melhor solu\u00e7\u00e3o para mostrar a localiza\u00e7\u00e3o de suas lojas f\u00edsicas de maneira compreens\u00edvel e f\u00e1cil de usar. Experimente agora e observe como ele transforma seu site em um \u00fatil localizador de lojas!<\/p> <p>Ao adicionar o widget, voc\u00ea aumentar\u00e1 sua confiabilidade entre os visitantes, fornecendo informa\u00e7\u00f5es detalhadas sobre a localiza\u00e7\u00e3o f\u00edsica de sua empresa, tranquilizando todos sobre seu estabelecimento. presen\u00e7a. Isso resultar\u00e1 em uma tomada de decis\u00e3o mais r\u00e1pida e uma experi\u00eancia de compra s\u00f3lida entre os visitantes. <\/p><p><b>Adicione o localizador de lojas brilhante para mostrar sua localiza\u00e7\u00e3o e dados \u00fateis da empresa. Destaque seu endere\u00e7o f\u00edsico e informa\u00e7\u00f5es relevantes atraindo mais clientes na loja. <\/b><\/p><\/div> <div class=\"application-platform-content-item-features application-platform-content-item\" id=\"features\" data-nav-section=\"features\"> <h2>Encontre abaixo os recursos centrais do widget:<\/h2> <ul><li>Sele\u00e7\u00e3o din\u00e2mica de endere\u00e7o<\/li><li>Caracter\u00edsticas \u00fateis do mapa<\/li><li>Bot\u00f5es de a\u00e7\u00e3o de localiza\u00e7\u00e3o com integra\u00e7\u00f5es <\/li><li>Pop-up de localiza\u00e7\u00e3o detalhado na sele\u00e7\u00e3o do marcador<\/li><li>Hor\u00e1rio comercial do local e status de funcionamento: aberto.<\/li><\/ul><p><a href=\"#demo\">Voc\u00ea pode verificar quanto vale o widget usando a demonstra\u00e7\u00e3o<\/a><\/p><\/div> <div class=\"application-platform-content-item- instala\u00e7\u00e3o application-platform-content-item\" id=\" instala\u00e7\u00e3o\" data-nav-section=\" instala\u00e7\u00e3o\"> <h2>Como fa\u00e7o para incorporar o Store Locator em minha p\u00e1gina da web Elementor?<\/h2> <p>Basta seguir as diretrizes abaixo para integrar o plugin. <\/p> <ol><li><b>Inicie nossa demonstra\u00e7\u00e3o gratuita e comece a formar seu pr\u00f3prio instrumento. <\/b><br> Especifique a forma e as op\u00e7\u00f5es adequadas da ferramenta e aplique as corre\u00e7\u00f5es. <\/li> <li><b>Obtenha seu c\u00f3digo individual que aparece na janela dos aplicativos Elfsight. <\/b><br> Assim que terminar o estabelecimento do seu widget pessoal, copie o c\u00f3digo exclusivo na janela que aparece e salve-o para uso futuro. <\/li> <li><b>Inscreva-se usando a ferramenta em seu site Elementor. <\/b><br> Adicione o c\u00f3digo copiado anteriormente em sua p\u00e1gina e salve as edi\u00e7\u00f5es. <\/li> <li><b>Pronto! A incorpora\u00e7\u00e3o foi realizada com sucesso. <\/b><br> Acesse sua p\u00e1gina para verificar o desempenho do widget. <\/li><\/ol> <p>Na condi\u00e7\u00e3o de ter d\u00favidas ou enfrentar alguma complica\u00e7\u00e3o, procure ajuda de nossa equipe de atendimento ao cliente. Nossos consultores ficar\u00e3o entusiasmados em resolver todos os problemas que voc\u00ea possa ter com o produto. <\/p><\/div>\n","protected":false},"excerpt":{"rendered":"","protected":false},"author":9,"featured_media":0,"parent":5164,"menu_order":0,"comment_status":"closed","ping_status":"closed","template":"templates\/template-application-platform.php","meta":{"publish_to_discourse":"","publish_post_category":"","wpdc_auto_publish_overridden":"","wpdc_topic_tags":"","wpdc_pin_topic":"","wpdc_pin_until":"","discourse_post_id":"","discourse_permalink":"","wpdc_publishing_response":"","wpdc_publishing_error":"","footnotes":""},"class_list":["post-8136","page","type-page","status-publish","hentry"],"yoast_head":"<!-- This site is optimized with the Yoast SEO plugin v25.3.1 - https:\/\/yoast.com\/wordpress\/plugins\/seo\/ -->\n<title>Adicione o localizador de lojas ao Elementor - atraia mais clientes na loja<\/title>\n<meta name=\"description\" content=\"Incorpore o Store Locator \u00fatil em seu site Elementor. Beneficie da demonstra\u00e7\u00e3o simples da Elfsight para gerar o poderoso widget.\" \/>\n<meta name=\"robots\" content=\"index, follow, max-snippet:-1, max-image-preview:large, max-video-preview:-1\" \/>\n<link rel=\"canonical\" href=\"https:\/\/elfsight.com\/pt\/store-locator-widget\/elementor\/\" \/>\n<meta property=\"og:locale\" content=\"pt_PT\" \/>\n<meta property=\"og:type\" content=\"article\" \/>\n<meta property=\"og:title\" content=\"Adicione o localizador de lojas ao Elementor - atraia mais clientes na loja\" \/>\n<meta property=\"og:description\" content=\"Incorpore o Store Locator \u00fatil em seu site Elementor. Beneficie da demonstra\u00e7\u00e3o simples da Elfsight para gerar o poderoso widget.\" \/>\n<meta property=\"og:url\" content=\"https:\/\/elfsight.com\/pt\/store-locator-widget\/elementor\/\" \/>\n<meta property=\"og:site_name\" content=\"Elfsight PT\" \/>\n<meta property=\"article:modified_time\" content=\"2025-03-07T08:44:12+00:00\" \/>\n<meta name=\"twitter:card\" content=\"summary_large_image\" \/>\n<meta name=\"twitter:label1\" content=\"Tempo estimado de leitura\" \/>\n\t<meta name=\"twitter:data1\" content=\"3 minutos\" \/>\n<!-- \/ Yoast SEO plugin. -->","yoast_head_json":{"title":"Adicione o localizador de lojas ao Elementor - atraia mais clientes na loja","description":"Incorpore o Store Locator \u00fatil em seu site Elementor. Beneficie da demonstra\u00e7\u00e3o simples da Elfsight para gerar o poderoso widget.","robots":{"index":"index","follow":"follow","max-snippet":"max-snippet:-1","max-image-preview":"max-image-preview:large","max-video-preview":"max-video-preview:-1"},"canonical":"https:\/\/elfsight.com\/pt\/store-locator-widget\/elementor\/","og_locale":"pt_PT","og_type":"article","og_title":"Adicione o localizador de lojas ao Elementor - atraia mais clientes na loja","og_description":"Incorpore o Store Locator \u00fatil em seu site Elementor. Beneficie da demonstra\u00e7\u00e3o simples da Elfsight para gerar o poderoso widget.","og_url":"https:\/\/elfsight.com\/pt\/store-locator-widget\/elementor\/","og_site_name":"Elfsight PT","article_modified_time":"2025-03-07T08:44:12+00:00","twitter_card":"summary_large_image","twitter_misc":{"Tempo estimado de leitura":"3 minutos"},"schema":{"@context":"https:\/\/schema.org","@graph":[{"@type":"WebPage","@id":"https:\/\/elfsight.com\/pt\/store-locator-widget\/elementor\/","url":"https:\/\/elfsight.com\/pt\/store-locator-widget\/elementor\/","name":"Adicione o localizador de lojas ao Elementor - atraia mais clientes na loja","isPartOf":{"@id":"https:\/\/elfsight.com\/pt\/#website"},"datePublished":"1970-01-01T00:00:00+00:00","dateModified":"2025-03-07T08:44:12+00:00","description":"Incorpore o Store Locator \u00fatil em seu site Elementor. Beneficie da demonstra\u00e7\u00e3o simples da Elfsight para gerar o poderoso widget.","breadcrumb":{"@id":"https:\/\/elfsight.com\/pt\/store-locator-widget\/elementor\/#breadcrumb"},"inLanguage":"pt-PT","potentialAction":[{"@type":"ReadAction","target":["https:\/\/elfsight.com\/pt\/store-locator-widget\/elementor\/"]}]},{"@type":"BreadcrumbList","@id":"https:\/\/elfsight.com\/pt\/store-locator-widget\/elementor\/#breadcrumb","itemListElement":[{"@type":"ListItem","position":1,"name":"Home","item":"https:\/\/elfsight.com\/pt\/"},{"@type":"ListItem","position":2,"name":"Store Locator","item":"https:\/\/elfsight.com\/pt\/store-locator-widget\/"},{"@type":"ListItem","position":3,"name":"Store Locator &#8211; Elementor"}]},{"@type":"WebSite","@id":"https:\/\/elfsight.com\/pt\/#website","url":"https:\/\/elfsight.com\/pt\/","name":"Elfsight PT","description":"Just another Elfsight Sites site","potentialAction":[{"@type":"SearchAction","target":{"@type":"EntryPoint","urlTemplate":"https:\/\/elfsight.com\/pt\/?s={search_term_string}"},"query-input":{"@type":"PropertyValueSpecification","valueRequired":true,"valueName":"search_term_string"}}],"inLanguage":"pt-PT"}]}},"meta_box":{"industry":"","seo_heading":"","heading":"","description":"","cta_heading":"","cta_description":"","application":"5160","h1":"Widget localizador de loja Elementor","h1_caption":"Alcance melhor fidelidade criando uma jornada s\u00f3lida para o cliente","application_category":[],"applications_title":"","applications_request_title":"","applications_request_button_text":"","hero_text":"","hero_video":"","hero_video_schema_markup":"","selling_points_title":"","selling_points_caption":"","selling_points":[],"selling_points_cta_text":"","features_title":"","features":"","ed_cta_examples_text":"","ed_cta_examples_hidden":"","ed_cta_demo_text":"","ed_cta_demo_hidden":"","why_caption":"","why_editor_title":"","why_editor_text":"","why_team_title":"","why_team_text":"","why_service_title":"","why_service_text":"","template_catalog_visible":"0","template_catalog_title":"","template_catalog_text":"","template_catalog_categories_visible":"","demo_title":"Crie seu widget Localizador de Lojas","demo_caption":"Configure seu Store Locator e adicione-o ao seu site Elementor gratuitamente!","default_faq_hidden":"","app_template_category":[],"platform":"100","template_public_id":"","codecanyon_url":"","codecanyon_item_id":"","codecanyon_price":"","pricing_caption":"","pricing_elfsight_apps_hide_column":"","pricing_elfsight_apps_url":"","pricing_codecanyon_price_caption":"","integration_category":[],"integration_request_title":"","integration_request_cta":"","integration_platform":"","integrations":[],"platform_category":[],"video_schema_markup":"","price":"a partir de US$ 0\/m\u00eas","trial":"","benefits":[{"text":"Assist\u00eancia de instala\u00e7\u00e3o gratuita"},{"text":"Atendimento ao cliente eficaz"},{"text":"Garantia de devolu\u00e7\u00e3o do dinheiro em 14 dias"},{"text":"Atualiza\u00e7\u00f5es cont\u00ednuas"}],"button_url":"#demo","button_target_blank":"0","button_nofollow":"0","attributes":[{"name":"Instala\u00e7\u00f5es","content":"10,000 - 100,000"},{"name":"Responsivo","content":"Sim"},{"name":"Navegadores compat\u00edveis","content":"Firefox, Safari, Opera, Chrome, Edge"}],"tags":[],"tags_disable_links":"0","hide_more_platforms":"0","video_object":"","demo_hide_cta":"0","demo_hide_cloud_options":"0","pricing_title":"","pricing":[{"pricing_icon":"platform","pricing_title":"Elfsight Apps","pricing_title_caption":"Solu\u00e7\u00e3o multiplataforma","pricing_price":"a partir de US$ 0\/m\u00eas","pricing_price_caption":"comece com um plano gratuito","pricing_benefits":[{"text":"Uso ilimitado em v\u00e1rios dom\u00ednios"},{"text":"Suporte gratuito 24 horas por dia, 7 dias por semana"},{"text":"Suporte gratuito 24 horas por dia, 7 dias por semana"},{"text":"Totalmente personaliz\u00e1vel para atender \u00e0s suas necessidades"}],"pricing_button_text":"Adicionar ao site","pricing_button_url":"#demo"}],"related_apps_title":"","related_apps_hidden":"0","author":"","image":[],"title":"","job":"","social_networks":[]},"_links":{"self":[{"href":"https:\/\/elfsight.com\/pt\/wp-json\/wp\/v2\/pages\/8136","targetHints":{"allow":["GET"]}}],"collection":[{"href":"https:\/\/elfsight.com\/pt\/wp-json\/wp\/v2\/pages"}],"about":[{"href":"https:\/\/elfsight.com\/pt\/wp-json\/wp\/v2\/types\/page"}],"author":[{"embeddable":true,"href":"https:\/\/elfsight.com\/pt\/wp-json\/wp\/v2\/users\/9"}],"replies":[{"embeddable":true,"href":"https:\/\/elfsight.com\/pt\/wp-json\/wp\/v2\/comments?post=8136"}],"version-history":[{"count":2,"href":"https:\/\/elfsight.com\/pt\/wp-json\/wp\/v2\/pages\/8136\/revisions"}],"predecessor-version":[{"id":14585,"href":"https:\/\/elfsight.com\/pt\/wp-json\/wp\/v2\/pages\/8136\/revisions\/14585"}],"up":[{"embeddable":true,"href":"https:\/\/elfsight.com\/pt\/wp-json\/wp\/v2\/pages\/5164"}],"wp:attachment":[{"href":"https:\/\/elfsight.com\/pt\/wp-json\/wp\/v2\/media?parent=8136"}],"curies":[{"name":"wp","href":"https:\/\/api.w.org\/{rel}","templated":true}]}}