{"id":8129,"date":"1970-01-01T00:00:00","date_gmt":"1970-01-01T00:00:00","guid":{"rendered":"https:\/\/elfsight.com\/pt\/?page_id=8129"},"modified":"2025-03-07T09:09:18","modified_gmt":"2025-03-07T09:09:18","slug":"google-sites","status":"publish","type":"page","link":"https:\/\/elfsight.com\/pt\/store-locator-widget\/google-sites\/","title":{"rendered":"Store Locator &#8211; Google Sites"},"content":{"rendered":"\n<div class=\"application-platform-content-item-description application-platform-content-item\" id=\"description\" data-nav-section=\"description\"> <h2>Incorpore o Store Locator no Google Sites com um plug-in Elfsight<\/h2> <p>O Elfsight Store Locator para Google Sites \u00e9 um recurso din\u00e2mico e flex\u00edvel widget projetado para aumentar a utilidade do seu site e o envolvimento do cliente, tornando mais f\u00e1cil do que nunca para seus clientes encontrarem um caminho para sua localiza\u00e7\u00e3o. Com um conjunto de recursos poderosos adaptados para utilidade e desempenho, este widget \u00e9 a solu\u00e7\u00e3o perfeita para mostrar a localiza\u00e7\u00e3o f\u00edsica de sua empresa de maneira clara e conveniente. Confira agora e observe como ele transforma seu site em um maravilhoso localizador de lojas!<\/p> <p>Ao usar o widget, voc\u00ea aumentar\u00e1 sua confiabilidade entre os clientes, fornecendo informa\u00e7\u00f5es detalhadas sobre a localiza\u00e7\u00e3o f\u00edsica de sua empresa, tranquilizando-os sobre sua presen\u00e7a estabelecida. presen\u00e7a. Isso pode resultar em uma tomada de decis\u00e3o mais r\u00e1pida e em uma experi\u00eancia de compra aprimorada entre os visitantes. <\/p><p><b>Experimente o incr\u00edvel localizador de lojas para compartilhar sua localiza\u00e7\u00e3o e dados comerciais \u00fateis. Forne\u00e7a seu endere\u00e7o atual e informa\u00e7\u00f5es relevantes para atrair novos visitantes na loja. <\/b><\/p> <\/div> <div class=\"application-platform-content-item-features application-platform-content-item\" id=\"features\" data-nav-section=\"features\"> <h2>Oferecemos recursos valiosos e r\u00e1pidos, veja alguns deles:<\/h2> <ul><li>Sele\u00e7\u00e3o din\u00e2mica de localiza\u00e7\u00e3o<\/li><li>Op\u00e7\u00f5es de mapa interativo<\/li><li>Bot\u00f5es de a\u00e7\u00e3o de localiza\u00e7\u00e3o que suportam integra\u00e7\u00f5es <\/li><li>Cart\u00e3o de localiza\u00e7\u00e3o detalhado ao clicar no marcador<\/li><li>Tempo de opera\u00e7\u00e3o de localiza\u00e7\u00e3o e tempo de opera\u00e7\u00e3o, status da atividade<\/li><\/ul><p><a href=\"#demo\">Basta experimentar esta demonstra\u00e7\u00e3o para ver como funciona<\/a><\/p><\/div> <div class=\"application-platform-content-item-installation  application-platform-content-item\" id=\"installation \" data-nav-section=\"installation \"> <h2>Como fa\u00e7o para integrar o Store Locator em minha p\u00e1gina do Google Sites?<\/h2> <p>Basta aplicar as instru\u00e7\u00f5es abaixo para inserir o plug-in. <\/p> <ol><li><b>Inicie nosso editor gratuito e comece a criar seu widget personalizado. <\/b><br> Determine o design personalizado e os par\u00e2metros do plugin e salve as edi\u00e7\u00f5es. <\/li> <li><b>Receba o seu c\u00f3digo exclusivo que aparece na caixa das aplica\u00e7\u00f5es Elfsight. <\/b><br> Ap\u00f3s a customiza\u00e7\u00e3o do seu plugin pessoal, copie o c\u00f3digo exclusivo na janela que aparece e guarde-o para uso posterior. <\/li> <li><b>Comece a usar a ferramenta na p\u00e1gina do Google Sites. <\/b><br> Insira o c\u00f3digo que voc\u00ea salvou anteriormente em sua p\u00e1gina web e salve as modifica\u00e7\u00f5es. <\/li> <li><b>Conclu\u00eddo! A configura\u00e7\u00e3o foi finalizada com sucesso. <\/b><br> Visite sua p\u00e1gina web para inspecionar o funcionamento da ferramenta. <\/li><\/ol> <p>Caso tenha d\u00favidas ou encontre alguma dificuldade, entre em contato com nossa equipe de suporte. Nosso pessoal est\u00e1 ansioso para resolver todos os problemas que voc\u00ea possa ter com o produto. <\/p> <\/div>\n","protected":false},"excerpt":{"rendered":"","protected":false},"author":9,"featured_media":0,"parent":5164,"menu_order":0,"comment_status":"closed","ping_status":"closed","template":"templates\/template-application-platform.php","meta":{"publish_to_discourse":"","publish_post_category":"","wpdc_auto_publish_overridden":"","wpdc_topic_tags":"","wpdc_pin_topic":"","wpdc_pin_until":"","discourse_post_id":"","discourse_permalink":"","wpdc_publishing_response":"","wpdc_publishing_error":"","footnotes":""},"class_list":["post-8129","page","type-page","status-publish","hentry"],"yoast_head":"<!-- This site is optimized with the Yoast SEO plugin v25.3.1 - https:\/\/yoast.com\/wordpress\/plugins\/seo\/ -->\n<title>Adicione o Localizador de lojas ao Google Sites para apresentar suas lojas f\u00edsicas<\/title>\n<meta name=\"description\" content=\"Integre o Store Locator ao site do Google Sites para satisfa\u00e7\u00e3o do cliente. Use a demonstra\u00e7\u00e3o simples da Elfsight para criar um widget envolvente.\" \/>\n<meta name=\"robots\" content=\"index, follow, max-snippet:-1, max-image-preview:large, max-video-preview:-1\" \/>\n<link rel=\"canonical\" href=\"https:\/\/elfsight.com\/pt\/store-locator-widget\/google-sites\/\" \/>\n<meta property=\"og:locale\" content=\"pt_PT\" \/>\n<meta property=\"og:type\" content=\"article\" \/>\n<meta property=\"og:title\" content=\"Adicione o Localizador de lojas ao Google Sites para apresentar suas lojas f\u00edsicas\" \/>\n<meta property=\"og:description\" content=\"Integre o Store Locator ao site do Google Sites para satisfa\u00e7\u00e3o do cliente. Use a demonstra\u00e7\u00e3o simples da Elfsight para criar um widget envolvente.\" \/>\n<meta property=\"og:url\" content=\"https:\/\/elfsight.com\/pt\/store-locator-widget\/google-sites\/\" \/>\n<meta property=\"og:site_name\" content=\"Elfsight PT\" \/>\n<meta property=\"article:modified_time\" content=\"2025-03-07T09:09:18+00:00\" \/>\n<meta name=\"twitter:card\" content=\"summary_large_image\" \/>\n<meta name=\"twitter:label1\" content=\"Tempo estimado de leitura\" \/>\n\t<meta name=\"twitter:data1\" content=\"3 minutos\" \/>\n<!-- \/ Yoast SEO plugin. -->","yoast_head_json":{"title":"Adicione o Localizador de lojas ao Google Sites para apresentar suas lojas f\u00edsicas","description":"Integre o Store Locator ao site do Google Sites para satisfa\u00e7\u00e3o do cliente. Use a demonstra\u00e7\u00e3o simples da Elfsight para criar um widget envolvente.","robots":{"index":"index","follow":"follow","max-snippet":"max-snippet:-1","max-image-preview":"max-image-preview:large","max-video-preview":"max-video-preview:-1"},"canonical":"https:\/\/elfsight.com\/pt\/store-locator-widget\/google-sites\/","og_locale":"pt_PT","og_type":"article","og_title":"Adicione o Localizador de lojas ao Google Sites para apresentar suas lojas f\u00edsicas","og_description":"Integre o Store Locator ao site do Google Sites para satisfa\u00e7\u00e3o do cliente. Use a demonstra\u00e7\u00e3o simples da Elfsight para criar um widget envolvente.","og_url":"https:\/\/elfsight.com\/pt\/store-locator-widget\/google-sites\/","og_site_name":"Elfsight PT","article_modified_time":"2025-03-07T09:09:18+00:00","twitter_card":"summary_large_image","twitter_misc":{"Tempo estimado de leitura":"3 minutos"},"schema":{"@context":"https:\/\/schema.org","@graph":[{"@type":"WebPage","@id":"https:\/\/elfsight.com\/pt\/store-locator-widget\/google-sites\/","url":"https:\/\/elfsight.com\/pt\/store-locator-widget\/google-sites\/","name":"Adicione o Localizador de lojas ao Google Sites para apresentar suas lojas f\u00edsicas","isPartOf":{"@id":"https:\/\/elfsight.com\/pt\/#website"},"datePublished":"1970-01-01T00:00:00+00:00","dateModified":"2025-03-07T09:09:18+00:00","description":"Integre o Store Locator ao site do Google Sites para satisfa\u00e7\u00e3o do cliente. Use a demonstra\u00e7\u00e3o simples da Elfsight para criar um widget envolvente.","breadcrumb":{"@id":"https:\/\/elfsight.com\/pt\/store-locator-widget\/google-sites\/#breadcrumb"},"inLanguage":"pt-PT","potentialAction":[{"@type":"ReadAction","target":["https:\/\/elfsight.com\/pt\/store-locator-widget\/google-sites\/"]}]},{"@type":"BreadcrumbList","@id":"https:\/\/elfsight.com\/pt\/store-locator-widget\/google-sites\/#breadcrumb","itemListElement":[{"@type":"ListItem","position":1,"name":"Home","item":"https:\/\/elfsight.com\/pt\/"},{"@type":"ListItem","position":2,"name":"Store Locator","item":"https:\/\/elfsight.com\/pt\/store-locator-widget\/"},{"@type":"ListItem","position":3,"name":"Store Locator &#8211; Google Sites"}]},{"@type":"WebSite","@id":"https:\/\/elfsight.com\/pt\/#website","url":"https:\/\/elfsight.com\/pt\/","name":"Elfsight PT","description":"Just another Elfsight Sites site","potentialAction":[{"@type":"SearchAction","target":{"@type":"EntryPoint","urlTemplate":"https:\/\/elfsight.com\/pt\/?s={search_term_string}"},"query-input":{"@type":"PropertyValueSpecification","valueRequired":true,"valueName":"search_term_string"}}],"inLanguage":"pt-PT"}]}},"meta_box":{"industry":"","seo_heading":"","heading":"","description":"","cta_heading":"","cta_description":"","application":"5160","h1":"Plug-in do localizador de lojas do Google Sites","h1_caption":"Aumente a fidelidade e obtenha mais visitas \u00e0 loja","application_category":[],"applications_title":"","applications_request_title":"","applications_request_button_text":"","hero_text":"","hero_video":"","hero_video_schema_markup":"","selling_points_title":"","selling_points_caption":"","selling_points":[],"selling_points_cta_text":"","features_title":"","features":"","ed_cta_examples_text":"","ed_cta_examples_hidden":"","ed_cta_demo_text":"","ed_cta_demo_hidden":"","why_caption":"","why_editor_title":"","why_editor_text":"","why_team_title":"","why_team_text":"","why_service_title":"","why_service_text":"","template_catalog_visible":"0","template_catalog_title":"","template_catalog_text":"","template_catalog_categories_visible":"","demo_title":"Crie seu widget Localizador de Lojas","demo_caption":"Configure seu Localizador de Lojas e adicione-o ao seu site do Google Sites gratuitamente!","default_faq_hidden":"","app_template_category":[],"platform":"112","template_public_id":"","codecanyon_url":"","codecanyon_item_id":"","codecanyon_price":"","pricing_caption":"","pricing_elfsight_apps_hide_column":"","pricing_elfsight_apps_url":"","pricing_codecanyon_price_caption":"","integration_category":[],"integration_request_title":"","integration_request_cta":"","integration_platform":"","integrations":[],"platform_category":[],"video_schema_markup":"","price":"a partir de US$ 0\/m\u00eas","trial":"","benefits":[{"text":"Servi\u00e7o de instala\u00e7\u00e3o gratuito"},{"text":"Atendimento ao cliente competente"},{"text":"Garantia de reembolso de 14 dias"},{"text":"Desenvolvimento cont\u00ednuo"}],"button_url":"#demo","button_target_blank":"0","button_nofollow":"0","attributes":[{"name":"Instala\u00e7\u00f5es","content":"10,000 - 100,000"},{"name":"Responsivo","content":"Sim"},{"name":"Navegadores compat\u00edveis","content":"Firefox, Safari, Opera, Chrome, Edge"}],"tags":[],"tags_disable_links":"0","hide_more_platforms":"0","video_object":"","demo_hide_cta":"0","demo_hide_cloud_options":"0","pricing_title":"","pricing":[{"pricing_icon":"platform","pricing_title":"Elfsight Apps","pricing_title_caption":"Solu\u00e7\u00e3o digital multiplataforma que se adapta a qualquer site","pricing_price":"a partir de US$ 0\/m\u00eas","pricing_price_caption":"comece com um plano gratuito","pricing_benefits":[{"text":"Dom\u00ednios ilimitados"},{"text":"Suporte r\u00e1pido e bem documentado"},{"text":"Suporte r\u00e1pido e bem documentado"},{"text":"Totalmente personaliz\u00e1vel"}],"pricing_button_text":"Adicionar ao site","pricing_button_url":"#demo"}],"related_apps_title":"","related_apps_hidden":"0","author":"","image":[],"title":"","job":"","social_networks":[]},"_links":{"self":[{"href":"https:\/\/elfsight.com\/pt\/wp-json\/wp\/v2\/pages\/8129","targetHints":{"allow":["GET"]}}],"collection":[{"href":"https:\/\/elfsight.com\/pt\/wp-json\/wp\/v2\/pages"}],"about":[{"href":"https:\/\/elfsight.com\/pt\/wp-json\/wp\/v2\/types\/page"}],"author":[{"embeddable":true,"href":"https:\/\/elfsight.com\/pt\/wp-json\/wp\/v2\/users\/9"}],"replies":[{"embeddable":true,"href":"https:\/\/elfsight.com\/pt\/wp-json\/wp\/v2\/comments?post=8129"}],"version-history":[{"count":2,"href":"https:\/\/elfsight.com\/pt\/wp-json\/wp\/v2\/pages\/8129\/revisions"}],"predecessor-version":[{"id":14599,"href":"https:\/\/elfsight.com\/pt\/wp-json\/wp\/v2\/pages\/8129\/revisions\/14599"}],"up":[{"embeddable":true,"href":"https:\/\/elfsight.com\/pt\/wp-json\/wp\/v2\/pages\/5164"}],"wp:attachment":[{"href":"https:\/\/elfsight.com\/pt\/wp-json\/wp\/v2\/media?parent=8129"}],"curies":[{"name":"wp","href":"https:\/\/api.w.org\/{rel}","templated":true}]}}