{"id":8121,"date":"1970-01-01T00:00:00","date_gmt":"1970-01-01T00:00:00","guid":{"rendered":"https:\/\/elfsight.com\/pt\/?page_id=8121"},"modified":"2024-11-12T15:24:49","modified_gmt":"2024-11-12T15:24:49","slug":"joomla","status":"publish","type":"page","link":"https:\/\/elfsight.com\/pt\/store-locator-widget\/joomla\/","title":{"rendered":"Store Locator &#8211; Joomla"},"content":{"rendered":"<div class=\"application-platform-content-item-description application-platform-content-item\" id=\"description\" data-nav-section=\"description\"> <h2>Incorpore o Store Locator no Joomla com uma extens\u00e3o Elfsight<\/h2> <p>O Elfsight Store Locator para Joomla \u00e9 um widget din\u00e2mico e ajust\u00e1vel projetado para melhorar a usabilidade do seu site e a satisfa\u00e7\u00e3o do cliente, tornando mais f\u00e1cil do que nunca para seus clientes encontrarem suas lojas. Com um conjunto de recursos poderosos inventados para versatilidade e desempenho, este widget \u00e9 a solu\u00e7\u00e3o principal para demonstrar a localiza\u00e7\u00e3o f\u00edsica de sua empresa de maneira clara e f\u00e1cil de usar. Experimente agora mesmo e veja como ele transforma seu site em um poderoso localizador de lojas!<\/p> <p>Ao integrar o widget, voc\u00ea aumentar\u00e1 sua confiabilidade junto aos clientes, compartilhando informa\u00e7\u00f5es detalhadas sobre a localiza\u00e7\u00e3o f\u00edsica de sua empresa, garantindo a todos sua presen\u00e7a s\u00f3lida. Isso resultar\u00e1 em melhor tomada de decis\u00e3o e s\u00f3lida experi\u00eancia de compra entre os clientes. <\/p><p><b>Adicione o incr\u00edvel localizador de lojas para mostrar sua localiza\u00e7\u00e3o e dados importantes da empresa. Forne\u00e7a seu endere\u00e7o real e informa\u00e7\u00f5es relevantes, convidando mais clientes na loja. <\/b><\/p><\/div> <div class=\"application-platform-content-item-features application-platform-content-item\" id=\"features\" data-nav-section=\"features\"> <h2>Veja a lista dos melhores recursos:<\/h2> <ul><li>Limpar sele\u00e7\u00e3o de local<\/li><li>Caracter\u00edsticas do mapa orientadas ao usu\u00e1rio<\/li><li>Bot\u00f5es de CTA de localiza\u00e7\u00e3o que suportam integra\u00e7\u00f5es <\/li><li>Cart\u00e3o de localiza\u00e7\u00e3o detalhado no clique do marcador<\/li><li>Tempo de trabalho e localiza\u00e7\u00e3o do local status aberto<\/li><\/ul><p><a href=\"#demo\">Voc\u00ea pode testar a funcionalidade completa do widget na demonstra\u00e7\u00e3o agora mesmo<\/a><\/p> <\/div> <div class=\"application-platform-content-item-installation application-platform-content-item\" id=\"installation\" data-nav-section=\"installation\"> <h2>Como fa\u00e7o para integrar o Store Locator ao meu site Joomla?<\/h2> <p>Basta seguir as orienta\u00e7\u00f5es abaixo para ativar o widget. <\/p> <ol><li><b>Abra nossa demonstra\u00e7\u00e3o gratuita e comece a moldar seu plugin personalizado. <\/b><br> Especifique o design e as especifica\u00e7\u00f5es desejadas da ferramenta e salve as modifica\u00e7\u00f5es. <\/li> <li><b>Receba o seu c\u00f3digo individual mostrado na janela das aplica\u00e7\u00f5es Elfsight. <\/b><br> Logo ap\u00f3s a conclus\u00e3o do estabelecimento do seu plugin pessoal, copie o c\u00f3digo exclusivo na caixa que aparece e guarde-o para uso futuro. <\/li> <li><b>Iniciar a utiliza\u00e7\u00e3o do widget no site Joomla. <\/b><br> Cole o c\u00f3digo copiado recentemente em sua p\u00e1gina da web e aplique as edi\u00e7\u00f5es. <\/li> <li><b>Conclu\u00eddo! A incorpora\u00e7\u00e3o \u00e9 totalmente executada. <\/b><br> Visite sua p\u00e1gina para inspecionar o funcionamento da ferramenta. <\/li><\/ol> <p>Na condi\u00e7\u00e3o de lidar com d\u00favidas ou enfrentar algumas complica\u00e7\u00f5es, n\u00e3o hesite em entrar em contato com nossa equipe de suporte. Nossos especialistas ter\u00e3o prazer em ajud\u00e1-lo com todas as dificuldades que voc\u00ea possa ter com o plugin. <\/p><\/div>","protected":false},"excerpt":{"rendered":"","protected":false},"author":9,"featured_media":0,"parent":5164,"menu_order":0,"comment_status":"closed","ping_status":"closed","template":"templates\/template-application-platform.php","meta":{"publish_to_discourse":"","publish_post_category":"","wpdc_auto_publish_overridden":"","wpdc_topic_tags":"","wpdc_pin_topic":"","wpdc_pin_until":"","discourse_post_id":"","discourse_permalink":"","wpdc_publishing_response":"","wpdc_publishing_error":"","footnotes":""},"class_list":["post-8121","page","type-page","status-publish","hentry"],"yoast_head":"<!-- This site is optimized with the Yoast SEO plugin v25.3.1 - https:\/\/yoast.com\/wordpress\/plugins\/seo\/ -->\n<title>Adicione o Store Locator ao Joomla - Experimente a solu\u00e7\u00e3o gratuita do Location Finder<\/title>\n<meta name=\"description\" content=\"Adicione o Store Locator personaliz\u00e1vel \u00e0s p\u00e1ginas do seu site Joomla para aumentar as convers\u00f5es. Use uma demonstra\u00e7\u00e3o simples da Elfsight para construir o widget.\" \/>\n<meta name=\"robots\" content=\"index, follow, max-snippet:-1, max-image-preview:large, max-video-preview:-1\" \/>\n<link rel=\"canonical\" href=\"https:\/\/elfsight.com\/pt\/store-locator-widget\/joomla\/\" \/>\n<meta property=\"og:locale\" content=\"pt_PT\" \/>\n<meta property=\"og:type\" content=\"article\" \/>\n<meta property=\"og:title\" content=\"Adicione o Store Locator ao Joomla - Experimente a solu\u00e7\u00e3o gratuita do Location Finder\" \/>\n<meta property=\"og:description\" content=\"Adicione o Store Locator personaliz\u00e1vel \u00e0s p\u00e1ginas do seu site Joomla para aumentar as convers\u00f5es. Use uma demonstra\u00e7\u00e3o simples da Elfsight para construir o widget.\" \/>\n<meta property=\"og:url\" content=\"https:\/\/elfsight.com\/pt\/store-locator-widget\/joomla\/\" \/>\n<meta property=\"og:site_name\" content=\"Elfsight PT\" \/>\n<meta property=\"article:modified_time\" content=\"2024-11-12T15:24:49+00:00\" \/>\n<meta name=\"twitter:card\" content=\"summary_large_image\" \/>\n<meta name=\"twitter:label1\" content=\"Tempo estimado de leitura\" \/>\n\t<meta name=\"twitter:data1\" content=\"2 minutos\" \/>\n<!-- \/ Yoast SEO plugin. -->","yoast_head_json":{"title":"Adicione o Store Locator ao Joomla - Experimente a solu\u00e7\u00e3o gratuita do Location Finder","description":"Adicione o Store Locator personaliz\u00e1vel \u00e0s p\u00e1ginas do seu site Joomla para aumentar as convers\u00f5es. Use uma demonstra\u00e7\u00e3o simples da Elfsight para construir o widget.","robots":{"index":"index","follow":"follow","max-snippet":"max-snippet:-1","max-image-preview":"max-image-preview:large","max-video-preview":"max-video-preview:-1"},"canonical":"https:\/\/elfsight.com\/pt\/store-locator-widget\/joomla\/","og_locale":"pt_PT","og_type":"article","og_title":"Adicione o Store Locator ao Joomla - Experimente a solu\u00e7\u00e3o gratuita do Location Finder","og_description":"Adicione o Store Locator personaliz\u00e1vel \u00e0s p\u00e1ginas do seu site Joomla para aumentar as convers\u00f5es. Use uma demonstra\u00e7\u00e3o simples da Elfsight para construir o widget.","og_url":"https:\/\/elfsight.com\/pt\/store-locator-widget\/joomla\/","og_site_name":"Elfsight PT","article_modified_time":"2024-11-12T15:24:49+00:00","twitter_card":"summary_large_image","twitter_misc":{"Tempo estimado de leitura":"2 minutos"},"schema":{"@context":"https:\/\/schema.org","@graph":[{"@type":"WebPage","@id":"https:\/\/elfsight.com\/pt\/store-locator-widget\/joomla\/","url":"https:\/\/elfsight.com\/pt\/store-locator-widget\/joomla\/","name":"Adicione o Store Locator ao Joomla - Experimente a solu\u00e7\u00e3o gratuita do Location Finder","isPartOf":{"@id":"https:\/\/elfsight.com\/pt\/#website"},"datePublished":"1970-01-01T00:00:00+00:00","dateModified":"2024-11-12T15:24:49+00:00","description":"Adicione o Store Locator personaliz\u00e1vel \u00e0s p\u00e1ginas do seu site Joomla para aumentar as convers\u00f5es. Use uma demonstra\u00e7\u00e3o simples da Elfsight para construir o widget.","breadcrumb":{"@id":"https:\/\/elfsight.com\/pt\/store-locator-widget\/joomla\/#breadcrumb"},"inLanguage":"pt-PT","potentialAction":[{"@type":"ReadAction","target":["https:\/\/elfsight.com\/pt\/store-locator-widget\/joomla\/"]}]},{"@type":"BreadcrumbList","@id":"https:\/\/elfsight.com\/pt\/store-locator-widget\/joomla\/#breadcrumb","itemListElement":[{"@type":"ListItem","position":1,"name":"Home","item":"https:\/\/elfsight.com\/pt\/"},{"@type":"ListItem","position":2,"name":"Store Locator","item":"https:\/\/elfsight.com\/pt\/store-locator-widget\/"},{"@type":"ListItem","position":3,"name":"Store Locator &#8211; Joomla"}]},{"@type":"WebSite","@id":"https:\/\/elfsight.com\/pt\/#website","url":"https:\/\/elfsight.com\/pt\/","name":"Elfsight PT","description":"Just another Elfsight Sites site","potentialAction":[{"@type":"SearchAction","target":{"@type":"EntryPoint","urlTemplate":"https:\/\/elfsight.com\/pt\/?s={search_term_string}"},"query-input":{"@type":"PropertyValueSpecification","valueRequired":true,"valueName":"search_term_string"}}],"inLanguage":"pt-PT"}]}},"meta_box":{"industry":"","seo_heading":"","heading":"","description":"","cta_heading":"","cta_description":"","application":"5160","h1":"Extens\u00e3o do localizador de lojas Joomla","h1_caption":"Aumente a fidelidade e inspire mais visitas f\u00edsicas","application_category":[],"applications_title":"","applications_request_title":"","applications_request_button_text":"","hero_text":"","hero_video":"","hero_video_schema_markup":"","selling_points_title":"","selling_points_caption":"","selling_points":[],"selling_points_cta_text":"","features_title":"","features":"","ed_cta_examples_text":"","ed_cta_examples_hidden":"","ed_cta_demo_text":"","ed_cta_demo_hidden":"","why_caption":"","why_editor_title":"","why_editor_text":"","why_team_title":"","why_team_text":"","why_service_title":"","why_service_text":"","template_catalog_visible":"","template_catalog_title":"","template_catalog_text":"","template_catalog_categories_visible":"","demo_title":"Crie seu plugin Store Locator","demo_caption":"Configure seu Localizador de Lojas e adicione-o ao seu site Joomla gratuitamente!","default_faq_hidden":"","app_template_category":[],"platform":"52","template_public_id":"","codecanyon_url":"","codecanyon_item_id":"","codecanyon_price":"","pricing_caption":"","pricing_elfsight_apps_hide_column":"","pricing_elfsight_apps_url":"","pricing_codecanyon_price_caption":"","integration_category":[],"integration_request_title":"","integration_request_cta":"","integration_platform":"","integrations":[],"platform_category":[],"video_schema_markup":"","price":"a partir de US$ 0\/m\u00eas","trial":"","benefits":[{"text":"Assist\u00eancia de instala\u00e7\u00e3o gratuita"},{"text":"Atendimento ao cliente eficaz"},{"text":"Garantia de devolu\u00e7\u00e3o do dinheiro em 14 dias"},{"text":"Atualiza\u00e7\u00f5es cont\u00ednuas"}],"button_url":"#demo","button_target_blank":"","button_nofollow":"","attributes":[{"name":"Instala\u00e7\u00f5es","content":"10,000 - 100,000"},{"name":"Responsivo","content":"Sim"},{"name":"Navegadores compat\u00edveis","content":"Firefox, Safari, Opera, Chrome, Edge"}],"tags":[],"tags_disable_links":"","hide_more_platforms":"","video_object":"","demo_hide_cta":"","demo_hide_cloud_options":"","pricing_title":"","pricing":[{"pricing_icon":"platform","pricing_title":"Elfsight Apps","pricing_title_caption":"Vers\u00e3o multiplataforma","pricing_price":"a partir de US$ 0\/m\u00eas","pricing_price_caption":"comece com um plano gratuito","pricing_benefits":[{"text":"Dom\u00ednios ilimitados"},{"text":"Suporte dedicado ao cliente"},{"text":"Suporte dedicado ao cliente"},{"text":"Totalmente personaliz\u00e1vel"}],"pricing_button_text":"Adicionar ao site","pricing_button_url":"#demo"}],"related_apps_title":"","related_apps_hidden":"","author":"","image":[],"title":"","job":"","social_networks":[]},"_links":{"self":[{"href":"https:\/\/elfsight.com\/pt\/wp-json\/wp\/v2\/pages\/8121","targetHints":{"allow":["GET"]}}],"collection":[{"href":"https:\/\/elfsight.com\/pt\/wp-json\/wp\/v2\/pages"}],"about":[{"href":"https:\/\/elfsight.com\/pt\/wp-json\/wp\/v2\/types\/page"}],"author":[{"embeddable":true,"href":"https:\/\/elfsight.com\/pt\/wp-json\/wp\/v2\/users\/9"}],"replies":[{"embeddable":true,"href":"https:\/\/elfsight.com\/pt\/wp-json\/wp\/v2\/comments?post=8121"}],"version-history":[{"count":1,"href":"https:\/\/elfsight.com\/pt\/wp-json\/wp\/v2\/pages\/8121\/revisions"}],"predecessor-version":[{"id":8125,"href":"https:\/\/elfsight.com\/pt\/wp-json\/wp\/v2\/pages\/8121\/revisions\/8125"}],"up":[{"embeddable":true,"href":"https:\/\/elfsight.com\/pt\/wp-json\/wp\/v2\/pages\/5164"}],"wp:attachment":[{"href":"https:\/\/elfsight.com\/pt\/wp-json\/wp\/v2\/media?parent=8121"}],"curies":[{"name":"wp","href":"https:\/\/api.w.org\/{rel}","templated":true}]}}