{"id":8120,"date":"1970-01-01T00:00:00","date_gmt":"1970-01-01T00:00:00","guid":{"rendered":"https:\/\/elfsight.com\/pt\/?page_id=8120"},"modified":"2025-03-07T08:48:29","modified_gmt":"2025-03-07T08:48:29","slug":"jquery","status":"publish","type":"page","link":"https:\/\/elfsight.com\/pt\/store-locator-widget\/jquery\/","title":{"rendered":"Store Locator &#8211; jQuery"},"content":{"rendered":"\n<div class=\"application-platform-content-item-description application-platform-content-item\" id=\"description\" data-nav-section=\"description\"> <h2>Incorpore o Store Locator no jQuery com um plugin Elfsight<\/h2> <p>O Elfsight Store Locator para jQuery \u00e9 um widget poderoso e personaliz\u00e1vel criado para melhorar a usabilidade do seu site e o envolvimento do cliente, tornando mais f\u00e1cil do que nunca a visita dos seus clientes \u00e0s suas lojas. Com uma gama de excelentes recursos inventados para efici\u00eancia e desempenho, este widget \u00e9 a melhor solu\u00e7\u00e3o para mostrar a localiza\u00e7\u00e3o de sua loja f\u00edsica de maneira clara e f\u00e1cil de usar. Confira agora e observe como ele transforma seu site em um maravilhoso localizador de lojas!<\/p> <p>Ao incorporar o widget, voc\u00ea aumentar\u00e1 sua credibilidade junto aos clientes, compartilhando informa\u00e7\u00f5es detalhadas sobre a localiza\u00e7\u00e3o f\u00edsica de sua empresa, garantindo a todos sua s\u00f3lida presen\u00e7a. Isso pode resultar em melhor tomada de decis\u00e3o e melhor experi\u00eancia de compra entre os clientes. <\/p><p><b>Incorpore o brilhante localizador de lojas para compartilhar sua localiza\u00e7\u00e3o e dados \u00fateis de opera\u00e7\u00e3o. Destaque seu endere\u00e7o atual e informa\u00e7\u00f5es \u00fateis para receber mais visitantes na loja. <\/b><\/p><\/div> <div class=\"application-platform-content-item-features application-platform-content-item\" id=\"features\" data-nav-section=\"features\"> <h2>Estes s\u00e3o apenas alguns dos poderosos recursos do widget:<\/h2> <ul><li>Sele\u00e7\u00e3o din\u00e2mica de localiza\u00e7\u00e3o<\/li> <li>Recursos de mapa orientados ao usu\u00e1rio<\/li><li>Bot\u00f5es de a\u00e7\u00e3o de localiza\u00e7\u00e3o que suportam integra\u00e7\u00f5es <\/li><li>Cart\u00e3o de localiza\u00e7\u00e3o detalhado ap\u00f3s a sele\u00e7\u00e3o do marcador<\/li><li>Cronograma de trabalho e localiza\u00e7\u00e3o do local, status da atividade.<\/li><\/ul><p><a href=\"#demo\">Teste todas as op\u00e7\u00f5es de personaliza\u00e7\u00e3o na demonstra\u00e7\u00e3o completa<\/a><\/p> <\/div> <div class=\"application-platform-content-item-installation  application-platform-content-item\" id=\"installation \" data-nav-section=\"installation \"> <h2>Como integrar o Store Locator ao meu site jQuery?<\/h2> <p>Basta aplicar as instru\u00e7\u00f5es abaixo para inserir o widget. <\/p> <ol><li><b>Abra nosso editor gratuito e comece a criar seu plugin exclusivo. <\/b><br> Especifique o layout e a funcionalidade desejados da ferramenta e salve as modifica\u00e7\u00f5es. <\/li> <li><b>Copie o c\u00f3digo pessoal que aparece na janela dos aplicativos Elfsight. <\/b><br> Quando a personaliza\u00e7\u00e3o do seu widget estiver conclu\u00edda, copie o c\u00f3digo exclusivo da caixa que aparece e salve-o para uso posterior. <\/li> <li><b>Comece a usar o widget na sua p\u00e1gina inicial do jQuery. <\/b><br> Incorpore o c\u00f3digo que voc\u00ea salvou anteriormente em sua p\u00e1gina e aplique as modifica\u00e7\u00f5es. <\/li> <li><b>A instala\u00e7\u00e3o foi totalmente conclu\u00edda. <\/b><br> Acesse seu site para ver como o widget est\u00e1 funcionando. <\/li><\/ol> <p>Caso tenha d\u00favidas ou enfrente alguma dificuldade, n\u00e3o hesite em se inscrever em nossa equipe de suporte. Nosso pessoal est\u00e1 ansioso para ajud\u00e1-lo com todas as dificuldades que voc\u00ea possa ter com o produto. <\/p><\/div>\n","protected":false},"excerpt":{"rendered":"","protected":false},"author":9,"featured_media":0,"parent":5164,"menu_order":0,"comment_status":"closed","ping_status":"closed","template":"templates\/template-application-platform.php","meta":{"publish_to_discourse":"","publish_post_category":"","wpdc_auto_publish_overridden":"","wpdc_topic_tags":"","wpdc_pin_topic":"","wpdc_pin_until":"","discourse_post_id":"","discourse_permalink":"","wpdc_publishing_response":"","wpdc_publishing_error":"","footnotes":""},"class_list":["post-8120","page","type-page","status-publish","hentry"],"yoast_head":"<!-- This site is optimized with the Yoast SEO plugin v25.3.1 - https:\/\/yoast.com\/wordpress\/plugins\/seo\/ -->\n<title>Incorporar localizador de lojas para jQuery - adicionar locais de lojas com clareza<\/title>\n<meta name=\"description\" content=\"Adicione o Store Locator f\u00e1cil de usar ao site jQuery para obter a satisfa\u00e7\u00e3o do cliente. Experimente a demonstra\u00e7\u00e3o clara da Elfsight para gerar um widget poderoso.\" \/>\n<meta name=\"robots\" content=\"index, follow, max-snippet:-1, max-image-preview:large, max-video-preview:-1\" \/>\n<link rel=\"canonical\" href=\"https:\/\/elfsight.com\/pt\/store-locator-widget\/jquery\/\" \/>\n<meta property=\"og:locale\" content=\"pt_PT\" \/>\n<meta property=\"og:type\" content=\"article\" \/>\n<meta property=\"og:title\" content=\"Incorporar localizador de lojas para jQuery - adicionar locais de lojas com clareza\" \/>\n<meta property=\"og:description\" content=\"Adicione o Store Locator f\u00e1cil de usar ao site jQuery para obter a satisfa\u00e7\u00e3o do cliente. Experimente a demonstra\u00e7\u00e3o clara da Elfsight para gerar um widget poderoso.\" \/>\n<meta property=\"og:url\" content=\"https:\/\/elfsight.com\/pt\/store-locator-widget\/jquery\/\" \/>\n<meta property=\"og:site_name\" content=\"Elfsight PT\" \/>\n<meta property=\"article:modified_time\" content=\"2025-03-07T08:48:29+00:00\" \/>\n<meta name=\"twitter:card\" content=\"summary_large_image\" \/>\n<meta name=\"twitter:label1\" content=\"Tempo estimado de leitura\" \/>\n\t<meta name=\"twitter:data1\" content=\"3 minutos\" \/>\n<!-- \/ Yoast SEO plugin. -->","yoast_head_json":{"title":"Incorporar localizador de lojas para jQuery - adicionar locais de lojas com clareza","description":"Adicione o Store Locator f\u00e1cil de usar ao site jQuery para obter a satisfa\u00e7\u00e3o do cliente. Experimente a demonstra\u00e7\u00e3o clara da Elfsight para gerar um widget poderoso.","robots":{"index":"index","follow":"follow","max-snippet":"max-snippet:-1","max-image-preview":"max-image-preview:large","max-video-preview":"max-video-preview:-1"},"canonical":"https:\/\/elfsight.com\/pt\/store-locator-widget\/jquery\/","og_locale":"pt_PT","og_type":"article","og_title":"Incorporar localizador de lojas para jQuery - adicionar locais de lojas com clareza","og_description":"Adicione o Store Locator f\u00e1cil de usar ao site jQuery para obter a satisfa\u00e7\u00e3o do cliente. Experimente a demonstra\u00e7\u00e3o clara da Elfsight para gerar um widget poderoso.","og_url":"https:\/\/elfsight.com\/pt\/store-locator-widget\/jquery\/","og_site_name":"Elfsight PT","article_modified_time":"2025-03-07T08:48:29+00:00","twitter_card":"summary_large_image","twitter_misc":{"Tempo estimado de leitura":"3 minutos"},"schema":{"@context":"https:\/\/schema.org","@graph":[{"@type":"WebPage","@id":"https:\/\/elfsight.com\/pt\/store-locator-widget\/jquery\/","url":"https:\/\/elfsight.com\/pt\/store-locator-widget\/jquery\/","name":"Incorporar localizador de lojas para jQuery - adicionar locais de lojas com clareza","isPartOf":{"@id":"https:\/\/elfsight.com\/pt\/#website"},"datePublished":"1970-01-01T00:00:00+00:00","dateModified":"2025-03-07T08:48:29+00:00","description":"Adicione o Store Locator f\u00e1cil de usar ao site jQuery para obter a satisfa\u00e7\u00e3o do cliente. Experimente a demonstra\u00e7\u00e3o clara da Elfsight para gerar um widget poderoso.","breadcrumb":{"@id":"https:\/\/elfsight.com\/pt\/store-locator-widget\/jquery\/#breadcrumb"},"inLanguage":"pt-PT","potentialAction":[{"@type":"ReadAction","target":["https:\/\/elfsight.com\/pt\/store-locator-widget\/jquery\/"]}]},{"@type":"BreadcrumbList","@id":"https:\/\/elfsight.com\/pt\/store-locator-widget\/jquery\/#breadcrumb","itemListElement":[{"@type":"ListItem","position":1,"name":"Home","item":"https:\/\/elfsight.com\/pt\/"},{"@type":"ListItem","position":2,"name":"Store Locator","item":"https:\/\/elfsight.com\/pt\/store-locator-widget\/"},{"@type":"ListItem","position":3,"name":"Store Locator &#8211; jQuery"}]},{"@type":"WebSite","@id":"https:\/\/elfsight.com\/pt\/#website","url":"https:\/\/elfsight.com\/pt\/","name":"Elfsight PT","description":"Just another Elfsight Sites site","potentialAction":[{"@type":"SearchAction","target":{"@type":"EntryPoint","urlTemplate":"https:\/\/elfsight.com\/pt\/?s={search_term_string}"},"query-input":{"@type":"PropertyValueSpecification","valueRequired":true,"valueName":"search_term_string"}}],"inLanguage":"pt-PT"}]}},"meta_box":{"industry":"","seo_heading":"","heading":"","description":"","cta_heading":"","cta_description":"","application":"5160","h1":"Plug-in jQuery Store Locator","h1_caption":"Alcance melhor fidelidade proporcionando melhor navega\u00e7\u00e3o ao cliente","application_category":[],"applications_title":"","applications_request_title":"","applications_request_button_text":"","hero_text":"","hero_video":"","hero_video_schema_markup":"","selling_points_title":"","selling_points_caption":"","selling_points":[],"selling_points_cta_text":"","features_title":"","features":"","ed_cta_examples_text":"","ed_cta_examples_hidden":"","ed_cta_demo_text":"","ed_cta_demo_hidden":"","why_caption":"","why_editor_title":"","why_editor_text":"","why_team_title":"","why_team_text":"","why_service_title":"","why_service_text":"","template_catalog_visible":"0","template_catalog_title":"","template_catalog_text":"","template_catalog_categories_visible":"","demo_title":"Crie seu plugin Store Locator","demo_caption":"Configure seu Store Locator e adicione-o ao seu site jQuery gratuitamente!","default_faq_hidden":"","app_template_category":[],"platform":"55","template_public_id":"","codecanyon_url":"","codecanyon_item_id":"","codecanyon_price":"","pricing_caption":"","pricing_elfsight_apps_hide_column":"","pricing_elfsight_apps_url":"","pricing_codecanyon_price_caption":"","integration_category":[],"integration_request_title":"","integration_request_cta":"","integration_platform":"","integrations":[],"platform_category":[],"video_schema_markup":"","price":"a partir de US$ 0\/m\u00eas","trial":"","benefits":[{"text":"Dom\u00ednios ilimitados"},{"text":"Suporte profissional ao cliente"},{"text":"Ajuda de instala\u00e7\u00e3o gratuita"},{"text":"Totalmente personaliz\u00e1vel"}],"button_url":"#demo","button_target_blank":"0","button_nofollow":"0","attributes":[{"name":"Instala\u00e7\u00f5es","content":"10,000 - 100,000"},{"name":"Responsivo","content":"Sim"},{"name":"Navegadores compat\u00edveis","content":"Firefox, Safari, Opera, Chrome, Edge"}],"tags":[],"tags_disable_links":"0","hide_more_platforms":"0","video_object":"","demo_hide_cta":"0","demo_hide_cloud_options":"0","pricing_title":"","pricing":[{"pricing_icon":"platform","pricing_title":"Elfsight Apps","pricing_title_caption":"Vers\u00e3o multiplataforma adequada para qualquer site","pricing_price":"a partir de US$ 0\/m\u00eas","pricing_price_caption":"comece com um plano gratuito","pricing_benefits":[{"text":"Dom\u00ednios ilimitados"},{"text":"Suporte profissional ao cliente"},{"text":"Suporte profissional ao cliente"},{"text":"Totalmente personaliz\u00e1vel"}],"pricing_button_text":"Adicionar ao site","pricing_button_url":"#demo"}],"related_apps_title":"","related_apps_hidden":"0","author":"","image":[],"title":"","job":"","social_networks":[]},"_links":{"self":[{"href":"https:\/\/elfsight.com\/pt\/wp-json\/wp\/v2\/pages\/8120","targetHints":{"allow":["GET"]}}],"collection":[{"href":"https:\/\/elfsight.com\/pt\/wp-json\/wp\/v2\/pages"}],"about":[{"href":"https:\/\/elfsight.com\/pt\/wp-json\/wp\/v2\/types\/page"}],"author":[{"embeddable":true,"href":"https:\/\/elfsight.com\/pt\/wp-json\/wp\/v2\/users\/9"}],"replies":[{"embeddable":true,"href":"https:\/\/elfsight.com\/pt\/wp-json\/wp\/v2\/comments?post=8120"}],"version-history":[{"count":2,"href":"https:\/\/elfsight.com\/pt\/wp-json\/wp\/v2\/pages\/8120\/revisions"}],"predecessor-version":[{"id":14586,"href":"https:\/\/elfsight.com\/pt\/wp-json\/wp\/v2\/pages\/8120\/revisions\/14586"}],"up":[{"embeddable":true,"href":"https:\/\/elfsight.com\/pt\/wp-json\/wp\/v2\/pages\/5164"}],"wp:attachment":[{"href":"https:\/\/elfsight.com\/pt\/wp-json\/wp\/v2\/media?parent=8120"}],"curies":[{"name":"wp","href":"https:\/\/api.w.org\/{rel}","templated":true}]}}