{"id":8112,"date":"1970-01-01T00:00:00","date_gmt":"1970-01-01T00:00:00","guid":{"rendered":"https:\/\/elfsight.com\/pt\/?page_id=8112"},"modified":"2025-03-07T09:12:25","modified_gmt":"2025-03-07T09:12:25","slug":"prestashop","status":"publish","type":"page","link":"https:\/\/elfsight.com\/pt\/store-locator-widget\/prestashop\/","title":{"rendered":"Store Locator &#8211; PrestaShop"},"content":{"rendered":"\n<div class=\"application-platform-content-item-description application-platform-content-item\" id=\"description\" data-nav-section=\"description\"> <h2>Incorpore o Store Locator no PrestaShop com um complemento Elfsight<\/h2> <p>O Elfsight Store Locator para PrestaShop \u00e9 um widget din\u00e2mico e ajust\u00e1vel projetado para aumentar a conveni\u00eancia do seu site e o envolvimento do cliente, tornando mais f\u00e1cil do que nunca para seus clientes encontrarem sua localiza\u00e7\u00e3o. Com um conjunto de recursos \u00fateis adaptados para efici\u00eancia e desempenho, este widget \u00e9 a melhor solu\u00e7\u00e3o para mostrar os locais f\u00edsicos de sua empresa de maneira interativa e conveniente. Incorpore-o agora e observe como ele transforma seu site em um poderoso localizador de lojas!<\/p> <p>Ao usar o widget, voc\u00ea aumentar\u00e1 sua confiabilidade entre os clientes, fornecendo informa\u00e7\u00f5es detalhadas sobre a localiza\u00e7\u00e3o f\u00edsica de sua organiza\u00e7\u00e3o, tranquilizando todos sobre seus estabelecimentos. presen\u00e7a. Isso pode resultar em uma tomada de decis\u00e3o mais r\u00e1pida e uma experi\u00eancia de compra s\u00f3lida entre os clientes. <\/p><p><b>Use o extraordin\u00e1rio localizador de lojas para apresentar sua localiza\u00e7\u00e3o e detalhes importantes da opera\u00e7\u00e3o. Forne\u00e7a seu endere\u00e7o atual e informa\u00e7\u00f5es \u00fateis convidando clientes adicionais na loja. <\/b><\/p> <\/div> <div class=\"application-platform-content-item-features application-platform-content-item\" id=\"features\" data-nav-section=\"features\"> <h2>Aqui est\u00e3o os recursos centrais do widget:<\/h2> <ul><li>Indica\u00e7\u00e3o de localiza\u00e7\u00e3o sem esfor\u00e7o<\/li><li>Recursos de mapa intuitivos<\/li><li>Bot\u00f5es de intera\u00e7\u00e3o de localiza\u00e7\u00e3o com integra\u00e7\u00f5es <\/li><li>Pop-up de localiza\u00e7\u00e3o simples na sele\u00e7\u00e3o de marcador<\/li><li>Cronograma de trabalho de localiza\u00e7\u00e3o e tempo de resposta, status da atividade<\/li><\/ul><p><a href=\"#demo\">Experimente esta demonstra\u00e7\u00e3o para entender a funcionalidade do widget<\/a><\/p><\/div> <div class=\"application-platform-content-item-installation application-platform-content-item\" id=\"installation\" data-nav-section=\"installation\"> <h2>Como incorporar o Store Locator em meu site PrestaShop?<\/h2> <p>Basta seguir alguns passos descritos abaixo para integrar o plugin. <\/p> <ol><li><b>Inicie nosso editor gratuito e comece a criar seu pr\u00f3prio widget. <\/b><br> Encontre a apar\u00eancia e as especifica\u00e7\u00f5es adequadas da ferramenta e salve as corre\u00e7\u00f5es. <\/li> <li><b>Adquira o c\u00f3digo pessoal que aparece no formul\u00e1rio especial nas Apps Elfsight. <\/b><br> Quando o estabelecimento do seu widget estiver conclu\u00eddo, copie o c\u00f3digo individual na caixa que aparece e guarde-o para uso posterior. <\/li> <li><b>Comece a usar o widget no seu site PrestaShop. <\/b><br> Adicione o c\u00f3digo que voc\u00ea salvou recentemente em sua p\u00e1gina da web e aplique as edi\u00e7\u00f5es. <\/li> <li><b>A configura\u00e7\u00e3o est\u00e1 totalmente conclu\u00edda. <\/b><br> Visite seu site para ver como a ferramenta est\u00e1 funcionando. <\/li><\/ol> <p>Caso tenha d\u00favidas ou tenha alguma complica\u00e7\u00e3o, n\u00e3o hesite em procurar ajuda de nossa equipe de suporte. Nossos consultores desejam ajud\u00e1-lo com todos os problemas que voc\u00ea possa ter com o plugin. <\/p><\/div>\n","protected":false},"excerpt":{"rendered":"","protected":false},"author":9,"featured_media":0,"parent":5164,"menu_order":0,"comment_status":"closed","ping_status":"closed","template":"templates\/template-application-platform.php","meta":{"publish_to_discourse":"","publish_post_category":"","wpdc_auto_publish_overridden":"","wpdc_topic_tags":"","wpdc_pin_topic":"","wpdc_pin_until":"","discourse_post_id":"","discourse_permalink":"","wpdc_publishing_response":"","wpdc_publishing_error":"","footnotes":""},"class_list":["post-8112","page","type-page","status-publish","hentry"],"yoast_head":"<!-- This site is optimized with the Yoast SEO plugin v25.3.1 - https:\/\/yoast.com\/wordpress\/plugins\/seo\/ -->\n<title>Integre o Localizador de Lojas ao PrestaShop - Apresente o Neg\u00f3cio no Mapa<\/title>\n<meta name=\"description\" content=\"Incorpore um Localizador de Lojas personaliz\u00e1vel no site PrestaShop para aumentar as convers\u00f5es. Aproveite a Elfsight para gerar o widget.\" \/>\n<meta name=\"robots\" content=\"index, follow, max-snippet:-1, max-image-preview:large, max-video-preview:-1\" \/>\n<link rel=\"canonical\" href=\"https:\/\/elfsight.com\/pt\/store-locator-widget\/prestashop\/\" \/>\n<meta property=\"og:locale\" content=\"pt_PT\" \/>\n<meta property=\"og:type\" content=\"article\" \/>\n<meta property=\"og:title\" content=\"Integre o Localizador de Lojas ao PrestaShop - Apresente o Neg\u00f3cio no Mapa\" \/>\n<meta property=\"og:description\" content=\"Incorpore um Localizador de Lojas personaliz\u00e1vel no site PrestaShop para aumentar as convers\u00f5es. Aproveite a Elfsight para gerar o widget.\" \/>\n<meta property=\"og:url\" content=\"https:\/\/elfsight.com\/pt\/store-locator-widget\/prestashop\/\" \/>\n<meta property=\"og:site_name\" content=\"Elfsight PT\" \/>\n<meta property=\"article:modified_time\" content=\"2025-03-07T09:12:25+00:00\" \/>\n<meta name=\"twitter:card\" content=\"summary_large_image\" \/>\n<meta name=\"twitter:label1\" content=\"Tempo estimado de leitura\" \/>\n\t<meta name=\"twitter:data1\" content=\"3 minutos\" \/>\n<!-- \/ Yoast SEO plugin. -->","yoast_head_json":{"title":"Integre o Localizador de Lojas ao PrestaShop - Apresente o Neg\u00f3cio no Mapa","description":"Incorpore um Localizador de Lojas personaliz\u00e1vel no site PrestaShop para aumentar as convers\u00f5es. Aproveite a Elfsight para gerar o widget.","robots":{"index":"index","follow":"follow","max-snippet":"max-snippet:-1","max-image-preview":"max-image-preview:large","max-video-preview":"max-video-preview:-1"},"canonical":"https:\/\/elfsight.com\/pt\/store-locator-widget\/prestashop\/","og_locale":"pt_PT","og_type":"article","og_title":"Integre o Localizador de Lojas ao PrestaShop - Apresente o Neg\u00f3cio no Mapa","og_description":"Incorpore um Localizador de Lojas personaliz\u00e1vel no site PrestaShop para aumentar as convers\u00f5es. Aproveite a Elfsight para gerar o widget.","og_url":"https:\/\/elfsight.com\/pt\/store-locator-widget\/prestashop\/","og_site_name":"Elfsight PT","article_modified_time":"2025-03-07T09:12:25+00:00","twitter_card":"summary_large_image","twitter_misc":{"Tempo estimado de leitura":"3 minutos"},"schema":{"@context":"https:\/\/schema.org","@graph":[{"@type":"WebPage","@id":"https:\/\/elfsight.com\/pt\/store-locator-widget\/prestashop\/","url":"https:\/\/elfsight.com\/pt\/store-locator-widget\/prestashop\/","name":"Integre o Localizador de Lojas ao PrestaShop - Apresente o Neg\u00f3cio no Mapa","isPartOf":{"@id":"https:\/\/elfsight.com\/pt\/#website"},"datePublished":"1970-01-01T00:00:00+00:00","dateModified":"2025-03-07T09:12:25+00:00","description":"Incorpore um Localizador de Lojas personaliz\u00e1vel no site PrestaShop para aumentar as convers\u00f5es. Aproveite a Elfsight para gerar o widget.","breadcrumb":{"@id":"https:\/\/elfsight.com\/pt\/store-locator-widget\/prestashop\/#breadcrumb"},"inLanguage":"pt-PT","potentialAction":[{"@type":"ReadAction","target":["https:\/\/elfsight.com\/pt\/store-locator-widget\/prestashop\/"]}]},{"@type":"BreadcrumbList","@id":"https:\/\/elfsight.com\/pt\/store-locator-widget\/prestashop\/#breadcrumb","itemListElement":[{"@type":"ListItem","position":1,"name":"Home","item":"https:\/\/elfsight.com\/pt\/"},{"@type":"ListItem","position":2,"name":"Store Locator","item":"https:\/\/elfsight.com\/pt\/store-locator-widget\/"},{"@type":"ListItem","position":3,"name":"Store Locator &#8211; PrestaShop"}]},{"@type":"WebSite","@id":"https:\/\/elfsight.com\/pt\/#website","url":"https:\/\/elfsight.com\/pt\/","name":"Elfsight PT","description":"Just another Elfsight Sites site","potentialAction":[{"@type":"SearchAction","target":{"@type":"EntryPoint","urlTemplate":"https:\/\/elfsight.com\/pt\/?s={search_term_string}"},"query-input":{"@type":"PropertyValueSpecification","valueRequired":true,"valueName":"search_term_string"}}],"inLanguage":"pt-PT"}]}},"meta_box":{"industry":"","seo_heading":"","heading":"","description":"","cta_heading":"","cta_description":"","application":"5160","h1":"Complemento PrestaShop Store Locator","h1_caption":"Aumente a fidelidade e receba mais clientes na loja","application_category":[],"applications_title":"","applications_request_title":"","applications_request_button_text":"","hero_text":"","hero_video":"","hero_video_schema_markup":"","selling_points_title":"","selling_points_caption":"","selling_points":[],"selling_points_cta_text":"","features_title":"","features":"","ed_cta_examples_text":"","ed_cta_examples_hidden":"","ed_cta_demo_text":"","ed_cta_demo_hidden":"","why_caption":"","why_editor_title":"","why_editor_text":"","why_team_title":"","why_team_text":"","why_service_title":"","why_service_text":"","template_catalog_visible":"0","template_catalog_title":"","template_catalog_text":"","template_catalog_categories_visible":"","demo_title":"Crie seu complemento Store Locator","demo_caption":"Configure seu Localizador de Lojas e adicione-o ao seu site PrestaShop gratuitamente!","default_faq_hidden":"","app_template_category":[],"platform":"5343","template_public_id":"","codecanyon_url":"","codecanyon_item_id":"","codecanyon_price":"","pricing_caption":"","pricing_elfsight_apps_hide_column":"","pricing_elfsight_apps_url":"","pricing_codecanyon_price_caption":"","integration_category":[],"integration_request_title":"","integration_request_cta":"","integration_platform":"","integrations":[],"platform_category":[],"video_schema_markup":"","price":"a partir de US$ 0\/m\u00eas","trial":"","benefits":[{"text":"Ajuda de instala\u00e7\u00e3o gratuita"},{"text":"Atendimento ao cliente competente"},{"text":"Garantia de reembolso de 14 dias"},{"text":"Melhorias futuras"}],"button_url":"#demo","button_target_blank":"0","button_nofollow":"0","attributes":[{"name":"Instala\u00e7\u00f5es","content":"10,000 - 100,000"},{"name":"Responsivo","content":"Sim"},{"name":"Navegadores compat\u00edveis","content":"Firefox, Safari, Opera, Chrome, Edge"}],"tags":[],"tags_disable_links":"0","hide_more_platforms":"0","video_object":"","demo_hide_cta":"0","demo_hide_cloud_options":"0","pricing_title":"","pricing":[{"pricing_icon":"platform","pricing_title":"Elfsight Apps","pricing_title_caption":"Solu\u00e7\u00e3o digital multiplataforma","pricing_price":"a partir de US$ 0\/m\u00eas","pricing_price_caption":"comece com um plano gratuito","pricing_benefits":[{"text":"Sites ilimitados"},{"text":"Suporte 24 horas por dia, 7 dias por semana, pontual e bem documentado"},{"text":"Suporte 24 horas por dia, 7 dias por semana, pontual e bem documentado"},{"text":"Totalmente personaliz\u00e1vel"}],"pricing_button_text":"Adicionar ao site","pricing_button_url":"#demo"}],"related_apps_title":"","related_apps_hidden":"0","author":"","image":[],"title":"","job":"","social_networks":[]},"_links":{"self":[{"href":"https:\/\/elfsight.com\/pt\/wp-json\/wp\/v2\/pages\/8112","targetHints":{"allow":["GET"]}}],"collection":[{"href":"https:\/\/elfsight.com\/pt\/wp-json\/wp\/v2\/pages"}],"about":[{"href":"https:\/\/elfsight.com\/pt\/wp-json\/wp\/v2\/types\/page"}],"author":[{"embeddable":true,"href":"https:\/\/elfsight.com\/pt\/wp-json\/wp\/v2\/users\/9"}],"replies":[{"embeddable":true,"href":"https:\/\/elfsight.com\/pt\/wp-json\/wp\/v2\/comments?post=8112"}],"version-history":[{"count":2,"href":"https:\/\/elfsight.com\/pt\/wp-json\/wp\/v2\/pages\/8112\/revisions"}],"predecessor-version":[{"id":14603,"href":"https:\/\/elfsight.com\/pt\/wp-json\/wp\/v2\/pages\/8112\/revisions\/14603"}],"up":[{"embeddable":true,"href":"https:\/\/elfsight.com\/pt\/wp-json\/wp\/v2\/pages\/5164"}],"wp:attachment":[{"href":"https:\/\/elfsight.com\/pt\/wp-json\/wp\/v2\/media?parent=8112"}],"curies":[{"name":"wp","href":"https:\/\/api.w.org\/{rel}","templated":true}]}}