{"id":8106,"date":"1970-01-01T00:00:00","date_gmt":"1970-01-01T00:00:00","guid":{"rendered":"https:\/\/elfsight.com\/pt\/?page_id=8106"},"modified":"2025-03-07T08:59:46","modified_gmt":"2025-03-07T08:59:46","slug":"webflow","status":"publish","type":"page","link":"https:\/\/elfsight.com\/pt\/store-locator-widget\/webflow\/","title":{"rendered":"Store Locator &#8211; Webflow"},"content":{"rendered":"\n<div class=\"application-platform-content-item-description application-platform-content-item\" id=\"description\" data-nav-section=\"description\"> <h2>Incorpore o Store Locator no Webflow com um widget Elfsight<\/h2> <p>O Elfsight Store Locator para Webflow \u00e9 um widget din\u00e2mico e ajust\u00e1vel feito para melhorar a usabilidade do seu site e o envolvimento do cliente, tornando mais f\u00e1cil do que nunca para seus clientes encontrarem sua localiza\u00e7\u00e3o. Com um conjunto de recursos \u00fateis introduzidos para efici\u00eancia e desempenho, este widget \u00e9 sua solu\u00e7\u00e3o principal para demonstrar a localiza\u00e7\u00e3o de suas lojas f\u00edsicas de maneira interativa e conveniente. Incorpore-o agora mesmo e observe como ele transforma seu site em um localizador de lojas orientado ao usu\u00e1rio!<\/p> <p>Ao incorporar o widget, voc\u00ea aumentar\u00e1 sua credibilidade junto aos clientes, fornecendo informa\u00e7\u00f5es detalhadas sobre a localiza\u00e7\u00e3o f\u00edsica de sua organiza\u00e7\u00e3o, tranquilizando a todos. de sua presen\u00e7a estabelecida. Isso resultar\u00e1 em tomadas de decis\u00e3o mais r\u00e1pidas e em uma experi\u00eancia de compra aprimorada entre os clientes. <\/p><p><b>Aproveite o brilhante localizador de lojas para demonstrar sua localiza\u00e7\u00e3o e dados operacionais importantes. Mostre seu endere\u00e7o atual e informa\u00e7\u00f5es relevantes convidando mais clientes na loja. <\/b><\/p><\/div> <div class=\"application-platform-content-item-features application-platform-content-item\" id=\"features\" data-nav-section=\"features\"> <h2>Os principais recursos do widget incluem<\/h2> <ul><li>Sele\u00e7\u00e3o de localiza\u00e7\u00e3o sem esfor\u00e7o<\/li><li>Mapa \u00fatil caracter\u00edsticas<\/li><li>Bot\u00f5es de intera\u00e7\u00e3o de localiza\u00e7\u00e3o que suportam integra\u00e7\u00f5es <\/li><li>Cart\u00e3o de localiza\u00e7\u00e3o simples ao clicar no marcador<\/li><li>Hor\u00e1rio de trabalho e localiza\u00e7\u00e3o, status aberto<\/li><\/ul><p><a href=\"#demo\">Voc\u00ea pode ver o que o widget oferece com a ajuda da demonstra\u00e7\u00e3o<\/a><\/p><\/div> <div class=\"application-platform-content-item-instala\u00e7\u00e3o application-platform-content-item\" id=\"instala\u00e7\u00e3o\" data-nav-section=\"instala\u00e7\u00e3o\"> <h2>Como incorporar o Store Locator em meu site Webflow?<\/h2> <p>Basta seguir as diretrizes abaixo para integrar o plugin. <\/p> <ol><li><b>Utilize nosso configurador gratuito e comece a criar seu plugin personalizado. <\/b><br> Escolha o design adequado e as caracter\u00edsticas funcionais da ferramenta e aplique as edi\u00e7\u00f5es. <\/li> <li><b>Obtenha o c\u00f3digo pessoal revelado no formul\u00e1rio especial nas aplica\u00e7\u00f5es Elfsight. <\/b><br> Quando a configura\u00e7\u00e3o da sua ferramenta pessoal for conclu\u00edda, copie o c\u00f3digo individual no pop-up que aparece e guarde-o para uso posterior. <\/li> <li><b>Iniciar a utiliza\u00e7\u00e3o da ferramenta na p\u00e1gina Webflow. <\/b><br> Coloque o c\u00f3digo que voc\u00ea copiou recentemente em sua p\u00e1gina web e salve as melhorias. <\/li> <li><b>A configura\u00e7\u00e3o est\u00e1 totalmente conclu\u00edda. <\/b><br> Visite seu site para examinar o desempenho do widget. <\/li><\/ol> <p>Se tiver d\u00favidas ou se deparar com alguns obst\u00e1culos, entre em contato com nossa equipe de suporte. Nossos especialistas ter\u00e3o prazer em resolver todas as d\u00favidas que voc\u00ea possa ter sobre o produto. <\/p><\/div>\n","protected":false},"excerpt":{"rendered":"","protected":false},"author":9,"featured_media":0,"parent":5164,"menu_order":0,"comment_status":"closed","ping_status":"closed","template":"templates\/template-application-platform.php","meta":{"publish_to_discourse":"","publish_post_category":"","wpdc_auto_publish_overridden":"","wpdc_topic_tags":"","wpdc_pin_topic":"","wpdc_pin_until":"","discourse_post_id":"","discourse_permalink":"","wpdc_publishing_response":"","wpdc_publishing_error":"","footnotes":""},"class_list":["post-8106","page","type-page","status-publish","hentry"],"yoast_head":"<!-- This site is optimized with the Yoast SEO plugin v25.3.1 - https:\/\/yoast.com\/wordpress\/plugins\/seo\/ -->\n<title>Incorpore o localizador de lojas no Webflow - mostre sua localiza\u00e7\u00e3o<\/title>\n<meta name=\"description\" content=\"Adicione o Store Locator \u00e0s p\u00e1ginas do seu site Webflow para ganhar confian\u00e7a. Beneficie de uma demonstra\u00e7\u00e3o conveniente da Elfsight para gerar o widget facilmente.\" \/>\n<meta name=\"robots\" content=\"index, follow, max-snippet:-1, max-image-preview:large, max-video-preview:-1\" \/>\n<link rel=\"canonical\" href=\"https:\/\/elfsight.com\/pt\/store-locator-widget\/webflow\/\" \/>\n<meta property=\"og:locale\" content=\"pt_PT\" \/>\n<meta property=\"og:type\" content=\"article\" \/>\n<meta property=\"og:title\" content=\"Incorpore o localizador de lojas no Webflow - mostre sua localiza\u00e7\u00e3o\" \/>\n<meta property=\"og:description\" content=\"Adicione o Store Locator \u00e0s p\u00e1ginas do seu site Webflow para ganhar confian\u00e7a. Beneficie de uma demonstra\u00e7\u00e3o conveniente da Elfsight para gerar o widget facilmente.\" \/>\n<meta property=\"og:url\" content=\"https:\/\/elfsight.com\/pt\/store-locator-widget\/webflow\/\" \/>\n<meta property=\"og:site_name\" content=\"Elfsight PT\" \/>\n<meta property=\"article:modified_time\" content=\"2025-03-07T08:59:46+00:00\" \/>\n<meta name=\"twitter:card\" content=\"summary_large_image\" \/>\n<meta name=\"twitter:label1\" content=\"Tempo estimado de leitura\" \/>\n\t<meta name=\"twitter:data1\" content=\"3 minutos\" \/>\n<!-- \/ Yoast SEO plugin. -->","yoast_head_json":{"title":"Incorpore o localizador de lojas no Webflow - mostre sua localiza\u00e7\u00e3o","description":"Adicione o Store Locator \u00e0s p\u00e1ginas do seu site Webflow para ganhar confian\u00e7a. Beneficie de uma demonstra\u00e7\u00e3o conveniente da Elfsight para gerar o widget facilmente.","robots":{"index":"index","follow":"follow","max-snippet":"max-snippet:-1","max-image-preview":"max-image-preview:large","max-video-preview":"max-video-preview:-1"},"canonical":"https:\/\/elfsight.com\/pt\/store-locator-widget\/webflow\/","og_locale":"pt_PT","og_type":"article","og_title":"Incorpore o localizador de lojas no Webflow - mostre sua localiza\u00e7\u00e3o","og_description":"Adicione o Store Locator \u00e0s p\u00e1ginas do seu site Webflow para ganhar confian\u00e7a. Beneficie de uma demonstra\u00e7\u00e3o conveniente da Elfsight para gerar o widget facilmente.","og_url":"https:\/\/elfsight.com\/pt\/store-locator-widget\/webflow\/","og_site_name":"Elfsight PT","article_modified_time":"2025-03-07T08:59:46+00:00","twitter_card":"summary_large_image","twitter_misc":{"Tempo estimado de leitura":"3 minutos"},"schema":{"@context":"https:\/\/schema.org","@graph":[{"@type":"WebPage","@id":"https:\/\/elfsight.com\/pt\/store-locator-widget\/webflow\/","url":"https:\/\/elfsight.com\/pt\/store-locator-widget\/webflow\/","name":"Incorpore o localizador de lojas no Webflow - mostre sua localiza\u00e7\u00e3o","isPartOf":{"@id":"https:\/\/elfsight.com\/pt\/#website"},"datePublished":"1970-01-01T00:00:00+00:00","dateModified":"2025-03-07T08:59:46+00:00","description":"Adicione o Store Locator \u00e0s p\u00e1ginas do seu site Webflow para ganhar confian\u00e7a. Beneficie de uma demonstra\u00e7\u00e3o conveniente da Elfsight para gerar o widget facilmente.","breadcrumb":{"@id":"https:\/\/elfsight.com\/pt\/store-locator-widget\/webflow\/#breadcrumb"},"inLanguage":"pt-PT","potentialAction":[{"@type":"ReadAction","target":["https:\/\/elfsight.com\/pt\/store-locator-widget\/webflow\/"]}]},{"@type":"BreadcrumbList","@id":"https:\/\/elfsight.com\/pt\/store-locator-widget\/webflow\/#breadcrumb","itemListElement":[{"@type":"ListItem","position":1,"name":"Home","item":"https:\/\/elfsight.com\/pt\/"},{"@type":"ListItem","position":2,"name":"Store Locator","item":"https:\/\/elfsight.com\/pt\/store-locator-widget\/"},{"@type":"ListItem","position":3,"name":"Store Locator &#8211; Webflow"}]},{"@type":"WebSite","@id":"https:\/\/elfsight.com\/pt\/#website","url":"https:\/\/elfsight.com\/pt\/","name":"Elfsight PT","description":"Just another Elfsight Sites site","potentialAction":[{"@type":"SearchAction","target":{"@type":"EntryPoint","urlTemplate":"https:\/\/elfsight.com\/pt\/?s={search_term_string}"},"query-input":{"@type":"PropertyValueSpecification","valueRequired":true,"valueName":"search_term_string"}}],"inLanguage":"pt-PT"}]}},"meta_box":{"industry":"","seo_heading":"","heading":"","description":"","cta_heading":"","cta_description":"","application":"5160","h1":"Widget localizador de loja Webflow","h1_caption":"Aumente a fidelidade e obtenha mais visitas \u00e0 loja","application_category":[],"applications_title":"","applications_request_title":"","applications_request_button_text":"","hero_text":"","hero_video":"","hero_video_schema_markup":"","selling_points_title":"","selling_points_caption":"","selling_points":[],"selling_points_cta_text":"","features_title":"","features":"","ed_cta_examples_text":"","ed_cta_examples_hidden":"","ed_cta_demo_text":"","ed_cta_demo_hidden":"","why_caption":"","why_editor_title":"","why_editor_text":"","why_team_title":"","why_team_text":"","why_service_title":"","why_service_text":"","template_catalog_visible":"0","template_catalog_title":"","template_catalog_text":"","template_catalog_categories_visible":"","demo_title":"Crie seu widget Localizador de Lojas","demo_caption":"Configure seu Store Locator e adicione-o ao seu site Webflow gratuitamente!","default_faq_hidden":"","app_template_category":[],"platform":"70","template_public_id":"","codecanyon_url":"","codecanyon_item_id":"","codecanyon_price":"","pricing_caption":"","pricing_elfsight_apps_hide_column":"","pricing_elfsight_apps_url":"","pricing_codecanyon_price_caption":"","integration_category":[],"integration_request_title":"","integration_request_cta":"","integration_platform":"","integrations":[],"platform_category":[],"video_schema_markup":"","price":"a partir de US$ 0\/m\u00eas","trial":"","benefits":[{"text":"Ajuda de instala\u00e7\u00e3o gratuita"},{"text":"Suporte excepcional"},{"text":"Garantia de reembolso de 14 dias"},{"text":"Atualiza\u00e7\u00f5es cont\u00ednuas"}],"button_url":"#demo","button_target_blank":"0","button_nofollow":"0","attributes":[{"name":"Instala\u00e7\u00f5es","content":"10,000 - 100,000"},{"name":"Responsivo","content":"Sim"},{"name":"Navegadores compat\u00edveis","content":"Firefox, Safari, Opera, Chrome, Edge"}],"tags":[],"tags_disable_links":"0","hide_more_platforms":"0","video_object":"","demo_hide_cta":"0","demo_hide_cloud_options":"0","pricing_title":"","pricing":[{"pricing_icon":"platform","pricing_title":"Elfsight Apps","pricing_title_caption":"Solu\u00e7\u00e3o multiplataforma adequada para qualquer site","pricing_price":"a partir de US$ 0\/m\u00eas","pricing_price_caption":"comece com um plano gratuito","pricing_benefits":[{"text":"Dom\u00ednios ilimitados"},{"text":"Suporte premium"},{"text":"Suporte premium"},{"text":"Totalmente personaliz\u00e1vel"}],"pricing_button_text":"Adicionar ao site","pricing_button_url":"#demo"}],"related_apps_title":"","related_apps_hidden":"0","author":"","image":[],"title":"","job":"","social_networks":[]},"_links":{"self":[{"href":"https:\/\/elfsight.com\/pt\/wp-json\/wp\/v2\/pages\/8106","targetHints":{"allow":["GET"]}}],"collection":[{"href":"https:\/\/elfsight.com\/pt\/wp-json\/wp\/v2\/pages"}],"about":[{"href":"https:\/\/elfsight.com\/pt\/wp-json\/wp\/v2\/types\/page"}],"author":[{"embeddable":true,"href":"https:\/\/elfsight.com\/pt\/wp-json\/wp\/v2\/users\/9"}],"replies":[{"embeddable":true,"href":"https:\/\/elfsight.com\/pt\/wp-json\/wp\/v2\/comments?post=8106"}],"version-history":[{"count":2,"href":"https:\/\/elfsight.com\/pt\/wp-json\/wp\/v2\/pages\/8106\/revisions"}],"predecessor-version":[{"id":14592,"href":"https:\/\/elfsight.com\/pt\/wp-json\/wp\/v2\/pages\/8106\/revisions\/14592"}],"up":[{"embeddable":true,"href":"https:\/\/elfsight.com\/pt\/wp-json\/wp\/v2\/pages\/5164"}],"wp:attachment":[{"href":"https:\/\/elfsight.com\/pt\/wp-json\/wp\/v2\/media?parent=8106"}],"curies":[{"name":"wp","href":"https:\/\/api.w.org\/{rel}","templated":true}]}}