{"id":8105,"date":"1970-01-01T00:00:00","date_gmt":"1970-01-01T00:00:00","guid":{"rendered":"https:\/\/elfsight.com\/pt\/?page_id=8105"},"modified":"2025-03-07T09:01:22","modified_gmt":"2025-03-07T09:01:22","slug":"webnode","status":"publish","type":"page","link":"https:\/\/elfsight.com\/pt\/store-locator-widget\/webnode\/","title":{"rendered":"Store Locator &#8211; Webnode"},"content":{"rendered":"\n<div class=\"application-platform-content-item-description application-platform-content-item\" id=\"description\" data-nav-section=\"description\"> <h2>Incorpore o Store Locator no Webnode com um widget Elfsight<\/h2> <p>O Elfsight Store Locator para Webnode \u00e9 um widget din\u00e2mico e ajust\u00e1vel feito para aumentar a conveni\u00eancia do seu site e o envolvimento do cliente, tornando mais f\u00e1cil do que nunca para seus clientes encontrarem sua localiza\u00e7\u00e3o. Com um conjunto de excelentes recursos inventados para efici\u00eancia e desempenho, este widget \u00e9 a solu\u00e7\u00e3o ideal para exibir a localiza\u00e7\u00e3o de sua loja f\u00edsica de uma forma compreens\u00edvel e f\u00e1cil de usar. Adicione agora mesmo e veja como ele transforma seu site em um maravilhoso localizador de lojas!<\/p> <p>Ao utilizar o widget, voc\u00ea aumentar\u00e1 sua credibilidade junto aos clientes, fornecendo informa\u00e7\u00f5es detalhadas sobre a localiza\u00e7\u00e3o f\u00edsica de sua empresa, tranquilizando a todos sobre sua presen\u00e7a real. Isso pode resultar em melhor tomada de decis\u00e3o e experi\u00eancia de compra s\u00f3lida entre os clientes. <\/p><p><b>Experimente o maravilhoso localizador de lojas para demonstrar sua localiza\u00e7\u00e3o e detalhes comerciais \u00fateis. Forne\u00e7a seu endere\u00e7o real e informa\u00e7\u00f5es relevantes, convidando visitantes adicionais \u00e0 loja. <\/b><\/p> <\/div> <div class=\"application-platform-content-item-features application-platform-content-item\" id=\"features\" data-nav-section=\"features\"> <h2>Estes s\u00e3o apenas alguns dos muitos recursos do widget:<\/h2> <ul><li>Limpar sele\u00e7\u00e3o de local<\/li> <li>Caracter\u00edsticas \u00fateis do mapa<\/li><li>Bot\u00f5es de a\u00e7\u00e3o de localiza\u00e7\u00e3o que suportam integra\u00e7\u00f5es <\/li><li>Pop-up de localiza\u00e7\u00e3o simples ao clicar no marcador<\/li><li>Hor\u00e1rio comercial e localiza\u00e7\u00e3o do local, status aberto<\/li><\/ul><p><a href=\"#demo\">Experimente todos os recursos de personaliza\u00e7\u00e3o na demonstra\u00e7\u00e3o totalmente funcional<\/a><\/p><\/div> <div class=\"application-platform-content-item-installation application-platform-content-item\" id=\"installation\" data-nav-section=\"installation\"> <h2>Como fa\u00e7o para incorporar o Store Locator em minhas p\u00e1ginas Webnode?<\/h2> <p>Basta seguir os seguintes passos abaixo para incorporar o plugin. <\/p> <ol><li><b>Gerencie nosso configurador gratuito e comece a construir seu instrumento personalizado. <\/b><br> Encontre o layout e as caracter\u00edsticas adequadas do plugin e aplique as modifica\u00e7\u00f5es. <\/li> <li><b>Adquira seu c\u00f3digo exclusivo exposto na caixa dos aplicativos da Elfsight. <\/b><br> Logo ap\u00f3s a conclus\u00e3o da configura\u00e7\u00e3o do seu plugin pessoal, copie o c\u00f3digo exclusivo na caixa exibida e guarde-o para uso posterior. <\/li> <li><b>Inicie o uso do widget na sua p\u00e1gina inicial do Webnode. <\/b><br> Insira o c\u00f3digo copiado recentemente em sua p\u00e1gina web e salve os ajustes. <\/li> <li><b>A configura\u00e7\u00e3o foi conclu\u00edda com sucesso. <\/b><br> Visite sua p\u00e1gina para avaliar o desempenho da ferramenta. <\/li><\/ol> <p>Caso voc\u00ea enfrente alguma dificuldade, sinta-se \u00e0 vontade para entrar em contato com nossa equipe de suporte. Nossos consultores ter\u00e3o prazer em resolver todas as d\u00favidas que voc\u00ea possa ter com o widget. <\/p><\/div>\n","protected":false},"excerpt":{"rendered":"","protected":false},"author":9,"featured_media":0,"parent":5164,"menu_order":0,"comment_status":"closed","ping_status":"closed","template":"templates\/template-application-platform.php","meta":{"publish_to_discourse":"","publish_post_category":"","wpdc_auto_publish_overridden":"","wpdc_topic_tags":"","wpdc_pin_topic":"","wpdc_pin_until":"","discourse_post_id":"","discourse_permalink":"","wpdc_publishing_response":"","wpdc_publishing_error":"","footnotes":""},"class_list":["post-8105","page","type-page","status-publish","hentry"],"yoast_head":"<!-- This site is optimized with the Yoast SEO plugin v25.3.1 - https:\/\/yoast.com\/wordpress\/plugins\/seo\/ -->\n<title>Incorporar Localizador de Lojas no Webnode - Localizador de Lojas Gratuito e Sem C\u00f3digo<\/title>\n<meta name=\"description\" content=\"Adicione o Store Locator ao seu site Webnode para aumentar as convers\u00f5es. Experimente a demonstra\u00e7\u00e3o simples da Elfsight para criar rapidamente o widget vers\u00e1til.\" \/>\n<meta name=\"robots\" content=\"index, follow, max-snippet:-1, max-image-preview:large, max-video-preview:-1\" \/>\n<link rel=\"canonical\" href=\"https:\/\/elfsight.com\/pt\/store-locator-widget\/webnode\/\" \/>\n<meta property=\"og:locale\" content=\"pt_PT\" \/>\n<meta property=\"og:type\" content=\"article\" \/>\n<meta property=\"og:title\" content=\"Incorporar Localizador de Lojas no Webnode - Localizador de Lojas Gratuito e Sem C\u00f3digo\" \/>\n<meta property=\"og:description\" content=\"Adicione o Store Locator ao seu site Webnode para aumentar as convers\u00f5es. Experimente a demonstra\u00e7\u00e3o simples da Elfsight para criar rapidamente o widget vers\u00e1til.\" \/>\n<meta property=\"og:url\" content=\"https:\/\/elfsight.com\/pt\/store-locator-widget\/webnode\/\" \/>\n<meta property=\"og:site_name\" content=\"Elfsight PT\" \/>\n<meta property=\"article:modified_time\" content=\"2025-03-07T09:01:22+00:00\" \/>\n<meta name=\"twitter:card\" content=\"summary_large_image\" \/>\n<meta name=\"twitter:label1\" content=\"Tempo estimado de leitura\" \/>\n\t<meta name=\"twitter:data1\" content=\"3 minutos\" \/>\n<!-- \/ Yoast SEO plugin. -->","yoast_head_json":{"title":"Incorporar Localizador de Lojas no Webnode - Localizador de Lojas Gratuito e Sem C\u00f3digo","description":"Adicione o Store Locator ao seu site Webnode para aumentar as convers\u00f5es. Experimente a demonstra\u00e7\u00e3o simples da Elfsight para criar rapidamente o widget vers\u00e1til.","robots":{"index":"index","follow":"follow","max-snippet":"max-snippet:-1","max-image-preview":"max-image-preview:large","max-video-preview":"max-video-preview:-1"},"canonical":"https:\/\/elfsight.com\/pt\/store-locator-widget\/webnode\/","og_locale":"pt_PT","og_type":"article","og_title":"Incorporar Localizador de Lojas no Webnode - Localizador de Lojas Gratuito e Sem C\u00f3digo","og_description":"Adicione o Store Locator ao seu site Webnode para aumentar as convers\u00f5es. Experimente a demonstra\u00e7\u00e3o simples da Elfsight para criar rapidamente o widget vers\u00e1til.","og_url":"https:\/\/elfsight.com\/pt\/store-locator-widget\/webnode\/","og_site_name":"Elfsight PT","article_modified_time":"2025-03-07T09:01:22+00:00","twitter_card":"summary_large_image","twitter_misc":{"Tempo estimado de leitura":"3 minutos"},"schema":{"@context":"https:\/\/schema.org","@graph":[{"@type":"WebPage","@id":"https:\/\/elfsight.com\/pt\/store-locator-widget\/webnode\/","url":"https:\/\/elfsight.com\/pt\/store-locator-widget\/webnode\/","name":"Incorporar Localizador de Lojas no Webnode - Localizador de Lojas Gratuito e Sem C\u00f3digo","isPartOf":{"@id":"https:\/\/elfsight.com\/pt\/#website"},"datePublished":"1970-01-01T00:00:00+00:00","dateModified":"2025-03-07T09:01:22+00:00","description":"Adicione o Store Locator ao seu site Webnode para aumentar as convers\u00f5es. Experimente a demonstra\u00e7\u00e3o simples da Elfsight para criar rapidamente o widget vers\u00e1til.","breadcrumb":{"@id":"https:\/\/elfsight.com\/pt\/store-locator-widget\/webnode\/#breadcrumb"},"inLanguage":"pt-PT","potentialAction":[{"@type":"ReadAction","target":["https:\/\/elfsight.com\/pt\/store-locator-widget\/webnode\/"]}]},{"@type":"BreadcrumbList","@id":"https:\/\/elfsight.com\/pt\/store-locator-widget\/webnode\/#breadcrumb","itemListElement":[{"@type":"ListItem","position":1,"name":"Home","item":"https:\/\/elfsight.com\/pt\/"},{"@type":"ListItem","position":2,"name":"Store Locator","item":"https:\/\/elfsight.com\/pt\/store-locator-widget\/"},{"@type":"ListItem","position":3,"name":"Store Locator &#8211; Webnode"}]},{"@type":"WebSite","@id":"https:\/\/elfsight.com\/pt\/#website","url":"https:\/\/elfsight.com\/pt\/","name":"Elfsight PT","description":"Just another Elfsight Sites site","potentialAction":[{"@type":"SearchAction","target":{"@type":"EntryPoint","urlTemplate":"https:\/\/elfsight.com\/pt\/?s={search_term_string}"},"query-input":{"@type":"PropertyValueSpecification","valueRequired":true,"valueName":"search_term_string"}}],"inLanguage":"pt-PT"}]}},"meta_box":{"industry":"","seo_heading":"","heading":"","description":"","cta_heading":"","cta_description":"","application":"5160","h1":"Widget localizador de lojas Webnode","h1_caption":"Aumente a credibilidade e inspire mais clientes f\u00edsicos","application_category":[],"applications_title":"","applications_request_title":"","applications_request_button_text":"","hero_text":"","hero_video":"","hero_video_schema_markup":"","selling_points_title":"","selling_points_caption":"","selling_points":[],"selling_points_cta_text":"","features_title":"","features":"","ed_cta_examples_text":"","ed_cta_examples_hidden":"","ed_cta_demo_text":"","ed_cta_demo_hidden":"","why_caption":"","why_editor_title":"","why_editor_text":"","why_team_title":"","why_team_text":"","why_service_title":"","why_service_text":"","template_catalog_visible":"0","template_catalog_title":"","template_catalog_text":"","template_catalog_categories_visible":"","demo_title":"Crie seu widget Localizador de Lojas","demo_caption":"Configure seu Localizador de Lojas e adicione-o ao seu site Webnode gratuitamente!","default_faq_hidden":"","app_template_category":[],"platform":"4917","template_public_id":"","codecanyon_url":"","codecanyon_item_id":"","codecanyon_price":"","pricing_caption":"","pricing_elfsight_apps_hide_column":"","pricing_elfsight_apps_url":"","pricing_codecanyon_price_caption":"","integration_category":[],"integration_request_title":"","integration_request_cta":"","integration_platform":"","integrations":[],"platform_category":[],"video_schema_markup":"","price":"a partir de US$ 0\/m\u00eas","trial":"","benefits":[{"text":"Servi\u00e7o de instala\u00e7\u00e3o gratuito"},{"text":"Atendimento ao cliente profissional"},{"text":"Garantia de reembolso de 14 dias"},{"text":"Atualiza\u00e7\u00f5es gratuitas cont\u00ednuas"}],"button_url":"#demo","button_target_blank":"0","button_nofollow":"0","attributes":[{"name":"Instala\u00e7\u00f5es","content":"10,000 - 100,000"},{"name":"Responsivo","content":"Sim"},{"name":"Navegadores compat\u00edveis","content":"Firefox, Safari, Opera, Chrome, Edge"}],"tags":[],"tags_disable_links":"0","hide_more_platforms":"0","video_object":"","demo_hide_cta":"0","demo_hide_cloud_options":"0","pricing_title":"","pricing":[{"pricing_icon":"platform","pricing_title":"Elfsight Apps","pricing_title_caption":"Vers\u00e3o multiplataforma","pricing_price":"a partir de US$ 0\/m\u00eas","pricing_price_caption":"comece com um plano gratuito","pricing_benefits":[{"text":"Sites ilimitados"},{"text":"Suporte r\u00e1pido \u00e0 empresa"},{"text":"Suporte r\u00e1pido \u00e0 empresa"},{"text":"Design flex\u00edvel"}],"pricing_button_text":"Adicionar ao site","pricing_button_url":"#demo"}],"related_apps_title":"","related_apps_hidden":"0","author":"","image":[],"title":"","job":"","social_networks":[]},"_links":{"self":[{"href":"https:\/\/elfsight.com\/pt\/wp-json\/wp\/v2\/pages\/8105","targetHints":{"allow":["GET"]}}],"collection":[{"href":"https:\/\/elfsight.com\/pt\/wp-json\/wp\/v2\/pages"}],"about":[{"href":"https:\/\/elfsight.com\/pt\/wp-json\/wp\/v2\/types\/page"}],"author":[{"embeddable":true,"href":"https:\/\/elfsight.com\/pt\/wp-json\/wp\/v2\/users\/9"}],"replies":[{"embeddable":true,"href":"https:\/\/elfsight.com\/pt\/wp-json\/wp\/v2\/comments?post=8105"}],"version-history":[{"count":2,"href":"https:\/\/elfsight.com\/pt\/wp-json\/wp\/v2\/pages\/8105\/revisions"}],"predecessor-version":[{"id":14593,"href":"https:\/\/elfsight.com\/pt\/wp-json\/wp\/v2\/pages\/8105\/revisions\/14593"}],"up":[{"embeddable":true,"href":"https:\/\/elfsight.com\/pt\/wp-json\/wp\/v2\/pages\/5164"}],"wp:attachment":[{"href":"https:\/\/elfsight.com\/pt\/wp-json\/wp\/v2\/media?parent=8105"}],"curies":[{"name":"wp","href":"https:\/\/api.w.org\/{rel}","templated":true}]}}