{"id":8104,"date":"1970-01-01T00:00:00","date_gmt":"1970-01-01T00:00:00","guid":{"rendered":"https:\/\/elfsight.com\/pt\/?page_id=8104"},"modified":"2025-03-07T09:07:27","modified_gmt":"2025-03-07T09:07:27","slug":"weebly","status":"publish","type":"page","link":"https:\/\/elfsight.com\/pt\/store-locator-widget\/weebly\/","title":{"rendered":"Store Locator &#8211; Weebly"},"content":{"rendered":"\n<div class=\"application-platform-content-item-description application-platform-content-item\" id=\"description\" data-nav-section=\"description\"> <h2>Incorpore o Store Locator no Weebly com um aplicativo Elfsight<\/h2> <p>O Elfsight Store Locator para Weebly \u00e9 um widget poderoso e flex\u00edvel projetado para aumentar a usabilidade do seu site e a satisfa\u00e7\u00e3o do cliente, tornando mais f\u00e1cil do que nunca para seus clientes encontrarem o endere\u00e7o comercial. Com um conjunto de excelentes recursos introduzidos para efici\u00eancia e desempenho, este widget \u00e9 a solu\u00e7\u00e3o perfeita para apresentar os locais f\u00edsicos de sua empresa de maneira clara e conveniente. Incorpore-o agora mesmo e veja como ele transforma seu site em um maravilhoso localizador de lojas!<\/p> <p>Ao incorporar o widget, voc\u00ea aumentar\u00e1 sua confiabilidade junto aos clientes, fornecendo informa\u00e7\u00f5es detalhadas sobre a localiza\u00e7\u00e3o f\u00edsica de sua empresa, tranquilizando a todos sobre sua presen\u00e7a s\u00f3lida. Isso resultar\u00e1 em uma melhor tomada de decis\u00e3o e em uma melhor experi\u00eancia de compra entre os clientes. <\/p><p><b>Experimente o incr\u00edvel localizador de lojas para exibir sua localiza\u00e7\u00e3o e dados comerciais \u00fateis. Forne\u00e7a seu endere\u00e7o f\u00edsico e informa\u00e7\u00f5es relevantes atraindo mais visitantes na loja. <\/b><\/p><\/div> <div class=\"application-platform-content-item-features application-platform-content-item\" id=\"features\" data-nav-section=\"features\"> <h2>Aqui est\u00e3o os recursos centrais do widget:<\/h2> <ul><li>Indica\u00e7\u00e3o din\u00e2mica de localiza\u00e7\u00e3o<\/li><li>Op\u00e7\u00f5es de mapa orientadas ao usu\u00e1rio<\/li><li>Bot\u00f5es de a\u00e7\u00e3o de localiza\u00e7\u00e3o com integra\u00e7\u00f5es <\/li><li>Cart\u00e3o de localiza\u00e7\u00e3o simples na sele\u00e7\u00e3o de marcadores<\/li><li>Cronograma de trabalho de localiza\u00e7\u00e3o e localiza\u00e7\u00e3o, status atual<\/li><\/ul><p><a href=\"#demo\">Voc\u00ea pode verificar quanto vale o widget com a ajuda da demonstra\u00e7\u00e3o<\/a><\/p><\/div> <div class=\"application-platform-content-item-installation application-platform-content-item\" id=\"installation\" data-nav-section=\"installation\"> <h2>Como incorporar o Store Locator em minha p\u00e1gina do Weebly?<\/h2> <p>Basta seguir as orienta\u00e7\u00f5es abaixo para integrar a ferramenta. <\/p> <ol><li><b>Abra nossa demonstra\u00e7\u00e3o gratuita e comece a criar seu widget personalizado. <\/b><br> Escolha a apar\u00eancia e as especifica\u00e7\u00f5es adequadas da ferramenta e aplique as modifica\u00e7\u00f5es. <\/li> <li><b>Adquira o seu c\u00f3digo exclusivo revelado na janela dos aplicativos Elfsight. <\/b><br> Terminada a customiza\u00e7\u00e3o da sua ferramenta, copie o c\u00f3digo exclusivo da caixa que surgiu e salve-o para futuras ocasi\u00f5es. <\/li> <li><b>Inicie a aplica\u00e7\u00e3o do widget em sua p\u00e1gina do Weebly. <\/b><br> Insira o c\u00f3digo que voc\u00ea copiou anteriormente em sua p\u00e1gina e salve as corre\u00e7\u00f5es. <\/li> <li><b>A configura\u00e7\u00e3o foi totalmente conclu\u00edda. <\/b><br> Visite seu site para examinar o desempenho do plug-in. <\/li><\/ol> <p>Supondo que voc\u00ea enfrente algumas dificuldades, n\u00e3o hesite em entrar em contato com nossa equipe de atendimento ao cliente. Nossos consultores est\u00e3o ansiosos para resolver todas as dificuldades que voc\u00ea possa ter com a ferramenta. <\/p> <\/div>\n","protected":false},"excerpt":{"rendered":"","protected":false},"author":9,"featured_media":0,"parent":5164,"menu_order":0,"comment_status":"closed","ping_status":"closed","template":"templates\/template-application-platform.php","meta":{"publish_to_discourse":"","publish_post_category":"","wpdc_auto_publish_overridden":"","wpdc_topic_tags":"","wpdc_pin_topic":"","wpdc_pin_until":"","discourse_post_id":"","discourse_permalink":"","wpdc_publishing_response":"","wpdc_publishing_error":"","footnotes":""},"class_list":["post-8104","page","type-page","status-publish","hentry"],"yoast_head":"<!-- This site is optimized with the Yoast SEO plugin v25.3.1 - https:\/\/yoast.com\/wordpress\/plugins\/seo\/ -->\n<title>Incorpore o Localizador de Lojas no Weebly - Crie um Localizador de Loja Simples<\/title>\n<meta name=\"description\" content=\"Adicione o Store Locator ao seu site do Weebly, aumentando a satisfa\u00e7\u00e3o do cliente. Use uma demonstra\u00e7\u00e3o simples da Elfsight para criar um widget vers\u00e1til.\" \/>\n<meta name=\"robots\" content=\"index, follow, max-snippet:-1, max-image-preview:large, max-video-preview:-1\" \/>\n<link rel=\"canonical\" href=\"https:\/\/elfsight.com\/pt\/store-locator-widget\/weebly\/\" \/>\n<meta property=\"og:locale\" content=\"pt_PT\" \/>\n<meta property=\"og:type\" content=\"article\" \/>\n<meta property=\"og:title\" content=\"Incorpore o Localizador de Lojas no Weebly - Crie um Localizador de Loja Simples\" \/>\n<meta property=\"og:description\" content=\"Adicione o Store Locator ao seu site do Weebly, aumentando a satisfa\u00e7\u00e3o do cliente. Use uma demonstra\u00e7\u00e3o simples da Elfsight para criar um widget vers\u00e1til.\" \/>\n<meta property=\"og:url\" content=\"https:\/\/elfsight.com\/pt\/store-locator-widget\/weebly\/\" \/>\n<meta property=\"og:site_name\" content=\"Elfsight PT\" \/>\n<meta property=\"article:modified_time\" content=\"2025-03-07T09:07:27+00:00\" \/>\n<meta name=\"twitter:card\" content=\"summary_large_image\" \/>\n<meta name=\"twitter:label1\" content=\"Tempo estimado de leitura\" \/>\n\t<meta name=\"twitter:data1\" content=\"3 minutos\" \/>\n<!-- \/ Yoast SEO plugin. -->","yoast_head_json":{"title":"Incorpore o Localizador de Lojas no Weebly - Crie um Localizador de Loja Simples","description":"Adicione o Store Locator ao seu site do Weebly, aumentando a satisfa\u00e7\u00e3o do cliente. Use uma demonstra\u00e7\u00e3o simples da Elfsight para criar um widget vers\u00e1til.","robots":{"index":"index","follow":"follow","max-snippet":"max-snippet:-1","max-image-preview":"max-image-preview:large","max-video-preview":"max-video-preview:-1"},"canonical":"https:\/\/elfsight.com\/pt\/store-locator-widget\/weebly\/","og_locale":"pt_PT","og_type":"article","og_title":"Incorpore o Localizador de Lojas no Weebly - Crie um Localizador de Loja Simples","og_description":"Adicione o Store Locator ao seu site do Weebly, aumentando a satisfa\u00e7\u00e3o do cliente. Use uma demonstra\u00e7\u00e3o simples da Elfsight para criar um widget vers\u00e1til.","og_url":"https:\/\/elfsight.com\/pt\/store-locator-widget\/weebly\/","og_site_name":"Elfsight PT","article_modified_time":"2025-03-07T09:07:27+00:00","twitter_card":"summary_large_image","twitter_misc":{"Tempo estimado de leitura":"3 minutos"},"schema":{"@context":"https:\/\/schema.org","@graph":[{"@type":"WebPage","@id":"https:\/\/elfsight.com\/pt\/store-locator-widget\/weebly\/","url":"https:\/\/elfsight.com\/pt\/store-locator-widget\/weebly\/","name":"Incorpore o Localizador de Lojas no Weebly - Crie um Localizador de Loja Simples","isPartOf":{"@id":"https:\/\/elfsight.com\/pt\/#website"},"datePublished":"1970-01-01T00:00:00+00:00","dateModified":"2025-03-07T09:07:27+00:00","description":"Adicione o Store Locator ao seu site do Weebly, aumentando a satisfa\u00e7\u00e3o do cliente. Use uma demonstra\u00e7\u00e3o simples da Elfsight para criar um widget vers\u00e1til.","breadcrumb":{"@id":"https:\/\/elfsight.com\/pt\/store-locator-widget\/weebly\/#breadcrumb"},"inLanguage":"pt-PT","potentialAction":[{"@type":"ReadAction","target":["https:\/\/elfsight.com\/pt\/store-locator-widget\/weebly\/"]}]},{"@type":"BreadcrumbList","@id":"https:\/\/elfsight.com\/pt\/store-locator-widget\/weebly\/#breadcrumb","itemListElement":[{"@type":"ListItem","position":1,"name":"Home","item":"https:\/\/elfsight.com\/pt\/"},{"@type":"ListItem","position":2,"name":"Store Locator","item":"https:\/\/elfsight.com\/pt\/store-locator-widget\/"},{"@type":"ListItem","position":3,"name":"Store Locator &#8211; Weebly"}]},{"@type":"WebSite","@id":"https:\/\/elfsight.com\/pt\/#website","url":"https:\/\/elfsight.com\/pt\/","name":"Elfsight PT","description":"Just another Elfsight Sites site","potentialAction":[{"@type":"SearchAction","target":{"@type":"EntryPoint","urlTemplate":"https:\/\/elfsight.com\/pt\/?s={search_term_string}"},"query-input":{"@type":"PropertyValueSpecification","valueRequired":true,"valueName":"search_term_string"}}],"inLanguage":"pt-PT"}]}},"meta_box":{"industry":"","seo_heading":"","heading":"","description":"","cta_heading":"","cta_description":"","application":"5160","h1":"Aplicativo localizador de lojas Weebly","h1_caption":"Aumente a fidelidade e obtenha mais visitas \u00e0 loja","application_category":[],"applications_title":"","applications_request_title":"","applications_request_button_text":"","hero_text":"","hero_video":"","hero_video_schema_markup":"","selling_points_title":"","selling_points_caption":"","selling_points":[],"selling_points_cta_text":"","features_title":"","features":"","ed_cta_examples_text":"","ed_cta_examples_hidden":"","ed_cta_demo_text":"","ed_cta_demo_hidden":"","why_caption":"","why_editor_title":"","why_editor_text":"","why_team_title":"","why_team_text":"","why_service_title":"","why_service_text":"","template_catalog_visible":"0","template_catalog_title":"","template_catalog_text":"","template_catalog_categories_visible":"","demo_title":"Crie seu aplicativo Localizador de Lojas","demo_caption":"Configure seu Localizador de Lojas e adicione-o ao seu site do Weebly gratuitamente!","default_faq_hidden":"","app_template_category":[],"platform":"73","template_public_id":"","codecanyon_url":"","codecanyon_item_id":"","codecanyon_price":"","pricing_caption":"","pricing_elfsight_apps_hide_column":"","pricing_elfsight_apps_url":"","pricing_codecanyon_price_caption":"","integration_category":[],"integration_request_title":"","integration_request_cta":"","integration_platform":"","integrations":[],"platform_category":[],"video_schema_markup":"","price":"a partir de US$ 0\/m\u00eas","trial":"","benefits":[{"text":"Assist\u00eancia de instala\u00e7\u00e3o gratuita"},{"text":"Atendimento ao cliente eficaz"},{"text":"Garantia de reembolso de 14 dias"},{"text":"Atualiza\u00e7\u00f5es futuras"}],"button_url":"#demo","button_target_blank":"0","button_nofollow":"0","attributes":[{"name":"Instala\u00e7\u00f5es","content":"10,000 - 100,000"},{"name":"Responsivo","content":"Sim"},{"name":"Navegadores compat\u00edveis","content":"Firefox, Safari, Opera, Chrome, Edge"}],"tags":[],"tags_disable_links":"0","hide_more_platforms":"0","video_object":"","demo_hide_cta":"0","demo_hide_cloud_options":"0","pricing_title":"","pricing":[{"pricing_icon":"platform","pricing_title":"Elfsight Apps","pricing_title_caption":"Solu\u00e7\u00e3o independente de plataforma que funciona em qualquer site","pricing_price":"a partir de US$ 0\/m\u00eas","pricing_price_caption":"comece com um plano gratuito","pricing_benefits":[{"text":"Sites ilimitados"},{"text":"Suporte premium e bem documentado"},{"text":"Suporte premium e bem documentado"},{"text":"100% personaliz\u00e1vel"}],"pricing_button_text":"Adicionar ao site","pricing_button_url":"#demo"}],"related_apps_title":"","related_apps_hidden":"0","author":"","image":[],"title":"","job":"","social_networks":[]},"_links":{"self":[{"href":"https:\/\/elfsight.com\/pt\/wp-json\/wp\/v2\/pages\/8104","targetHints":{"allow":["GET"]}}],"collection":[{"href":"https:\/\/elfsight.com\/pt\/wp-json\/wp\/v2\/pages"}],"about":[{"href":"https:\/\/elfsight.com\/pt\/wp-json\/wp\/v2\/types\/page"}],"author":[{"embeddable":true,"href":"https:\/\/elfsight.com\/pt\/wp-json\/wp\/v2\/users\/9"}],"replies":[{"embeddable":true,"href":"https:\/\/elfsight.com\/pt\/wp-json\/wp\/v2\/comments?post=8104"}],"version-history":[{"count":2,"href":"https:\/\/elfsight.com\/pt\/wp-json\/wp\/v2\/pages\/8104\/revisions"}],"predecessor-version":[{"id":14596,"href":"https:\/\/elfsight.com\/pt\/wp-json\/wp\/v2\/pages\/8104\/revisions\/14596"}],"up":[{"embeddable":true,"href":"https:\/\/elfsight.com\/pt\/wp-json\/wp\/v2\/pages\/5164"}],"wp:attachment":[{"href":"https:\/\/elfsight.com\/pt\/wp-json\/wp\/v2\/media?parent=8104"}],"curies":[{"name":"wp","href":"https:\/\/api.w.org\/{rel}","templated":true}]}}