{"id":8098,"date":"1970-01-01T00:00:00","date_gmt":"1970-01-01T00:00:00","guid":{"rendered":"https:\/\/elfsight.com\/pt\/?page_id=8098"},"modified":"2025-03-07T09:06:20","modified_gmt":"2025-03-07T09:06:20","slug":"woocommerce","status":"publish","type":"page","link":"https:\/\/elfsight.com\/pt\/store-locator-widget\/woocommerce\/","title":{"rendered":"Store Locator &#8211; WooCommerce"},"content":{"rendered":"\n<div class=\"application-platform-content-item-description application-platform-content-item\" id=\"description\" data-nav-section=\"description\"> <h2>Incorpore o Store Locator no WooCommerce com um plugin Elfsight<\/h2> <p>O Elfsight Store Locator para WooCommerce \u00e9 um widget din\u00e2mico e flex\u00edvel projetado para aprimorar a usabilidade do seu site e o envolvimento do cliente, tornando mais f\u00e1cil do que nunca para seus clientes encontrarem suas lojas. Com uma gama de recursos poderosos adaptados para utilidade e desempenho, este widget \u00e9 a solu\u00e7\u00e3o perfeita para exibir a localiza\u00e7\u00e3o de suas lojas f\u00edsicas de maneira clara e conveniente. Incorpore-o agora mesmo e veja como ele transforma seu site em um \u00fatil localizador de lojas!<\/p> <p>Ao incorporar o widget, voc\u00ea aumentar\u00e1 sua confiabilidade entre os clientes, fornecendo informa\u00e7\u00f5es detalhadas sobre a localiza\u00e7\u00e3o f\u00edsica de sua empresa, garantindo a todos sua presen\u00e7a real. Isso resultar\u00e1 em tomadas de decis\u00e3o mais r\u00e1pidas e uma experi\u00eancia de compra s\u00f3lida entre os clientes. <\/p><p><b>Incorpore o maravilhoso localizador de lojas para mostrar sua localiza\u00e7\u00e3o e detalhes comerciais importantes. Destaque seu endere\u00e7o f\u00edsico e informa\u00e7\u00f5es relevantes recebendo mais visitantes na loja. <\/b><\/p><\/div> <div class=\"application-platform-content-item-features application-platform-content-item\" id=\"features\" data-nav-section=\"features\"> <h2>Os recursos de widget mais importantes cont\u00eam<\/h2> <ul><li>Escolha de localiza\u00e7\u00e3o sem esfor\u00e7o<\/li><li>Usu\u00e1rio op\u00e7\u00f5es de mapa orientadas para <\/li><li>Bot\u00f5es de a\u00e7\u00e3o de localiza\u00e7\u00e3o que suportam integra\u00e7\u00f5es <\/li><li>Pop-up de localiza\u00e7\u00e3o simples na sele\u00e7\u00e3o de marcador<\/li><li>Cronograma de opera\u00e7\u00e3o de localiza\u00e7\u00e3o e localiza\u00e7\u00e3o, status aberto<\/li><\/ul><p><a href=\"#demo\">Basta verificar esta demonstra\u00e7\u00e3o para ver como funciona<\/a><\/p><\/div> <div class=\"application-platform-content-item-installation application-platform-content-item\" id=\"installation\" data-nav-section=\"installation\"> <h2>Como fa\u00e7o para integrar o Store Locator em minha p\u00e1gina WooCommerce?<\/h2> <p>Basta seguir as diretrizes abaixo para ativar a ferramenta. <\/p> <ol><li><b>Abra nosso configurador gratuito e comece a criar seu instrumento personalizado. <\/b><br> Determine o design e os aspectos preferidos do widget e aplique as edi\u00e7\u00f5es. <\/li> <li><b>Adquira o c\u00f3digo exclusivo apresentado no formul\u00e1rio especial nas aplica\u00e7\u00f5es Elfsight. <\/b><br> Assim que a cria\u00e7\u00e3o do seu plugin pessoal for conclu\u00edda, copie o c\u00f3digo individual da janela exibida e guarde-o para ocasi\u00f5es posteriores. <\/li> <li><b>Inscreva-se usando a ferramenta no site WooCommerce. <\/b><br> Coloque o c\u00f3digo salvo recentemente em sua p\u00e1gina e aplique as corre\u00e7\u00f5es. <\/li> <li><b>A configura\u00e7\u00e3o est\u00e1 totalmente conclu\u00edda. <\/b><br> Acesse sua p\u00e1gina para examinar o desempenho da ferramenta. <\/li><\/ol> <p>Caso tenha d\u00favidas ou tenha dificuldades, n\u00e3o tenha medo de escrever para nossa equipe de suporte. Nossos consultores est\u00e3o ansiosos para ajud\u00e1-lo com todas as dificuldades que voc\u00ea possa ter com o widget. <\/p><\/div>\n","protected":false},"excerpt":{"rendered":"","protected":false},"author":9,"featured_media":0,"parent":5164,"menu_order":0,"comment_status":"closed","ping_status":"closed","template":"templates\/template-application-platform.php","meta":{"publish_to_discourse":"","publish_post_category":"","wpdc_auto_publish_overridden":"","wpdc_topic_tags":"","wpdc_pin_topic":"","wpdc_pin_until":"","discourse_post_id":"","discourse_permalink":"","wpdc_publishing_response":"","wpdc_publishing_error":"","footnotes":""},"class_list":["post-8098","page","type-page","status-publish","hentry"],"yoast_head":"<!-- This site is optimized with the Yoast SEO plugin v25.3.1 - https:\/\/yoast.com\/wordpress\/plugins\/seo\/ -->\n<title>Adicionar localizador de lojas ao WooCommerce - localizador de lojas sem c\u00f3digo<\/title>\n<meta name=\"description\" content=\"Adicione um localizador de lojas \u00fatil ao seu site WooCommerce para aprimorar a experi\u00eancia de compra. Use uma demonstra\u00e7\u00e3o clara da Elfsight para fazer o widget.\" \/>\n<meta name=\"robots\" content=\"index, follow, max-snippet:-1, max-image-preview:large, max-video-preview:-1\" \/>\n<link rel=\"canonical\" href=\"https:\/\/elfsight.com\/pt\/store-locator-widget\/woocommerce\/\" \/>\n<meta property=\"og:locale\" content=\"pt_PT\" \/>\n<meta property=\"og:type\" content=\"article\" \/>\n<meta property=\"og:title\" content=\"Adicionar localizador de lojas ao WooCommerce - localizador de lojas sem c\u00f3digo\" \/>\n<meta property=\"og:description\" content=\"Adicione um localizador de lojas \u00fatil ao seu site WooCommerce para aprimorar a experi\u00eancia de compra. Use uma demonstra\u00e7\u00e3o clara da Elfsight para fazer o widget.\" \/>\n<meta property=\"og:url\" content=\"https:\/\/elfsight.com\/pt\/store-locator-widget\/woocommerce\/\" \/>\n<meta property=\"og:site_name\" content=\"Elfsight PT\" \/>\n<meta property=\"article:modified_time\" content=\"2025-03-07T09:06:20+00:00\" \/>\n<meta name=\"twitter:card\" content=\"summary_large_image\" \/>\n<meta name=\"twitter:label1\" content=\"Tempo estimado de leitura\" \/>\n\t<meta name=\"twitter:data1\" content=\"3 minutos\" \/>\n<!-- \/ Yoast SEO plugin. -->","yoast_head_json":{"title":"Adicionar localizador de lojas ao WooCommerce - localizador de lojas sem c\u00f3digo","description":"Adicione um localizador de lojas \u00fatil ao seu site WooCommerce para aprimorar a experi\u00eancia de compra. Use uma demonstra\u00e7\u00e3o clara da Elfsight para fazer o widget.","robots":{"index":"index","follow":"follow","max-snippet":"max-snippet:-1","max-image-preview":"max-image-preview:large","max-video-preview":"max-video-preview:-1"},"canonical":"https:\/\/elfsight.com\/pt\/store-locator-widget\/woocommerce\/","og_locale":"pt_PT","og_type":"article","og_title":"Adicionar localizador de lojas ao WooCommerce - localizador de lojas sem c\u00f3digo","og_description":"Adicione um localizador de lojas \u00fatil ao seu site WooCommerce para aprimorar a experi\u00eancia de compra. Use uma demonstra\u00e7\u00e3o clara da Elfsight para fazer o widget.","og_url":"https:\/\/elfsight.com\/pt\/store-locator-widget\/woocommerce\/","og_site_name":"Elfsight PT","article_modified_time":"2025-03-07T09:06:20+00:00","twitter_card":"summary_large_image","twitter_misc":{"Tempo estimado de leitura":"3 minutos"},"schema":{"@context":"https:\/\/schema.org","@graph":[{"@type":"WebPage","@id":"https:\/\/elfsight.com\/pt\/store-locator-widget\/woocommerce\/","url":"https:\/\/elfsight.com\/pt\/store-locator-widget\/woocommerce\/","name":"Adicionar localizador de lojas ao WooCommerce - localizador de lojas sem c\u00f3digo","isPartOf":{"@id":"https:\/\/elfsight.com\/pt\/#website"},"datePublished":"1970-01-01T00:00:00+00:00","dateModified":"2025-03-07T09:06:20+00:00","description":"Adicione um localizador de lojas \u00fatil ao seu site WooCommerce para aprimorar a experi\u00eancia de compra. Use uma demonstra\u00e7\u00e3o clara da Elfsight para fazer o widget.","breadcrumb":{"@id":"https:\/\/elfsight.com\/pt\/store-locator-widget\/woocommerce\/#breadcrumb"},"inLanguage":"pt-PT","potentialAction":[{"@type":"ReadAction","target":["https:\/\/elfsight.com\/pt\/store-locator-widget\/woocommerce\/"]}]},{"@type":"BreadcrumbList","@id":"https:\/\/elfsight.com\/pt\/store-locator-widget\/woocommerce\/#breadcrumb","itemListElement":[{"@type":"ListItem","position":1,"name":"Home","item":"https:\/\/elfsight.com\/pt\/"},{"@type":"ListItem","position":2,"name":"Store Locator","item":"https:\/\/elfsight.com\/pt\/store-locator-widget\/"},{"@type":"ListItem","position":3,"name":"Store Locator &#8211; WooCommerce"}]},{"@type":"WebSite","@id":"https:\/\/elfsight.com\/pt\/#website","url":"https:\/\/elfsight.com\/pt\/","name":"Elfsight PT","description":"Just another Elfsight Sites site","potentialAction":[{"@type":"SearchAction","target":{"@type":"EntryPoint","urlTemplate":"https:\/\/elfsight.com\/pt\/?s={search_term_string}"},"query-input":{"@type":"PropertyValueSpecification","valueRequired":true,"valueName":"search_term_string"}}],"inLanguage":"pt-PT"}]}},"meta_box":{"industry":"","seo_heading":"","heading":"","description":"","cta_heading":"","cta_description":"","application":"5160","h1":"Plug-in localizador de lojas WooCommerce","h1_caption":"Aumente a fidelidade criando uma navega\u00e7\u00e3o melhorada para o cliente","application_category":[],"applications_title":"","applications_request_title":"","applications_request_button_text":"","hero_text":"","hero_video":"","hero_video_schema_markup":"","selling_points_title":"","selling_points_caption":"","selling_points":[],"selling_points_cta_text":"","features_title":"","features":"","ed_cta_examples_text":"","ed_cta_examples_hidden":"","ed_cta_demo_text":"","ed_cta_demo_hidden":"","why_caption":"","why_editor_title":"","why_editor_text":"","why_team_title":"","why_team_text":"","why_service_title":"","why_service_text":"","template_catalog_visible":"0","template_catalog_title":"","template_catalog_text":"","template_catalog_categories_visible":"","demo_title":"Crie seu aplicativo Localizador de Lojas","demo_caption":"Configure seu Localizador de Lojas e adicione-o ao seu site WooCommerce gratuitamente!","default_faq_hidden":"","app_template_category":[],"platform":"4920","template_public_id":"","codecanyon_url":"","codecanyon_item_id":"","codecanyon_price":"","pricing_caption":"","pricing_elfsight_apps_hide_column":"","pricing_elfsight_apps_url":"","pricing_codecanyon_price_caption":"","integration_category":[],"integration_request_title":"","integration_request_cta":"","integration_platform":"","integrations":[],"platform_category":[],"video_schema_markup":"","price":"a partir de US$ 0\/m\u00eas","trial":"","benefits":[{"text":"Ajuda de instala\u00e7\u00e3o gratuita"},{"text":"Atendimento ao cliente profissional"},{"text":"Garantia de devolu\u00e7\u00e3o do dinheiro em 14 dias"},{"text":"Atualizando constantemente"}],"button_url":"#demo","button_target_blank":"0","button_nofollow":"0","attributes":[{"name":"Instala\u00e7\u00f5es","content":"10,000 - 100,000"},{"name":"Responsivo","content":"Sim"},{"name":"Navegadores compat\u00edveis","content":"Firefox, Safari, Opera, Chrome, Edge"}],"tags":[],"tags_disable_links":"0","hide_more_platforms":"0","video_object":"","demo_hide_cta":"0","demo_hide_cloud_options":"0","pricing_title":"","pricing":[{"pricing_icon":"platform","pricing_title":"Elfsight Apps","pricing_title_caption":"Solu\u00e7\u00e3o digital multiplataforma","pricing_price":"a partir de US$ 0\/m\u00eas","pricing_price_caption":"comece com um plano gratuito","pricing_benefits":[{"text":"Dom\u00ednios ilimitados"},{"text":"Suporte profissional e pontual"},{"text":"Suporte profissional e pontual"},{"text":"Totalmente personaliz\u00e1vel"}],"pricing_button_text":"Adicionar ao site","pricing_button_url":"#demo"}],"related_apps_title":"","related_apps_hidden":"0","author":"","image":[],"title":"","job":"","social_networks":[]},"_links":{"self":[{"href":"https:\/\/elfsight.com\/pt\/wp-json\/wp\/v2\/pages\/8098","targetHints":{"allow":["GET"]}}],"collection":[{"href":"https:\/\/elfsight.com\/pt\/wp-json\/wp\/v2\/pages"}],"about":[{"href":"https:\/\/elfsight.com\/pt\/wp-json\/wp\/v2\/types\/page"}],"author":[{"embeddable":true,"href":"https:\/\/elfsight.com\/pt\/wp-json\/wp\/v2\/users\/9"}],"replies":[{"embeddable":true,"href":"https:\/\/elfsight.com\/pt\/wp-json\/wp\/v2\/comments?post=8098"}],"version-history":[{"count":2,"href":"https:\/\/elfsight.com\/pt\/wp-json\/wp\/v2\/pages\/8098\/revisions"}],"predecessor-version":[{"id":14598,"href":"https:\/\/elfsight.com\/pt\/wp-json\/wp\/v2\/pages\/8098\/revisions\/14598"}],"up":[{"embeddable":true,"href":"https:\/\/elfsight.com\/pt\/wp-json\/wp\/v2\/pages\/5164"}],"wp:attachment":[{"href":"https:\/\/elfsight.com\/pt\/wp-json\/wp\/v2\/media?parent=8098"}],"curies":[{"name":"wp","href":"https:\/\/api.w.org\/{rel}","templated":true}]}}