{"id":8048,"date":"1970-01-01T00:00:00","date_gmt":"1970-01-01T00:00:00","guid":{"rendered":"https:\/\/elfsight.com\/pt\/?page_id=8048"},"modified":"2024-11-12T15:30:09","modified_gmt":"2024-11-12T15:30:09","slug":"prestashop","status":"publish","type":"page","link":"https:\/\/elfsight.com\/pt\/social-media-share-buttons\/prestashop\/","title":{"rendered":"Social Share Buttons &#8211; PrestaShop"},"content":{"rendered":"<div class=\"application-platform-content-item-description application-platform-content-item\" id=\"description\" data-nav-section=\"description\"> <h2>Descri\u00e7\u00e3o<\/h2> <p>Integra\u00e7\u00e3o r\u00e1pida e simples de bot\u00f5es de compartilhamento de todas as m\u00eddias sociais populares, mensageiros e quaisquer outros recursos de m\u00eddia no seu site para divulgar qualquer conte\u00fado. N\u00e3o h\u00e1 necessidade de gastar tempo criando logotipos e adaptando o modelo do seu site &#8211; use uma solu\u00e7\u00e3o 100% pronta criada pela Elfsight. <\/p> <p><b>Com os bot\u00f5es de compartilhamento social, tenha um s\u00f3lido desenvolvimento de neg\u00f3cios e maiores vendas <\/b><\/p> <\/div> <div class=\"application-platform-content-item-features application-platform-content-item\" id=\"features\" data-nav-section=\"features\"> <h2>O widget oferece recursos pr\u00e1ticos e recursos f\u00e1ceis, aqui est\u00e3o alguns deles: <\/h2> <ul><li>Mais de 40 redes sociais incorporadas<\/li><li>2 layouts: Flutuante e Inline<\/li><li>Coloque um n\u00famero ilimitado de bot\u00f5es<\/li><li>Duplicar e reordenar os bot\u00f5es da maneira que voc\u00ea precisa<\/li><li>Texto edit\u00e1vel do bot\u00e3o<\/li><li>Definir a largura do bot\u00e3o <\/li><li>3 op\u00e7\u00f5es de formato de bot\u00e3o<\/li> <li>Definir elementos de bot\u00e3o a serem mostrados<\/li><li>4 estilos de bot\u00e3o predefinidos<\/li><li>Transpar\u00eancia ajust\u00e1vel dos bot\u00f5es<\/li><li>Cinco tipos de anima\u00e7\u00e3o dispon\u00edveis<\/li><\/ul> <p><a href=\"#demo\">Voc\u00ea pode explorar se o widget \u00e9 adequado para voc\u00ea usando a demonstra\u00e7\u00e3o<\/a><\/p> <\/div> <div class=\"application-platform-content-item-installation application-platform-content-item\" id=\"installation\" data-nav-section=\"installation\"> <h2>Como adicionar Bot\u00f5es de compartilhamento social para meu site PrestaShop? <\/h2> <p>Basta seguir os passos apresentados abaixo para integrar o widget. <\/p> <ol><li><b>Inicie nosso configurador gratuito e comece a criar seu complemento personalizado. <\/b><br> Determine o layout e as caracter\u00edsticas desej\u00e1veis \u200b\u200bdo widget e aplique as edi\u00e7\u00f5es. <\/li> <li><b>Receba o c\u00f3digo exclusivo que aparece na caixa dos aplicativos Elfsight. <\/b><br> Quando a configura\u00e7\u00e3o da sua ferramenta pessoal estiver conclu\u00edda, copie o c\u00f3digo pessoal no pop-up que surgir e guarde-o para futuras ocasi\u00f5es. <\/li> <li><b>Comece a usar a ferramenta no seu site PrestaShop. <\/b><br> Implemente o c\u00f3digo salvo anteriormente em sua p\u00e1gina inicial e aplique as modifica\u00e7\u00f5es. <\/li> <li><b>A configura\u00e7\u00e3o foi totalmente executada. <\/b><br> Visite sua p\u00e1gina para ver como o complemento funciona. <\/li><\/ol> <p>Na condi\u00e7\u00e3o de lidar com d\u00favidas ou enfrentar alguns problemas, entre em contato com nossa equipe de atendimento ao cliente. Nossos especialistas est\u00e3o ansiosos para resolver todas as d\u00favidas que voc\u00ea possa ter com o addon. <\/p> <\/div><div class=\"faq\" data-component=\"FAQ\"><div class=\"faq-item\">\r\n\t\t\t\t\t<div class=\"faq-item-question\">\r\n\t\t\t\t\t\t<h3 class=\"faq-item-question-text\">Como posso incorporar bot\u00f5es de compartilhamento social em meu site PrestaShop sem nenhum conhecimento de codifica\u00e7\u00e3o?<\/h3>\r\n\r\n\t\t\t\t\t\t<div class=\"faq-item-question-icon\"><\/div>\r\n\t\t\t\t\t<\/div>\r\n\r\n\t\t\t\t\t<div class=\"faq-item-answer\">\r\n\t\t\t\t\t\t<div class=\"faq-item-answer-text\"><p>A empresa Elfsight apresenta uma solu\u00e7\u00e3o em nuvem que permite que um grande p\u00fablico estabele\u00e7a voc\u00ea mesmo um widget de bot\u00f5es de compartilhamento social, descubra como ele \u00e9 simples: <\/p><ul><li>Comece a trabalhar diretamente no editor on-line para estabelecer um widget de bot\u00f5es de compartilhamento social que voc\u00ea gostaria de incluir na p\u00e1gina da PrestaShop.<\/li><li>Escolha um dos modelos pr\u00e9-concebidos e altere as configura\u00e7\u00f5es dos bot\u00f5es de compartilhamento social, altere o layout e as cores, atualize seu conte\u00fado sem codifica\u00e7\u00e3o.<\/li><li>Salve o Bot\u00f5es de compartilhamento social e c\u00f3pia do c\u00f3digo de instala\u00e7\u00e3o do plugin, que voc\u00ea pode simplesmente incluir no site PrestaShop sem a necessidade de comprar um plano pago.<\/li><\/ul><p>Com nosso configurador amig\u00e1vel, qualquer usu\u00e1rio da Internet pode criar redes sociais Compartilhe a se\u00e7\u00e3o de bot\u00f5es on-line e incorpore-a facilmente ao site PrestaShop. Voc\u00ea n\u00e3o deve adquirir um plano pago ou divulgar os dados do seu cart\u00e3o para acessar nosso Editor. Se voc\u00ea encontrar algum problema em qualquer etapa, entre em contato com nossa equipe de suporte t\u00e9cnico.<\/p><\/div>\r\n\t\t\t\t\t<\/div>\r\n\t\t\t\t<\/div><\/div>","protected":false},"excerpt":{"rendered":"","protected":false},"author":9,"featured_media":0,"parent":697,"menu_order":0,"comment_status":"closed","ping_status":"closed","template":"templates\/template-application-platform.php","meta":{"publish_to_discourse":"","publish_post_category":"","wpdc_auto_publish_overridden":"","wpdc_topic_tags":"","wpdc_pin_topic":"","wpdc_pin_until":"","discourse_post_id":"","discourse_permalink":"","wpdc_publishing_response":"","wpdc_publishing_error":"","footnotes":""},"class_list":["post-8048","page","type-page","status-publish","hentry"],"yoast_head":"<!-- This site is optimized with the Yoast SEO plugin v25.3.1 - https:\/\/yoast.com\/wordpress\/plugins\/seo\/ -->\n<title>Bot\u00f5es de compartilhamento social \u2013 Adicione bot\u00f5es de compartilhamento ao site PrestaShop<\/title>\n<meta name=\"description\" content=\"Instale bot\u00f5es de compartilhamento social em seu site PrestaShop em alguns minutos. Configura\u00e7\u00e3o instant\u00e2nea e simples de v\u00e1rios addons pela Elfsight.\" \/>\n<meta name=\"robots\" content=\"index, follow, max-snippet:-1, max-image-preview:large, max-video-preview:-1\" \/>\n<link rel=\"canonical\" href=\"https:\/\/elfsight.com\/pt\/social-media-share-buttons\/prestashop\/\" \/>\n<meta property=\"og:locale\" content=\"pt_PT\" \/>\n<meta property=\"og:type\" content=\"article\" \/>\n<meta property=\"og:title\" content=\"Bot\u00f5es de compartilhamento social \u2013 Adicione bot\u00f5es de compartilhamento ao site PrestaShop\" \/>\n<meta property=\"og:description\" content=\"Instale bot\u00f5es de compartilhamento social em seu site PrestaShop em alguns minutos. Configura\u00e7\u00e3o instant\u00e2nea e simples de v\u00e1rios addons pela Elfsight.\" \/>\n<meta property=\"og:url\" content=\"https:\/\/elfsight.com\/pt\/social-media-share-buttons\/prestashop\/\" \/>\n<meta property=\"og:site_name\" content=\"Elfsight PT\" \/>\n<meta property=\"article:modified_time\" content=\"2024-11-12T15:30:09+00:00\" \/>\n<meta name=\"twitter:card\" content=\"summary_large_image\" \/>\n<meta name=\"twitter:label1\" content=\"Tempo estimado de leitura\" \/>\n\t<meta name=\"twitter:data1\" content=\"3 minutos\" \/>\n<!-- \/ Yoast SEO plugin. -->","yoast_head_json":{"title":"Bot\u00f5es de compartilhamento social \u2013 Adicione bot\u00f5es de compartilhamento ao site PrestaShop","description":"Instale bot\u00f5es de compartilhamento social em seu site PrestaShop em alguns minutos. Configura\u00e7\u00e3o instant\u00e2nea e simples de v\u00e1rios addons pela Elfsight.","robots":{"index":"index","follow":"follow","max-snippet":"max-snippet:-1","max-image-preview":"max-image-preview:large","max-video-preview":"max-video-preview:-1"},"canonical":"https:\/\/elfsight.com\/pt\/social-media-share-buttons\/prestashop\/","og_locale":"pt_PT","og_type":"article","og_title":"Bot\u00f5es de compartilhamento social \u2013 Adicione bot\u00f5es de compartilhamento ao site PrestaShop","og_description":"Instale bot\u00f5es de compartilhamento social em seu site PrestaShop em alguns minutos. Configura\u00e7\u00e3o instant\u00e2nea e simples de v\u00e1rios addons pela Elfsight.","og_url":"https:\/\/elfsight.com\/pt\/social-media-share-buttons\/prestashop\/","og_site_name":"Elfsight PT","article_modified_time":"2024-11-12T15:30:09+00:00","twitter_card":"summary_large_image","twitter_misc":{"Tempo estimado de leitura":"3 minutos"},"schema":{"@context":"https:\/\/schema.org","@graph":[{"@type":"WebPage","@id":"https:\/\/elfsight.com\/pt\/social-media-share-buttons\/prestashop\/","url":"https:\/\/elfsight.com\/pt\/social-media-share-buttons\/prestashop\/","name":"Bot\u00f5es de compartilhamento social \u2013 Adicione bot\u00f5es de compartilhamento ao site PrestaShop","isPartOf":{"@id":"https:\/\/elfsight.com\/pt\/#website"},"datePublished":"1970-01-01T00:00:00+00:00","dateModified":"2024-11-12T15:30:09+00:00","description":"Instale bot\u00f5es de compartilhamento social em seu site PrestaShop em alguns minutos. Configura\u00e7\u00e3o instant\u00e2nea e simples de v\u00e1rios addons pela Elfsight.","breadcrumb":{"@id":"https:\/\/elfsight.com\/pt\/social-media-share-buttons\/prestashop\/#breadcrumb"},"inLanguage":"pt-PT","potentialAction":[{"@type":"ReadAction","target":["https:\/\/elfsight.com\/pt\/social-media-share-buttons\/prestashop\/"]}]},{"@type":"BreadcrumbList","@id":"https:\/\/elfsight.com\/pt\/social-media-share-buttons\/prestashop\/#breadcrumb","itemListElement":[{"@type":"ListItem","position":1,"name":"Home","item":"https:\/\/elfsight.com\/pt\/"},{"@type":"ListItem","position":2,"name":"Social Share Buttons","item":"https:\/\/elfsight.com\/pt\/social-media-share-buttons\/"},{"@type":"ListItem","position":3,"name":"Social Share Buttons &#8211; PrestaShop"}]},{"@type":"WebSite","@id":"https:\/\/elfsight.com\/pt\/#website","url":"https:\/\/elfsight.com\/pt\/","name":"Elfsight PT","description":"Just another Elfsight Sites site","potentialAction":[{"@type":"SearchAction","target":{"@type":"EntryPoint","urlTemplate":"https:\/\/elfsight.com\/pt\/?s={search_term_string}"},"query-input":{"@type":"PropertyValueSpecification","valueRequired":true,"valueName":"search_term_string"}}],"inLanguage":"pt-PT"}]}},"meta_box":{"industry":"","seo_heading":"","heading":"","description":"","cta_heading":"","cta_description":"","application":"1383","h1":"Bot\u00f5es de compartilhamento social para PrestaShop","h1_caption":"Promova sua empresa em suas redes sociais favoritas","application_category":[],"applications_title":"","applications_request_title":"","applications_request_button_text":"","hero_text":"","hero_video":"","hero_video_schema_markup":"","selling_points_title":"","selling_points_caption":"","selling_points":[],"selling_points_cta_text":"","features_title":"","features":"","ed_cta_examples_text":"","ed_cta_examples_hidden":"","ed_cta_demo_text":"","ed_cta_demo_hidden":"","why_caption":"","why_editor_title":"","why_editor_text":"","why_team_title":"","why_team_text":"","why_service_title":"","why_service_text":"","template_catalog_visible":"","template_catalog_title":"","template_catalog_text":"","template_catalog_categories_visible":"","demo_title":"Crie seu complemento de bot\u00f5es de compartilhamento social","demo_caption":"Configure seus bot\u00f5es de compartilhamento social e adicione-os ao seu site PrestaShop gratuitamente!","default_faq_hidden":"","app_template_category":[],"platform":"5343","template_public_id":"","codecanyon_url":"","codecanyon_item_id":"","codecanyon_price":"","pricing_caption":"","pricing_elfsight_apps_hide_column":"","pricing_elfsight_apps_url":"","pricing_codecanyon_price_caption":"","integration_category":[],"integration_request_title":"","integration_request_cta":"","integration_platform":"","integrations":[],"platform_category":[],"video_schema_markup":"","price":"a partir de US$ 0\/m\u00eas","trial":"","benefits":[{"text":"Assist\u00eancia de instala\u00e7\u00e3o gratuita"},{"text":"Atendimento ao cliente competente"},{"text":"Garantia de reembolso de 14 dias"},{"text":"Melhorias gratuitas regulares"}],"button_url":"#demo","button_target_blank":"","button_nofollow":"","attributes":[{"name":"Instala\u00e7\u00f5es","content":"10,000 - 100,000"},{"name":"Responsivo","content":"Sim"},{"name":"Navegadores compat\u00edveis","content":"Firefox, Safari, Opera, Chrome, Edge"}],"tags":[],"tags_disable_links":"","hide_more_platforms":"","video_object":"","demo_hide_cta":"","demo_hide_cloud_options":"","pricing_title":"","pricing":[{"pricing_icon":"platform","pricing_title":"Elfsight Apps","pricing_title_caption":"Vers\u00e3o independente de plataforma que se adapta a qualquer site","pricing_price":"a partir de US$ 0\/m\u00eas","pricing_price_caption":"comece com um plano gratuito","pricing_benefits":[{"text":"Dom\u00ednios ilimitados"},{"text":"Suporte profissional"},{"text":"Suporte profissional"},{"text":"Design flex\u00edvel"}],"pricing_button_text":"Adicionar ao site","pricing_button_url":"#demo"}],"related_apps_title":"","related_apps_hidden":"","author":"","image":[],"title":"","job":"","social_networks":[]},"_links":{"self":[{"href":"https:\/\/elfsight.com\/pt\/wp-json\/wp\/v2\/pages\/8048","targetHints":{"allow":["GET"]}}],"collection":[{"href":"https:\/\/elfsight.com\/pt\/wp-json\/wp\/v2\/pages"}],"about":[{"href":"https:\/\/elfsight.com\/pt\/wp-json\/wp\/v2\/types\/page"}],"author":[{"embeddable":true,"href":"https:\/\/elfsight.com\/pt\/wp-json\/wp\/v2\/users\/9"}],"replies":[{"embeddable":true,"href":"https:\/\/elfsight.com\/pt\/wp-json\/wp\/v2\/comments?post=8048"}],"version-history":[{"count":1,"href":"https:\/\/elfsight.com\/pt\/wp-json\/wp\/v2\/pages\/8048\/revisions"}],"predecessor-version":[{"id":8052,"href":"https:\/\/elfsight.com\/pt\/wp-json\/wp\/v2\/pages\/8048\/revisions\/8052"}],"up":[{"embeddable":true,"href":"https:\/\/elfsight.com\/pt\/wp-json\/wp\/v2\/pages\/697"}],"wp:attachment":[{"href":"https:\/\/elfsight.com\/pt\/wp-json\/wp\/v2\/media?parent=8048"}],"curies":[{"name":"wp","href":"https:\/\/api.w.org\/{rel}","templated":true}]}}