{"id":8042,"date":"1970-01-01T00:00:00","date_gmt":"1970-01-01T00:00:00","guid":{"rendered":"https:\/\/elfsight.com\/pt\/?page_id=8042"},"modified":"2026-01-13T13:56:58","modified_gmt":"2026-01-13T13:56:58","slug":"wordpress","status":"publish","type":"page","link":"https:\/\/elfsight.com\/pt\/social-media-icons-widget\/wordpress\/","title":{"rendered":"Social Media Icons &#8211; WordPress"},"content":{"rendered":"\n<div class=\"application-platform-content-item-description application-platform-content-item\" id=\"description\" data-nav-section=\"description\"><h2>Incorpore \u00edcones de m\u00eddia social no WordPress com o widget Elfsight<\/h2><p>Plugin pr\u00e1tico e eficiente para \u00edcones de m\u00eddia da Elfsight para conectar seu site com as redes sociais necess\u00e1rias. Fortale\u00e7a os contatos com seus usu\u00e1rios, convertendo-os em f\u00e3s. Layout responsivo, configura\u00e7\u00f5es completas de esquema de cores e design com \u00edcones prontos de qualquer m\u00eddia social.<\/p><p><b>Melhore o alcance da sua marca nas redes sociais.<\/b><\/p><ul><li><b>Conquiste novos f\u00e3s<\/b>.<br>Demonstre um caminho direto para seus perfis sociais e aumente a possibilidade de que os leitores do seu site se tornem seus f\u00e3s.<\/li><li><b>Abranja mais usu\u00e1rios em redes sociais<\/b>.<br>Aumente a cobertura de suas contas sociais atraindo constantemente leitores do site e transformando-os em assinantes.<\/li><li><b>Fique sempre em contato com os usu\u00e1rios<\/b>.<br>Permite que os visitantes utilizem uma das ferramentas adicionais de comunica\u00e7\u00e3o e recebam atendimento por meio das m\u00eddias sociais.<\/li><li><b>Eleve a intera\u00e7\u00e3o com os usu\u00e1rios a um novo patamar<\/b>.<br>Demonstre aos seus clientes atuais e novos mais m\u00e9todos para se conectar com voc\u00ea e aumentar a qualidade do suporte.<\/li><\/ul><\/div><div class=\"faq\" data-component=\"FAQ\"><div class=\"faq-item\">\r\n\t\t\t\t\t<div class=\"faq-item-question\">\r\n\t\t\t\t\t\t<h3 class=\"faq-item-question-text\">Como posso incorporar \u00edcones sociais no meu site WordPress?<\/h3>\r\n\r\n\t\t\t\t\t\t<div class=\"faq-item-question-icon\"><\/div>\r\n\t\t\t\t\t<\/div>\r\n\r\n\t\t\t\t\t<div class=\"faq-item-answer\">\r\n\t\t\t\t\t\t<div class=\"faq-item-answer-text\"><p>A cria\u00e7\u00e3o do widget acontece dentro do site da Elfsight e n\u00e3o h\u00e1 necessidade de codifica\u00e7\u00e3o. Acesse nossa demonstra\u00e7\u00e3o ao vivo para formar sua pr\u00f3pria ferramenta, obtenha o c\u00f3digo e insira-o em seu site. <\/p><\/div>\r\n\t\t\t\t\t<\/div>\r\n\t\t\t\t<\/div><div class=\"faq-item\">\r\n\t\t\t\t\t<div class=\"faq-item-question\">\r\n\t\t\t\t\t\t<h3 class=\"faq-item-question-text\">Posso obter \u00edcones pretos de m\u00eddia social por meio de seus widget?<\/h3>\r\n\r\n\t\t\t\t\t\t<div class=\"faq-item-question-icon\"><\/div>\r\n\t\t\t\t\t<\/div>\r\n\r\n\t\t\t\t\t<div class=\"faq-item-answer\">\r\n\t\t\t\t\t\t<div class=\"faq-item-answer-text\"><p>Um grande n\u00famero de modelos est\u00e1 dispon\u00edvel: lista, galeria, alvenaria, alimenta\u00e7\u00e3o, grade e muitos outros, juntamente com configura\u00e7\u00f5es de layout male\u00e1veis \u200b\u200bpara atender \u00e0s suas pr\u00e9-condi\u00e7\u00f5es. Voc\u00ea \u00e9 livre para criar quase qualquer widget que lhe falta. <\/p><\/div>\r\n\t\t\t\t\t<\/div>\r\n\t\t\t\t<\/div><div class=\"faq-item\">\r\n\t\t\t\t\t<div class=\"faq-item-question\">\r\n\t\t\t\t\t\t<h3 class=\"faq-item-question-text\">Meu plug-in de \u00edcones sociais n\u00e3o funciona\/n\u00e3o atualiza<\/h3>\r\n\r\n\t\t\t\t\t\t<div class=\"faq-item-question-icon\"><\/div>\r\n\t\t\t\t\t<\/div>\r\n\r\n\t\t\t\t\t<div class=\"faq-item-answer\">\r\n\t\t\t\t\t\t<div class=\"faq-item-answer-text\"><p>Caso voc\u00ea tenha algum problema com os widgets de m\u00eddia social, resolva o problema equipe de suporte ao cliente. O suporte \u00e9 totalmente gratuito para todos os clientes da Elfsight. <\/p><\/div>\r\n\t\t\t\t\t<\/div>\r\n\t\t\t\t<\/div><\/div><div class=\"application-platform-content-item-features application-platform-content-item\" id=\"features\" data-nav-section=\"features\"><h2>Principais recursos do widget \u00cdcones de m\u00eddia social<\/h2><p>As principais caracter\u00edsticas que transformam os \u00edcones de m\u00eddia da Elfsight nos melhores Plugin social WordPress.<\/p><ul><li>Adicione uma nova m\u00eddia apenas inserindo uma URL em seu perfil;<\/li><li>Altere a ordem de demonstra\u00e7\u00e3o dos \u00edcones;<\/li><li>Layout inline para colocar \u00edcones na \u00e1rea de conte\u00fado;<\/li><li>Cores pretas, nativas e brancas dos \u00edcones ao passar o mouse;<\/li><li>Opacidade ajust\u00e1vel em porcentagens dos \u00edcones e ao passar o mouse.<\/li><\/ul> <p><a href=\"#demo\">Estude os recursos b\u00e1sicos em nossa demonstra\u00e7\u00e3o<\/a><\/p><\/div><div class=\"application-platform-content-item-installation application-platform-content-item\" id=\"installation\" data-nav-section=\"installation\"><h2>Como adicionar o plug-in de \u00edcones de m\u00eddia social ao WordPress<\/h2><div class=\"video-container\"><iframe allowfullscreen=\"\" frameborder=\"0\" height=\"405\" src=\"https:\/\/www.youtube.com\/embed\/l8yWGCndKiI?si=3udcOgKX8vVwpkD6\" width=\"720\"><\/iframe><\/div><p>Basta seguir v\u00e1rios passos descritos abaixo para come\u00e7ar a trabalhar com a ferramenta no WordPress.<\/p> <ol><li><b>Abra nosso editor gratuito e comece a construir seu plugin personalizado. <\/b><br> Escolha a apar\u00eancia e os aspectos preferidos do plugin e salve as corre\u00e7\u00f5es. <\/li> <li><b>Receba o c\u00f3digo individual que aparece na caixa nas aplica\u00e7\u00f5es Elfsight. <\/b><br> Assim que terminar o estabelecimento dos seus \u00edcones de m\u00eddia social, copie o c\u00f3digo pessoal da caixa exibida e salve-o para uso posterior. <\/li> <li><b>Comece a usar a ferramenta no seu site WordPress. <\/b><br> Integre o c\u00f3digo que voc\u00ea copiou recentemente em seu site e salve as melhorias. <\/li> <li><b>Conclu\u00eddo! A configura\u00e7\u00e3o foi realizada com sucesso. <\/b><br> Acesse sua p\u00e1gina para ver como o plugin est\u00e1 funcionando. <\/li><\/ol> <p>Est\u00e1 com problemas com o Elfsight Scial Icons num website? Verifique nossas instru\u00e7\u00f5es detalhadas \u00ab<a href=\"https:\/\/elfsight.com\/tutorials\/how-to-add-social-media-icons-to-a-wordpress-website\/\" target=\"_blank\" rel=\"noopener noreferrer\">Como adicionar \u00edcones de m\u00eddia social ao WordPress<\/a>\u00bb ou escreva uma mensagem para nossa central de ajuda.<\/p><p><\/div><\/p><!-- \/wp:html - &gt; \/wp:html -->\n","protected":false},"excerpt":{"rendered":"","protected":false},"author":9,"featured_media":0,"parent":1114,"menu_order":0,"comment_status":"closed","ping_status":"closed","template":"templates\/template-application-platform.php","meta":{"publish_to_discourse":"","publish_post_category":"","wpdc_auto_publish_overridden":"","wpdc_topic_tags":"","wpdc_pin_topic":"","wpdc_pin_until":"","discourse_post_id":"","discourse_permalink":"","wpdc_publishing_response":"","wpdc_publishing_error":"","footnotes":""},"class_list":["post-8042","page","type-page","status-publish","hentry"],"yoast_head":"<!-- This site is optimized with the Yoast SEO plugin v25.3.1 - https:\/\/yoast.com\/wordpress\/plugins\/seo\/ -->\n<title>O melhor plugin de \u00edcones de m\u00eddia social para WordPress ( 2025 ) - Elfsight<\/title>\n<meta name=\"description\" content=\"Experimente o melhor plugin de \u00edcones de m\u00eddia social para WordPress agora mesmo. Crie \u00edcones sociais exclusivos para o seu site em apenas alguns minutos!\" \/>\n<meta name=\"robots\" content=\"index, follow, max-snippet:-1, max-image-preview:large, max-video-preview:-1\" \/>\n<link rel=\"canonical\" href=\"https:\/\/elfsight.com\/pt\/social-media-icons-widget\/wordpress\/\" \/>\n<meta property=\"og:locale\" content=\"pt_PT\" \/>\n<meta property=\"og:type\" content=\"article\" \/>\n<meta property=\"og:title\" content=\"O melhor plugin de \u00edcones de m\u00eddia social para WordPress ( 2025 ) - Elfsight\" \/>\n<meta property=\"og:description\" content=\"Experimente o melhor plugin de \u00edcones de m\u00eddia social para WordPress agora mesmo. Crie \u00edcones sociais exclusivos para o seu site em apenas alguns minutos!\" \/>\n<meta property=\"og:url\" content=\"https:\/\/elfsight.com\/pt\/social-media-icons-widget\/wordpress\/\" \/>\n<meta property=\"og:site_name\" content=\"Elfsight PT\" \/>\n<meta property=\"article:modified_time\" content=\"2026-01-13T13:56:58+00:00\" \/>\n<meta name=\"twitter:card\" content=\"summary_large_image\" \/>\n<meta name=\"twitter:label1\" content=\"Tempo estimado de leitura\" \/>\n\t<meta name=\"twitter:data1\" content=\"4 minutos\" \/>\n<!-- \/ Yoast SEO plugin. -->","yoast_head_json":{"title":"O melhor plugin de \u00edcones de m\u00eddia social para WordPress ( 2025 ) - Elfsight","description":"Experimente o melhor plugin de \u00edcones de m\u00eddia social para WordPress agora mesmo. Crie \u00edcones sociais exclusivos para o seu site em apenas alguns minutos!","robots":{"index":"index","follow":"follow","max-snippet":"max-snippet:-1","max-image-preview":"max-image-preview:large","max-video-preview":"max-video-preview:-1"},"canonical":"https:\/\/elfsight.com\/pt\/social-media-icons-widget\/wordpress\/","og_locale":"pt_PT","og_type":"article","og_title":"O melhor plugin de \u00edcones de m\u00eddia social para WordPress ( 2025 ) - Elfsight","og_description":"Experimente o melhor plugin de \u00edcones de m\u00eddia social para WordPress agora mesmo. Crie \u00edcones sociais exclusivos para o seu site em apenas alguns minutos!","og_url":"https:\/\/elfsight.com\/pt\/social-media-icons-widget\/wordpress\/","og_site_name":"Elfsight PT","article_modified_time":"2026-01-13T13:56:58+00:00","twitter_card":"summary_large_image","twitter_misc":{"Tempo estimado de leitura":"4 minutos"},"schema":{"@context":"https:\/\/schema.org","@graph":[{"@type":"WebPage","@id":"https:\/\/elfsight.com\/pt\/social-media-icons-widget\/wordpress\/","url":"https:\/\/elfsight.com\/pt\/social-media-icons-widget\/wordpress\/","name":"O melhor plugin de \u00edcones de m\u00eddia social para WordPress ( 2025 ) - Elfsight","isPartOf":{"@id":"https:\/\/elfsight.com\/pt\/#website"},"datePublished":"1970-01-01T00:00:00+00:00","dateModified":"2026-01-13T13:56:58+00:00","description":"Experimente o melhor plugin de \u00edcones de m\u00eddia social para WordPress agora mesmo. Crie \u00edcones sociais exclusivos para o seu site em apenas alguns minutos!","breadcrumb":{"@id":"https:\/\/elfsight.com\/pt\/social-media-icons-widget\/wordpress\/#breadcrumb"},"inLanguage":"pt-PT","potentialAction":[{"@type":"ReadAction","target":["https:\/\/elfsight.com\/pt\/social-media-icons-widget\/wordpress\/"]}]},{"@type":"BreadcrumbList","@id":"https:\/\/elfsight.com\/pt\/social-media-icons-widget\/wordpress\/#breadcrumb","itemListElement":[{"@type":"ListItem","position":1,"name":"Home","item":"https:\/\/elfsight.com\/pt\/"},{"@type":"ListItem","position":2,"name":"Social Media Icons","item":"https:\/\/elfsight.com\/pt\/social-media-icons-widget\/"},{"@type":"ListItem","position":3,"name":"Social Media Icons &#8211; WordPress"}]},{"@type":"WebSite","@id":"https:\/\/elfsight.com\/pt\/#website","url":"https:\/\/elfsight.com\/pt\/","name":"Elfsight PT","description":"Just another Elfsight Sites site","potentialAction":[{"@type":"SearchAction","target":{"@type":"EntryPoint","urlTemplate":"https:\/\/elfsight.com\/pt\/?s={search_term_string}"},"query-input":{"@type":"PropertyValueSpecification","valueRequired":true,"valueName":"search_term_string"}}],"inLanguage":"pt-PT"}]}},"meta_box":{"industry":"","seo_heading":"","heading":"","description":"","cta_heading":"","cta_description":"","application":"1113","h1":"Plug-in de \u00edcones sociais do WordPress","h1_caption":"Converta os visitantes do seu site em assinantes sociais","application_category":[],"applications_title":"","applications_request_title":"","applications_request_button_text":"","hero_text":"","hero_video":"","hero_video_schema_markup":"","selling_points_title":"","selling_points_caption":"","selling_points":[],"selling_points_cta_text":"","features_title":"","features":"","ed_cta_examples_text":"","ed_cta_examples_hidden":"","ed_cta_demo_text":"","ed_cta_demo_hidden":"","why_caption":"","why_editor_title":"","why_editor_text":"","why_team_title":"","why_team_text":"","why_service_title":"","why_service_text":"","template_catalog_visible":"0","template_catalog_title":"","template_catalog_text":"","template_catalog_categories_visible":"","demo_title":"Crie seu plugin de \u00edcones de m\u00eddia social","demo_caption":"Configure seus \u00edcones de m\u00eddia social e adicione-os ao seu site WordPress gratuitamente!","default_faq_hidden":"","app_template_category":[],"platform":"34","template_public_id":"","codecanyon_url":"","codecanyon_item_id":"","codecanyon_price":"","pricing_caption":"","pricing_elfsight_apps_hide_column":"","pricing_elfsight_apps_url":"","pricing_codecanyon_price_caption":"","integration_category":[],"integration_request_title":"","integration_request_cta":"","integration_platform":"","integrations":[],"platform_category":[],"video_schema_markup":"","price":"a partir de US$ 0\/m\u00eas","trial":"","benefits":[{"text":"Assist\u00eancia de instala\u00e7\u00e3o gratuita"},{"text":"Suporte excepcional"},{"text":"Garantia de reembolso de 14 dias"},{"text":"Melhorias regulares"}],"button_url":"#demo","button_target_blank":"0","button_nofollow":"0","attributes":[{"name":"Instala\u00e7\u00f5es","content":"10,000 - 100,000"},{"name":"Responsivo","content":"Sim"},{"name":"Navegadores compat\u00edveis","content":"Firefox, Safari, Opera, Chrome, Edge"}],"tags":[],"tags_disable_links":"0","hide_more_platforms":"0","video_object":"","demo_hide_cta":"0","demo_hide_cloud_options":"0","pricing_title":"","pricing":[{"pricing_icon":"cloud","pricing_title":"Elfsight Apps","pricing_title_caption":"Solu\u00e7\u00e3o digital independente de plataforma","pricing_price":"a partir de US$ 0\/m\u00eas","pricing_price_caption":"comece com um plano gratuito","pricing_benefits":[{"text":"Sites ilimitados"},{"text":"Suporte dedicado e pontual"},{"text":"Suporte dedicado e pontual"},{"text":"\u00d3timo neg\u00f3cio para v\u00e1rios aplicativos"}],"pricing_button_text":"Adicionar ao site","pricing_button_url":"#demo"}],"related_apps_title":"","related_apps_hidden":"0","author":"","image":[],"title":"","job":"","social_networks":[]},"_links":{"self":[{"href":"https:\/\/elfsight.com\/pt\/wp-json\/wp\/v2\/pages\/8042","targetHints":{"allow":["GET"]}}],"collection":[{"href":"https:\/\/elfsight.com\/pt\/wp-json\/wp\/v2\/pages"}],"about":[{"href":"https:\/\/elfsight.com\/pt\/wp-json\/wp\/v2\/types\/page"}],"author":[{"embeddable":true,"href":"https:\/\/elfsight.com\/pt\/wp-json\/wp\/v2\/users\/9"}],"replies":[{"embeddable":true,"href":"https:\/\/elfsight.com\/pt\/wp-json\/wp\/v2\/comments?post=8042"}],"version-history":[{"count":4,"href":"https:\/\/elfsight.com\/pt\/wp-json\/wp\/v2\/pages\/8042\/revisions"}],"predecessor-version":[{"id":15201,"href":"https:\/\/elfsight.com\/pt\/wp-json\/wp\/v2\/pages\/8042\/revisions\/15201"}],"up":[{"embeddable":true,"href":"https:\/\/elfsight.com\/pt\/wp-json\/wp\/v2\/pages\/1114"}],"wp:attachment":[{"href":"https:\/\/elfsight.com\/pt\/wp-json\/wp\/v2\/media?parent=8042"}],"curies":[{"name":"wp","href":"https:\/\/api.w.org\/{rel}","templated":true}]}}