{"id":8041,"date":"1970-01-01T00:00:00","date_gmt":"1970-01-01T00:00:00","guid":{"rendered":"https:\/\/elfsight.com\/pt\/?page_id=8041"},"modified":"2026-01-21T10:12:39","modified_gmt":"2026-01-21T10:12:39","slug":"shopify","status":"publish","type":"page","link":"https:\/\/elfsight.com\/pt\/social-media-icons-widget\/shopify\/","title":{"rendered":"Social Media Icons &#8211; Shopify"},"content":{"rendered":"\n<div class=\"application-platform-content-item-description application-platform-content-item\" id=\"description\" data-nav-section=\"description\"><h2>Incorpore \u00edcones de m\u00eddia social no Shopify com o widget Elfsight<\/h2><p>\u00cdcones sociais pr\u00e1ticos e vantajosos da Elfsight para unir seu site com qualquer rede social. Continue apoiando o v\u00ednculo com seus usu\u00e1rios, transformando-os em seus seguidores. Um modelo responsivo, personaliza\u00e7\u00e3o total do esquema de cores e design com \u00edcones incorporados de todas as principais m\u00eddias sociais.<\/p><p><b>Aumente a presen\u00e7a da sua empresa nas redes sociais.<\/b><\/p><ul> <li><b>Mais uma maneira de se conectar com os clientes<\/b>.<br>A m\u00eddia social pode servir como uma forma adicional de manter contato com os clientes e oferecer uma oportunidade de melhorar suas rela\u00e7\u00f5es.<\/li><li> <b>N\u00famero m\u00e1ximo de visitantes para suas redes sociais<\/b>.<br>Ofere\u00e7a aos clientes do site uma maneira dispon\u00edvel de acessar sua conta de m\u00eddia social e obter mais visitantes nas redes sociais.<\/li><li><b>A prova social poderosa<\/b>.<br>Aumente a confian\u00e7a dos visitantes do seu site em sua empresa com perfis nas m\u00eddias sociais mais populares.<\/li><\/ul><\/div><div class=\"application-platform-content-item-features application-platform-content-item\" id=\"features\" data-nav-section=\"features\"><h2>Principais recursos do widget \u00cdcones de m\u00eddia social<\/h2><p>As principais caracter\u00edsticas que transformam nossos \u00edcones no melhor aplicativo social do Shopify.<\/p><ul><li>Adicionar \u00edcones ilimitados;<\/li><li>5 op\u00e7\u00f5es de tamanho de \u00edcone;<\/li><li>3 variantes de alinhamento dos \u00edcones: esquerda, direita, centro;<\/li><li>Os \u00edcones e o fundo mudam de cor ao passar o mouse;<\/li><li>6 estilos de \u00edcones incorporados.<\/li><\/ul><p><a href=\"#demo\">Estude os recursos mais proeminentes na demonstra\u00e7\u00e3o da Elfsight <\/a><\/p><\/div><div class=\"application-platform-content-item-installation application-platform-content-item\" id=\"installation\" data-nav-section=\"installation\"><h2>Como adicionar \u00edcones de m\u00eddia social ao Shopify<\/h2><div class=\"video-container\">\n    <iframe allowfullscreen=\"\" frameborder=\"0\" height=\"405\" src=\"https:\/\/www.youtube.com\/embed\/-MjrqXe9iag?si=ZJJS8sBvFyl7JKB_\" width=\"720\"><\/iframe>\n  <\/div><p>Um plano f\u00e1cil integrar \u00edcones em um site sem conhecimento de programa\u00e7\u00e3o. A dura\u00e7\u00e3o m\u00e9dia da configura\u00e7\u00e3o \u00e9 de cerca de 2 minutos.<\/p><ol><li><b>Realize nossa demonstra\u00e7\u00e3o gratuita e comece a criar seu aplicativo personalizado. <\/b><br> Determine a interface e os aspectos desej\u00e1veis \u200b\u200bdo aplicativo e salve todas as edi\u00e7\u00f5es. <\/li> <li><b>Copie o c\u00f3digo individual que aparece na caixa dos aplicativos Elfsight. <\/b><br> Ap\u00f3s a conclus\u00e3o da configura\u00e7\u00e3o do seu aplicativo pessoal, copie o c\u00f3digo pessoal na janela que aparece e guarde-o para uso posterior. <\/li> <li><b>Comece a usar o aplicativo na p\u00e1gina da Shopify. <\/b><br> Cole o c\u00f3digo que voc\u00ea copiou recentemente em sua p\u00e1gina web e salve as modifica\u00e7\u00f5es. <\/li> <li><b>Pronto! A incorpora\u00e7\u00e3o foi finalizada com sucesso. <\/b><br> Abra seu site para ver como o aplicativo funciona. <\/li><\/ol><p>N\u00e3o conseguiu projetar ou exibir os \u00edcones em um site? Leia nosso tutorial abrangente \u00ab<a href=\"https:\/\/elfsight.com\/tutorials\/how-to-add-social-media-icons-to-shopify\/\" target=\"_blank\" rel=\"noopener noreferrer\">Como para colocar \u00edcones no Shopify<\/a>\u00bb ou entre em contato com nossa central de ajuda.<\/p><\/div><div class=\"faq\" data-component=\"FAQ\"><div class=\"faq-item\">\r\n\t\t\t\t\t<div class=\"faq-item-question\">\r\n\t\t\t\t\t\t<h3 class=\"faq-item-question-text\">Como posso adicionar m\u00eddias sociais \u00cdcones para o meu Shopify sem codifica\u00e7\u00e3o?<\/h3>\r\n\r\n\t\t\t\t\t\t<div class=\"faq-item-question-icon\"><\/div>\r\n\t\t\t\t\t<\/div>\r\n\r\n\t\t\t\t\t<div class=\"faq-item-answer\">\r\n\t\t\t\t\t\t<div class=\"faq-item-answer-text\"><p>A empresa Elfsight fornece uma solu\u00e7\u00e3o que permite que um p\u00fablico amplo gere voc\u00ea mesmo um widget de \u00cdcones de M\u00eddia Social. Veja como \u00e9 f\u00e1cil: <\/p><ul><li>V\u00e1 para o Editor ao vivo para gerar um widget de \u00edcones de m\u00eddia social que voc\u00ea gostaria que aparecesse no site da Shopify.<\/li><li>Escolha um dos modelos pr\u00e9-concebidos e ajuste as configura\u00e7\u00f5es dos \u00edcones de m\u00eddia social, transforme o layout e a cor dos elementos, atualize seu conte\u00fado sem codifica\u00e7\u00e3o.<\/li><li>Clique para salvar os \u00edcones de m\u00eddia social e obter o c\u00f3digo de instala\u00e7\u00e3o, que pode ser simplesmente colado gratuitamente na p\u00e1gina inicial do Shopify.<\/li><\/ul><p>Com o ajude o editor simples, qualquer usu\u00e1rio da web pode criar um plug-in de \u00edcones de m\u00eddia social on-line e incorpor\u00e1-lo a qualquer p\u00e1gina inicial do Shopify. Voc\u00ea n\u00e3o deve obter uma assinatura paga ou enviar os dados do seu cart\u00e3o para entrar em nosso servi\u00e7o. Se voc\u00ea tiver qualquer tipo de problema, entre em contato com nossa equipe de suporte t\u00e9cnico.<\/p><\/div>\r\n\t\t\t\t\t<\/div>\r\n\t\t\t\t<\/div><\/div>\n","protected":false},"excerpt":{"rendered":"","protected":false},"author":9,"featured_media":0,"parent":1114,"menu_order":0,"comment_status":"closed","ping_status":"closed","template":"templates\/template-application-platform.php","meta":{"publish_to_discourse":"","publish_post_category":"","wpdc_auto_publish_overridden":"","wpdc_topic_tags":"","wpdc_pin_topic":"","wpdc_pin_until":"","discourse_post_id":"","discourse_permalink":"","wpdc_publishing_response":"","wpdc_publishing_error":"","footnotes":""},"class_list":["post-8041","page","type-page","status-publish","hentry"],"yoast_head":"<!-- This site is optimized with the Yoast SEO plugin v25.3.1 - https:\/\/yoast.com\/wordpress\/plugins\/seo\/ -->\n<title>Aplicativo Shopify Social Media Icons para sua loja ( 2025 )<\/title>\n<meta name=\"description\" content=\"Experimente nosso site \u00cdcones de m\u00eddia social para Shopify totalmente gratuito. Crie \u00edcones personalizados para o seu site em apenas alguns minutos!\" \/>\n<meta name=\"robots\" content=\"index, follow, max-snippet:-1, max-image-preview:large, max-video-preview:-1\" \/>\n<link rel=\"canonical\" href=\"https:\/\/elfsight.com\/pt\/social-media-icons-widget\/shopify\/\" \/>\n<meta property=\"og:locale\" content=\"pt_PT\" \/>\n<meta property=\"og:type\" content=\"article\" \/>\n<meta property=\"og:title\" content=\"Aplicativo Shopify Social Media Icons para sua loja ( 2025 )\" \/>\n<meta property=\"og:description\" content=\"Experimente nosso site \u00cdcones de m\u00eddia social para Shopify totalmente gratuito. Crie \u00edcones personalizados para o seu site em apenas alguns minutos!\" \/>\n<meta property=\"og:url\" content=\"https:\/\/elfsight.com\/pt\/social-media-icons-widget\/shopify\/\" \/>\n<meta property=\"og:site_name\" content=\"Elfsight PT\" \/>\n<meta property=\"article:modified_time\" content=\"2026-01-21T10:12:39+00:00\" \/>\n<meta name=\"twitter:card\" content=\"summary_large_image\" \/>\n<meta name=\"twitter:label1\" content=\"Tempo estimado de leitura\" \/>\n\t<meta name=\"twitter:data1\" content=\"4 minutos\" \/>\n<!-- \/ Yoast SEO plugin. -->","yoast_head_json":{"title":"Aplicativo Shopify Social Media Icons para sua loja ( 2025 )","description":"Experimente nosso site \u00cdcones de m\u00eddia social para Shopify totalmente gratuito. Crie \u00edcones personalizados para o seu site em apenas alguns minutos!","robots":{"index":"index","follow":"follow","max-snippet":"max-snippet:-1","max-image-preview":"max-image-preview:large","max-video-preview":"max-video-preview:-1"},"canonical":"https:\/\/elfsight.com\/pt\/social-media-icons-widget\/shopify\/","og_locale":"pt_PT","og_type":"article","og_title":"Aplicativo Shopify Social Media Icons para sua loja ( 2025 )","og_description":"Experimente nosso site \u00cdcones de m\u00eddia social para Shopify totalmente gratuito. Crie \u00edcones personalizados para o seu site em apenas alguns minutos!","og_url":"https:\/\/elfsight.com\/pt\/social-media-icons-widget\/shopify\/","og_site_name":"Elfsight PT","article_modified_time":"2026-01-21T10:12:39+00:00","twitter_card":"summary_large_image","twitter_misc":{"Tempo estimado de leitura":"4 minutos"},"schema":{"@context":"https:\/\/schema.org","@graph":[{"@type":"WebPage","@id":"https:\/\/elfsight.com\/pt\/social-media-icons-widget\/shopify\/","url":"https:\/\/elfsight.com\/pt\/social-media-icons-widget\/shopify\/","name":"Aplicativo Shopify Social Media Icons para sua loja ( 2025 )","isPartOf":{"@id":"https:\/\/elfsight.com\/pt\/#website"},"datePublished":"1970-01-01T00:00:00+00:00","dateModified":"2026-01-21T10:12:39+00:00","description":"Experimente nosso site \u00cdcones de m\u00eddia social para Shopify totalmente gratuito. Crie \u00edcones personalizados para o seu site em apenas alguns minutos!","breadcrumb":{"@id":"https:\/\/elfsight.com\/pt\/social-media-icons-widget\/shopify\/#breadcrumb"},"inLanguage":"pt-PT","potentialAction":[{"@type":"ReadAction","target":["https:\/\/elfsight.com\/pt\/social-media-icons-widget\/shopify\/"]}]},{"@type":"BreadcrumbList","@id":"https:\/\/elfsight.com\/pt\/social-media-icons-widget\/shopify\/#breadcrumb","itemListElement":[{"@type":"ListItem","position":1,"name":"Home","item":"https:\/\/elfsight.com\/pt\/"},{"@type":"ListItem","position":2,"name":"Social Media Icons","item":"https:\/\/elfsight.com\/pt\/social-media-icons-widget\/"},{"@type":"ListItem","position":3,"name":"Social Media Icons &#8211; Shopify"}]},{"@type":"WebSite","@id":"https:\/\/elfsight.com\/pt\/#website","url":"https:\/\/elfsight.com\/pt\/","name":"Elfsight PT","description":"Just another Elfsight Sites site","potentialAction":[{"@type":"SearchAction","target":{"@type":"EntryPoint","urlTemplate":"https:\/\/elfsight.com\/pt\/?s={search_term_string}"},"query-input":{"@type":"PropertyValueSpecification","valueRequired":true,"valueName":"search_term_string"}}],"inLanguage":"pt-PT"}]}},"meta_box":{"industry":"","seo_heading":"","heading":"","description":"","cta_heading":"","cta_description":"","application":"1113","h1":"\u00cdcones de m\u00eddia social para Shopify","h1_caption":"A melhor ferramenta para colocar \u00edcones sociais em qualquer site","application_category":[],"applications_title":"","applications_request_title":"","applications_request_button_text":"","hero_text":"","hero_video":"","hero_video_schema_markup":"","selling_points_title":"","selling_points_caption":"","selling_points":[],"selling_points_cta_text":"","features_title":"","features":"","ed_cta_examples_text":"","ed_cta_examples_hidden":"","ed_cta_demo_text":"","ed_cta_demo_hidden":"","why_caption":"","why_editor_title":"","why_editor_text":"","why_team_title":"","why_team_text":"","why_service_title":"","why_service_text":"","template_catalog_visible":"0","template_catalog_title":"","template_catalog_text":"","template_catalog_categories_visible":"","demo_title":"Crie seu aplicativo de \u00edcones de m\u00eddia social","demo_caption":"Configure seus \u00edcones de m\u00eddia social e adicione-os ao seu site Shopify gratuitamente!","default_faq_hidden":"","app_template_category":[],"platform":"64","template_public_id":"","codecanyon_url":"","codecanyon_item_id":"","codecanyon_price":"","pricing_caption":"","pricing_elfsight_apps_hide_column":"","pricing_elfsight_apps_url":"","pricing_codecanyon_price_caption":"","integration_category":[],"integration_request_title":"","integration_request_cta":"","integration_platform":"","integrations":[],"platform_category":[],"video_schema_markup":"","price":"a partir de US$ 0\/m\u00eas","trial":"","benefits":[{"text":"Servi\u00e7o de instala\u00e7\u00e3o gratuito"},{"text":"Suporte premium"},{"text":"Garantia de devolu\u00e7\u00e3o do dinheiro em 14 dias"},{"text":"Atualiza\u00e7\u00f5es gratuitas cont\u00ednuas"}],"button_url":"#demo","button_target_blank":"0","button_nofollow":"0","attributes":[{"name":"Instala\u00e7\u00f5es","content":"10,000 - 100,000"},{"name":"Responsivo","content":"Sim"},{"name":"Navegadores compat\u00edveis","content":"Firefox, Safari, Opera, Chrome, Edge"}],"tags":[],"tags_disable_links":"0","hide_more_platforms":"0","video_object":"","demo_hide_cta":"0","demo_hide_cloud_options":"0","pricing_title":"","pricing":[{"pricing_icon":"cloud","pricing_title":"Elfsight Apps","pricing_title_caption":"Vers\u00e3o multiplataforma que funciona em qualquer site","pricing_price":"a partir de US$ 0\/m\u00eas","pricing_price_caption":"comece com plano gratuito","pricing_benefits":[{"text":"Sites ilimitados"},{"text":"Suporte premium"},{"text":"Suporte premium"},{"text":"Oferta especial para v\u00e1rios aplicativos"}],"pricing_button_text":"Adicionar ao site","pricing_button_url":"#demo"}],"related_apps_title":"","related_apps_hidden":"0","author":"","image":[],"title":"","job":"","social_networks":[]},"_links":{"self":[{"href":"https:\/\/elfsight.com\/pt\/wp-json\/wp\/v2\/pages\/8041","targetHints":{"allow":["GET"]}}],"collection":[{"href":"https:\/\/elfsight.com\/pt\/wp-json\/wp\/v2\/pages"}],"about":[{"href":"https:\/\/elfsight.com\/pt\/wp-json\/wp\/v2\/types\/page"}],"author":[{"embeddable":true,"href":"https:\/\/elfsight.com\/pt\/wp-json\/wp\/v2\/users\/9"}],"replies":[{"embeddable":true,"href":"https:\/\/elfsight.com\/pt\/wp-json\/wp\/v2\/comments?post=8041"}],"version-history":[{"count":4,"href":"https:\/\/elfsight.com\/pt\/wp-json\/wp\/v2\/pages\/8041\/revisions"}],"predecessor-version":[{"id":15219,"href":"https:\/\/elfsight.com\/pt\/wp-json\/wp\/v2\/pages\/8041\/revisions\/15219"}],"up":[{"embeddable":true,"href":"https:\/\/elfsight.com\/pt\/wp-json\/wp\/v2\/pages\/1114"}],"wp:attachment":[{"href":"https:\/\/elfsight.com\/pt\/wp-json\/wp\/v2\/media?parent=8041"}],"curies":[{"name":"wp","href":"https:\/\/api.w.org\/{rel}","templated":true}]}}