{"id":8040,"date":"1970-01-01T00:00:00","date_gmt":"1970-01-01T00:00:00","guid":{"rendered":"https:\/\/elfsight.com\/pt\/?page_id=8040"},"modified":"2025-02-25T17:15:11","modified_gmt":"2025-02-25T17:15:11","slug":"webflow","status":"publish","type":"page","link":"https:\/\/elfsight.com\/pt\/social-media-icons-widget\/webflow\/","title":{"rendered":"Social Media Icons &#8211; Webflow"},"content":{"rendered":"\n<div class=\"application-platform-content-item-description application-platform-content-item\" id=\"description\" data-nav-section=\"description\"><h2>Incorpore \u00edcones de m\u00eddia social no Webflow com o widget Elfsight<\/h2><p>Os \u00edcones sociais simples e eficazes da Elfsight est\u00e3o aqui para conectar seu site com qualquer m\u00eddia social. Fique conectado com seus clientes mesmo depois que eles sa\u00edrem do seu site, usando bot\u00f5es sociais. Layout responsivo, esquema de cores e estilo ajust\u00e1veis, \u00edcones prontos para uso de todas as m\u00eddias sociais mais populares e mais op\u00e7\u00f5es em nosso widget de \u00cdcones Sociais.<\/p><p><b>Aumente a presen\u00e7a de sua empresa nas m\u00eddias sociais.<\/b><\/p><ul><li><b>Prova social mais forte e maior popularidade de suas contas<\/b>.<br>Melhore a imagem de sua marca entre os usu\u00e1rios que a promovem nas m\u00eddias sociais e aumentam a prova social e a popularidade. <\/li><li><b>Mais seguidores devido ao envolvimento ativo nas m\u00eddias sociais<\/b>.<br>Demonstre sua presen\u00e7a ativa nas m\u00eddias sociais e desperte o interesse em sua empresa para ter mais seguidores.<\/li><li><b>Melhor comunica\u00e7\u00e3o com o cliente com formas r\u00e1pidas de contato<\/b>.<br>Mostre aos seus clientes atuais e futuros mais maneiras de entrar em contato com voc\u00ea e melhorar a comunica\u00e7\u00e3o com os clientes.<\/li><\/ul><\/div><div class=\"application-platform-content-item-features application-platform-content-item\" id=\"features\" data-nav-section=\"features\"><h2>Principais recursos do widget \u00cdcones de m\u00eddia social<\/h2><p>As principais vantagens de nossos \u00edcones, que os tornam um dos melhores \u00edcones de Webflow:<\/p><ul><li>Mais de 50 plataformas sociais predefinidas;<\/li><li>5 op\u00e7\u00f5es de tamanho de \u00edcone;<\/li><li>3 variantes de posi\u00e7\u00e3o;<\/li><li>5 tipos de anima\u00e7\u00e3o;<\/li><li>3 esquemas de cores para \u00edcones, fundo e efeito de foco;<\/li><li>5 tipos de efeito de foco.<\/li><\/ul><p><a href=\"#demo\">Descubra voc\u00ea mesmo a lista completa <\/a><\/p><\/div><div class=\"application-platform-content-item-installation application-platform-content-item\" id=\"installation\" data-nav-section=\"installation\"><h2>Como adicionar \u00edcones de m\u00eddia social ao site do Webflow<\/h2><div class=\"video-container\"><iframe width=\"720\" height=\"405\" src=\"https:\/\/www.youtube.com\/embed\/Rv_tsMMkF8I\" frameborder=\"0\" allowfullscreen=\"\"><\/iframe><\/div><p>Um guia r\u00e1pido sobre adicionar \u00edcones em um site sem habilidades especiais de programa\u00e7\u00e3o. O tempo total de instala\u00e7\u00e3o \u00e9 de mais de tr\u00eas minutos.<\/p><ol><li><b>Crie seus \u00edcones sociais personalizados<\/b>.<br>Usando nosso editor gratuito, crie um widget com a apar\u00eancia e as capacidades necess\u00e1rias. <\/li><li><b>Copie o c\u00f3digo para integra\u00e7\u00e3o do widget<\/b>.<br>Ap\u00f3s a cria\u00e7\u00e3o do widget, adquira o c\u00f3digo do widget \u00cdcones na notifica\u00e7\u00e3o pop-up nas aplica\u00e7\u00f5es Elfsight.<\/li><li> <b>Mostre o widget no site Webflow<\/b>.<br>Exiba o widget no local necess\u00e1rio da p\u00e1gina e aplique as edi\u00e7\u00f5es.<\/li><li><b>Pronto!<\/b><br>Visite seu site para verificar seus \u00edcones.<\/li><\/ol><p>Falha ao instalar ou personalizar os \u00edcones? Confira nosso guia completo \u00ab<a href=\"https:\/\/elfsight.com\/tutorials\/how-to-add-social-media-icons-to-webflow\/\" target=\"_blank\" rel=\"noopener noreferrer\">Como para adicionar \u00edcones de m\u00eddia social a um site do Webflow<\/a>\u00bb ou acesse nossa central de ajuda.<\/p><\/div><div class=\"faq\" data-component=\"FAQ\"><div class=\"faq-item\">\r\n\t\t\t\t\t<div class=\"faq-item-question\">\r\n\t\t\t\t\t\t<h3 class=\"faq-item-question-text\">Como posso adicionar \u00cdcones de redes sociais para o meu site Webflow sem codifica\u00e7\u00e3o?<\/h3>\r\n\r\n\t\t\t\t\t\t<div class=\"faq-item-question-icon\"><\/div>\r\n\t\t\t\t\t<\/div>\r\n\r\n\t\t\t\t\t<div class=\"faq-item-answer\">\r\n\t\t\t\t\t\t<div class=\"faq-item-answer-text\"><p>A empresa Elfsight fornece uma solu\u00e7\u00e3o Cloud que lhe permite criar voc\u00ea mesmo uma sec\u00e7\u00e3o de \u00edcones de redes sociais. Aprenda os passos simples: <\/p><ul><li>Comece a trabalhar na demonstra\u00e7\u00e3o ao vivo para criar um plugin de \u00edcones de m\u00eddia social que voc\u00ea gostaria de ver na p\u00e1gina Webflow.<\/li><li>Escolha um dos modelos prontos e adapte as configura\u00e7\u00f5es dos \u00edcones de m\u00eddia social, transforme o layout e as cores , adicione seu conte\u00fado sem codifica\u00e7\u00e3o.<\/li><li>Clique para salvar as configura\u00e7\u00f5es feitas nos \u00edcones de m\u00eddia social e copie o c\u00f3digo de instala\u00e7\u00e3o do widget, que voc\u00ea pode simplesmente incorporar em sua p\u00e1gina da web do Webflow gratuitamente.<\/li><\/ul><p>Com o configurador f\u00e1cil de usar, cada usu\u00e1rio da Internet pode estabelecer \u00edcones de m\u00eddia social on-line e adicion\u00e1-los facilmente a qualquer p\u00e1gina inicial do Webflow. N\u00e3o h\u00e1 necessidade de adquirir um plano pago ou inserir os dados do seu cart\u00e3o para acessar o Editor. Se voc\u00ea encontrar algum obst\u00e1culo de qualquer tipo, sinta-se \u00e0 vontade para entrar em contato com nosso suporte t\u00e9cnico ao cliente.<\/p><\/div>\r\n\t\t\t\t\t<\/div>\r\n\t\t\t\t<\/div><\/div>\n","protected":false},"excerpt":{"rendered":"","protected":false},"author":9,"featured_media":0,"parent":1114,"menu_order":0,"comment_status":"closed","ping_status":"closed","template":"templates\/template-application-platform.php","meta":{"publish_to_discourse":"","publish_post_category":"","wpdc_auto_publish_overridden":"","wpdc_topic_tags":"","wpdc_pin_topic":"","wpdc_pin_until":"","discourse_post_id":"","discourse_permalink":"","wpdc_publishing_response":"","wpdc_publishing_error":"","footnotes":""},"class_list":["post-8040","page","type-page","status-publish","hentry"],"yoast_head":"<!-- This site is optimized with the Yoast SEO plugin v25.3.1 - https:\/\/yoast.com\/wordpress\/plugins\/seo\/ -->\n<title>\u00cdcones de m\u00eddia social \u2013 Adicione \u00edcones sociais ao site Webflow<\/title>\n<meta name=\"description\" content=\"Experimente agora mesmo os \u00edcones de m\u00eddia social da Elfsight para Webflow. Crie seus \u00edcones exclusivos para site em apenas dois minutos!\" \/>\n<meta name=\"robots\" content=\"index, follow, max-snippet:-1, max-image-preview:large, max-video-preview:-1\" \/>\n<link rel=\"canonical\" href=\"https:\/\/elfsight.com\/pt\/social-media-icons-widget\/webflow\/\" \/>\n<meta property=\"og:locale\" content=\"pt_PT\" \/>\n<meta property=\"og:type\" content=\"article\" \/>\n<meta property=\"og:title\" content=\"\u00cdcones de m\u00eddia social \u2013 Adicione \u00edcones sociais ao site Webflow\" \/>\n<meta property=\"og:description\" content=\"Experimente agora mesmo os \u00edcones de m\u00eddia social da Elfsight para Webflow. Crie seus \u00edcones exclusivos para site em apenas dois minutos!\" \/>\n<meta property=\"og:url\" content=\"https:\/\/elfsight.com\/pt\/social-media-icons-widget\/webflow\/\" \/>\n<meta property=\"og:site_name\" content=\"Elfsight PT\" \/>\n<meta property=\"article:modified_time\" content=\"2025-02-25T17:15:11+00:00\" \/>\n<meta name=\"twitter:card\" content=\"summary_large_image\" \/>\n<meta name=\"twitter:label1\" content=\"Tempo estimado de leitura\" \/>\n\t<meta name=\"twitter:data1\" content=\"4 minutos\" \/>\n<!-- \/ Yoast SEO plugin. -->","yoast_head_json":{"title":"\u00cdcones de m\u00eddia social \u2013 Adicione \u00edcones sociais ao site Webflow","description":"Experimente agora mesmo os \u00edcones de m\u00eddia social da Elfsight para Webflow. Crie seus \u00edcones exclusivos para site em apenas dois minutos!","robots":{"index":"index","follow":"follow","max-snippet":"max-snippet:-1","max-image-preview":"max-image-preview:large","max-video-preview":"max-video-preview:-1"},"canonical":"https:\/\/elfsight.com\/pt\/social-media-icons-widget\/webflow\/","og_locale":"pt_PT","og_type":"article","og_title":"\u00cdcones de m\u00eddia social \u2013 Adicione \u00edcones sociais ao site Webflow","og_description":"Experimente agora mesmo os \u00edcones de m\u00eddia social da Elfsight para Webflow. Crie seus \u00edcones exclusivos para site em apenas dois minutos!","og_url":"https:\/\/elfsight.com\/pt\/social-media-icons-widget\/webflow\/","og_site_name":"Elfsight PT","article_modified_time":"2025-02-25T17:15:11+00:00","twitter_card":"summary_large_image","twitter_misc":{"Tempo estimado de leitura":"4 minutos"},"schema":{"@context":"https:\/\/schema.org","@graph":[{"@type":"WebPage","@id":"https:\/\/elfsight.com\/pt\/social-media-icons-widget\/webflow\/","url":"https:\/\/elfsight.com\/pt\/social-media-icons-widget\/webflow\/","name":"\u00cdcones de m\u00eddia social \u2013 Adicione \u00edcones sociais ao site Webflow","isPartOf":{"@id":"https:\/\/elfsight.com\/pt\/#website"},"datePublished":"1970-01-01T00:00:00+00:00","dateModified":"2025-02-25T17:15:11+00:00","description":"Experimente agora mesmo os \u00edcones de m\u00eddia social da Elfsight para Webflow. Crie seus \u00edcones exclusivos para site em apenas dois minutos!","breadcrumb":{"@id":"https:\/\/elfsight.com\/pt\/social-media-icons-widget\/webflow\/#breadcrumb"},"inLanguage":"pt-PT","potentialAction":[{"@type":"ReadAction","target":["https:\/\/elfsight.com\/pt\/social-media-icons-widget\/webflow\/"]}]},{"@type":"BreadcrumbList","@id":"https:\/\/elfsight.com\/pt\/social-media-icons-widget\/webflow\/#breadcrumb","itemListElement":[{"@type":"ListItem","position":1,"name":"Home","item":"https:\/\/elfsight.com\/pt\/"},{"@type":"ListItem","position":2,"name":"Social Media Icons","item":"https:\/\/elfsight.com\/pt\/social-media-icons-widget\/"},{"@type":"ListItem","position":3,"name":"Social Media Icons &#8211; Webflow"}]},{"@type":"WebSite","@id":"https:\/\/elfsight.com\/pt\/#website","url":"https:\/\/elfsight.com\/pt\/","name":"Elfsight PT","description":"Just another Elfsight Sites site","potentialAction":[{"@type":"SearchAction","target":{"@type":"EntryPoint","urlTemplate":"https:\/\/elfsight.com\/pt\/?s={search_term_string}"},"query-input":{"@type":"PropertyValueSpecification","valueRequired":true,"valueName":"search_term_string"}}],"inLanguage":"pt-PT"}]}},"meta_box":{"industry":"","seo_heading":"","heading":"","description":"","cta_heading":"","cta_description":"","application":"1113","h1":"\u00cdcones de m\u00eddia social para Webflow","h1_caption":"Transforme visitantes do site em seguidores sociais!","application_category":[],"applications_title":"","applications_request_title":"","applications_request_button_text":"","hero_text":"","hero_video":"","hero_video_schema_markup":"","selling_points_title":"","selling_points_caption":"","selling_points":[],"selling_points_cta_text":"","features_title":"","features":"","ed_cta_examples_text":"","ed_cta_examples_hidden":"","ed_cta_demo_text":"","ed_cta_demo_hidden":"","why_caption":"","why_editor_title":"","why_editor_text":"","why_team_title":"","why_team_text":"","why_service_title":"","why_service_text":"","template_catalog_visible":"0","template_catalog_title":"","template_catalog_text":"","template_catalog_categories_visible":"","demo_title":"Crie seu widget de \u00edcones de m\u00eddia social","demo_caption":"Configure seus \u00edcones de m\u00eddia social e adicione-os ao seu site Webflow gratuitamente!","default_faq_hidden":"","app_template_category":[],"platform":"70","template_public_id":"","codecanyon_url":"","codecanyon_item_id":"","codecanyon_price":"","pricing_caption":"","pricing_elfsight_apps_hide_column":"","pricing_elfsight_apps_url":"","pricing_codecanyon_price_caption":"","integration_category":[],"integration_request_title":"","integration_request_cta":"","integration_platform":"","integrations":[],"platform_category":[],"video_schema_markup":"","price":"a partir de US$ 0\/m\u00eas","trial":"","benefits":[{"text":"Ajuda de instala\u00e7\u00e3o gratuita"},{"text":"Equipe de suporte competente"},{"text":"Garantia de reembolso de 14 dias"},{"text":"Atualiza\u00e7\u00f5es gratuitas cont\u00ednuas"}],"button_url":"#demo","button_target_blank":"0","button_nofollow":"0","attributes":[{"name":"Instala\u00e7\u00f5es","content":"10,000 - 100,000"},{"name":"Responsivo","content":"Sim"},{"name":"Navegadores compat\u00edveis","content":"Firefox, Safari, Opera, Chrome, Edge"}],"tags":[],"tags_disable_links":"0","hide_more_platforms":"0","video_object":"","demo_hide_cta":"0","demo_hide_cloud_options":"0","pricing_title":"","pricing":[{"pricing_icon":"platform","pricing_title":"Webflow widget","pricing_title_caption":"Solu\u00e7\u00e3o digital independente de plataforma que se adapta a qualquer site (incluindo Webflow)","pricing_price":"a partir de US$ 0\/m\u00eas","pricing_price_caption":"comece com plano gratuito","pricing_benefits":[{"text":"Sites ilimitados"},{"text":"Equipe de suporte profissional"},{"text":"Equipe de suporte profissional"},{"text":"Oferta especial para v\u00e1rios aplicativos"}],"pricing_button_text":"Adicionar ao site","pricing_button_url":"#demo"}],"related_apps_title":"","related_apps_hidden":"0","author":"","image":[],"title":"","job":"","social_networks":[]},"_links":{"self":[{"href":"https:\/\/elfsight.com\/pt\/wp-json\/wp\/v2\/pages\/8040","targetHints":{"allow":["GET"]}}],"collection":[{"href":"https:\/\/elfsight.com\/pt\/wp-json\/wp\/v2\/pages"}],"about":[{"href":"https:\/\/elfsight.com\/pt\/wp-json\/wp\/v2\/types\/page"}],"author":[{"embeddable":true,"href":"https:\/\/elfsight.com\/pt\/wp-json\/wp\/v2\/users\/9"}],"replies":[{"embeddable":true,"href":"https:\/\/elfsight.com\/pt\/wp-json\/wp\/v2\/comments?post=8040"}],"version-history":[{"count":3,"href":"https:\/\/elfsight.com\/pt\/wp-json\/wp\/v2\/pages\/8040\/revisions"}],"predecessor-version":[{"id":13984,"href":"https:\/\/elfsight.com\/pt\/wp-json\/wp\/v2\/pages\/8040\/revisions\/13984"}],"up":[{"embeddable":true,"href":"https:\/\/elfsight.com\/pt\/wp-json\/wp\/v2\/pages\/1114"}],"wp:attachment":[{"href":"https:\/\/elfsight.com\/pt\/wp-json\/wp\/v2\/media?parent=8040"}],"curies":[{"name":"wp","href":"https:\/\/api.w.org\/{rel}","templated":true}]}}