{"id":8033,"date":"1970-01-01T00:00:00","date_gmt":"1970-01-01T00:00:00","guid":{"rendered":"https:\/\/elfsight.com\/pt\/?page_id=8033"},"modified":"2024-11-13T12:14:20","modified_gmt":"2024-11-13T12:14:20","slug":"bigcommerce","status":"publish","type":"page","link":"https:\/\/elfsight.com\/pt\/social-media-icons-widget\/bigcommerce\/","title":{"rendered":"Social Media Icons &#8211; BigCommerce"},"content":{"rendered":"<div class=\"application-platform-content-item-description application-platform-content-item\" id=\"description\" data-nav-section=\"description\"><h2>Descri\u00e7\u00e3o<\/h2><p>\u00cdcones sociais f\u00e1ceis e eficientes da Elfsight para unir o seu site \u00e0s redes sociais mais populares. Fortale\u00e7a os la\u00e7os com seus usu\u00e1rios, transformando-os em seus seguidores. Um modelo responsivo, par\u00e2metros de personaliza\u00e7\u00e3o detalhados de esquema de cores e estilo com \u00edcones incorporados de todas as principais m\u00eddias sociais.<\/p><p><b>Aumente o alcance do seu neg\u00f3cio em plataformas sociais.<\/b><\/p><ul><li><b>Conquiste mais seguidores<\/b>.<br> Demonstre o caminho para as p\u00e1ginas sociais necess\u00e1rias e duplique a probabilidade de que os usu\u00e1rios do seu site se transformem em seus seguidores.<\/li><li><b>O maior quantidade de leitores para suas p\u00e1ginas sociais<\/b>.<br> Forne\u00e7a aos usu\u00e1rios do site um direcionamento r\u00e1pido para sua p\u00e1gina de m\u00eddia social e obtenha mais visitantes nas redes sociais.<\/li><li><b>Um argumento social s\u00f3lido<\/b>.<br> Fortale\u00e7a a confian\u00e7a dos visitantes do seu site em sua marca com a ajuda de perfis nas m\u00eddias sociais de maior sucesso.<\/li><\/ul><\/div><div class=\"application-platform-content-item-features application-platform-content-item\" id=\"features\" data-nav-section=\"features\"><h2>Recursos<\/h2><p>As caracter\u00edsticas b\u00e1sicas que fazem dos \u00edcones da Elfsight o melhor aplicativo social do BigCommerce.<\/p><ul><li>Adicione uma nova m\u00eddia apenas inserindo uma URL no seu perfil;<\/li><li>Duplicar e excluir \u00edcones;<\/li><li>Layout inline para colocar \u00edcones na \u00e1rea de conte\u00fado;<\/li><li>3 esquemas de cores para \u00edcones, plano de fundo e efeito de foco;<\/li><li> 6 estilos de \u00edcones incorporados.<\/li><\/ul><p><a href=\"#demo\">Experimente os principais recursos em nosso editor<\/a><\/p><\/div><div class=\"application-platform-content-item-installation  application-platform-content-item\" id=\"installation \" data-nav-section=\"installation \"><h2>Como adicionar \u00edcones de m\u00eddia social ao BigCommerce<\/h2><div class=\"video-container\"><iframe width=\"720\" height=\"405\" src=\"https:\/\/www.youtube.com\/embed\/QPMmCtKIfAI\" frameborder=\"0\" allowfullscreen=\"\"><\/iframe><\/div><p>Basta seguir algumas etapas descritas abaixo para integrar o aplicativo no BigCommerce.<\/p> <ol><li><b>Use nossa demonstra\u00e7\u00e3o gratuita e comece a criar seu widget personalizado. <\/b><br> Especifique a apar\u00eancia e os aspectos preferidos do widget e aplique as corre\u00e7\u00f5es. <\/li> <li><b>Receba o seu c\u00f3digo pessoal exposto na caixa das Apps da Elfsight. <\/b><br> Assim que a gera\u00e7\u00e3o dos seus \u00edcones de m\u00eddia social for conclu\u00edda, copie o c\u00f3digo exclusivo na caixa exibida e salve-o para uso posterior. <\/li> <li><b>Comece a usar a ferramenta no site BigCommerce. <\/b><br> Implemente o c\u00f3digo que voc\u00ea copiou recentemente em sua p\u00e1gina e aplique as modifica\u00e7\u00f5es. <\/li> <li><b>A instala\u00e7\u00e3o foi realizada com sucesso. <\/b><br> Visite seu site para revisar o funcionamento do aplicativo. <\/li><\/ol><p>N\u00e3o conseguiu instalar ou demonstrar os \u00edcones em um site? Estude nosso guia completo \u00ab<a href=\"https:\/\/elfsight.com\/tutorials\/how-to-add-social-media-icons-to-bigcommerce\/\" target=\"_blank\" rel=\"noopener noreferrer\">Como para configurar \u00edcones no BigCommerce<\/a>\u00bb ou escreva uma mensagem para nossa central de ajuda.<\/p><\/div><div class=\"faq\" data-component=\"FAQ\"><div class=\"faq-item\">\r\n\t\t\t\t\t<div class=\"faq-item-question\">\r\n\t\t\t\t\t\t<h3 class=\"faq-item-question-text\">Existe um m\u00e9todo adicionar \u00edcones de m\u00eddia social \u00e0 minha p\u00e1gina do BigCommerce sem nenhuma experi\u00eancia de codifica\u00e7\u00e3o?<\/h3>\r\n\r\n\t\t\t\t\t\t<div class=\"faq-item-question-icon\"><\/div>\r\n\t\t\t\t\t<\/div>\r\n\r\n\t\t\t\t\t<div class=\"faq-item-answer\">\r\n\t\t\t\t\t\t<div class=\"faq-item-answer-text\"><p>A empresa Elfsight apresenta uma solu\u00e7\u00e3o SaaS que permite que um grande p\u00fablico crie voc\u00ea mesmo uma se\u00e7\u00e3o de \u00edcones de m\u00eddia social. Veja as instru\u00e7\u00f5es simples: <\/p><ul> <li>V\u00e1 para a demonstra\u00e7\u00e3o on-line para gerar um plug-in de \u00edcones de m\u00eddia social que voc\u00ea gostaria de incorporar \u00e0 sua p\u00e1gina inicial do BigCommerce.<\/li><li>Selecione um dos muitos modelos predefinidos e altere as configura\u00e7\u00f5es dos \u00edcones de m\u00eddia social, mude o layout. e esquema de cores, adicione seu conte\u00fado sem habilidades de codifica\u00e7\u00e3o.<\/li><li>Salve os \u00edcones de m\u00eddia social e obtenha o c\u00f3digo de instala\u00e7\u00e3o, que pode ser inclu\u00eddo na p\u00e1gina do BigCommerce em um plano gratuito.<\/li><\/ul> <p>Com o Configurador f\u00e1cil de usar, qualquer usu\u00e1rio da Internet pode criar um widget de \u00edcones de m\u00eddia social on-line e simplesmente inclu\u00ed-lo no site do BigCommerce. Voc\u00ea n\u00e3o deve pagar ou divulgar as credenciais do seu cart\u00e3o para acessar o Editor. Se voc\u00ea enfrentar qualquer tipo de obst\u00e1culo, sinta-se \u00e0 vontade para falar com nosso suporte ao cliente.<\/p><\/div>\r\n\t\t\t\t\t<\/div>\r\n\t\t\t\t<\/div><\/div>","protected":false},"excerpt":{"rendered":"","protected":false},"author":9,"featured_media":0,"parent":1114,"menu_order":0,"comment_status":"closed","ping_status":"closed","template":"templates\/template-application-platform.php","meta":{"publish_to_discourse":"","publish_post_category":"","wpdc_auto_publish_overridden":"","wpdc_topic_tags":"","wpdc_pin_topic":"","wpdc_pin_until":"","discourse_post_id":"","discourse_permalink":"","wpdc_publishing_response":"","wpdc_publishing_error":"","footnotes":""},"class_list":["post-8033","page","type-page","status-publish","hentry"],"yoast_head":"<!-- This site is optimized with the Yoast SEO plugin v25.3.1 - https:\/\/yoast.com\/wordpress\/plugins\/seo\/ -->\n<title>\u00cdcones de m\u00eddia social - Adicione o aplicativo \u00cdcones sociais ao BigCommerce<\/title>\n<meta name=\"description\" content=\"Conhe\u00e7a agora mesmo nossos \u00edcones de m\u00eddia social para BigCommerce. Crie \u00edcones exclusivos para o seu site em apenas alguns minutos!\" \/>\n<meta name=\"robots\" content=\"index, follow, max-snippet:-1, max-image-preview:large, max-video-preview:-1\" \/>\n<link rel=\"canonical\" href=\"https:\/\/elfsight.com\/pt\/social-media-icons-widget\/bigcommerce\/\" \/>\n<meta property=\"og:locale\" content=\"pt_PT\" \/>\n<meta property=\"og:type\" content=\"article\" \/>\n<meta property=\"og:title\" content=\"\u00cdcones de m\u00eddia social - Adicione o aplicativo \u00cdcones sociais ao BigCommerce\" \/>\n<meta property=\"og:description\" content=\"Conhe\u00e7a agora mesmo nossos \u00edcones de m\u00eddia social para BigCommerce. Crie \u00edcones exclusivos para o seu site em apenas alguns minutos!\" \/>\n<meta property=\"og:url\" content=\"https:\/\/elfsight.com\/pt\/social-media-icons-widget\/bigcommerce\/\" \/>\n<meta property=\"og:site_name\" content=\"Elfsight PT\" \/>\n<meta property=\"article:modified_time\" content=\"2024-11-13T12:14:20+00:00\" \/>\n<meta name=\"twitter:card\" content=\"summary_large_image\" \/>\n<meta name=\"twitter:label1\" content=\"Tempo estimado de leitura\" \/>\n\t<meta name=\"twitter:data1\" content=\"3 minutos\" \/>\n<!-- \/ Yoast SEO plugin. -->","yoast_head_json":{"title":"\u00cdcones de m\u00eddia social - Adicione o aplicativo \u00cdcones sociais ao BigCommerce","description":"Conhe\u00e7a agora mesmo nossos \u00edcones de m\u00eddia social para BigCommerce. Crie \u00edcones exclusivos para o seu site em apenas alguns minutos!","robots":{"index":"index","follow":"follow","max-snippet":"max-snippet:-1","max-image-preview":"max-image-preview:large","max-video-preview":"max-video-preview:-1"},"canonical":"https:\/\/elfsight.com\/pt\/social-media-icons-widget\/bigcommerce\/","og_locale":"pt_PT","og_type":"article","og_title":"\u00cdcones de m\u00eddia social - Adicione o aplicativo \u00cdcones sociais ao BigCommerce","og_description":"Conhe\u00e7a agora mesmo nossos \u00edcones de m\u00eddia social para BigCommerce. Crie \u00edcones exclusivos para o seu site em apenas alguns minutos!","og_url":"https:\/\/elfsight.com\/pt\/social-media-icons-widget\/bigcommerce\/","og_site_name":"Elfsight PT","article_modified_time":"2024-11-13T12:14:20+00:00","twitter_card":"summary_large_image","twitter_misc":{"Tempo estimado de leitura":"3 minutos"},"schema":{"@context":"https:\/\/schema.org","@graph":[{"@type":"WebPage","@id":"https:\/\/elfsight.com\/pt\/social-media-icons-widget\/bigcommerce\/","url":"https:\/\/elfsight.com\/pt\/social-media-icons-widget\/bigcommerce\/","name":"\u00cdcones de m\u00eddia social - Adicione o aplicativo \u00cdcones sociais ao BigCommerce","isPartOf":{"@id":"https:\/\/elfsight.com\/pt\/#website"},"datePublished":"1970-01-01T00:00:00+00:00","dateModified":"2024-11-13T12:14:20+00:00","description":"Conhe\u00e7a agora mesmo nossos \u00edcones de m\u00eddia social para BigCommerce. Crie \u00edcones exclusivos para o seu site em apenas alguns minutos!","breadcrumb":{"@id":"https:\/\/elfsight.com\/pt\/social-media-icons-widget\/bigcommerce\/#breadcrumb"},"inLanguage":"pt-PT","potentialAction":[{"@type":"ReadAction","target":["https:\/\/elfsight.com\/pt\/social-media-icons-widget\/bigcommerce\/"]}]},{"@type":"BreadcrumbList","@id":"https:\/\/elfsight.com\/pt\/social-media-icons-widget\/bigcommerce\/#breadcrumb","itemListElement":[{"@type":"ListItem","position":1,"name":"Home","item":"https:\/\/elfsight.com\/pt\/"},{"@type":"ListItem","position":2,"name":"Social Media Icons","item":"https:\/\/elfsight.com\/pt\/social-media-icons-widget\/"},{"@type":"ListItem","position":3,"name":"Social Media Icons &#8211; BigCommerce"}]},{"@type":"WebSite","@id":"https:\/\/elfsight.com\/pt\/#website","url":"https:\/\/elfsight.com\/pt\/","name":"Elfsight PT","description":"Just another Elfsight Sites site","potentialAction":[{"@type":"SearchAction","target":{"@type":"EntryPoint","urlTemplate":"https:\/\/elfsight.com\/pt\/?s={search_term_string}"},"query-input":{"@type":"PropertyValueSpecification","valueRequired":true,"valueName":"search_term_string"}}],"inLanguage":"pt-PT"}]}},"meta_box":{"industry":"","seo_heading":"","heading":"","description":"","cta_heading":"","cta_description":"","application":"1113","h1":"\u00cdcones de m\u00eddia social do BigCommerce","h1_caption":"Instrumento n\u00ba 1 para integrar \u00edcones sociais em qualquer site","application_category":[],"applications_title":"","applications_request_title":"","applications_request_button_text":"","hero_text":"","hero_video":"","hero_video_schema_markup":"","selling_points_title":"","selling_points_caption":"","selling_points":[],"selling_points_cta_text":"","features_title":"","features":"","ed_cta_examples_text":"","ed_cta_examples_hidden":"","ed_cta_demo_text":"","ed_cta_demo_hidden":"","why_caption":"","why_editor_title":"","why_editor_text":"","why_team_title":"","why_team_text":"","why_service_title":"","why_service_text":"","template_catalog_visible":"","template_catalog_title":"","template_catalog_text":"","template_catalog_categories_visible":"","demo_title":"Crie seu aplicativo de \u00edcones de m\u00eddia social","demo_caption":"Configure seus \u00edcones de m\u00eddia social e adicione-os ao seu site BigCommerce gratuitamente!","default_faq_hidden":"","app_template_category":[],"platform":"43","template_public_id":"","codecanyon_url":"","codecanyon_item_id":"","codecanyon_price":"","pricing_caption":"","pricing_elfsight_apps_hide_column":"","pricing_elfsight_apps_url":"","pricing_codecanyon_price_caption":"","integration_category":[],"integration_request_title":"","integration_request_cta":"","integration_platform":"","integrations":[],"platform_category":[],"video_schema_markup":"","price":"a partir de US$ 0\/m\u00eas","trial":"","benefits":[{"text":"Assist\u00eancia de instala\u00e7\u00e3o gratuita"},{"text":"Atendimento ao cliente competente"},{"text":"Garantia de devolu\u00e7\u00e3o do dinheiro em 14 dias"},{"text":"Atualiza\u00e7\u00f5es gratuitas vital\u00edcias"}],"button_url":"#demo","button_target_blank":"","button_nofollow":"","attributes":[{"name":"Instala\u00e7\u00f5es","content":"10,000 - 100,000"},{"name":"Responsivo","content":"Sim"},{"name":"Navegadores compat\u00edveis","content":"Firefox, Safari, Opera, Chrome, Edge"}],"tags":[],"tags_disable_links":"","hide_more_platforms":"","video_object":"","demo_hide_cta":"","demo_hide_cloud_options":"","pricing_title":"","pricing":[{"pricing_icon":"cloud","pricing_title":"Elfsight Apps","pricing_title_caption":"Solu\u00e7\u00e3o digital multiplataforma que funciona em qualquer site","pricing_price":"a partir de US$ 0\/m\u00eas","pricing_price_caption":"comece com um plano gratuito","pricing_benefits":[{"text":"Sites ilimitados"},{"text":"Suporte r\u00e1pido da empresa e bem documentado"},{"text":"Suporte r\u00e1pido da empresa e bem documentado"},{"text":"Totalmente personaliz\u00e1vel"}],"pricing_button_text":"Adicionar ao site","pricing_button_url":"#demo"}],"related_apps_title":"","related_apps_hidden":"","author":"","image":[],"title":"","job":"","social_networks":[]},"_links":{"self":[{"href":"https:\/\/elfsight.com\/pt\/wp-json\/wp\/v2\/pages\/8033","targetHints":{"allow":["GET"]}}],"collection":[{"href":"https:\/\/elfsight.com\/pt\/wp-json\/wp\/v2\/pages"}],"about":[{"href":"https:\/\/elfsight.com\/pt\/wp-json\/wp\/v2\/types\/page"}],"author":[{"embeddable":true,"href":"https:\/\/elfsight.com\/pt\/wp-json\/wp\/v2\/users\/9"}],"replies":[{"embeddable":true,"href":"https:\/\/elfsight.com\/pt\/wp-json\/wp\/v2\/comments?post=8033"}],"version-history":[{"count":2,"href":"https:\/\/elfsight.com\/pt\/wp-json\/wp\/v2\/pages\/8033\/revisions"}],"predecessor-version":[{"id":12231,"href":"https:\/\/elfsight.com\/pt\/wp-json\/wp\/v2\/pages\/8033\/revisions\/12231"}],"up":[{"embeddable":true,"href":"https:\/\/elfsight.com\/pt\/wp-json\/wp\/v2\/pages\/1114"}],"wp:attachment":[{"href":"https:\/\/elfsight.com\/pt\/wp-json\/wp\/v2\/media?parent=8033"}],"curies":[{"name":"wp","href":"https:\/\/api.w.org\/{rel}","templated":true}]}}