{"id":8031,"date":"1970-01-01T00:00:00","date_gmt":"1970-01-01T00:00:00","guid":{"rendered":"https:\/\/elfsight.com\/pt\/?page_id=8031"},"modified":"2024-11-13T12:14:12","modified_gmt":"2024-11-13T12:14:12","slug":"joomla","status":"publish","type":"page","link":"https:\/\/elfsight.com\/pt\/social-media-icons-widget\/joomla\/","title":{"rendered":"Social Media Icons &#8211; Joomla"},"content":{"rendered":"<div class=\"application-platform-content-item-description application-platform-content-item\" id=\"description\" data-nav-section=\"description\"><h2>Descri\u00e7\u00e3o<\/h2><p>\u00cdcones sociais simples e eficientes da Elfsight para conectar seu site \u00e0s redes sociais necess\u00e1rias. Mantenha contato com seus visitantes, transformando-os em seus assinantes. Um layout adapt\u00e1vel, apar\u00eancia e estilo flex\u00edveis com \u00edcones prontos de todas as principais m\u00eddias sociais.<\/p><p><b>Adicione a presen\u00e7a da sua empresa nas redes sociais.<\/b><\/p><ul><li> <b>Aumente sua presen\u00e7a nas redes sociais<\/b>.<br>Mostre aos leitores do seu site que sua empresa ocupa uma posi\u00e7\u00e3o s\u00f3lida nas diversas redes sociais e leve-os aos seus perfis sociais com um clique do mouse.<\/li><li><b>A maior quantidade de leitores para sua m\u00eddia social<\/b>.<br>Ofere\u00e7a aos clientes do site uma maneira descomplicada de visitar sua p\u00e1gina social e ter mais leitores nas redes sociais.<\/li><li><b>Uma forte prova social<\/b>.<br>Aumente a confian\u00e7a do seu neg\u00f3cio entre os leitores do seu site com contas em todas as redes sociais da moda.<\/li><\/ul><\/div><div class=\"application-platform-content-item-features application-platform-content-item\" id=\"features\" data-nav-section=\"features\"><h2>Recursos<\/h2><p>As caracter\u00edsticas marcantes, que fazem de nossos \u00edcones a melhor extens\u00e3o social do Joomla.<\/p><ul><li>Adicione uma nova m\u00eddia apenas inserindo uma URL para seu perfil;<\/li><li>5 op\u00e7\u00f5es de tamanho de \u00edcone;<\/li><li>Layout flutuante para fazer os \u00edcones seguirem a rolagem;<\/li><li>Branco, preto e cores nativas de fundo ao passar o mouse; <\/li><li>Tr\u00eas variantes de raio de borda: raio de borda circular, arredondado e quadrado.<\/li><\/ul><p><a href=\"#demo\">Verifique os recursos b\u00e1sicos em nosso editor<\/a><\/p><\/div><div class=\"application-platform-content-item-installation application-platform-content-item\" id=\"installation\" data-nav-section=\"installation\"><h2>Como adicionar extens\u00e3o de \u00edcones de m\u00eddia social ao Joomla<\/h2><div class=\"video-container\"><iframe width=\"720\" height=\"405\" src=\"https:\/\/www.youtube.com\/embed\/IyRmWOoqhCA\" frameborder=\"0\" allowfullscreen=\"\"><\/iframe><\/div><p>Basta seguir as instru\u00e7\u00f5es abaixo para comece a trabalhar com a ferramenta no Joomla.<\/p> <ol><li><b>Inicie nossa demonstra\u00e7\u00e3o gratuita e comece a construir sua extens\u00e3o personalizada de \u00edcones de m\u00eddia social. <\/b><br> Escolha a apar\u00eancia e as especifica\u00e7\u00f5es selecionadas da extens\u00e3o e salve as corre\u00e7\u00f5es. <\/li> <li><b>Receba o seu c\u00f3digo pessoal que aparece na caixa das aplica\u00e7\u00f5es Elfsight. <\/b><br> Ap\u00f3s a conclus\u00e3o da configura\u00e7\u00e3o do seu plugin pessoal, copie o c\u00f3digo pessoal no pop-up exibido e guarde-o para uso posterior. <\/li> <li><b>Iniciar o uso da ferramenta no site Joomla. <\/b><br> Integre o c\u00f3digo salvo anteriormente em seu site e salve as corre\u00e7\u00f5es. <\/li> <li><b>Conclu\u00eddo! A integra\u00e7\u00e3o \u00e9 totalmente realizada. <\/b><br> Visite seu site para ver o trabalho da ferramenta em a\u00e7\u00e3o. <\/li><\/ol><p>N\u00e3o consegue moldar ou inserir os \u00edcones em um site? Leia nosso tutorial abrangente \u00ab<a href=\"https:\/\/elfsight.com\/tutorials\/how-to-add-social-media-icons-to-joomla\/\" target=\"_blank\" rel=\"noopener noreferrer\">Como para instalar \u00edcones no Joomla<\/a>\u00bb ou entre em contato com nossa central de ajuda.<\/p><\/div><div class=\"faq\" data-component=\"FAQ\"><div class=\"faq-item\">\r\n\t\t\t\t\t<div class=\"faq-item-question\">\r\n\t\t\t\t\t\t<h3 class=\"faq-item-question-text\">De que forma posso incorporar m\u00eddias sociais \u00cdcones para o meu site Joomla sem conhecimentos de codifica\u00e7\u00e3o?<\/h3>\r\n\r\n\t\t\t\t\t\t<div class=\"faq-item-question-icon\"><\/div>\r\n\t\t\t\t\t<\/div>\r\n\r\n\t\t\t\t\t<div class=\"faq-item-answer\">\r\n\t\t\t\t\t\t<div class=\"faq-item-answer-text\"><p>A empresa Elfsight fornece uma solu\u00e7\u00e3o Cloud que lhe permite estabelecer voc\u00ea mesmo um plugin de \u00edcones de redes sociais. Consulte o guia f\u00e1cil: <\/p><ul><li>Comece a trabalhar agora mesmo o editor ao vivo para criar uma se\u00e7\u00e3o de \u00edcones de m\u00eddia social que voc\u00ea gostaria que aparecesse em seu Joomla.<\/li><li>Escolha um dos muitos modelos predefinidos e altere as configura\u00e7\u00f5es dos \u00edcones de m\u00eddia social, adicione seu conte\u00fado, transforme o layout e esquema de cores sem habilidades de codifica\u00e7\u00e3o.<\/li><li>Salve as configura\u00e7\u00f5es feitas nos \u00edcones de m\u00eddia social e obtenha o c\u00f3digo do widget para incorpora\u00e7\u00e3o, que voc\u00ea pode incluir facilmente na p\u00e1gina inicial do Joomla usando um plano gratuito.<\/li><\/ul><p>Usando nosso editor simples, cada usu\u00e1rio da web pode gerar uma se\u00e7\u00e3o de \u00edcones de m\u00eddia social online e simplesmente inclu\u00ed-la no site Joomla. N\u00e3o \u00e9 necess\u00e1rio obter uma assinatura paga ou inserir as credenciais do seu cart\u00e3o para acessar o Elfsight Editor. Se voc\u00ea enfrentar algum obst\u00e1culo em qualquer etapa, sinta-se \u00e0 vontade para entrar em contato com nossa equipe de suporte t\u00e9cnico.<\/p><\/div>\r\n\t\t\t\t\t<\/div>\r\n\t\t\t\t<\/div><\/div>","protected":false},"excerpt":{"rendered":"","protected":false},"author":9,"featured_media":0,"parent":1114,"menu_order":0,"comment_status":"closed","ping_status":"closed","template":"templates\/template-application-platform.php","meta":{"publish_to_discourse":"","publish_post_category":"","wpdc_auto_publish_overridden":"","wpdc_topic_tags":"","wpdc_pin_topic":"","wpdc_pin_until":"","discourse_post_id":"","discourse_permalink":"","wpdc_publishing_response":"","wpdc_publishing_error":"","footnotes":""},"class_list":["post-8031","page","type-page","status-publish","hentry"],"yoast_head":"<!-- This site is optimized with the Yoast SEO plugin v25.3.1 - https:\/\/yoast.com\/wordpress\/plugins\/seo\/ -->\n<title>\u00cdcones de m\u00eddia social - Adicione extens\u00e3o de \u00edcones sociais ao Joomla<\/title>\n<meta name=\"description\" content=\"Teste os \u00edcones de m\u00eddia social da Elfsight para Joomla agora mesmo. Crie \u00edcones personalizados para o seu site em apenas alguns minutos!\" \/>\n<meta name=\"robots\" content=\"index, follow, max-snippet:-1, max-image-preview:large, max-video-preview:-1\" \/>\n<link rel=\"canonical\" href=\"https:\/\/elfsight.com\/pt\/social-media-icons-widget\/joomla\/\" \/>\n<meta property=\"og:locale\" content=\"pt_PT\" \/>\n<meta property=\"og:type\" content=\"article\" \/>\n<meta property=\"og:title\" content=\"\u00cdcones de m\u00eddia social - Adicione extens\u00e3o de \u00edcones sociais ao Joomla\" \/>\n<meta property=\"og:description\" content=\"Teste os \u00edcones de m\u00eddia social da Elfsight para Joomla agora mesmo. Crie \u00edcones personalizados para o seu site em apenas alguns minutos!\" \/>\n<meta property=\"og:url\" content=\"https:\/\/elfsight.com\/pt\/social-media-icons-widget\/joomla\/\" \/>\n<meta property=\"og:site_name\" content=\"Elfsight PT\" \/>\n<meta property=\"article:modified_time\" content=\"2024-11-13T12:14:12+00:00\" \/>\n<meta name=\"twitter:card\" content=\"summary_large_image\" \/>\n<meta name=\"twitter:label1\" content=\"Tempo estimado de leitura\" \/>\n\t<meta name=\"twitter:data1\" content=\"3 minutos\" \/>\n<!-- \/ Yoast SEO plugin. -->","yoast_head_json":{"title":"\u00cdcones de m\u00eddia social - Adicione extens\u00e3o de \u00edcones sociais ao Joomla","description":"Teste os \u00edcones de m\u00eddia social da Elfsight para Joomla agora mesmo. Crie \u00edcones personalizados para o seu site em apenas alguns minutos!","robots":{"index":"index","follow":"follow","max-snippet":"max-snippet:-1","max-image-preview":"max-image-preview:large","max-video-preview":"max-video-preview:-1"},"canonical":"https:\/\/elfsight.com\/pt\/social-media-icons-widget\/joomla\/","og_locale":"pt_PT","og_type":"article","og_title":"\u00cdcones de m\u00eddia social - Adicione extens\u00e3o de \u00edcones sociais ao Joomla","og_description":"Teste os \u00edcones de m\u00eddia social da Elfsight para Joomla agora mesmo. Crie \u00edcones personalizados para o seu site em apenas alguns minutos!","og_url":"https:\/\/elfsight.com\/pt\/social-media-icons-widget\/joomla\/","og_site_name":"Elfsight PT","article_modified_time":"2024-11-13T12:14:12+00:00","twitter_card":"summary_large_image","twitter_misc":{"Tempo estimado de leitura":"3 minutos"},"schema":{"@context":"https:\/\/schema.org","@graph":[{"@type":"WebPage","@id":"https:\/\/elfsight.com\/pt\/social-media-icons-widget\/joomla\/","url":"https:\/\/elfsight.com\/pt\/social-media-icons-widget\/joomla\/","name":"\u00cdcones de m\u00eddia social - Adicione extens\u00e3o de \u00edcones sociais ao Joomla","isPartOf":{"@id":"https:\/\/elfsight.com\/pt\/#website"},"datePublished":"1970-01-01T00:00:00+00:00","dateModified":"2024-11-13T12:14:12+00:00","description":"Teste os \u00edcones de m\u00eddia social da Elfsight para Joomla agora mesmo. Crie \u00edcones personalizados para o seu site em apenas alguns minutos!","breadcrumb":{"@id":"https:\/\/elfsight.com\/pt\/social-media-icons-widget\/joomla\/#breadcrumb"},"inLanguage":"pt-PT","potentialAction":[{"@type":"ReadAction","target":["https:\/\/elfsight.com\/pt\/social-media-icons-widget\/joomla\/"]}]},{"@type":"BreadcrumbList","@id":"https:\/\/elfsight.com\/pt\/social-media-icons-widget\/joomla\/#breadcrumb","itemListElement":[{"@type":"ListItem","position":1,"name":"Home","item":"https:\/\/elfsight.com\/pt\/"},{"@type":"ListItem","position":2,"name":"Social Media Icons","item":"https:\/\/elfsight.com\/pt\/social-media-icons-widget\/"},{"@type":"ListItem","position":3,"name":"Social Media Icons &#8211; Joomla"}]},{"@type":"WebSite","@id":"https:\/\/elfsight.com\/pt\/#website","url":"https:\/\/elfsight.com\/pt\/","name":"Elfsight PT","description":"Just another Elfsight Sites site","potentialAction":[{"@type":"SearchAction","target":{"@type":"EntryPoint","urlTemplate":"https:\/\/elfsight.com\/pt\/?s={search_term_string}"},"query-input":{"@type":"PropertyValueSpecification","valueRequired":true,"valueName":"search_term_string"}}],"inLanguage":"pt-PT"}]}},"meta_box":{"industry":"","seo_heading":"","heading":"","description":"","cta_heading":"","cta_description":"","application":"1113","h1":"\u00cdcones de m\u00eddia social para Joomla","h1_caption":"O melhor m\u00e9todo para criar \u00edcones sociais para o seu site","application_category":[],"applications_title":"","applications_request_title":"","applications_request_button_text":"","hero_text":"","hero_video":"","hero_video_schema_markup":"","selling_points_title":"","selling_points_caption":"","selling_points":[],"selling_points_cta_text":"","features_title":"","features":"","ed_cta_examples_text":"","ed_cta_examples_hidden":"","ed_cta_demo_text":"","ed_cta_demo_hidden":"","why_caption":"","why_editor_title":"","why_editor_text":"","why_team_title":"","why_team_text":"","why_service_title":"","why_service_text":"","template_catalog_visible":"","template_catalog_title":"","template_catalog_text":"","template_catalog_categories_visible":"","demo_title":"Crie seu plugin de \u00edcones de m\u00eddia social","demo_caption":"Configure seus \u00edcones de m\u00eddia social e adicione-os ao seu site Joomla gratuitamente!","default_faq_hidden":"","app_template_category":[],"platform":"52","template_public_id":"","codecanyon_url":"","codecanyon_item_id":"","codecanyon_price":"","pricing_caption":"","pricing_elfsight_apps_hide_column":"","pricing_elfsight_apps_url":"","pricing_codecanyon_price_caption":"","integration_category":[],"integration_request_title":"","integration_request_cta":"","integration_platform":"","integrations":[],"platform_category":[],"video_schema_markup":"","price":"a partir de US$ 0\/m\u00eas","trial":"","benefits":[{"text":"Ajuda de instala\u00e7\u00e3o gratuita"},{"text":"Suporte excepcional"},{"text":"Garantia de devolu\u00e7\u00e3o do dinheiro em 14 dias"},{"text":"Atualizando constantemente"}],"button_url":"#demo","button_target_blank":"","button_nofollow":"","attributes":[{"name":"Instala\u00e7\u00f5es","content":"10,000 - 100,000"},{"name":"Responsivo","content":"Sim"},{"name":"Navegadores compat\u00edveis","content":"Firefox, Safari, Opera, Chrome, Edge"}],"tags":[],"tags_disable_links":"","hide_more_platforms":"","video_object":"","demo_hide_cta":"","demo_hide_cloud_options":"","pricing_title":"","pricing":[{"pricing_icon":"cloud","pricing_title":"Elfsight Apps","pricing_title_caption":"Vers\u00e3o independente de plataforma adequada para qualquer site","pricing_price":"a partir de US$ 0\/m\u00eas","pricing_price_caption":"comece com plano gratuito","pricing_benefits":[{"text":"Dom\u00ednios ilimitados"},{"text":"Suporte ao cliente 24 horas por dia, 7 dias por semana"},{"text":"Suporte ao cliente 24 horas por dia, 7 dias por semana"},{"text":"Oferta por tempo limitado para v\u00e1rios aplicativos"}],"pricing_button_text":"Adicionar ao site","pricing_button_url":"#demo"}],"related_apps_title":"","related_apps_hidden":"","author":"","image":[],"title":"","job":"","social_networks":[]},"_links":{"self":[{"href":"https:\/\/elfsight.com\/pt\/wp-json\/wp\/v2\/pages\/8031","targetHints":{"allow":["GET"]}}],"collection":[{"href":"https:\/\/elfsight.com\/pt\/wp-json\/wp\/v2\/pages"}],"about":[{"href":"https:\/\/elfsight.com\/pt\/wp-json\/wp\/v2\/types\/page"}],"author":[{"embeddable":true,"href":"https:\/\/elfsight.com\/pt\/wp-json\/wp\/v2\/users\/9"}],"replies":[{"embeddable":true,"href":"https:\/\/elfsight.com\/pt\/wp-json\/wp\/v2\/comments?post=8031"}],"version-history":[{"count":2,"href":"https:\/\/elfsight.com\/pt\/wp-json\/wp\/v2\/pages\/8031\/revisions"}],"predecessor-version":[{"id":12229,"href":"https:\/\/elfsight.com\/pt\/wp-json\/wp\/v2\/pages\/8031\/revisions\/12229"}],"up":[{"embeddable":true,"href":"https:\/\/elfsight.com\/pt\/wp-json\/wp\/v2\/pages\/1114"}],"wp:attachment":[{"href":"https:\/\/elfsight.com\/pt\/wp-json\/wp\/v2\/media?parent=8031"}],"curies":[{"name":"wp","href":"https:\/\/api.w.org\/{rel}","templated":true}]}}