{"id":8026,"date":"1970-01-01T00:00:00","date_gmt":"1970-01-01T00:00:00","guid":{"rendered":"https:\/\/elfsight.com\/pt\/?page_id=8026"},"modified":"2024-11-13T12:14:12","modified_gmt":"2024-11-13T12:14:12","slug":"magento","status":"publish","type":"page","link":"https:\/\/elfsight.com\/pt\/social-media-icons-widget\/magento\/","title":{"rendered":"Social Media Icons &#8211; Magento"},"content":{"rendered":"<div class=\"application-platform-content-item-description application-platform-content-item\" id=\"description\" data-nav-section=\"description\"><h2>Descri\u00e7\u00e3o<\/h2><p>\u00cdcones sociais pr\u00e1ticos e vantajosos da Elfsight para conectar seu site a todas as m\u00eddias sociais. Continue apoiando o v\u00ednculo com seus usu\u00e1rios, transformando-os em seus seguidores. Um modelo responsivo, personaliza\u00e7\u00e3o abrangente de interface e design com \u00edcones incorporados de todas as m\u00eddias sociais mais populares.<\/p><p><b>Melhore o alcance do seu neg\u00f3cio em servi\u00e7os sociais.<\/b><\/p><ul><li><b>Um m\u00e9todo adicional para se conectar com os clientes<\/b>.<br>As redes sociais s\u00e3o mais uma variante para manter contato com os clientes, proporcionando uma oportunidade de ampliar seus la\u00e7os.<\/li><li> <b>Conquiste mais assinantes nas redes sociais<\/b>.<br>Aumente o n\u00famero de leitores dos seus perfis de m\u00eddia sem parar, atraindo visitantes do site e transformando-os em f\u00e3s.<\/li><li><b> Esteja em contato constante com os clientes<\/b>.<br>Isso permite que os clientes entrem em contato com voc\u00ea por meio de um dos m\u00e9todos mais f\u00e1ceis e obtenham suporte por meio das m\u00eddias sociais.<\/li><li><b>Aumente a intera\u00e7\u00e3o com os usu\u00e1rios para um n\u00edvel mais alto. est\u00e1gio superior<\/b>.<br>Demonstre aos seus clientes antigos e novos mais ferramentas para entrar em contato e fortalecer a qualidade da central de ajuda.<\/li><\/ul><\/div><div class=\"application-platform-content-item-features application-platform-content-item\" id=\"features\" data-nav-section=\"features\"><h2>Caracter\u00edsticas<\/h2><p>As caracter\u00edsticas mais proeminentes, que transformam os \u00edcones da Elfsight na melhor extens\u00e3o social Magento.<\/p><ul><li>Adicionar \u00edcones ilimitados;<\/li><li>Alterar a ordem demonstra\u00e7\u00e3o de \u00edcones;<\/li><li>2 layouts: inline e flutuante;<\/li><li>3 esquemas de cores para \u00edcones, fundo e efeito de foco;<\/li><li>5 tipos de anima\u00e7\u00e3o ao passar o mouse. <\/li><\/ul><p><a href=\"#demo\">Teste os excelentes recursos da demonstra\u00e7\u00e3o da Elfsight<\/a><\/p><\/div><div class=\"application-platform-content-item-installation application-platform-content-item\" id=\"installation\" data-nav-section=\"installation\"><h2> Como adicionar \u00edcones de m\u00eddia social ao site Magento<\/h2><p>Basta seguir as orienta\u00e7\u00f5es abaixo para come\u00e7ar a trabalhar com a extens\u00e3o no Magento.<\/p> <ol><li><b>Inicie nossa demonstra\u00e7\u00e3o gratuita e comece a modelar seu instrumento personalizado. <\/b><br> Encontre o formul\u00e1rio personalizado e os par\u00e2metros da extens\u00e3o e salve as edi\u00e7\u00f5es. <\/li> <li><b>Exponha o seu c\u00f3digo exclusivo no formul\u00e1rio especial nas aplica\u00e7\u00f5es Elfsight. <\/b><br> Logo ap\u00f3s finalizar a customiza\u00e7\u00e3o de seus \u00cdcones de Redes Sociais pessoais, copie o c\u00f3digo exclusivo da caixa exibida e salve-o para uso posterior. <\/li> <li><b>Inicie a aplica\u00e7\u00e3o da extens\u00e3o na sua p\u00e1gina Magento. <\/b><br> Cole o c\u00f3digo que voc\u00ea salvou anteriormente em seu site e aplique as edi\u00e7\u00f5es. <\/li> <li><b>Pronto! A configura\u00e7\u00e3o foi realizada com sucesso. <\/b><br> Visite seu site para ver como a extens\u00e3o est\u00e1 funcionando. <\/li><\/ol><p>Acha dif\u00edcil projetar ou inserir \u00edcones em um site? Estude nossas extensas instru\u00e7\u00f5es \u00ab<a href=\"https:\/\/elfsight.com\/tutorials\/how-to-add-social-media-icons-to-magento\/\" target=\"_blank\" rel=\"noopener noreferrer\">Como para exibir \u00edcones no Magento<\/a>\u00bb ou deixe sua mensagem para nossa equipe de suporte.<\/p><\/div><div class=\"faq\" data-component=\"FAQ\"><div class=\"faq-item\">\r\n\t\t\t\t\t<div class=\"faq-item-question\">\r\n\t\t\t\t\t\t<h3 class=\"faq-item-question-text\">Existe um m\u00e9todo para incorporar \u00edcones de m\u00eddia social na minha p\u00e1gina Magento sem conhecimento de codifica\u00e7\u00e3o?<\/h3>\r\n\r\n\t\t\t\t\t\t<div class=\"faq-item-question-icon\"><\/div>\r\n\t\t\t\t\t<\/div>\r\n\r\n\t\t\t\t\t<div class=\"faq-item-answer\">\r\n\t\t\t\t\t\t<div class=\"faq-item-answer-text\"><p>A empresa Elfsight apresenta uma solu\u00e7\u00e3o SaaS que permite que as pessoas criem voc\u00ea mesmo uma se\u00e7\u00e3o de \u00edcones de m\u00eddia social. Aprenda as instru\u00e7\u00f5es simples: <\/p><ul><li> V\u00e1 para a demonstra\u00e7\u00e3o ao vivo para criar um aplicativo de \u00edcones de m\u00eddia social que voc\u00ea gostaria de incluir no site Magento.<\/li><li>Selecione um dos muitos modelos predefinidos e modifique as configura\u00e7\u00f5es dos \u00edcones de m\u00eddia social, atualize seu conte\u00fado, altere o layout e cores sem codifica\u00e7\u00e3o.<\/li><li>Clique para salvar os \u00edcones de m\u00eddia social e obter seu c\u00f3digo para instala\u00e7\u00e3o, que pode ser simplesmente incorporado na p\u00e1gina inicial do Magento gratuitamente.<\/li><\/ul><p> Trabalhando em nosso configurador amig\u00e1vel, qualquer usu\u00e1rio da web pode criar um widget de \u00edcones de m\u00eddia social e simplesmente col\u00e1-lo na p\u00e1gina do Magento. N\u00e3o \u00e9 necess\u00e1rio pagar ou inserir as credenciais do seu cart\u00e3o para acessar o servi\u00e7o Elfsight. Se voc\u00ea enfrentar algum problema em qualquer etapa, fale com nossa equipe de suporte.<\/p><\/div>\r\n\t\t\t\t\t<\/div>\r\n\t\t\t\t<\/div><\/div>","protected":false},"excerpt":{"rendered":"","protected":false},"author":9,"featured_media":0,"parent":1114,"menu_order":0,"comment_status":"closed","ping_status":"closed","template":"templates\/template-application-platform.php","meta":{"publish_to_discourse":"","publish_post_category":"","wpdc_auto_publish_overridden":"","wpdc_topic_tags":"","wpdc_pin_topic":"","wpdc_pin_until":"","discourse_post_id":"","discourse_permalink":"","wpdc_publishing_response":"","wpdc_publishing_error":"","footnotes":""},"class_list":["post-8026","page","type-page","status-publish","hentry"],"yoast_head":"<!-- This site is optimized with the Yoast SEO plugin v25.3.1 - https:\/\/yoast.com\/wordpress\/plugins\/seo\/ -->\n<title>\u00cdcones de m\u00eddia social - Adicionar extens\u00e3o de \u00edcones sociais ao Magento<\/title>\n<meta name=\"description\" content=\"Verifique nossos \u00edcones de m\u00eddia social para Magento gratuitamente. Crie \u00edcones personalizados para o seu site em apenas alguns minutos!\" \/>\n<meta name=\"robots\" content=\"index, follow, max-snippet:-1, max-image-preview:large, max-video-preview:-1\" \/>\n<link rel=\"canonical\" href=\"https:\/\/elfsight.com\/pt\/social-media-icons-widget\/magento\/\" \/>\n<meta property=\"og:locale\" content=\"pt_PT\" \/>\n<meta property=\"og:type\" content=\"article\" \/>\n<meta property=\"og:title\" content=\"\u00cdcones de m\u00eddia social - Adicionar extens\u00e3o de \u00edcones sociais ao Magento\" \/>\n<meta property=\"og:description\" content=\"Verifique nossos \u00edcones de m\u00eddia social para Magento gratuitamente. Crie \u00edcones personalizados para o seu site em apenas alguns minutos!\" \/>\n<meta property=\"og:url\" content=\"https:\/\/elfsight.com\/pt\/social-media-icons-widget\/magento\/\" \/>\n<meta property=\"og:site_name\" content=\"Elfsight PT\" \/>\n<meta property=\"article:modified_time\" content=\"2024-11-13T12:14:12+00:00\" \/>\n<meta name=\"twitter:card\" content=\"summary_large_image\" \/>\n<meta name=\"twitter:label1\" content=\"Tempo estimado de leitura\" \/>\n\t<meta name=\"twitter:data1\" content=\"3 minutos\" \/>\n<!-- \/ Yoast SEO plugin. -->","yoast_head_json":{"title":"\u00cdcones de m\u00eddia social - Adicionar extens\u00e3o de \u00edcones sociais ao Magento","description":"Verifique nossos \u00edcones de m\u00eddia social para Magento gratuitamente. Crie \u00edcones personalizados para o seu site em apenas alguns minutos!","robots":{"index":"index","follow":"follow","max-snippet":"max-snippet:-1","max-image-preview":"max-image-preview:large","max-video-preview":"max-video-preview:-1"},"canonical":"https:\/\/elfsight.com\/pt\/social-media-icons-widget\/magento\/","og_locale":"pt_PT","og_type":"article","og_title":"\u00cdcones de m\u00eddia social - Adicionar extens\u00e3o de \u00edcones sociais ao Magento","og_description":"Verifique nossos \u00edcones de m\u00eddia social para Magento gratuitamente. Crie \u00edcones personalizados para o seu site em apenas alguns minutos!","og_url":"https:\/\/elfsight.com\/pt\/social-media-icons-widget\/magento\/","og_site_name":"Elfsight PT","article_modified_time":"2024-11-13T12:14:12+00:00","twitter_card":"summary_large_image","twitter_misc":{"Tempo estimado de leitura":"3 minutos"},"schema":{"@context":"https:\/\/schema.org","@graph":[{"@type":"WebPage","@id":"https:\/\/elfsight.com\/pt\/social-media-icons-widget\/magento\/","url":"https:\/\/elfsight.com\/pt\/social-media-icons-widget\/magento\/","name":"\u00cdcones de m\u00eddia social - Adicionar extens\u00e3o de \u00edcones sociais ao Magento","isPartOf":{"@id":"https:\/\/elfsight.com\/pt\/#website"},"datePublished":"1970-01-01T00:00:00+00:00","dateModified":"2024-11-13T12:14:12+00:00","description":"Verifique nossos \u00edcones de m\u00eddia social para Magento gratuitamente. Crie \u00edcones personalizados para o seu site em apenas alguns minutos!","breadcrumb":{"@id":"https:\/\/elfsight.com\/pt\/social-media-icons-widget\/magento\/#breadcrumb"},"inLanguage":"pt-PT","potentialAction":[{"@type":"ReadAction","target":["https:\/\/elfsight.com\/pt\/social-media-icons-widget\/magento\/"]}]},{"@type":"BreadcrumbList","@id":"https:\/\/elfsight.com\/pt\/social-media-icons-widget\/magento\/#breadcrumb","itemListElement":[{"@type":"ListItem","position":1,"name":"Home","item":"https:\/\/elfsight.com\/pt\/"},{"@type":"ListItem","position":2,"name":"Social Media Icons","item":"https:\/\/elfsight.com\/pt\/social-media-icons-widget\/"},{"@type":"ListItem","position":3,"name":"Social Media Icons &#8211; Magento"}]},{"@type":"WebSite","@id":"https:\/\/elfsight.com\/pt\/#website","url":"https:\/\/elfsight.com\/pt\/","name":"Elfsight PT","description":"Just another Elfsight Sites site","potentialAction":[{"@type":"SearchAction","target":{"@type":"EntryPoint","urlTemplate":"https:\/\/elfsight.com\/pt\/?s={search_term_string}"},"query-input":{"@type":"PropertyValueSpecification","valueRequired":true,"valueName":"search_term_string"}}],"inLanguage":"pt-PT"}]}},"meta_box":{"industry":"","seo_heading":"","heading":"","description":"","cta_heading":"","cta_description":"","application":"1113","h1":"\u00cdcones de m\u00eddia social para Magento","h1_caption":"Um instrumento f\u00e1cil para o cliente entrar em contato com sua empresa sem nenhum esfor\u00e7o","application_category":[],"applications_title":"","applications_request_title":"","applications_request_button_text":"","hero_text":"","hero_video":"","hero_video_schema_markup":"","selling_points_title":"","selling_points_caption":"","selling_points":[],"selling_points_cta_text":"","features_title":"","features":"","ed_cta_examples_text":"","ed_cta_examples_hidden":"","ed_cta_demo_text":"","ed_cta_demo_hidden":"","why_caption":"","why_editor_title":"","why_editor_text":"","why_team_title":"","why_team_text":"","why_service_title":"","why_service_text":"","template_catalog_visible":"","template_catalog_title":"","template_catalog_text":"","template_catalog_categories_visible":"","demo_title":"Crie sua extens\u00e3o de \u00edcones de m\u00eddia social","demo_caption":"Configure seus \u00edcones de m\u00eddia social e adicione-os ao seu site Magento gratuitamente!","default_faq_hidden":"","app_template_category":[],"platform":"58","template_public_id":"","codecanyon_url":"","codecanyon_item_id":"","codecanyon_price":"","pricing_caption":"","pricing_elfsight_apps_hide_column":"","pricing_elfsight_apps_url":"","pricing_codecanyon_price_caption":"","integration_category":[],"integration_request_title":"","integration_request_cta":"","integration_platform":"","integrations":[],"platform_category":[],"video_schema_markup":"","price":"a partir de US$ 0\/m\u00eas","trial":"","benefits":[{"text":"Assist\u00eancia de instala\u00e7\u00e3o gratuita"},{"text":"Atendimento ao cliente competente"},{"text":"Garantia de reembolso de 14 dias"},{"text":"Melhorias regulares"}],"button_url":"#demo","button_target_blank":"","button_nofollow":"","attributes":[{"name":"Instala\u00e7\u00f5es","content":"10,000 - 100,000"},{"name":"Responsivo","content":"Sim"},{"name":"Navegadores compat\u00edveis","content":"Firefox, Safari, Opera, Chrome, Edge"}],"tags":[],"tags_disable_links":"","hide_more_platforms":"","video_object":"","demo_hide_cta":"","demo_hide_cloud_options":"","pricing_title":"","pricing":[{"pricing_icon":"platform","pricing_title":"Elfsight Apps","pricing_title_caption":"Solu\u00e7\u00e3o multiplataforma adequada para qualquer site","pricing_price":"a partir de US$ 0\/m\u00eas","pricing_price_caption":"comece com um plano gratuito","pricing_benefits":[{"text":"Dom\u00ednios ilimitados"},{"text":"Suporte gratuito, pontual e bem documentado"},{"text":"Suporte gratuito, pontual e bem documentado"},{"text":"100% personaliz\u00e1vel"}],"pricing_button_text":"Adicionar ao site","pricing_button_url":"#demo"}],"related_apps_title":"","related_apps_hidden":"","author":"","image":[],"title":"","job":"","social_networks":[]},"_links":{"self":[{"href":"https:\/\/elfsight.com\/pt\/wp-json\/wp\/v2\/pages\/8026","targetHints":{"allow":["GET"]}}],"collection":[{"href":"https:\/\/elfsight.com\/pt\/wp-json\/wp\/v2\/pages"}],"about":[{"href":"https:\/\/elfsight.com\/pt\/wp-json\/wp\/v2\/types\/page"}],"author":[{"embeddable":true,"href":"https:\/\/elfsight.com\/pt\/wp-json\/wp\/v2\/users\/9"}],"replies":[{"embeddable":true,"href":"https:\/\/elfsight.com\/pt\/wp-json\/wp\/v2\/comments?post=8026"}],"version-history":[{"count":1,"href":"https:\/\/elfsight.com\/pt\/wp-json\/wp\/v2\/pages\/8026\/revisions"}],"predecessor-version":[{"id":8030,"href":"https:\/\/elfsight.com\/pt\/wp-json\/wp\/v2\/pages\/8026\/revisions\/8030"}],"up":[{"embeddable":true,"href":"https:\/\/elfsight.com\/pt\/wp-json\/wp\/v2\/pages\/1114"}],"wp:attachment":[{"href":"https:\/\/elfsight.com\/pt\/wp-json\/wp\/v2\/media?parent=8026"}],"curies":[{"name":"wp","href":"https:\/\/api.w.org\/{rel}","templated":true}]}}