{"id":8018,"date":"1970-01-01T00:00:00","date_gmt":"1970-01-01T00:00:00","guid":{"rendered":"https:\/\/elfsight.com\/pt\/?page_id=8018"},"modified":"2026-01-20T14:09:56","modified_gmt":"2026-01-20T14:09:56","slug":"squarespace","status":"publish","type":"page","link":"https:\/\/elfsight.com\/pt\/social-media-icons-widget\/squarespace\/","title":{"rendered":"Social Media Icons &#8211; Squarespace"},"content":{"rendered":"<div class=\"application-platform-content-item-description application-platform-content-item\" id=\"description\" data-nav-section=\"description\"><h2>Incorpore \u00edcones de m\u00eddia social no Squarespace com o widget Elfsight<\/h2><p>\u00cdcones sociais f\u00e1ceis e eficientes da Elfsight para conectar seu site m\u00eddias sociais necess\u00e1rias. Desenvolva contatos com seus usu\u00e1rios, tornando-os seus assinantes. Um layout responsivo, configura\u00e7\u00f5es detalhadas de apar\u00eancia e estilo com \u00edcones prontos de todas as principais m\u00eddias sociais.<\/p><p><b>Aumente a popularidade do seu neg\u00f3cio nos servi\u00e7os sociais.<\/b><\/p><ul> <li><b>Mais uma forma de contato com os usu\u00e1rios<\/b>.<br>As m\u00eddias sociais podem ser uma variante para manter conex\u00f5es com os usu\u00e1rios, dando chance de fortalecer suas rela\u00e7\u00f5es.<\/li><li><b> Alcance mais leitores nas redes sociais<\/b>.<br>Aumente o n\u00famero de leitores dos seus perfis de m\u00eddia atraindo regularmente leitores do site e transformando-os em seguidores.<\/li><li><b>Esteja conectado com os clientes 24 horas por dia. 7<\/b>.<br>Permite que os visitantes escrevam uma das formas complementares especialmente f\u00e1ceis de se conectar e fornecer ajuda por meio de redes sociais.<\/li><li><b>Engajamento eficiente dos usu\u00e1rios<\/b>. <br>Mostre sua posi\u00e7\u00e3o din\u00e2mica nas m\u00eddias sociais e atraia maior interesse para seus neg\u00f3cios entre os clientes do site.<\/li><\/ul><\/div><div class=\"application-platform-content-item-features application-platform-content-item\" id=\"features\" data-nav-section=\"features\"><h2>Principais recursos do Widget de \u00edcones de m\u00eddia social<\/h2><p>As vantagens mais importantes, que transformam nossos \u00edcones no melhor widget social do Squarespace.<\/p><ul><li>Adicionar \u00edcones ilimitados;<\/li><li>Duplicar e excluir \u00edcones;<\/li><li>3 variantes de alinhamento dos \u00edcones: esquerda, direita, centro;<\/li><li>Cores brancas, pretas e nativas do plano de fundo ao passar o mouse;<\/li><li>6 incorporadas estilos de \u00edcone.<\/li><\/ul><p><a href=\"#demo\">Confira os principais recursos em nossa demonstra\u00e7\u00e3o<\/a><\/p><\/div><div class=\"application-platform-content-item-installation application-platform-content-item\" id=\"installation\" data-nav-section=\"installation\"> <h2>Como adicionar \u00edcones de m\u00eddia social ao Squarespace<\/h2><div class=\"video-container\"><iframe allowfullscreen=\"\" frameborder=\"0\" height=\"405\" src=\"https:\/\/www.youtube.com\/embed\/y0YEI2Yu4fg?si=h46fmnkWveyLPtU2\" width=\"720\"><\/iframe><\/div><p>Um plano claro para colocar \u00edcones em um site sem experi\u00eancia em desenvolvimento. A dura\u00e7\u00e3o total da configura\u00e7\u00e3o \u00e9 de cerca de 80 segundos.<\/p><ol><li><b>Construa seus \u00edcones sociais individuais<\/b>.<br>Usando nosso configurador gratuito, gere um plugin com design e fun\u00e7\u00f5es preferidos.<\/li><li><b>Receba o c\u00f3digo para incorporar o plugin<\/b>.<br>Ap\u00f3s o ajuste do widget, adquira o c\u00f3digo do plugin Icons na notifica\u00e7\u00e3o que aparece nas aplica\u00e7\u00f5es Elfsight.<\/li><li><b>Mostre o plug-in no site do SquareSpace<\/b>.<br>Incorpore o plug-in no local desejado da p\u00e1gina e aplique as altera\u00e7\u00f5es.<\/li><li><b>A configura\u00e7\u00e3o foi conclu\u00edda<\/b>.<br>Acesse seu site para ver seu trabalho.<\/li><\/ol><p>Falha ao colocar ou demonstrar os \u00edcones em um site? Verifique em nosso manual detalhado \u00ab<a href=\"https:\/\/elfsight.com\/tutorials\/how-to-add-social-media-icons-to-squarespace\/\" target=\"_blank\" rel=\"noopener noreferrer\">Como adicionar \u00edcones no Squarespace<\/a>\u00bb ou entre em contato com nossa central de suporte.<\/p><\/div><div class=\"faq\" data-component=\"FAQ\"><div class=\"faq-item\">\r\n\t\t\t\t\t<div class=\"faq-item-question\">\r\n\t\t\t\t\t\t<h3 class=\"faq-item-question-text\">De que forma isso \u00e9 poss\u00edvel incorporar \u00edcones de m\u00eddia social no meu site Squarespace sem habilidades de codifica\u00e7\u00e3o?<\/h3>\r\n\r\n\t\t\t\t\t\t<div class=\"faq-item-question-icon\"><\/div>\r\n\t\t\t\t\t<\/div>\r\n\r\n\t\t\t\t\t<div class=\"faq-item-answer\">\r\n\t\t\t\t\t\t<div class=\"faq-item-answer-text\"><p>A empresa Elfsight apresenta uma solu\u00e7\u00e3o SaaS que permite que voc\u00ea mesmo crie um widget de \u00edcones de m\u00eddia social. Descubra como \u00e9 simples: <\/p><ul><li>Trabalhe diretamente no Editor ao vivo para estabelecer uma se\u00e7\u00e3o de \u00cdcones de M\u00eddia Social que voc\u00ea gostaria de incorporar ao seu Squarespace.<\/li><li>Escolha um dos muitos modelos prontos e adapte as configura\u00e7\u00f5es dos \u00cdcones de M\u00eddia Social, altere o layout e esquema de cores, adicione seu conte\u00fado sem nenhum conhecimento de codifica\u00e7\u00e3o.<\/li><li>Salve os \u00edcones de m\u00eddia social e obtenha o c\u00f3digo de instala\u00e7\u00e3o, que voc\u00ea pode incluir facilmente em qualquer site do Squarespace sem a necessidade de comprar uma vers\u00e3o paga.<\/li><\/ul><p>Usando nosso editor amig\u00e1vel, qualquer usu\u00e1rio da Internet pode gerar uma se\u00e7\u00e3o de \u00edcones de m\u00eddia social on-line e simplesmente col\u00e1-la em seu site do Squarespace. N\u00e3o \u00e9 necess\u00e1rio obter uma assinatura paga ou divulgar as credenciais do seu cart\u00e3o para acessar o servi\u00e7o Elfsight. Se voc\u00ea enfrentar qualquer tipo de problema, n\u00e3o hesite em falar com nossa equipe de suporte.<\/p><\/div>\r\n\t\t\t\t\t<\/div>\r\n\t\t\t\t<\/div><\/div>","protected":false},"excerpt":{"rendered":"","protected":false},"author":9,"featured_media":0,"parent":1114,"menu_order":0,"comment_status":"closed","ping_status":"closed","template":"templates\/template-application-platform.php","meta":{"publish_to_discourse":"","publish_post_category":"","wpdc_auto_publish_overridden":"","wpdc_topic_tags":"","wpdc_pin_topic":"","wpdc_pin_until":"","discourse_post_id":"","discourse_permalink":"","wpdc_publishing_response":"","wpdc_publishing_error":"","footnotes":""},"class_list":["post-8018","page","type-page","status-publish","hentry"],"yoast_head":"<!-- This site is optimized with the Yoast SEO plugin v25.3.1 - https:\/\/yoast.com\/wordpress\/plugins\/seo\/ -->\n<title>\u00cdcones de m\u00eddia social - Adicionar widget de \u00edcones sociais ao Squarespace<\/title>\n<meta name=\"description\" content=\"Experimente gratuitamente os \u00edcones de m\u00eddia social da Elfsight para Squarespace. Gere \u00edcones personalizados para o seu site em apenas alguns minutos!\" \/>\n<meta name=\"robots\" content=\"index, follow, max-snippet:-1, max-image-preview:large, max-video-preview:-1\" \/>\n<link rel=\"canonical\" href=\"https:\/\/elfsight.com\/pt\/social-media-icons-widget\/squarespace\/\" \/>\n<meta property=\"og:locale\" content=\"pt_PT\" \/>\n<meta property=\"og:type\" content=\"article\" \/>\n<meta property=\"og:title\" content=\"\u00cdcones de m\u00eddia social - Adicionar widget de \u00edcones sociais ao Squarespace\" \/>\n<meta property=\"og:description\" content=\"Experimente gratuitamente os \u00edcones de m\u00eddia social da Elfsight para Squarespace. Gere \u00edcones personalizados para o seu site em apenas alguns minutos!\" \/>\n<meta property=\"og:url\" content=\"https:\/\/elfsight.com\/pt\/social-media-icons-widget\/squarespace\/\" \/>\n<meta property=\"og:site_name\" content=\"Elfsight PT\" \/>\n<meta property=\"article:modified_time\" content=\"2026-01-20T14:09:56+00:00\" \/>\n<meta name=\"twitter:card\" content=\"summary_large_image\" \/>\n<meta name=\"twitter:label1\" content=\"Tempo estimado de leitura\" \/>\n\t<meta name=\"twitter:data1\" content=\"4 minutos\" \/>\n<!-- \/ Yoast SEO plugin. -->","yoast_head_json":{"title":"\u00cdcones de m\u00eddia social - Adicionar widget de \u00edcones sociais ao Squarespace","description":"Experimente gratuitamente os \u00edcones de m\u00eddia social da Elfsight para Squarespace. Gere \u00edcones personalizados para o seu site em apenas alguns minutos!","robots":{"index":"index","follow":"follow","max-snippet":"max-snippet:-1","max-image-preview":"max-image-preview:large","max-video-preview":"max-video-preview:-1"},"canonical":"https:\/\/elfsight.com\/pt\/social-media-icons-widget\/squarespace\/","og_locale":"pt_PT","og_type":"article","og_title":"\u00cdcones de m\u00eddia social - Adicionar widget de \u00edcones sociais ao Squarespace","og_description":"Experimente gratuitamente os \u00edcones de m\u00eddia social da Elfsight para Squarespace. Gere \u00edcones personalizados para o seu site em apenas alguns minutos!","og_url":"https:\/\/elfsight.com\/pt\/social-media-icons-widget\/squarespace\/","og_site_name":"Elfsight PT","article_modified_time":"2026-01-20T14:09:56+00:00","twitter_card":"summary_large_image","twitter_misc":{"Tempo estimado de leitura":"4 minutos"},"schema":{"@context":"https:\/\/schema.org","@graph":[{"@type":"WebPage","@id":"https:\/\/elfsight.com\/pt\/social-media-icons-widget\/squarespace\/","url":"https:\/\/elfsight.com\/pt\/social-media-icons-widget\/squarespace\/","name":"\u00cdcones de m\u00eddia social - Adicionar widget de \u00edcones sociais ao Squarespace","isPartOf":{"@id":"https:\/\/elfsight.com\/pt\/#website"},"datePublished":"1970-01-01T00:00:00+00:00","dateModified":"2026-01-20T14:09:56+00:00","description":"Experimente gratuitamente os \u00edcones de m\u00eddia social da Elfsight para Squarespace. Gere \u00edcones personalizados para o seu site em apenas alguns minutos!","breadcrumb":{"@id":"https:\/\/elfsight.com\/pt\/social-media-icons-widget\/squarespace\/#breadcrumb"},"inLanguage":"pt-PT","potentialAction":[{"@type":"ReadAction","target":["https:\/\/elfsight.com\/pt\/social-media-icons-widget\/squarespace\/"]}]},{"@type":"BreadcrumbList","@id":"https:\/\/elfsight.com\/pt\/social-media-icons-widget\/squarespace\/#breadcrumb","itemListElement":[{"@type":"ListItem","position":1,"name":"Home","item":"https:\/\/elfsight.com\/pt\/"},{"@type":"ListItem","position":2,"name":"Social Media Icons","item":"https:\/\/elfsight.com\/pt\/social-media-icons-widget\/"},{"@type":"ListItem","position":3,"name":"Social Media Icons &#8211; Squarespace"}]},{"@type":"WebSite","@id":"https:\/\/elfsight.com\/pt\/#website","url":"https:\/\/elfsight.com\/pt\/","name":"Elfsight PT","description":"Just another Elfsight Sites site","potentialAction":[{"@type":"SearchAction","target":{"@type":"EntryPoint","urlTemplate":"https:\/\/elfsight.com\/pt\/?s={search_term_string}"},"query-input":{"@type":"PropertyValueSpecification","valueRequired":true,"valueName":"search_term_string"}}],"inLanguage":"pt-PT"}]}},"meta_box":{"industry":"","seo_heading":"","heading":"","description":"","cta_heading":"","cta_description":"","application":"1113","h1":"\u00cdcones de m\u00eddia social para Squarespace","h1_caption":"Transforme os visitantes do seu site em assinantes sociais","application_category":[],"applications_title":"","applications_request_title":"","applications_request_button_text":"","hero_text":"","hero_video":"","hero_video_schema_markup":"","selling_points_title":"","selling_points_caption":"","selling_points":[],"selling_points_cta_text":"","features_title":"","features":"","ed_cta_examples_text":"","ed_cta_examples_hidden":"","ed_cta_demo_text":"","ed_cta_demo_hidden":"","why_caption":"","why_editor_title":"","why_editor_text":"","why_team_title":"","why_team_text":"","why_service_title":"","why_service_text":"","template_catalog_visible":"0","template_catalog_title":"","template_catalog_text":"","template_catalog_categories_visible":"","demo_title":"Crie seu plugin de \u00edcones de m\u00eddia social","demo_caption":"Configure seus \u00edcones de m\u00eddia social e adicione-os ao seu site Squarespace gratuitamente!","default_faq_hidden":"","app_template_category":[],"platform":"67","template_public_id":"","codecanyon_url":"","codecanyon_item_id":"","codecanyon_price":"","pricing_caption":"","pricing_elfsight_apps_hide_column":"","pricing_elfsight_apps_url":"","pricing_codecanyon_price_caption":"","integration_category":[],"integration_request_title":"","integration_request_cta":"","integration_platform":"","integrations":[],"platform_category":[],"video_schema_markup":"","price":"a partir de US$ 0\/m\u00eas","trial":"","benefits":[{"text":"Servi\u00e7o de instala\u00e7\u00e3o gratuito"},{"text":"Suporte excepcional"},{"text":"Garantia de devolu\u00e7\u00e3o do dinheiro em 14 dias"},{"text":"Futuras atualiza\u00e7\u00f5es gratuitas"}],"button_url":"#demo","button_target_blank":"0","button_nofollow":"0","attributes":[{"name":"Instala\u00e7\u00f5es","content":"10,000 - 100,000"},{"name":"Responsivo","content":"Sim"},{"name":"Navegadores compat\u00edveis","content":"Firefox, Safari, Opera, Chrome, Edge"}],"tags":[],"tags_disable_links":"0","hide_more_platforms":"0","video_object":"","demo_hide_cta":"0","demo_hide_cloud_options":"0","pricing_title":"","pricing":[{"pricing_icon":"platform","pricing_title":"Elfsight Apps","pricing_title_caption":"Suporte ao cliente dedicado e bem documentado","pricing_price":"a partir de US$ 0\/m\u00eas","pricing_price_caption":"comece com um plano gratuito","pricing_benefits":[{"text":"Dom\u00ednios ilimitados"},{"text":"Suporte ao cliente dedicado e bem documentado"},{"text":"Suporte ao cliente dedicado e bem documentado"},{"text":"Totalmente personaliz\u00e1vel"}],"pricing_button_text":"Adicionar ao site","pricing_button_url":"#demo"}],"related_apps_title":"","related_apps_hidden":"0","author":"","image":[],"title":"","job":"","social_networks":[]},"_links":{"self":[{"href":"https:\/\/elfsight.com\/pt\/wp-json\/wp\/v2\/pages\/8018","targetHints":{"allow":["GET"]}}],"collection":[{"href":"https:\/\/elfsight.com\/pt\/wp-json\/wp\/v2\/pages"}],"about":[{"href":"https:\/\/elfsight.com\/pt\/wp-json\/wp\/v2\/types\/page"}],"author":[{"embeddable":true,"href":"https:\/\/elfsight.com\/pt\/wp-json\/wp\/v2\/users\/9"}],"replies":[{"embeddable":true,"href":"https:\/\/elfsight.com\/pt\/wp-json\/wp\/v2\/comments?post=8018"}],"version-history":[{"count":3,"href":"https:\/\/elfsight.com\/pt\/wp-json\/wp\/v2\/pages\/8018\/revisions"}],"predecessor-version":[{"id":15215,"href":"https:\/\/elfsight.com\/pt\/wp-json\/wp\/v2\/pages\/8018\/revisions\/15215"}],"up":[{"embeddable":true,"href":"https:\/\/elfsight.com\/pt\/wp-json\/wp\/v2\/pages\/1114"}],"wp:attachment":[{"href":"https:\/\/elfsight.com\/pt\/wp-json\/wp\/v2\/media?parent=8018"}],"curies":[{"name":"wp","href":"https:\/\/api.w.org\/{rel}","templated":true}]}}