{"id":8016,"date":"1970-01-01T00:00:00","date_gmt":"1970-01-01T00:00:00","guid":{"rendered":"https:\/\/elfsight.com\/pt\/?page_id=8016"},"modified":"2024-11-13T12:14:04","modified_gmt":"2024-11-13T12:14:04","slug":"weebly","status":"publish","type":"page","link":"https:\/\/elfsight.com\/pt\/social-media-icons-widget\/weebly\/","title":{"rendered":"Social Media Icons &#8211; Weebly"},"content":{"rendered":"<div class=\"application-platform-content-item-description application-platform-content-item\" id=\"description\" data-nav-section=\"description\"><h2>Descri\u00e7\u00e3o<\/h2><p>\u00cdcones sociais pr\u00e1ticos e eficientes da Elfsight para unir seu site a diferentes m\u00eddias sociais. Fortale\u00e7a a conex\u00e3o com seus visitantes, transformando-os em seus assinantes. Um layout adapt\u00e1vel, op\u00e7\u00f5es detalhadas de personaliza\u00e7\u00e3o de apar\u00eancia e estilo com \u00edcones incorporados de todas as m\u00eddias sociais mais populares.<\/p><p><b>Aumente a popularidade da sua marca nos servi\u00e7os sociais.<\/b><\/p> <ul><li><b>Mais uma variante de contato com voc\u00ea para clientes<\/b>.<br>As m\u00eddias sociais servem como um m\u00e9todo adicional para manter contato com os usu\u00e1rios e oferecem uma oportunidade de ampliar suas rela\u00e7\u00f5es.<\/li><li><b>Leitores adicionais nas m\u00eddias sociais<\/b>.<br>Aumente a cobertura de suas contas sociais envolvendo imediatamente os leitores do site e transformando-os em seguidores.<\/li><li><b>Fique sempre em contato com os clientes<\/b>.<br>Permite que os usu\u00e1rios encontrem um dos m\u00e9todos mais f\u00e1ceis de entrar em contato com voc\u00ea e permite dar melhor suporte por meio das m\u00eddias sociais.<\/li><li><b>A declara\u00e7\u00e3o social poderosa<\/b>.<br>Fortale\u00e7a a confian\u00e7a dos usu\u00e1rios do seu site em sua empresa com a ajuda de contas em m\u00eddias sociais especialmente modernas.<\/li><\/ul><\/div><div class=\"application-platform-content-item-features  application-platform-content-item\" id=\"features \" data-nav-section=\"features \"><h2>Recursos<\/h2><p>A excelente funcionalidade, que transforma os \u00edcones da Elfsight no melhor aplicativo social do Weebly.<\/p><ul><li>Uma biblioteca de \u00edcones das m\u00eddias mais populares;<\/p><ul><li>Uma biblioteca de \u00edcones das m\u00eddias mais populares;<\/li><li>Alterar a ordem de demonstra\u00e7\u00e3o dos \u00edcones;<\/li><li>Layout flutuante para fazer os \u00edcones seguirem a rolagem;<\/li><li>Cores de fundo nativas, brancas e pretas;<\/li><li>3 variantes de raio de borda: raio de borda circular, arredondado e quadrado.<\/li><\/ul><p><a href=\"#demo\">Teste os excelentes recursos em nosso configurador<\/a><\/p> <\/div><div class=\"application-platform-content-item-installation application-platform-content-item\" id=\"installation\" data-nav-section=\"installation\"><h2>Como adicionar \u00edcones de m\u00eddia social ao Weebly<\/h2><div class=\"video-container\"><iframe width=\"720\" height=\"405\" src=\"https:\/\/www.youtube.com\/embed\/lRbRUpgrVwE\" frameborder=\"0\" allowfullscreen=\"\"><\/iframe><\/div><p>Um manual claro para integrar \u00edcones em uma p\u00e1gina sem compet\u00eancia em desenvolvimentos . A dura\u00e7\u00e3o m\u00e9dia da instala\u00e7\u00e3o \u00e9 inferior a 90 segundos.<\/p><ol><li><b>Execute nosso configurador gratuito e comece a formar seu aplicativo personalizado. <\/b><br> Determine a apar\u00eancia personalizada e as caracter\u00edsticas funcionais do aplicativo e salve todas as edi\u00e7\u00f5es. <\/li> <li><b>Obtenha o c\u00f3digo pessoal que aparece na janela dos aplicativos Elfsight. <\/b><br> Ap\u00f3s a conclus\u00e3o da cria\u00e7\u00e3o do seu aplicativo pessoal, copie o c\u00f3digo individual no pop-up exibido e salve-o para uso posterior. <\/li> <li><b>Comece a usar o aplicativo no site do Weebly. <\/b><br>Incorpore o c\u00f3digo que voc\u00ea salvou recentemente em sua p\u00e1gina e aplique as corre\u00e7\u00f5es. <\/li> <li><b>Pronto! A integra\u00e7\u00e3o foi realizada com sucesso. <\/b><br> Acesse seu site para ver em a\u00e7\u00e3o como o aplicativo funciona. <\/li><\/ol><p>N\u00e3o \u00e9 poss\u00edvel adicionar ou personalizar os \u00edcones em um site? Verifique nosso guia completo \u00ab<a href=\"https:\/\/elfsight.com\/tutorials\/how-to-add-social-media-icons-to-weebly\/\" target=\"_blank\" rel=\"noopener noreferrer\">Como para instalar \u00edcones no Weebly<\/a>\u00bb ou entre em contato com nossa equipe de suporte.<\/p><\/div><div class=\"faq\" data-component=\"FAQ\"><div class=\"faq-item\">\r\n\t\t\t\t\t<div class=\"faq-item-question\">\r\n\t\t\t\t\t\t<h3 class=\"faq-item-question-text\">Existe uma op\u00e7\u00e3o para incorporar m\u00eddias sociais \u00cdcones para minha p\u00e1gina inicial do Weebly sem codifica\u00e7\u00e3o?<\/h3>\r\n\r\n\t\t\t\t\t\t<div class=\"faq-item-question-icon\"><\/div>\r\n\t\t\t\t\t<\/div>\r\n\r\n\t\t\t\t\t<div class=\"faq-item-answer\">\r\n\t\t\t\t\t\t<div class=\"faq-item-answer-text\"><p>A empresa Elfsight oferece uma solu\u00e7\u00e3o que permite que os propriet\u00e1rios de sites criem voc\u00ea mesmo uma se\u00e7\u00e3o de \u00edcones de m\u00eddia social. Veja as instru\u00e7\u00f5es f\u00e1ceis: <\/p><ul><li>Comece a trabalhar diretamente no Demonstra\u00e7\u00e3o ao vivo para gerar um plug-in de \u00edcones de m\u00eddia social que voc\u00ea gostaria de incorporar no site do Weebly.<\/li><li>Escolha um dos muitos modelos pr\u00e9-concebidos e ajuste as configura\u00e7\u00f5es dos \u00edcones de m\u00eddia social, inclua seu conte\u00fado, altere o layout e cor dos elementos sem qualquer codifica\u00e7\u00e3o.<\/li><li>Salve as configura\u00e7\u00f5es que voc\u00ea fez nos \u00edcones de m\u00eddia social e obtenha o c\u00f3digo de instala\u00e7\u00e3o, que voc\u00ea pode adicionar facilmente na p\u00e1gina inicial do Weebly gratuitamente.<\/li><\/ul><p>Usando nosso editor simples, qualquer usu\u00e1rio da web pode criar uma se\u00e7\u00e3o de \u00edcones de m\u00eddia social e incorpor\u00e1-la facilmente \u00e0 sua p\u00e1gina do Weebly. Voc\u00ea n\u00e3o deve pagar ou enviar as credenciais do seu cart\u00e3o para acessar o Elfsight Editor. Se voc\u00ea enfrentar qualquer tipo de problema, entre em contato com nossa equipe de suporte.<\/p><\/div>\r\n\t\t\t\t\t<\/div>\r\n\t\t\t\t<\/div><\/div>","protected":false},"excerpt":{"rendered":"","protected":false},"author":9,"featured_media":0,"parent":1114,"menu_order":0,"comment_status":"closed","ping_status":"closed","template":"templates\/template-application-platform.php","meta":{"publish_to_discourse":"","publish_post_category":"","wpdc_auto_publish_overridden":"","wpdc_topic_tags":"","wpdc_pin_topic":"","wpdc_pin_until":"","discourse_post_id":"","discourse_permalink":"","wpdc_publishing_response":"","wpdc_publishing_error":"","footnotes":""},"class_list":["post-8016","page","type-page","status-publish","hentry"],"yoast_head":"<!-- This site is optimized with the Yoast SEO plugin v25.3.1 - https:\/\/yoast.com\/wordpress\/plugins\/seo\/ -->\n<title>\u00cdcones de m\u00eddia social - Adicionar aplicativo de \u00edcones sociais ao Weebly<\/title>\n<meta name=\"description\" content=\"Teste nossos \u00edcones de m\u00eddia social para o Weebly de forma totalmente gratuita. Gere \u00edcones personalizados para o seu site em apenas alguns minutos!\" \/>\n<meta name=\"robots\" content=\"index, follow, max-snippet:-1, max-image-preview:large, max-video-preview:-1\" \/>\n<link rel=\"canonical\" href=\"https:\/\/elfsight.com\/pt\/social-media-icons-widget\/weebly\/\" \/>\n<meta property=\"og:locale\" content=\"pt_PT\" \/>\n<meta property=\"og:type\" content=\"article\" \/>\n<meta property=\"og:title\" content=\"\u00cdcones de m\u00eddia social - Adicionar aplicativo de \u00edcones sociais ao Weebly\" \/>\n<meta property=\"og:description\" content=\"Teste nossos \u00edcones de m\u00eddia social para o Weebly de forma totalmente gratuita. Gere \u00edcones personalizados para o seu site em apenas alguns minutos!\" \/>\n<meta property=\"og:url\" content=\"https:\/\/elfsight.com\/pt\/social-media-icons-widget\/weebly\/\" \/>\n<meta property=\"og:site_name\" content=\"Elfsight PT\" \/>\n<meta property=\"article:modified_time\" content=\"2024-11-13T12:14:04+00:00\" \/>\n<meta name=\"twitter:card\" content=\"summary_large_image\" \/>\n<meta name=\"twitter:label1\" content=\"Tempo estimado de leitura\" \/>\n\t<meta name=\"twitter:data1\" content=\"3 minutos\" \/>\n<!-- \/ Yoast SEO plugin. -->","yoast_head_json":{"title":"\u00cdcones de m\u00eddia social - Adicionar aplicativo de \u00edcones sociais ao Weebly","description":"Teste nossos \u00edcones de m\u00eddia social para o Weebly de forma totalmente gratuita. Gere \u00edcones personalizados para o seu site em apenas alguns minutos!","robots":{"index":"index","follow":"follow","max-snippet":"max-snippet:-1","max-image-preview":"max-image-preview:large","max-video-preview":"max-video-preview:-1"},"canonical":"https:\/\/elfsight.com\/pt\/social-media-icons-widget\/weebly\/","og_locale":"pt_PT","og_type":"article","og_title":"\u00cdcones de m\u00eddia social - Adicionar aplicativo de \u00edcones sociais ao Weebly","og_description":"Teste nossos \u00edcones de m\u00eddia social para o Weebly de forma totalmente gratuita. Gere \u00edcones personalizados para o seu site em apenas alguns minutos!","og_url":"https:\/\/elfsight.com\/pt\/social-media-icons-widget\/weebly\/","og_site_name":"Elfsight PT","article_modified_time":"2024-11-13T12:14:04+00:00","twitter_card":"summary_large_image","twitter_misc":{"Tempo estimado de leitura":"3 minutos"},"schema":{"@context":"https:\/\/schema.org","@graph":[{"@type":"WebPage","@id":"https:\/\/elfsight.com\/pt\/social-media-icons-widget\/weebly\/","url":"https:\/\/elfsight.com\/pt\/social-media-icons-widget\/weebly\/","name":"\u00cdcones de m\u00eddia social - Adicionar aplicativo de \u00edcones sociais ao Weebly","isPartOf":{"@id":"https:\/\/elfsight.com\/pt\/#website"},"datePublished":"1970-01-01T00:00:00+00:00","dateModified":"2024-11-13T12:14:04+00:00","description":"Teste nossos \u00edcones de m\u00eddia social para o Weebly de forma totalmente gratuita. Gere \u00edcones personalizados para o seu site em apenas alguns minutos!","breadcrumb":{"@id":"https:\/\/elfsight.com\/pt\/social-media-icons-widget\/weebly\/#breadcrumb"},"inLanguage":"pt-PT","potentialAction":[{"@type":"ReadAction","target":["https:\/\/elfsight.com\/pt\/social-media-icons-widget\/weebly\/"]}]},{"@type":"BreadcrumbList","@id":"https:\/\/elfsight.com\/pt\/social-media-icons-widget\/weebly\/#breadcrumb","itemListElement":[{"@type":"ListItem","position":1,"name":"Home","item":"https:\/\/elfsight.com\/pt\/"},{"@type":"ListItem","position":2,"name":"Social Media Icons","item":"https:\/\/elfsight.com\/pt\/social-media-icons-widget\/"},{"@type":"ListItem","position":3,"name":"Social Media Icons &#8211; Weebly"}]},{"@type":"WebSite","@id":"https:\/\/elfsight.com\/pt\/#website","url":"https:\/\/elfsight.com\/pt\/","name":"Elfsight PT","description":"Just another Elfsight Sites site","potentialAction":[{"@type":"SearchAction","target":{"@type":"EntryPoint","urlTemplate":"https:\/\/elfsight.com\/pt\/?s={search_term_string}"},"query-input":{"@type":"PropertyValueSpecification","valueRequired":true,"valueName":"search_term_string"}}],"inLanguage":"pt-PT"}]}},"meta_box":{"industry":"","seo_heading":"","heading":"","description":"","cta_heading":"","cta_description":"","application":"1113","h1":"\u00cdcones de m\u00eddia social para Weebly","h1_caption":"Converta os clientes do seu site em f\u00e3s sociais","application_category":[],"applications_title":"","applications_request_title":"","applications_request_button_text":"","hero_text":"","hero_video":"","hero_video_schema_markup":"","selling_points_title":"","selling_points_caption":"","selling_points":[],"selling_points_cta_text":"","features_title":"","features":"","ed_cta_examples_text":"","ed_cta_examples_hidden":"","ed_cta_demo_text":"","ed_cta_demo_hidden":"","why_caption":"","why_editor_title":"","why_editor_text":"","why_team_title":"","why_team_text":"","why_service_title":"","why_service_text":"","template_catalog_visible":"","template_catalog_title":"","template_catalog_text":"","template_catalog_categories_visible":"","demo_title":"Crie seu aplicativo de \u00edcones de m\u00eddia social","demo_caption":"Configure seus \u00edcones de m\u00eddia social e adicione-os ao seu site do Weebly gratuitamente!","default_faq_hidden":"","app_template_category":[],"platform":"73","template_public_id":"","codecanyon_url":"","codecanyon_item_id":"","codecanyon_price":"","pricing_caption":"","pricing_elfsight_apps_hide_column":"","pricing_elfsight_apps_url":"","pricing_codecanyon_price_caption":"","integration_category":[],"integration_request_title":"","integration_request_cta":"","integration_platform":"","integrations":[],"platform_category":[],"video_schema_markup":"","price":"a partir de US$ 0\/m\u00eas","trial":"","benefits":[{"text":"Ajuda de instala\u00e7\u00e3o gratuita"},{"text":"Suporte excepcional"},{"text":"Garantia de devolu\u00e7\u00e3o do dinheiro em 14 dias"},{"text":"Atualiza\u00e7\u00f5es gratuitas cont\u00ednuas"}],"button_url":"#demo","button_target_blank":"","button_nofollow":"","attributes":[{"name":"Instala\u00e7\u00f5es","content":"10,000 - 100,000"},{"name":"Responsivo","content":"Sim"},{"name":"Navegadores compat\u00edveis","content":"Firefox, Safari, Opera, Chrome, Edge"}],"tags":[],"tags_disable_links":"","hide_more_platforms":"","video_object":"","demo_hide_cta":"","demo_hide_cloud_options":"","pricing_title":"","pricing":[{"pricing_icon":"cloud","pricing_title":"Elfsight Apps","pricing_title_caption":"Vers\u00e3o multiplataforma que funciona em qualquer site (incluindo Weebly)","pricing_price":"a partir de US$ 0\/m\u00eas","pricing_price_caption":"Comece com um plano gratuito","pricing_benefits":[{"text":"Sites ilimitados"},{"text":"Suporte premium"},{"text":"Suporte premium"},{"text":"Oferta especial para v\u00e1rios aplicativos"}],"pricing_button_text":"Adicionar ao site","pricing_button_url":"#demo"}],"related_apps_title":"","related_apps_hidden":"","author":"","image":[],"title":"","job":"","social_networks":[]},"_links":{"self":[{"href":"https:\/\/elfsight.com\/pt\/wp-json\/wp\/v2\/pages\/8016","targetHints":{"allow":["GET"]}}],"collection":[{"href":"https:\/\/elfsight.com\/pt\/wp-json\/wp\/v2\/pages"}],"about":[{"href":"https:\/\/elfsight.com\/pt\/wp-json\/wp\/v2\/types\/page"}],"author":[{"embeddable":true,"href":"https:\/\/elfsight.com\/pt\/wp-json\/wp\/v2\/users\/9"}],"replies":[{"embeddable":true,"href":"https:\/\/elfsight.com\/pt\/wp-json\/wp\/v2\/comments?post=8016"}],"version-history":[{"count":2,"href":"https:\/\/elfsight.com\/pt\/wp-json\/wp\/v2\/pages\/8016\/revisions"}],"predecessor-version":[{"id":12226,"href":"https:\/\/elfsight.com\/pt\/wp-json\/wp\/v2\/pages\/8016\/revisions\/12226"}],"up":[{"embeddable":true,"href":"https:\/\/elfsight.com\/pt\/wp-json\/wp\/v2\/pages\/1114"}],"wp:attachment":[{"href":"https:\/\/elfsight.com\/pt\/wp-json\/wp\/v2\/media?parent=8016"}],"curies":[{"name":"wp","href":"https:\/\/api.w.org\/{rel}","templated":true}]}}