{"id":8015,"date":"1970-01-01T00:00:00","date_gmt":"1970-01-01T00:00:00","guid":{"rendered":"https:\/\/elfsight.com\/pt\/?page_id=8015"},"modified":"2024-11-13T12:13:54","modified_gmt":"2024-11-13T12:13:54","slug":"wix","status":"publish","type":"page","link":"https:\/\/elfsight.com\/pt\/social-media-icons-widget\/wix\/","title":{"rendered":"Social Media Icons &#8211; Wix"},"content":{"rendered":"<div class=\"application-platform-content-item-description application-platform-content-item\" id=\"description\" data-nav-section=\"description\"><h2>Descri\u00e7\u00e3o<\/h2><p>\u00cdcones sociais pr\u00e1ticos e eficientes da Elfsight para integrar o seu site com todas as redes sociais mais populares. Mantenha v\u00ednculo com seus clientes, convertendo-os em seus f\u00e3s. Layout responsivo, personaliza\u00e7\u00e3o completa da interface e design com \u00edcones incorporados de todas as principais m\u00eddias sociais.<\/p><p><b>Melhore o alcance do seu neg\u00f3cio nas redes sociais.<\/b><\/p><ul><li><b>Uma forma extra de contato com os clientes<\/b>.<br>As redes sociais s\u00e3o um m\u00e9todo adicional para fortalecer as conex\u00f5es com os visitantes e melhorar o relacionamento com os clientes.<\/li><li><b>N\u00famero m\u00e1ximo de leitores para suas contas sociais<\/b>.<br>Ofere\u00e7a aos clientes do site outra variante f\u00e1cil de visitar sua conta de m\u00eddia social e aproveitar o m\u00e1ximo de leitores nas m\u00eddias sociais.<\/li><li><b>Uma declara\u00e7\u00e3o social s\u00f3lida<\/b>.<br>Aumente a confian\u00e7a da sua marca entre os visitantes do seu site gra\u00e7as aos perfis em todas as redes sociais da moda<\/li><\/ul><\/div><div class=\"application-platform-content-item-features application-platform-content-item\" id=\"features\" data-nav-section=\"features\"><h2>Recursos<\/h2><p>Os principais recursos que fazem de nossos \u00edcones o melhor aplicativo social Wix.<\/p><ul><li>Uma biblioteca de \u00edcones das m\u00eddias mais populares;<\/li><li>2 layouts: inline e flutuante;<\/li><li>Layout flutuante para fazer os \u00edcones seguirem a rolagem;<\/li><li>Cores nativas, preto e branco dos \u00edcones;<\/li><li>3 variantes do raio da borda: c\u00edrculo, raio de borda quadrado e arredondado.<\/li><\/ul><p><a href=\"#demo\">Estude os principais recursos do editor Elfsight<\/a><\/p><\/div><div class=\"application-platform-content-item- instala\u00e7\u00e3o application-platform-content-item\" id=\" instala\u00e7\u00e3o\" data-nav-section=\" instala\u00e7\u00e3o\"><h2>Como adicionar o aplicativo \u00cdcones de m\u00eddia social ao Wix<\/h2><div class=\"video-container\"><iframe width=\"720\" height=\"405\" src=\"https:\/\/www.youtube.com\/embed\/h87NtR5Z_nY\" frameborder=\"0\" allowfullscreen=\"\"><\/iframe><\/div><p>Um guia f\u00e1cil para mostrar \u00edcones em uma p\u00e1gina sem habilidades em desenvolvimento. A dura\u00e7\u00e3o total da integra\u00e7\u00e3o \u00e9 de cerca de 60 segundos.<\/p><ol><li><b>Construa seus \u00edcones sociais personalizados<\/b>.<br>Usando nosso <a href=\"#demo\">configurador gratuito<\/a>, monte um widget com a apar\u00eancia e as configura\u00e7\u00f5es necess\u00e1rias.<\/li><li><b>Receba um c\u00f3digo para mostrar o aplicativo<\/b>.<br>Ap\u00f3s a cria\u00e7\u00e3o do widget, obtenha um c\u00f3digo para o widget Social na notifica\u00e7\u00e3o exibida. nos aplicativos da Elfsight.<\/li><li><b>Incorpore o aplicativo no site Wix<\/b>.<br>Mova o widget para o local desejado da p\u00e1gina e publique os resultados.<\/li><li> <b>Conclu\u00eddo!<\/b><br>Visite seu site para ver seu trabalho.<\/li><\/ol><p>N\u00e3o conseguiu configurar ou exibir os \u00edcones em seu site? Estude nossas instru\u00e7\u00f5es completas \u00ab<a href=\"https:\/\/elfsight.com\/tutorials\/how-to-add-social-media-icons-to-wix\/\" target=\"_blank\" rel=\"noopener noreferrer\">Como para colocar \u00edcones no Wix<\/a>\u00bb ou deixe uma pergunta em nossa equipe de ajuda.<\/p><\/div><div class=\"faq\" data-component=\"FAQ\"><div class=\"faq-item\">\r\n\t\t\t\t\t<div class=\"faq-item-question\">\r\n\t\t\t\t\t\t<h3 class=\"faq-item-question-text\">De que maneira posso incorporar \u00edcones de m\u00eddia social na minha p\u00e1gina Wix sem nenhum conhecimento de codifica\u00e7\u00e3o?<\/h3>\r\n\r\n\t\t\t\t\t\t<div class=\"faq-item-question-icon\"><\/div>\r\n\t\t\t\t\t<\/div>\r\n\r\n\t\t\t\t\t<div class=\"faq-item-answer\">\r\n\t\t\t\t\t\t<div class=\"faq-item-answer-text\"><p>A empresa Elfsight apresenta uma solu\u00e7\u00e3o que permite ao usu\u00e1rio estabelecer um aplicativo de \u00edcones de m\u00eddia social por conta pr\u00f3pria. Descubra como o processo \u00e9 descomplicado: <\/p><ul> <li>V\u00e1 para o Editor on-line para estabelecer um aplicativo de \u00cdcones de M\u00eddia Social que voc\u00ea gostaria que aparecesse em sua p\u00e1gina Wix.<\/li><li>Selecione um dos modelos prontos e modifique as configura\u00e7\u00f5es de \u00cdcones de M\u00eddia Social, altere o layout e cor dos elementos, inclua seu conte\u00fado sem nenhuma experi\u00eancia de codifica\u00e7\u00e3o.<\/li><li>Clique para salvar os \u00edcones de m\u00eddia social e obter o c\u00f3digo do widget para incorpora\u00e7\u00e3o, que pode ser colado no site Wix sem comprar uma vers\u00e3o paga. <\/li><\/ul><p>Trabalhando no configurador f\u00e1cil de usar, cada usu\u00e1rio da Internet pode gerar widgets de \u00edcones de m\u00eddia social on-line e inclu\u00ed-los facilmente em qualquer p\u00e1gina inicial do Wix. N\u00e3o h\u00e1 necessidade de adquirir um plano pago ou inserir os dados do seu cart\u00e3o para entrar em nosso servi\u00e7o. Se voc\u00ea enfrentar qualquer problema em qualquer etapa, n\u00e3o hesite em entrar em contato com nossa equipe de suporte t\u00e9cnico.<\/p><\/div>\r\n\t\t\t\t\t<\/div>\r\n\t\t\t\t<\/div><\/div>","protected":false},"excerpt":{"rendered":"","protected":false},"author":9,"featured_media":0,"parent":1114,"menu_order":0,"comment_status":"closed","ping_status":"closed","template":"templates\/template-application-platform.php","meta":{"publish_to_discourse":"","publish_post_category":"","wpdc_auto_publish_overridden":"","wpdc_topic_tags":"","wpdc_pin_topic":"","wpdc_pin_until":"","discourse_post_id":"","discourse_permalink":"","wpdc_publishing_response":"","wpdc_publishing_error":"","footnotes":""},"class_list":["post-8015","page","type-page","status-publish","hentry"],"yoast_head":"<!-- This site is optimized with the Yoast SEO plugin v25.3.1 - https:\/\/yoast.com\/wordpress\/plugins\/seo\/ -->\n<title>\u00cdcones de m\u00eddia social - Adicione o aplicativo \u00cdcones sociais ao Wix<\/title>\n<meta name=\"description\" content=\"Teste os \u00edcones de m\u00eddia social da Elfsight para Wix agora mesmo. Gere \u00edcones personalizados para o seu site em apenas alguns minutos!\" \/>\n<meta name=\"robots\" content=\"index, follow, max-snippet:-1, max-image-preview:large, max-video-preview:-1\" \/>\n<link rel=\"canonical\" href=\"https:\/\/elfsight.com\/pt\/social-media-icons-widget\/wix\/\" \/>\n<meta property=\"og:locale\" content=\"pt_PT\" \/>\n<meta property=\"og:type\" content=\"article\" \/>\n<meta property=\"og:title\" content=\"\u00cdcones de m\u00eddia social - Adicione o aplicativo \u00cdcones sociais ao Wix\" \/>\n<meta property=\"og:description\" content=\"Teste os \u00edcones de m\u00eddia social da Elfsight para Wix agora mesmo. Gere \u00edcones personalizados para o seu site em apenas alguns minutos!\" \/>\n<meta property=\"og:url\" content=\"https:\/\/elfsight.com\/pt\/social-media-icons-widget\/wix\/\" \/>\n<meta property=\"og:site_name\" content=\"Elfsight PT\" \/>\n<meta property=\"article:modified_time\" content=\"2024-11-13T12:13:54+00:00\" \/>\n<meta name=\"twitter:card\" content=\"summary_large_image\" \/>\n<meta name=\"twitter:label1\" content=\"Tempo estimado de leitura\" \/>\n\t<meta name=\"twitter:data1\" content=\"3 minutos\" \/>\n<!-- \/ Yoast SEO plugin. -->","yoast_head_json":{"title":"\u00cdcones de m\u00eddia social - Adicione o aplicativo \u00cdcones sociais ao Wix","description":"Teste os \u00edcones de m\u00eddia social da Elfsight para Wix agora mesmo. Gere \u00edcones personalizados para o seu site em apenas alguns minutos!","robots":{"index":"index","follow":"follow","max-snippet":"max-snippet:-1","max-image-preview":"max-image-preview:large","max-video-preview":"max-video-preview:-1"},"canonical":"https:\/\/elfsight.com\/pt\/social-media-icons-widget\/wix\/","og_locale":"pt_PT","og_type":"article","og_title":"\u00cdcones de m\u00eddia social - Adicione o aplicativo \u00cdcones sociais ao Wix","og_description":"Teste os \u00edcones de m\u00eddia social da Elfsight para Wix agora mesmo. Gere \u00edcones personalizados para o seu site em apenas alguns minutos!","og_url":"https:\/\/elfsight.com\/pt\/social-media-icons-widget\/wix\/","og_site_name":"Elfsight PT","article_modified_time":"2024-11-13T12:13:54+00:00","twitter_card":"summary_large_image","twitter_misc":{"Tempo estimado de leitura":"3 minutos"},"schema":{"@context":"https:\/\/schema.org","@graph":[{"@type":"WebPage","@id":"https:\/\/elfsight.com\/pt\/social-media-icons-widget\/wix\/","url":"https:\/\/elfsight.com\/pt\/social-media-icons-widget\/wix\/","name":"\u00cdcones de m\u00eddia social - Adicione o aplicativo \u00cdcones sociais ao Wix","isPartOf":{"@id":"https:\/\/elfsight.com\/pt\/#website"},"datePublished":"1970-01-01T00:00:00+00:00","dateModified":"2024-11-13T12:13:54+00:00","description":"Teste os \u00edcones de m\u00eddia social da Elfsight para Wix agora mesmo. Gere \u00edcones personalizados para o seu site em apenas alguns minutos!","breadcrumb":{"@id":"https:\/\/elfsight.com\/pt\/social-media-icons-widget\/wix\/#breadcrumb"},"inLanguage":"pt-PT","potentialAction":[{"@type":"ReadAction","target":["https:\/\/elfsight.com\/pt\/social-media-icons-widget\/wix\/"]}]},{"@type":"BreadcrumbList","@id":"https:\/\/elfsight.com\/pt\/social-media-icons-widget\/wix\/#breadcrumb","itemListElement":[{"@type":"ListItem","position":1,"name":"Home","item":"https:\/\/elfsight.com\/pt\/"},{"@type":"ListItem","position":2,"name":"Social Media Icons","item":"https:\/\/elfsight.com\/pt\/social-media-icons-widget\/"},{"@type":"ListItem","position":3,"name":"Social Media Icons &#8211; Wix"}]},{"@type":"WebSite","@id":"https:\/\/elfsight.com\/pt\/#website","url":"https:\/\/elfsight.com\/pt\/","name":"Elfsight PT","description":"Just another Elfsight Sites site","potentialAction":[{"@type":"SearchAction","target":{"@type":"EntryPoint","urlTemplate":"https:\/\/elfsight.com\/pt\/?s={search_term_string}"},"query-input":{"@type":"PropertyValueSpecification","valueRequired":true,"valueName":"search_term_string"}}],"inLanguage":"pt-PT"}]}},"meta_box":{"industry":"","seo_heading":"","heading":"","description":"","cta_heading":"","cta_description":"","application":"1113","h1":"\u00cdcones de m\u00eddia social para Wix","h1_caption":"Transforme os clientes do seu site em f\u00e3s sociais","application_category":[],"applications_title":"","applications_request_title":"","applications_request_button_text":"","hero_text":"","hero_video":"","hero_video_schema_markup":"","selling_points_title":"","selling_points_caption":"","selling_points":[],"selling_points_cta_text":"","features_title":"","features":"","ed_cta_examples_text":"","ed_cta_examples_hidden":"","ed_cta_demo_text":"","ed_cta_demo_hidden":"","why_caption":"","why_editor_title":"","why_editor_text":"","why_team_title":"","why_team_text":"","why_service_title":"","why_service_text":"","template_catalog_visible":"","template_catalog_title":"","template_catalog_text":"","template_catalog_categories_visible":"","demo_title":"Crie seu aplicativo de \u00edcones de m\u00eddia social","demo_caption":"Configure seus \u00edcones de m\u00eddia social e adicione-os ao seu site Wix gratuitamente!","default_faq_hidden":"","app_template_category":[],"platform":"37","template_public_id":"","codecanyon_url":"","codecanyon_item_id":"","codecanyon_price":"","pricing_caption":"","pricing_elfsight_apps_hide_column":"","pricing_elfsight_apps_url":"","pricing_codecanyon_price_caption":"","integration_category":[],"integration_request_title":"","integration_request_cta":"","integration_platform":"","integrations":[],"platform_category":[],"video_schema_markup":"","price":"a partir de US$ 0\/m\u00eas","trial":"","benefits":[{"text":"Assist\u00eancia de instala\u00e7\u00e3o gratuita"},{"text":"Atendimento ao cliente profissional"},{"text":"Garantia de reembolso de 14 dias"},{"text":"Desenvolvimento cont\u00ednuo"}],"button_url":"#demo","button_target_blank":"","button_nofollow":"","attributes":[{"name":"Instala\u00e7\u00f5es","content":"10,000 - 100,000"},{"name":"Responsivo","content":"Sim"},{"name":"Navegadores compat\u00edveis","content":"Safari, Edge, Opera, Firefox, Chrome"}],"tags":[],"tags_disable_links":"","hide_more_platforms":"","video_object":"","demo_hide_cta":"","demo_hide_cloud_options":"","pricing_title":"","pricing":[{"pricing_icon":"platform","pricing_title":"Wix app","pricing_title_caption":"Solu\u00e7\u00e3o independente de plataforma que se adapta a qualquer site (incluindo Wix)","pricing_price":"a partir de US$ 0\/m\u00eas","pricing_price_caption":"comece com plano gratuito","pricing_benefits":[{"text":"N\u00famero ilimitado de dom\u00ednios"},{"text":"Suporte dedicado e pontual"},{"text":"Suporte dedicado e pontual"},{"text":"100% personaliz\u00e1vel"}],"pricing_button_text":"Adicionar ao site","pricing_button_url":"#demo"}],"related_apps_title":"","related_apps_hidden":"","author":"","image":[],"title":"","job":"","social_networks":[]},"_links":{"self":[{"href":"https:\/\/elfsight.com\/pt\/wp-json\/wp\/v2\/pages\/8015","targetHints":{"allow":["GET"]}}],"collection":[{"href":"https:\/\/elfsight.com\/pt\/wp-json\/wp\/v2\/pages"}],"about":[{"href":"https:\/\/elfsight.com\/pt\/wp-json\/wp\/v2\/types\/page"}],"author":[{"embeddable":true,"href":"https:\/\/elfsight.com\/pt\/wp-json\/wp\/v2\/users\/9"}],"replies":[{"embeddable":true,"href":"https:\/\/elfsight.com\/pt\/wp-json\/wp\/v2\/comments?post=8015"}],"version-history":[{"count":2,"href":"https:\/\/elfsight.com\/pt\/wp-json\/wp\/v2\/pages\/8015\/revisions"}],"predecessor-version":[{"id":12225,"href":"https:\/\/elfsight.com\/pt\/wp-json\/wp\/v2\/pages\/8015\/revisions\/12225"}],"up":[{"embeddable":true,"href":"https:\/\/elfsight.com\/pt\/wp-json\/wp\/v2\/pages\/1114"}],"wp:attachment":[{"href":"https:\/\/elfsight.com\/pt\/wp-json\/wp\/v2\/media?parent=8015"}],"curies":[{"name":"wp","href":"https:\/\/api.w.org\/{rel}","templated":true}]}}