{"id":8009,"date":"1970-01-01T00:00:00","date_gmt":"1970-01-01T00:00:00","guid":{"rendered":"https:\/\/elfsight.com\/pt\/?page_id=8009"},"modified":"2024-11-13T12:05:56","modified_gmt":"2024-11-13T12:05:56","slug":"elementor","status":"publish","type":"page","link":"https:\/\/elfsight.com\/pt\/social-media-icons-widget\/elementor\/","title":{"rendered":"Social Media Icons &#8211; Elementor"},"content":{"rendered":"<div class=\"application-platform-content-item-description application-platform-content-item\" id=\"description\" data-nav-section=\"description\"><h2>Incorpore \u00edcones de m\u00eddia social no Elementor com o widget Elfsight<\/h2><p>Comece a expandir seu neg\u00f3cio em redes de m\u00eddia social e conquiste novos seguidores e leitores usando publica\u00e7\u00f5es eficazes em seu site pessoal.<\/p><p><b>Tenha mais cliques e leitores nas redes sociais!<\/b><\/p><p><b>Promo\u00e7\u00e3o m\u00e1xima de publica\u00e7\u00f5es e produtos em m\u00eddias sociais<\/b><br> Com apenas um clique, seu conte\u00fado adquirir\u00e1 uma promo\u00e7\u00e3o ativa em todas as m\u00eddias sociais sem limites.<\/p><p><b>Aumente as visualiza\u00e7\u00f5es em seu site<\/b><br> Traga novos usu\u00e1rios para seu site por meio da presen\u00e7a ativa nas redes sociais e aumente o n\u00famero de visitas.<\/p><p><b>Aumente a quantidade de leitores nas redes sociais<\/b><br> Publicando conte\u00fado interessante ? Permita que os pr\u00f3prios espectadores compartilhem publica\u00e7\u00f5es para seus leitores e divulguem ainda mais.<\/p><\/div><div class=\"application-platform-content-item-features application-platform-content-item\" id=\"features\" data-nav-section=\"features\"><h2>Principais recursos do widget \u00cdcones de m\u00eddia social<\/h2><p>O que torna a Elfsight \u00edcones s\u00e3o os melhores entre os plug-ins sociais da Elementor? Veja nossas vantagens estrat\u00e9gicas:<\/p><ul><li>Adicione uma nova m\u00eddia apenas inserindo uma URL em seu perfil;<\/li><li>5 op\u00e7\u00f5es de tamanho de \u00edcone;<\/li><li>3 alinhamentos variantes dos \u00edcones: esquerda, direita, centro;<\/li><li>\u00cdcones e fundo mudam de cor ao passar o mouse;<\/li><li>5 tipos de anima\u00e7\u00e3o ao passar o mouse.<\/li><\/ul><p><a href=\"#demo\">Confira outras vantagens em um editor gratuito<\/a><\/p><\/div><div class=\"application-platform-content-item-installation application-platform-content-item\" id=\"installation\" data-nav-section=\"installation\"><h2>Como adicionar \u00edcones de m\u00eddia social ao site Elementor <\/h2><div class=\"video-container\"><iframe width=\"720\" height=\"405\" src=\"https:\/\/www.youtube.com\/embed\/MvdrXRrA0Io\" frameborder=\"0\" allowfullscreen=\"\"><\/iframe><\/div><p>Um tutorial r\u00e1pido sobre como exibir widgets sem experi\u00eancia em desenvolvimento web ou ajuda de um desenvolvedor profissional. Voc\u00ea precisar\u00e1 de 2 minutos para executar o guia.<\/p><ol><li><b>Crie seus \u00edcones sociais exclusivos<\/b><br> Com nossa demonstra\u00e7\u00e3o gratuita, crie um plugin com o modelo e as configura\u00e7\u00f5es desejados.<\/li><li><b>Receba um c\u00f3digo para integra\u00e7\u00e3o do plugin<\/b><br> Ap\u00f3s a gera\u00e7\u00e3o do widget, obtenha um c\u00f3digo para o plugin social na janela que aparece nos aplicativos Elfsight.<\/li><li><b>Coloque o plugin no site Elementor<\/b><br>Incorpore o plugin em um local selecionado do site e aplique as edi\u00e7\u00f5es.<\/li><li><b>A incorpora\u00e7\u00e3o foi bem-sucedida!<\/b><br> Visite seu site para verificar seu widget.<\/li><\/ol><p>Precisa de conselhos sobre como configurar ou personalizar o plugin? A equipe do centro de ajuda da Elfsight estar\u00e1 aqui para ajudar e oferecer uma solu\u00e7\u00e3o!<\/p><\/div><div class=\"faq\" data-component=\"FAQ\"><div class=\"faq-item\">\r\n\t\t\t\t\t<div class=\"faq-item-question\">\r\n\t\t\t\t\t\t<h3 class=\"faq-item-question-text\">Como adicionar \u00edcones de m\u00eddia social ao meu Elementor sem conhecimento de codifica\u00e7\u00e3o?<\/h3>\r\n\r\n\t\t\t\t\t\t<div class=\"faq-item-question-icon\"><\/div>\r\n\t\t\t\t\t<\/div>\r\n\r\n\t\t\t\t\t<div class=\"faq-item-answer\">\r\n\t\t\t\t\t\t<div class=\"faq-item-answer-text\"><p>A empresa Elfsight apresenta uma solu\u00e7\u00e3o que permite que os usu\u00e1rios criem um aplicativo de \u00edcones de m\u00eddia social. Assista ao guia descomplicado: <\/p><ul><li>Acesse a demonstra\u00e7\u00e3o on-line para gerar \u00edcones de m\u00eddia social aplicativo que voc\u00ea gostaria que aparecesse na p\u00e1gina inicial do Elementor.<\/li><li>Escolha um de nossos modelos pr\u00e9-concebidos e adapte as configura\u00e7\u00f5es dos \u00edcones de m\u00eddia social, altere o layout e as cores, adicione seu conte\u00fado sem codifica\u00e7\u00e3o.<\/li><li>Salve os \u00edcones de m\u00eddia social e copie o c\u00f3digo do widget para incorpora\u00e7\u00e3o, que pode ser facilmente adicionado em qualquer p\u00e1gina inicial do Elementor sem a necessidade de comprar uma vers\u00e3o paga.<\/li><\/ul><p>Com a ajuda de nosso editor simples, todos o usu\u00e1rio da web pode criar \u00edcones de m\u00eddia social e col\u00e1-los em qualquer site da Elementor. Voc\u00ea n\u00e3o deve pagar ou inserir as credenciais do seu cart\u00e3o para acessar nosso servi\u00e7o. Se voc\u00ea enfrentar qualquer tipo de problema, n\u00e3o hesite em entrar em contato com nossa equipe de suporte.<\/p><\/div>\r\n\t\t\t\t\t<\/div>\r\n\t\t\t\t<\/div><\/div>","protected":false},"excerpt":{"rendered":"","protected":false},"author":9,"featured_media":0,"parent":1114,"menu_order":0,"comment_status":"closed","ping_status":"closed","template":"templates\/template-application-platform.php","meta":{"publish_to_discourse":"","publish_post_category":"","wpdc_auto_publish_overridden":"","wpdc_topic_tags":"","wpdc_pin_topic":"","wpdc_pin_until":"","discourse_post_id":"","discourse_permalink":"","wpdc_publishing_response":"","wpdc_publishing_error":"","footnotes":""},"class_list":["post-8009","page","type-page","status-publish","hentry"],"yoast_head":"<!-- This site is optimized with the Yoast SEO plugin v25.3.1 - https:\/\/yoast.com\/wordpress\/plugins\/seo\/ -->\n<title>Widget de \u00edcones de m\u00eddia social para o site Elementor (2025)<\/title>\n<meta name=\"description\" content=\"Configure \u00edcones de m\u00eddia social em seu site Elementor em apenas alguns minutos. Gera\u00e7\u00e3o instant\u00e2nea e simples de v\u00e1rios plugins de sites pela Elfsight.\" \/>\n<meta name=\"robots\" content=\"index, follow, max-snippet:-1, max-image-preview:large, max-video-preview:-1\" \/>\n<link rel=\"canonical\" href=\"https:\/\/elfsight.com\/pt\/social-media-icons-widget\/elementor\/\" \/>\n<meta property=\"og:locale\" content=\"pt_PT\" \/>\n<meta property=\"og:type\" content=\"article\" \/>\n<meta property=\"og:title\" content=\"Widget de \u00edcones de m\u00eddia social para o site Elementor (2025)\" \/>\n<meta property=\"og:description\" content=\"Configure \u00edcones de m\u00eddia social em seu site Elementor em apenas alguns minutos. Gera\u00e7\u00e3o instant\u00e2nea e simples de v\u00e1rios plugins de sites pela Elfsight.\" \/>\n<meta property=\"og:url\" content=\"https:\/\/elfsight.com\/pt\/social-media-icons-widget\/elementor\/\" \/>\n<meta property=\"og:site_name\" content=\"Elfsight PT\" \/>\n<meta property=\"article:modified_time\" content=\"2024-11-13T12:05:56+00:00\" \/>\n<meta name=\"twitter:card\" content=\"summary_large_image\" \/>\n<meta name=\"twitter:label1\" content=\"Tempo estimado de leitura\" \/>\n\t<meta name=\"twitter:data1\" content=\"3 minutos\" \/>\n<!-- \/ Yoast SEO plugin. -->","yoast_head_json":{"title":"Widget de \u00edcones de m\u00eddia social para o site Elementor (2025)","description":"Configure \u00edcones de m\u00eddia social em seu site Elementor em apenas alguns minutos. Gera\u00e7\u00e3o instant\u00e2nea e simples de v\u00e1rios plugins de sites pela Elfsight.","robots":{"index":"index","follow":"follow","max-snippet":"max-snippet:-1","max-image-preview":"max-image-preview:large","max-video-preview":"max-video-preview:-1"},"canonical":"https:\/\/elfsight.com\/pt\/social-media-icons-widget\/elementor\/","og_locale":"pt_PT","og_type":"article","og_title":"Widget de \u00edcones de m\u00eddia social para o site Elementor (2025)","og_description":"Configure \u00edcones de m\u00eddia social em seu site Elementor em apenas alguns minutos. Gera\u00e7\u00e3o instant\u00e2nea e simples de v\u00e1rios plugins de sites pela Elfsight.","og_url":"https:\/\/elfsight.com\/pt\/social-media-icons-widget\/elementor\/","og_site_name":"Elfsight PT","article_modified_time":"2024-11-13T12:05:56+00:00","twitter_card":"summary_large_image","twitter_misc":{"Tempo estimado de leitura":"3 minutos"},"schema":{"@context":"https:\/\/schema.org","@graph":[{"@type":"WebPage","@id":"https:\/\/elfsight.com\/pt\/social-media-icons-widget\/elementor\/","url":"https:\/\/elfsight.com\/pt\/social-media-icons-widget\/elementor\/","name":"Widget de \u00edcones de m\u00eddia social para o site Elementor (2025)","isPartOf":{"@id":"https:\/\/elfsight.com\/pt\/#website"},"datePublished":"1970-01-01T00:00:00+00:00","dateModified":"2024-11-13T12:05:56+00:00","description":"Configure \u00edcones de m\u00eddia social em seu site Elementor em apenas alguns minutos. Gera\u00e7\u00e3o instant\u00e2nea e simples de v\u00e1rios plugins de sites pela Elfsight.","breadcrumb":{"@id":"https:\/\/elfsight.com\/pt\/social-media-icons-widget\/elementor\/#breadcrumb"},"inLanguage":"pt-PT","potentialAction":[{"@type":"ReadAction","target":["https:\/\/elfsight.com\/pt\/social-media-icons-widget\/elementor\/"]}]},{"@type":"BreadcrumbList","@id":"https:\/\/elfsight.com\/pt\/social-media-icons-widget\/elementor\/#breadcrumb","itemListElement":[{"@type":"ListItem","position":1,"name":"Home","item":"https:\/\/elfsight.com\/pt\/"},{"@type":"ListItem","position":2,"name":"Social Media Icons","item":"https:\/\/elfsight.com\/pt\/social-media-icons-widget\/"},{"@type":"ListItem","position":3,"name":"Social Media Icons &#8211; Elementor"}]},{"@type":"WebSite","@id":"https:\/\/elfsight.com\/pt\/#website","url":"https:\/\/elfsight.com\/pt\/","name":"Elfsight PT","description":"Just another Elfsight Sites site","potentialAction":[{"@type":"SearchAction","target":{"@type":"EntryPoint","urlTemplate":"https:\/\/elfsight.com\/pt\/?s={search_term_string}"},"query-input":{"@type":"PropertyValueSpecification","valueRequired":true,"valueName":"search_term_string"}}],"inLanguage":"pt-PT"}]}},"meta_box":{"industry":"","seo_heading":"","heading":"","description":"","cta_heading":"","cta_description":"","application":"1113","h1":"\u00cdcones sociais Elementor","h1_caption":"M\u00e9todo n\u00ba 1 para exibir \u00edcones sociais em um site","application_category":[],"applications_title":"","applications_request_title":"","applications_request_button_text":"","hero_text":"","hero_video":"","hero_video_schema_markup":"","selling_points_title":"","selling_points_caption":"","selling_points":[],"selling_points_cta_text":"","features_title":"","features":"","ed_cta_examples_text":"","ed_cta_examples_hidden":"","ed_cta_demo_text":"","ed_cta_demo_hidden":"","why_caption":"","why_editor_title":"","why_editor_text":"","why_team_title":"","why_team_text":"","why_service_title":"","why_service_text":"","template_catalog_visible":"","template_catalog_title":"","template_catalog_text":"","template_catalog_categories_visible":"","demo_title":"Crie seu widget de \u00edcones de m\u00eddia social","demo_caption":"Configure seus \u00edcones de m\u00eddia social e adicione-os ao seu site Elementor gratuitamente!","default_faq_hidden":"","app_template_category":[],"platform":"100","template_public_id":"","codecanyon_url":"","codecanyon_item_id":"","codecanyon_price":"","pricing_caption":"","pricing_elfsight_apps_hide_column":"","pricing_elfsight_apps_url":"","pricing_codecanyon_price_caption":"","integration_category":[],"integration_request_title":"","integration_request_cta":"","integration_platform":"","integrations":[],"platform_category":[],"video_schema_markup":"","price":"a partir de US$ 0\/m\u00eas","trial":"","benefits":[{"text":"Servi\u00e7o de instala\u00e7\u00e3o gratuito"},{"text":"Atendimento ao cliente competente"},{"text":"Garantia de reembolso de 14 dias"},{"text":"Atualiza\u00e7\u00f5es gratuitas cont\u00ednuas"}],"button_url":"#demo","button_target_blank":"","button_nofollow":"","attributes":[{"name":"Instala\u00e7\u00f5es","content":"10,000 - 100,000"},{"name":"Responsivo","content":"Sim"},{"name":"Navegadores compat\u00edveis","content":"Firefox, Safari, Opera, Chrome, Edge"}],"tags":[],"tags_disable_links":"","hide_more_platforms":"","video_object":"","demo_hide_cta":"","demo_hide_cloud_options":"","pricing_title":"","pricing":[{"pricing_icon":"platform","pricing_title":"Elfsight Apps","pricing_title_caption":"Solu\u00e7\u00e3o multiplataforma adequada para qualquer site","pricing_price":"a partir de US$ 0\/m\u00eas","pricing_price_caption":"comece com plano gratuito","pricing_benefits":[{"text":"Dom\u00ednios ilimitados"},{"text":"Suporte 24 horas por dia, 7 dias por semana"},{"text":"Suporte 24 horas por dia, 7 dias por semana"},{"text":"Pre\u00e7o a ser pago para v\u00e1rios aplicativos"}],"pricing_button_text":"Adicionar ao site","pricing_button_url":"#demo"}],"related_apps_title":"","related_apps_hidden":"","author":"","image":[],"title":"","job":"","social_networks":[]},"_links":{"self":[{"href":"https:\/\/elfsight.com\/pt\/wp-json\/wp\/v2\/pages\/8009","targetHints":{"allow":["GET"]}}],"collection":[{"href":"https:\/\/elfsight.com\/pt\/wp-json\/wp\/v2\/pages"}],"about":[{"href":"https:\/\/elfsight.com\/pt\/wp-json\/wp\/v2\/types\/page"}],"author":[{"embeddable":true,"href":"https:\/\/elfsight.com\/pt\/wp-json\/wp\/v2\/users\/9"}],"replies":[{"embeddable":true,"href":"https:\/\/elfsight.com\/pt\/wp-json\/wp\/v2\/comments?post=8009"}],"version-history":[{"count":2,"href":"https:\/\/elfsight.com\/pt\/wp-json\/wp\/v2\/pages\/8009\/revisions"}],"predecessor-version":[{"id":12224,"href":"https:\/\/elfsight.com\/pt\/wp-json\/wp\/v2\/pages\/8009\/revisions\/12224"}],"up":[{"embeddable":true,"href":"https:\/\/elfsight.com\/pt\/wp-json\/wp\/v2\/pages\/1114"}],"wp:attachment":[{"href":"https:\/\/elfsight.com\/pt\/wp-json\/wp\/v2\/media?parent=8009"}],"curies":[{"name":"wp","href":"https:\/\/api.w.org\/{rel}","templated":true}]}}