{"id":800,"date":"2022-02-07T08:33:55","date_gmt":"2022-02-07T08:33:55","guid":{"rendered":"https:\/\/elfsight.com\/pt\/?page_id=800"},"modified":"2024-06-25T10:25:44","modified_gmt":"2024-06-25T10:25:44","slug":"features","status":"publish","type":"page","link":"https:\/\/elfsight.com\/pt\/pricing-table-plugin\/features\/","title":{"rendered":"Pricing table &#8211; features"},"content":{"rendered":"\n<section class=\"application-features-group section\" id=\"elements\">\n                    <div class=\"inner\">\n                        <div class=\"col-row\">\n                            <div class=\"col-6 col-offset-3 col-m-12 col-m-offset-0\">\n<h3>Elementos para ajudar a encontrar o melhor neg\u00f3cio<\/h3>\n<p>Defina os elementos com toda a informa\u00e7\u00e3o que os seus potenciais clientes precisam.<\/p>\n\n<div class=\"post-row col-row\">\n<div class=\"col-4 col-offset-3 col-m-12 col-m-offset-0\">\n<p><b>1. Imagem.<\/b><\/p>\n<p><b>2. T\u00edtulo.<\/b><\/p>\n<p><b>3. Pre\u00e7o.<\/b><\/p>\n<p><b>4. Bot\u00e3o.<\/b><\/p>\n<p><b>5. Funcionalidades.<\/b><\/p>\n<\/div>\n<div class=\"col-5 col-offset-0 col-m-12 col-m-offset-0\">\n<img decoding=\"async\" src=\"https:\/\/elfsight.com\/wp-content\/uploads\/2018\/10\/pricing-table-features-elements-1.jpg\" \/>\n<\/div>\n<\/div>\n\n<h3>Organiza\u00e7\u00e3o flex\u00edvel<\/h3>\n<p>A Tabela de Pre\u00e7os da Elfsight tem um design flex\u00edvel das colunas, que pode alterar diretamente no editor. Pode configurar todas as colunas na ordem que desejar para os seus pre\u00e7os arrastando-os, ou escondendo-os desligando-os com apenas um clique.<\/p>\n<div class=\"post-row col-row\">\n<div class=\"col-12 col-offset-0 col-m-12 col-m-offset-0\">\n<figure><img decoding=\"async\" src=\"https:\/\/elfsight.com\/wp-content\/uploads\/2018\/11\/pricing-table-features-elements-2.jpg\" \/><\/figure>\n<\/div><br \/><\/div>\n<\/div>\n                        <\/div>\n                    <\/div>\n\n                    <div class=\"application-features-group-title\">elementos<\/div>\n                <\/section>\n\n\n<section class=\"application-cta-ed\">\n                    <div class=\"inner\">\n                        <div class=\"col-row\">\n                            <div class=\"col-6 col-m-12\">\n                                <div class=\"application-cta-ed-item-examples application-cta-ed-item\">\n                                    <div class=\"application-cta-ed-item-icon\">\n                                        <svg viewBox=\"0 0 25 25\" width=\"100%\" height=\"100%\">\n                                            <use xlink:href=\"#icon-desktop\"><\/use>\n                                        <\/svg>\n                                    <\/div>\n\n                                    <div class=\"application-cta-ed-item-content\">\n                                        <div class=\"application-cta-ed-item-content-title\">Usar exemplos<\/div>\n\n                                        <div class=\"application-cta-ed-item-content-text\">Ver exemplos reais para explorar todo o potencial de  para o seu site.\n                                        <\/div>\n\n                                        <a class=\"button-48 button-purple button\" href=\"\">Ver em funcionamento<\/a>\n                                    <\/div>\n                                <\/div>\n                            <\/div>\n                            <div class=\"col-6 col-m-12\">\n                                <div class=\"application-cta-ed-item-demo application-cta-ed-item\">\n                                    <div class=\"application-cta-ed-item-icon\">\n                                        <svg viewBox=\"0 0 25 25\" width=\"100%\" height=\"100%\">\n                                            <use xlink:href=\"#icon-settings\"><\/use>\n                                        <\/svg>\n                                    <\/div>\n\n                                    <div class=\"application-cta-ed-item-content\">\n                                        <div class=\"application-cta-ed-item-content-title\">Demonstra\u00e7\u00e3o ao vivo<\/div>\n\n                                        <div class=\"application-cta-ed-item-content-text\">Experimente agora todas as funcionalidades de  numa demonstra\u00e7\u00e3o ao vivo. Sem taxas. Sem programa\u00e7\u00e3o.\n                                        <\/div>\n\n                                        <a class=\"button-48 button-magenta button\" href=\"#demo\" data-nav-scroll-to=\"demo\">Experimentar agora<\/a>\n                                    <\/div>\n                                <\/div>\n                            <\/div>\n                        <\/div>\n                    <\/div>\n                <\/section>\n\n\n<section class=\"application-features-group section\" style=\"background-color:#fafafa;\" id=\"configuration\">\n                    <div class=\"inner\">\n                        <div class=\"col-row\">\n                            <div class=\"col-6 col-offset-3 col-m-12 col-m-offset-0\">\n<h3>Crie o seu pre\u00e7o de forma inteligente<\/h3>\n<p>O elemento de pre\u00e7o inclui uma caixa para indicar o prefixo do intervalo do pre\u00e7o, por exemplo, \u201cAt\u00e9\u201d, ou \u201cDe\u201d; um prefixo de pre\u00e7o que pode usar para definir o intervalo do pre\u00e7o, e uma legenda onde pode colocar informa\u00e7\u00e3o adicional.<\/p>\n\n<div class=\"post-row col-row\">\n<div class=\"col-12 col-offset-0 col-m-12 col-m-offset-0\">\n<figure><img decoding=\"async\" src=\"https:\/\/elfsight.com\/wp-content\/uploads\/2018\/10\/pricing-table-features-configuration-1.jpg\" \/><\/figure>\n<\/div>\n<\/div>\n\n\n<h3>Torne o bot\u00e3o not\u00e1vel<\/h3>\n<p>O bot\u00e3o \u00e9 o \u00faltimo passo da compra, por isso torne-o irresist\u00edvel. Num clique, pode alterar o tamanho de S a L, dependendo das suas necessidades.<\/p>\n<div class=\"post-row col-row\">\n<div class=\"col-12 col-offset-0 col-m-12 col-m-offset-0\">\n<figure><img decoding=\"async\" src=\"https:\/\/elfsight.com\/wp-content\/uploads\/2018\/10\/pricing-table-features-configuration-2.jpg\" \/><\/figure>\n<\/div>\n<\/div>\n<h3>D\u00ea tons ao seu conte\u00fado<\/h3>\n<p>D\u00ea \u00eanfase a uma dada coluna, aplicando esta op\u00e7\u00e3o na tab de Conte\u00fado, aumentando o tamanho da coluna. Pode tamb\u00e9m adicionar uma faixa com texto para chamar a aten\u00e7\u00e3o dos visitantes. <\/p>\n\n<div class=\"post-row col-row\">\n<div class=\"col-12 col-offset-0 col-m-12 col-m-offset-0\">\n<figure><img decoding=\"async\" src=\"https:\/\/elfsight.com\/wp-content\/uploads\/2018\/10\/pricing-table-features-configuration-3.jpg\" \/><\/figure>\n<\/div>\n<\/div>\n\n<h3>Mostre mais informa\u00e7\u00e3o com dicas<\/h3>\n<p>Use dicas para mostrar mais informa\u00e7\u00e3o sobre funcionalidades. Um \u00edcone de interroga\u00e7\u00e3o ir\u00e1 aparecer ao lado da funcionalidade, e os utilizadores ver\u00e3o toda a informa\u00e7\u00e3o adicional ao passar o rato por cima do \u00edcone.<\/p>\n\n<div class=\"post-row col-row\">\n<div class=\"col-12 col-offset-0 col-m-12 col-m-offset-0\">\n<figure><img decoding=\"async\" src=\"https:\/\/elfsight.com\/wp-content\/uploads\/2018\/10\/pricing-table-features-configuration-4.jpg\" \/><\/figure>\n<\/div><\/div>\n<\/div>\n                        <\/div>\n                    <\/div>\n\n                    <div class=\"application-features-group-title\">configura\u00e7\u00e3o<\/div>\n                <\/section>\n\n\n<section class=\"application-features-group section\" id=\"layout\">\n                    <div class=\"inner\">\n                        <div class=\"col-row\">\n                            <div class=\"col-6 col-offset-3 col-m-12 col-m-offset-0\">\n<h3>Se oferece v\u00e1rios produtos ou planos individuais de tipos e funcionalidades diferentes, pode acentuar a sua diferen\u00e7a e mostr\u00e1-los como n\u00edveis, e n\u00e3o um leque.<\/p>\n\n<div class=\"post-row col-row\">\n<div class=\"col-12 col-offset-0 col-m-12 col-m-offset-0\">\n<figure><img decoding=\"async\" src=\"https:\/\/elfsight.com\/wp-content\/uploads\/2018\/11\/pricing-table-features-layouts-1.jpg\" \/><\/figure>\n<\/div>\n<\/div>\n\n\n<h3>Design de grelha<\/h3>\n<p>A grelha mostra colunas como uma \u00fanica unidade, podendo disp\u00f4-los como leque sendo que o n\u00famero de benef\u00edcios cresce de oferta para oferta, incentivando a compra da melhor op\u00e7\u00e3o.<\/p>\n\n<div class=\"post-row col-row\">\n<div class=\"col-12 col-offset-0 col-m-12 col-m-offset-0\">\n<figure><img decoding=\"async\" src=\"https:\/\/elfsight.com\/wp-content\/uploads\/2018\/11\/pricing-table-features-layouts-2.jpg\" \/><\/figure>\n<\/div>\n<\/div>\n\n\n<h3>Layout de tabela<\/h3>\n<p>Escolha o layout da tabela e ter\u00e1 apenas de enumerar em lista todas as funcionalidades no cabe\u00e7alho da tabela. As colunas mostrar\u00e3o apenas um certo ou cruz dependendo da presen\u00e7a da funcionalidade no plano.<\/p>\n\n<div class=\"post-row col-row\">\n<div class=\"col-12 col-offset-0 col-m-12 col-m-offset-0\">\n<figure><img decoding=\"async\" src=\"https:\/\/elfsight.com\/wp-content\/uploads\/2018\/10\/pricing-table-features-layouts-3.jpg\" \/><\/figure>\n<\/div>\n<\/div>\n\n\n\n<h3>Interface r\u00e1pido de dispositivo m\u00f3vel<\/h3>\n<p>A nossa app adapta-se \u00e0 resolu\u00e7\u00e3o de ecr\u00e3 e ajusta-se automaticamente em v\u00e1rios dispositivos para ter o melhor aspeto.<\/p>\n<div class=\"post-row col-row\"><br \/><div class=\"col-12 col-offset-0 col-m-12 col-m-offset-0\"><\/p>\n<figure><img decoding=\"async\" src=\"https:\/\/elfsight.com\/wp-content\/uploads\/2018\/10\/pricing-table-features-layouts-4.jpg\" \/><\/figure>\n<\/div>\n<\/div>\n<\/div>\n                        <\/div>\n                    <\/div>\n\n                    <div class=\"application-features-group-title\">Layout<\/div>\n                <\/section>\n\n\n<section class=\"application-cta-ed\">\n                    <div class=\"inner\">\n                        <div class=\"col-row\">\n                            <div class=\"col-6 col-m-12\">\n                                <div class=\"application-cta-ed-item-examples application-cta-ed-item\">\n                                    <div class=\"application-cta-ed-item-icon\">\n                                        <svg viewBox=\"0 0 25 25\" width=\"100%\" height=\"100%\">\n                                            <use xlink:href=\"#icon-desktop\"><\/use>\n                                        <\/svg>\n                                    <\/div>\n\n                                    <div class=\"application-cta-ed-item-content\">\n                                        <div class=\"application-cta-ed-item-content-title\">Usar exemplos<\/div>\n\n                                        <div class=\"application-cta-ed-item-content-text\">Ver exemplos reais para explorar todo o potencial de  para o seu site.\n                                        <\/div>\n\n                                        <a class=\"button-48 button-purple button\" href=\"\">Ver em funcionamento<\/a>\n                                    <\/div>\n                                <\/div>\n                            <\/div>\n                            <div class=\"col-6 col-m-12\">\n                                <div class=\"application-cta-ed-item-demo application-cta-ed-item\">\n                                    <div class=\"application-cta-ed-item-icon\">\n                                        <svg viewBox=\"0 0 25 25\" width=\"100%\" height=\"100%\">\n                                            <use xlink:href=\"#icon-settings\"><\/use>\n                                        <\/svg>\n                                    <\/div>\n\n                                    <div class=\"application-cta-ed-item-content\">\n                                        <div class=\"application-cta-ed-item-content-title\">Demonstra\u00e7\u00e3o ao vivo<\/div>\n\n                                        <div class=\"application-cta-ed-item-content-text\">Experimente agora todas as funcionalidades de  numa demonstra\u00e7\u00e3o ao vivo. Sem taxas. Sem programa\u00e7\u00e3o.\n                                        <\/div>\n\n                                        <a class=\"button-48 button-magenta button\" href=\"#demo\" data-nav-scroll-to=\"demo\">Experimentar agora<\/a>\n                                    <\/div>\n                                <\/div>\n                            <\/div>\n                        <\/div>\n                    <\/div>\n                <\/section>\n\n\n<section class=\"application-features-group section\" style=\"background-color:#fafafa;\" id=\"style\">\n                    <div class=\"inner\">\n                        <div class=\"col-row\">\n                            <div class=\"col-6 col-offset-3 col-m-12 col-m-offset-0\">\n<h3>4 estilos de tabela equilibrados<\/h3>\n<p>A Tabela de Pre\u00e7os da Elfsight oferece-lhe a escolha de um dos estilos com bom design, permitindo-lhe dar-lhe um aspeto da moda.<\/p>\n\n<div class=\"post-row col-row\">\n<div class=\"col-12 col-offset-0 col-m-12 col-m-offset-0\">\n<figure><img decoding=\"async\" src=\"https:\/\/elfsight.com\/wp-content\/uploads\/2018\/10\/pricing-table-features-style-1.jpg\" \/><\/figure>\n<\/div>\n<\/div>\n\n<h3>Detalhes de estilo importantes<\/h3>\n<p>Escolha a cor de todos os elementos da tabela individualmente para criar um aspeto uniforme ou atribuir os detalhes certos: fundo, fontes, bot\u00f5es, pre\u00e7os e muito mais. <\/p>\n<div class=\"post-row col-row\"><div class=\"col-12 col-offset-0 col-m-12 col-m-offset-0\">\n<figure><img decoding=\"async\" src=\"https:\/\/elfsight.com\/wp-content\/uploads\/2018\/10\/pricing-table-features-style-2.jpg\" \/><\/figure>\n<\/div>\n<\/div>\n<\/div>\n                        <\/div>\n                    <\/div>\n\n                    <div class=\"application-features-group-title\">estilo<\/div>\n                <\/section>\n","protected":false},"excerpt":{"rendered":"","protected":false},"author":13,"featured_media":0,"parent":793,"menu_order":0,"comment_status":"closed","ping_status":"closed","template":"templates\/template-application-features.php","meta":{"publish_to_discourse":"","publish_post_category":"","wpdc_auto_publish_overridden":"","wpdc_topic_tags":"","wpdc_pin_topic":"","wpdc_pin_until":"","discourse_post_id":"","discourse_permalink":"","wpdc_publishing_response":"","wpdc_publishing_error":"","footnotes":""},"class_list":["post-800","page","type-page","status-publish","hentry"],"yoast_head":"<!-- This site is optimized with the Yoast SEO plugin v25.3.1 - https:\/\/yoast.com\/wordpress\/plugins\/seo\/ -->\n<title>Widget de Tabela de Pre\u00e7os para site - Funcionalidades<\/title>\n<meta name=\"description\" content=\"Configura\u00e7\u00f5es personalizadas com um layout de widget de Tabela Pre\u00e7os da Elfsight para qualquer dispositivo.\" \/>\n<meta name=\"robots\" content=\"index, follow, max-snippet:-1, max-image-preview:large, max-video-preview:-1\" \/>\n<link rel=\"canonical\" href=\"https:\/\/elfsight.com\/pt\/pricing-table-plugin\/features\/\" \/>\n<meta property=\"og:locale\" content=\"pt_PT\" \/>\n<meta property=\"og:type\" content=\"article\" \/>\n<meta property=\"og:title\" content=\"Widget de Tabela de Pre\u00e7os para site - Funcionalidades\" \/>\n<meta property=\"og:description\" content=\"Configura\u00e7\u00f5es personalizadas com um layout de widget de Tabela Pre\u00e7os da Elfsight para qualquer dispositivo.\" \/>\n<meta property=\"og:url\" content=\"https:\/\/elfsight.com\/pt\/pricing-table-plugin\/features\/\" \/>\n<meta property=\"og:site_name\" content=\"Elfsight PT\" \/>\n<meta property=\"article:modified_time\" content=\"2024-06-25T10:25:44+00:00\" \/>\n<meta property=\"og:image\" content=\"https:\/\/elfsight.com\/wp-content\/uploads\/2018\/10\/pricing-table-features-elements-1.jpg\" \/>\n<meta name=\"twitter:card\" content=\"summary_large_image\" \/>\n<meta name=\"twitter:label1\" content=\"Tempo estimado de leitura\" \/>\n\t<meta name=\"twitter:data1\" content=\"5 minutos\" \/>\n<!-- \/ Yoast SEO plugin. -->","yoast_head_json":{"title":"Widget de Tabela de Pre\u00e7os para site - Funcionalidades","description":"Configura\u00e7\u00f5es personalizadas com um layout de widget de Tabela Pre\u00e7os da Elfsight para qualquer dispositivo.","robots":{"index":"index","follow":"follow","max-snippet":"max-snippet:-1","max-image-preview":"max-image-preview:large","max-video-preview":"max-video-preview:-1"},"canonical":"https:\/\/elfsight.com\/pt\/pricing-table-plugin\/features\/","og_locale":"pt_PT","og_type":"article","og_title":"Widget de Tabela de Pre\u00e7os para site - Funcionalidades","og_description":"Configura\u00e7\u00f5es personalizadas com um layout de widget de Tabela Pre\u00e7os da Elfsight para qualquer dispositivo.","og_url":"https:\/\/elfsight.com\/pt\/pricing-table-plugin\/features\/","og_site_name":"Elfsight PT","article_modified_time":"2024-06-25T10:25:44+00:00","og_image":[{"url":"https:\/\/elfsight.com\/wp-content\/uploads\/2018\/10\/pricing-table-features-elements-1.jpg","type":"","width":"","height":""}],"twitter_card":"summary_large_image","twitter_misc":{"Tempo estimado de leitura":"5 minutos"},"schema":{"@context":"https:\/\/schema.org","@graph":[{"@type":"WebPage","@id":"https:\/\/elfsight.com\/pt\/pricing-table-plugin\/features\/","url":"https:\/\/elfsight.com\/pt\/pricing-table-plugin\/features\/","name":"Widget de Tabela de Pre\u00e7os para site - Funcionalidades","isPartOf":{"@id":"https:\/\/elfsight.com\/pt\/#website"},"primaryImageOfPage":{"@id":"https:\/\/elfsight.com\/pt\/pricing-table-plugin\/features\/#primaryimage"},"image":{"@id":"https:\/\/elfsight.com\/pt\/pricing-table-plugin\/features\/#primaryimage"},"thumbnailUrl":"https:\/\/elfsight.com\/wp-content\/uploads\/2018\/10\/pricing-table-features-elements-1.jpg","datePublished":"2022-02-07T08:33:55+00:00","dateModified":"2024-06-25T10:25:44+00:00","description":"Configura\u00e7\u00f5es personalizadas com um layout de widget de Tabela Pre\u00e7os da Elfsight para qualquer dispositivo.","breadcrumb":{"@id":"https:\/\/elfsight.com\/pt\/pricing-table-plugin\/features\/#breadcrumb"},"inLanguage":"pt-PT","potentialAction":[{"@type":"ReadAction","target":["https:\/\/elfsight.com\/pt\/pricing-table-plugin\/features\/"]}]},{"@type":"ImageObject","inLanguage":"pt-PT","@id":"https:\/\/elfsight.com\/pt\/pricing-table-plugin\/features\/#primaryimage","url":"https:\/\/elfsight.com\/wp-content\/uploads\/2018\/10\/pricing-table-features-elements-1.jpg","contentUrl":"https:\/\/elfsight.com\/wp-content\/uploads\/2018\/10\/pricing-table-features-elements-1.jpg"},{"@type":"BreadcrumbList","@id":"https:\/\/elfsight.com\/pt\/pricing-table-plugin\/features\/#breadcrumb","itemListElement":[{"@type":"ListItem","position":1,"name":"Home","item":"https:\/\/elfsight.com\/pt\/"},{"@type":"ListItem","position":2,"name":"Pricing Table","item":"https:\/\/elfsight.com\/pt\/pricing-table-plugin\/"},{"@type":"ListItem","position":3,"name":"Pricing table &#8211; features"}]},{"@type":"WebSite","@id":"https:\/\/elfsight.com\/pt\/#website","url":"https:\/\/elfsight.com\/pt\/","name":"Elfsight PT","description":"Just another Elfsight Sites site","potentialAction":[{"@type":"SearchAction","target":{"@type":"EntryPoint","urlTemplate":"https:\/\/elfsight.com\/pt\/?s={search_term_string}"},"query-input":{"@type":"PropertyValueSpecification","valueRequired":true,"valueName":"search_term_string"}}],"inLanguage":"pt-PT"}]}},"meta_box":{"industry":"","seo_heading":"","heading":"","description":"","cta_heading":"","cta_description":"","application":"792","h1":"","h1_caption":"","application_category":[],"applications_title":"","applications_request_title":"","applications_request_button_text":"","hero_text":"","hero_video":"","hero_video_schema_markup":"","selling_points_title":"","selling_points_caption":"","selling_points":[],"selling_points_cta_text":"","features_title":"","features":"","ed_cta_examples_text":"","ed_cta_examples_hidden":"","ed_cta_demo_text":"","ed_cta_demo_hidden":"","why_caption":"","why_editor_title":"","why_editor_text":"","why_team_title":"","why_team_text":"","why_service_title":"","why_service_text":"","template_catalog_visible":"","template_catalog_title":"","template_catalog_text":"","template_catalog_categories_visible":"","demo_title":"","demo_caption":"","default_faq_hidden":"","app_template_category":[],"platform":"","template_public_id":"","codecanyon_url":"","codecanyon_item_id":"","codecanyon_price":"","pricing_caption":"","pricing_elfsight_apps_hide_column":"","pricing_elfsight_apps_url":"","pricing_codecanyon_price_caption":"","integration_category":[],"integration_request_title":"","integration_request_cta":"","integration_platform":"","integrations":[],"platform_category":[],"video_schema_markup":"","price":"a partir de US$ 0\/m\u00eas","trial":"","benefits":[],"button_url":"#demo","button_target_blank":"","button_nofollow":"","attributes":[],"tags":[],"tags_disable_links":"","hide_more_platforms":"","video_object":"","demo_hide_cta":"","demo_hide_cloud_options":"","pricing_title":"","pricing":[],"related_apps_title":"","related_apps_hidden":"","author":"","image":[],"title":"","job":"","social_networks":[]},"_links":{"self":[{"href":"https:\/\/elfsight.com\/pt\/wp-json\/wp\/v2\/pages\/800","targetHints":{"allow":["GET"]}}],"collection":[{"href":"https:\/\/elfsight.com\/pt\/wp-json\/wp\/v2\/pages"}],"about":[{"href":"https:\/\/elfsight.com\/pt\/wp-json\/wp\/v2\/types\/page"}],"author":[{"embeddable":true,"href":"https:\/\/elfsight.com\/pt\/wp-json\/wp\/v2\/users\/13"}],"replies":[{"embeddable":true,"href":"https:\/\/elfsight.com\/pt\/wp-json\/wp\/v2\/comments?post=800"}],"version-history":[{"count":2,"href":"https:\/\/elfsight.com\/pt\/wp-json\/wp\/v2\/pages\/800\/revisions"}],"predecessor-version":[{"id":802,"href":"https:\/\/elfsight.com\/pt\/wp-json\/wp\/v2\/pages\/800\/revisions\/802"}],"up":[{"embeddable":true,"href":"https:\/\/elfsight.com\/pt\/wp-json\/wp\/v2\/pages\/793"}],"wp:attachment":[{"href":"https:\/\/elfsight.com\/pt\/wp-json\/wp\/v2\/media?parent=800"}],"curies":[{"name":"wp","href":"https:\/\/api.w.org\/{rel}","templated":true}]}}