{"id":7993,"date":"1970-01-01T00:00:00","date_gmt":"1970-01-01T00:00:00","guid":{"rendered":"https:\/\/elfsight.com\/pt\/?page_id=7993"},"modified":"2024-11-12T15:28:03","modified_gmt":"2024-11-12T15:28:03","slug":"jimdo","status":"publish","type":"page","link":"https:\/\/elfsight.com\/pt\/social-media-icons-widget\/jimdo\/","title":{"rendered":"Social Media Icons &#8211; Jimdo"},"content":{"rendered":"<div class=\"application-platform-content-item-description application-platform-content-item\" id=\"description\" data-nav-section=\"description\"><h2>Descri\u00e7\u00e3o<\/h2> <p>Elfsight Social Media Icons \u00e9 uma ferramenta f\u00e1cil de colocar num website \u00edcones de redes sociais, onde o seu neg\u00f3cio \u00e9 mais ativo. Instale este widget com \u00edcones ilimitados e seu p\u00fablico ter\u00e1 uma nova maneira de manter contato e se tornar seu seguidor. O widget Elfsight Social Media Icons oferece ampla personaliza\u00e7\u00e3o que o ajudar\u00e1 a criar um widget perfeito para o seu caso de uso. <\/p><p><b>Com \u00edcones de m\u00eddia social, inicie um crescimento s\u00f3lido dos neg\u00f3cios e maiores vendas <\/b><\/p> <\/div> <div class=\"application-platform-content-item-features application-platform-content-item\" id=\"features\" data-nav-section=\"features\"> <h2>Os recursos de widget mais importantes incluem<\/h2> <ul><li>mais de 50 plataformas sociais predefinidas<\/li><li>5 op\u00e7\u00f5es de tamanho de \u00edcone<\/li><li>Dois layouts: flutuante e inline<\/li><li>excluir, reordenar \u00edcones, adicionar e duplicar<\/li><li>3 variantes de alinhamento dos \u00edcones<\/li><li>5 anima\u00e7\u00f5es em tipos de foco<\/li><li>3 tipos de raio de borda<\/li><li>Ajust\u00e1vel opacidade dos \u00edcones<\/li><li>Seis estilos de \u00edcones incorporados <\/li><\/ul><p><a href=\"#demo\">Teste todos os recursos de personaliza\u00e7\u00e3o em uma demonstra\u00e7\u00e3o completa<\/a><\/p> <\/div> <div class=\"application-platform-content-item-installation application-platform-content-item\" id=\"installation\" data-nav-section=\"installation\"> <h2>Como adiciono \u00edcones de m\u00eddia social \u00e0 minha p\u00e1gina Jimdo? <\/h2> <p>Basta seguir as orienta\u00e7\u00f5es abaixo para come\u00e7ar a trabalhar com a ferramenta. <\/p> <ol><li><b>Abra nosso configurador gratuito e comece a criar seu widget personalizado. <\/b><br> Encontre a interface e as op\u00e7\u00f5es preferidas do widget e salve as modifica\u00e7\u00f5es. <\/li> <li><b>Adquira o c\u00f3digo individual que aparece na caixa nas aplica\u00e7\u00f5es Elfsight. <\/b><br> Logo ap\u00f3s a configura\u00e7\u00e3o da sua ferramenta pessoal, copie o c\u00f3digo exclusivo no popup e guarde-o para uso posterior. <\/li> <li><b>Inicie a aplica\u00e7\u00e3o do widget em seu site Jimdo. <\/b><br> Incorpore o c\u00f3digo que voc\u00ea salvou anteriormente em sua p\u00e1gina da web e salve os ajustes. <\/li> <li><b>Pronto! A incorpora\u00e7\u00e3o foi realizada com sucesso. <\/b><br> Visite sua p\u00e1gina para inspecionar o desempenho da ferramenta. <\/li><\/ol> <p>Caso voc\u00ea tenha d\u00favidas ou atropele alguns obst\u00e1culos, n\u00e3o hesite em recorrer \u00e0 nossa equipe de atendimento ao cliente. Nossos consultores desejam ajud\u00e1-lo com todos os problemas que voc\u00ea possa ter com o widget. <\/p> <\/div><div class=\"faq\" data-component=\"FAQ\"><div class=\"faq-item\">\r\n\t\t\t\t\t<div class=\"faq-item-question\">\r\n\t\t\t\t\t\t<h3 class=\"faq-item-question-text\">De que forma \u00e9 poss\u00edvel adicionar \u00edcones de m\u00eddia social ao meu site Jimdo sem nenhum conhecimento de codifica\u00e7\u00e3o?<\/h3>\r\n\r\n\t\t\t\t\t\t<div class=\"faq-item-question-icon\"><\/div>\r\n\t\t\t\t\t<\/div>\r\n\r\n\t\t\t\t\t<div class=\"faq-item-answer\">\r\n\t\t\t\t\t\t<div class=\"faq-item-answer-text\"><p> A empresa Elfsight oferece uma solu\u00e7\u00e3o Cloud que permite \u00e0s pessoas criarem voc\u00ea mesmo um plugin de \u00edcones de redes sociais. Veja o guia simples: <\/p><ul><li>Comece a trabalhar directamente no editor ao vivo para criar um widget de \u00edcones de redes sociais que gostaria de criar. integre ao seu site Jimdo.<\/li><li>Escolha um dos modelos prontos e altere as configura\u00e7\u00f5es dos \u00edcones de m\u00eddia social, altere o layout e as cores, inclua seu conte\u00fado sem nenhuma experi\u00eancia de codifica\u00e7\u00e3o.<\/li><li> Salve os \u00edcones de m\u00eddia social e copie o c\u00f3digo de instala\u00e7\u00e3o do widget, que pode ser adicionado no site Jimdo usando um plano gratuito.<\/li><\/ul><p>Trabalhando no configurador simples, cada usu\u00e1rio da web pode gerar o aplicativo de \u00edcones de m\u00eddia social online e cole-o facilmente na p\u00e1gina inicial do Jimdo. Voc\u00ea n\u00e3o deve pagar ou inserir os dados do seu cart\u00e3o para entrar no Elfsight Editor. Se voc\u00ea enfrentar qualquer tipo de obst\u00e1culo, n\u00e3o hesite em entrar em contato com nossa equipe de suporte.<\/p><\/div>\r\n\t\t\t\t\t<\/div>\r\n\t\t\t\t<\/div><\/div>","protected":false},"excerpt":{"rendered":"","protected":false},"author":9,"featured_media":0,"parent":1114,"menu_order":0,"comment_status":"closed","ping_status":"closed","template":"templates\/template-application-platform.php","meta":{"publish_to_discourse":"","publish_post_category":"","wpdc_auto_publish_overridden":"","wpdc_topic_tags":"","wpdc_pin_topic":"","wpdc_pin_until":"","discourse_post_id":"","discourse_permalink":"","wpdc_publishing_response":"","wpdc_publishing_error":"","footnotes":""},"class_list":["post-7993","page","type-page","status-publish","hentry"],"yoast_head":"<!-- This site is optimized with the Yoast SEO plugin v25.3.1 - https:\/\/yoast.com\/wordpress\/plugins\/seo\/ -->\n<title>\u00cdcones de m\u00eddia social - Adicionar widget de \u00edcones sociais ao Jimdo<\/title>\n<meta name=\"description\" content=\"Experimente gratuitamente os \u00edcones de m\u00eddia social da Elfsight para Jimdo. Gere \u00edcones personalizados para o seu site em apenas alguns minutos!\" \/>\n<meta name=\"robots\" content=\"index, follow, max-snippet:-1, max-image-preview:large, max-video-preview:-1\" \/>\n<link rel=\"canonical\" href=\"https:\/\/elfsight.com\/pt\/social-media-icons-widget\/jimdo\/\" \/>\n<meta property=\"og:locale\" content=\"pt_PT\" \/>\n<meta property=\"og:type\" content=\"article\" \/>\n<meta property=\"og:title\" content=\"\u00cdcones de m\u00eddia social - Adicionar widget de \u00edcones sociais ao Jimdo\" \/>\n<meta property=\"og:description\" content=\"Experimente gratuitamente os \u00edcones de m\u00eddia social da Elfsight para Jimdo. Gere \u00edcones personalizados para o seu site em apenas alguns minutos!\" \/>\n<meta property=\"og:url\" content=\"https:\/\/elfsight.com\/pt\/social-media-icons-widget\/jimdo\/\" \/>\n<meta property=\"og:site_name\" content=\"Elfsight PT\" \/>\n<meta property=\"article:modified_time\" content=\"2024-11-12T15:28:03+00:00\" \/>\n<meta name=\"twitter:card\" content=\"summary_large_image\" \/>\n<meta name=\"twitter:label1\" content=\"Tempo estimado de leitura\" \/>\n\t<meta name=\"twitter:data1\" content=\"3 minutos\" \/>\n<!-- \/ Yoast SEO plugin. -->","yoast_head_json":{"title":"\u00cdcones de m\u00eddia social - Adicionar widget de \u00edcones sociais ao Jimdo","description":"Experimente gratuitamente os \u00edcones de m\u00eddia social da Elfsight para Jimdo. Gere \u00edcones personalizados para o seu site em apenas alguns minutos!","robots":{"index":"index","follow":"follow","max-snippet":"max-snippet:-1","max-image-preview":"max-image-preview:large","max-video-preview":"max-video-preview:-1"},"canonical":"https:\/\/elfsight.com\/pt\/social-media-icons-widget\/jimdo\/","og_locale":"pt_PT","og_type":"article","og_title":"\u00cdcones de m\u00eddia social - Adicionar widget de \u00edcones sociais ao Jimdo","og_description":"Experimente gratuitamente os \u00edcones de m\u00eddia social da Elfsight para Jimdo. Gere \u00edcones personalizados para o seu site em apenas alguns minutos!","og_url":"https:\/\/elfsight.com\/pt\/social-media-icons-widget\/jimdo\/","og_site_name":"Elfsight PT","article_modified_time":"2024-11-12T15:28:03+00:00","twitter_card":"summary_large_image","twitter_misc":{"Tempo estimado de leitura":"3 minutos"},"schema":{"@context":"https:\/\/schema.org","@graph":[{"@type":"WebPage","@id":"https:\/\/elfsight.com\/pt\/social-media-icons-widget\/jimdo\/","url":"https:\/\/elfsight.com\/pt\/social-media-icons-widget\/jimdo\/","name":"\u00cdcones de m\u00eddia social - Adicionar widget de \u00edcones sociais ao Jimdo","isPartOf":{"@id":"https:\/\/elfsight.com\/pt\/#website"},"datePublished":"1970-01-01T00:00:00+00:00","dateModified":"2024-11-12T15:28:03+00:00","description":"Experimente gratuitamente os \u00edcones de m\u00eddia social da Elfsight para Jimdo. Gere \u00edcones personalizados para o seu site em apenas alguns minutos!","breadcrumb":{"@id":"https:\/\/elfsight.com\/pt\/social-media-icons-widget\/jimdo\/#breadcrumb"},"inLanguage":"pt-PT","potentialAction":[{"@type":"ReadAction","target":["https:\/\/elfsight.com\/pt\/social-media-icons-widget\/jimdo\/"]}]},{"@type":"BreadcrumbList","@id":"https:\/\/elfsight.com\/pt\/social-media-icons-widget\/jimdo\/#breadcrumb","itemListElement":[{"@type":"ListItem","position":1,"name":"Home","item":"https:\/\/elfsight.com\/pt\/"},{"@type":"ListItem","position":2,"name":"Social Media Icons","item":"https:\/\/elfsight.com\/pt\/social-media-icons-widget\/"},{"@type":"ListItem","position":3,"name":"Social Media Icons &#8211; Jimdo"}]},{"@type":"WebSite","@id":"https:\/\/elfsight.com\/pt\/#website","url":"https:\/\/elfsight.com\/pt\/","name":"Elfsight PT","description":"Just another Elfsight Sites site","potentialAction":[{"@type":"SearchAction","target":{"@type":"EntryPoint","urlTemplate":"https:\/\/elfsight.com\/pt\/?s={search_term_string}"},"query-input":{"@type":"PropertyValueSpecification","valueRequired":true,"valueName":"search_term_string"}}],"inLanguage":"pt-PT"}]}},"meta_box":{"industry":"","seo_heading":"","heading":"","description":"","cta_heading":"","cta_description":"","application":"1113","h1":"Widget de \u00edcones de m\u00eddia social para Jimdo","h1_caption":"Aumente sua popularidade nas redes sociais com \u00edcones \u00fateis","application_category":[],"applications_title":"","applications_request_title":"","applications_request_button_text":"","hero_text":"","hero_video":"","hero_video_schema_markup":"","selling_points_title":"","selling_points_caption":"","selling_points":[],"selling_points_cta_text":"","features_title":"","features":"","ed_cta_examples_text":"","ed_cta_examples_hidden":"","ed_cta_demo_text":"","ed_cta_demo_hidden":"","why_caption":"","why_editor_title":"","why_editor_text":"","why_team_title":"","why_team_text":"","why_service_title":"","why_service_text":"","template_catalog_visible":"","template_catalog_title":"","template_catalog_text":"","template_catalog_categories_visible":"","demo_title":"Crie seu widget de \u00edcones de m\u00eddia social","demo_caption":"Configure seus \u00edcones de m\u00eddia social e adicione-os ao seu site Jimdo gratuitamente!","default_faq_hidden":"","app_template_category":[],"platform":"5393","template_public_id":"","codecanyon_url":"","codecanyon_item_id":"","codecanyon_price":"","pricing_caption":"","pricing_elfsight_apps_hide_column":"","pricing_elfsight_apps_url":"","pricing_codecanyon_price_caption":"","integration_category":[],"integration_request_title":"","integration_request_cta":"","integration_platform":"","integrations":[],"platform_category":[],"video_schema_markup":"","price":"a partir de US$ 0\/m\u00eas","trial":"","benefits":[{"text":"Ajuda de instala\u00e7\u00e3o gratuita"},{"text":"Suporte premium"},{"text":"Garantia de reembolso de 14 dias"},{"text":"Desenvolvimento cont\u00ednuo"}],"button_url":"#demo","button_target_blank":"","button_nofollow":"","attributes":[{"name":"Instala\u00e7\u00f5es","content":"10,000 - 100,000"},{"name":"Responsivo","content":"Sim"},{"name":"Navegadores compat\u00edveis","content":"Firefox, Safari, Opera, Chrome, Edge"}],"tags":[],"tags_disable_links":"","hide_more_platforms":"","video_object":"","demo_hide_cta":"","demo_hide_cloud_options":"","pricing_title":"","pricing":[{"pricing_icon":"platform","pricing_title":"Elfsight Apps","pricing_title_caption":"Vers\u00e3o independente de plataforma que funciona em qualquer site","pricing_price":"a partir de US$ 0\/m\u00eas","pricing_price_caption":"comece com um plano gratuito","pricing_benefits":[{"text":"Dom\u00ednios ilimitados"},{"text":"Suporte dedicado \u00e0 empresa"},{"text":"Suporte dedicado \u00e0 empresa"},{"text":"Totalmente personaliz\u00e1vel"}],"pricing_button_text":"Adicionar ao site","pricing_button_url":"#demo"}],"related_apps_title":"","related_apps_hidden":"","author":"","image":[],"title":"","job":"","social_networks":[]},"_links":{"self":[{"href":"https:\/\/elfsight.com\/pt\/wp-json\/wp\/v2\/pages\/7993","targetHints":{"allow":["GET"]}}],"collection":[{"href":"https:\/\/elfsight.com\/pt\/wp-json\/wp\/v2\/pages"}],"about":[{"href":"https:\/\/elfsight.com\/pt\/wp-json\/wp\/v2\/types\/page"}],"author":[{"embeddable":true,"href":"https:\/\/elfsight.com\/pt\/wp-json\/wp\/v2\/users\/9"}],"replies":[{"embeddable":true,"href":"https:\/\/elfsight.com\/pt\/wp-json\/wp\/v2\/comments?post=7993"}],"version-history":[{"count":1,"href":"https:\/\/elfsight.com\/pt\/wp-json\/wp\/v2\/pages\/7993\/revisions"}],"predecessor-version":[{"id":7997,"href":"https:\/\/elfsight.com\/pt\/wp-json\/wp\/v2\/pages\/7993\/revisions\/7997"}],"up":[{"embeddable":true,"href":"https:\/\/elfsight.com\/pt\/wp-json\/wp\/v2\/pages\/1114"}],"wp:attachment":[{"href":"https:\/\/elfsight.com\/pt\/wp-json\/wp\/v2\/media?parent=7993"}],"curies":[{"name":"wp","href":"https:\/\/api.w.org\/{rel}","templated":true}]}}