{"id":7889,"date":"1970-01-01T00:00:00","date_gmt":"1970-01-01T00:00:00","guid":{"rendered":"https:\/\/elfsight.com\/pt\/?page_id=7889"},"modified":"2024-11-12T15:28:03","modified_gmt":"2024-11-12T15:28:03","slug":"jimdo","status":"publish","type":"page","link":"https:\/\/elfsight.com\/pt\/slider-widget\/jimdo\/","title":{"rendered":"Slider &#8211; Jimdo"},"content":{"rendered":"<div class=\"application-platform-content-item-description application-platform-content-item\" id=\"description\" data-nav-section=\"description\"><h2>Descri\u00e7\u00e3o<\/h2> <p>Elfsight Slider \u00e9 uma ferramenta simples que permite capturar a aten\u00e7\u00e3o dos usu\u00e1rios, demonstrando-lhes m\u00faltiplas imagens, v\u00eddeos ou melhores ofertas em seu site. Use qualquer quantidade de slides necess\u00e1ria para mostrar seus produtos e marcar neg\u00f3cios interessantes. Adicione efeitos visuais e dimensione o tamanho da imagem\/v\u00eddeo da maneira que voc\u00ea precisa. Com a ajuda de nossa ferramenta voc\u00ea poder\u00e1 criar um controle deslizante aparente que chamar\u00e1 a aten\u00e7\u00e3o dos usu\u00e1rios e n\u00e3o os deixar\u00e1 sair do seu site t\u00e3o cedo. <\/p> <p><b>Inicie o Slider para atingir os objetivos do seu neg\u00f3cio com mais efici\u00eancia! <\/b><\/p> <\/div> <div class=\"application-platform-content-item-features application-platform-content-item\" id=\"features\" data-nav-section=\"features\"> <h2>Estes s\u00e3o apenas alguns dos valiosos recursos do widget: <\/h2> <ul><li>Adicionar imagens\/v\u00eddeos por URL ou fa\u00e7a upload diretamente do seu dispositivo<\/li><li>V\u00eddeo de fundo em loop<\/li><li>Bot\u00f5es de call to action<\/li><li>Dura\u00e7\u00e3o ajust\u00e1vel da altern\u00e2ncia de slides<\/li><li>Pagina\u00e7\u00e3o (tra\u00e7os, marcadores, miniaturas, n\u00fameros)<\/li><li>Navega\u00e7\u00e3o deslizante<\/li><li>Sobreposi\u00e7\u00e3o de conte\u00fado slide por slide<\/li><li>Possibilidade de pausar o slide ao passar o mouse<\/li><li>Mostrar barra de progresso <\/li><li>Duas op\u00e7\u00f5es diferentes de transi\u00e7\u00e3o de imagem: Fade e Slide<\/li><li>Quantidade ilimitada de slides<\/li><\/ul><p><a href=\"#demo\">Basta marcar isto demonstra\u00e7\u00e3o para ter uma ideia completa<\/a><\/p> <\/div> <div class=\"application-platform-content-item-installation application-platform-content-item\" id=\"installation\" data-nav-section=\"installation\"> <h2>Como adicionar Slider a uma p\u00e1gina Jimdo? <\/h2> <p>Basta aplicar as instru\u00e7\u00f5es abaixo para come\u00e7ar a trabalhar com a ferramenta. <\/p> <ol><li><b>Inicie nossa demonstra\u00e7\u00e3o gratuita e comece a criar seu widget personalizado. <\/b><br> Encontre o design personalizado e os par\u00e2metros do widget e aplique as modifica\u00e7\u00f5es. <\/li> <li><b>Copie o c\u00f3digo exclusivo que aparece na janela dos aplicativos Elfsight. <\/b><br> Terminada a cria\u00e7\u00e3o da sua ferramenta pessoal, copie o c\u00f3digo exclusivo da caixa que aparece e guarde-o para uso futuro. <\/li> <li><b>Entre usando o widget na p\u00e1gina inicial do Jimdo. <\/b><br> Adicione o c\u00f3digo copiado anteriormente em seu site e aplique os ajustes. <\/li> <li><b>Pronto! A incorpora\u00e7\u00e3o foi realizada com sucesso. <\/b><br> Visite sua p\u00e1gina para ver o funcionamento da ferramenta. <\/li><\/ol> <p>Na condi\u00e7\u00e3o de enfrentar d\u00favidas ou enfrentar qualquer problema, escreva para nossa equipe de atendimento ao cliente. Nossos especialistas est\u00e3o ansiosos para ajud\u00e1-lo com todos os problemas que voc\u00ea possa ter com o widget. <\/p> <div class=\"faq\" data-component=\"FAQ\"><div class=\"faq-item\">\r\n\t\t\t\t\t<div class=\"faq-item-question\">\r\n\t\t\t\t\t\t<h3 class=\"faq-item-question-text\">De que maneira posso incorporar o Slider no meu Jimdo sem nenhum conhecimento de codifica\u00e7\u00e3o?<\/h3>\r\n\r\n\t\t\t\t\t\t<div class=\"faq-item-question-icon\"><\/div>\r\n\t\t\t\t\t<\/div>\r\n\r\n\t\t\t\t\t<div class=\"faq-item-answer\">\r\n\t\t\t\t\t\t<div class=\"faq-item-answer-text\"> <p>A Elfsight oferece uma solu\u00e7\u00e3o Cloud que permite que um p\u00fablico amplo crie voc\u00ea mesmo um widget Slider, descubra qu\u00e3o simples \u00e9 o processo: Trabalhe diretamente no Editor ao vivo para criar uma se\u00e7\u00e3o Slider que voc\u00ea gostaria de integrar na p\u00e1gina inicial do Jimdo. Escolha um dos modelos prontos e altere as configura\u00e7\u00f5es do Slider, altere o layout e a cor dos elementos e atualize seu conte\u00fado, sem nenhuma experi\u00eancia em codifica\u00e7\u00e3o. Salve as configura\u00e7\u00f5es feitas no Slider e copie o c\u00f3digo de instala\u00e7\u00e3o do widget, que pode ser facilmente adicionado \u00e0 p\u00e1gina Jimdo dentro de um plano gratuito. Com nosso configurador simples, cada usu\u00e1rio da Internet pode estabelecer um widget Slider online e incorpor\u00e1-lo facilmente em qualquer p\u00e1gina inicial do Jimdo. N\u00e3o \u00e9 necess\u00e1rio obter um plano pago ou divulgar as credenciais do seu cart\u00e3o para acessar o servi\u00e7o Elfsight. Se voc\u00ea encontrar algum obst\u00e1culo em qualquer etapa, fale com nossa equipe de suporte.<\/p> <\/div>\r\n\t\t\t\t\t<\/div>\r\n\t\t\t\t<\/div> <\/div><\/div><!-- wp:par\u00e1grafo --><p><\/p><!-- \/wp:par\u00e1grafo -->","protected":false},"excerpt":{"rendered":"","protected":false},"author":9,"featured_media":0,"parent":948,"menu_order":0,"comment_status":"closed","ping_status":"closed","template":"templates\/template-application-platform.php","meta":{"publish_to_discourse":"","publish_post_category":"","wpdc_auto_publish_overridden":"","wpdc_topic_tags":"","wpdc_pin_topic":"","wpdc_pin_until":"","discourse_post_id":"","discourse_permalink":"","wpdc_publishing_response":"","wpdc_publishing_error":"","footnotes":""},"class_list":["post-7889","page","type-page","status-publish","hentry"],"yoast_head":"<!-- This site is optimized with the Yoast SEO plugin v25.3.1 - https:\/\/yoast.com\/wordpress\/plugins\/seo\/ -->\n<title>Adicionar widget Image Slider a um site Jimdo [2025]<\/title>\n<meta name=\"description\" content=\"Aproveite a oportunidade de ajustar o widget Slider personalizado agora mesmo e adicion\u00e1-lo ao seu site Jimdo diretamente da demonstra\u00e7\u00e3o ao vivo.\" \/>\n<meta name=\"robots\" content=\"index, follow, max-snippet:-1, max-image-preview:large, max-video-preview:-1\" \/>\n<link rel=\"canonical\" href=\"https:\/\/elfsight.com\/pt\/slider-widget\/jimdo\/\" \/>\n<meta property=\"og:locale\" content=\"pt_PT\" \/>\n<meta property=\"og:type\" content=\"article\" \/>\n<meta property=\"og:title\" content=\"Adicionar widget Image Slider a um site Jimdo [2025]\" \/>\n<meta property=\"og:description\" content=\"Aproveite a oportunidade de ajustar o widget Slider personalizado agora mesmo e adicion\u00e1-lo ao seu site Jimdo diretamente da demonstra\u00e7\u00e3o ao vivo.\" \/>\n<meta property=\"og:url\" content=\"https:\/\/elfsight.com\/pt\/slider-widget\/jimdo\/\" \/>\n<meta property=\"og:site_name\" content=\"Elfsight PT\" \/>\n<meta property=\"article:modified_time\" content=\"2024-11-12T15:28:03+00:00\" \/>\n<meta name=\"twitter:card\" content=\"summary_large_image\" \/>\n<meta name=\"twitter:label1\" content=\"Tempo estimado de leitura\" \/>\n\t<meta name=\"twitter:data1\" content=\"3 minutos\" \/>\n<!-- \/ Yoast SEO plugin. -->","yoast_head_json":{"title":"Adicionar widget Image Slider a um site Jimdo [2025]","description":"Aproveite a oportunidade de ajustar o widget Slider personalizado agora mesmo e adicion\u00e1-lo ao seu site Jimdo diretamente da demonstra\u00e7\u00e3o ao vivo.","robots":{"index":"index","follow":"follow","max-snippet":"max-snippet:-1","max-image-preview":"max-image-preview:large","max-video-preview":"max-video-preview:-1"},"canonical":"https:\/\/elfsight.com\/pt\/slider-widget\/jimdo\/","og_locale":"pt_PT","og_type":"article","og_title":"Adicionar widget Image Slider a um site Jimdo [2025]","og_description":"Aproveite a oportunidade de ajustar o widget Slider personalizado agora mesmo e adicion\u00e1-lo ao seu site Jimdo diretamente da demonstra\u00e7\u00e3o ao vivo.","og_url":"https:\/\/elfsight.com\/pt\/slider-widget\/jimdo\/","og_site_name":"Elfsight PT","article_modified_time":"2024-11-12T15:28:03+00:00","twitter_card":"summary_large_image","twitter_misc":{"Tempo estimado de leitura":"3 minutos"},"schema":{"@context":"https:\/\/schema.org","@graph":[{"@type":"WebPage","@id":"https:\/\/elfsight.com\/pt\/slider-widget\/jimdo\/","url":"https:\/\/elfsight.com\/pt\/slider-widget\/jimdo\/","name":"Adicionar widget Image Slider a um site Jimdo [2025]","isPartOf":{"@id":"https:\/\/elfsight.com\/pt\/#website"},"datePublished":"1970-01-01T00:00:00+00:00","dateModified":"2024-11-12T15:28:03+00:00","description":"Aproveite a oportunidade de ajustar o widget Slider personalizado agora mesmo e adicion\u00e1-lo ao seu site Jimdo diretamente da demonstra\u00e7\u00e3o ao vivo.","breadcrumb":{"@id":"https:\/\/elfsight.com\/pt\/slider-widget\/jimdo\/#breadcrumb"},"inLanguage":"pt-PT","potentialAction":[{"@type":"ReadAction","target":["https:\/\/elfsight.com\/pt\/slider-widget\/jimdo\/"]}]},{"@type":"BreadcrumbList","@id":"https:\/\/elfsight.com\/pt\/slider-widget\/jimdo\/#breadcrumb","itemListElement":[{"@type":"ListItem","position":1,"name":"Home","item":"https:\/\/elfsight.com\/pt\/"},{"@type":"ListItem","position":2,"name":"Slider","item":"https:\/\/elfsight.com\/pt\/slider-widget\/"},{"@type":"ListItem","position":3,"name":"Slider &#8211; Jimdo"}]},{"@type":"WebSite","@id":"https:\/\/elfsight.com\/pt\/#website","url":"https:\/\/elfsight.com\/pt\/","name":"Elfsight PT","description":"Just another Elfsight Sites site","potentialAction":[{"@type":"SearchAction","target":{"@type":"EntryPoint","urlTemplate":"https:\/\/elfsight.com\/pt\/?s={search_term_string}"},"query-input":{"@type":"PropertyValueSpecification","valueRequired":true,"valueName":"search_term_string"}}],"inLanguage":"pt-PT"}]}},"meta_box":{"industry":"","seo_heading":"","heading":"","description":"","cta_heading":"","cta_description":"","application":"947","h1":"Widget deslizante de imagem Jimdo","h1_caption":"Crie controles deslizantes personalizados de fotos, v\u00eddeos e banners para o seu site","application_category":[],"applications_title":"","applications_request_title":"","applications_request_button_text":"","hero_text":"","hero_video":"","hero_video_schema_markup":"","selling_points_title":"","selling_points_caption":"","selling_points":[],"selling_points_cta_text":"","features_title":"","features":"","ed_cta_examples_text":"","ed_cta_examples_hidden":"","ed_cta_demo_text":"","ed_cta_demo_hidden":"","why_caption":"","why_editor_title":"","why_editor_text":"","why_team_title":"","why_team_text":"","why_service_title":"","why_service_text":"","template_catalog_visible":"","template_catalog_title":"","template_catalog_text":"","template_catalog_categories_visible":"","demo_title":"Crie seu widget deslizante","demo_caption":"Configure seu Slider e adicione-o ao seu site Jimdo gratuitamente!","default_faq_hidden":"","app_template_category":[],"platform":"5393","template_public_id":"","codecanyon_url":"","codecanyon_item_id":"","codecanyon_price":"","pricing_caption":"","pricing_elfsight_apps_hide_column":"","pricing_elfsight_apps_url":"","pricing_codecanyon_price_caption":"","integration_category":[],"integration_request_title":"","integration_request_cta":"","integration_platform":"","integrations":[],"platform_category":[],"video_schema_markup":"","price":"a partir de US$ 0\/m\u00eas","trial":"","benefits":[{"text":"Ajuda de instala\u00e7\u00e3o gratuita"},{"text":"Suporte ao cliente experiente"},{"text":"Garantia de devolu\u00e7\u00e3o do dinheiro em 14 dias"},{"text":"Melhorias cont\u00ednuas"}],"button_url":"#demo","button_target_blank":"","button_nofollow":"","attributes":[{"name":"Instala\u00e7\u00f5es","content":"10,000 - 100,000"},{"name":"Responsivo","content":"Sim"},{"name":"Navegadores compat\u00edveis","content":"Firefox, Safari, Opera, Chrome, Edge"}],"tags":[],"tags_disable_links":"","hide_more_platforms":"","video_object":"","demo_hide_cta":"","demo_hide_cloud_options":"","pricing_title":"","pricing":[{"pricing_icon":"platform","pricing_title":"Elfsight Apps","pricing_title_caption":"Vers\u00e3o multiplataforma","pricing_price":"a partir de US$ 0\/m\u00eas","pricing_price_caption":"comece com um plano gratuito","pricing_benefits":[{"text":"Dom\u00ednios ilimitados"},{"text":"Suporte 24 horas por dia, 7 dias por semana e pontual"},{"text":"Suporte 24 horas por dia, 7 dias por semana e pontual"},{"text":"Totalmente personaliz\u00e1vel"}],"pricing_button_text":"Adicionar ao site","pricing_button_url":"#demo"}],"related_apps_title":"","related_apps_hidden":"","author":"","image":[],"title":"","job":"","social_networks":[]},"_links":{"self":[{"href":"https:\/\/elfsight.com\/pt\/wp-json\/wp\/v2\/pages\/7889","targetHints":{"allow":["GET"]}}],"collection":[{"href":"https:\/\/elfsight.com\/pt\/wp-json\/wp\/v2\/pages"}],"about":[{"href":"https:\/\/elfsight.com\/pt\/wp-json\/wp\/v2\/types\/page"}],"author":[{"embeddable":true,"href":"https:\/\/elfsight.com\/pt\/wp-json\/wp\/v2\/users\/9"}],"replies":[{"embeddable":true,"href":"https:\/\/elfsight.com\/pt\/wp-json\/wp\/v2\/comments?post=7889"}],"version-history":[{"count":1,"href":"https:\/\/elfsight.com\/pt\/wp-json\/wp\/v2\/pages\/7889\/revisions"}],"predecessor-version":[{"id":7893,"href":"https:\/\/elfsight.com\/pt\/wp-json\/wp\/v2\/pages\/7889\/revisions\/7893"}],"up":[{"embeddable":true,"href":"https:\/\/elfsight.com\/pt\/wp-json\/wp\/v2\/pages\/948"}],"wp:attachment":[{"href":"https:\/\/elfsight.com\/pt\/wp-json\/wp\/v2\/media?parent=7889"}],"curies":[{"name":"wp","href":"https:\/\/api.w.org\/{rel}","templated":true}]}}