{"id":7826,"date":"1970-01-01T00:00:00","date_gmt":"1970-01-01T00:00:00","guid":{"rendered":"https:\/\/elfsight.com\/pt\/?page_id=7826"},"modified":"2024-11-13T11:18:54","modified_gmt":"2024-11-13T11:18:54","slug":"bigcommerce","status":"publish","type":"page","link":"https:\/\/elfsight.com\/pt\/rss-feed-widget\/bigcommerce\/","title":{"rendered":"RSS Feed &#8211; BigCommerce"},"content":{"rendered":"<div class=\"application-platform-content-item-description application-platform-content-item\" id=\"description\" data-nav-section=\"description\"> <h2>Descri\u00e7\u00e3o<\/h2> <p>O Elfsight RSS Feed para BigCommerce \u00e9 uma ferramenta para criar emo\u00e7\u00f5es e experi\u00eancias. Com ele voc\u00ea pode criar um feed personalizado composto pelo conte\u00fado de diversos sites de not\u00edcias &#8211; e coloc\u00e1-lo diretamente no seu site. Aproveite o controle total sobre o conte\u00fado exibido e elimine spam e qualquer conte\u00fado indesejado por meio de modera\u00e7\u00e3o manual. O editor online totalmente responsivo oferece v\u00e1rios modelos para voc\u00ea escolher. <\/p> <p><b>Adicione RSS Feed para atingir seus objetivos com menos esfor\u00e7o! <\/b><\/p> <\/div> <div class=\"application-platform-content-item-features application-platform-content-item\" id=\"features\" data-nav-section=\"features\"> <h2>Aqui est\u00e3o os principais recursos do aplicativo: <\/h2> <ul><li>Oculte o cabe\u00e7alho para fazer a ferramenta parecer minimalista . <\/li><li>Elimine qualquer spam e conte\u00fado indesejado por meio do modo de modera\u00e7\u00e3o manual. <\/li><li>Selecione um dos 6 layouts dispon\u00edveis: Colagem, Grade, Lista, Alvenaria, Controle deslizante, Carrossel. <\/li><li>Deixe suas postagens aparecerem em modo pop-up. <\/li><\/ul><p><a href=\"#demo\">Voc\u00ea pode sentir o que o widget oferece com a ajuda da demonstra\u00e7\u00e3o<\/a><\/p> <\/div> <div class=\"application-platform-content-item- instala\u00e7\u00e3o application-platform-content-item\" id=\" instala\u00e7\u00e3o\" data-nav-section=\" instala\u00e7\u00e3o\"> <h2>Como fa\u00e7o para incorporar RSS Feed em meu site BigCommerce? <\/h2> <p>Basta seguir as etapas abaixo para adicionar o aplicativo. <\/p> <ol><li><b>Utilize nosso configurador gratuito e comece a formar seu pr\u00f3prio instrumento. <\/b><br> Escolha o layout e os recursos selecionados do widget e salve as modifica\u00e7\u00f5es. <\/li> <li><b>Adquira seu c\u00f3digo exclusivo exposto na caixa dos aplicativos da Elfsight. <\/b><br> Quando o estabelecimento do seu widget estiver conclu\u00eddo, copie o c\u00f3digo exclusivo no pop-up que aparece e guarde-o para uso posterior. <\/li> <li><b>Comece a usar o widget no site BigCommerce. <\/b><br> Cole o c\u00f3digo que voc\u00ea salvou anteriormente em seu site e aplique as corre\u00e7\u00f5es. <\/li> <li><b>Pronto! A configura\u00e7\u00e3o foi realizada com sucesso. <\/b><br> Acesse seu site para observar o funcionamento do aplicativo. <\/li><\/ol> <p>Caso voc\u00ea tenha algum problema, n\u00e3o hesite em escrever para nossa equipe de atendimento ao cliente. Nossos consultores ter\u00e3o prazer em resolver todos os problemas que voc\u00ea possa ter com o aplicativo. <\/p> <\/div><div class=\"faq\" data-component=\"FAQ\"><div class=\"faq-item\">\r\n\t\t\t\t\t<div class=\"faq-item-question\">\r\n\t\t\t\t\t\t<h3 class=\"faq-item-question-text\">Como posso adicionar RSS Feed ao meu site BigCommerce sem codifica\u00e7\u00e3o?<\/h3>\r\n\r\n\t\t\t\t\t\t<div class=\"faq-item-question-icon\"><\/div>\r\n\t\t\t\t\t<\/div>\r\n\r\n\t\t\t\t\t<div class=\"faq-item-answer\">\r\n\t\t\t\t\t\t<div class=\"faq-item-answer-text\"><p>A empresa Elfsight apresenta uma solu\u00e7\u00e3o SaaS que permite gerar voc\u00ea mesmo um plug-in de feed RSS, verifique as instru\u00e7\u00f5es simples: <\/p><ul><li>Comece a trabalhar diretamente na demonstra\u00e7\u00e3o on-line para estabelecer um widget de feed RSS que voc\u00ea gostaria de ver em seu site BigCommerce.<\/li><li>Clique em um dos modelos pr\u00e9-fabricados e altere as configura\u00e7\u00f5es do RSS Feed, transforme o layout e a cor dos elementos, adicione seu conte\u00fado sem nenhum conhecimento de codifica\u00e7\u00e3o.<\/li><li>Salve o RSS Feed e obtenha seu c\u00f3digo para incorpora\u00e7\u00e3o, que voc\u00ea pode incorporar prontamente em sua p\u00e1gina inicial do BigCommerce gratuitamente.<\/li><\/ul><p>Com a ajuda de nosso configurador amig\u00e1vel, cada usu\u00e1rio da Internet pode criar um widget de feed RSS e inclu\u00ed-lo na p\u00e1gina inicial do BigCommerce. Voc\u00ea n\u00e3o deve pagar ou inserir as credenciais do seu cart\u00e3o para entrar no Editor. Se voc\u00ea encontrar qualquer tipo de problema, sinta-se \u00e0 vontade para entrar em contato com nossa equipe de suporte.<\/p><\/div>\r\n\t\t\t\t\t<\/div>\r\n\t\t\t\t<\/div><\/div> <p><\/p>","protected":false},"excerpt":{"rendered":"","protected":false},"author":9,"featured_media":0,"parent":1528,"menu_order":0,"comment_status":"closed","ping_status":"closed","template":"templates\/template-application-platform.php","meta":{"publish_to_discourse":"","publish_post_category":"","wpdc_auto_publish_overridden":"","wpdc_topic_tags":"","wpdc_pin_topic":"","wpdc_pin_until":"","discourse_post_id":"","discourse_permalink":"","wpdc_publishing_response":"","wpdc_publishing_error":"","footnotes":""},"class_list":["post-7826","page","type-page","status-publish","hentry"],"yoast_head":"<!-- This site is optimized with the Yoast SEO plugin v25.3.1 - https:\/\/yoast.com\/wordpress\/plugins\/seo\/ -->\n<title>Adicione widget RSS Feed ao site BigCommerce (r\u00e1pido e gratuito)<\/title>\n<meta name=\"description\" content=\"Incorpore um aplicativo RSS Feed responsivo ao seu site BigCommerce. Use a demonstra\u00e7\u00e3o pr\u00e1tica da Elfsight e gere seu fascinante RSS Feed.\" \/>\n<meta name=\"robots\" content=\"index, follow, max-snippet:-1, max-image-preview:large, max-video-preview:-1\" \/>\n<link rel=\"canonical\" href=\"https:\/\/elfsight.com\/pt\/rss-feed-widget\/bigcommerce\/\" \/>\n<meta property=\"og:locale\" content=\"pt_PT\" \/>\n<meta property=\"og:type\" content=\"article\" \/>\n<meta property=\"og:title\" content=\"Adicione widget RSS Feed ao site BigCommerce (r\u00e1pido e gratuito)\" \/>\n<meta property=\"og:description\" content=\"Incorpore um aplicativo RSS Feed responsivo ao seu site BigCommerce. Use a demonstra\u00e7\u00e3o pr\u00e1tica da Elfsight e gere seu fascinante RSS Feed.\" \/>\n<meta property=\"og:url\" content=\"https:\/\/elfsight.com\/pt\/rss-feed-widget\/bigcommerce\/\" \/>\n<meta property=\"og:site_name\" content=\"Elfsight PT\" \/>\n<meta property=\"article:modified_time\" content=\"2024-11-13T11:18:54+00:00\" \/>\n<meta name=\"twitter:card\" content=\"summary_large_image\" \/>\n<meta name=\"twitter:label1\" content=\"Tempo estimado de leitura\" \/>\n\t<meta name=\"twitter:data1\" content=\"3 minutos\" \/>\n<!-- \/ Yoast SEO plugin. -->","yoast_head_json":{"title":"Adicione widget RSS Feed ao site BigCommerce (r\u00e1pido e gratuito)","description":"Incorpore um aplicativo RSS Feed responsivo ao seu site BigCommerce. Use a demonstra\u00e7\u00e3o pr\u00e1tica da Elfsight e gere seu fascinante RSS Feed.","robots":{"index":"index","follow":"follow","max-snippet":"max-snippet:-1","max-image-preview":"max-image-preview:large","max-video-preview":"max-video-preview:-1"},"canonical":"https:\/\/elfsight.com\/pt\/rss-feed-widget\/bigcommerce\/","og_locale":"pt_PT","og_type":"article","og_title":"Adicione widget RSS Feed ao site BigCommerce (r\u00e1pido e gratuito)","og_description":"Incorpore um aplicativo RSS Feed responsivo ao seu site BigCommerce. Use a demonstra\u00e7\u00e3o pr\u00e1tica da Elfsight e gere seu fascinante RSS Feed.","og_url":"https:\/\/elfsight.com\/pt\/rss-feed-widget\/bigcommerce\/","og_site_name":"Elfsight PT","article_modified_time":"2024-11-13T11:18:54+00:00","twitter_card":"summary_large_image","twitter_misc":{"Tempo estimado de leitura":"3 minutos"},"schema":{"@context":"https:\/\/schema.org","@graph":[{"@type":"WebPage","@id":"https:\/\/elfsight.com\/pt\/rss-feed-widget\/bigcommerce\/","url":"https:\/\/elfsight.com\/pt\/rss-feed-widget\/bigcommerce\/","name":"Adicione widget RSS Feed ao site BigCommerce (r\u00e1pido e gratuito)","isPartOf":{"@id":"https:\/\/elfsight.com\/pt\/#website"},"datePublished":"1970-01-01T00:00:00+00:00","dateModified":"2024-11-13T11:18:54+00:00","description":"Incorpore um aplicativo RSS Feed responsivo ao seu site BigCommerce. Use a demonstra\u00e7\u00e3o pr\u00e1tica da Elfsight e gere seu fascinante RSS Feed.","breadcrumb":{"@id":"https:\/\/elfsight.com\/pt\/rss-feed-widget\/bigcommerce\/#breadcrumb"},"inLanguage":"pt-PT","potentialAction":[{"@type":"ReadAction","target":["https:\/\/elfsight.com\/pt\/rss-feed-widget\/bigcommerce\/"]}]},{"@type":"BreadcrumbList","@id":"https:\/\/elfsight.com\/pt\/rss-feed-widget\/bigcommerce\/#breadcrumb","itemListElement":[{"@type":"ListItem","position":1,"name":"Home","item":"https:\/\/elfsight.com\/pt\/"},{"@type":"ListItem","position":2,"name":"RSS Feed","item":"https:\/\/elfsight.com\/pt\/rss-feed-widget\/"},{"@type":"ListItem","position":3,"name":"RSS Feed &#8211; BigCommerce"}]},{"@type":"WebSite","@id":"https:\/\/elfsight.com\/pt\/#website","url":"https:\/\/elfsight.com\/pt\/","name":"Elfsight PT","description":"Just another Elfsight Sites site","potentialAction":[{"@type":"SearchAction","target":{"@type":"EntryPoint","urlTemplate":"https:\/\/elfsight.com\/pt\/?s={search_term_string}"},"query-input":{"@type":"PropertyValueSpecification","valueRequired":true,"valueName":"search_term_string"}}],"inLanguage":"pt-PT"}]}},"meta_box":{"industry":"","seo_heading":"","heading":"","description":"","cta_heading":"","cta_description":"","application":"1526","h1":"Aplicativo de feed RSS do BigCommerce","h1_caption":"Exiba o conte\u00fado de qualquer blog do seu site via RSS Feed com apenas alguns cliques!","application_category":[],"applications_title":"","applications_request_title":"","applications_request_button_text":"","hero_text":"","hero_video":"","hero_video_schema_markup":"","selling_points_title":"","selling_points_caption":"","selling_points":[],"selling_points_cta_text":"","features_title":"","features":"","ed_cta_examples_text":"","ed_cta_examples_hidden":"","ed_cta_demo_text":"","ed_cta_demo_hidden":"","why_caption":"","why_editor_title":"","why_editor_text":"","why_team_title":"","why_team_text":"","why_service_title":"","why_service_text":"","template_catalog_visible":"","template_catalog_title":"","template_catalog_text":"","template_catalog_categories_visible":"","demo_title":"Crie seu aplicativo de feed RSS","demo_caption":"Configure seu RSS Feed e adicione-o ao seu site BigCommerce gratuitamente!","default_faq_hidden":"","app_template_category":[],"platform":"43","template_public_id":"","codecanyon_url":"","codecanyon_item_id":"","codecanyon_price":"","pricing_caption":"","pricing_elfsight_apps_hide_column":"","pricing_elfsight_apps_url":"","pricing_codecanyon_price_caption":"","integration_category":[],"integration_request_title":"","integration_request_cta":"","integration_platform":"","integrations":[],"platform_category":[],"video_schema_markup":"","price":"a partir de US$ 0\/m\u00eas","trial":"","benefits":[{"text":"Servi\u00e7o de instala\u00e7\u00e3o gratuito"},{"text":"Suporte premium"},{"text":"Garantia de devolu\u00e7\u00e3o do dinheiro em 14 dias"},{"text":"Atualizando constantemente"}],"button_url":"#demo","button_target_blank":"","button_nofollow":"","attributes":[{"name":"Instala\u00e7\u00f5es","content":"10,000 - 100,000"},{"name":"Responsivo","content":"Sim"},{"name":"Navegadores compat\u00edveis","content":"Firefox, Safari, Opera, Chrome, Edge"}],"tags":[],"tags_disable_links":"","hide_more_platforms":"","video_object":"","demo_hide_cta":"","demo_hide_cloud_options":"","pricing_title":"","pricing":[{"pricing_icon":"platform","pricing_title":"Elfsight Apps","pricing_title_caption":"Vers\u00e3o multiplataforma adequada para qualquer site","pricing_price":"a partir de US$ 0\/m\u00eas","pricing_price_caption":"comece com um plano gratuito","pricing_benefits":[{"text":"Sites ilimitados"},{"text":"Suporte ao cliente 24 horas por dia, 7 dias por semana"},{"text":"Suporte ao cliente 24 horas por dia, 7 dias por semana"},{"text":"Design flex\u00edvel"}],"pricing_button_text":"Adicionar ao site","pricing_button_url":"#demo"}],"related_apps_title":"","related_apps_hidden":"","author":"","image":[],"title":"","job":"","social_networks":[]},"_links":{"self":[{"href":"https:\/\/elfsight.com\/pt\/wp-json\/wp\/v2\/pages\/7826","targetHints":{"allow":["GET"]}}],"collection":[{"href":"https:\/\/elfsight.com\/pt\/wp-json\/wp\/v2\/pages"}],"about":[{"href":"https:\/\/elfsight.com\/pt\/wp-json\/wp\/v2\/types\/page"}],"author":[{"embeddable":true,"href":"https:\/\/elfsight.com\/pt\/wp-json\/wp\/v2\/users\/9"}],"replies":[{"embeddable":true,"href":"https:\/\/elfsight.com\/pt\/wp-json\/wp\/v2\/comments?post=7826"}],"version-history":[{"count":1,"href":"https:\/\/elfsight.com\/pt\/wp-json\/wp\/v2\/pages\/7826\/revisions"}],"predecessor-version":[{"id":7830,"href":"https:\/\/elfsight.com\/pt\/wp-json\/wp\/v2\/pages\/7826\/revisions\/7830"}],"up":[{"embeddable":true,"href":"https:\/\/elfsight.com\/pt\/wp-json\/wp\/v2\/pages\/1528"}],"wp:attachment":[{"href":"https:\/\/elfsight.com\/pt\/wp-json\/wp\/v2\/media?parent=7826"}],"curies":[{"name":"wp","href":"https:\/\/api.w.org\/{rel}","templated":true}]}}