{"id":7816,"date":"1970-01-01T00:00:00","date_gmt":"1970-01-01T00:00:00","guid":{"rendered":"https:\/\/elfsight.com\/pt\/?page_id=7816"},"modified":"2024-11-13T11:18:46","modified_gmt":"2024-11-13T11:18:46","slug":"jquery","status":"publish","type":"page","link":"https:\/\/elfsight.com\/pt\/rss-feed-widget\/jquery\/","title":{"rendered":"RSS Feed &#8211; jQuery"},"content":{"rendered":"<div class=\"application-platform-content-item-description application-platform-content-item\" id=\"description\" data-nav-section=\"description\"> <h2>Descri\u00e7\u00e3o<\/h2> <p>Elfsight RSS Feed para jQuery \u00e9 um plugin exclusivo para marketing de emo\u00e7\u00f5es e experi\u00eancias. Ao us\u00e1-lo voc\u00ea pode criar um feed personalizado composto pelo conte\u00fado de v\u00e1rios blogs de not\u00edcias &#8211; e coloc\u00e1-lo diretamente no seu site. Aproveite o controle total sobre o conte\u00fado demonstrado e elimine spam e qualquer conte\u00fado indesejado por meio de modera\u00e7\u00e3o manual. O configurador online totalmente responsivo oferece diferentes modelos para voc\u00ea escolher. <\/p> <p><b>Com o RSS Feed, experimente o desenvolvimento ativo de neg\u00f3cios e aumente as vendas <\/b><\/p> <\/div> <div class=\"application-platform-content-item-features application-platform-content-item\" id=\"features\" data-nav-section=\"features\"> <h2>Veja a lista dos mais recursos valiosos: <\/h2> <ul><li>Coloque a se\u00e7\u00e3o principal para fazer o widget parecer minimalista. <\/li><li>Livre-se de qualquer spam e conte\u00fado indesejado aplicando modera\u00e7\u00e3o manual. <\/li><li>Selecione um dos seis layouts presentes: Lista, Alvenaria, Colagem, Controle deslizante, Grade, Carrossel. <\/li><li>Permita que suas postagens sejam visualizadas em modo pop-up. <\/li><\/ul><p><a href=\"#demo\">Experimente todas as op\u00e7\u00f5es de personaliza\u00e7\u00e3o na demonstra\u00e7\u00e3o completa<\/a><\/p> <\/div> <div class=\"application-platform-content-item-installation application-platform-content-item\" id=\"installation\" data-nav-section=\"installation\"> <h2>Como incorporar RSS Feed ao meu site jQuery? <\/h2> <p>Basta seguir v\u00e1rios passos descritos abaixo para inserir o plugin. <\/p> <ol><li><b>Utilize nosso configurador gratuito e comece a criar seu plugin exclusivo. <\/b><br> Escolha a forma e funcionalidade preferidas do plugin e aplique as modifica\u00e7\u00f5es. <\/li> <li><b>Obtenha seu c\u00f3digo exclusivo mostrado na caixa dos aplicativos Elfsight. <\/b><br> Assim que a gera\u00e7\u00e3o do seu plugin pessoal for conclu\u00edda, copie o c\u00f3digo individual da janela exibida e guarde-o para uso posterior. <\/li> <li><b>Inicie a utiliza\u00e7\u00e3o do plugin em seu site jQuery. <\/b><br> Insira o c\u00f3digo copiado anteriormente em sua p\u00e1gina e salve as modifica\u00e7\u00f5es. <\/li> <li><b>A configura\u00e7\u00e3o foi totalmente executada. <\/b><br> V\u00e1 para sua p\u00e1gina para inspecionar o funcionamento do plugin. <\/li><\/ol> <p>Na condi\u00e7\u00e3o de tirar d\u00favidas ou passar por alguma dificuldade, n\u00e3o hesite em solicitar nossa equipe de atendimento ao cliente. Nossos consultores est\u00e3o ansiosos para resolver todas as dificuldades que voc\u00ea possa ter com o plugin. <\/p> <\/div><div class=\"faq\" data-component=\"FAQ\"><div class=\"faq-item\">\r\n\t\t\t\t\t<div class=\"faq-item-question\">\r\n\t\t\t\t\t\t<h3 class=\"faq-item-question-text\">Existe um m\u00e9todo para incorporar RSS Feed na minha p\u00e1gina web jQuery sem experi\u00eancia em codifica\u00e7\u00e3o?<\/h3>\r\n\r\n\t\t\t\t\t\t<div class=\"faq-item-question-icon\"><\/div>\r\n\t\t\t\t\t<\/div>\r\n\r\n\t\t\t\t\t<div class=\"faq-item-answer\">\r\n\t\t\t\t\t\t<div class=\"faq-item-answer-text\"><p>Empresa Elfsight oferece uma solu\u00e7\u00e3o que permite aos usu\u00e1rios gerar voc\u00ea mesmo um widget de feed RSS. Veja como \u00e9 simples: <\/p><ul><li>V\u00e1 para o Editor ao vivo para criar um widget de feed RSS que voc\u00ea gostaria de incluir no jQuery.<\/li><li>Escolha um dos modelos predefinidos e ajuste as configura\u00e7\u00f5es do RSS Feed, atualize seu conte\u00fado, altere o layout e as cores sem conhecimento de codifica\u00e7\u00e3o.<\/li><li>Clique para salvar o RSS Feed e obter o c\u00f3digo de instala\u00e7\u00e3o, que pode ser facilmente colado na p\u00e1gina inicial do jQuery gratuitamente.<\/li><\/ul><p>Usando o Configurador intuitivo, qualquer usu\u00e1rio da Internet pode estabelecer RSS Feed on-line e incorpor\u00e1-lo ao site jQuery. Voc\u00ea n\u00e3o deve pagar ou enviar as credenciais do seu cart\u00e3o para entrar em nosso servi\u00e7o. Se voc\u00ea encontrar algum problema em qualquer etapa, entre em contato com nossa equipe de suporte.<\/p><\/div>\r\n\t\t\t\t\t<\/div>\r\n\t\t\t\t<\/div><\/div>","protected":false},"excerpt":{"rendered":"","protected":false},"author":9,"featured_media":0,"parent":1528,"menu_order":0,"comment_status":"closed","ping_status":"closed","template":"templates\/template-application-platform.php","meta":{"publish_to_discourse":"","publish_post_category":"","wpdc_auto_publish_overridden":"","wpdc_topic_tags":"","wpdc_pin_topic":"","wpdc_pin_until":"","discourse_post_id":"","discourse_permalink":"","wpdc_publishing_response":"","wpdc_publishing_error":"","footnotes":""},"class_list":["post-7816","page","type-page","status-publish","hentry"],"yoast_head":"<!-- This site is optimized with the Yoast SEO plugin v25.3.1 - https:\/\/yoast.com\/wordpress\/plugins\/seo\/ -->\n<title>Adicione o plugin RSS Feed ao site jQuery (r\u00e1pido e gratuito)<\/title>\n<meta name=\"description\" content=\"Integre um plugin RSS Feed responsivo em seu site jQuery. Use a demonstra\u00e7\u00e3o pr\u00e1tica da Elfsight e gere seu feed RSS exclusivo em alguns minutos\" \/>\n<meta name=\"robots\" content=\"index, follow, max-snippet:-1, max-image-preview:large, max-video-preview:-1\" \/>\n<link rel=\"canonical\" href=\"https:\/\/elfsight.com\/pt\/rss-feed-widget\/jquery\/\" \/>\n<meta property=\"og:locale\" content=\"pt_PT\" \/>\n<meta property=\"og:type\" content=\"article\" \/>\n<meta property=\"og:title\" content=\"Adicione o plugin RSS Feed ao site jQuery (r\u00e1pido e gratuito)\" \/>\n<meta property=\"og:description\" content=\"Integre um plugin RSS Feed responsivo em seu site jQuery. Use a demonstra\u00e7\u00e3o pr\u00e1tica da Elfsight e gere seu feed RSS exclusivo em alguns minutos\" \/>\n<meta property=\"og:url\" content=\"https:\/\/elfsight.com\/pt\/rss-feed-widget\/jquery\/\" \/>\n<meta property=\"og:site_name\" content=\"Elfsight PT\" \/>\n<meta property=\"article:modified_time\" content=\"2024-11-13T11:18:46+00:00\" \/>\n<meta name=\"twitter:card\" content=\"summary_large_image\" \/>\n<meta name=\"twitter:label1\" content=\"Tempo estimado de leitura\" \/>\n\t<meta name=\"twitter:data1\" content=\"3 minutos\" \/>\n<!-- \/ Yoast SEO plugin. -->","yoast_head_json":{"title":"Adicione o plugin RSS Feed ao site jQuery (r\u00e1pido e gratuito)","description":"Integre um plugin RSS Feed responsivo em seu site jQuery. Use a demonstra\u00e7\u00e3o pr\u00e1tica da Elfsight e gere seu feed RSS exclusivo em alguns minutos","robots":{"index":"index","follow":"follow","max-snippet":"max-snippet:-1","max-image-preview":"max-image-preview:large","max-video-preview":"max-video-preview:-1"},"canonical":"https:\/\/elfsight.com\/pt\/rss-feed-widget\/jquery\/","og_locale":"pt_PT","og_type":"article","og_title":"Adicione o plugin RSS Feed ao site jQuery (r\u00e1pido e gratuito)","og_description":"Integre um plugin RSS Feed responsivo em seu site jQuery. Use a demonstra\u00e7\u00e3o pr\u00e1tica da Elfsight e gere seu feed RSS exclusivo em alguns minutos","og_url":"https:\/\/elfsight.com\/pt\/rss-feed-widget\/jquery\/","og_site_name":"Elfsight PT","article_modified_time":"2024-11-13T11:18:46+00:00","twitter_card":"summary_large_image","twitter_misc":{"Tempo estimado de leitura":"3 minutos"},"schema":{"@context":"https:\/\/schema.org","@graph":[{"@type":"WebPage","@id":"https:\/\/elfsight.com\/pt\/rss-feed-widget\/jquery\/","url":"https:\/\/elfsight.com\/pt\/rss-feed-widget\/jquery\/","name":"Adicione o plugin RSS Feed ao site jQuery (r\u00e1pido e gratuito)","isPartOf":{"@id":"https:\/\/elfsight.com\/pt\/#website"},"datePublished":"1970-01-01T00:00:00+00:00","dateModified":"2024-11-13T11:18:46+00:00","description":"Integre um plugin RSS Feed responsivo em seu site jQuery. Use a demonstra\u00e7\u00e3o pr\u00e1tica da Elfsight e gere seu feed RSS exclusivo em alguns minutos","breadcrumb":{"@id":"https:\/\/elfsight.com\/pt\/rss-feed-widget\/jquery\/#breadcrumb"},"inLanguage":"pt-PT","potentialAction":[{"@type":"ReadAction","target":["https:\/\/elfsight.com\/pt\/rss-feed-widget\/jquery\/"]}]},{"@type":"BreadcrumbList","@id":"https:\/\/elfsight.com\/pt\/rss-feed-widget\/jquery\/#breadcrumb","itemListElement":[{"@type":"ListItem","position":1,"name":"Home","item":"https:\/\/elfsight.com\/pt\/"},{"@type":"ListItem","position":2,"name":"RSS Feed","item":"https:\/\/elfsight.com\/pt\/rss-feed-widget\/"},{"@type":"ListItem","position":3,"name":"RSS Feed &#8211; jQuery"}]},{"@type":"WebSite","@id":"https:\/\/elfsight.com\/pt\/#website","url":"https:\/\/elfsight.com\/pt\/","name":"Elfsight PT","description":"Just another Elfsight Sites site","potentialAction":[{"@type":"SearchAction","target":{"@type":"EntryPoint","urlTemplate":"https:\/\/elfsight.com\/pt\/?s={search_term_string}"},"query-input":{"@type":"PropertyValueSpecification","valueRequired":true,"valueName":"search_term_string"}}],"inLanguage":"pt-PT"}]}},"meta_box":{"industry":"","seo_heading":"","heading":"","description":"","cta_heading":"","cta_description":"","application":"1526","h1":"Plug-in de feed RSS jQuery","h1_caption":"Exiba postagens de qualquer blog em seu site via RSS Feed com facilidade!","application_category":[],"applications_title":"","applications_request_title":"","applications_request_button_text":"","hero_text":"","hero_video":"","hero_video_schema_markup":"","selling_points_title":"","selling_points_caption":"","selling_points":[],"selling_points_cta_text":"","features_title":"","features":"","ed_cta_examples_text":"","ed_cta_examples_hidden":"","ed_cta_demo_text":"","ed_cta_demo_hidden":"","why_caption":"","why_editor_title":"","why_editor_text":"","why_team_title":"","why_team_text":"","why_service_title":"","why_service_text":"","template_catalog_visible":"","template_catalog_title":"","template_catalog_text":"","template_catalog_categories_visible":"","demo_title":"Crie seu plug-in de feed RSS","demo_caption":"Configure seu RSS Feed e adicione-o ao seu site jQuery gratuitamente!","default_faq_hidden":"","app_template_category":[],"platform":"55","template_public_id":"","codecanyon_url":"","codecanyon_item_id":"","codecanyon_price":"","pricing_caption":"","pricing_elfsight_apps_hide_column":"","pricing_elfsight_apps_url":"","pricing_codecanyon_price_caption":"","integration_category":[],"integration_request_title":"","integration_request_cta":"","integration_platform":"","integrations":[],"platform_category":[],"video_schema_markup":"","price":"a partir de US$ 0\/m\u00eas","trial":"","benefits":[{"text":"Servi\u00e7o de instala\u00e7\u00e3o gratuito"},{"text":"Suporte ao cliente experiente"},{"text":"Garantia de reembolso de 14 dias"},{"text":"Atualiza\u00e7\u00f5es cont\u00ednuas"}],"button_url":"#demo","button_target_blank":"","button_nofollow":"","attributes":[{"name":"Instala\u00e7\u00f5es","content":"10,000 - 100,000"},{"name":"Responsivo","content":"Sim"},{"name":"Navegadores compat\u00edveis","content":"Firefox, Safari, Opera, Chrome, Edge"}],"tags":[],"tags_disable_links":"","hide_more_platforms":"","video_object":"","demo_hide_cta":"","demo_hide_cloud_options":"","pricing_title":"","pricing":[{"pricing_icon":"platform","pricing_title":"Elfsight Apps","pricing_title_caption":"Solu\u00e7\u00e3o independente de plataforma","pricing_price":"a partir de US$ 0\/m\u00eas","pricing_price_caption":"comece com um plano gratuito","pricing_benefits":[{"text":"Sites ilimitados"},{"text":"Suporte profissional ao cliente e bem documentado"},{"text":"Suporte profissional ao cliente e bem documentado"},{"text":"Design flex\u00edvel"}],"pricing_button_text":"Adicionar ao site","pricing_button_url":"#demo"}],"related_apps_title":"","related_apps_hidden":"","author":"","image":[],"title":"","job":"","social_networks":[]},"_links":{"self":[{"href":"https:\/\/elfsight.com\/pt\/wp-json\/wp\/v2\/pages\/7816","targetHints":{"allow":["GET"]}}],"collection":[{"href":"https:\/\/elfsight.com\/pt\/wp-json\/wp\/v2\/pages"}],"about":[{"href":"https:\/\/elfsight.com\/pt\/wp-json\/wp\/v2\/types\/page"}],"author":[{"embeddable":true,"href":"https:\/\/elfsight.com\/pt\/wp-json\/wp\/v2\/users\/9"}],"replies":[{"embeddable":true,"href":"https:\/\/elfsight.com\/pt\/wp-json\/wp\/v2\/comments?post=7816"}],"version-history":[{"count":1,"href":"https:\/\/elfsight.com\/pt\/wp-json\/wp\/v2\/pages\/7816\/revisions"}],"predecessor-version":[{"id":7820,"href":"https:\/\/elfsight.com\/pt\/wp-json\/wp\/v2\/pages\/7816\/revisions\/7820"}],"up":[{"embeddable":true,"href":"https:\/\/elfsight.com\/pt\/wp-json\/wp\/v2\/pages\/1528"}],"wp:attachment":[{"href":"https:\/\/elfsight.com\/pt\/wp-json\/wp\/v2\/media?parent=7816"}],"curies":[{"name":"wp","href":"https:\/\/api.w.org\/{rel}","templated":true}]}}