{"id":7809,"date":"1970-01-01T00:00:00","date_gmt":"1970-01-01T00:00:00","guid":{"rendered":"https:\/\/elfsight.com\/pt\/?page_id=7809"},"modified":"2024-11-13T11:18:29","modified_gmt":"2024-11-13T11:18:29","slug":"magento","status":"publish","type":"page","link":"https:\/\/elfsight.com\/pt\/rss-feed-widget\/magento\/","title":{"rendered":"RSS Feed &#8211; Magento"},"content":{"rendered":"<div class=\"application-platform-content-item-description application-platform-content-item\" id=\"description\" data-nav-section=\"description\"> <h2>Descri\u00e7\u00e3o<\/h2> <p>O Elfsight RSS Feed para Magento \u00e9 uma extens\u00e3o para emo\u00e7\u00f5es e experi\u00eancias de marketing. Ao us\u00e1-lo, voc\u00ea pode desenvolver feeds individuais compostos por conte\u00fado de diferentes sites de not\u00edcias &#8211; e demonstr\u00e1-los diretamente em seu site. Exer\u00e7a controle total sobre o conte\u00fado demonstrado e elimine spam e qualquer conte\u00fado indesejado aplicando modera\u00e7\u00e3o manual. O configurador online totalmente responsivo oferece v\u00e1rios modelos para voc\u00ea escolher. <\/p> <p><b>Inicie o RSS Feed para atingir o pico do seu neg\u00f3cio com mais facilidade! <\/b><\/p> <\/div> <div class=\"application-platform-content-item-features application-platform-content-item\" id=\"features\" data-nav-section=\"features\"> <h2>A extens\u00e3o possui recursos pr\u00e1ticos e r\u00e1pidos, aqui est\u00e3o alguns deles: <\/h2> <ul><li>Capuz a cabe\u00e7a se\u00e7\u00e3o para fazer o widget parecer minimalista. <\/li><li>Elimine qualquer spam e conte\u00fado indesejado com o modo de modera\u00e7\u00e3o manual. <\/li><li>Escolha um dos seis layouts presentes: Colagem, Controle deslizante, Lista, Alvenaria, Grade, Carrossel. <\/li><li>Permita que suas postagens sejam exibidas em um pop-up. <\/li><\/ul><p><a href=\"#demo\">Voc\u00ea pode testar a funcionalidade completa do widget na demonstra\u00e7\u00e3o abaixo<\/a><\/p> <\/div> <div class=\"application-platform-content-item- instala\u00e7\u00e3o application-platform-content-item\" id=\" instala\u00e7\u00e3o\" data-nav-section=\" instala\u00e7\u00e3o\"> <h2>Como posso adicionar RSS Feed ao meu site Magento? <\/h2> <p>Basta seguir os passos abaixo para integrar a extens\u00e3o. <\/p> <ol><li><b>Inicie nosso editor gratuito e comece a moldar sua extens\u00e3o personalizada. <\/b><br> Encontre a apar\u00eancia e os aspectos preferidos da ferramenta e aplique as edi\u00e7\u00f5es. <\/li> <li><b>Adquira o seu c\u00f3digo individual revelado na janela das aplica\u00e7\u00f5es Elfsight. <\/b><br> Logo ap\u00f3s a gera\u00e7\u00e3o do seu plugin, copie o c\u00f3digo pessoal no pop-up que aparece e guarde-o para uso posterior. <\/li> <li><b>Entre usando o widget no site Magento. <\/b><br>Incorpore o c\u00f3digo que voc\u00ea copiou recentemente em sua p\u00e1gina e salve as modifica\u00e7\u00f5es. <\/li> <li><b>Conclu\u00eddo! A incorpora\u00e7\u00e3o est\u00e1 totalmente conclu\u00edda. <\/b><br> Acesse sua p\u00e1gina para verificar o desempenho da ferramenta. <\/li><\/ol> <p>Supondo que voc\u00ea tenha algum problema, n\u00e3o hesite em entrar em contato com nossa equipe de suporte. Nossos especialistas ficar\u00e3o entusiasmados em resolver todos os problemas que voc\u00ea possa ter com o produto. <\/p> <\/div><div class=\"faq\" data-component=\"FAQ\"><div class=\"faq-item\">\r\n\t\t\t\t\t<div class=\"faq-item-question\">\r\n\t\t\t\t\t\t<h3 class=\"faq-item-question-text\">Existe uma maneira de incorporar RSS Feed \u00e0 minha p\u00e1gina Magento sem habilidades de codifica\u00e7\u00e3o?<\/h3>\r\n\r\n\t\t\t\t\t\t<div class=\"faq-item-question-icon\"><\/div>\r\n\t\t\t\t\t<\/div>\r\n\r\n\t\t\t\t\t<div class=\"faq-item-answer\">\r\n\t\t\t\t\t\t<div class=\"faq-item-answer-text\"><p>Elfsight A empresa oferece uma solu\u00e7\u00e3o SaaS que permite que um grande p\u00fablico crie voc\u00ea mesmo um widget de feed RSS. Veja como o processo \u00e9 simples: <\/p><ul><li>V\u00e1 para o editor ao vivo para criar um plug-in de feed RSS no qual voc\u00ea gostaria de aparecer seu site Magento.<\/li><li>Escolha um dos modelos predefinidos e altere as configura\u00e7\u00f5es do RSS Feed, atualize seu conte\u00fado, mude o layout e a cor dos elementos sem nenhuma experi\u00eancia de codifica\u00e7\u00e3o.<\/li><li>Salve o RSS Feed e obter o c\u00f3digo para incorpora\u00e7\u00e3o, que pode ser simplesmente incorporado na p\u00e1gina inicial do Magento gratuitamente.<\/li><\/ul><p>Com o configurador intuitivo, cada usu\u00e1rio da Internet pode criar um plugin RSS Feed e incorpor\u00e1-lo facilmente em qualquer Magento. p\u00e1gina da Internet. N\u00e3o h\u00e1 necessidade de obter um plano pago ou inserir as credenciais do seu cart\u00e3o para acessar o servi\u00e7o. Se voc\u00ea enfrentar qualquer tipo de problema, entre em contato com nossa equipe de suporte t\u00e9cnico.<\/p><\/div>\r\n\t\t\t\t\t<\/div>\r\n\t\t\t\t<\/div><\/div>","protected":false},"excerpt":{"rendered":"","protected":false},"author":9,"featured_media":0,"parent":1528,"menu_order":0,"comment_status":"closed","ping_status":"closed","template":"templates\/template-application-platform.php","meta":{"publish_to_discourse":"","publish_post_category":"","wpdc_auto_publish_overridden":"","wpdc_topic_tags":"","wpdc_pin_topic":"","wpdc_pin_until":"","discourse_post_id":"","discourse_permalink":"","wpdc_publishing_response":"","wpdc_publishing_error":"","footnotes":""},"class_list":["post-7809","page","type-page","status-publish","hentry"],"yoast_head":"<!-- This site is optimized with the Yoast SEO plugin v25.3.1 - https:\/\/yoast.com\/wordpress\/plugins\/seo\/ -->\n<title>Adicione extens\u00e3o RSS Feed ao site Magento (r\u00e1pido e gratuito)<\/title>\n<meta name=\"description\" content=\"Integre uma extens\u00e3o RSS Feed compat\u00edvel com dispositivos m\u00f3veis em seu site Magento. Use a demonstra\u00e7\u00e3o pr\u00e1tica da Elfsight e crie seu incr\u00edvel feed RSS.\" \/>\n<meta name=\"robots\" content=\"index, follow, max-snippet:-1, max-image-preview:large, max-video-preview:-1\" \/>\n<link rel=\"canonical\" href=\"https:\/\/elfsight.com\/pt\/rss-feed-widget\/magento\/\" \/>\n<meta property=\"og:locale\" content=\"pt_PT\" \/>\n<meta property=\"og:type\" content=\"article\" \/>\n<meta property=\"og:title\" content=\"Adicione extens\u00e3o RSS Feed ao site Magento (r\u00e1pido e gratuito)\" \/>\n<meta property=\"og:description\" content=\"Integre uma extens\u00e3o RSS Feed compat\u00edvel com dispositivos m\u00f3veis em seu site Magento. Use a demonstra\u00e7\u00e3o pr\u00e1tica da Elfsight e crie seu incr\u00edvel feed RSS.\" \/>\n<meta property=\"og:url\" content=\"https:\/\/elfsight.com\/pt\/rss-feed-widget\/magento\/\" \/>\n<meta property=\"og:site_name\" content=\"Elfsight PT\" \/>\n<meta property=\"article:modified_time\" content=\"2024-11-13T11:18:29+00:00\" \/>\n<meta name=\"twitter:card\" content=\"summary_large_image\" \/>\n<meta name=\"twitter:label1\" content=\"Tempo estimado de leitura\" \/>\n\t<meta name=\"twitter:data1\" content=\"3 minutos\" \/>\n<!-- \/ Yoast SEO plugin. -->","yoast_head_json":{"title":"Adicione extens\u00e3o RSS Feed ao site Magento (r\u00e1pido e gratuito)","description":"Integre uma extens\u00e3o RSS Feed compat\u00edvel com dispositivos m\u00f3veis em seu site Magento. Use a demonstra\u00e7\u00e3o pr\u00e1tica da Elfsight e crie seu incr\u00edvel feed RSS.","robots":{"index":"index","follow":"follow","max-snippet":"max-snippet:-1","max-image-preview":"max-image-preview:large","max-video-preview":"max-video-preview:-1"},"canonical":"https:\/\/elfsight.com\/pt\/rss-feed-widget\/magento\/","og_locale":"pt_PT","og_type":"article","og_title":"Adicione extens\u00e3o RSS Feed ao site Magento (r\u00e1pido e gratuito)","og_description":"Integre uma extens\u00e3o RSS Feed compat\u00edvel com dispositivos m\u00f3veis em seu site Magento. Use a demonstra\u00e7\u00e3o pr\u00e1tica da Elfsight e crie seu incr\u00edvel feed RSS.","og_url":"https:\/\/elfsight.com\/pt\/rss-feed-widget\/magento\/","og_site_name":"Elfsight PT","article_modified_time":"2024-11-13T11:18:29+00:00","twitter_card":"summary_large_image","twitter_misc":{"Tempo estimado de leitura":"3 minutos"},"schema":{"@context":"https:\/\/schema.org","@graph":[{"@type":"WebPage","@id":"https:\/\/elfsight.com\/pt\/rss-feed-widget\/magento\/","url":"https:\/\/elfsight.com\/pt\/rss-feed-widget\/magento\/","name":"Adicione extens\u00e3o RSS Feed ao site Magento (r\u00e1pido e gratuito)","isPartOf":{"@id":"https:\/\/elfsight.com\/pt\/#website"},"datePublished":"1970-01-01T00:00:00+00:00","dateModified":"2024-11-13T11:18:29+00:00","description":"Integre uma extens\u00e3o RSS Feed compat\u00edvel com dispositivos m\u00f3veis em seu site Magento. Use a demonstra\u00e7\u00e3o pr\u00e1tica da Elfsight e crie seu incr\u00edvel feed RSS.","breadcrumb":{"@id":"https:\/\/elfsight.com\/pt\/rss-feed-widget\/magento\/#breadcrumb"},"inLanguage":"pt-PT","potentialAction":[{"@type":"ReadAction","target":["https:\/\/elfsight.com\/pt\/rss-feed-widget\/magento\/"]}]},{"@type":"BreadcrumbList","@id":"https:\/\/elfsight.com\/pt\/rss-feed-widget\/magento\/#breadcrumb","itemListElement":[{"@type":"ListItem","position":1,"name":"Home","item":"https:\/\/elfsight.com\/pt\/"},{"@type":"ListItem","position":2,"name":"RSS Feed","item":"https:\/\/elfsight.com\/pt\/rss-feed-widget\/"},{"@type":"ListItem","position":3,"name":"RSS Feed &#8211; Magento"}]},{"@type":"WebSite","@id":"https:\/\/elfsight.com\/pt\/#website","url":"https:\/\/elfsight.com\/pt\/","name":"Elfsight PT","description":"Just another Elfsight Sites site","potentialAction":[{"@type":"SearchAction","target":{"@type":"EntryPoint","urlTemplate":"https:\/\/elfsight.com\/pt\/?s={search_term_string}"},"query-input":{"@type":"PropertyValueSpecification","valueRequired":true,"valueName":"search_term_string"}}],"inLanguage":"pt-PT"}]}},"meta_box":{"industry":"","seo_heading":"","heading":"","description":"","cta_heading":"","cta_description":"","application":"1526","h1":"Extens\u00e3o de feed RSS Magento","h1_caption":"Demonstre postagens de qualquer feed de not\u00edcias do seu site via RSS Feed no 1-2-3!","application_category":[],"applications_title":"","applications_request_title":"","applications_request_button_text":"","hero_text":"","hero_video":"","hero_video_schema_markup":"","selling_points_title":"","selling_points_caption":"","selling_points":[],"selling_points_cta_text":"","features_title":"","features":"","ed_cta_examples_text":"","ed_cta_examples_hidden":"","ed_cta_demo_text":"","ed_cta_demo_hidden":"","why_caption":"","why_editor_title":"","why_editor_text":"","why_team_title":"","why_team_text":"","why_service_title":"","why_service_text":"","template_catalog_visible":"","template_catalog_title":"","template_catalog_text":"","template_catalog_categories_visible":"","demo_title":"Crie sua extens\u00e3o de feed RSS","demo_caption":"Configure seu RSS Feed e adicione-o ao seu site Magento gratuitamente!","default_faq_hidden":"","app_template_category":[],"platform":"58","template_public_id":"","codecanyon_url":"","codecanyon_item_id":"","codecanyon_price":"","pricing_caption":"","pricing_elfsight_apps_hide_column":"","pricing_elfsight_apps_url":"","pricing_codecanyon_price_caption":"","integration_category":[],"integration_request_title":"","integration_request_cta":"","integration_platform":"","integrations":[],"platform_category":[],"video_schema_markup":"","price":"a partir de US$ 0\/m\u00eas","trial":"","benefits":[{"text":"Assist\u00eancia de instala\u00e7\u00e3o gratuita"},{"text":"Atendimento ao cliente profissional"},{"text":"Garantia de devolu\u00e7\u00e3o do dinheiro em 14 dias"},{"text":"Atualiza\u00e7\u00f5es cont\u00ednuas"}],"button_url":"#demo","button_target_blank":"","button_nofollow":"","attributes":[{"name":"Instala\u00e7\u00f5es","content":"10,000 - 100,000"},{"name":"Responsivo","content":"Sim"},{"name":"Navegadores compat\u00edveis","content":"Firefox, Safari, Opera, Chrome, Edge"}],"tags":[],"tags_disable_links":"","hide_more_platforms":"","video_object":"","demo_hide_cta":"","demo_hide_cloud_options":"","pricing_title":"","pricing":[{"pricing_icon":"platform","pricing_title":"Elfsight Apps","pricing_title_caption":"Vers\u00e3o multiplataforma","pricing_price":"a partir de US$ 0\/m\u00eas","pricing_price_caption":"comece com um plano gratuito","pricing_benefits":[{"text":"Sites ilimitados"},{"text":"Suporte gratuito ao cliente e bem documentado"},{"text":"Suporte gratuito ao cliente e bem documentado"},{"text":"Design flex\u00edvel"}],"pricing_button_text":"Adicionar ao site","pricing_button_url":"#demo"}],"related_apps_title":"","related_apps_hidden":"","author":"","image":[],"title":"","job":"","social_networks":[]},"_links":{"self":[{"href":"https:\/\/elfsight.com\/pt\/wp-json\/wp\/v2\/pages\/7809","targetHints":{"allow":["GET"]}}],"collection":[{"href":"https:\/\/elfsight.com\/pt\/wp-json\/wp\/v2\/pages"}],"about":[{"href":"https:\/\/elfsight.com\/pt\/wp-json\/wp\/v2\/types\/page"}],"author":[{"embeddable":true,"href":"https:\/\/elfsight.com\/pt\/wp-json\/wp\/v2\/users\/9"}],"replies":[{"embeddable":true,"href":"https:\/\/elfsight.com\/pt\/wp-json\/wp\/v2\/comments?post=7809"}],"version-history":[{"count":1,"href":"https:\/\/elfsight.com\/pt\/wp-json\/wp\/v2\/pages\/7809\/revisions"}],"predecessor-version":[{"id":7813,"href":"https:\/\/elfsight.com\/pt\/wp-json\/wp\/v2\/pages\/7809\/revisions\/7813"}],"up":[{"embeddable":true,"href":"https:\/\/elfsight.com\/pt\/wp-json\/wp\/v2\/pages\/1528"}],"wp:attachment":[{"href":"https:\/\/elfsight.com\/pt\/wp-json\/wp\/v2\/media?parent=7809"}],"curies":[{"name":"wp","href":"https:\/\/api.w.org\/{rel}","templated":true}]}}