{"id":7802,"date":"1970-01-01T00:00:00","date_gmt":"1970-01-01T00:00:00","guid":{"rendered":"https:\/\/elfsight.com\/pt\/?page_id=7802"},"modified":"2024-11-13T11:18:21","modified_gmt":"2024-11-13T11:18:21","slug":"opencart","status":"publish","type":"page","link":"https:\/\/elfsight.com\/pt\/rss-feed-widget\/opencart\/","title":{"rendered":"RSS Feed &#8211; OpenCart"},"content":{"rendered":"<div class=\"application-platform-content-item-description application-platform-content-item\" id=\"description\" data-nav-section=\"description\"> <h2>Descri\u00e7\u00e3o<\/h2> <p>O Elfsight RSS Feed para OpenCart \u00e9 uma extens\u00e3o \u00fanica para promover emo\u00e7\u00f5es e experi\u00eancias. Com ele voc\u00ea pode criar feeds individualizados compostos por conte\u00fado de diferentes sites de not\u00edcias &#8211; e coloc\u00e1-los diretamente no seu site. Exer\u00e7a controle total sobre o conte\u00fado exibido e elimine spam e qualquer conte\u00fado indesejado por meio de modera\u00e7\u00e3o manual. O editor online totalmente responsivo oferece modelos variados para voc\u00ea escolher. <\/p> <p><b>Com o RSS Feed, tenha crescimento sustent\u00e1vel dos neg\u00f3cios e melhores vendas <\/b><\/p> <\/div> <div class=\"application-platform-content-item-features application-platform-content-item\" id=\"features\" data-nav-section=\"features\"> <h2>Os recursos essenciais do widget incluem<\/h2> <ul><li>Coloque a se\u00e7\u00e3o principal para fazer sua ferramenta parecer minimalista. <\/li><li>Remova qualquer spam e conte\u00fado indesejado com o modo de modera\u00e7\u00e3o manual. <\/li><li>Selecione um dos seis layouts presentes: Carrossel, Slider, Grade, Lista, Colagem, Alvenaria. <\/li><li>Deixe suas postagens aparecerem em um pop-up. <\/li><\/ul><p><a href=\"#demo\">Examine todos os recursos de personaliza\u00e7\u00e3o na demonstra\u00e7\u00e3o completa<\/a><\/p> <\/div> <div class=\"application-platform-content-item-installation application-platform-content-item\" id=\"installation\" data-nav-section=\"installation\"> <h2>Como fa\u00e7o para incorporar RSS Feed em meu site OpenCart? <\/h2> <p>Basta seguir as orienta\u00e7\u00f5es abaixo para come\u00e7ar a usar a extens\u00e3o. <\/p> <ol><li><b>Realize nossa demonstra\u00e7\u00e3o gratuita e comece a moldar sua extens\u00e3o personalizada. <\/b><br> Determine a apar\u00eancia e os aspectos desej\u00e1veis \u200b\u200bda extens\u00e3o e aplique as corre\u00e7\u00f5es. <\/li> <li><b>Receba o c\u00f3digo exclusivo revelado na caixa dos aplicativos Elfsight. <\/b><br> Logo ap\u00f3s a conclus\u00e3o da gera\u00e7\u00e3o do seu plugin, copie o c\u00f3digo exclusivo da janela exibida e salve-o para ocasi\u00f5es futuras. <\/li> <li><b>Entre usando o widget no site OpenCart. <\/b><br> Adicione o c\u00f3digo que voc\u00ea salvou anteriormente em seu site e salve os ajustes. <\/li> <li><b>Conclu\u00eddo! A incorpora\u00e7\u00e3o est\u00e1 totalmente realizada. <\/b><br> Acesse seu site para ver o desempenho da extens\u00e3o. <\/li><\/ol> <p>Se voc\u00ea encontrar algum problema, n\u00e3o hesite em solicitar nossa equipe de suporte. Nossos especialistas est\u00e3o ansiosos para resolver todas as dificuldades que voc\u00ea possa ter com o plugin. <\/p> <\/div><div class=\"faq\" data-component=\"FAQ\"><div class=\"faq-item\">\r\n\t\t\t\t\t<div class=\"faq-item-question\">\r\n\t\t\t\t\t\t<h3 class=\"faq-item-question-text\">Existe uma op\u00e7\u00e3o para incorporar RSS Feed na minha p\u00e1gina inicial do OpenCart sem habilidades de codifica\u00e7\u00e3o?<\/h3>\r\n\r\n\t\t\t\t\t\t<div class=\"faq-item-question-icon\"><\/div>\r\n\t\t\t\t\t<\/div>\r\n\r\n\t\t\t\t\t<div class=\"faq-item-answer\">\r\n\t\t\t\t\t\t<div class=\"faq-item-answer-text\"><p>Empresa Elfsight fornece uma solu\u00e7\u00e3o que permite que voc\u00ea mesmo estabele\u00e7a um plug-in de feed RSS, consulte o guia simples: <\/p><ul><li>Trabalhe no editor on-line para criar um widget de feed RSS que voc\u00ea gostaria de incluir em seu site OpenCart.<\/li><li>Escolha um dos modelos pr\u00e9-concebidos e ajuste as configura\u00e7\u00f5es do RSS Feed, altere o layout e as cores, inclua seu conte\u00fado sem habilidades de codifica\u00e7\u00e3o.<\/li><li>Clique para salvar o RSS Feed e obter sua instala\u00e7\u00e3o c\u00f3digo, que pode ser inclu\u00eddo gratuitamente na sua p\u00e1gina inicial do OpenCart.<\/li><\/ul><p>Usando o editor intuitivo, qualquer usu\u00e1rio da Internet pode gerar o aplicativo RSS Feed on-line e adicion\u00e1-lo facilmente \u00e0 sua p\u00e1gina inicial do OpenCart. N\u00e3o h\u00e1 necessidade de obter uma assinatura paga ou divulgar os dados do seu cart\u00e3o para acessar o Elfsight Editor. Se voc\u00ea encontrar algum obst\u00e1culo em qualquer etapa, n\u00e3o hesite em entrar em contato com nosso suporte t\u00e9cnico ao cliente.<\/p><\/div>\r\n\t\t\t\t\t<\/div>\r\n\t\t\t\t<\/div><\/div>","protected":false},"excerpt":{"rendered":"","protected":false},"author":9,"featured_media":0,"parent":1528,"menu_order":0,"comment_status":"closed","ping_status":"closed","template":"templates\/template-application-platform.php","meta":{"publish_to_discourse":"","publish_post_category":"","wpdc_auto_publish_overridden":"","wpdc_topic_tags":"","wpdc_pin_topic":"","wpdc_pin_until":"","discourse_post_id":"","discourse_permalink":"","wpdc_publishing_response":"","wpdc_publishing_error":"","footnotes":""},"class_list":["post-7802","page","type-page","status-publish","hentry"],"yoast_head":"<!-- This site is optimized with the Yoast SEO plugin v25.3.1 - https:\/\/yoast.com\/wordpress\/plugins\/seo\/ -->\n<title>Adicione extens\u00e3o RSS Feed ao site OpenCart (r\u00e1pido e gratuito)<\/title>\n<meta name=\"description\" content=\"Integre uma extens\u00e3o RSS Feed compat\u00edvel com dispositivos m\u00f3veis em seu site OpenCart. Aplique a demonstra\u00e7\u00e3o pr\u00e1tica da Elfsight e crie seu impressionante feed RSS.\" \/>\n<meta name=\"robots\" content=\"index, follow, max-snippet:-1, max-image-preview:large, max-video-preview:-1\" \/>\n<link rel=\"canonical\" href=\"https:\/\/elfsight.com\/pt\/rss-feed-widget\/opencart\/\" \/>\n<meta property=\"og:locale\" content=\"pt_PT\" \/>\n<meta property=\"og:type\" content=\"article\" \/>\n<meta property=\"og:title\" content=\"Adicione extens\u00e3o RSS Feed ao site OpenCart (r\u00e1pido e gratuito)\" \/>\n<meta property=\"og:description\" content=\"Integre uma extens\u00e3o RSS Feed compat\u00edvel com dispositivos m\u00f3veis em seu site OpenCart. Aplique a demonstra\u00e7\u00e3o pr\u00e1tica da Elfsight e crie seu impressionante feed RSS.\" \/>\n<meta property=\"og:url\" content=\"https:\/\/elfsight.com\/pt\/rss-feed-widget\/opencart\/\" \/>\n<meta property=\"og:site_name\" content=\"Elfsight PT\" \/>\n<meta property=\"article:modified_time\" content=\"2024-11-13T11:18:21+00:00\" \/>\n<meta name=\"twitter:card\" content=\"summary_large_image\" \/>\n<meta name=\"twitter:label1\" content=\"Tempo estimado de leitura\" \/>\n\t<meta name=\"twitter:data1\" content=\"3 minutos\" \/>\n<!-- \/ Yoast SEO plugin. -->","yoast_head_json":{"title":"Adicione extens\u00e3o RSS Feed ao site OpenCart (r\u00e1pido e gratuito)","description":"Integre uma extens\u00e3o RSS Feed compat\u00edvel com dispositivos m\u00f3veis em seu site OpenCart. Aplique a demonstra\u00e7\u00e3o pr\u00e1tica da Elfsight e crie seu impressionante feed RSS.","robots":{"index":"index","follow":"follow","max-snippet":"max-snippet:-1","max-image-preview":"max-image-preview:large","max-video-preview":"max-video-preview:-1"},"canonical":"https:\/\/elfsight.com\/pt\/rss-feed-widget\/opencart\/","og_locale":"pt_PT","og_type":"article","og_title":"Adicione extens\u00e3o RSS Feed ao site OpenCart (r\u00e1pido e gratuito)","og_description":"Integre uma extens\u00e3o RSS Feed compat\u00edvel com dispositivos m\u00f3veis em seu site OpenCart. Aplique a demonstra\u00e7\u00e3o pr\u00e1tica da Elfsight e crie seu impressionante feed RSS.","og_url":"https:\/\/elfsight.com\/pt\/rss-feed-widget\/opencart\/","og_site_name":"Elfsight PT","article_modified_time":"2024-11-13T11:18:21+00:00","twitter_card":"summary_large_image","twitter_misc":{"Tempo estimado de leitura":"3 minutos"},"schema":{"@context":"https:\/\/schema.org","@graph":[{"@type":"WebPage","@id":"https:\/\/elfsight.com\/pt\/rss-feed-widget\/opencart\/","url":"https:\/\/elfsight.com\/pt\/rss-feed-widget\/opencart\/","name":"Adicione extens\u00e3o RSS Feed ao site OpenCart (r\u00e1pido e gratuito)","isPartOf":{"@id":"https:\/\/elfsight.com\/pt\/#website"},"datePublished":"1970-01-01T00:00:00+00:00","dateModified":"2024-11-13T11:18:21+00:00","description":"Integre uma extens\u00e3o RSS Feed compat\u00edvel com dispositivos m\u00f3veis em seu site OpenCart. Aplique a demonstra\u00e7\u00e3o pr\u00e1tica da Elfsight e crie seu impressionante feed RSS.","breadcrumb":{"@id":"https:\/\/elfsight.com\/pt\/rss-feed-widget\/opencart\/#breadcrumb"},"inLanguage":"pt-PT","potentialAction":[{"@type":"ReadAction","target":["https:\/\/elfsight.com\/pt\/rss-feed-widget\/opencart\/"]}]},{"@type":"BreadcrumbList","@id":"https:\/\/elfsight.com\/pt\/rss-feed-widget\/opencart\/#breadcrumb","itemListElement":[{"@type":"ListItem","position":1,"name":"Home","item":"https:\/\/elfsight.com\/pt\/"},{"@type":"ListItem","position":2,"name":"RSS Feed","item":"https:\/\/elfsight.com\/pt\/rss-feed-widget\/"},{"@type":"ListItem","position":3,"name":"RSS Feed &#8211; OpenCart"}]},{"@type":"WebSite","@id":"https:\/\/elfsight.com\/pt\/#website","url":"https:\/\/elfsight.com\/pt\/","name":"Elfsight PT","description":"Just another Elfsight Sites site","potentialAction":[{"@type":"SearchAction","target":{"@type":"EntryPoint","urlTemplate":"https:\/\/elfsight.com\/pt\/?s={search_term_string}"},"query-input":{"@type":"PropertyValueSpecification","valueRequired":true,"valueName":"search_term_string"}}],"inLanguage":"pt-PT"}]}},"meta_box":{"industry":"","seo_heading":"","heading":"","description":"","cta_heading":"","cta_description":"","application":"1526","h1":"Extens\u00e3o de feed RSS OpenCart","h1_caption":"Apresente postagens de qualquer feed de not\u00edcias do seu site via RSS Feed no 1-2-3!","application_category":[],"applications_title":"","applications_request_title":"","applications_request_button_text":"","hero_text":"","hero_video":"","hero_video_schema_markup":"","selling_points_title":"","selling_points_caption":"","selling_points":[],"selling_points_cta_text":"","features_title":"","features":"","ed_cta_examples_text":"","ed_cta_examples_hidden":"","ed_cta_demo_text":"","ed_cta_demo_hidden":"","why_caption":"","why_editor_title":"","why_editor_text":"","why_team_title":"","why_team_text":"","why_service_title":"","why_service_text":"","template_catalog_visible":"","template_catalog_title":"","template_catalog_text":"","template_catalog_categories_visible":"","demo_title":"Crie sua extens\u00e3o de feed RSS","demo_caption":"Configure seu RSS Feed e adicione-o ao seu site OpenCart gratuitamente!","default_faq_hidden":"","app_template_category":[],"platform":"61","template_public_id":"","codecanyon_url":"","codecanyon_item_id":"","codecanyon_price":"","pricing_caption":"","pricing_elfsight_apps_hide_column":"","pricing_elfsight_apps_url":"","pricing_codecanyon_price_caption":"","integration_category":[],"integration_request_title":"","integration_request_cta":"","integration_platform":"","integrations":[],"platform_category":[],"video_schema_markup":"","price":"a partir de US$ 0\/m\u00eas","trial":"","benefits":[{"text":"Servi\u00e7o de instala\u00e7\u00e3o gratuito"},{"text":"Atendimento ao cliente competente"},{"text":"Garantia de reembolso de 14 dias"},{"text":"Desenvolvimento cont\u00ednuo"}],"button_url":"#demo","button_target_blank":"","button_nofollow":"","attributes":[{"name":"Instala\u00e7\u00f5es","content":"10,000 - 100,000"},{"name":"Responsivo","content":"Sim"},{"name":"Navegadores compat\u00edveis","content":"Firefox, Safari, Opera, Chrome, Edge"}],"tags":[],"tags_disable_links":"","hide_more_platforms":"","video_object":"","demo_hide_cta":"","demo_hide_cloud_options":"","pricing_title":"","pricing":[{"pricing_icon":"platform","pricing_title":"Elfsight Apps","pricing_title_caption":"Vers\u00e3o independente de plataforma","pricing_price":"a partir de US$ 0\/m\u00eas","pricing_price_caption":"comece com um plano gratuito","pricing_benefits":[{"text":"Dom\u00ednios ilimitados"},{"text":"Suporte premium, pontual e bem documentado"},{"text":"Suporte premium, pontual e bem documentado"},{"text":"Design flex\u00edvel"}],"pricing_button_text":"Adicionar ao site","pricing_button_url":"#demo"}],"related_apps_title":"","related_apps_hidden":"","author":"","image":[],"title":"","job":"","social_networks":[]},"_links":{"self":[{"href":"https:\/\/elfsight.com\/pt\/wp-json\/wp\/v2\/pages\/7802","targetHints":{"allow":["GET"]}}],"collection":[{"href":"https:\/\/elfsight.com\/pt\/wp-json\/wp\/v2\/pages"}],"about":[{"href":"https:\/\/elfsight.com\/pt\/wp-json\/wp\/v2\/types\/page"}],"author":[{"embeddable":true,"href":"https:\/\/elfsight.com\/pt\/wp-json\/wp\/v2\/users\/9"}],"replies":[{"embeddable":true,"href":"https:\/\/elfsight.com\/pt\/wp-json\/wp\/v2\/comments?post=7802"}],"version-history":[{"count":1,"href":"https:\/\/elfsight.com\/pt\/wp-json\/wp\/v2\/pages\/7802\/revisions"}],"predecessor-version":[{"id":7806,"href":"https:\/\/elfsight.com\/pt\/wp-json\/wp\/v2\/pages\/7802\/revisions\/7806"}],"up":[{"embeddable":true,"href":"https:\/\/elfsight.com\/pt\/wp-json\/wp\/v2\/pages\/1528"}],"wp:attachment":[{"href":"https:\/\/elfsight.com\/pt\/wp-json\/wp\/v2\/media?parent=7802"}],"curies":[{"name":"wp","href":"https:\/\/api.w.org\/{rel}","templated":true}]}}