{"id":7791,"date":"1970-01-01T00:00:00","date_gmt":"1970-01-01T00:00:00","guid":{"rendered":"https:\/\/elfsight.com\/pt\/?page_id=7791"},"modified":"2026-01-15T10:55:32","modified_gmt":"2026-01-15T10:55:32","slug":"wordpress","status":"publish","type":"page","link":"https:\/\/elfsight.com\/pt\/rss-feed-widget\/wordpress\/","title":{"rendered":"RSS Feed &#8211; WordPress"},"content":{"rendered":"<div class=\"application-platform-content-item-description application-platform-content-item\" id=\"description\" data-nav-section=\"description\"> <h2>Incorpore RSS Feed no WordPress com o widget Elfsight<\/h2> <p>Elfsight RSS Feed para WordPress \u00e9 um plugin exclusivo para emo\u00e7\u00f5es de marketing e experi\u00eancias. Ao us\u00e1-lo, voc\u00ea pode criar um feed personalizado composto de conte\u00fado de v\u00e1rios sites de not\u00edcias &#8211; e exibi-lo diretamente no seu site. Exer\u00e7a controle total sobre o conte\u00fado demonstrado e livre-se de spam e qualquer conte\u00fado indesejado por meio de modera\u00e7\u00e3o manual. O editor online totalmente responsivo oferece modelos variados para voc\u00ea escolher. <\/p> <p><b>Experimente aplicar RSS Feed para atingir seus objetivos de neg\u00f3cios mais rapidamente! <\/b><\/p> <\/div> <div class=\"application-platform-content-item-features application-platform-content-item\" id=\"features\" data-nav-section=\"features\"> <h2>O widget oferece recursos \u00fateis e descomplicados, veja alguns deles: <\/h2> <ul><li>Ocultar a se\u00e7\u00e3o principal para fazer sua ferramenta parecer minimalista. <\/li><li>Elimine qualquer spam e conte\u00fado indesejado usando modera\u00e7\u00e3o manual. <\/li><li>Escolha um dos seis layouts presentes: Colagem, Grade, Alvenaria, Carrossel, Lista, Controle deslizante. <\/li><li>Fa\u00e7a com que suas postagens sejam exibidas em modo pop-up. <\/li><\/ul><p><a href=\"#demo\">Basta verificar esta demonstra\u00e7\u00e3o para ver quanto vale o widget<\/a><\/p> <\/div> <div class=\"application-platform-content-item-installation application-platform-content-item\" id=\"installation\" data-nav-section=\"installation\"> <h2>Como posso adicionar RSS Feed ao meu site WordPress? <\/h2> <div class=\"video-container\">\n<iframe width=\"720\" height=\"405\" src=\"https:\/\/www.youtube.com\/embed\/7qtMuKUh0S8?si=3hYq7Yp-2QYnKTlm\" frameborder=\"0\" allowfullscreen=\"\"><\/iframe>\n<\/div><p>Basta aplicar as instru\u00e7\u00f5es abaixo para adicionar o plugin. <\/p> <ol><li><b>Realize nossa demonstra\u00e7\u00e3o gratuita e comece a criar seu pr\u00f3prio plugin. <\/b><br> Encontre o layout selecionado e a funcionalidade do widget e aplique as corre\u00e7\u00f5es. <\/li> <li><b>Receba o c\u00f3digo pessoal apresentado no formul\u00e1rio especial nas aplica\u00e7\u00f5es Elfsight. <\/b><br> Logo ap\u00f3s a cria\u00e7\u00e3o do seu widget, copie o c\u00f3digo individual do pop-up exibido e guarde-o para uso posterior. <\/li> <li><b>Comece a aplicar o widget em seu site WordPress. <\/b><br> Coloque o c\u00f3digo salvo anteriormente em seu site e aplique as melhorias. <\/li> <li><b>A configura\u00e7\u00e3o foi conclu\u00edda com sucesso. <\/b><br> Visite seu site para ver como o widget est\u00e1 funcionando. <\/li><\/ol> <p>Na condi\u00e7\u00e3o de lidar com d\u00favidas ou enfrentar quaisquer dificuldades, n\u00e3o hesite em recorrer \u00e0 nossa equipe de suporte. Nosso pessoal est\u00e1 ansioso para resolver todas as dificuldades que voc\u00ea possa ter com o produto. <\/p> <\/div><div class=\"faq\" data-component=\"FAQ\"><div class=\"faq-item\">\r\n\t\t\t\t\t<div class=\"faq-item-question\">\r\n\t\t\t\t\t\t<h3 class=\"faq-item-question-text\">Existe um m\u00e9todo para adicionar RSS Feed ao meu site WordPress sem habilidades de codifica\u00e7\u00e3o?<\/h3>\r\n\r\n\t\t\t\t\t\t<div class=\"faq-item-question-icon\"><\/div>\r\n\t\t\t\t\t<\/div>\r\n\r\n\t\t\t\t\t<div class=\"faq-item-answer\">\r\n\t\t\t\t\t\t<div class=\"faq-item-answer-text\"><p>A empresa Elfsight apresenta uma solu\u00e7\u00e3o SaaS que permite que um grande p\u00fablico crie voc\u00ea mesmo uma se\u00e7\u00e3o de feed RSS, verifique as instru\u00e7\u00f5es f\u00e1ceis: <\/p><ul><li>Acesse a demonstra\u00e7\u00e3o on-line para criar um aplicativo de feed RSS que voc\u00ea gostaria que aparecesse no site WordPress.<\/li><li>Escolha um dos modelos predefinidos e altere as configura\u00e7\u00f5es do RSS Feed, mude o layout e o esquema de cores, inclua seu conte\u00fado sem nenhum conhecimento de codifica\u00e7\u00e3o.<\/li><li>Salve o RSS Feed e copie seu c\u00f3digo de instala\u00e7\u00e3o, que pode ser facilmente colado em seu site WordPress sem comprar um plano pago.<\/li><\/ul><p>Trabalhando no editor f\u00e1cil de usar, cada usu\u00e1rio da web pode gerar o plug-in RSS Feed on-line e adicion\u00e1-lo \u00e0 sua p\u00e1gina WordPress. N\u00e3o \u00e9 necess\u00e1rio pagar ou inserir os dados do seu cart\u00e3o para acessar nosso servi\u00e7o. Se voc\u00ea tiver qualquer tipo de problema, entre em contato com nosso suporte t\u00e9cnico ao cliente.<\/p><\/div>\r\n\t\t\t\t\t<\/div>\r\n\t\t\t\t<\/div><\/div>","protected":false},"excerpt":{"rendered":"","protected":false},"author":9,"featured_media":0,"parent":1528,"menu_order":0,"comment_status":"closed","ping_status":"closed","template":"templates\/template-application-platform.php","meta":{"publish_to_discourse":"","publish_post_category":"","wpdc_auto_publish_overridden":"","wpdc_topic_tags":"","wpdc_pin_topic":"","wpdc_pin_until":"","discourse_post_id":"","discourse_permalink":"","wpdc_publishing_response":"","wpdc_publishing_error":"","footnotes":""},"class_list":["post-7791","page","type-page","status-publish","hentry"],"yoast_head":"<!-- This site is optimized with the Yoast SEO plugin v25.3.1 - https:\/\/yoast.com\/wordpress\/plugins\/seo\/ -->\n<title>Adicione o plugin RSS Feed ao site WordPress (r\u00e1pido e gratuito)<\/title>\n<meta name=\"description\" content=\"Integre um plugin de feed RSS f\u00e1cil de gerenciar em seu site WordPress. Utilize a demonstra\u00e7\u00e3o pr\u00e1tica da Elfsight e crie o seu elegante RSS Feed.\" \/>\n<meta name=\"robots\" content=\"index, follow, max-snippet:-1, max-image-preview:large, max-video-preview:-1\" \/>\n<link rel=\"canonical\" href=\"https:\/\/elfsight.com\/pt\/rss-feed-widget\/wordpress\/\" \/>\n<meta property=\"og:locale\" content=\"pt_PT\" \/>\n<meta property=\"og:type\" content=\"article\" \/>\n<meta property=\"og:title\" content=\"Adicione o plugin RSS Feed ao site WordPress (r\u00e1pido e gratuito)\" \/>\n<meta property=\"og:description\" content=\"Integre um plugin de feed RSS f\u00e1cil de gerenciar em seu site WordPress. Utilize a demonstra\u00e7\u00e3o pr\u00e1tica da Elfsight e crie o seu elegante RSS Feed.\" \/>\n<meta property=\"og:url\" content=\"https:\/\/elfsight.com\/pt\/rss-feed-widget\/wordpress\/\" \/>\n<meta property=\"og:site_name\" content=\"Elfsight PT\" \/>\n<meta property=\"article:modified_time\" content=\"2026-01-15T10:55:32+00:00\" \/>\n<meta name=\"twitter:card\" content=\"summary_large_image\" \/>\n<meta name=\"twitter:label1\" content=\"Tempo estimado de leitura\" \/>\n\t<meta name=\"twitter:data1\" content=\"3 minutos\" \/>\n<!-- \/ Yoast SEO plugin. -->","yoast_head_json":{"title":"Adicione o plugin RSS Feed ao site WordPress (r\u00e1pido e gratuito)","description":"Integre um plugin de feed RSS f\u00e1cil de gerenciar em seu site WordPress. Utilize a demonstra\u00e7\u00e3o pr\u00e1tica da Elfsight e crie o seu elegante RSS Feed.","robots":{"index":"index","follow":"follow","max-snippet":"max-snippet:-1","max-image-preview":"max-image-preview:large","max-video-preview":"max-video-preview:-1"},"canonical":"https:\/\/elfsight.com\/pt\/rss-feed-widget\/wordpress\/","og_locale":"pt_PT","og_type":"article","og_title":"Adicione o plugin RSS Feed ao site WordPress (r\u00e1pido e gratuito)","og_description":"Integre um plugin de feed RSS f\u00e1cil de gerenciar em seu site WordPress. Utilize a demonstra\u00e7\u00e3o pr\u00e1tica da Elfsight e crie o seu elegante RSS Feed.","og_url":"https:\/\/elfsight.com\/pt\/rss-feed-widget\/wordpress\/","og_site_name":"Elfsight PT","article_modified_time":"2026-01-15T10:55:32+00:00","twitter_card":"summary_large_image","twitter_misc":{"Tempo estimado de leitura":"3 minutos"},"schema":{"@context":"https:\/\/schema.org","@graph":[{"@type":"WebPage","@id":"https:\/\/elfsight.com\/pt\/rss-feed-widget\/wordpress\/","url":"https:\/\/elfsight.com\/pt\/rss-feed-widget\/wordpress\/","name":"Adicione o plugin RSS Feed ao site WordPress (r\u00e1pido e gratuito)","isPartOf":{"@id":"https:\/\/elfsight.com\/pt\/#website"},"datePublished":"1970-01-01T00:00:00+00:00","dateModified":"2026-01-15T10:55:32+00:00","description":"Integre um plugin de feed RSS f\u00e1cil de gerenciar em seu site WordPress. Utilize a demonstra\u00e7\u00e3o pr\u00e1tica da Elfsight e crie o seu elegante RSS Feed.","breadcrumb":{"@id":"https:\/\/elfsight.com\/pt\/rss-feed-widget\/wordpress\/#breadcrumb"},"inLanguage":"pt-PT","potentialAction":[{"@type":"ReadAction","target":["https:\/\/elfsight.com\/pt\/rss-feed-widget\/wordpress\/"]}]},{"@type":"BreadcrumbList","@id":"https:\/\/elfsight.com\/pt\/rss-feed-widget\/wordpress\/#breadcrumb","itemListElement":[{"@type":"ListItem","position":1,"name":"Home","item":"https:\/\/elfsight.com\/pt\/"},{"@type":"ListItem","position":2,"name":"RSS Feed","item":"https:\/\/elfsight.com\/pt\/rss-feed-widget\/"},{"@type":"ListItem","position":3,"name":"RSS Feed &#8211; WordPress"}]},{"@type":"WebSite","@id":"https:\/\/elfsight.com\/pt\/#website","url":"https:\/\/elfsight.com\/pt\/","name":"Elfsight PT","description":"Just another Elfsight Sites site","potentialAction":[{"@type":"SearchAction","target":{"@type":"EntryPoint","urlTemplate":"https:\/\/elfsight.com\/pt\/?s={search_term_string}"},"query-input":{"@type":"PropertyValueSpecification","valueRequired":true,"valueName":"search_term_string"}}],"inLanguage":"pt-PT"}]}},"meta_box":{"industry":"","seo_heading":"","heading":"","description":"","cta_heading":"","cta_description":"","application":"1526","h1":"Plug-in de feed RSS do WordPress","h1_caption":"Exiba conte\u00fado de qualquer site de not\u00edcias em seu site via RSS Feed no 1-2-3!","application_category":[],"applications_title":"","applications_request_title":"","applications_request_button_text":"","hero_text":"","hero_video":"","hero_video_schema_markup":"","selling_points_title":"","selling_points_caption":"","selling_points":[],"selling_points_cta_text":"","features_title":"","features":"","ed_cta_examples_text":"","ed_cta_examples_hidden":"","ed_cta_demo_text":"","ed_cta_demo_hidden":"","why_caption":"","why_editor_title":"","why_editor_text":"","why_team_title":"","why_team_text":"","why_service_title":"","why_service_text":"","template_catalog_visible":"0","template_catalog_title":"","template_catalog_text":"","template_catalog_categories_visible":"","demo_title":"Crie seu plug-in de feed RSS","demo_caption":"Configure seu feed RSS e adicione-o ao seu site WordPress gratuitamente!","default_faq_hidden":"","app_template_category":[],"platform":"34","template_public_id":"","codecanyon_url":"","codecanyon_item_id":"","codecanyon_price":"","pricing_caption":"","pricing_elfsight_apps_hide_column":"","pricing_elfsight_apps_url":"","pricing_codecanyon_price_caption":"","integration_category":[],"integration_request_title":"","integration_request_cta":"","integration_platform":"","integrations":[],"platform_category":[],"video_schema_markup":"","price":"a partir de US$ 0\/m\u00eas","trial":"","benefits":[{"text":"Servi\u00e7o de instala\u00e7\u00e3o gratuito"},{"text":"Atendimento ao cliente eficaz"},{"text":"Garantia de devolu\u00e7\u00e3o do dinheiro em 14 dias"},{"text":"Atualiza\u00e7\u00f5es gratuitas vital\u00edcias"}],"button_url":"#demo","button_target_blank":"0","button_nofollow":"0","attributes":[{"name":"Instala\u00e7\u00f5es","content":"10,000 - 100,000"},{"name":"Responsivo","content":"Sim"},{"name":"Navegadores compat\u00edveis","content":"Firefox, Safari, Opera, Chrome, Edge"}],"tags":[],"tags_disable_links":"0","hide_more_platforms":"0","video_object":"","demo_hide_cta":"0","demo_hide_cloud_options":"0","pricing_title":"","pricing":[{"pricing_icon":"platform","pricing_title":"Elfsight Apps","pricing_title_caption":"Solu\u00e7\u00e3o independente de plataforma que funciona em qualquer site","pricing_price":"a partir de US$ 0\/m\u00eas","pricing_price_caption":"comece com um plano gratuito","pricing_benefits":[{"text":"Sites ilimitados"},{"text":"Suporte dedicado, pontual e bem documentado"},{"text":"Suporte dedicado, pontual e bem documentado"},{"text":"Totalmente personaliz\u00e1vel"}],"pricing_button_text":"Adicionar ao site","pricing_button_url":"#demo"}],"related_apps_title":"","related_apps_hidden":"0","author":"","image":[],"title":"","job":"","social_networks":[]},"_links":{"self":[{"href":"https:\/\/elfsight.com\/pt\/wp-json\/wp\/v2\/pages\/7791","targetHints":{"allow":["GET"]}}],"collection":[{"href":"https:\/\/elfsight.com\/pt\/wp-json\/wp\/v2\/pages"}],"about":[{"href":"https:\/\/elfsight.com\/pt\/wp-json\/wp\/v2\/types\/page"}],"author":[{"embeddable":true,"href":"https:\/\/elfsight.com\/pt\/wp-json\/wp\/v2\/users\/9"}],"replies":[{"embeddable":true,"href":"https:\/\/elfsight.com\/pt\/wp-json\/wp\/v2\/comments?post=7791"}],"version-history":[{"count":2,"href":"https:\/\/elfsight.com\/pt\/wp-json\/wp\/v2\/pages\/7791\/revisions"}],"predecessor-version":[{"id":15207,"href":"https:\/\/elfsight.com\/pt\/wp-json\/wp\/v2\/pages\/7791\/revisions\/15207"}],"up":[{"embeddable":true,"href":"https:\/\/elfsight.com\/pt\/wp-json\/wp\/v2\/pages\/1528"}],"wp:attachment":[{"href":"https:\/\/elfsight.com\/pt\/wp-json\/wp\/v2\/media?parent=7791"}],"curies":[{"name":"wp","href":"https:\/\/api.w.org\/{rel}","templated":true}]}}