{"id":7786,"date":"1970-01-01T00:00:00","date_gmt":"1970-01-01T00:00:00","guid":{"rendered":"https:\/\/elfsight.com\/pt\/?page_id=7786"},"modified":"2024-11-13T11:18:04","modified_gmt":"2024-11-13T11:18:04","slug":"woocommerce","status":"publish","type":"page","link":"https:\/\/elfsight.com\/pt\/rss-feed-widget\/woocommerce\/","title":{"rendered":"RSS Feed &#8211; WooCommerce"},"content":{"rendered":"<div class=\"application-platform-content-item-description application-platform-content-item\" id=\"description\" data-nav-section=\"description\"> <h2>Descri\u00e7\u00e3o<\/h2> <p>Elfsight RSS Feed para WooCommerce \u00e9 um plugin para emo\u00e7\u00f5es e experi\u00eancias de marketing. Com ele voc\u00ea pode construir um feed personalizado composto por conte\u00fado de diversos blogs &#8211; e coloc\u00e1-lo direto no seu site. Exer\u00e7a controle total sobre o conte\u00fado demonstrado e livre-se de spam e qualquer conte\u00fado indesejado usando modera\u00e7\u00e3o manual. O configurador online totalmente responsivo oferece diversos modelos para voc\u00ea escolher. <\/p> <p><b>Com o RSS Feed, observe um forte crescimento dos neg\u00f3cios e aumento nas vendas <\/b><\/p> <\/div> <div class=\"application-platform-content-item-features application-platform-content-item\" id=\"features\" data-nav-section=\"features\"> <h2>Explore a lista dos melhores recursos: <\/h2> <ul><li>Oculte a se\u00e7\u00e3o principal para fazer o widget parecer minimalista. <\/li><li>Elimine qualquer spam e conte\u00fado indesejado com modera\u00e7\u00e3o manual. <\/li><li>Selecione um dos 6 layouts dispon\u00edveis: Grade, Slider, Alvenaria, Carrossel, Colagem, Lista. <\/li><li>Permita que suas postagens sejam visualizadas em modo pop-up. <\/li><\/ul><p><a href=\"#demo\">Voc\u00ea pode descobrir todos os recursos do plug-in na demonstra\u00e7\u00e3o <\/a><\/p> <\/div> <div class=\"application-platform-content-item-installation  application-platform-content-item\" id=\"installation \" data-nav-section=\"installation \"> <h2>Como posso adicionar RSS Feed ao meu site WooCommerce? <\/h2> <p>Basta seguir as instru\u00e7\u00f5es abaixo para integrar o widget. <\/p> <ol><li><b>Gerencie nosso configurador gratuito e comece a formar seu plugin personalizado. <\/b><br> Escolha a apar\u00eancia e as especifica\u00e7\u00f5es preferidas da ferramenta e salve as corre\u00e7\u00f5es. <\/li> <li><b>Copie o c\u00f3digo individual exposto na janela dos aplicativos Elfsight. <\/b><br> Logo ap\u00f3s a gera\u00e7\u00e3o do seu plugin pessoal, copie o c\u00f3digo individual na caixa que aparece e guarde-o para uso futuro. <\/li> <li><b>Inicie o uso do plugin em seu site WooCommerce. <\/b><br> Incorpore o c\u00f3digo salvo anteriormente em sua p\u00e1gina e salve as melhorias. <\/li> <li><b>A configura\u00e7\u00e3o foi conclu\u00edda com sucesso. <\/b><br> Acesse sua p\u00e1gina para ver como a ferramenta funciona. <\/li><\/ol> <p>Caso tenha d\u00favidas ou tenha alguma complica\u00e7\u00e3o, n\u00e3o hesite em entrar em contato com nossa equipe de atendimento ao cliente. Nosso pessoal ficar\u00e1 feliz em ajud\u00e1-lo com todas as d\u00favidas que voc\u00ea possa ter sobre o plugin. <\/p> <\/div><div class=\"faq\" data-component=\"FAQ\"><div class=\"faq-item\">\r\n\t\t\t\t\t<div class=\"faq-item-question\">\r\n\t\t\t\t\t\t<h3 class=\"faq-item-question-text\">Como adicionar feed RSS \u00e0 minha p\u00e1gina WooCommerce sem nenhum conhecimento de codifica\u00e7\u00e3o?<\/h3>\r\n\r\n\t\t\t\t\t\t<div class=\"faq-item-question-icon\"><\/div>\r\n\t\t\t\t\t<\/div>\r\n\r\n\t\t\t\t\t<div class=\"faq-item-answer\">\r\n\t\t\t\t\t\t<div class=\"faq-item-answer-text\"><p>A empresa Elfsight oferece um Solu\u00e7\u00e3o em nuvem que permite que voc\u00ea mesmo estabele\u00e7a um plug-in de feed RSS. Aprenda as etapas simples: <\/p><ul><li>V\u00e1 para a demonstra\u00e7\u00e3o ao vivo para gerar uma se\u00e7\u00e3o de feed RSS que voc\u00ea gostaria de incluir no WooCommerce.<\/li> <li>Clique em um de nossos modelos predefinidos e altere as configura\u00e7\u00f5es do RSS Feed, altere o layout e as cores, atualize seu conte\u00fado sem nenhum conhecimento de codifica\u00e7\u00e3o.<\/li><li>Salve as configura\u00e7\u00f5es feitas no RSS Feed e obtenha o c\u00f3digo de instala\u00e7\u00e3o do widget, que pode ser facilmente inclu\u00eddo em qualquer p\u00e1gina inicial do WooCommerce dentro de um plano gratuito.<\/li><\/ul><p>Com o Editor intuitivo, qualquer usu\u00e1rio da Internet pode criar RSS Feed e incorpor\u00e1-lo facilmente ao site WooCommerce. Voc\u00ea n\u00e3o deve pagar ou enviar os dados do seu cart\u00e3o para acessar o servi\u00e7o. Se voc\u00ea encontrar algum obst\u00e1culo em qualquer etapa, sinta-se \u00e0 vontade para entrar em contato com nossa equipe de suporte t\u00e9cnico.<\/p><\/div>\r\n\t\t\t\t\t<\/div>\r\n\t\t\t\t<\/div><\/div>","protected":false},"excerpt":{"rendered":"","protected":false},"author":9,"featured_media":0,"parent":1528,"menu_order":0,"comment_status":"closed","ping_status":"closed","template":"templates\/template-application-platform.php","meta":{"publish_to_discourse":"","publish_post_category":"","wpdc_auto_publish_overridden":"","wpdc_topic_tags":"","wpdc_pin_topic":"","wpdc_pin_until":"","discourse_post_id":"","discourse_permalink":"","wpdc_publishing_response":"","wpdc_publishing_error":"","footnotes":""},"class_list":["post-7786","page","type-page","status-publish","hentry"],"yoast_head":"<!-- This site is optimized with the Yoast SEO plugin v25.3.1 - https:\/\/yoast.com\/wordpress\/plugins\/seo\/ -->\n<title>Adicione o plugin RSS Feed ao site WooCommerce (r\u00e1pido e gratuito)<\/title>\n<meta name=\"description\" content=\"Adicione um plugin de feed RSS responsivo ao seu site WooCommerce. Utilize a demonstra\u00e7\u00e3o pr\u00e1tica da Elfsight e crie seu fascinante feed RSS com apenas alguns cliques\" \/>\n<meta name=\"robots\" content=\"index, follow, max-snippet:-1, max-image-preview:large, max-video-preview:-1\" \/>\n<link rel=\"canonical\" href=\"https:\/\/elfsight.com\/pt\/rss-feed-widget\/woocommerce\/\" \/>\n<meta property=\"og:locale\" content=\"pt_PT\" \/>\n<meta property=\"og:type\" content=\"article\" \/>\n<meta property=\"og:title\" content=\"Adicione o plugin RSS Feed ao site WooCommerce (r\u00e1pido e gratuito)\" \/>\n<meta property=\"og:description\" content=\"Adicione um plugin de feed RSS responsivo ao seu site WooCommerce. Utilize a demonstra\u00e7\u00e3o pr\u00e1tica da Elfsight e crie seu fascinante feed RSS com apenas alguns cliques\" \/>\n<meta property=\"og:url\" content=\"https:\/\/elfsight.com\/pt\/rss-feed-widget\/woocommerce\/\" \/>\n<meta property=\"og:site_name\" content=\"Elfsight PT\" \/>\n<meta property=\"article:modified_time\" content=\"2024-11-13T11:18:04+00:00\" \/>\n<meta name=\"twitter:card\" content=\"summary_large_image\" \/>\n<meta name=\"twitter:label1\" content=\"Tempo estimado de leitura\" \/>\n\t<meta name=\"twitter:data1\" content=\"3 minutos\" \/>\n<!-- \/ Yoast SEO plugin. -->","yoast_head_json":{"title":"Adicione o plugin RSS Feed ao site WooCommerce (r\u00e1pido e gratuito)","description":"Adicione um plugin de feed RSS responsivo ao seu site WooCommerce. Utilize a demonstra\u00e7\u00e3o pr\u00e1tica da Elfsight e crie seu fascinante feed RSS com apenas alguns cliques","robots":{"index":"index","follow":"follow","max-snippet":"max-snippet:-1","max-image-preview":"max-image-preview:large","max-video-preview":"max-video-preview:-1"},"canonical":"https:\/\/elfsight.com\/pt\/rss-feed-widget\/woocommerce\/","og_locale":"pt_PT","og_type":"article","og_title":"Adicione o plugin RSS Feed ao site WooCommerce (r\u00e1pido e gratuito)","og_description":"Adicione um plugin de feed RSS responsivo ao seu site WooCommerce. Utilize a demonstra\u00e7\u00e3o pr\u00e1tica da Elfsight e crie seu fascinante feed RSS com apenas alguns cliques","og_url":"https:\/\/elfsight.com\/pt\/rss-feed-widget\/woocommerce\/","og_site_name":"Elfsight PT","article_modified_time":"2024-11-13T11:18:04+00:00","twitter_card":"summary_large_image","twitter_misc":{"Tempo estimado de leitura":"3 minutos"},"schema":{"@context":"https:\/\/schema.org","@graph":[{"@type":"WebPage","@id":"https:\/\/elfsight.com\/pt\/rss-feed-widget\/woocommerce\/","url":"https:\/\/elfsight.com\/pt\/rss-feed-widget\/woocommerce\/","name":"Adicione o plugin RSS Feed ao site WooCommerce (r\u00e1pido e gratuito)","isPartOf":{"@id":"https:\/\/elfsight.com\/pt\/#website"},"datePublished":"1970-01-01T00:00:00+00:00","dateModified":"2024-11-13T11:18:04+00:00","description":"Adicione um plugin de feed RSS responsivo ao seu site WooCommerce. Utilize a demonstra\u00e7\u00e3o pr\u00e1tica da Elfsight e crie seu fascinante feed RSS com apenas alguns cliques","breadcrumb":{"@id":"https:\/\/elfsight.com\/pt\/rss-feed-widget\/woocommerce\/#breadcrumb"},"inLanguage":"pt-PT","potentialAction":[{"@type":"ReadAction","target":["https:\/\/elfsight.com\/pt\/rss-feed-widget\/woocommerce\/"]}]},{"@type":"BreadcrumbList","@id":"https:\/\/elfsight.com\/pt\/rss-feed-widget\/woocommerce\/#breadcrumb","itemListElement":[{"@type":"ListItem","position":1,"name":"Home","item":"https:\/\/elfsight.com\/pt\/"},{"@type":"ListItem","position":2,"name":"RSS Feed","item":"https:\/\/elfsight.com\/pt\/rss-feed-widget\/"},{"@type":"ListItem","position":3,"name":"RSS Feed &#8211; WooCommerce"}]},{"@type":"WebSite","@id":"https:\/\/elfsight.com\/pt\/#website","url":"https:\/\/elfsight.com\/pt\/","name":"Elfsight PT","description":"Just another Elfsight Sites site","potentialAction":[{"@type":"SearchAction","target":{"@type":"EntryPoint","urlTemplate":"https:\/\/elfsight.com\/pt\/?s={search_term_string}"},"query-input":{"@type":"PropertyValueSpecification","valueRequired":true,"valueName":"search_term_string"}}],"inLanguage":"pt-PT"}]}},"meta_box":{"industry":"","seo_heading":"","heading":"","description":"","cta_heading":"","cta_description":"","application":"1526","h1":"Plug-in de feed RSS WooCommerce","h1_caption":"Apresente postagens de qualquer blog de not\u00edcias do seu site via RSS Feed com um clique!","application_category":[],"applications_title":"","applications_request_title":"","applications_request_button_text":"","hero_text":"","hero_video":"","hero_video_schema_markup":"","selling_points_title":"","selling_points_caption":"","selling_points":[],"selling_points_cta_text":"","features_title":"","features":"","ed_cta_examples_text":"","ed_cta_examples_hidden":"","ed_cta_demo_text":"","ed_cta_demo_hidden":"","why_caption":"","why_editor_title":"","why_editor_text":"","why_team_title":"","why_team_text":"","why_service_title":"","why_service_text":"","template_catalog_visible":"","template_catalog_title":"","template_catalog_text":"","template_catalog_categories_visible":"","demo_title":"Crie seu aplicativo de feed RSS","demo_caption":"Configure seu feed RSS e adicione-o ao seu site WooCommerce gratuitamente!","default_faq_hidden":"","app_template_category":[],"platform":"4920","template_public_id":"","codecanyon_url":"","codecanyon_item_id":"","codecanyon_price":"","pricing_caption":"","pricing_elfsight_apps_hide_column":"","pricing_elfsight_apps_url":"","pricing_codecanyon_price_caption":"","integration_category":[],"integration_request_title":"","integration_request_cta":"","integration_platform":"","integrations":[],"platform_category":[],"video_schema_markup":"","price":"a partir de US$ 0\/m\u00eas","trial":"","benefits":[{"text":"Servi\u00e7o de instala\u00e7\u00e3o gratuito"},{"text":"Atendimento ao cliente competente"},{"text":"Garantia de reembolso de 14 dias"},{"text":"Atualiza\u00e7\u00f5es cont\u00ednuas"}],"button_url":"#demo","button_target_blank":"","button_nofollow":"","attributes":[{"name":"Instala\u00e7\u00f5es","content":"10,000 - 100,000"},{"name":"Responsivo","content":"Sim"},{"name":"Navegadores compat\u00edveis","content":"Firefox, Safari, Opera, Chrome, Edge"}],"tags":[],"tags_disable_links":"","hide_more_platforms":"","video_object":"","demo_hide_cta":"","demo_hide_cloud_options":"","pricing_title":"","pricing":[{"pricing_icon":"platform","pricing_title":"Elfsight Apps","pricing_title_caption":"Vers\u00e3o independente de plataforma adequada para qualquer site","pricing_price":"a partir de US$ 0\/m\u00eas","pricing_price_caption":"comece com um plano gratuito","pricing_benefits":[{"text":"Dom\u00ednios ilimitados"},{"text":"Suporte dedicado \u00e0 empresa"},{"text":"Suporte dedicado \u00e0 empresa"},{"text":"Totalmente personaliz\u00e1vel"}],"pricing_button_text":"Adicionar ao site","pricing_button_url":"#demo"}],"related_apps_title":"","related_apps_hidden":"","author":"","image":[],"title":"","job":"","social_networks":[]},"_links":{"self":[{"href":"https:\/\/elfsight.com\/pt\/wp-json\/wp\/v2\/pages\/7786","targetHints":{"allow":["GET"]}}],"collection":[{"href":"https:\/\/elfsight.com\/pt\/wp-json\/wp\/v2\/pages"}],"about":[{"href":"https:\/\/elfsight.com\/pt\/wp-json\/wp\/v2\/types\/page"}],"author":[{"embeddable":true,"href":"https:\/\/elfsight.com\/pt\/wp-json\/wp\/v2\/users\/9"}],"replies":[{"embeddable":true,"href":"https:\/\/elfsight.com\/pt\/wp-json\/wp\/v2\/comments?post=7786"}],"version-history":[{"count":1,"href":"https:\/\/elfsight.com\/pt\/wp-json\/wp\/v2\/pages\/7786\/revisions"}],"predecessor-version":[{"id":7790,"href":"https:\/\/elfsight.com\/pt\/wp-json\/wp\/v2\/pages\/7786\/revisions\/7790"}],"up":[{"embeddable":true,"href":"https:\/\/elfsight.com\/pt\/wp-json\/wp\/v2\/pages\/1528"}],"wp:attachment":[{"href":"https:\/\/elfsight.com\/pt\/wp-json\/wp\/v2\/media?parent=7786"}],"curies":[{"name":"wp","href":"https:\/\/api.w.org\/{rel}","templated":true}]}}