{"id":7776,"date":"1970-01-01T00:00:00","date_gmt":"1970-01-01T00:00:00","guid":{"rendered":"https:\/\/elfsight.com\/pt\/?page_id=7776"},"modified":"2024-11-13T11:26:45","modified_gmt":"2024-11-13T11:26:45","slug":"bigcommerce","status":"publish","type":"page","link":"https:\/\/elfsight.com\/pt\/restaurant-menu-widget\/bigcommerce\/","title":{"rendered":"Restaurant Menu &#8211; BigCommerce"},"content":{"rendered":"<div class=\"application-platform-content-item-description application-platform-content-item\" id=\"description\" data-nav-section=\"description\"> <h2>Descri\u00e7\u00e3o<\/h2><p>O Restaurant Menu da Elfsight \u00e9 um aplicativo conveniente para demonstrar sua variedade de itens diretamente na sua p\u00e1gina. \u00c9 a forma mais r\u00e1pida de dar a conhecer a sua diversidade aos seus utilizadores, transmitir uma ideia \u00fanica e chamar a aten\u00e7\u00e3o com fotos magn\u00e9ticas de alimentos. O Menu do Restaurante \u00e9 absolutamente personalizado. Gra\u00e7as a ele voc\u00ea pode definir uma infinidade de card\u00e1pios com uma grande variedade de itens ou apenas apresentar uma breve lista dos produtos que voc\u00ea serve. Selecione um esquema claro, escuro ou adapte tudo o que quiser, alterando todas as cores de destaque. Chega de arquivos PDF que voc\u00ea precisa reescrever logo no in\u00edcio. Seu card\u00e1pio pode ficar sempre atualizado: voc\u00ea pode alterar pre\u00e7os, lista de itens, adicionar novos pratos ou at\u00e9 card\u00e1pios com um clique! Tudo que voc\u00ea precisa fazer \u00e9 come\u00e7ar a criar seu menu maravilhoso agora mesmo. N\u00e3o s\u00e3o necess\u00e1rias habilidades de codifica\u00e7\u00e3o ou designer.<\/p> <p><b>Obtenha o melhor do card\u00e1pio do restaurante para enfrentar os desafios do seu neg\u00f3cio com menos esfor\u00e7o! O seu estabelecimento pode ter mais clientes potenciais e alcan\u00e7ar um crescimento ativo do neg\u00f3cio e impulsionar as vendas. Comece a usar o aplicativo agora! <\/b><\/p><\/div> <div class=\"application-platform-content-item-features application-platform-content-item\" id=\"features\" data-nav-section=\"features\"> <h2>Estes s\u00e3o apenas alguns dos poderosos recursos do widget: <\/h2> <ul><li> Uma ferramenta simples, mesmo para quem n\u00e3o \u00e9 usu\u00e1rio usu\u00e1rios de tecnologia<\/li><li>Quantidade ilimitada de menus, se\u00e7\u00f5es ou itens, organizados com layouts de aba, lista ou alvenaria<\/li><li>Menu f\u00e1cil de corrigir e todas as suas configura\u00e7\u00f5es sempre que desejar: pre\u00e7os, sazonalidade pratos e bebidas e etc. <\/li><li> Adicione uma descri\u00e7\u00e3o extensa para os itens, incluindo \u00edcones, elementos nutricionais e emblemas<\/li><li>Defina imagens deliciosas para os itens e at\u00e9 mesmo mostre-os em modo pop-up<\/li><li>Altere e recolora quaisquer elementos: texto, esquema de cores e \u00edcones<\/li><\/ul><p><a href=\"#demo\">Basta verificar esta demonstra\u00e7\u00e3o para ver como funciona<\/a><\/p> <\/div> <div class=\"application-platform-content-item-installation application-platform-content-item\" id=\"installation\" data-nav-section=\"installation\"> <h2>Como fa\u00e7o para incorporar o menu do restaurante ao meu site do BigCommerce? <\/h2> <div class=\"video-container\"><iframe width=\"720\" height=\"405\" src=\"https:\/\/www.youtube.com\/embed\/0ErBT690-Rg\" frameborder=\"0\" allowfullscreen=\"\"><\/iframe><\/div><p>Basta aplicar as instru\u00e7\u00f5es abaixo para ativar a ferramenta. <\/p> <ol><li><b>Utilize nosso editor gratuito e comece a criar seu pr\u00f3prio widget. <\/b><br> Escolha o design e as especifica\u00e7\u00f5es preferidas do widget e aplique todas as modifica\u00e7\u00f5es. <\/li> <li><b>Copie o c\u00f3digo individual mostrado na janela dos aplicativos Elfsight. <\/b><br> Assim que terminar o estabelecimento do seu widget pessoal, copie o c\u00f3digo exclusivo na janela exibida e salve-o para uso futuro. <\/li> <li><b>Comece a aplicar o widget em seu site BigCommerce. <\/b><br> Coloque o c\u00f3digo que voc\u00ea copiou recentemente em seu site e salve as melhorias. <\/li> <li><b>A instala\u00e7\u00e3o est\u00e1 totalmente conclu\u00edda. <\/b><br> Abra seu site para dar uma olhada no funcionamento do widget. <\/li><\/ol><p>Caso tenha d\u00favidas ou enfrente quaisquer dificuldades, entre em contato com nossa equipe de atendimento ao cliente. Nossos especialistas est\u00e3o ansiosos para ajud\u00e1-lo com todas as d\u00favidas que voc\u00ea possa ter sobre o aplicativo. <\/p> <div class=\"faq\" data-component=\"FAQ\"><div class=\"faq-item\">\r\n\t\t\t\t\t<div class=\"faq-item-question\">\r\n\t\t\t\t\t\t<h3 class=\"faq-item-question-text\">De que maneira posso adicionar o Restaurant Menu ao meu site BigCommerce sem nenhuma experi\u00eancia de codifica\u00e7\u00e3o?<\/h3>\r\n\r\n\t\t\t\t\t\t<div class=\"faq-item-question-icon\"><\/div>\r\n\t\t\t\t\t<\/div>\r\n\r\n\t\t\t\t\t<div class=\"faq-item-answer\">\r\n\t\t\t\t\t\t<div class=\"faq-item-answer-text\"> <p>A Elfsight oferece uma solu\u00e7\u00e3o que permite aos usu\u00e1rios estabelecer voc\u00ea mesmo um plugin do Restaurant Menu, descobrir como \u00e9 simples: comece a trabalhar diretamente no editor online para estabelecer um widget de menu de restaurante que voc\u00ea gostaria de incluir em seu site BigCommerce. Escolha um dos modelos prontos e adapte as configura\u00e7\u00f5es do Menu do Restaurante, inclua seu conte\u00fado, altere o layout e as cores sem nenhum conhecimento de codifica\u00e7\u00e3o. Salve as configura\u00e7\u00f5es feitas no Menu do Restaurante e copie o c\u00f3digo de instala\u00e7\u00e3o do widget, que pode ser adicionado na p\u00e1gina do BigCommerce usando um plano gratuito. Usando nosso editor intuitivo, qualquer usu\u00e1rio da web pode criar uma se\u00e7\u00e3o de menu de restaurante e incorpor\u00e1-la prontamente ao site BigCommerce. N\u00e3o h\u00e1 necessidade de adquirir um plano pago ou enviar os dados do seu cart\u00e3o para acessar o servi\u00e7o. Se voc\u00ea tiver algum problema em qualquer etapa, n\u00e3o hesite em falar com nosso suporte ao cliente.<\/p> <\/div>\r\n\t\t\t\t\t<\/div>\r\n\t\t\t\t<\/div> <\/div><\/div>","protected":false},"excerpt":{"rendered":"","protected":false},"author":9,"featured_media":0,"parent":1472,"menu_order":0,"comment_status":"closed","ping_status":"closed","template":"templates\/template-application-platform.php","meta":{"publish_to_discourse":"","publish_post_category":"","wpdc_auto_publish_overridden":"","wpdc_topic_tags":"","wpdc_pin_topic":"","wpdc_pin_until":"","discourse_post_id":"","discourse_permalink":"","wpdc_publishing_response":"","wpdc_publishing_error":"","footnotes":""},"class_list":["post-7776","page","type-page","status-publish","hentry"],"yoast_head":"<!-- This site is optimized with the Yoast SEO plugin v25.3.1 - https:\/\/yoast.com\/wordpress\/plugins\/seo\/ -->\n<title>Aplicativo Restaurant Menu para site BigCommerce - r\u00e1pido e gratuito<\/title>\n<meta name=\"description\" content=\"Insira um menu de restaurante responsivo em sua p\u00e1gina do BigCommerce. Experimente a demonstra\u00e7\u00e3o pr\u00e1tica da Elfsight e crie seu aplicativo estiloso com apenas alguns cliques.\" \/>\n<meta name=\"robots\" content=\"index, follow, max-snippet:-1, max-image-preview:large, max-video-preview:-1\" \/>\n<link rel=\"canonical\" href=\"https:\/\/elfsight.com\/pt\/restaurant-menu-widget\/bigcommerce\/\" \/>\n<meta property=\"og:locale\" content=\"pt_PT\" \/>\n<meta property=\"og:type\" content=\"article\" \/>\n<meta property=\"og:title\" content=\"Aplicativo Restaurant Menu para site BigCommerce - r\u00e1pido e gratuito\" \/>\n<meta property=\"og:description\" content=\"Insira um menu de restaurante responsivo em sua p\u00e1gina do BigCommerce. Experimente a demonstra\u00e7\u00e3o pr\u00e1tica da Elfsight e crie seu aplicativo estiloso com apenas alguns cliques.\" \/>\n<meta property=\"og:url\" content=\"https:\/\/elfsight.com\/pt\/restaurant-menu-widget\/bigcommerce\/\" \/>\n<meta property=\"og:site_name\" content=\"Elfsight PT\" \/>\n<meta property=\"article:modified_time\" content=\"2024-11-13T11:26:45+00:00\" \/>\n<meta name=\"twitter:card\" content=\"summary_large_image\" \/>\n<meta name=\"twitter:label1\" content=\"Tempo estimado de leitura\" \/>\n\t<meta name=\"twitter:data1\" content=\"4 minutos\" \/>\n<!-- \/ Yoast SEO plugin. -->","yoast_head_json":{"title":"Aplicativo Restaurant Menu para site BigCommerce - r\u00e1pido e gratuito","description":"Insira um menu de restaurante responsivo em sua p\u00e1gina do BigCommerce. Experimente a demonstra\u00e7\u00e3o pr\u00e1tica da Elfsight e crie seu aplicativo estiloso com apenas alguns cliques.","robots":{"index":"index","follow":"follow","max-snippet":"max-snippet:-1","max-image-preview":"max-image-preview:large","max-video-preview":"max-video-preview:-1"},"canonical":"https:\/\/elfsight.com\/pt\/restaurant-menu-widget\/bigcommerce\/","og_locale":"pt_PT","og_type":"article","og_title":"Aplicativo Restaurant Menu para site BigCommerce - r\u00e1pido e gratuito","og_description":"Insira um menu de restaurante responsivo em sua p\u00e1gina do BigCommerce. Experimente a demonstra\u00e7\u00e3o pr\u00e1tica da Elfsight e crie seu aplicativo estiloso com apenas alguns cliques.","og_url":"https:\/\/elfsight.com\/pt\/restaurant-menu-widget\/bigcommerce\/","og_site_name":"Elfsight PT","article_modified_time":"2024-11-13T11:26:45+00:00","twitter_card":"summary_large_image","twitter_misc":{"Tempo estimado de leitura":"4 minutos"},"schema":{"@context":"https:\/\/schema.org","@graph":[{"@type":"WebPage","@id":"https:\/\/elfsight.com\/pt\/restaurant-menu-widget\/bigcommerce\/","url":"https:\/\/elfsight.com\/pt\/restaurant-menu-widget\/bigcommerce\/","name":"Aplicativo Restaurant Menu para site BigCommerce - r\u00e1pido e gratuito","isPartOf":{"@id":"https:\/\/elfsight.com\/pt\/#website"},"datePublished":"1970-01-01T00:00:00+00:00","dateModified":"2024-11-13T11:26:45+00:00","description":"Insira um menu de restaurante responsivo em sua p\u00e1gina do BigCommerce. Experimente a demonstra\u00e7\u00e3o pr\u00e1tica da Elfsight e crie seu aplicativo estiloso com apenas alguns cliques.","breadcrumb":{"@id":"https:\/\/elfsight.com\/pt\/restaurant-menu-widget\/bigcommerce\/#breadcrumb"},"inLanguage":"pt-PT","potentialAction":[{"@type":"ReadAction","target":["https:\/\/elfsight.com\/pt\/restaurant-menu-widget\/bigcommerce\/"]}]},{"@type":"BreadcrumbList","@id":"https:\/\/elfsight.com\/pt\/restaurant-menu-widget\/bigcommerce\/#breadcrumb","itemListElement":[{"@type":"ListItem","position":1,"name":"Home","item":"https:\/\/elfsight.com\/pt\/"},{"@type":"ListItem","position":2,"name":"Restaurant Menu","item":"https:\/\/elfsight.com\/pt\/restaurant-menu-widget\/"},{"@type":"ListItem","position":3,"name":"Restaurant Menu &#8211; BigCommerce"}]},{"@type":"WebSite","@id":"https:\/\/elfsight.com\/pt\/#website","url":"https:\/\/elfsight.com\/pt\/","name":"Elfsight PT","description":"Just another Elfsight Sites site","potentialAction":[{"@type":"SearchAction","target":{"@type":"EntryPoint","urlTemplate":"https:\/\/elfsight.com\/pt\/?s={search_term_string}"},"query-input":{"@type":"PropertyValueSpecification","valueRequired":true,"valueName":"search_term_string"}}],"inLanguage":"pt-PT"}]}},"meta_box":{"industry":"","seo_heading":"","heading":"","description":"","cta_heading":"","cta_description":"","application":"1471","h1":"Aplicativo de menu de restaurante BigCommerce","h1_caption":"Fa\u00e7a uma grande variedade de seus alimentos e bebidas para receber mais visitantes","application_category":[],"applications_title":"","applications_request_title":"","applications_request_button_text":"","hero_text":"","hero_video":"","hero_video_schema_markup":"","selling_points_title":"","selling_points_caption":"","selling_points":[],"selling_points_cta_text":"","features_title":"","features":"","ed_cta_examples_text":"","ed_cta_examples_hidden":"","ed_cta_demo_text":"","ed_cta_demo_hidden":"","why_caption":"","why_editor_title":"","why_editor_text":"","why_team_title":"","why_team_text":"","why_service_title":"","why_service_text":"","template_catalog_visible":"","template_catalog_title":"","template_catalog_text":"","template_catalog_categories_visible":"","demo_title":"Crie seu aplicativo Menu de Restaurante","demo_caption":"Configure o card\u00e1pio do seu restaurante e adicione-o ao seu site BigCommerce gratuitamente!","default_faq_hidden":"","app_template_category":[],"platform":"43","template_public_id":"","codecanyon_url":"","codecanyon_item_id":"","codecanyon_price":"","pricing_caption":"","pricing_elfsight_apps_hide_column":"","pricing_elfsight_apps_url":"","pricing_codecanyon_price_caption":"","integration_category":[],"integration_request_title":"","integration_request_cta":"","integration_platform":"","integrations":[],"platform_category":[],"video_schema_markup":"","price":"a partir de US$ 0\/m\u00eas","trial":"","benefits":[{"text":"Assist\u00eancia de instala\u00e7\u00e3o gratuita"},{"text":"Atendimento ao cliente competente"},{"text":"Garantia de devolu\u00e7\u00e3o do dinheiro em 14 dias"},{"text":"Atualiza\u00e7\u00f5es gratuitas regulares"}],"button_url":"#demo","button_target_blank":"","button_nofollow":"","attributes":[{"name":"Instala\u00e7\u00f5es","content":"10,000 - 100,000"},{"name":"Responsivo","content":"Sim"},{"name":"Navegadores compat\u00edveis","content":"Firefox, Safari, Opera, Chrome, Edge"}],"tags":[],"tags_disable_links":"","hide_more_platforms":"","video_object":"","demo_hide_cta":"","demo_hide_cloud_options":"","pricing_title":"","pricing":[{"pricing_icon":"platform","pricing_title":"Elfsight Apps","pricing_title_caption":"Solu\u00e7\u00e3o independente de plataforma adequada para qualquer site","pricing_price":"a partir de US$ 0\/m\u00eas","pricing_price_caption":"comece com um plano gratuito","pricing_benefits":[{"text":"Sites ilimitados"},{"text":"Suporte profissional e bem documentado"},{"text":"Suporte profissional e bem documentado"},{"text":"100% personaliz\u00e1vel"}],"pricing_button_text":"Adicionar ao site","pricing_button_url":"#demo"}],"related_apps_title":"","related_apps_hidden":"","author":"","image":[],"title":"","job":"","social_networks":[]},"_links":{"self":[{"href":"https:\/\/elfsight.com\/pt\/wp-json\/wp\/v2\/pages\/7776","targetHints":{"allow":["GET"]}}],"collection":[{"href":"https:\/\/elfsight.com\/pt\/wp-json\/wp\/v2\/pages"}],"about":[{"href":"https:\/\/elfsight.com\/pt\/wp-json\/wp\/v2\/types\/page"}],"author":[{"embeddable":true,"href":"https:\/\/elfsight.com\/pt\/wp-json\/wp\/v2\/users\/9"}],"replies":[{"embeddable":true,"href":"https:\/\/elfsight.com\/pt\/wp-json\/wp\/v2\/comments?post=7776"}],"version-history":[{"count":2,"href":"https:\/\/elfsight.com\/pt\/wp-json\/wp\/v2\/pages\/7776\/revisions"}],"predecessor-version":[{"id":12164,"href":"https:\/\/elfsight.com\/pt\/wp-json\/wp\/v2\/pages\/7776\/revisions\/12164"}],"up":[{"embeddable":true,"href":"https:\/\/elfsight.com\/pt\/wp-json\/wp\/v2\/pages\/1472"}],"wp:attachment":[{"href":"https:\/\/elfsight.com\/pt\/wp-json\/wp\/v2\/media?parent=7776"}],"curies":[{"name":"wp","href":"https:\/\/api.w.org\/{rel}","templated":true}]}}