{"id":7775,"date":"1970-01-01T00:00:00","date_gmt":"1970-01-01T00:00:00","guid":{"rendered":"https:\/\/elfsight.com\/pt\/?page_id=7775"},"modified":"2025-03-07T05:35:09","modified_gmt":"2025-03-07T05:35:09","slug":"drupal","status":"publish","type":"page","link":"https:\/\/elfsight.com\/pt\/restaurant-menu-widget\/drupal\/","title":{"rendered":"Restaurant Menu &#8211; Drupal"},"content":{"rendered":"\n<div class=\"application-platform-content-item-description application-platform-content-item\" id=\"description\" data-nav-section=\"description\"> <h2>Descri\u00e7\u00e3o<\/h2><p>Elfsight Restaurant Menu \u00e9 um m\u00f3dulo gerenci\u00e1vel para apresenta\u00e7\u00e3o de sua variedade de alimentos e bebidas diretamente em seu site. \u00c9 uma forma c\u00f3moda de familiarizar os visitantes com a sua variedade, transmitir caracter\u00edsticas marcantes e chamar a aten\u00e7\u00e3o com fotos cativantes dos produtos. O widget \u00e9 extremamente \u00fatil. Atrav\u00e9s dele voc\u00ea pode criar uma infinidade de p\u00e1ginas de menu com uma grande quantidade de itens ou apenas apresentar uma lista concisa que voc\u00ea serve. Selecione o esquema claro, escuro ou altere as configura\u00e7\u00f5es desejadas, recolorindo todos os elementos. Al\u00e9m disso, seu card\u00e1pio pode ser sempre atual: voc\u00ea pode alterar pre\u00e7os, lista de itens, adicionar novas bebidas ou at\u00e9 card\u00e1pios em poucos segundos! Chega de menus prontos para imprimir que voc\u00ea precisa formar logo no in\u00edcio. Comece a criar seu m\u00f3dulo impressionante agora mesmo! <\/p> <p><b>Adicione o Menu do Restaurante para atingir os objetivos do seu neg\u00f3cio de forma mais simples! Atrav\u00e9s do menu do seu site voc\u00ea pode atrair mais clientes em potencial e vivenciar um s\u00f3lido desenvolvimento de neg\u00f3cios!<\/b><\/p> <\/div> <div class=\"application-platform-content-item-features application-platform-content-item\" id=\"features\" data-nav-section=\"features\"> <h2>Abaixo est\u00e3o os recursos centrais do m\u00f3dulo: <\/h2> <ul><li> Ferramenta f\u00e1cil de usar mesmo para usu\u00e1rios n\u00e3o profissionais<\/li><li>Quantidade ilimitada de menus, se\u00e7\u00f5es ou itens, divididos com a ajuda de layouts de Aba, Lista ou Alvenaria <\/li><li>Menu simples de atualizar e todos os seus componentes: pre\u00e7os, pratos sazonais, bebidas e etc.<\/li><li> Escreva uma descri\u00e7\u00e3o extensa para os itens: \u00edcones, informa\u00e7\u00f5es nutricionais e emblemas <\/li><li>Carregue imagens apetitosas para os itens e at\u00e9 apresente-os em modo pop-up<\/li><li>Ajuste e repinte todos os elementos: texto, esquema de cores e \u00edcones<\/li><\/ul><p><a href=\"#demo\">Voc\u00ea pode verificar o que o widget oferece com a ajuda da demonstra\u00e7\u00e3o<\/a><\/p> <\/div> <div class=\"application-platform-content-item-installation application-platform-content-item\" id=\"installation\" data-nav-section=\"installation\"> <h2>Como incorporar o menu do restaurante no meu Drupal site?<\/h2><div class=\"video-container\"><iframe width=\"720\" height=\"405\" src=\"https:\/\/www.youtube.com\/embed\/-Qa4XGQedkQ\" frameborder=\"0\" allowfullscreen=\"\"><\/iframe><\/div><p>Basta seguir as orienta\u00e7\u00f5es abaixo para ativar a ferramenta: <\/p> <ol><li><b>Execute nosso configurador gratuito e comece a construir seu custom- m\u00f3dulo feito. <\/b><br> Escolha o layout e aspectos desej\u00e1veis \u200b\u200bdo m\u00f3dulo e aplique todas as corre\u00e7\u00f5es. <\/li> <li><b>Adquira o c\u00f3digo individual que aparece no formul\u00e1rio especial nas aplica\u00e7\u00f5es Elfsight. <\/b><br> Ap\u00f3s a personaliza\u00e7\u00e3o do seu m\u00f3dulo pessoal, copie o c\u00f3digo individual na janela que aparece e salve-o para uso posterior. <\/li> <li><b>Comece a usar o m\u00f3dulo na sua p\u00e1gina da web Drupal. <\/b><br> Coloque o c\u00f3digo que voc\u00ea salvou anteriormente em seu site e salve os ajustes. <\/li> <li><b>A instala\u00e7\u00e3o foi totalmente realizada. <\/b><br> Acesse sua p\u00e1gina da Web para ver em a\u00e7\u00e3o o desempenho do m\u00f3dulo. <\/li><\/ol><p>Caso tenha alguma d\u00favida ou encontre alguma dificuldade, n\u00e3o hesite em entrar em contato com nossa equipe de atendimento ao cliente. A equipa da Elfsight deseja ajud\u00e1-lo com todas as quest\u00f5es que possa ter sobre o m\u00f3dulo. <\/p> <div class=\"faq\" data-component=\"FAQ\"><div class=\"faq-item\">\r\n\t\t\t\t\t<div class=\"faq-item-question\">\r\n\t\t\t\t\t\t<h3 class=\"faq-item-question-text\">Como adicionar Menu de Restaurante ao meu site Drupal sem codifica\u00e7\u00e3o?<\/h3>\r\n\r\n\t\t\t\t\t\t<div class=\"faq-item-question-icon\"><\/div>\r\n\t\t\t\t\t<\/div>\r\n\r\n\t\t\t\t\t<div class=\"faq-item-answer\">\r\n\t\t\t\t\t\t<div class=\"faq-item-answer-text\"> <p>A Elfsight oferece uma solu\u00e7\u00e3o SaaS que permite aos usu\u00e1rios criarem voc\u00ea mesmo um widget de Menu de Restaurante. Descubra as instru\u00e7\u00f5es f\u00e1ceis: V\u00e1 para o editor ao vivo para estabelecer um aplicativo de menu de restaurante que voc\u00ea gostaria de incorporar em sua p\u00e1gina inicial do Drupal. Selecione um dos diversos modelos prontos e ajuste as configura\u00e7\u00f5es do Menu do Restaurante, inclua seu conte\u00fado, altere o layout e a cor dos elementos sem nenhum conhecimento de codifica\u00e7\u00e3o. Clique para salvar as configura\u00e7\u00f5es feitas no Menu do Restaurante e copie o c\u00f3digo de instala\u00e7\u00e3o, que voc\u00ea pode simplesmente incluir em qualquer p\u00e1gina da web Drupal gratuitamente. Usando nosso configurador intuitivo, qualquer usu\u00e1rio da web pode criar o menu do restaurante on-line e col\u00e1-lo na p\u00e1gina da web do Drupal. Voc\u00ea n\u00e3o deve obter um plano pago ou inserir as credenciais do seu cart\u00e3o para acessar o servi\u00e7o Elfsight. Se voc\u00ea tiver algum problema em qualquer etapa, n\u00e3o hesite em entrar em contato com nosso suporte ao cliente.<\/p> <\/div>\r\n\t\t\t\t\t<\/div>\r\n\t\t\t\t<\/div> <\/div><\/div><!-- \/wp:html - &gt; \/wp:html -->\n","protected":false},"excerpt":{"rendered":"","protected":false},"author":9,"featured_media":0,"parent":1472,"menu_order":0,"comment_status":"closed","ping_status":"closed","template":"templates\/template-application-platform.php","meta":{"publish_to_discourse":"","publish_post_category":"","wpdc_auto_publish_overridden":"","wpdc_topic_tags":"","wpdc_pin_topic":"","wpdc_pin_until":"","discourse_post_id":"","discourse_permalink":"","wpdc_publishing_response":"","wpdc_publishing_error":"","footnotes":""},"class_list":["post-7775","page","type-page","status-publish","hentry"],"yoast_head":"<!-- This site is optimized with the Yoast SEO plugin v25.3.1 - https:\/\/yoast.com\/wordpress\/plugins\/seo\/ -->\n<title>Menu de restaurante para site Drupal - impressionante e gratuito<\/title>\n<meta name=\"description\" content=\"Insira um menu de restaurante responsivo em sua p\u00e1gina Drupal. Experimente a demonstra\u00e7\u00e3o pr\u00e1tica da Elfsight e crie seu m\u00f3dulo incr\u00edvel com apenas alguns cliques\" \/>\n<meta name=\"robots\" content=\"index, follow, max-snippet:-1, max-image-preview:large, max-video-preview:-1\" \/>\n<link rel=\"canonical\" href=\"https:\/\/elfsight.com\/pt\/restaurant-menu-widget\/drupal\/\" \/>\n<meta property=\"og:locale\" content=\"pt_PT\" \/>\n<meta property=\"og:type\" content=\"article\" \/>\n<meta property=\"og:title\" content=\"Menu de restaurante para site Drupal - impressionante e gratuito\" \/>\n<meta property=\"og:description\" content=\"Insira um menu de restaurante responsivo em sua p\u00e1gina Drupal. Experimente a demonstra\u00e7\u00e3o pr\u00e1tica da Elfsight e crie seu m\u00f3dulo incr\u00edvel com apenas alguns cliques\" \/>\n<meta property=\"og:url\" content=\"https:\/\/elfsight.com\/pt\/restaurant-menu-widget\/drupal\/\" \/>\n<meta property=\"og:site_name\" content=\"Elfsight PT\" \/>\n<meta property=\"article:modified_time\" content=\"2025-03-07T05:35:09+00:00\" \/>\n<meta name=\"twitter:card\" content=\"summary_large_image\" \/>\n<meta name=\"twitter:label1\" content=\"Tempo estimado de leitura\" \/>\n\t<meta name=\"twitter:data1\" content=\"4 minutos\" \/>\n<!-- \/ Yoast SEO plugin. -->","yoast_head_json":{"title":"Menu de restaurante para site Drupal - impressionante e gratuito","description":"Insira um menu de restaurante responsivo em sua p\u00e1gina Drupal. Experimente a demonstra\u00e7\u00e3o pr\u00e1tica da Elfsight e crie seu m\u00f3dulo incr\u00edvel com apenas alguns cliques","robots":{"index":"index","follow":"follow","max-snippet":"max-snippet:-1","max-image-preview":"max-image-preview:large","max-video-preview":"max-video-preview:-1"},"canonical":"https:\/\/elfsight.com\/pt\/restaurant-menu-widget\/drupal\/","og_locale":"pt_PT","og_type":"article","og_title":"Menu de restaurante para site Drupal - impressionante e gratuito","og_description":"Insira um menu de restaurante responsivo em sua p\u00e1gina Drupal. Experimente a demonstra\u00e7\u00e3o pr\u00e1tica da Elfsight e crie seu m\u00f3dulo incr\u00edvel com apenas alguns cliques","og_url":"https:\/\/elfsight.com\/pt\/restaurant-menu-widget\/drupal\/","og_site_name":"Elfsight PT","article_modified_time":"2025-03-07T05:35:09+00:00","twitter_card":"summary_large_image","twitter_misc":{"Tempo estimado de leitura":"4 minutos"},"schema":{"@context":"https:\/\/schema.org","@graph":[{"@type":"WebPage","@id":"https:\/\/elfsight.com\/pt\/restaurant-menu-widget\/drupal\/","url":"https:\/\/elfsight.com\/pt\/restaurant-menu-widget\/drupal\/","name":"Menu de restaurante para site Drupal - impressionante e gratuito","isPartOf":{"@id":"https:\/\/elfsight.com\/pt\/#website"},"datePublished":"1970-01-01T00:00:00+00:00","dateModified":"2025-03-07T05:35:09+00:00","description":"Insira um menu de restaurante responsivo em sua p\u00e1gina Drupal. Experimente a demonstra\u00e7\u00e3o pr\u00e1tica da Elfsight e crie seu m\u00f3dulo incr\u00edvel com apenas alguns cliques","breadcrumb":{"@id":"https:\/\/elfsight.com\/pt\/restaurant-menu-widget\/drupal\/#breadcrumb"},"inLanguage":"pt-PT","potentialAction":[{"@type":"ReadAction","target":["https:\/\/elfsight.com\/pt\/restaurant-menu-widget\/drupal\/"]}]},{"@type":"BreadcrumbList","@id":"https:\/\/elfsight.com\/pt\/restaurant-menu-widget\/drupal\/#breadcrumb","itemListElement":[{"@type":"ListItem","position":1,"name":"Home","item":"https:\/\/elfsight.com\/pt\/"},{"@type":"ListItem","position":2,"name":"Restaurant Menu","item":"https:\/\/elfsight.com\/pt\/restaurant-menu-widget\/"},{"@type":"ListItem","position":3,"name":"Restaurant Menu &#8211; Drupal"}]},{"@type":"WebSite","@id":"https:\/\/elfsight.com\/pt\/#website","url":"https:\/\/elfsight.com\/pt\/","name":"Elfsight PT","description":"Just another Elfsight Sites site","potentialAction":[{"@type":"SearchAction","target":{"@type":"EntryPoint","urlTemplate":"https:\/\/elfsight.com\/pt\/?s={search_term_string}"},"query-input":{"@type":"PropertyValueSpecification","valueRequired":true,"valueName":"search_term_string"}}],"inLanguage":"pt-PT"}]}},"meta_box":{"industry":"","seo_heading":"","heading":"","description":"","cta_heading":"","cta_description":"","application":"1471","h1":"M\u00f3dulo Menu do Restaurante Drupal","h1_caption":"Widget f\u00e1cil de usar para exibir uma grande variedade de suas refei\u00e7\u00f5es e bebidas","application_category":[],"applications_title":"","applications_request_title":"","applications_request_button_text":"","hero_text":"","hero_video":"","hero_video_schema_markup":"","selling_points_title":"","selling_points_caption":"","selling_points":[],"selling_points_cta_text":"","features_title":"","features":"","ed_cta_examples_text":"","ed_cta_examples_hidden":"","ed_cta_demo_text":"","ed_cta_demo_hidden":"","why_caption":"","why_editor_title":"","why_editor_text":"","why_team_title":"","why_team_text":"","why_service_title":"","why_service_text":"","template_catalog_visible":"0","template_catalog_title":"","template_catalog_text":"","template_catalog_categories_visible":"","demo_title":"Crie seu m\u00f3dulo Menu de Restaurante","demo_caption":"Configure o Menu do seu Restaurante e adicione-o ao seu site Drupal gratuitamente!","default_faq_hidden":"","app_template_category":[],"platform":"4905","template_public_id":"","codecanyon_url":"","codecanyon_item_id":"","codecanyon_price":"","pricing_caption":"","pricing_elfsight_apps_hide_column":"","pricing_elfsight_apps_url":"","pricing_codecanyon_price_caption":"","integration_category":[],"integration_request_title":"","integration_request_cta":"","integration_platform":"","integrations":[],"platform_category":[],"video_schema_markup":"","price":"a partir de US$ 0\/m\u00eas","trial":"","benefits":[{"text":"Assist\u00eancia de instala\u00e7\u00e3o gratuita"},{"text":"Suporte excepcional"},{"text":"Garantia de devolu\u00e7\u00e3o do dinheiro em 14 dias"},{"text":"Futuras atualiza\u00e7\u00f5es gratuitas"}],"button_url":"#demo","button_target_blank":"0","button_nofollow":"0","attributes":[{"name":"Instala\u00e7\u00f5es","content":"10,000 - 100,000"},{"name":"Responsivo","content":"Sim"},{"name":"Navegadores compat\u00edveis","content":"Firefox, Safari, Opera, Chrome, Edge"}],"tags":[],"tags_disable_links":"0","hide_more_platforms":"0","video_object":"","demo_hide_cta":"0","demo_hide_cloud_options":"0","pricing_title":"","pricing":[{"pricing_icon":"platform","pricing_title":"Elfsight Apps","pricing_title_caption":"Solu\u00e7\u00e3o digital multiplataforma","pricing_price":"a partir de US$ 0\/m\u00eas","pricing_price_caption":"comece com plano gratuito","pricing_benefits":[{"text":"Dom\u00ednios ilimitados"},{"text":"Suporte premium para empresas"},{"text":"Suporte premium para empresas"},{"text":"Oferta especial para v\u00e1rios aplicativos"}],"pricing_button_text":"Adicionar ao site","pricing_button_url":"#demo"}],"related_apps_title":"","related_apps_hidden":"0","author":"","image":[],"title":"","job":"","social_networks":[]},"_links":{"self":[{"href":"https:\/\/elfsight.com\/pt\/wp-json\/wp\/v2\/pages\/7775","targetHints":{"allow":["GET"]}}],"collection":[{"href":"https:\/\/elfsight.com\/pt\/wp-json\/wp\/v2\/pages"}],"about":[{"href":"https:\/\/elfsight.com\/pt\/wp-json\/wp\/v2\/types\/page"}],"author":[{"embeddable":true,"href":"https:\/\/elfsight.com\/pt\/wp-json\/wp\/v2\/users\/9"}],"replies":[{"embeddable":true,"href":"https:\/\/elfsight.com\/pt\/wp-json\/wp\/v2\/comments?post=7775"}],"version-history":[{"count":3,"href":"https:\/\/elfsight.com\/pt\/wp-json\/wp\/v2\/pages\/7775\/revisions"}],"predecessor-version":[{"id":14532,"href":"https:\/\/elfsight.com\/pt\/wp-json\/wp\/v2\/pages\/7775\/revisions\/14532"}],"up":[{"embeddable":true,"href":"https:\/\/elfsight.com\/pt\/wp-json\/wp\/v2\/pages\/1472"}],"wp:attachment":[{"href":"https:\/\/elfsight.com\/pt\/wp-json\/wp\/v2\/media?parent=7775"}],"curies":[{"name":"wp","href":"https:\/\/api.w.org\/{rel}","templated":true}]}}