{"id":7769,"date":"1970-01-01T00:00:00","date_gmt":"1970-01-01T00:00:00","guid":{"rendered":"https:\/\/elfsight.com\/pt\/?page_id=7769"},"modified":"2024-11-13T11:26:45","modified_gmt":"2024-11-13T11:26:45","slug":"elementor","status":"publish","type":"page","link":"https:\/\/elfsight.com\/pt\/restaurant-menu-widget\/elementor\/","title":{"rendered":"Restaurant Menu &#8211; Elementor"},"content":{"rendered":"<div class=\"application-platform-content-item-description application-platform-content-item\" id=\"description\" data-nav-section=\"description\"> <h2>Incorpore o menu do restaurante no Elementor com o widget Elfsight<\/h2><p>O Elfsight Restaurant Menu \u00e9 uma ferramenta conveniente para exibir sua variedade de refei\u00e7\u00f5es e bebidas diretamente no seu site. O widget \u00e9 absolutamente f\u00e1cil de usar. Por meio dele voc\u00ea pode definir in\u00fameros menus com n\u00famero ilimitado de itens ou apenas exibir uma lista concisa dos pratos que voc\u00ea serve. N\u00e3o hesite em escolher um esquema claro, escuro ou modificar tudo o que quiser, alterando todas as cores de destaque. O widget tamb\u00e9m permite que as informa\u00e7\u00f5es estejam sempre atualizadas: pre\u00e7os corretos, lista de itens, adi\u00e7\u00e3o de novas bebidas ou at\u00e9 menus em poucos segundos! Chega de menus est\u00e1ticos que voc\u00ea precisa formar desde o in\u00edcio. Comece a criar seu menu apetitoso agora mesmo! <\/p> <p><b> Tendo o widget Menu do Restaurante diretamente na p\u00e1gina da sua empresa, voc\u00ea pode receber mais visitantes e ver neg\u00f3cios ativos. Comece a usar o Restaurant Menu da Elfsight!<\/b><\/p> <\/div> <div class=\"application-platform-content-item-features application-platform-content-item\" id=\"features\" data-nav-section=\"features\"> <h2>Aqui est\u00e3o alguns recursos b\u00e1sicos do widget: <\/h2> <ul><li> Um ferramenta f\u00e1cil mesmo para usu\u00e1rios n\u00e3o profissionais <\/li><li>Quantidade personalizada de menus, se\u00e7\u00f5es ou itens, formados com layouts de Aba, Lista ou Alvenaria<\/li><li>Menu de f\u00e1cil atualiza\u00e7\u00e3o e todos os seus elementos, como descontos, promo\u00e7\u00f5es sazonais e etc. <\/li><li> Demonstrar informa\u00e7\u00f5es extras extensas sobre os itens, incluindo \u00edcones, elementos nutricionais e emblemas <\/li><li>Anexar fotos apetitosas para os itens e at\u00e9 mesmo demonstr\u00e1-los em visualiza\u00e7\u00e3o pop-up <\/li><li>Ajuste e altere a cor de quaisquer elementos, como texto, esquema de cores e \u00edcones <\/li><\/ul><p><a href=\"#demo\">Examine todos os recursos de personaliza\u00e7\u00e3o de forma totalmente funcional demo<\/a><\/p> <\/div> <div class=\"application-platform-content-item-installation application-platform-content-item\" id=\"installation\" data-nav-section=\"installation\"> <h2>Como adiciono o menu do restaurante ao meu site Elementor? <\/h2> <div class=\"video-container\"><iframe width=\"720\" height=\"405\" src=\"https:\/\/www.youtube.com\/embed\/dzt-nRfEjsM\" frameborder=\"0\" allowfullscreen=\"\"><\/iframe><\/div><p>Basta aplicar as instru\u00e7\u00f5es abaixo para integrar o widget: <\/p> <ol><li><b>Gerencie nossa demonstra\u00e7\u00e3o gratuita e comece a criar seu menu personalizado. <\/b><br> Especifique a interface selecionada e os recursos do plugin e salve as corre\u00e7\u00f5es. <\/li> <li><b>Adquira o seu c\u00f3digo exclusivo que aparece no formul\u00e1rio especial nas aplica\u00e7\u00f5es Elfsight. <\/b><br> Logo ap\u00f3s a gera\u00e7\u00e3o do seu menu pessoal, copie o c\u00f3digo individual no pop-up que surgir e salve-o para ocasi\u00f5es futuras. <\/li> <li><b>Comece a usar a ferramenta na sua p\u00e1gina inicial do Elementor. <\/b><br> Adicione o c\u00f3digo salvo anteriormente em sua p\u00e1gina inicial e aplique as edi\u00e7\u00f5es. <\/li> <li><b>A instala\u00e7\u00e3o foi finalizada com sucesso. <\/b><br> Visite sua p\u00e1gina web para dar uma olhada no trabalho do widget. <\/li><\/ol> <p>Na condi\u00e7\u00e3o de lidar com d\u00favidas ou ter alguma complica\u00e7\u00e3o, sinta-se \u00e0 vontade para entrar em contato com nossa equipe de atendimento ao cliente. Nosso pessoal ficar\u00e1 animado para resolver todos os problemas que voc\u00ea possa ter com o widget. <\/p> <div class=\"faq\" data-component=\"FAQ\"><div class=\"faq-item\">\r\n\t\t\t\t\t<div class=\"faq-item-question\">\r\n\t\t\t\t\t\t<h3 class=\"faq-item-question-text\">Existe uma maneira de incorporar o Menu do Restaurante \u00e0 minha p\u00e1gina da Web Elementor sem codifica\u00e7\u00e3o?<\/h3>\r\n\r\n\t\t\t\t\t\t<div class=\"faq-item-question-icon\"><\/div>\r\n\t\t\t\t\t<\/div>\r\n\r\n\t\t\t\t\t<div class=\"faq-item-answer\">\r\n\t\t\t\t\t\t<div class=\"faq-item-answer-text\"> <p>A Elfsight oferece uma solu\u00e7\u00e3o que permite aos propriet\u00e1rios de sites criarem voc\u00ea mesmo um aplicativo do Menu do Restaurante, verifique como \u00e9 simples: v\u00e1 para o editor ao vivo para estabelecer um widget de menu de restaurante que voc\u00ea gostaria de incorporar na p\u00e1gina da web do Elementor. Selecione um dos modelos pr\u00e9-desenhados e altere as configura\u00e7\u00f5es do Menu do Restaurante, transforme o layout e a cor dos elementos e adicione seu conte\u00fado, sem nenhuma experi\u00eancia de codifica\u00e7\u00e3o. Salve o Menu do Restaurante e obtenha o c\u00f3digo de instala\u00e7\u00e3o do plugin, que voc\u00ea pode incorporar facilmente em qualquer site Elementor dentro de um plano gratuito. Com a ajuda do configurador f\u00e1cil de usar, cada usu\u00e1rio da web pode gerar uma se\u00e7\u00e3o de menu de restaurante online e adicion\u00e1-la facilmente a qualquer p\u00e1gina inicial do Elementor. N\u00e3o h\u00e1 necessidade de pagar ou divulgar os dados do seu cart\u00e3o para acessar nosso Editor. Se voc\u00ea encontrar algum obst\u00e1culo em qualquer etapa, sinta-se \u00e0 vontade para entrar em contato com nosso suporte ao cliente.<\/p> <\/div>\r\n\t\t\t\t\t<\/div>\r\n\t\t\t\t<\/div> <\/div><\/div>","protected":false},"excerpt":{"rendered":"","protected":false},"author":9,"featured_media":0,"parent":1472,"menu_order":0,"comment_status":"closed","ping_status":"closed","template":"templates\/template-application-platform.php","meta":{"publish_to_discourse":"","publish_post_category":"","wpdc_auto_publish_overridden":"","wpdc_topic_tags":"","wpdc_pin_topic":"","wpdc_pin_until":"","discourse_post_id":"","discourse_permalink":"","wpdc_publishing_response":"","wpdc_publishing_error":"","footnotes":""},"class_list":["post-7769","page","type-page","status-publish","hentry"],"yoast_head":"<!-- This site is optimized with the Yoast SEO plugin v25.3.1 - https:\/\/yoast.com\/wordpress\/plugins\/seo\/ -->\n<title>Menu de restaurante para site Elementor - r\u00e1pido e gratuito<\/title>\n<meta name=\"description\" content=\"Implemente um widget de menu de restaurante f\u00e1cil de usar em sua p\u00e1gina da Elementor. Experimente a demonstra\u00e7\u00e3o pr\u00e1tica da Elfsight e modifique sua ferramenta estilosa em apenas alguns minutos\" \/>\n<meta name=\"robots\" content=\"index, follow, max-snippet:-1, max-image-preview:large, max-video-preview:-1\" \/>\n<link rel=\"canonical\" href=\"https:\/\/elfsight.com\/pt\/restaurant-menu-widget\/elementor\/\" \/>\n<meta property=\"og:locale\" content=\"pt_PT\" \/>\n<meta property=\"og:type\" content=\"article\" \/>\n<meta property=\"og:title\" content=\"Menu de restaurante para site Elementor - r\u00e1pido e gratuito\" \/>\n<meta property=\"og:description\" content=\"Implemente um widget de menu de restaurante f\u00e1cil de usar em sua p\u00e1gina da Elementor. Experimente a demonstra\u00e7\u00e3o pr\u00e1tica da Elfsight e modifique sua ferramenta estilosa em apenas alguns minutos\" \/>\n<meta property=\"og:url\" content=\"https:\/\/elfsight.com\/pt\/restaurant-menu-widget\/elementor\/\" \/>\n<meta property=\"og:site_name\" content=\"Elfsight PT\" \/>\n<meta property=\"article:modified_time\" content=\"2024-11-13T11:26:45+00:00\" \/>\n<meta name=\"twitter:card\" content=\"summary_large_image\" \/>\n<meta name=\"twitter:label1\" content=\"Tempo estimado de leitura\" \/>\n\t<meta name=\"twitter:data1\" content=\"3 minutos\" \/>\n<!-- \/ Yoast SEO plugin. -->","yoast_head_json":{"title":"Menu de restaurante para site Elementor - r\u00e1pido e gratuito","description":"Implemente um widget de menu de restaurante f\u00e1cil de usar em sua p\u00e1gina da Elementor. Experimente a demonstra\u00e7\u00e3o pr\u00e1tica da Elfsight e modifique sua ferramenta estilosa em apenas alguns minutos","robots":{"index":"index","follow":"follow","max-snippet":"max-snippet:-1","max-image-preview":"max-image-preview:large","max-video-preview":"max-video-preview:-1"},"canonical":"https:\/\/elfsight.com\/pt\/restaurant-menu-widget\/elementor\/","og_locale":"pt_PT","og_type":"article","og_title":"Menu de restaurante para site Elementor - r\u00e1pido e gratuito","og_description":"Implemente um widget de menu de restaurante f\u00e1cil de usar em sua p\u00e1gina da Elementor. Experimente a demonstra\u00e7\u00e3o pr\u00e1tica da Elfsight e modifique sua ferramenta estilosa em apenas alguns minutos","og_url":"https:\/\/elfsight.com\/pt\/restaurant-menu-widget\/elementor\/","og_site_name":"Elfsight PT","article_modified_time":"2024-11-13T11:26:45+00:00","twitter_card":"summary_large_image","twitter_misc":{"Tempo estimado de leitura":"3 minutos"},"schema":{"@context":"https:\/\/schema.org","@graph":[{"@type":"WebPage","@id":"https:\/\/elfsight.com\/pt\/restaurant-menu-widget\/elementor\/","url":"https:\/\/elfsight.com\/pt\/restaurant-menu-widget\/elementor\/","name":"Menu de restaurante para site Elementor - r\u00e1pido e gratuito","isPartOf":{"@id":"https:\/\/elfsight.com\/pt\/#website"},"datePublished":"1970-01-01T00:00:00+00:00","dateModified":"2024-11-13T11:26:45+00:00","description":"Implemente um widget de menu de restaurante f\u00e1cil de usar em sua p\u00e1gina da Elementor. Experimente a demonstra\u00e7\u00e3o pr\u00e1tica da Elfsight e modifique sua ferramenta estilosa em apenas alguns minutos","breadcrumb":{"@id":"https:\/\/elfsight.com\/pt\/restaurant-menu-widget\/elementor\/#breadcrumb"},"inLanguage":"pt-PT","potentialAction":[{"@type":"ReadAction","target":["https:\/\/elfsight.com\/pt\/restaurant-menu-widget\/elementor\/"]}]},{"@type":"BreadcrumbList","@id":"https:\/\/elfsight.com\/pt\/restaurant-menu-widget\/elementor\/#breadcrumb","itemListElement":[{"@type":"ListItem","position":1,"name":"Home","item":"https:\/\/elfsight.com\/pt\/"},{"@type":"ListItem","position":2,"name":"Restaurant Menu","item":"https:\/\/elfsight.com\/pt\/restaurant-menu-widget\/"},{"@type":"ListItem","position":3,"name":"Restaurant Menu &#8211; Elementor"}]},{"@type":"WebSite","@id":"https:\/\/elfsight.com\/pt\/#website","url":"https:\/\/elfsight.com\/pt\/","name":"Elfsight PT","description":"Just another Elfsight Sites site","potentialAction":[{"@type":"SearchAction","target":{"@type":"EntryPoint","urlTemplate":"https:\/\/elfsight.com\/pt\/?s={search_term_string}"},"query-input":{"@type":"PropertyValueSpecification","valueRequired":true,"valueName":"search_term_string"}}],"inLanguage":"pt-PT"}]}},"meta_box":{"industry":"","seo_heading":"","heading":"","description":"","cta_heading":"","cta_description":"","application":"1471","h1":"Widget do menu do restaurante Elementor","h1_caption":"Widget f\u00e1cil de usar para exibir uma grande variedade de alimentos e bebidas","application_category":[],"applications_title":"","applications_request_title":"","applications_request_button_text":"","hero_text":"","hero_video":"","hero_video_schema_markup":"","selling_points_title":"","selling_points_caption":"","selling_points":[],"selling_points_cta_text":"","features_title":"","features":"","ed_cta_examples_text":"","ed_cta_examples_hidden":"","ed_cta_demo_text":"","ed_cta_demo_hidden":"","why_caption":"","why_editor_title":"","why_editor_text":"","why_team_title":"","why_team_text":"","why_service_title":"","why_service_text":"","template_catalog_visible":"","template_catalog_title":"","template_catalog_text":"","template_catalog_categories_visible":"","demo_title":"Crie o widget do menu do seu restaurante","demo_caption":"Configure o card\u00e1pio do seu restaurante e adicione-o ao seu site Elementor gratuitamente!","default_faq_hidden":"","app_template_category":[],"platform":"100","template_public_id":"","codecanyon_url":"","codecanyon_item_id":"","codecanyon_price":"","pricing_caption":"","pricing_elfsight_apps_hide_column":"","pricing_elfsight_apps_url":"","pricing_codecanyon_price_caption":"","integration_category":[],"integration_request_title":"","integration_request_cta":"","integration_platform":"","integrations":[],"platform_category":[],"video_schema_markup":"","price":"a partir de US$ 0\/m\u00eas","trial":"","benefits":[{"text":"Ajuda de instala\u00e7\u00e3o gratuita"},{"text":"Suporte ao cliente experiente"},{"text":"Garantia de reembolso de 14 dias"},{"text":"Atualiza\u00e7\u00f5es regulares"}],"button_url":"#demo","button_target_blank":"","button_nofollow":"","attributes":[{"name":"Instala\u00e7\u00f5es","content":"10,000 - 100,000"},{"name":"Responsivo","content":"Sim"},{"name":"Navegadores compat\u00edveis","content":"Firefox, Safari, Opera, Chrome, Edge"}],"tags":[],"tags_disable_links":"","hide_more_platforms":"","video_object":"","demo_hide_cta":"","demo_hide_cloud_options":"","pricing_title":"","pricing":[{"pricing_icon":"platform","pricing_title":"Elfsight Apps","pricing_title_caption":"Vers\u00e3o multiplataforma que funciona em qualquer site","pricing_price":"a partir de US$ 0\/m\u00eas","pricing_price_caption":"comece com plano gratuito","pricing_benefits":[{"text":"Dom\u00ednios ilimitados"},{"text":"Suporte premium e pontual"},{"text":"Suporte premium e pontual"},{"text":"Oferta por tempo limitado para v\u00e1rios aplicativos"}],"pricing_button_text":"Adicionar ao site","pricing_button_url":"#demo"}],"related_apps_title":"","related_apps_hidden":"","author":"","image":[],"title":"","job":"","social_networks":[]},"_links":{"self":[{"href":"https:\/\/elfsight.com\/pt\/wp-json\/wp\/v2\/pages\/7769","targetHints":{"allow":["GET"]}}],"collection":[{"href":"https:\/\/elfsight.com\/pt\/wp-json\/wp\/v2\/pages"}],"about":[{"href":"https:\/\/elfsight.com\/pt\/wp-json\/wp\/v2\/types\/page"}],"author":[{"embeddable":true,"href":"https:\/\/elfsight.com\/pt\/wp-json\/wp\/v2\/users\/9"}],"replies":[{"embeddable":true,"href":"https:\/\/elfsight.com\/pt\/wp-json\/wp\/v2\/comments?post=7769"}],"version-history":[{"count":2,"href":"https:\/\/elfsight.com\/pt\/wp-json\/wp\/v2\/pages\/7769\/revisions"}],"predecessor-version":[{"id":12162,"href":"https:\/\/elfsight.com\/pt\/wp-json\/wp\/v2\/pages\/7769\/revisions\/12162"}],"up":[{"embeddable":true,"href":"https:\/\/elfsight.com\/pt\/wp-json\/wp\/v2\/pages\/1472"}],"wp:attachment":[{"href":"https:\/\/elfsight.com\/pt\/wp-json\/wp\/v2\/media?parent=7769"}],"curies":[{"name":"wp","href":"https:\/\/api.w.org\/{rel}","templated":true}]}}