{"id":7768,"date":"1970-01-01T00:00:00","date_gmt":"1970-01-01T00:00:00","guid":{"rendered":"https:\/\/elfsight.com\/pt\/?page_id=7768"},"modified":"2024-11-13T11:26:37","modified_gmt":"2024-11-13T11:26:37","slug":"joomla","status":"publish","type":"page","link":"https:\/\/elfsight.com\/pt\/restaurant-menu-widget\/joomla\/","title":{"rendered":"Restaurant Menu &#8211; Joomla"},"content":{"rendered":"<div class=\"application-platform-content-item-description application-platform-content-item\" id=\"description\" data-nav-section=\"description\"> <h2>Descri\u00e7\u00e3o<\/h2><p>O Elfsight Restaurant Menu \u00e9 uma ferramenta gerenci\u00e1vel para apresenta\u00e7\u00e3o da sua diversidade de refei\u00e7\u00f5es e bebidas diretamente no seu site. A extens\u00e3o \u00e9 absolutamente adaptada ao usu\u00e1rio. Atrav\u00e9s dele voc\u00ea pode selecionar toda uma gama de menus com in\u00fameras se\u00e7\u00f5es e itens ou apenas realizar uma breve lista dos produtos que voc\u00ea serve. Escolha esquema claro, escuro ou adapte tudo que quiser, recolorindo todos os elementos. Chega de menus est\u00e1ticos que voc\u00ea deve formar desde o in\u00edcio. A maior oportunidade do Menu do Restaurante \u00e9 estar sempre atualizado: voc\u00ea pode alterar pre\u00e7os, lista de itens, adicionar novas bebidas ou at\u00e9 menus em poucos segundos! Comece a criar seu menu maravilhoso agora mesmo! <\/p><p><b>Insira o Menu do Restaurante para atingir os picos do seu neg\u00f3cio com menos esfor\u00e7o! Com a ajuda da extens\u00e3o voc\u00ea pode ter mais clientes em potencial e iniciar um desenvolvimento de neg\u00f3cios mais r\u00e1pido. Experimente usar o Restaurant Menu da Elfsight agora!<\/b><\/p> <\/div> <div class=\"application-platform-content-item-features application-platform-content-item\" id=\"features\" data-nav-section=\"features\"> <h2>Encontre os recursos b\u00e1sicos da extens\u00e3o abaixo: <\/h2> <ul><li>F\u00e1cil -para gerenciar at\u00e9 mesmo para usu\u00e1rios n\u00e3o t\u00e9cnicos<\/li><li>N\u00famero personalizado de menus, se\u00e7\u00f5es ou itens, organizados com layouts de guia, lista ou alvenaria <\/li><li>Menu f\u00e1cil de atualizar e todos os seus componentes onde quer que voc\u00ea esteja desejo: descontos, pratos e bebidas sazonais e etc. <\/li><li> Demonstre descri\u00e7\u00e3o detalhada dos itens, incluindo \u00edcones, informa\u00e7\u00f5es nutricionais e emblemas <\/li><li>Anexe fotos tentadoras dos itens e at\u00e9 mesmo mostre-os em visualiza\u00e7\u00e3o pop-up <\/li><li>Modifique e redesenhe todos os elementos: texto, esquema de cores e \u00edcones <\/li><\/ul><p><a href=\"#demo\">Explore todas as configura\u00e7\u00f5es em uma demonstra\u00e7\u00e3o completa <\/a><\/p> <\/div> <div class=\"application-platform-content-item-installation application-platform-content-item\" id=\"installation\" data-nav-section=\"installation\"> <h2>Como incorporar o menu do restaurante no meu site Joomla? <\/h2> <div class=\"video-container\"><iframe width=\"720\" height=\"405\" src=\"https:\/\/www.youtube.com\/embed\/pLYU5eR9As8\" frameborder=\"0\" allowfullscreen=\"\"><\/iframe><\/div><p>Basta aplicar as instru\u00e7\u00f5es abaixo para inserir a ferramenta: <\/p> <ol><li><b>Inicie nossa demonstra\u00e7\u00e3o gratuita e comece a criar sua extens\u00e3o personalizada. <\/b><br> Especifique a organiza\u00e7\u00e3o e os aspectos preferenciais da extens\u00e3o e aplique todas as edi\u00e7\u00f5es. <\/li> <li><b>Adquira o seu c\u00f3digo individual demonstrado no formul\u00e1rio especial nas aplica\u00e7\u00f5es Elfsight. <\/b><br> Assim que a configura\u00e7\u00e3o da sua extens\u00e3o estiver conclu\u00edda, copie o c\u00f3digo individual da caixa que aparece e guarde-o para futuras ocasi\u00f5es. <\/li> <li><b>Comece a usar a extens\u00e3o no site Joomla. <\/b><br> Implemente o c\u00f3digo que voc\u00ea copiou recentemente em seu site e salve as melhorias. <\/li> <li><b>A instala\u00e7\u00e3o foi realizada com sucesso. <\/b><br> Acesse sua p\u00e1gina da Web para examinar como a extens\u00e3o est\u00e1 sendo executada. <\/li><\/ol><p>Se voc\u00ea enfrentar alguma dificuldade, n\u00e3o tenha medo de entrar em contato com nossa equipe de suporte. Nossos consultores ter\u00e3o prazer em resolver todas as d\u00favidas que voc\u00ea possa ter sobre o produto. <\/p> <div class=\"faq\" data-component=\"FAQ\"><div class=\"faq-item\">\r\n\t\t\t\t\t<div class=\"faq-item-question\">\r\n\t\t\t\t\t\t<h3 class=\"faq-item-question-text\">Como incorporar o menu do restaurante no meu site Joomla sem habilidades de codifica\u00e7\u00e3o?<\/h3>\r\n\r\n\t\t\t\t\t\t<div class=\"faq-item-question-icon\"><\/div>\r\n\t\t\t\t\t<\/div>\r\n\r\n\t\t\t\t\t<div class=\"faq-item-answer\">\r\n\t\t\t\t\t\t<div class=\"faq-item-answer-text\"> <p>A empresa Elfsight oferece uma solu\u00e7\u00e3o em nuvem que permite que voc\u00ea mesmo crie uma se\u00e7\u00e3o do menu do restaurante, aprenda o mais f\u00e1cil etapas: V\u00e1 para a demonstra\u00e7\u00e3o online para criar um widget de menu de restaurante que voc\u00ea gostaria de integrar na p\u00e1gina Joomla. Selecione um dos modelos pr\u00e9-desenhados e ajuste as configura\u00e7\u00f5es do Menu do Restaurante, inclua seu conte\u00fado, altere o layout e a cor dos elementos sem qualquer experi\u00eancia de codifica\u00e7\u00e3o. Clique para salvar o Menu do Restaurante e copie o c\u00f3digo para incorpora\u00e7\u00e3o, que pode ser facilmente inclu\u00eddo no site Joomla sem adquirir uma assinatura paga. Trabalhando em nosso configurador intuitivo, cada usu\u00e1rio da Internet pode criar uma se\u00e7\u00e3o de menu de restaurante online e col\u00e1-la no site Joomla. Voc\u00ea n\u00e3o deve pagar ou inserir os dados do seu cart\u00e3o para acessar o servi\u00e7o Elfsight. Se voc\u00ea tiver algum problema em qualquer etapa, entre em contato com nosso suporte ao cliente.<\/p> <\/div>\r\n\t\t\t\t\t<\/div>\r\n\t\t\t\t<\/div> <\/div><\/div>","protected":false},"excerpt":{"rendered":"","protected":false},"author":9,"featured_media":0,"parent":1472,"menu_order":0,"comment_status":"closed","ping_status":"closed","template":"templates\/template-application-platform.php","meta":{"publish_to_discourse":"","publish_post_category":"","wpdc_auto_publish_overridden":"","wpdc_topic_tags":"","wpdc_pin_topic":"","wpdc_pin_until":"","discourse_post_id":"","discourse_permalink":"","wpdc_publishing_response":"","wpdc_publishing_error":"","footnotes":""},"class_list":["post-7768","page","type-page","status-publish","hentry"],"yoast_head":"<!-- This site is optimized with the Yoast SEO plugin v25.3.1 - https:\/\/yoast.com\/wordpress\/plugins\/seo\/ -->\n<title>Menu de restaurante para site Joomla - elegante e gratuito<\/title>\n<meta name=\"description\" content=\"Adicione um menu de restaurante f\u00e1cil de gerenciar em seu site Joomla. Use a demonstra\u00e7\u00e3o pr\u00e1tica da Elfsight e crie sua linda extens\u00e3o em apenas alguns minutos\" \/>\n<meta name=\"robots\" content=\"index, follow, max-snippet:-1, max-image-preview:large, max-video-preview:-1\" \/>\n<link rel=\"canonical\" href=\"https:\/\/elfsight.com\/pt\/restaurant-menu-widget\/joomla\/\" \/>\n<meta property=\"og:locale\" content=\"pt_PT\" \/>\n<meta property=\"og:type\" content=\"article\" \/>\n<meta property=\"og:title\" content=\"Menu de restaurante para site Joomla - elegante e gratuito\" \/>\n<meta property=\"og:description\" content=\"Adicione um menu de restaurante f\u00e1cil de gerenciar em seu site Joomla. Use a demonstra\u00e7\u00e3o pr\u00e1tica da Elfsight e crie sua linda extens\u00e3o em apenas alguns minutos\" \/>\n<meta property=\"og:url\" content=\"https:\/\/elfsight.com\/pt\/restaurant-menu-widget\/joomla\/\" \/>\n<meta property=\"og:site_name\" content=\"Elfsight PT\" \/>\n<meta property=\"article:modified_time\" content=\"2024-11-13T11:26:37+00:00\" \/>\n<meta name=\"twitter:card\" content=\"summary_large_image\" \/>\n<meta name=\"twitter:label1\" content=\"Tempo estimado de leitura\" \/>\n\t<meta name=\"twitter:data1\" content=\"3 minutos\" \/>\n<!-- \/ Yoast SEO plugin. -->","yoast_head_json":{"title":"Menu de restaurante para site Joomla - elegante e gratuito","description":"Adicione um menu de restaurante f\u00e1cil de gerenciar em seu site Joomla. Use a demonstra\u00e7\u00e3o pr\u00e1tica da Elfsight e crie sua linda extens\u00e3o em apenas alguns minutos","robots":{"index":"index","follow":"follow","max-snippet":"max-snippet:-1","max-image-preview":"max-image-preview:large","max-video-preview":"max-video-preview:-1"},"canonical":"https:\/\/elfsight.com\/pt\/restaurant-menu-widget\/joomla\/","og_locale":"pt_PT","og_type":"article","og_title":"Menu de restaurante para site Joomla - elegante e gratuito","og_description":"Adicione um menu de restaurante f\u00e1cil de gerenciar em seu site Joomla. Use a demonstra\u00e7\u00e3o pr\u00e1tica da Elfsight e crie sua linda extens\u00e3o em apenas alguns minutos","og_url":"https:\/\/elfsight.com\/pt\/restaurant-menu-widget\/joomla\/","og_site_name":"Elfsight PT","article_modified_time":"2024-11-13T11:26:37+00:00","twitter_card":"summary_large_image","twitter_misc":{"Tempo estimado de leitura":"3 minutos"},"schema":{"@context":"https:\/\/schema.org","@graph":[{"@type":"WebPage","@id":"https:\/\/elfsight.com\/pt\/restaurant-menu-widget\/joomla\/","url":"https:\/\/elfsight.com\/pt\/restaurant-menu-widget\/joomla\/","name":"Menu de restaurante para site Joomla - elegante e gratuito","isPartOf":{"@id":"https:\/\/elfsight.com\/pt\/#website"},"datePublished":"1970-01-01T00:00:00+00:00","dateModified":"2024-11-13T11:26:37+00:00","description":"Adicione um menu de restaurante f\u00e1cil de gerenciar em seu site Joomla. Use a demonstra\u00e7\u00e3o pr\u00e1tica da Elfsight e crie sua linda extens\u00e3o em apenas alguns minutos","breadcrumb":{"@id":"https:\/\/elfsight.com\/pt\/restaurant-menu-widget\/joomla\/#breadcrumb"},"inLanguage":"pt-PT","potentialAction":[{"@type":"ReadAction","target":["https:\/\/elfsight.com\/pt\/restaurant-menu-widget\/joomla\/"]}]},{"@type":"BreadcrumbList","@id":"https:\/\/elfsight.com\/pt\/restaurant-menu-widget\/joomla\/#breadcrumb","itemListElement":[{"@type":"ListItem","position":1,"name":"Home","item":"https:\/\/elfsight.com\/pt\/"},{"@type":"ListItem","position":2,"name":"Restaurant Menu","item":"https:\/\/elfsight.com\/pt\/restaurant-menu-widget\/"},{"@type":"ListItem","position":3,"name":"Restaurant Menu &#8211; Joomla"}]},{"@type":"WebSite","@id":"https:\/\/elfsight.com\/pt\/#website","url":"https:\/\/elfsight.com\/pt\/","name":"Elfsight PT","description":"Just another Elfsight Sites site","potentialAction":[{"@type":"SearchAction","target":{"@type":"EntryPoint","urlTemplate":"https:\/\/elfsight.com\/pt\/?s={search_term_string}"},"query-input":{"@type":"PropertyValueSpecification","valueRequired":true,"valueName":"search_term_string"}}],"inLanguage":"pt-PT"}]}},"meta_box":{"industry":"","seo_heading":"","heading":"","description":"","cta_heading":"","cta_description":"","application":"1471","h1":"Extens\u00e3o do menu do restaurante Joomla","h1_caption":"Nova maneira surpreendente de apresentar uma grande variedade de seus pratos e bebidas","application_category":[],"applications_title":"","applications_request_title":"","applications_request_button_text":"","hero_text":"","hero_video":"","hero_video_schema_markup":"","selling_points_title":"","selling_points_caption":"","selling_points":[],"selling_points_cta_text":"","features_title":"","features":"","ed_cta_examples_text":"","ed_cta_examples_hidden":"","ed_cta_demo_text":"","ed_cta_demo_hidden":"","why_caption":"","why_editor_title":"","why_editor_text":"","why_team_title":"","why_team_text":"","why_service_title":"","why_service_text":"","template_catalog_visible":"","template_catalog_title":"","template_catalog_text":"","template_catalog_categories_visible":"","demo_title":"Crie o plugin do seu menu de restaurante","demo_caption":"Configure o menu do seu restaurante e adicione-o ao seu site Joomla gratuitamente!","default_faq_hidden":"","app_template_category":[],"platform":"52","template_public_id":"","codecanyon_url":"","codecanyon_item_id":"","codecanyon_price":"","pricing_caption":"","pricing_elfsight_apps_hide_column":"","pricing_elfsight_apps_url":"","pricing_codecanyon_price_caption":"","integration_category":[],"integration_request_title":"","integration_request_cta":"","integration_platform":"","integrations":[],"platform_category":[],"video_schema_markup":"","price":"a partir de US$ 0\/m\u00eas","trial":"","benefits":[{"text":"Assist\u00eancia de instala\u00e7\u00e3o gratuita"},{"text":"Suporte ao cliente experiente"},{"text":"Garantia de reembolso de 14 dias"},{"text":"Melhorias cont\u00ednuas"}],"button_url":"#demo","button_target_blank":"","button_nofollow":"","attributes":[{"name":"Instala\u00e7\u00f5es","content":"10,000 - 100,000"},{"name":"Responsivo","content":"Sim"},{"name":"Navegadores compat\u00edveis","content":"Firefox, Safari, Opera, Chrome, Edge"}],"tags":[],"tags_disable_links":"","hide_more_platforms":"","video_object":"","demo_hide_cta":"","demo_hide_cloud_options":"","pricing_title":"","pricing":[{"pricing_icon":"platform","pricing_title":"Elfsight Apps","pricing_title_caption":"Solu\u00e7\u00e3o multiplataforma que funciona em qualquer site","pricing_price":"a partir de US$ 0\/m\u00eas","pricing_price_caption":"comece com plano gratuito","pricing_benefits":[{"text":"Dom\u00ednios ilimitados"},{"text":"Suporte gratuito ao cliente"},{"text":"Suporte gratuito ao cliente"},{"text":"Oferta especial para v\u00e1rios aplicativos"}],"pricing_button_text":"Adicionar ao site","pricing_button_url":"#demo"}],"related_apps_title":"","related_apps_hidden":"","author":"","image":[],"title":"","job":"","social_networks":[]},"_links":{"self":[{"href":"https:\/\/elfsight.com\/pt\/wp-json\/wp\/v2\/pages\/7768","targetHints":{"allow":["GET"]}}],"collection":[{"href":"https:\/\/elfsight.com\/pt\/wp-json\/wp\/v2\/pages"}],"about":[{"href":"https:\/\/elfsight.com\/pt\/wp-json\/wp\/v2\/types\/page"}],"author":[{"embeddable":true,"href":"https:\/\/elfsight.com\/pt\/wp-json\/wp\/v2\/users\/9"}],"replies":[{"embeddable":true,"href":"https:\/\/elfsight.com\/pt\/wp-json\/wp\/v2\/comments?post=7768"}],"version-history":[{"count":2,"href":"https:\/\/elfsight.com\/pt\/wp-json\/wp\/v2\/pages\/7768\/revisions"}],"predecessor-version":[{"id":12161,"href":"https:\/\/elfsight.com\/pt\/wp-json\/wp\/v2\/pages\/7768\/revisions\/12161"}],"up":[{"embeddable":true,"href":"https:\/\/elfsight.com\/pt\/wp-json\/wp\/v2\/pages\/1472"}],"wp:attachment":[{"href":"https:\/\/elfsight.com\/pt\/wp-json\/wp\/v2\/media?parent=7768"}],"curies":[{"name":"wp","href":"https:\/\/api.w.org\/{rel}","templated":true}]}}