{"id":7761,"date":"1970-01-01T00:00:00","date_gmt":"1970-01-01T00:00:00","guid":{"rendered":"https:\/\/elfsight.com\/pt\/?page_id=7761"},"modified":"2025-03-07T05:39:03","modified_gmt":"2025-03-07T05:39:03","slug":"iframe","status":"publish","type":"page","link":"https:\/\/elfsight.com\/pt\/restaurant-menu-widget\/iframe\/","title":{"rendered":"Restaurant Menu &#8211; iFrame"},"content":{"rendered":"\n<div class=\"application-platform-content-item-description application-platform-content-item\" id=\"description\" data-nav-section=\"description\"> <h2>Incorpore o menu do restaurante no iFrame com o widget Elfsight<\/h2><p>O menu do restaurante \u00e9 uma maneira f\u00e1cil de familiarizar seus clientes em potencial com sua cozinha, destaque um conceito marcante e capte a aten\u00e7\u00e3o com imagens magn\u00e9ticas de comida. O widget \u00e9 altamente f\u00e1cil de usar. Voc\u00ea pode criar uma quantidade ilimitada de p\u00e1ginas de menu com um grande n\u00famero de itens ou apenas realizar uma lista concisa das especialidades que voc\u00ea serve. Defina um esquema claro e escuro ou ajuste quaisquer elementos que desejar, repintando todas as cores de destaque. Chega de arquivos PDF que voc\u00ea precisa criar desde o in\u00edcio. Corrija informa\u00e7\u00f5es em seu menu sempre que desejar: pre\u00e7os, itens, adicione novos pratos ou at\u00e9 mesmo menus em poucos segundos! Crie seu melhor menu agora! <\/p><p><b>Inicie o Menu do Restaurante para atingir seus objetivos de neg\u00f3cios com mais facilidade. Tendo o card\u00e1pio em seu site, seu restaurante pode convidar mais visitantes e alcan\u00e7ar um forte desenvolvimento de neg\u00f3cios! <\/b><\/p><\/div> <div class=\"application-platform-content-item-features application-platform-content-item\" id=\"features\" data-nav-section=\"features\"> <h2>Estes s\u00e3o apenas alguns dos recursos de widget mais impressionantes: <\/h2> <ul><li>F\u00e1cil de gerenciar, mesmo para usu\u00e1rios n\u00e3o t\u00e9cnicos <\/li><li>Quantidade ilimitada de menus, se\u00e7\u00f5es ou itens, classificados com layouts de aba, lista ou alvenaria <\/li><li>Menu f\u00e1cil de atualizar e todos os seus componentes em qualquer ponto que desejar: descontos , promo\u00e7\u00f5es sazonais e etc. <\/li><li> Escreva caracter\u00edsticas detalhadas para os itens, at\u00e9 mesmo \u00edcones, informa\u00e7\u00f5es nutricionais e emblemas <\/li><li>Fa\u00e7a upload de fotos deliciosas para os itens e at\u00e9 mesmo apresente-os em modo pop-up <\/li><li>Personalize e repinte quaisquer elementos: texto, esquema de cores e \u00edcones <\/li><\/ul><p><a href=\"#demo\">Basta verificar esta demonstra\u00e7\u00e3o para ver quanto vale o widget<\/a> <\/p> <\/div> <div class=\"application-platform-content-item-installation application-platform-content-item\" id=\"installation\" data-nav-section=\"installation\"> <h2>Como posso incorporar o menu do restaurante em meu site iFrame? <\/h2> <p>Basta seguir os passos descritos abaixo para inserir o widget: <\/p> <ol><li><b>Execute nosso configurador gratuito e comece a construir seu widget customizado. <\/b><br> Determine a interface e as op\u00e7\u00f5es preferidas da ferramenta e salve as corre\u00e7\u00f5es. <\/li> <li><b>Copie o c\u00f3digo individual exposto na janela dos aplicativos Elfsight. <\/b><br> Logo ap\u00f3s a conclus\u00e3o da configura\u00e7\u00e3o da sua ferramenta, copie o c\u00f3digo exclusivo na caixa que aparece e guarde-o para uso posterior. <\/li> <li><b>Comece a usar o widget em seu site iFrame. <\/b><br> Coloque o c\u00f3digo que voc\u00ea salvou recentemente em sua p\u00e1gina inicial e salve as modifica\u00e7\u00f5es. <\/li> <li><b>Pronto! A integra\u00e7\u00e3o foi realizada com sucesso. <\/b><br> Visite sua p\u00e1gina para observar como o plugin est\u00e1 funcionando. <\/li><\/ol> <p>Caso tenha d\u00favidas ou encontre alguma dificuldade, entre em contato com nossa equipe de atendimento ao cliente. Nossos consultores ter\u00e3o prazer em resolver todos os problemas que voc\u00ea possa ter com o widget. <\/p> <div class=\"faq\" data-component=\"FAQ\"><div class=\"faq-item\">\r\n\t\t\t\t\t<div class=\"faq-item-question\">\r\n\t\t\t\t\t\t<h3 class=\"faq-item-question-text\">Existe um m\u00e9todo para incorporar o menu do restaurante na minha p\u00e1gina inicial do iFrame sem nenhum conhecimento de codifica\u00e7\u00e3o?<\/h3>\r\n\r\n\t\t\t\t\t\t<div class=\"faq-item-question-icon\"><\/div>\r\n\t\t\t\t\t<\/div>\r\n\r\n\t\t\t\t\t<div class=\"faq-item-answer\">\r\n\t\t\t\t\t\t<div class=\"faq-item-answer-text\"> <p>A empresa Elfsight fornece uma solu\u00e7\u00e3o em nuvem que permite que voc\u00ea mesmo estabele\u00e7a um plugin do menu do restaurante, descubra como o processo \u00e9 simples: V\u00e1 para a demonstra\u00e7\u00e3o online para formar um widget de menu de restaurante que voc\u00ea gostaria de integrar em sua p\u00e1gina iFrame. Escolha um dos diversos modelos pr\u00e9-fabricados e altere as configura\u00e7\u00f5es do Menu do Restaurante, altere o layout e as cores e atualize seu conte\u00fado, sem qualquer codifica\u00e7\u00e3o. Clique para salvar as configura\u00e7\u00f5es feitas no Menu do Restaurante e obter o c\u00f3digo para incorpora\u00e7\u00e3o, que pode ser facilmente colado em seu site iFrame gratuitamente. Usando nosso editor intuitivo, cada usu\u00e1rio da web pode gerar um aplicativo de menu de restaurante e simplesmente incorpor\u00e1-lo ao seu site iFrame. N\u00e3o h\u00e1 necessidade de pagar ou divulgar os dados do seu cart\u00e3o para acessar nosso Editor. Se voc\u00ea tiver qualquer tipo de problema, sinta-se \u00e0 vontade para entrar em contato com nossa equipe de suporte t\u00e9cnico.<\/p> <\/div>\r\n\t\t\t\t\t<\/div>\r\n\t\t\t\t<\/div> <\/div><\/div>\n","protected":false},"excerpt":{"rendered":"","protected":false},"author":9,"featured_media":0,"parent":1472,"menu_order":0,"comment_status":"closed","ping_status":"closed","template":"templates\/template-application-platform.php","meta":{"publish_to_discourse":"","publish_post_category":"","wpdc_auto_publish_overridden":"","wpdc_topic_tags":"","wpdc_pin_topic":"","wpdc_pin_until":"","discourse_post_id":"","discourse_permalink":"","wpdc_publishing_response":"","wpdc_publishing_error":"","footnotes":""},"class_list":["post-7761","page","type-page","status-publish","hentry"],"yoast_head":"<!-- This site is optimized with the Yoast SEO plugin v25.3.1 - https:\/\/yoast.com\/wordpress\/plugins\/seo\/ -->\n<title>Menu de restaurante para sites iFrame - elegante e gratuito<\/title>\n<meta name=\"description\" content=\"Insira um menu de restaurante f\u00e1cil de usar em sua p\u00e1gina iFrame. Use a demonstra\u00e7\u00e3o pr\u00e1tica da Elfsight e modifique seu widget exclusivo com apenas alguns cliques\" \/>\n<meta name=\"robots\" content=\"index, follow, max-snippet:-1, max-image-preview:large, max-video-preview:-1\" \/>\n<link rel=\"canonical\" href=\"https:\/\/elfsight.com\/pt\/restaurant-menu-widget\/iframe\/\" \/>\n<meta property=\"og:locale\" content=\"pt_PT\" \/>\n<meta property=\"og:type\" content=\"article\" \/>\n<meta property=\"og:title\" content=\"Menu de restaurante para sites iFrame - elegante e gratuito\" \/>\n<meta property=\"og:description\" content=\"Insira um menu de restaurante f\u00e1cil de usar em sua p\u00e1gina iFrame. Use a demonstra\u00e7\u00e3o pr\u00e1tica da Elfsight e modifique seu widget exclusivo com apenas alguns cliques\" \/>\n<meta property=\"og:url\" content=\"https:\/\/elfsight.com\/pt\/restaurant-menu-widget\/iframe\/\" \/>\n<meta property=\"og:site_name\" content=\"Elfsight PT\" \/>\n<meta property=\"article:modified_time\" content=\"2025-03-07T05:39:03+00:00\" \/>\n<meta name=\"twitter:card\" content=\"summary_large_image\" \/>\n<meta name=\"twitter:label1\" content=\"Tempo estimado de leitura\" \/>\n\t<meta name=\"twitter:data1\" content=\"4 minutos\" \/>\n<!-- \/ Yoast SEO plugin. -->","yoast_head_json":{"title":"Menu de restaurante para sites iFrame - elegante e gratuito","description":"Insira um menu de restaurante f\u00e1cil de usar em sua p\u00e1gina iFrame. Use a demonstra\u00e7\u00e3o pr\u00e1tica da Elfsight e modifique seu widget exclusivo com apenas alguns cliques","robots":{"index":"index","follow":"follow","max-snippet":"max-snippet:-1","max-image-preview":"max-image-preview:large","max-video-preview":"max-video-preview:-1"},"canonical":"https:\/\/elfsight.com\/pt\/restaurant-menu-widget\/iframe\/","og_locale":"pt_PT","og_type":"article","og_title":"Menu de restaurante para sites iFrame - elegante e gratuito","og_description":"Insira um menu de restaurante f\u00e1cil de usar em sua p\u00e1gina iFrame. Use a demonstra\u00e7\u00e3o pr\u00e1tica da Elfsight e modifique seu widget exclusivo com apenas alguns cliques","og_url":"https:\/\/elfsight.com\/pt\/restaurant-menu-widget\/iframe\/","og_site_name":"Elfsight PT","article_modified_time":"2025-03-07T05:39:03+00:00","twitter_card":"summary_large_image","twitter_misc":{"Tempo estimado de leitura":"4 minutos"},"schema":{"@context":"https:\/\/schema.org","@graph":[{"@type":"WebPage","@id":"https:\/\/elfsight.com\/pt\/restaurant-menu-widget\/iframe\/","url":"https:\/\/elfsight.com\/pt\/restaurant-menu-widget\/iframe\/","name":"Menu de restaurante para sites iFrame - elegante e gratuito","isPartOf":{"@id":"https:\/\/elfsight.com\/pt\/#website"},"datePublished":"1970-01-01T00:00:00+00:00","dateModified":"2025-03-07T05:39:03+00:00","description":"Insira um menu de restaurante f\u00e1cil de usar em sua p\u00e1gina iFrame. Use a demonstra\u00e7\u00e3o pr\u00e1tica da Elfsight e modifique seu widget exclusivo com apenas alguns cliques","breadcrumb":{"@id":"https:\/\/elfsight.com\/pt\/restaurant-menu-widget\/iframe\/#breadcrumb"},"inLanguage":"pt-PT","potentialAction":[{"@type":"ReadAction","target":["https:\/\/elfsight.com\/pt\/restaurant-menu-widget\/iframe\/"]}]},{"@type":"BreadcrumbList","@id":"https:\/\/elfsight.com\/pt\/restaurant-menu-widget\/iframe\/#breadcrumb","itemListElement":[{"@type":"ListItem","position":1,"name":"Home","item":"https:\/\/elfsight.com\/pt\/"},{"@type":"ListItem","position":2,"name":"Restaurant Menu","item":"https:\/\/elfsight.com\/pt\/restaurant-menu-widget\/"},{"@type":"ListItem","position":3,"name":"Restaurant Menu &#8211; iFrame"}]},{"@type":"WebSite","@id":"https:\/\/elfsight.com\/pt\/#website","url":"https:\/\/elfsight.com\/pt\/","name":"Elfsight PT","description":"Just another Elfsight Sites site","potentialAction":[{"@type":"SearchAction","target":{"@type":"EntryPoint","urlTemplate":"https:\/\/elfsight.com\/pt\/?s={search_term_string}"},"query-input":{"@type":"PropertyValueSpecification","valueRequired":true,"valueName":"search_term_string"}}],"inLanguage":"pt-PT"}]}},"meta_box":{"industry":"","seo_heading":"","heading":"","description":"","cta_heading":"","cta_description":"","application":"1471","h1":"Widget de menu de restaurante iFrame","h1_caption":"Fa\u00e7a uma \u00f3tima escolha de seus alimentos e bebidas para receber mais convidados em seu restaurante","application_category":[],"applications_title":"","applications_request_title":"","applications_request_button_text":"","hero_text":"","hero_video":"","hero_video_schema_markup":"","selling_points_title":"","selling_points_caption":"","selling_points":[],"selling_points_cta_text":"","features_title":"","features":"","ed_cta_examples_text":"","ed_cta_examples_hidden":"","ed_cta_demo_text":"","ed_cta_demo_hidden":"","why_caption":"","why_editor_title":"","why_editor_text":"","why_team_title":"","why_team_text":"","why_service_title":"","why_service_text":"","template_catalog_visible":"0","template_catalog_title":"","template_catalog_text":"","template_catalog_categories_visible":"","demo_title":"Crie o widget do menu do seu restaurante","demo_caption":"Configure o menu do seu restaurante e adicione-o ao seu site iFrame gratuitamente!","default_faq_hidden":"","app_template_category":[],"platform":"4911","template_public_id":"","codecanyon_url":"","codecanyon_item_id":"","codecanyon_price":"","pricing_caption":"","pricing_elfsight_apps_hide_column":"","pricing_elfsight_apps_url":"","pricing_codecanyon_price_caption":"","integration_category":[],"integration_request_title":"","integration_request_cta":"","integration_platform":"","integrations":[],"platform_category":[],"video_schema_markup":"","price":"a partir de US$ 0\/m\u00eas","trial":"","benefits":[{"text":"Ajuda de instala\u00e7\u00e3o gratuita"},{"text":"Suporte excepcional"},{"text":"Garantia de reembolso de 14 dias"},{"text":"Atualiza\u00e7\u00f5es vital\u00edcias"}],"button_url":"#demo","button_target_blank":"0","button_nofollow":"0","attributes":[{"name":"Instala\u00e7\u00f5es","content":"10,000 - 100,000"},{"name":"Responsivo","content":"Sim"},{"name":"Navegadores compat\u00edveis","content":"Firefox, Chrome, Safari, Edge, Opera"}],"tags":[],"tags_disable_links":"0","hide_more_platforms":"0","video_object":"","demo_hide_cta":"0","demo_hide_cloud_options":"0","pricing_title":"","pricing":[{"pricing_icon":"platform","pricing_title":"Elfsight Apps","pricing_title_caption":"Software independente de plataforma que funciona em qualquer site","pricing_price":"a partir de US$ 0\/m\u00eas","pricing_price_caption":"comece com plano gratuito","pricing_benefits":[{"text":"N\u00famero ilimitado de sites"},{"text":"Suporte profissional e pontual"},{"text":"Suporte profissional e pontual"},{"text":"Pre\u00e7o especial para v\u00e1rios aplicativos"}],"pricing_button_text":"Adicionar ao site","pricing_button_url":"#demo"}],"related_apps_title":"","related_apps_hidden":"0","author":"","image":[],"title":"","job":"","social_networks":[]},"_links":{"self":[{"href":"https:\/\/elfsight.com\/pt\/wp-json\/wp\/v2\/pages\/7761","targetHints":{"allow":["GET"]}}],"collection":[{"href":"https:\/\/elfsight.com\/pt\/wp-json\/wp\/v2\/pages"}],"about":[{"href":"https:\/\/elfsight.com\/pt\/wp-json\/wp\/v2\/types\/page"}],"author":[{"embeddable":true,"href":"https:\/\/elfsight.com\/pt\/wp-json\/wp\/v2\/users\/9"}],"replies":[{"embeddable":true,"href":"https:\/\/elfsight.com\/pt\/wp-json\/wp\/v2\/comments?post=7761"}],"version-history":[{"count":2,"href":"https:\/\/elfsight.com\/pt\/wp-json\/wp\/v2\/pages\/7761\/revisions"}],"predecessor-version":[{"id":14534,"href":"https:\/\/elfsight.com\/pt\/wp-json\/wp\/v2\/pages\/7761\/revisions\/14534"}],"up":[{"embeddable":true,"href":"https:\/\/elfsight.com\/pt\/wp-json\/wp\/v2\/pages\/1472"}],"wp:attachment":[{"href":"https:\/\/elfsight.com\/pt\/wp-json\/wp\/v2\/media?parent=7761"}],"curies":[{"name":"wp","href":"https:\/\/api.w.org\/{rel}","templated":true}]}}