{"id":7760,"date":"1970-01-01T00:00:00","date_gmt":"1970-01-01T00:00:00","guid":{"rendered":"https:\/\/elfsight.com\/pt\/?page_id=7760"},"modified":"2025-03-07T05:40:18","modified_gmt":"2025-03-07T05:40:18","slug":"magento","status":"publish","type":"page","link":"https:\/\/elfsight.com\/pt\/restaurant-menu-widget\/magento\/","title":{"rendered":"Restaurant Menu &#8211; Magento"},"content":{"rendered":"\n<div class=\"application-platform-content-item-description application-platform-content-item\" id=\"description\" data-nav-section=\"description\"> <h2>Descri\u00e7\u00e3o<\/h2><p>O Menu do Restaurante \u00e9 uma maneira conveniente de representar sua culin\u00e1ria, transmitir uma ideia original e capturar a aten\u00e7\u00e3o dos usu\u00e1rios com imagens de pratos atraentes. O instrumento \u00e9 altamente pr\u00e1tico. Atrav\u00e9s dele voc\u00ea pode criar uma grande quantidade de menus com v\u00e1rios itens de se\u00e7\u00f5es ou apenas apresentar uma breve lista das refei\u00e7\u00f5es que voc\u00ea serve. Escolha o esquema claro, escuro ou personalize os elementos que desejar, recolorindo todos eles. Al\u00e9m disso, seu card\u00e1pio pode ser sempre relevante: corrigir pre\u00e7os, atualizar a lista de itens, adicionar novas refei\u00e7\u00f5es ou at\u00e9 mesmo card\u00e1pios com um clique! Comece a criar seu menu apetitoso agora mesmo. <\/p> <p><b>Adicione o menu do restaurante para atingir seus picos de lucro com menos esfor\u00e7o! Atrav\u00e9s do menu da sua p\u00e1gina voc\u00ea pode atrair mais clientes e ter um crescimento mais r\u00e1pido do neg\u00f3cio! <\/b><\/p> <\/div> <div class=\"application-platform-content-item-features application-platform-content-item\" id=\"features\" data-nav-section=\"features\"> <h2>Aqui est\u00e3o os recursos b\u00e1sicos da extens\u00e3o: <\/h2> <ul><li>F\u00e1cil de usar, mesmo para usu\u00e1rios n\u00e3o profissionais <\/li><li>N\u00famero ilimitado de menus, se\u00e7\u00f5es ou itens, organizados com layouts de estilo <\/li><li>Menu f\u00e1cil de atualizar e todos os seus componentes sempre que voc\u00ea precisar: pre\u00e7os, promo\u00e7\u00f5es sazonais e etc. <\/li> <li> Demonstre informa\u00e7\u00f5es adicionais detalhadas sobre os itens, por exemplo, \u00edcones, elementos nutricionais e emblemas <\/li><li> Fa\u00e7a upload de imagens impressionantes para os itens e at\u00e9 mesmo exiba-os em modo pop-up <\/li><li> Personalize e altere a cor de todos os elementos: texto, esquema de cores e \u00edcones <\/li><\/ul><p><a href=\"#demo\">Experimente todas as op\u00e7\u00f5es de personaliza\u00e7\u00e3o em uma demonstra\u00e7\u00e3o 100% funcional<\/a><\/p> <\/div> <div class=\"application-platform-content-item-installation application-platform-content-item\" id=\"installation\" data-nav-section=\"installation\"> <h2>Como adiciono Menu de Restaurante no meu site Magento? <\/h2> <p>Basta seguir as instru\u00e7\u00f5es abaixo para integrar a ferramenta: <\/p> <ol><li><b>Use nossa demonstra\u00e7\u00e3o gratuita e comece a moldar sua extens\u00e3o exclusiva. <\/b><br> Determine o design e as op\u00e7\u00f5es adequadas da extens\u00e3o e salve todas as modifica\u00e7\u00f5es. <\/li> <li><b>Copie seu c\u00f3digo individual que aparece na caixa dos aplicativos Elfsight. <\/b><br> Logo ap\u00f3s a conclus\u00e3o da configura\u00e7\u00e3o da sua extens\u00e3o pessoal, copie o c\u00f3digo individual da janela exibida e salve-o para uso posterior. <\/li> <li><b>Comece a aplicar a extens\u00e3o em seu site Magento. <\/b><br> Integre o c\u00f3digo salvo anteriormente em seu site e salve as corre\u00e7\u00f5es. <\/li> <li><b>Conclu\u00eddo! A integra\u00e7\u00e3o \u00e9 totalmente realizada. <\/b><br> Acesse sua p\u00e1gina da web para ver em a\u00e7\u00e3o o trabalho da extens\u00e3o. <\/li><\/ol><p>Caso encontre alguma dificuldade, n\u00e3o tenha medo de entrar em contato com nossa equipe de atendimento ao cliente. Nossos especialistas ter\u00e3o prazer em resolver todos os problemas que voc\u00ea possa ter com sua extens\u00e3o. <\/p> <div class=\"faq\" data-component=\"FAQ\"><div class=\"faq-item\">\r\n\t\t\t\t\t<div class=\"faq-item-question\">\r\n\t\t\t\t\t\t<h3 class=\"faq-item-question-text\">Como incorporar o menu do restaurante no meu site Magento sem habilidades de codifica\u00e7\u00e3o?<\/h3>\r\n\r\n\t\t\t\t\t\t<div class=\"faq-item-question-icon\"><\/div>\r\n\t\t\t\t\t<\/div>\r\n\r\n\t\t\t\t\t<div class=\"faq-item-answer\">\r\n\t\t\t\t\t\t<div class=\"faq-item-answer-text\"> <p>A empresa Elfsight oferece uma solu\u00e7\u00e3o em nuvem que permite que os propriet\u00e1rios de sites criem voc\u00ea mesmo um widget do menu do restaurante. Veja como O processo \u00e9 f\u00e1cil: comece a trabalhar diretamente na demonstra\u00e7\u00e3o online para criar uma se\u00e7\u00e3o de menu de restaurante que voc\u00ea gostaria que aparecesse no site Magento. Selecione um dos muitos modelos pr\u00e9-fabricados e adapte as configura\u00e7\u00f5es do Menu do Restaurante, atualize seu conte\u00fado, altere o layout e as cores sem codifica\u00e7\u00e3o. Clique para salvar o Menu do Restaurante e obter o c\u00f3digo para incorpora\u00e7\u00e3o, que voc\u00ea pode colar gratuitamente no site Magento. Com a ajuda do Editor f\u00e1cil de usar, cada usu\u00e1rio da web pode estabelecer um Menu de Restaurante e incorpor\u00e1-lo prontamente a qualquer p\u00e1gina da web Magento. N\u00e3o \u00e9 necess\u00e1rio pagar ou inserir os dados do seu cart\u00e3o para entrar no nosso servi\u00e7o. Se voc\u00ea encontrar algum obst\u00e1culo de qualquer tipo, n\u00e3o hesite em entrar em contato com nosso suporte t\u00e9cnico ao cliente.<\/p> <\/div>\r\n\t\t\t\t\t<\/div>\r\n\t\t\t\t<\/div> <\/div><\/div><!-- \/wp:html - &gt; \/wp:html -->\n","protected":false},"excerpt":{"rendered":"","protected":false},"author":9,"featured_media":0,"parent":1472,"menu_order":0,"comment_status":"closed","ping_status":"closed","template":"templates\/template-application-platform.php","meta":{"publish_to_discourse":"","publish_post_category":"","wpdc_auto_publish_overridden":"","wpdc_topic_tags":"","wpdc_pin_topic":"","wpdc_pin_until":"","discourse_post_id":"","discourse_permalink":"","wpdc_publishing_response":"","wpdc_publishing_error":"","footnotes":""},"class_list":["post-7760","page","type-page","status-publish","hentry"],"yoast_head":"<!-- This site is optimized with the Yoast SEO plugin v25.3.1 - https:\/\/yoast.com\/wordpress\/plugins\/seo\/ -->\n<title>Menu de restaurante para sites Magento - r\u00e1pido e gratuito<\/title>\n<meta name=\"description\" content=\"Insira um menu de restaurante f\u00e1cil de gerenciar em seu site Magento. Use a demonstra\u00e7\u00e3o pr\u00e1tica da Elfsight e crie sua extens\u00e3o exclusiva com apenas alguns cliques\" \/>\n<meta name=\"robots\" content=\"index, follow, max-snippet:-1, max-image-preview:large, max-video-preview:-1\" \/>\n<link rel=\"canonical\" href=\"https:\/\/elfsight.com\/pt\/restaurant-menu-widget\/magento\/\" \/>\n<meta property=\"og:locale\" content=\"pt_PT\" \/>\n<meta property=\"og:type\" content=\"article\" \/>\n<meta property=\"og:title\" content=\"Menu de restaurante para sites Magento - r\u00e1pido e gratuito\" \/>\n<meta property=\"og:description\" content=\"Insira um menu de restaurante f\u00e1cil de gerenciar em seu site Magento. Use a demonstra\u00e7\u00e3o pr\u00e1tica da Elfsight e crie sua extens\u00e3o exclusiva com apenas alguns cliques\" \/>\n<meta property=\"og:url\" content=\"https:\/\/elfsight.com\/pt\/restaurant-menu-widget\/magento\/\" \/>\n<meta property=\"og:site_name\" content=\"Elfsight PT\" \/>\n<meta property=\"article:modified_time\" content=\"2025-03-07T05:40:18+00:00\" \/>\n<meta name=\"twitter:card\" content=\"summary_large_image\" \/>\n<meta name=\"twitter:label1\" content=\"Tempo estimado de leitura\" \/>\n\t<meta name=\"twitter:data1\" content=\"4 minutos\" \/>\n<!-- \/ Yoast SEO plugin. -->","yoast_head_json":{"title":"Menu de restaurante para sites Magento - r\u00e1pido e gratuito","description":"Insira um menu de restaurante f\u00e1cil de gerenciar em seu site Magento. Use a demonstra\u00e7\u00e3o pr\u00e1tica da Elfsight e crie sua extens\u00e3o exclusiva com apenas alguns cliques","robots":{"index":"index","follow":"follow","max-snippet":"max-snippet:-1","max-image-preview":"max-image-preview:large","max-video-preview":"max-video-preview:-1"},"canonical":"https:\/\/elfsight.com\/pt\/restaurant-menu-widget\/magento\/","og_locale":"pt_PT","og_type":"article","og_title":"Menu de restaurante para sites Magento - r\u00e1pido e gratuito","og_description":"Insira um menu de restaurante f\u00e1cil de gerenciar em seu site Magento. Use a demonstra\u00e7\u00e3o pr\u00e1tica da Elfsight e crie sua extens\u00e3o exclusiva com apenas alguns cliques","og_url":"https:\/\/elfsight.com\/pt\/restaurant-menu-widget\/magento\/","og_site_name":"Elfsight PT","article_modified_time":"2025-03-07T05:40:18+00:00","twitter_card":"summary_large_image","twitter_misc":{"Tempo estimado de leitura":"4 minutos"},"schema":{"@context":"https:\/\/schema.org","@graph":[{"@type":"WebPage","@id":"https:\/\/elfsight.com\/pt\/restaurant-menu-widget\/magento\/","url":"https:\/\/elfsight.com\/pt\/restaurant-menu-widget\/magento\/","name":"Menu de restaurante para sites Magento - r\u00e1pido e gratuito","isPartOf":{"@id":"https:\/\/elfsight.com\/pt\/#website"},"datePublished":"1970-01-01T00:00:00+00:00","dateModified":"2025-03-07T05:40:18+00:00","description":"Insira um menu de restaurante f\u00e1cil de gerenciar em seu site Magento. Use a demonstra\u00e7\u00e3o pr\u00e1tica da Elfsight e crie sua extens\u00e3o exclusiva com apenas alguns cliques","breadcrumb":{"@id":"https:\/\/elfsight.com\/pt\/restaurant-menu-widget\/magento\/#breadcrumb"},"inLanguage":"pt-PT","potentialAction":[{"@type":"ReadAction","target":["https:\/\/elfsight.com\/pt\/restaurant-menu-widget\/magento\/"]}]},{"@type":"BreadcrumbList","@id":"https:\/\/elfsight.com\/pt\/restaurant-menu-widget\/magento\/#breadcrumb","itemListElement":[{"@type":"ListItem","position":1,"name":"Home","item":"https:\/\/elfsight.com\/pt\/"},{"@type":"ListItem","position":2,"name":"Restaurant Menu","item":"https:\/\/elfsight.com\/pt\/restaurant-menu-widget\/"},{"@type":"ListItem","position":3,"name":"Restaurant Menu &#8211; Magento"}]},{"@type":"WebSite","@id":"https:\/\/elfsight.com\/pt\/#website","url":"https:\/\/elfsight.com\/pt\/","name":"Elfsight PT","description":"Just another Elfsight Sites site","potentialAction":[{"@type":"SearchAction","target":{"@type":"EntryPoint","urlTemplate":"https:\/\/elfsight.com\/pt\/?s={search_term_string}"},"query-input":{"@type":"PropertyValueSpecification","valueRequired":true,"valueName":"search_term_string"}}],"inLanguage":"pt-PT"}]}},"meta_box":{"industry":"","seo_heading":"","heading":"","description":"","cta_heading":"","cta_description":"","application":"1471","h1":"Extens\u00e3o do menu do restaurante Magento","h1_caption":"Apresente uma grande variedade de sua culin\u00e1ria diretamente em seu site para se tornar ainda mais popular","application_category":[],"applications_title":"","applications_request_title":"","applications_request_button_text":"","hero_text":"","hero_video":"","hero_video_schema_markup":"","selling_points_title":"","selling_points_caption":"","selling_points":[],"selling_points_cta_text":"","features_title":"","features":"","ed_cta_examples_text":"","ed_cta_examples_hidden":"","ed_cta_demo_text":"","ed_cta_demo_hidden":"","why_caption":"","why_editor_title":"","why_editor_text":"","why_team_title":"","why_team_text":"","why_service_title":"","why_service_text":"","template_catalog_visible":"0","template_catalog_title":"","template_catalog_text":"","template_catalog_categories_visible":"","demo_title":"Crie sua extens\u00e3o de menu de restaurante","demo_caption":"Configure o menu do seu restaurante e adicione-o ao seu site Magento gratuitamente!","default_faq_hidden":"","app_template_category":[],"platform":"58","template_public_id":"","codecanyon_url":"","codecanyon_item_id":"","codecanyon_price":"","pricing_caption":"","pricing_elfsight_apps_hide_column":"","pricing_elfsight_apps_url":"","pricing_codecanyon_price_caption":"","integration_category":[],"integration_request_title":"","integration_request_cta":"","integration_platform":"","integrations":[],"platform_category":[],"video_schema_markup":"","price":"a partir de US$ 0\/m\u00eas","trial":"","benefits":[{"text":"Servi\u00e7o de instala\u00e7\u00e3o gratuito"},{"text":"Atendimento ao cliente profissional"},{"text":"Garantia de reembolso de 14 dias"},{"text":"Melhorias gratuitas cont\u00ednuas"}],"button_url":"#demo","button_target_blank":"0","button_nofollow":"0","attributes":[{"name":"Instala\u00e7\u00f5es","content":"10,000 - 100,000"},{"name":"Responsivo","content":"Sim"},{"name":"Navegadores compat\u00edveis","content":"Firefox, Safari, Opera, Chrome, Edge"}],"tags":[],"tags_disable_links":"0","hide_more_platforms":"0","video_object":"","demo_hide_cta":"0","demo_hide_cloud_options":"0","pricing_title":"","pricing":[{"pricing_icon":"platform","pricing_title":"Elfsight Apps","pricing_title_caption":"Solu\u00e7\u00e3o digital multiplataforma","pricing_price":"a partir de US$ 0\/m\u00eas","pricing_price_caption":"comece com um plano gratuito","pricing_benefits":[{"text":"Sites ilimitados"},{"text":"Suporte premium da empresa e bem documentado"},{"text":"Suporte premium da empresa e bem documentado"},{"text":"100% personaliz\u00e1vel"}],"pricing_button_text":"Adicionar ao site","pricing_button_url":"#demo"}],"related_apps_title":"","related_apps_hidden":"0","author":"","image":[],"title":"","job":"","social_networks":[]},"_links":{"self":[{"href":"https:\/\/elfsight.com\/pt\/wp-json\/wp\/v2\/pages\/7760","targetHints":{"allow":["GET"]}}],"collection":[{"href":"https:\/\/elfsight.com\/pt\/wp-json\/wp\/v2\/pages"}],"about":[{"href":"https:\/\/elfsight.com\/pt\/wp-json\/wp\/v2\/types\/page"}],"author":[{"embeddable":true,"href":"https:\/\/elfsight.com\/pt\/wp-json\/wp\/v2\/users\/9"}],"replies":[{"embeddable":true,"href":"https:\/\/elfsight.com\/pt\/wp-json\/wp\/v2\/comments?post=7760"}],"version-history":[{"count":2,"href":"https:\/\/elfsight.com\/pt\/wp-json\/wp\/v2\/pages\/7760\/revisions"}],"predecessor-version":[{"id":14535,"href":"https:\/\/elfsight.com\/pt\/wp-json\/wp\/v2\/pages\/7760\/revisions\/14535"}],"up":[{"embeddable":true,"href":"https:\/\/elfsight.com\/pt\/wp-json\/wp\/v2\/pages\/1472"}],"wp:attachment":[{"href":"https:\/\/elfsight.com\/pt\/wp-json\/wp\/v2\/media?parent=7760"}],"curies":[{"name":"wp","href":"https:\/\/api.w.org\/{rel}","templated":true}]}}