{"id":7753,"date":"1970-01-01T00:00:00","date_gmt":"1970-01-01T00:00:00","guid":{"rendered":"https:\/\/elfsight.com\/pt\/?page_id=7753"},"modified":"2024-11-13T11:26:28","modified_gmt":"2024-11-13T11:26:28","slug":"opencart","status":"publish","type":"page","link":"https:\/\/elfsight.com\/pt\/restaurant-menu-widget\/opencart\/","title":{"rendered":"Restaurant Menu &#8211; OpenCart"},"content":{"rendered":"<div class=\"application-platform-content-item-description application-platform-content-item\" id=\"description\" data-nav-section=\"description\"> <h2>Descri\u00e7\u00e3o<\/h2><p>O Menu do Restaurante \u00e9 uma ferramenta f\u00e1cil de gerenciar para mostrar sua variedade de itens diretamente em sua p\u00e1gina , transmitem um conceito original e atraem mais convidados. A extens\u00e3o \u00e9 altamente personaliz\u00e1vel. Gra\u00e7as a ele voc\u00ea pode criar qualquer quantidade de p\u00e1ginas de menu com in\u00fameras se\u00e7\u00f5es e itens. Defina o esquema claro, escuro ou altere as configura\u00e7\u00f5es necess\u00e1rias, recolorindo todos os elementos. A maior oportunidade do widget \u00e9 permanecer sempre relevante: voc\u00ea pode corrigir pre\u00e7os, lista de itens, adicionar novas bebidas ou at\u00e9 card\u00e1pios em alguns segundos! Chega de menus prontos para imprimir que voc\u00ea precisa reescrever desde o in\u00edcio. Basta come\u00e7ar a criar seu menu maravilhoso agora! <\/p> <p><b>Experimente aplicar o Menu do Restaurante para atingir seus objetivos de neg\u00f3cios com menos esfor\u00e7o! Atrav\u00e9s do menu da sua p\u00e1gina voc\u00ea pode convidar mais clientes em potencial e alcan\u00e7ar um s\u00f3lido desenvolvimento de neg\u00f3cios. Experimente usar o Menu do Restaurante da Elfsight! <\/b><\/p> <\/div> <div class=\"application-platform-content-item-features application-platform-content-item\" id=\"features\" data-nav-section=\"features\"> <h2>Os recursos b\u00e1sicos do widget oferecem:<\/h2> <ul><li> Ferramenta f\u00e1cil de gerenciar, mesmo para n\u00e3o profissionais usu\u00e1rios <\/li><li>N\u00famero ilimitado de menus, se\u00e7\u00f5es ou itens, classificados por diferentes layouts <\/li><li>Menu f\u00e1cil de alterar e todos os seus elementos onde voc\u00ea precisar. Adicione descontos, alimentos e bebidas sazonais e etc. <\/li><li> Anexe informa\u00e7\u00f5es extras extensas para os itens, incluindo \u00edcones, elementos nutricionais e emblemas <\/li><li>Defina fotos deliciosas para os itens e at\u00e9 mesmo exiba-os no modo pop-up <\/li><li>Personalize e altere a cor de quaisquer elementos: texto, esquema de cores e \u00edcones <\/li><\/ul><p><a href=\"#demo\">Voc\u00ea pode ver como a extens\u00e3o funciona usando a demonstra\u00e7\u00e3o<\/a><\/p> <\/div> <div class=\"application-platform-content-item-installation application-platform-content-item\" id=\"installation\" data-nav-section=\"installation\"> <h2>Como posso incorporar o menu do restaurante na minha p\u00e1gina do OpenCart? <\/h2> <p>Basta seguir as instru\u00e7\u00f5es abaixo para ativar a extens\u00e3o: <\/p> <ol><li><b>Utilize nosso editor gratuito e comece a criar sua pr\u00f3pria extens\u00e3o. <\/b><br> Escolha o design e os par\u00e2metros preferidos da extens\u00e3o e aplique todas as corre\u00e7\u00f5es. <\/li> <li><b>Obtenha seu c\u00f3digo individual aparecendo no formul\u00e1rio especial nos aplicativos da Elfsight. <\/b><br> Quando a gera\u00e7\u00e3o da sua extens\u00e3o terminar, copie o c\u00f3digo exclusivo na janela exibida e salve-o para uso posterior. <\/li> <li><b>Comece a usar a extens\u00e3o no seu site OpenCart. <\/b><br> Implemente o c\u00f3digo salvo recentemente em sua p\u00e1gina web e salve as corre\u00e7\u00f5es. <\/li> <li><b>A instala\u00e7\u00e3o est\u00e1 totalmente conclu\u00edda. <\/b><br> Abra seu site para observar o desempenho da extens\u00e3o. <\/li><\/ol><p>Caso tenha d\u00favidas ou encontre algum obst\u00e1culo, sinta-se \u00e0 vontade para entrar em contato com nossa equipe de atendimento ao cliente. Nossos consultores ter\u00e3o prazer em ajud\u00e1-lo com todas as dificuldades que voc\u00ea possa ter com o produto. <\/p> <div class=\"faq\" data-component=\"FAQ\"><div class=\"faq-item\">\r\n\t\t\t\t\t<div class=\"faq-item-question\">\r\n\t\t\t\t\t\t<h3 class=\"faq-item-question-text\">Existe um m\u00e9todo para incorporar o menu do restaurante na minha p\u00e1gina inicial do OpenCart sem habilidades de codifica\u00e7\u00e3o?<\/h3>\r\n\r\n\t\t\t\t\t\t<div class=\"faq-item-question-icon\"><\/div>\r\n\t\t\t\t\t<\/div>\r\n\r\n\t\t\t\t\t<div class=\"faq-item-answer\">\r\n\t\t\t\t\t\t<div class=\"faq-item-answer-text\"> <p>A Elfsight oferece uma solu\u00e7\u00e3o SaaS que permite que voc\u00ea mesmo estabele\u00e7a uma se\u00e7\u00e3o do menu do restaurante, descubra o guia direto: trabalhe na demonstra\u00e7\u00e3o online para gerar um plugin de menu de restaurante que voc\u00ea gostaria de integrar em seu OpenCart. Selecione um dos diversos modelos pr\u00e9-desenhados e ajuste as configura\u00e7\u00f5es do Menu do Restaurante, altere o layout e a cor dos elementos e atualize seu conte\u00fado, sem codifica\u00e7\u00e3o. Clique para salvar as configura\u00e7\u00f5es feitas no Menu do Restaurante e obter o c\u00f3digo de instala\u00e7\u00e3o que voc\u00ea pode adicionar facilmente na p\u00e1gina inicial do OpenCart gratuitamente. Com nosso configurador simples, cada usu\u00e1rio da web pode criar um widget de menu de restaurante e incorpor\u00e1-lo prontamente ao site OpenCart. N\u00e3o h\u00e1 necessidade de contratar um plano pago ou divulgar os dados do seu cart\u00e3o para entrar em nosso Editor. Se voc\u00ea tiver qualquer tipo de problema, entre em contato com nosso suporte ao cliente.<\/p> <\/div>\r\n\t\t\t\t\t<\/div>\r\n\t\t\t\t<\/div> <\/div><\/div>","protected":false},"excerpt":{"rendered":"","protected":false},"author":9,"featured_media":0,"parent":1472,"menu_order":0,"comment_status":"closed","ping_status":"closed","template":"templates\/template-application-platform.php","meta":{"publish_to_discourse":"","publish_post_category":"","wpdc_auto_publish_overridden":"","wpdc_topic_tags":"","wpdc_pin_topic":"","wpdc_pin_until":"","discourse_post_id":"","discourse_permalink":"","wpdc_publishing_response":"","wpdc_publishing_error":"","footnotes":""},"class_list":["post-7753","page","type-page","status-publish","hentry"],"yoast_head":"<!-- This site is optimized with the Yoast SEO plugin v25.3.1 - https:\/\/yoast.com\/wordpress\/plugins\/seo\/ -->\n<title>Menu de restaurante para sites OpenCart - elegante e gratuito<\/title>\n<meta name=\"description\" content=\"Incorpore um menu de restaurante responsivo ao seu site OpenCart. Experimente a demonstra\u00e7\u00e3o pr\u00e1tica da Elfsight e crie o seu menu elegante em apenas alguns minutos\" \/>\n<meta name=\"robots\" content=\"index, follow, max-snippet:-1, max-image-preview:large, max-video-preview:-1\" \/>\n<link rel=\"canonical\" href=\"https:\/\/elfsight.com\/pt\/restaurant-menu-widget\/opencart\/\" \/>\n<meta property=\"og:locale\" content=\"pt_PT\" \/>\n<meta property=\"og:type\" content=\"article\" \/>\n<meta property=\"og:title\" content=\"Menu de restaurante para sites OpenCart - elegante e gratuito\" \/>\n<meta property=\"og:description\" content=\"Incorpore um menu de restaurante responsivo ao seu site OpenCart. Experimente a demonstra\u00e7\u00e3o pr\u00e1tica da Elfsight e crie o seu menu elegante em apenas alguns minutos\" \/>\n<meta property=\"og:url\" content=\"https:\/\/elfsight.com\/pt\/restaurant-menu-widget\/opencart\/\" \/>\n<meta property=\"og:site_name\" content=\"Elfsight PT\" \/>\n<meta property=\"article:modified_time\" content=\"2024-11-13T11:26:28+00:00\" \/>\n<meta name=\"twitter:card\" content=\"summary_large_image\" \/>\n<meta name=\"twitter:label1\" content=\"Tempo estimado de leitura\" \/>\n\t<meta name=\"twitter:data1\" content=\"3 minutos\" \/>\n<!-- \/ Yoast SEO plugin. -->","yoast_head_json":{"title":"Menu de restaurante para sites OpenCart - elegante e gratuito","description":"Incorpore um menu de restaurante responsivo ao seu site OpenCart. Experimente a demonstra\u00e7\u00e3o pr\u00e1tica da Elfsight e crie o seu menu elegante em apenas alguns minutos","robots":{"index":"index","follow":"follow","max-snippet":"max-snippet:-1","max-image-preview":"max-image-preview:large","max-video-preview":"max-video-preview:-1"},"canonical":"https:\/\/elfsight.com\/pt\/restaurant-menu-widget\/opencart\/","og_locale":"pt_PT","og_type":"article","og_title":"Menu de restaurante para sites OpenCart - elegante e gratuito","og_description":"Incorpore um menu de restaurante responsivo ao seu site OpenCart. Experimente a demonstra\u00e7\u00e3o pr\u00e1tica da Elfsight e crie o seu menu elegante em apenas alguns minutos","og_url":"https:\/\/elfsight.com\/pt\/restaurant-menu-widget\/opencart\/","og_site_name":"Elfsight PT","article_modified_time":"2024-11-13T11:26:28+00:00","twitter_card":"summary_large_image","twitter_misc":{"Tempo estimado de leitura":"3 minutos"},"schema":{"@context":"https:\/\/schema.org","@graph":[{"@type":"WebPage","@id":"https:\/\/elfsight.com\/pt\/restaurant-menu-widget\/opencart\/","url":"https:\/\/elfsight.com\/pt\/restaurant-menu-widget\/opencart\/","name":"Menu de restaurante para sites OpenCart - elegante e gratuito","isPartOf":{"@id":"https:\/\/elfsight.com\/pt\/#website"},"datePublished":"1970-01-01T00:00:00+00:00","dateModified":"2024-11-13T11:26:28+00:00","description":"Incorpore um menu de restaurante responsivo ao seu site OpenCart. Experimente a demonstra\u00e7\u00e3o pr\u00e1tica da Elfsight e crie o seu menu elegante em apenas alguns minutos","breadcrumb":{"@id":"https:\/\/elfsight.com\/pt\/restaurant-menu-widget\/opencart\/#breadcrumb"},"inLanguage":"pt-PT","potentialAction":[{"@type":"ReadAction","target":["https:\/\/elfsight.com\/pt\/restaurant-menu-widget\/opencart\/"]}]},{"@type":"BreadcrumbList","@id":"https:\/\/elfsight.com\/pt\/restaurant-menu-widget\/opencart\/#breadcrumb","itemListElement":[{"@type":"ListItem","position":1,"name":"Home","item":"https:\/\/elfsight.com\/pt\/"},{"@type":"ListItem","position":2,"name":"Restaurant Menu","item":"https:\/\/elfsight.com\/pt\/restaurant-menu-widget\/"},{"@type":"ListItem","position":3,"name":"Restaurant Menu &#8211; OpenCart"}]},{"@type":"WebSite","@id":"https:\/\/elfsight.com\/pt\/#website","url":"https:\/\/elfsight.com\/pt\/","name":"Elfsight PT","description":"Just another Elfsight Sites site","potentialAction":[{"@type":"SearchAction","target":{"@type":"EntryPoint","urlTemplate":"https:\/\/elfsight.com\/pt\/?s={search_term_string}"},"query-input":{"@type":"PropertyValueSpecification","valueRequired":true,"valueName":"search_term_string"}}],"inLanguage":"pt-PT"}]}},"meta_box":{"industry":"","seo_heading":"","heading":"","description":"","cta_heading":"","cta_description":"","application":"1471","h1":"Extens\u00e3o do menu do restaurante OpenCart","h1_caption":"Widget f\u00e1cil de usar para demonstrar uma grande variedade de seus pratos e bebidas diretamente no seu site","application_category":[],"applications_title":"","applications_request_title":"","applications_request_button_text":"","hero_text":"","hero_video":"","hero_video_schema_markup":"","selling_points_title":"","selling_points_caption":"","selling_points":[],"selling_points_cta_text":"","features_title":"","features":"","ed_cta_examples_text":"","ed_cta_examples_hidden":"","ed_cta_demo_text":"","ed_cta_demo_hidden":"","why_caption":"","why_editor_title":"","why_editor_text":"","why_team_title":"","why_team_text":"","why_service_title":"","why_service_text":"","template_catalog_visible":"","template_catalog_title":"","template_catalog_text":"","template_catalog_categories_visible":"","demo_title":"Crie sua extens\u00e3o de menu de restaurante","demo_caption":"Configure o card\u00e1pio do seu restaurante e adicione-o ao site OpenCart gratuitamente!","default_faq_hidden":"","app_template_category":[],"platform":"61","template_public_id":"","codecanyon_url":"","codecanyon_item_id":"","codecanyon_price":"","pricing_caption":"","pricing_elfsight_apps_hide_column":"","pricing_elfsight_apps_url":"","pricing_codecanyon_price_caption":"","integration_category":[],"integration_request_title":"","integration_request_cta":"","integration_platform":"","integrations":[],"platform_category":[],"video_schema_markup":"","price":"a partir de US$ 0\/m\u00eas","trial":"","benefits":[{"text":"Servi\u00e7o de instala\u00e7\u00e3o gratuito"},{"text":"Suporte premium"},{"text":"Garantia de devolu\u00e7\u00e3o do dinheiro em 14 dias"},{"text":"Melhorias gratuitas cont\u00ednuas"}],"button_url":"#demo","button_target_blank":"","button_nofollow":"","attributes":[{"name":"Instala\u00e7\u00f5es","content":"10,000 - 100,000"},{"name":"Responsivo","content":"Sim"},{"name":"Navegadores compat\u00edveis","content":"Safari, Opera, Firefox, Chrome, Edge"}],"tags":[],"tags_disable_links":"","hide_more_platforms":"","video_object":"","demo_hide_cta":"","demo_hide_cloud_options":"","pricing_title":"","pricing":[{"pricing_icon":"platform","pricing_title":"Elfsight Apps","pricing_title_caption":"Vers\u00e3o multiplataforma que funciona em qualquer site","pricing_price":"a partir de US$ 0\/m\u00eas","pricing_price_caption":"comece com plano gratuito","pricing_benefits":[{"text":"Sites ilimitados"},{"text":"Suporte gratuito \u00e0 empresa"},{"text":"Suporte gratuito \u00e0 empresa"},{"text":"Totalmente personaliz\u00e1vel"}],"pricing_button_text":"Adicionar ao site","pricing_button_url":"#demo"}],"related_apps_title":"","related_apps_hidden":"","author":"","image":[],"title":"","job":"","social_networks":[]},"_links":{"self":[{"href":"https:\/\/elfsight.com\/pt\/wp-json\/wp\/v2\/pages\/7753","targetHints":{"allow":["GET"]}}],"collection":[{"href":"https:\/\/elfsight.com\/pt\/wp-json\/wp\/v2\/pages"}],"about":[{"href":"https:\/\/elfsight.com\/pt\/wp-json\/wp\/v2\/types\/page"}],"author":[{"embeddable":true,"href":"https:\/\/elfsight.com\/pt\/wp-json\/wp\/v2\/users\/9"}],"replies":[{"embeddable":true,"href":"https:\/\/elfsight.com\/pt\/wp-json\/wp\/v2\/comments?post=7753"}],"version-history":[{"count":1,"href":"https:\/\/elfsight.com\/pt\/wp-json\/wp\/v2\/pages\/7753\/revisions"}],"predecessor-version":[{"id":7757,"href":"https:\/\/elfsight.com\/pt\/wp-json\/wp\/v2\/pages\/7753\/revisions\/7757"}],"up":[{"embeddable":true,"href":"https:\/\/elfsight.com\/pt\/wp-json\/wp\/v2\/pages\/1472"}],"wp:attachment":[{"href":"https:\/\/elfsight.com\/pt\/wp-json\/wp\/v2\/media?parent=7753"}],"curies":[{"name":"wp","href":"https:\/\/api.w.org\/{rel}","templated":true}]}}