{"id":7752,"date":"1970-01-01T00:00:00","date_gmt":"1970-01-01T00:00:00","guid":{"rendered":"https:\/\/elfsight.com\/pt\/?page_id=7752"},"modified":"2024-11-13T11:26:19","modified_gmt":"2024-11-13T11:26:19","slug":"shopify","status":"publish","type":"page","link":"https:\/\/elfsight.com\/pt\/restaurant-menu-widget\/shopify\/","title":{"rendered":"Restaurant Menu &#8211; Shopify"},"content":{"rendered":"<div class=\"application-platform-content-item-description application-platform-content-item\" id=\"description\" data-nav-section=\"description\"> <h2>Incorpore o menu do restaurante no Shopify com o widget Elfsight<\/h2><p>O menu do restaurante \u00e9 um instrumento f\u00e1cil de usar para exibir sua variedade de itens diretamente no seu site. \u00c9 uma \u00f3tima maneira de informar os visitantes sobre a sua diversidade, transmitir uma ideia original e tent\u00e1-los com fotos atraentes de refei\u00e7\u00f5es. O widget \u00e9 bastante personaliz\u00e1vel. Voc\u00ea pode definir uma quantidade ilimitada de card\u00e1pios com uma grande quantidade de itens ou apenas demonstrar uma lista concisa das refei\u00e7\u00f5es que voc\u00ea serve. Defina um esquema claro, escuro ou ajuste os elementos que desejar, alterando todas as cores de destaque. Al\u00e9m disso, seu card\u00e1pio pode estar sempre atualizado: voc\u00ea pode corrigir pre\u00e7os, lista de itens e se\u00e7\u00f5es, adicionar novas refei\u00e7\u00f5es ou at\u00e9 mesmo card\u00e1pios com um clique! Chega de arquivos PDF que voc\u00ea deve reconfigurar logo no in\u00edcio. Comece a criar seu menu elegante agora mesmo <\/p> <p><b>Experimente o Menu do Restaurante para enfrentar os desafios do seu neg\u00f3cio com mais efici\u00eancia! Com a ajuda do card\u00e1pio do seu site seu estabelecimento pode receber mais visitantes e se tornar o mais frequentado da sua cidade. Experimente usar o Menu do Restaurante da Elfsight! <\/b><\/p><\/div> <div class=\"application-platform-content-item-features application-platform-content-item\" id=\"features\" data-nav-section=\"features\"> <h2>Os recursos mais valiosos do aplicativo:<\/h2> <ul><li>Ferramenta f\u00e1cil de gerenciar, mesmo para quem n\u00e3o usa usu\u00e1rios de tecnologia <\/li><li>Quantidade ilimitada de menus, se\u00e7\u00f5es ou itens, organizados com a ajuda dos layouts <\/li><li>Mantenha todas as informa\u00e7\u00f5es atualizadas: pre\u00e7os corretos, promo\u00e7\u00f5es sazonais e etc. <\/li><li> Exiba caracter\u00edsticas detalhadas dos itens, at\u00e9 mesmo \u00edcones, informa\u00e7\u00f5es nutricionais e emblemas <\/li><li>Adicione imagens apetitosas aos itens e at\u00e9 demonstre-os em visualiza\u00e7\u00e3o pop-up <\/li><li>Adapte e repinte tudo elementos: texto, esquema de cores e \u00edcones <\/li><\/ul><p><a href=\"#demo\">Voc\u00ea pode ver como a extens\u00e3o funciona usando a demonstra\u00e7\u00e3o<\/a><\/p> <\/div> <div class=\"application-platform-content-item-installation application-platform-content-item\" id=\"installation\" data-nav-section=\"installation\"> <h2>Como posso incorporar o menu do restaurante ao meu site Shopify? <\/h2><div class=\"video-container\"><iframe width=\"720\" height=\"405\" src=\"https:\/\/www.youtube.com\/embed\/sK9edOpvTrw\" frameborder=\"0\" allowfullscreen=\"\"><\/iframe><\/div><p>Basta seguir os seguintes passos apresentados abaixo para come\u00e7ar a usar a ferramenta: <\/p> <ol><li><b>Realize nossa demonstra\u00e7\u00e3o gratuita e comece a trabalhar com seu produto personalizado aplicativo. <\/b><br> Encontre a apar\u00eancia e funcionalidade selecionadas do aplicativo e aplique todas as modifica\u00e7\u00f5es. <\/li> <li><b>Receba seu c\u00f3digo exclusivo revelado na caixa dos aplicativos Elfsight. <\/b><br> Assim que o estabelecimento do seu aplicativo pessoal for conclu\u00eddo, copie o seu c\u00f3digo na janela exibida e guarde-o para futuras ocasi\u00f5es. <\/li> <li><b>Iniciar a utiliza\u00e7\u00e3o do aplicativo no site da Shopify. <\/b><br> Adicione o c\u00f3digo que voc\u00ea copiou anteriormente em seu site e salve as modifica\u00e7\u00f5es. <\/li> <li><b>Pronto! A incorpora\u00e7\u00e3o est\u00e1 totalmente conclu\u00edda. <\/b><br> Abra seu site para visualizar o funcionamento do aplicativo. <\/li><\/ol><p>Na condi\u00e7\u00e3o de enfrentar d\u00favidas ou enfrentar quaisquer obst\u00e1culos, n\u00e3o hesite em entrar em contato com nossa equipe de suporte. Nossos especialistas ter\u00e3o prazer em ajud\u00e1-lo com todas as d\u00favidas que voc\u00ea possa ter sobre o aplicativo. <\/p> <div class=\"faq\" data-component=\"FAQ\"><div class=\"faq-item\">\r\n\t\t\t\t\t<div class=\"faq-item-question\">\r\n\t\t\t\t\t\t<h3 class=\"faq-item-question-text\">Existe um m\u00e9todo para incorporar o menu do restaurante no meu site Shopify sem habilidades de codifica\u00e7\u00e3o?<\/h3>\r\n\r\n\t\t\t\t\t\t<div class=\"faq-item-question-icon\"><\/div>\r\n\t\t\t\t\t<\/div>\r\n\r\n\t\t\t\t\t<div class=\"faq-item-answer\">\r\n\t\t\t\t\t\t<div class=\"faq-item-answer-text\"> <p>A Elfsight oferece uma solu\u00e7\u00e3o que permite aos usu\u00e1rios criar voc\u00ea mesmo um widget do menu do restaurante, descubra como \u00e9 simples o processo \u00e9: Comece a trabalhar na demonstra\u00e7\u00e3o online para construir uma se\u00e7\u00e3o de menu de restaurante que voc\u00ea gostaria de incluir no site Shopify. Escolha um dos modelos prontos e ajuste as configura\u00e7\u00f5es do Menu do Restaurante, inclua seu conte\u00fado, transforme o layout e o esquema de cores sem nenhuma experi\u00eancia em codifica\u00e7\u00e3o. Salve o Menu do Restaurante e obtenha o c\u00f3digo de instala\u00e7\u00e3o que pode ser simplesmente incorporado em qualquer p\u00e1gina inicial do Shopify sem comprar um plano pago. Com o editor f\u00e1cil de usar, qualquer usu\u00e1rio da Internet pode criar uma se\u00e7\u00e3o de menu de restaurante online e col\u00e1-la facilmente em qualquer p\u00e1gina do Shopify. N\u00e3o h\u00e1 necessidade de obter uma assinatura paga ou enviar os dados do seu cart\u00e3o para acessar o Elfsight Editor. Se voc\u00ea encontrar algum obst\u00e1culo em qualquer etapa, n\u00e3o hesite em entrar em contato com nossa equipe de suporte.<\/p> <\/div>\r\n\t\t\t\t\t<\/div>\r\n\t\t\t\t<\/div> <\/div><\/div>","protected":false},"excerpt":{"rendered":"","protected":false},"author":9,"featured_media":0,"parent":1472,"menu_order":0,"comment_status":"closed","ping_status":"closed","template":"templates\/template-application-platform.php","meta":{"publish_to_discourse":"","publish_post_category":"","wpdc_auto_publish_overridden":"","wpdc_topic_tags":"","wpdc_pin_topic":"","wpdc_pin_until":"","discourse_post_id":"","discourse_permalink":"","wpdc_publishing_response":"","wpdc_publishing_error":"","footnotes":""},"class_list":["post-7752","page","type-page","status-publish","hentry"],"yoast_head":"<!-- This site is optimized with the Yoast SEO plugin v25.3.1 - https:\/\/yoast.com\/wordpress\/plugins\/seo\/ -->\n<title>Menu de restaurante para sites Shopify \u2013 impressionante e gratuito<\/title>\n<meta name=\"description\" content=\"Incorpore um aplicativo Menu de Restaurante f\u00e1cil de usar na p\u00e1gina do seu Restaurante. Experimente a demonstra\u00e7\u00e3o pr\u00e1tica da Elfsight e gere seu menu incr\u00edvel com apenas alguns cliques\" \/>\n<meta name=\"robots\" content=\"index, follow, max-snippet:-1, max-image-preview:large, max-video-preview:-1\" \/>\n<link rel=\"canonical\" href=\"https:\/\/elfsight.com\/pt\/restaurant-menu-widget\/shopify\/\" \/>\n<meta property=\"og:locale\" content=\"pt_PT\" \/>\n<meta property=\"og:type\" content=\"article\" \/>\n<meta property=\"og:title\" content=\"Menu de restaurante para sites Shopify \u2013 impressionante e gratuito\" \/>\n<meta property=\"og:description\" content=\"Incorpore um aplicativo Menu de Restaurante f\u00e1cil de usar na p\u00e1gina do seu Restaurante. Experimente a demonstra\u00e7\u00e3o pr\u00e1tica da Elfsight e gere seu menu incr\u00edvel com apenas alguns cliques\" \/>\n<meta property=\"og:url\" content=\"https:\/\/elfsight.com\/pt\/restaurant-menu-widget\/shopify\/\" \/>\n<meta property=\"og:site_name\" content=\"Elfsight PT\" \/>\n<meta property=\"article:modified_time\" content=\"2024-11-13T11:26:19+00:00\" \/>\n<meta name=\"twitter:card\" content=\"summary_large_image\" \/>\n<meta name=\"twitter:label1\" content=\"Tempo estimado de leitura\" \/>\n\t<meta name=\"twitter:data1\" content=\"4 minutos\" \/>\n<!-- \/ Yoast SEO plugin. -->","yoast_head_json":{"title":"Menu de restaurante para sites Shopify \u2013 impressionante e gratuito","description":"Incorpore um aplicativo Menu de Restaurante f\u00e1cil de usar na p\u00e1gina do seu Restaurante. Experimente a demonstra\u00e7\u00e3o pr\u00e1tica da Elfsight e gere seu menu incr\u00edvel com apenas alguns cliques","robots":{"index":"index","follow":"follow","max-snippet":"max-snippet:-1","max-image-preview":"max-image-preview:large","max-video-preview":"max-video-preview:-1"},"canonical":"https:\/\/elfsight.com\/pt\/restaurant-menu-widget\/shopify\/","og_locale":"pt_PT","og_type":"article","og_title":"Menu de restaurante para sites Shopify \u2013 impressionante e gratuito","og_description":"Incorpore um aplicativo Menu de Restaurante f\u00e1cil de usar na p\u00e1gina do seu Restaurante. Experimente a demonstra\u00e7\u00e3o pr\u00e1tica da Elfsight e gere seu menu incr\u00edvel com apenas alguns cliques","og_url":"https:\/\/elfsight.com\/pt\/restaurant-menu-widget\/shopify\/","og_site_name":"Elfsight PT","article_modified_time":"2024-11-13T11:26:19+00:00","twitter_card":"summary_large_image","twitter_misc":{"Tempo estimado de leitura":"4 minutos"},"schema":{"@context":"https:\/\/schema.org","@graph":[{"@type":"WebPage","@id":"https:\/\/elfsight.com\/pt\/restaurant-menu-widget\/shopify\/","url":"https:\/\/elfsight.com\/pt\/restaurant-menu-widget\/shopify\/","name":"Menu de restaurante para sites Shopify \u2013 impressionante e gratuito","isPartOf":{"@id":"https:\/\/elfsight.com\/pt\/#website"},"datePublished":"1970-01-01T00:00:00+00:00","dateModified":"2024-11-13T11:26:19+00:00","description":"Incorpore um aplicativo Menu de Restaurante f\u00e1cil de usar na p\u00e1gina do seu Restaurante. Experimente a demonstra\u00e7\u00e3o pr\u00e1tica da Elfsight e gere seu menu incr\u00edvel com apenas alguns cliques","breadcrumb":{"@id":"https:\/\/elfsight.com\/pt\/restaurant-menu-widget\/shopify\/#breadcrumb"},"inLanguage":"pt-PT","potentialAction":[{"@type":"ReadAction","target":["https:\/\/elfsight.com\/pt\/restaurant-menu-widget\/shopify\/"]}]},{"@type":"BreadcrumbList","@id":"https:\/\/elfsight.com\/pt\/restaurant-menu-widget\/shopify\/#breadcrumb","itemListElement":[{"@type":"ListItem","position":1,"name":"Home","item":"https:\/\/elfsight.com\/pt\/"},{"@type":"ListItem","position":2,"name":"Restaurant Menu","item":"https:\/\/elfsight.com\/pt\/restaurant-menu-widget\/"},{"@type":"ListItem","position":3,"name":"Restaurant Menu &#8211; Shopify"}]},{"@type":"WebSite","@id":"https:\/\/elfsight.com\/pt\/#website","url":"https:\/\/elfsight.com\/pt\/","name":"Elfsight PT","description":"Just another Elfsight Sites site","potentialAction":[{"@type":"SearchAction","target":{"@type":"EntryPoint","urlTemplate":"https:\/\/elfsight.com\/pt\/?s={search_term_string}"},"query-input":{"@type":"PropertyValueSpecification","valueRequired":true,"valueName":"search_term_string"}}],"inLanguage":"pt-PT"}]}},"meta_box":{"industry":"","seo_heading":"","heading":"","description":"","cta_heading":"","cta_description":"","application":"1471","h1":"Aplicativo Shopify Menu de restaurante","h1_caption":"Apresente uma grande diversidade de suas refei\u00e7\u00f5es e bebidas no local para atrair mais visitantes","application_category":[],"applications_title":"","applications_request_title":"","applications_request_button_text":"","hero_text":"","hero_video":"","hero_video_schema_markup":"","selling_points_title":"","selling_points_caption":"","selling_points":[],"selling_points_cta_text":"","features_title":"","features":"","ed_cta_examples_text":"","ed_cta_examples_hidden":"","ed_cta_demo_text":"","ed_cta_demo_hidden":"","why_caption":"","why_editor_title":"","why_editor_text":"","why_team_title":"","why_team_text":"","why_service_title":"","why_service_text":"","template_catalog_visible":"","template_catalog_title":"","template_catalog_text":"","template_catalog_categories_visible":"","demo_title":"Crie seu aplicativo Menu de Restaurante","demo_caption":"Configure o Menu do seu Restaurante e adicione-o ao seu site Shopify gratuitamente!","default_faq_hidden":"","app_template_category":[],"platform":"64","template_public_id":"","codecanyon_url":"","codecanyon_item_id":"","codecanyon_price":"","pricing_caption":"","pricing_elfsight_apps_hide_column":"","pricing_elfsight_apps_url":"","pricing_codecanyon_price_caption":"","integration_category":[],"integration_request_title":"","integration_request_cta":"","integration_platform":"","integrations":[],"platform_category":[],"video_schema_markup":"","price":"a partir de US$ 0\/m\u00eas","trial":"","benefits":[{"text":"Servi\u00e7o de instala\u00e7\u00e3o gratuito"},{"text":"Suporte premium"},{"text":"Garantia de devolu\u00e7\u00e3o do dinheiro em 14 dias"},{"text":"Atualiza\u00e7\u00f5es gratuitas cont\u00ednuas"}],"button_url":"#demo","button_target_blank":"","button_nofollow":"","attributes":[{"name":"Instala\u00e7\u00f5es","content":"10,000 - 100,000"},{"name":"Responsivo","content":"Sim"},{"name":"Navegadores compat\u00edveis","content":"Firefox, Safari, Opera, Chrome, Edge"}],"tags":[],"tags_disable_links":"","hide_more_platforms":"","video_object":"","demo_hide_cta":"","demo_hide_cloud_options":"","pricing_title":"","pricing":[{"pricing_icon":"cloud","pricing_title":"Elfsight Apps","pricing_title_caption":"Vers\u00e3o multiplataforma que funciona em qualquer site","pricing_price":"a partir de US$ 0\/m\u00eas","pricing_price_caption":"comece com plano gratuito","pricing_benefits":[{"text":"Sites ilimitados"},{"text":"Suporte premium"},{"text":"Suporte premium"},{"text":"Oferta especial para v\u00e1rios aplicativos"}],"pricing_button_text":"Adicionar ao site","pricing_button_url":"#demo"}],"related_apps_title":"","related_apps_hidden":"","author":"","image":[],"title":"","job":"","social_networks":[]},"_links":{"self":[{"href":"https:\/\/elfsight.com\/pt\/wp-json\/wp\/v2\/pages\/7752","targetHints":{"allow":["GET"]}}],"collection":[{"href":"https:\/\/elfsight.com\/pt\/wp-json\/wp\/v2\/pages"}],"about":[{"href":"https:\/\/elfsight.com\/pt\/wp-json\/wp\/v2\/types\/page"}],"author":[{"embeddable":true,"href":"https:\/\/elfsight.com\/pt\/wp-json\/wp\/v2\/users\/9"}],"replies":[{"embeddable":true,"href":"https:\/\/elfsight.com\/pt\/wp-json\/wp\/v2\/comments?post=7752"}],"version-history":[{"count":2,"href":"https:\/\/elfsight.com\/pt\/wp-json\/wp\/v2\/pages\/7752\/revisions"}],"predecessor-version":[{"id":12159,"href":"https:\/\/elfsight.com\/pt\/wp-json\/wp\/v2\/pages\/7752\/revisions\/12159"}],"up":[{"embeddable":true,"href":"https:\/\/elfsight.com\/pt\/wp-json\/wp\/v2\/pages\/1472"}],"wp:attachment":[{"href":"https:\/\/elfsight.com\/pt\/wp-json\/wp\/v2\/media?parent=7752"}],"curies":[{"name":"wp","href":"https:\/\/api.w.org\/{rel}","templated":true}]}}