{"id":7751,"date":"1970-01-01T00:00:00","date_gmt":"1970-01-01T00:00:00","guid":{"rendered":"https:\/\/elfsight.com\/pt\/?page_id=7751"},"modified":"2024-11-13T11:26:19","modified_gmt":"2024-11-13T11:26:19","slug":"squarespace","status":"publish","type":"page","link":"https:\/\/elfsight.com\/pt\/restaurant-menu-widget\/squarespace\/","title":{"rendered":"Restaurant Menu &#8211; Squarespace"},"content":{"rendered":"<div class=\"application-platform-content-item-description application-platform-content-item\" id=\"description\" data-nav-section=\"description\"> <h2>Incorporar produto na plataforma com o widget Elfsight<\/h2><p>O Elfsight Restaurant Menu \u00e9 um plugin f\u00e1cil de usar para mostrar o seu variedade de pratos e bebidas diretamente no seu site para atrair o maior n\u00famero poss\u00edvel de visitantes. O plugin \u00e9 extremamente f\u00e1cil de usar. Atrav\u00e9s dele voc\u00ea pode criar um n\u00famero ilimitado de p\u00e1ginas de card\u00e1pio com uma grande quantidade de itens ou apenas apresentar uma breve lista das especialidades que voc\u00ea serve. N\u00e3o hesite em escolher o esquema claro, escuro ou alterar as configura\u00e7\u00f5es necess\u00e1rias, recolorindo todos os elementos. A maior oportunidade do plugin \u00e9 se manter sempre relevante: voc\u00ea pode atualizar pre\u00e7os, lista de itens, adicionar novas refei\u00e7\u00f5es ou at\u00e9 card\u00e1pios em poucos segundos! Chega de arquivos PDF que voc\u00ea precisa reescrever logo no in\u00edcio. Basta come\u00e7ar a criar seu menu deslumbrante agora mesmo. <\/p> <p><b>Inicie o Menu do Restaurante para atingir seus objetivos de neg\u00f3cios com mais efici\u00eancia! Com a ajuda do menu da sua p\u00e1gina sua empresa pode conquistar mais clientes em potencial e vivenciar um s\u00f3lido crescimento do neg\u00f3cio. Experimente usar o Restaurant Menu da Elfsight!<\/b><\/p><\/div> <div class=\"application-platform-content-item-features application-platform-content-item\" id=\"features\" data-nav-section=\"features\"> <h2>Estes s\u00e3o apenas alguns dos valiosos recursos do plug-in: <\/h2> <ul><li> F\u00e1cil de usar, mesmo para usu\u00e1rios n\u00e3o t\u00e9cnicos <\/li><li>Quantidade ilimitada de menus, se\u00e7\u00f5es ou itens, organizados por layouts impressionantes <\/li><li>Menu f\u00e1cil de atualizar e todos os seus elementos onde voc\u00ea quiser: pre\u00e7os, alimentos sazonais, bebidas e etc. <\/li><li> Escreva uma descri\u00e7\u00e3o detalhada dos itens, incluindo \u00edcones, informa\u00e7\u00f5es nutricionais e emblemas <\/li><li>Defina imagens deliciosas para os itens e at\u00e9 mesmo mostre-os em modo pop-up . <\/li><li>Altere e recolora todos os elementos: texto, esquema de cores e \u00edcones. <\/li><\/ul><p><a href=\"#demo\">Experimente esta demonstra\u00e7\u00e3o para entender a funcionalidade do widget<\/a><\/p> <\/div> <div class=\"application-platform-content-item-installation  application-platform-content-item\" id=\"installation \" data-nav-section=\"installation \"> <h2>Como incorporar o menu do restaurante ao meu site Squarespace? <\/h2><div class=\"video-container\"><iframe width=\"720\" height=\"405\" src=\"https:\/\/www.youtube.com\/embed\/NN_NHhewpvI\" frameborder=\"0\" allowfullscreen=\"\"><\/iframe><\/div><p>Basta aplicar as instru\u00e7\u00f5es abaixo para come\u00e7ar a trabalhar com o plugin: <\/p><ol><li><b>Inicie nossa demonstra\u00e7\u00e3o gratuita e comece a criar seu pr\u00f3prio plugin. <\/b><br> Encontre o design e as especifica\u00e7\u00f5es preferidos da ferramenta e aplique as edi\u00e7\u00f5es. <\/li> <li><b>Obtenha seu c\u00f3digo individual mostrado na janela dos aplicativos Elfsight. <\/b><br> Assim que a configura\u00e7\u00e3o do seu widget estiver conclu\u00edda, copie o c\u00f3digo pessoal na janela que aparece e guarde-o para uso futuro. <\/li> <li><b>Comece a usar o plugin na sua p\u00e1gina inicial do Squarespace. <\/b><br> Insira o c\u00f3digo que voc\u00ea salvou recentemente em sua p\u00e1gina e aplique os ajustes. <\/li> <li><b>Pronto! A configura\u00e7\u00e3o foi executada com sucesso. <\/b><br> Visite sua p\u00e1gina para dar uma olhada no trabalho do plugin. <\/li><\/ol> <p>Se voc\u00ea enfrentar algum obst\u00e1culo, n\u00e3o tenha medo de entrar em contato com nossa equipe de suporte. Nosso pessoal ficar\u00e1 feliz em ajud\u00e1-lo com todas as d\u00favidas que voc\u00ea possa ter sobre o plugin. <\/p> <div class=\"faq\" data-component=\"FAQ\"><div class=\"faq-item\">\r\n\t\t\t\t\t<div class=\"faq-item-question\">\r\n\t\t\t\t\t\t<h3 class=\"faq-item-question-text\">Existe uma maneira de adicionar Menu de Restaurante \u00e0 minha p\u00e1gina inicial do Squarespace sem codifica\u00e7\u00e3o?<\/h3>\r\n\r\n\t\t\t\t\t\t<div class=\"faq-item-question-icon\"><\/div>\r\n\t\t\t\t\t<\/div>\r\n\r\n\t\t\t\t\t<div class=\"faq-item-answer\">\r\n\t\t\t\t\t\t<div class=\"faq-item-answer-text\"> <p>A Elfsight apresenta uma solu\u00e7\u00e3o que permite aos propriet\u00e1rios de sites criarem voc\u00ea mesmo um aplicativo de Menu de Restaurante, veja o instru\u00e7\u00f5es f\u00e1ceis: V\u00e1 para a demonstra\u00e7\u00e3o ao vivo para criar um aplicativo de menu de restaurante que voc\u00ea gostaria de incorporar ao seu Squarespace. Clique em um dos muitos modelos pr\u00e9-concebidos e ajuste as configura\u00e7\u00f5es do menu do restaurante, inclua seu conte\u00fado, altere o layout e as cores sem nenhuma habilidade de codifica\u00e7\u00e3o. Salve as configura\u00e7\u00f5es feitas no Menu do Restaurante e copie seu c\u00f3digo para instala\u00e7\u00e3o, que pode ser facilmente colado na p\u00e1gina do Squarespace gratuitamente. Com a ajuda de nosso configurador f\u00e1cil de usar, qualquer usu\u00e1rio da Internet pode criar um aplicativo de menu de restaurante on-line e incorpor\u00e1-lo prontamente ao site do Squarespace. N\u00e3o h\u00e1 necessidade de contratar um plano pago ou divulgar os dados do seu cart\u00e3o para entrar em nosso Editor. Se voc\u00ea enfrentar qualquer tipo de problema, entre em contato com nossa equipe de suporte.<\/p> <\/div>\r\n\t\t\t\t\t<\/div>\r\n\t\t\t\t<\/div> <\/div><\/div>","protected":false},"excerpt":{"rendered":"","protected":false},"author":9,"featured_media":0,"parent":1472,"menu_order":0,"comment_status":"closed","ping_status":"closed","template":"templates\/template-application-platform.php","meta":{"publish_to_discourse":"","publish_post_category":"","wpdc_auto_publish_overridden":"","wpdc_topic_tags":"","wpdc_pin_topic":"","wpdc_pin_until":"","discourse_post_id":"","discourse_permalink":"","wpdc_publishing_response":"","wpdc_publishing_error":"","footnotes":""},"class_list":["post-7751","page","type-page","status-publish","hentry"],"yoast_head":"<!-- This site is optimized with the Yoast SEO plugin v25.3.1 - https:\/\/yoast.com\/wordpress\/plugins\/seo\/ -->\n<title>Menu de restaurante para sites do Squarespace \u2013 r\u00e1pido e gratuito<\/title>\n<meta name=\"description\" content=\"Incorpore um aplicativo Restaurant Menu compat\u00edvel com dispositivos m\u00f3veis na sua p\u00e1gina do Squarespace. Experimente a demonstra\u00e7\u00e3o pr\u00e1tica da Elfsight e modifique seu incr\u00edvel plugin em apenas alguns segundos\" \/>\n<meta name=\"robots\" content=\"index, follow, max-snippet:-1, max-image-preview:large, max-video-preview:-1\" \/>\n<link rel=\"canonical\" href=\"https:\/\/elfsight.com\/pt\/restaurant-menu-widget\/squarespace\/\" \/>\n<meta property=\"og:locale\" content=\"pt_PT\" \/>\n<meta property=\"og:type\" content=\"article\" \/>\n<meta property=\"og:title\" content=\"Menu de restaurante para sites do Squarespace \u2013 r\u00e1pido e gratuito\" \/>\n<meta property=\"og:description\" content=\"Incorpore um aplicativo Restaurant Menu compat\u00edvel com dispositivos m\u00f3veis na sua p\u00e1gina do Squarespace. Experimente a demonstra\u00e7\u00e3o pr\u00e1tica da Elfsight e modifique seu incr\u00edvel plugin em apenas alguns segundos\" \/>\n<meta property=\"og:url\" content=\"https:\/\/elfsight.com\/pt\/restaurant-menu-widget\/squarespace\/\" \/>\n<meta property=\"og:site_name\" content=\"Elfsight PT\" \/>\n<meta property=\"article:modified_time\" content=\"2024-11-13T11:26:19+00:00\" \/>\n<meta name=\"twitter:card\" content=\"summary_large_image\" \/>\n<meta name=\"twitter:label1\" content=\"Tempo estimado de leitura\" \/>\n\t<meta name=\"twitter:data1\" content=\"4 minutos\" \/>\n<!-- \/ Yoast SEO plugin. -->","yoast_head_json":{"title":"Menu de restaurante para sites do Squarespace \u2013 r\u00e1pido e gratuito","description":"Incorpore um aplicativo Restaurant Menu compat\u00edvel com dispositivos m\u00f3veis na sua p\u00e1gina do Squarespace. Experimente a demonstra\u00e7\u00e3o pr\u00e1tica da Elfsight e modifique seu incr\u00edvel plugin em apenas alguns segundos","robots":{"index":"index","follow":"follow","max-snippet":"max-snippet:-1","max-image-preview":"max-image-preview:large","max-video-preview":"max-video-preview:-1"},"canonical":"https:\/\/elfsight.com\/pt\/restaurant-menu-widget\/squarespace\/","og_locale":"pt_PT","og_type":"article","og_title":"Menu de restaurante para sites do Squarespace \u2013 r\u00e1pido e gratuito","og_description":"Incorpore um aplicativo Restaurant Menu compat\u00edvel com dispositivos m\u00f3veis na sua p\u00e1gina do Squarespace. Experimente a demonstra\u00e7\u00e3o pr\u00e1tica da Elfsight e modifique seu incr\u00edvel plugin em apenas alguns segundos","og_url":"https:\/\/elfsight.com\/pt\/restaurant-menu-widget\/squarespace\/","og_site_name":"Elfsight PT","article_modified_time":"2024-11-13T11:26:19+00:00","twitter_card":"summary_large_image","twitter_misc":{"Tempo estimado de leitura":"4 minutos"},"schema":{"@context":"https:\/\/schema.org","@graph":[{"@type":"WebPage","@id":"https:\/\/elfsight.com\/pt\/restaurant-menu-widget\/squarespace\/","url":"https:\/\/elfsight.com\/pt\/restaurant-menu-widget\/squarespace\/","name":"Menu de restaurante para sites do Squarespace \u2013 r\u00e1pido e gratuito","isPartOf":{"@id":"https:\/\/elfsight.com\/pt\/#website"},"datePublished":"1970-01-01T00:00:00+00:00","dateModified":"2024-11-13T11:26:19+00:00","description":"Incorpore um aplicativo Restaurant Menu compat\u00edvel com dispositivos m\u00f3veis na sua p\u00e1gina do Squarespace. Experimente a demonstra\u00e7\u00e3o pr\u00e1tica da Elfsight e modifique seu incr\u00edvel plugin em apenas alguns segundos","breadcrumb":{"@id":"https:\/\/elfsight.com\/pt\/restaurant-menu-widget\/squarespace\/#breadcrumb"},"inLanguage":"pt-PT","potentialAction":[{"@type":"ReadAction","target":["https:\/\/elfsight.com\/pt\/restaurant-menu-widget\/squarespace\/"]}]},{"@type":"BreadcrumbList","@id":"https:\/\/elfsight.com\/pt\/restaurant-menu-widget\/squarespace\/#breadcrumb","itemListElement":[{"@type":"ListItem","position":1,"name":"Home","item":"https:\/\/elfsight.com\/pt\/"},{"@type":"ListItem","position":2,"name":"Restaurant Menu","item":"https:\/\/elfsight.com\/pt\/restaurant-menu-widget\/"},{"@type":"ListItem","position":3,"name":"Restaurant Menu &#8211; Squarespace"}]},{"@type":"WebSite","@id":"https:\/\/elfsight.com\/pt\/#website","url":"https:\/\/elfsight.com\/pt\/","name":"Elfsight PT","description":"Just another Elfsight Sites site","potentialAction":[{"@type":"SearchAction","target":{"@type":"EntryPoint","urlTemplate":"https:\/\/elfsight.com\/pt\/?s={search_term_string}"},"query-input":{"@type":"PropertyValueSpecification","valueRequired":true,"valueName":"search_term_string"}}],"inLanguage":"pt-PT"}]}},"meta_box":{"industry":"","seo_heading":"","heading":"","description":"","cta_heading":"","cta_description":"","application":"1471","h1":"Plug-in do menu do restaurante Squarespace","h1_caption":"Nova maneira elegante de mostrar uma grande variedade de comidas e bebidas para atrair mais convidados","application_category":[],"applications_title":"","applications_request_title":"","applications_request_button_text":"","hero_text":"","hero_video":"","hero_video_schema_markup":"","selling_points_title":"","selling_points_caption":"","selling_points":[],"selling_points_cta_text":"","features_title":"","features":"","ed_cta_examples_text":"","ed_cta_examples_hidden":"","ed_cta_demo_text":"","ed_cta_demo_hidden":"","why_caption":"","why_editor_title":"","why_editor_text":"","why_team_title":"","why_team_text":"","why_service_title":"","why_service_text":"","template_catalog_visible":"","template_catalog_title":"","template_catalog_text":"","template_catalog_categories_visible":"","demo_title":"Crie o plugin do seu menu de restaurante","demo_caption":"Configure o card\u00e1pio do seu restaurante e adicione-o ao site do Squarespace gratuitamente!","default_faq_hidden":"","app_template_category":[],"platform":"67","template_public_id":"","codecanyon_url":"","codecanyon_item_id":"","codecanyon_price":"","pricing_caption":"","pricing_elfsight_apps_hide_column":"","pricing_elfsight_apps_url":"","pricing_codecanyon_price_caption":"","integration_category":[],"integration_request_title":"","integration_request_cta":"","integration_platform":"","integrations":[],"platform_category":[],"video_schema_markup":"","price":"a partir de US$ 0\/m\u00eas","trial":"","benefits":[{"text":"Assist\u00eancia de instala\u00e7\u00e3o gratuita"},{"text":"Atendimento ao cliente eficaz"},{"text":"Garantia de devolu\u00e7\u00e3o do dinheiro em 14 dias"},{"text":"Melhorias gratuitas vital\u00edcias"}],"button_url":"#demo","button_target_blank":"","button_nofollow":"","attributes":[{"name":"Instala\u00e7\u00f5es","content":"10,000 - 100,000"},{"name":"Responsivo","content":"Sim"},{"name":"Navegadores compat\u00edveis","content":"Firefox, Safari, Opera, Chrome, Edge"}],"tags":[],"tags_disable_links":"","hide_more_platforms":"","video_object":"","demo_hide_cta":"","demo_hide_cloud_options":"","pricing_title":"","pricing":[{"pricing_icon":"platform","pricing_title":"Elfsight Apps","pricing_title_caption":"Solu\u00e7\u00e3o digital independente de plataforma","pricing_price":"a partir de US$ 0\/m\u00eas","pricing_price_caption":"comece com um plano gratuito","pricing_benefits":[{"text":"Sites ilimitados"},{"text":"Suporte r\u00e1pido e pontual"},{"text":"Suporte r\u00e1pido e pontual"},{"text":"Design flex\u00edvel"}],"pricing_button_text":"Adicionar ao site","pricing_button_url":"#demo"}],"related_apps_title":"","related_apps_hidden":"","author":"","image":[],"title":"","job":"","social_networks":[]},"_links":{"self":[{"href":"https:\/\/elfsight.com\/pt\/wp-json\/wp\/v2\/pages\/7751","targetHints":{"allow":["GET"]}}],"collection":[{"href":"https:\/\/elfsight.com\/pt\/wp-json\/wp\/v2\/pages"}],"about":[{"href":"https:\/\/elfsight.com\/pt\/wp-json\/wp\/v2\/types\/page"}],"author":[{"embeddable":true,"href":"https:\/\/elfsight.com\/pt\/wp-json\/wp\/v2\/users\/9"}],"replies":[{"embeddable":true,"href":"https:\/\/elfsight.com\/pt\/wp-json\/wp\/v2\/comments?post=7751"}],"version-history":[{"count":2,"href":"https:\/\/elfsight.com\/pt\/wp-json\/wp\/v2\/pages\/7751\/revisions"}],"predecessor-version":[{"id":12158,"href":"https:\/\/elfsight.com\/pt\/wp-json\/wp\/v2\/pages\/7751\/revisions\/12158"}],"up":[{"embeddable":true,"href":"https:\/\/elfsight.com\/pt\/wp-json\/wp\/v2\/pages\/1472"}],"wp:attachment":[{"href":"https:\/\/elfsight.com\/pt\/wp-json\/wp\/v2\/media?parent=7751"}],"curies":[{"name":"wp","href":"https:\/\/api.w.org\/{rel}","templated":true}]}}