{"id":7744,"date":"1970-01-01T00:00:00","date_gmt":"1970-01-01T00:00:00","guid":{"rendered":"https:\/\/elfsight.com\/pt\/?page_id=7744"},"modified":"2025-03-07T05:46:09","modified_gmt":"2025-03-07T05:46:09","slug":"wix","status":"publish","type":"page","link":"https:\/\/elfsight.com\/pt\/restaurant-menu-widget\/wix\/","title":{"rendered":"Restaurant Menu &#8211; Wix"},"content":{"rendered":"\n<div class=\"application-platform-content-item-description application-platform-content-item\" id=\"description\" data-nav-section=\"description\"> <h2>Descri\u00e7\u00e3o<\/h2><p>O Menu do Restaurante \u00e9 uma maneira f\u00e1cil de demonstrar suas comidas e bebidas saborosas para o seu p\u00fablico, transmitir uma excelente conceito e capte sua aten\u00e7\u00e3o com fotos magn\u00e9ticas de produtos. O plugin \u00e9 altamente \u00fatil. Voc\u00ea pode apresentar uma quantidade ilimitada de p\u00e1ginas de menu com in\u00fameras se\u00e7\u00f5es e itens. Escolha um esquema claro, escuro ou adapte os elementos que precisar, recolorindo todos os elementos. Al\u00e9m disso, seu card\u00e1pio pode ser sempre relevante: voc\u00ea pode atualizar pre\u00e7os ou lista de itens, adicionar novos pratos ou at\u00e9 card\u00e1pios em alguns segundos! Chega de menus prontos para imprimir que voc\u00ea precisa criar do zero. Basta come\u00e7ar a criar seu menu estiloso agora mesmo. <\/p> <p><b>Obtenha o melhor do card\u00e1pio do restaurante para atingir seus picos de popularidade com menos esfor\u00e7o! Com a ajuda do menu da sua p\u00e1gina web o seu estabelecimento pode convidar mais visitantes do que nunca. Comece a usar o Restaurant Menu da Elfsight!<\/b><\/p> <\/div> <div class=\"application-platform-content-item-features application-platform-content-item\" id=\"features\" data-nav-section=\"features\"> <h2>Oferecemos recursos \u00fateis e descomplicados, veja alguns deles: <\/h2> <ul><li>Editor f\u00e1cil de usar, mesmo para usu\u00e1rios n\u00e3o t\u00e9cnicos<\/li><li>Quantidade infinita de menus, se\u00e7\u00f5es ou itens, facilmente organizados por layouts elegantes<\/li><li>Informa\u00e7\u00f5es sempre atualizadas. Corrija o menu e todas as suas configura\u00e7\u00f5es sempre que desejar <\/li><li> Exiba descri\u00e7\u00e3o detalhada dos itens: at\u00e9 mesmo \u00edcones, elementos nutricionais e emblemas<\/li><li>Defina fotos impressionantes para os itens e at\u00e9 mesmo apresente-os em um pop-up visualizar <\/li><li> Personalize as cores de todos os elementos: texto, esquema de cores e \u00edcones <\/li><\/ul><p><a href=\"#demo\">Explore todas as op\u00e7\u00f5es de personaliza\u00e7\u00e3o em uma demonstra\u00e7\u00e3o 100% funcional <\/a><\/p> <\/div> <div class=\"application-platform-content-item-installation application-platform-content-item\" id=\"installation\" data-nav-section=\"installation\"> <h2>Como adiciono o menu do restaurante em minha p\u00e1gina Wix? <\/h2><div class=\"video-container\"><iframe width=\"720\" height=\"405\" src=\"https:\/\/www.youtube.com\/embed\/ZR6hmujo2dg\" frameborder=\"0\" allowfullscreen=\"\"><\/iframe><\/div><p>Basta seguir as diretrizes abaixo para adicionar a ferramenta: <\/p> <ol><li><b>Inicie nosso editor gratuito e comece a moldar seu aplicativo personalizado. <\/b><br> Especifique o design e os par\u00e2metros preferidos do aplicativo e salve as corre\u00e7\u00f5es. <\/li> <li><b>Copie o seu c\u00f3digo exclusivo que aparece na janela dos aplicativos Elfsight. <\/b><br> Assim que a cria\u00e7\u00e3o do seu aplicativo pessoal for conclu\u00edda, copie o c\u00f3digo exclusivo na caixa exibida e salve-o para uso posterior. <\/li> <li><b>Comece a usar o widget na p\u00e1gina Wix. <\/b><br> Integre o c\u00f3digo salvo anteriormente em sua p\u00e1gina inicial e salve as modifica\u00e7\u00f5es. <\/li> <li><b>A configura\u00e7\u00e3o foi executada com sucesso. <\/b><br> Acesse sua p\u00e1gina da web para inspecionar o funcionamento do aplicativo. <\/li><\/ol> <p>Caso voc\u00ea tenha alguma dificuldade, n\u00e3o hesite em entrar em contato com nossa equipe de suporte. Nossos especialistas ter\u00e3o prazer em resolver todos os problemas que voc\u00ea possa ter com a ferramenta. <\/p> <div class=\"faq\" data-component=\"FAQ\"><div class=\"faq-item\">\r\n\t\t\t\t\t<div class=\"faq-item-question\">\r\n\t\t\t\t\t\t<h3 class=\"faq-item-question-text\">Como posso adicionar Menu de Restaurante \u00e0 minha p\u00e1gina Wix sem conhecimentos de codifica\u00e7\u00e3o?<\/h3>\r\n\r\n\t\t\t\t\t\t<div class=\"faq-item-question-icon\"><\/div>\r\n\t\t\t\t\t<\/div>\r\n\r\n\t\t\t\t\t<div class=\"faq-item-answer\">\r\n\t\t\t\t\t\t<div class=\"faq-item-answer-text\"> <p>A Elfsight oferece uma solu\u00e7\u00e3o SaaS que permite a um p\u00fablico vasto gerar voc\u00ea mesmo uma sec\u00e7\u00e3o de Menu de Restaurante, descubra as instru\u00e7\u00f5es simples: Comece a trabalhar no Editor ao vivo para gerar um aplicativo de menu de restaurante que voc\u00ea gostaria de adicionar \u00e0 sua p\u00e1gina Wix. Escolha um dos modelos pr\u00e9-fabricados e modifique as configura\u00e7\u00f5es do Menu do Restaurante, mude o layout e as cores e atualize seu conte\u00fado, sem conhecimento de codifica\u00e7\u00e3o. Clique para salvar as configura\u00e7\u00f5es feitas no Menu do Restaurante e obter o c\u00f3digo de instala\u00e7\u00e3o que pode ser incorporado ao seu site Wix sem a necessidade de comprar uma vers\u00e3o paga. Com o Configurador intuitivo todo internauta pode gerar o widget Menu do Restaurante online e simplesmente inclu\u00ed-lo em qualquer site Wix. N\u00e3o h\u00e1 necessidade de obter um plano pago ou inserir as credenciais do seu cart\u00e3o para acessar nosso servi\u00e7o. Se voc\u00ea enfrentar qualquer problema em qualquer etapa, sinta-se \u00e0 vontade para falar com nossa equipe de suporte t\u00e9cnico.<\/p> <\/div>\r\n\t\t\t\t\t<\/div>\r\n\t\t\t\t<\/div> <\/div><\/div>\n","protected":false},"excerpt":{"rendered":"","protected":false},"author":9,"featured_media":0,"parent":1472,"menu_order":0,"comment_status":"closed","ping_status":"closed","template":"templates\/template-application-platform.php","meta":{"publish_to_discourse":"","publish_post_category":"","wpdc_auto_publish_overridden":"","wpdc_topic_tags":"","wpdc_pin_topic":"","wpdc_pin_until":"","discourse_post_id":"","discourse_permalink":"","wpdc_publishing_response":"","wpdc_publishing_error":"","footnotes":""},"class_list":["post-7744","page","type-page","status-publish","hentry"],"yoast_head":"<!-- This site is optimized with the Yoast SEO plugin v25.3.1 - https:\/\/yoast.com\/wordpress\/plugins\/seo\/ -->\n<title>Menu de restaurante para sites Wix \u2013 simples e gratuito<\/title>\n<meta name=\"description\" content=\"Incorpore um aplicativo Restaurant Menu f\u00e1cil de usar ao seu site Wix. Experimente a demonstra\u00e7\u00e3o pr\u00e1tica da Elfsight e crie seu aplicativo incr\u00edvel em apenas alguns minutos\" \/>\n<meta name=\"robots\" content=\"index, follow, max-snippet:-1, max-image-preview:large, max-video-preview:-1\" \/>\n<link rel=\"canonical\" href=\"https:\/\/elfsight.com\/pt\/restaurant-menu-widget\/wix\/\" \/>\n<meta property=\"og:locale\" content=\"pt_PT\" \/>\n<meta property=\"og:type\" content=\"article\" \/>\n<meta property=\"og:title\" content=\"Menu de restaurante para sites Wix \u2013 simples e gratuito\" \/>\n<meta property=\"og:description\" content=\"Incorpore um aplicativo Restaurant Menu f\u00e1cil de usar ao seu site Wix. Experimente a demonstra\u00e7\u00e3o pr\u00e1tica da Elfsight e crie seu aplicativo incr\u00edvel em apenas alguns minutos\" \/>\n<meta property=\"og:url\" content=\"https:\/\/elfsight.com\/pt\/restaurant-menu-widget\/wix\/\" \/>\n<meta property=\"og:site_name\" content=\"Elfsight PT\" \/>\n<meta property=\"article:modified_time\" content=\"2025-03-07T05:46:09+00:00\" \/>\n<meta name=\"twitter:card\" content=\"summary_large_image\" \/>\n<meta name=\"twitter:label1\" content=\"Tempo estimado de leitura\" \/>\n\t<meta name=\"twitter:data1\" content=\"4 minutos\" \/>\n<!-- \/ Yoast SEO plugin. -->","yoast_head_json":{"title":"Menu de restaurante para sites Wix \u2013 simples e gratuito","description":"Incorpore um aplicativo Restaurant Menu f\u00e1cil de usar ao seu site Wix. Experimente a demonstra\u00e7\u00e3o pr\u00e1tica da Elfsight e crie seu aplicativo incr\u00edvel em apenas alguns minutos","robots":{"index":"index","follow":"follow","max-snippet":"max-snippet:-1","max-image-preview":"max-image-preview:large","max-video-preview":"max-video-preview:-1"},"canonical":"https:\/\/elfsight.com\/pt\/restaurant-menu-widget\/wix\/","og_locale":"pt_PT","og_type":"article","og_title":"Menu de restaurante para sites Wix \u2013 simples e gratuito","og_description":"Incorpore um aplicativo Restaurant Menu f\u00e1cil de usar ao seu site Wix. Experimente a demonstra\u00e7\u00e3o pr\u00e1tica da Elfsight e crie seu aplicativo incr\u00edvel em apenas alguns minutos","og_url":"https:\/\/elfsight.com\/pt\/restaurant-menu-widget\/wix\/","og_site_name":"Elfsight PT","article_modified_time":"2025-03-07T05:46:09+00:00","twitter_card":"summary_large_image","twitter_misc":{"Tempo estimado de leitura":"4 minutos"},"schema":{"@context":"https:\/\/schema.org","@graph":[{"@type":"WebPage","@id":"https:\/\/elfsight.com\/pt\/restaurant-menu-widget\/wix\/","url":"https:\/\/elfsight.com\/pt\/restaurant-menu-widget\/wix\/","name":"Menu de restaurante para sites Wix \u2013 simples e gratuito","isPartOf":{"@id":"https:\/\/elfsight.com\/pt\/#website"},"datePublished":"1970-01-01T00:00:00+00:00","dateModified":"2025-03-07T05:46:09+00:00","description":"Incorpore um aplicativo Restaurant Menu f\u00e1cil de usar ao seu site Wix. Experimente a demonstra\u00e7\u00e3o pr\u00e1tica da Elfsight e crie seu aplicativo incr\u00edvel em apenas alguns minutos","breadcrumb":{"@id":"https:\/\/elfsight.com\/pt\/restaurant-menu-widget\/wix\/#breadcrumb"},"inLanguage":"pt-PT","potentialAction":[{"@type":"ReadAction","target":["https:\/\/elfsight.com\/pt\/restaurant-menu-widget\/wix\/"]}]},{"@type":"BreadcrumbList","@id":"https:\/\/elfsight.com\/pt\/restaurant-menu-widget\/wix\/#breadcrumb","itemListElement":[{"@type":"ListItem","position":1,"name":"Home","item":"https:\/\/elfsight.com\/pt\/"},{"@type":"ListItem","position":2,"name":"Restaurant Menu","item":"https:\/\/elfsight.com\/pt\/restaurant-menu-widget\/"},{"@type":"ListItem","position":3,"name":"Restaurant Menu &#8211; Wix"}]},{"@type":"WebSite","@id":"https:\/\/elfsight.com\/pt\/#website","url":"https:\/\/elfsight.com\/pt\/","name":"Elfsight PT","description":"Just another Elfsight Sites site","potentialAction":[{"@type":"SearchAction","target":{"@type":"EntryPoint","urlTemplate":"https:\/\/elfsight.com\/pt\/?s={search_term_string}"},"query-input":{"@type":"PropertyValueSpecification","valueRequired":true,"valueName":"search_term_string"}}],"inLanguage":"pt-PT"}]}},"meta_box":{"industry":"","seo_heading":"","heading":"","description":"","cta_heading":"","cta_description":"","application":"1471","h1":"Aplicativo Wix Menu de Restaurante","h1_caption":"Uma grande oferta de seus pratos e bebidas direto no seu site","application_category":[],"applications_title":"","applications_request_title":"","applications_request_button_text":"","hero_text":"","hero_video":"","hero_video_schema_markup":"","selling_points_title":"","selling_points_caption":"","selling_points":[],"selling_points_cta_text":"","features_title":"","features":"","ed_cta_examples_text":"","ed_cta_examples_hidden":"","ed_cta_demo_text":"","ed_cta_demo_hidden":"","why_caption":"","why_editor_title":"","why_editor_text":"","why_team_title":"","why_team_text":"","why_service_title":"","why_service_text":"","template_catalog_visible":"0","template_catalog_title":"","template_catalog_text":"","template_catalog_categories_visible":"","demo_title":"Crie seu aplicativo Menu de Restaurante","demo_caption":"Configure o card\u00e1pio do seu restaurante e adicione-o ao seu site Wix gratuitamente!","default_faq_hidden":"","app_template_category":[],"platform":"37","template_public_id":"","codecanyon_url":"","codecanyon_item_id":"","codecanyon_price":"","pricing_caption":"","pricing_elfsight_apps_hide_column":"","pricing_elfsight_apps_url":"","pricing_codecanyon_price_caption":"","integration_category":[],"integration_request_title":"","integration_request_cta":"","integration_platform":"","integrations":[],"platform_category":[],"video_schema_markup":"","price":"a partir de US$ 0\/m\u00eas","trial":"","benefits":[{"text":"Ajuda de instala\u00e7\u00e3o gratuita"},{"text":"Atendimento ao cliente eficaz"},{"text":"Garantia de reembolso de 14 dias"},{"text":"Melhorias gratuitas vital\u00edcias"}],"button_url":"#demo","button_target_blank":"0","button_nofollow":"0","attributes":[{"name":"Instala\u00e7\u00f5es","content":"10,000 - 100,000"},{"name":"Responsivo","content":"Sim"},{"name":"Navegadores compat\u00edveis","content":"Chrome, Opera, Edge, Firefox, Safari"}],"tags":[],"tags_disable_links":"0","hide_more_platforms":"0","video_object":"","demo_hide_cta":"0","demo_hide_cloud_options":"0","pricing_title":"","pricing":[{"pricing_icon":"platform","pricing_title":"Elfsight Apps","pricing_title_caption":"Solu\u00e7\u00e3o independente de plataforma que se adapta a qualquer site","pricing_price":"a partir de US$ 0\/m\u00eas","pricing_price_caption":"comece com plano gratuito","pricing_benefits":[{"text":"N\u00famero ilimitado de sites"},{"text":"Suporte r\u00e1pido e pontual"},{"text":"Suporte r\u00e1pido e pontual"},{"text":"Pre\u00e7o especial para v\u00e1rios aplicativos"}],"pricing_button_text":"Adicionar ao site","pricing_button_url":"#demo"}],"related_apps_title":"","related_apps_hidden":"0","author":"","image":[],"title":"","job":"","social_networks":[]},"_links":{"self":[{"href":"https:\/\/elfsight.com\/pt\/wp-json\/wp\/v2\/pages\/7744","targetHints":{"allow":["GET"]}}],"collection":[{"href":"https:\/\/elfsight.com\/pt\/wp-json\/wp\/v2\/pages"}],"about":[{"href":"https:\/\/elfsight.com\/pt\/wp-json\/wp\/v2\/types\/page"}],"author":[{"embeddable":true,"href":"https:\/\/elfsight.com\/pt\/wp-json\/wp\/v2\/users\/9"}],"replies":[{"embeddable":true,"href":"https:\/\/elfsight.com\/pt\/wp-json\/wp\/v2\/comments?post=7744"}],"version-history":[{"count":3,"href":"https:\/\/elfsight.com\/pt\/wp-json\/wp\/v2\/pages\/7744\/revisions"}],"predecessor-version":[{"id":14537,"href":"https:\/\/elfsight.com\/pt\/wp-json\/wp\/v2\/pages\/7744\/revisions\/14537"}],"up":[{"embeddable":true,"href":"https:\/\/elfsight.com\/pt\/wp-json\/wp\/v2\/pages\/1472"}],"wp:attachment":[{"href":"https:\/\/elfsight.com\/pt\/wp-json\/wp\/v2\/media?parent=7744"}],"curies":[{"name":"wp","href":"https:\/\/api.w.org\/{rel}","templated":true}]}}