{"id":7738,"date":"1970-01-01T00:00:00","date_gmt":"1970-01-01T00:00:00","guid":{"rendered":"https:\/\/elfsight.com\/pt\/?page_id=7738"},"modified":"2025-03-07T05:47:19","modified_gmt":"2025-03-07T05:47:19","slug":"woocommerce","status":"publish","type":"page","link":"https:\/\/elfsight.com\/pt\/restaurant-menu-widget\/woocommerce\/","title":{"rendered":"Restaurant Menu &#8211; WooCommerce"},"content":{"rendered":"\n<div class=\"application-platform-content-item-description application-platform-content-item\" id=\"description\" data-nav-section=\"description\"> <h2>Descri\u00e7\u00e3o<\/h2><p>O Elfsight Restaurant Menu \u00e9 um widget conveniente para mostrar a sua diversidade de itens diretamente no seu site. \u00c9 uma forma simples de informar os seus convidados sobre a sua cozinha, apontar um conceito original e atra\u00ed-los com imagens de comida apelativas. Voc\u00ea pode criar qualquer n\u00famero de menus com uma grande quantidade de itens ou apenas fazer uma lista concisa dos pratos especiais que voc\u00ea serve. Escolha um esquema claro, escuro ou ajuste tudo o que desejar, repintando todas as cores de destaque. O plugin tamb\u00e9m permite manter suas informa\u00e7\u00f5es atualizadas: corrigir pre\u00e7os ou lista de itens, adicionar novas refei\u00e7\u00f5es ou at\u00e9 mesmo menus em alguns segundos! Chega de arquivos PDF que voc\u00ea precisa configurar logo no in\u00edcio. Comece a criar seu menu apetitoso agora mesmo. <\/p> <p><b>Adicione o menu do restaurante para enfrentar os desafios do seu neg\u00f3cio com mais efici\u00eancia. Com a ajuda do menu do seu site voc\u00ea pode facilmente aumentar o n\u00famero de visitantes! <\/b><\/p><\/div> <div class=\"application-platform-content-item-features application-platform-content-item\" id=\"features\" data-nav-section=\"features\"> <h2>Alguns dos melhores recursos do nosso plugin: <\/h2> <ul><li>Ferramenta f\u00e1cil de gerenciar, mesmo para usu\u00e1rios n\u00e3o profissionais<\/li><li>Quantidade infinita de menus, se\u00e7\u00f5es ou itens simplesmente organizados por diferentes layouts<\/li><li>Mantenha as informa\u00e7\u00f5es atualizadas e altere-as sempre que precisar<\/li><li> Escreva uma descri\u00e7\u00e3o detalhada dos itens, por exemplo, \u00edcones, elementos nutricionais e emblemas <\/li><li>Anexe imagens impressionantes aos itens e at\u00e9 mesmo exiba-os em visualiza\u00e7\u00e3o pop-up <\/li><li>Adapte e recolora qualquer elemento: texto , esquema de cores e \u00edcones<\/li><\/ul><p><a href=\"#demo\">Voc\u00ea pode descobrir a funcionalidade completa do widget na demonstra\u00e7\u00e3o nesta p\u00e1gina<\/a><\/p> <\/div> <div class=\"application-platform-content-item-installation application-platform-content-item\" id=\"installation\" data-nav-section=\"installation\"> <h2>Como fa\u00e7o para incorporar o menu do restaurante ao meu site WooCommerce? <\/h2> <p>Basta seguir as instru\u00e7\u00f5es abaixo para inserir o plugin: <\/p> <ol><li><b>Inicie nosso editor gratuito e comece a criar seu instrumento exclusivo. <\/b><br> Escolha a apar\u00eancia e os par\u00e2metros desejados da ferramenta e salve as edi\u00e7\u00f5es. <\/li> <li><b>Obtenha o c\u00f3digo individual que \u00e9 mostrado na caixa dos aplicativos Elfsight. <\/b><br> Assim que a cria\u00e7\u00e3o da sua ferramenta for conclu\u00edda, copie o c\u00f3digo individual da caixa que aparece e salve-o para uso posterior. <\/li> <li><b>Inicie a utiliza\u00e7\u00e3o do plugin em sua p\u00e1gina da web WooCommerce. <\/b><br> Insira o c\u00f3digo que voc\u00ea copiou antes em sua p\u00e1gina e aplique os ajustes. <\/li> <li><b>A instala\u00e7\u00e3o foi finalizada com sucesso. <\/b><br> Visite seu site para observar o desempenho do plugin. <\/li><\/ol> <p>Caso tenha d\u00favidas ou tenha algum problema, n\u00e3o hesite em entrar em contato com nossa equipe de suporte. A equipa da Elfsight deseja ajud\u00e1-lo com todas as dificuldades que possa ter com o plugin. <\/p> <div class=\"faq\" data-component=\"FAQ\"><div class=\"faq-item\">\r\n\t\t\t\t\t<div class=\"faq-item-question\">\r\n\t\t\t\t\t\t<h3 class=\"faq-item-question-text\">Como incorporar o Menu do Restaurante no meu site WooCommerce sem nenhum conhecimento de codifica\u00e7\u00e3o?<\/h3>\r\n\r\n\t\t\t\t\t\t<div class=\"faq-item-question-icon\"><\/div>\r\n\t\t\t\t\t<\/div>\r\n\r\n\t\t\t\t\t<div class=\"faq-item-answer\">\r\n\t\t\t\t\t\t<div class=\"faq-item-answer-text\"> <p>A Elfsight fornece uma solu\u00e7\u00e3o na nuvem que permite aos propriet\u00e1rios de sites gerarem voc\u00ea mesmo um aplicativo do Menu do Restaurante, descobrir a simplicidade instru\u00e7\u00f5es: V\u00e1 para o Editor ao vivo para estabelecer uma se\u00e7\u00e3o de menu de restaurante que voc\u00ea gostaria que aparecesse em sua p\u00e1gina WooCommerce. Escolha um dos modelos prontos e altere as configura\u00e7\u00f5es do Menu do Restaurante, inclua seu conte\u00fado, mude o layout e a cor dos elementos sem nenhum conhecimento de codifica\u00e7\u00e3o. Salve o Menu do Restaurante e obtenha o c\u00f3digo do plugin para incorpora\u00e7\u00e3o, que pode ser facilmente colado no site WooCommerce dentro de um plano gratuito. Com a ajuda de nosso editor amig\u00e1vel, qualquer usu\u00e1rio da Internet pode criar um widget de menu de restaurante online e inclu\u00ed-lo facilmente no site WooCommerce. N\u00e3o h\u00e1 necessidade de contratar um plano pago ou enviar os dados do seu cart\u00e3o para acessar nosso Editor. Se voc\u00ea tiver algum problema em qualquer etapa, n\u00e3o hesite em entrar em contato com nosso suporte t\u00e9cnico ao cliente.<\/p> <\/div>\r\n\t\t\t\t\t<\/div>\r\n\t\t\t\t<\/div> <\/div><\/div>\n","protected":false},"excerpt":{"rendered":"","protected":false},"author":9,"featured_media":0,"parent":1472,"menu_order":0,"comment_status":"closed","ping_status":"closed","template":"templates\/template-application-platform.php","meta":{"publish_to_discourse":"","publish_post_category":"","wpdc_auto_publish_overridden":"","wpdc_topic_tags":"","wpdc_pin_topic":"","wpdc_pin_until":"","discourse_post_id":"","discourse_permalink":"","wpdc_publishing_response":"","wpdc_publishing_error":"","footnotes":""},"class_list":["post-7738","page","type-page","status-publish","hentry"],"yoast_head":"<!-- This site is optimized with the Yoast SEO plugin v25.3.1 - https:\/\/yoast.com\/wordpress\/plugins\/seo\/ -->\n<title>Menu de restaurante para p\u00e1ginas WooCommerce - f\u00e1cil e gratuito<\/title>\n<meta name=\"description\" content=\"Insira um plugin de menu de restaurante responsivo em seu site WooCommerce. Use a demonstra\u00e7\u00e3o pr\u00e1tica da Elfsight e gere seu menu fascinante com apenas alguns cliques\" \/>\n<meta name=\"robots\" content=\"index, follow, max-snippet:-1, max-image-preview:large, max-video-preview:-1\" \/>\n<link rel=\"canonical\" href=\"https:\/\/elfsight.com\/pt\/restaurant-menu-widget\/woocommerce\/\" \/>\n<meta property=\"og:locale\" content=\"pt_PT\" \/>\n<meta property=\"og:type\" content=\"article\" \/>\n<meta property=\"og:title\" content=\"Menu de restaurante para p\u00e1ginas WooCommerce - f\u00e1cil e gratuito\" \/>\n<meta property=\"og:description\" content=\"Insira um plugin de menu de restaurante responsivo em seu site WooCommerce. Use a demonstra\u00e7\u00e3o pr\u00e1tica da Elfsight e gere seu menu fascinante com apenas alguns cliques\" \/>\n<meta property=\"og:url\" content=\"https:\/\/elfsight.com\/pt\/restaurant-menu-widget\/woocommerce\/\" \/>\n<meta property=\"og:site_name\" content=\"Elfsight PT\" \/>\n<meta property=\"article:modified_time\" content=\"2025-03-07T05:47:19+00:00\" \/>\n<meta name=\"twitter:card\" content=\"summary_large_image\" \/>\n<meta name=\"twitter:label1\" content=\"Tempo estimado de leitura\" \/>\n\t<meta name=\"twitter:data1\" content=\"4 minutos\" \/>\n<!-- \/ Yoast SEO plugin. -->","yoast_head_json":{"title":"Menu de restaurante para p\u00e1ginas WooCommerce - f\u00e1cil e gratuito","description":"Insira um plugin de menu de restaurante responsivo em seu site WooCommerce. Use a demonstra\u00e7\u00e3o pr\u00e1tica da Elfsight e gere seu menu fascinante com apenas alguns cliques","robots":{"index":"index","follow":"follow","max-snippet":"max-snippet:-1","max-image-preview":"max-image-preview:large","max-video-preview":"max-video-preview:-1"},"canonical":"https:\/\/elfsight.com\/pt\/restaurant-menu-widget\/woocommerce\/","og_locale":"pt_PT","og_type":"article","og_title":"Menu de restaurante para p\u00e1ginas WooCommerce - f\u00e1cil e gratuito","og_description":"Insira um plugin de menu de restaurante responsivo em seu site WooCommerce. Use a demonstra\u00e7\u00e3o pr\u00e1tica da Elfsight e gere seu menu fascinante com apenas alguns cliques","og_url":"https:\/\/elfsight.com\/pt\/restaurant-menu-widget\/woocommerce\/","og_site_name":"Elfsight PT","article_modified_time":"2025-03-07T05:47:19+00:00","twitter_card":"summary_large_image","twitter_misc":{"Tempo estimado de leitura":"4 minutos"},"schema":{"@context":"https:\/\/schema.org","@graph":[{"@type":"WebPage","@id":"https:\/\/elfsight.com\/pt\/restaurant-menu-widget\/woocommerce\/","url":"https:\/\/elfsight.com\/pt\/restaurant-menu-widget\/woocommerce\/","name":"Menu de restaurante para p\u00e1ginas WooCommerce - f\u00e1cil e gratuito","isPartOf":{"@id":"https:\/\/elfsight.com\/pt\/#website"},"datePublished":"1970-01-01T00:00:00+00:00","dateModified":"2025-03-07T05:47:19+00:00","description":"Insira um plugin de menu de restaurante responsivo em seu site WooCommerce. Use a demonstra\u00e7\u00e3o pr\u00e1tica da Elfsight e gere seu menu fascinante com apenas alguns cliques","breadcrumb":{"@id":"https:\/\/elfsight.com\/pt\/restaurant-menu-widget\/woocommerce\/#breadcrumb"},"inLanguage":"pt-PT","potentialAction":[{"@type":"ReadAction","target":["https:\/\/elfsight.com\/pt\/restaurant-menu-widget\/woocommerce\/"]}]},{"@type":"BreadcrumbList","@id":"https:\/\/elfsight.com\/pt\/restaurant-menu-widget\/woocommerce\/#breadcrumb","itemListElement":[{"@type":"ListItem","position":1,"name":"Home","item":"https:\/\/elfsight.com\/pt\/"},{"@type":"ListItem","position":2,"name":"Restaurant Menu","item":"https:\/\/elfsight.com\/pt\/restaurant-menu-widget\/"},{"@type":"ListItem","position":3,"name":"Restaurant Menu &#8211; WooCommerce"}]},{"@type":"WebSite","@id":"https:\/\/elfsight.com\/pt\/#website","url":"https:\/\/elfsight.com\/pt\/","name":"Elfsight PT","description":"Just another Elfsight Sites site","potentialAction":[{"@type":"SearchAction","target":{"@type":"EntryPoint","urlTemplate":"https:\/\/elfsight.com\/pt\/?s={search_term_string}"},"query-input":{"@type":"PropertyValueSpecification","valueRequired":true,"valueName":"search_term_string"}}],"inLanguage":"pt-PT"}]}},"meta_box":{"industry":"","seo_heading":"","heading":"","description":"","cta_heading":"","cta_description":"","application":"1471","h1":"Plug-in de menu de restaurante WooCommerce","h1_caption":"Nova maneira surpreendente de executar uma ampla variedade de sua culin\u00e1ria diretamente no site","application_category":[],"applications_title":"","applications_request_title":"","applications_request_button_text":"","hero_text":"","hero_video":"","hero_video_schema_markup":"","selling_points_title":"","selling_points_caption":"","selling_points":[],"selling_points_cta_text":"","features_title":"","features":"","ed_cta_examples_text":"","ed_cta_examples_hidden":"","ed_cta_demo_text":"","ed_cta_demo_hidden":"","why_caption":"","why_editor_title":"","why_editor_text":"","why_team_title":"","why_team_text":"","why_service_title":"","why_service_text":"","template_catalog_visible":"0","template_catalog_title":"","template_catalog_text":"","template_catalog_categories_visible":"","demo_title":"Crie seu aplicativo Menu de Restaurante","demo_caption":"Configure o menu do seu restaurante e adicione-o ao seu site WooCommerce gratuitamente!","default_faq_hidden":"","app_template_category":[],"platform":"4920","template_public_id":"","codecanyon_url":"","codecanyon_item_id":"","codecanyon_price":"","pricing_caption":"","pricing_elfsight_apps_hide_column":"","pricing_elfsight_apps_url":"","pricing_codecanyon_price_caption":"","integration_category":[],"integration_request_title":"","integration_request_cta":"","integration_platform":"","integrations":[],"platform_category":[],"video_schema_markup":"","price":"a partir de US$ 0\/m\u00eas","trial":"","benefits":[{"text":"Servi\u00e7o de instala\u00e7\u00e3o gratuito"},{"text":"Atendimento ao cliente competente"},{"text":"Garantia de devolu\u00e7\u00e3o do dinheiro em 14 dias"},{"text":"Melhorias gratuitas cont\u00ednuas"}],"button_url":"#demo","button_target_blank":"0","button_nofollow":"0","attributes":[{"name":"Instala\u00e7\u00f5es","content":"10,000 - 100,000"},{"name":"Responsivo","content":"Sim"},{"name":"Navegadores compat\u00edveis","content":"Firefox, Safari, Opera, Chrome, Edge"}],"tags":[],"tags_disable_links":"0","hide_more_platforms":"0","video_object":"","demo_hide_cta":"0","demo_hide_cloud_options":"0","pricing_title":"","pricing":[{"pricing_icon":"platform","pricing_title":"Elfsight Apps","pricing_title_caption":"Vers\u00e3o multiplataforma que funciona em qualquer site","pricing_price":"a partir de US$ 0\/m\u00eas","pricing_price_caption":"comece com um plano gratuito","pricing_benefits":[{"text":"Dom\u00ednios ilimitados"},{"text":"Suporte premium e pontual"},{"text":"Suporte premium e pontual"},{"text":"Design flex\u00edvel"}],"pricing_button_text":"Adicionar ao site","pricing_button_url":"#demo"}],"related_apps_title":"","related_apps_hidden":"0","author":"","image":[],"title":"","job":"","social_networks":[]},"_links":{"self":[{"href":"https:\/\/elfsight.com\/pt\/wp-json\/wp\/v2\/pages\/7738","targetHints":{"allow":["GET"]}}],"collection":[{"href":"https:\/\/elfsight.com\/pt\/wp-json\/wp\/v2\/pages"}],"about":[{"href":"https:\/\/elfsight.com\/pt\/wp-json\/wp\/v2\/types\/page"}],"author":[{"embeddable":true,"href":"https:\/\/elfsight.com\/pt\/wp-json\/wp\/v2\/users\/9"}],"replies":[{"embeddable":true,"href":"https:\/\/elfsight.com\/pt\/wp-json\/wp\/v2\/comments?post=7738"}],"version-history":[{"count":2,"href":"https:\/\/elfsight.com\/pt\/wp-json\/wp\/v2\/pages\/7738\/revisions"}],"predecessor-version":[{"id":14538,"href":"https:\/\/elfsight.com\/pt\/wp-json\/wp\/v2\/pages\/7738\/revisions\/14538"}],"up":[{"embeddable":true,"href":"https:\/\/elfsight.com\/pt\/wp-json\/wp\/v2\/pages\/1472"}],"wp:attachment":[{"href":"https:\/\/elfsight.com\/pt\/wp-json\/wp\/v2\/media?parent=7738"}],"curies":[{"name":"wp","href":"https:\/\/api.w.org\/{rel}","templated":true}]}}